{"id":5056,"date":"2024-11-20T16:41:12","date_gmt":"2024-11-20T16:41:12","guid":{"rendered":"https:\/\/casinoreturn.com\/royal-flush-i-poker\/"},"modified":"2024-12-04T13:59:41","modified_gmt":"2024-12-04T13:59:41","slug":"royal-flush-i-poker","status":"publish","type":"page","link":"https:\/\/casinoreturn.com\/no\/royal-flush-i-poker\/","title":{"rendered":"Royal Flush i poker"},"content":{"rendered":"\t\t<div data-elementor-type=\"wp-page\" data-elementor-id=\"5056\" class=\"elementor elementor-5056\" data-elementor-post-type=\"page\">\n\t\t\t\t<div class=\"elementor-element elementor-element-544c1d6 e-con-full e-flex e-con e-parent\" data-id=\"544c1d6\" data-element_type=\"container\">\n\t\t\t\t<div class=\"elementor-element elementor-element-7598f05 elementor-widget elementor-widget-heading\" data-id=\"7598f05\" data-element_type=\"widget\" data-widget_type=\"heading.default\">\n\t\t\t\t<div class=\"elementor-widget-container\">\n\t\t\t\t\t<h2 class=\"elementor-heading-title elementor-size-default\">Royal Flush i poker - \"Den ene h\u00e5nden i poker\"<\/h2>\t\t\t\t<\/div>\n\t\t\t\t<\/div>\n\t\t\t\t<div class=\"elementor-element elementor-element-c8fb580 elementor-widget elementor-widget-image\" data-id=\"c8fb580\" data-element_type=\"widget\" data-widget_type=\"image.default\">\n\t\t\t\t<div class=\"elementor-widget-container\">\n\t\t\t\t\t\t\t\t\t\t\t\t\t\t\t<img fetchpriority=\"high\" decoding=\"async\" width=\"522\" height=\"360\" src=\"https:\/\/casinoreturn.com\/wp-content\/uploads\/2024\/11\/Royal-Flush-in-Poker.jpg\" class=\"attachment-large size-large wp-image-3699\" alt=\"creator-television-and-poker-world-tour-align\" srcset=\"https:\/\/casinoreturn.com\/wp-content\/uploads\/2024\/11\/Royal-Flush-in-Poker.jpg 522w, https:\/\/casinoreturn.com\/wp-content\/uploads\/2024\/11\/Royal-Flush-in-Poker-300x207.jpg 300w\" sizes=\"(max-width: 522px) 100vw, 522px\" \/>\t\t\t\t\t\t\t\t\t\t\t\t\t\t\t<\/div>\n\t\t\t\t<\/div>\n\t\t\t\t<div class=\"elementor-element elementor-element-4a45df4 elementor-widget elementor-widget-heading\" data-id=\"4a45df4\" data-element_type=\"widget\" data-widget_type=\"heading.default\">\n\t\t\t\t<div class=\"elementor-widget-container\">\n\t\t\t\t\t<h2 class=\"elementor-heading-title elementor-size-default\">Hva er en Royal Flush i poker?<\/h2>\t\t\t\t<\/div>\n\t\t\t\t<\/div>\n\t\t\t\t<div class=\"elementor-element elementor-element-91fa191 elementor-button-success elementor-align-center elementor-widget elementor-widget-button\" data-id=\"91fa191\" data-element_type=\"widget\" data-widget_type=\"button.default\">\n\t\t\t\t<div class=\"elementor-widget-container\">\n\t\t\t\t\t\t\t\t\t<div class=\"elementor-button-wrapper\">\n\t\t\t\t\t<a class=\"elementor-button elementor-button-link elementor-size-sm\" href=\"https:\/\/casinoreturn.com\/no\/online-poker-kasinoer\/\">\n\t\t\t\t\t\t<span class=\"elementor-button-content-wrapper\">\n\t\t\t\t\t\t\t\t\t<span class=\"elementor-button-text\">Spill poker her<\/span>\n\t\t\t\t\t<\/span>\n\t\t\t\t\t<\/a>\n\t\t\t\t<\/div>\n\t\t\t\t\t\t\t\t<\/div>\n\t\t\t\t<\/div>\n\t\t\t\t<div class=\"elementor-element elementor-element-ffeecd1 elementor-widget elementor-widget-text-editor\" data-id=\"ffeecd1\" data-element_type=\"widget\" data-widget_type=\"text-editor.default\">\n\t\t\t\t<div class=\"elementor-widget-container\">\n\t\t\t\t\t\t\t\t\t<p>Royal Flush i poker, alle henders mor i poker. Det er en bestemt kombinasjon av kort som kan brukes i poker. Som nevnt ovenfor er det ikke en hvilken som helst kombinasjon; kombinasjonen med h\u00f8yest verdi vinner alltid. En Royal Flush eller Royal Flush best\u00e5r av fem kort p\u00e5 rad, for eksempel 6, 7, 8, 9 og 10. Det spesielle med en Royal Flush er at sekvensen (ogs\u00e5 Straight eller Street) er den h\u00f8yeste rekkef\u00f8lgen: 10, knekt, dame, konge og ess, og som om ikke det var nok, m\u00e5 Royal Flush-kortene v\u00e6re i samme farge, uavhengig av hvilken farge. Royal Flush er faktisk den beste. En flush best\u00e5r alltid av fem kort i samme farge. S\u00e5 hvis alle disse kortene er de h\u00f8yeste kortene i en farge, har du en Royal Flush.       <\/p>\n\t\t\t\t\t\t\t\t<\/div>\n\t\t\t\t<\/div>\n\t\t\t\t<div class=\"elementor-element elementor-element-83611db elementor-widget elementor-widget-heading\" data-id=\"83611db\" data-element_type=\"widget\" data-widget_type=\"heading.default\">\n\t\t\t\t<div class=\"elementor-widget-container\">\n\t\t\t\t\t<h3 class=\"elementor-heading-title elementor-size-default\">Vurdering av Royal Flush-h\u00e5nden<\/h3>\t\t\t\t<\/div>\n\t\t\t\t<\/div>\n\t\t\t\t<div class=\"elementor-element elementor-element-59a7e45 elementor-widget elementor-widget-text-editor\" data-id=\"59a7e45\" data-element_type=\"widget\" data-widget_type=\"text-editor.default\">\n\t\t\t\t<div class=\"elementor-widget-container\">\n\t\t\t\t\t\t\t\t\t<p>Du kan ikke g\u00e5 galt med en Royal Flush-h\u00e5nd. Dette er fordi du allerede har den best mulige kombinasjonen. Men med en Royal Flush er det noen ting du m\u00e5 huske p\u00e5, selv om du allerede har fire kort p\u00e5 rad i samme farge. Det betyr ikke at det tilsvarende femte kortet legges til p\u00e5 slutten. Hvis det riktige kortet ikke kommer til slutt, resulterer det ofte i en stormfull slutth\u00e5nd n\u00e5r du pr\u00f8ver \u00e5 f\u00e5 en Royal Flush i poker. Risikoen er stor.     <\/p>\n\t\t\t\t\t\t\t\t<\/div>\n\t\t\t\t<\/div>\n\t\t\t\t<div class=\"elementor-element elementor-element-fc7dee4 elementor-widget elementor-widget-heading\" data-id=\"fc7dee4\" data-element_type=\"widget\" data-widget_type=\"heading.default\">\n\t\t\t\t<div class=\"elementor-widget-container\">\n\t\t\t\t\t<h3 class=\"elementor-heading-title elementor-size-default\">Den optimale strategien for en Royal Flush<\/h3>\t\t\t\t<\/div>\n\t\t\t\t<\/div>\n\t\t\t\t<div class=\"elementor-element elementor-element-8889405 elementor-widget elementor-widget-text-editor\" data-id=\"8889405\" data-element_type=\"widget\" data-widget_type=\"text-editor.default\">\n\t\t\t\t<div class=\"elementor-widget-container\">\n\t\t\t\t\t\t\t\t\t<p>Hvis du vil ha en Royal Flush, vil det v\u00e6re mest l\u00f8nnsomt \u00e5 spille bare lovende Royal Flush-hender. Brett alle andre kort, men dette er ikke den beste strategien. Det er ofte mer lovende \u00e5 satse p\u00e5 en annen kortkombinasjon, som er mer sannsynlig. Det er ogs\u00e5 viktig \u00e5 holde \u00f8ye med oppf\u00f8rselen til andre spillere. For \u00e5 gj\u00f8re dette m\u00e5 du analysere spilleatferden deres veldig n\u00f8ye. Til syvende og sist trenger du bare en Royal Flush for \u00e5 ha den en gang og for \u00e5 sl\u00e5 andre gode hender. Siden disse ogs\u00e5 er ganske sjeldne, er Royal Flush sjelden n\u00f8dvendig. Det er ogs\u00e5 viktig at hvis det er stor sannsynlighet for at motstanderen din ikke er for usikker p\u00e5 en Royal Flush og han kaller, fordi Royal Flush dessverre ikke er til nytte for deg hvis motstanderne dine bretter for tidlig. Det er \u00e5penbart annerledes n\u00e5r du spiller videopoker. Siden du kan tjene uforholdsmessig mye i videopoker med en Royal Flush, b\u00f8r du alltid spille med en Royal Flush. Siden du ikke har noen fiender her, ikke spill den rollen.          <\/p>\n\t\t\t\t\t\t\t\t<\/div>\n\t\t\t\t<\/div>\n\t\t\t\t<div class=\"elementor-element elementor-element-863e8de elementor-widget elementor-widget-heading\" data-id=\"863e8de\" data-element_type=\"widget\" data-widget_type=\"heading.default\">\n\t\t\t\t<div class=\"elementor-widget-container\">\n\t\t\t\t\t<h3 class=\"elementor-heading-title elementor-size-default\">Pokervarianter i Royal Flush?<\/h3>\t\t\t\t<\/div>\n\t\t\t\t<\/div>\n\t\t\t\t<div class=\"elementor-element elementor-element-80672b1 elementor-widget elementor-widget-text-editor\" data-id=\"80672b1\" data-element_type=\"widget\" data-widget_type=\"text-editor.default\">\n\t\t\t\t<div class=\"elementor-widget-container\">\n\t\t\t\t\t\t\t\t\t<p>Royal Flush finnes i alle pokervarianter som fortsatt spilles mye i dag, for eksempel Texas Hold&#8217;em, Five Card Draw og Seven Card Stud. Som nevnt ovenfor er det nesten like vanskelig \u00e5 finne en pokervariant uten Royal Flush som det er \u00e5 f\u00e5 en. <\/p>\n\t\t\t\t\t\t\t\t<\/div>\n\t\t\t\t<\/div>\n\t\t\t\t<\/div>\n\t\t\t\t<\/div>\n\t\t","protected":false},"excerpt":{"rendered":"<p>Royal Flush i poker &#8211; &laquo;Den ene h\u00e5nden i poker&raquo; Hva er en Royal Flush i poker? Spill poker her Royal Flush i poker, alle henders mor i poker. Det er en bestemt kombinasjon av kort som kan brukes i poker. Som nevnt ovenfor er det ikke en hvilken som helst kombinasjon; kombinasjonen med h\u00f8yest [&hellip;]<\/p>\n","protected":false},"author":1,"featured_media":0,"parent":0,"menu_order":0,"comment_status":"closed","ping_status":"closed","template":"","meta":{"footnotes":""},"class_list":["post-5056","page","type-page","status-publish","hentry"],"blocksy_meta":[],"acf":[],"yoast_head":"<!-- This site is optimized with the Yoast SEO plugin v24.1 - https:\/\/yoast.com\/wordpress\/plugins\/seo\/ -->\n<title>Royal Flush i poker - casinoreturn<\/title>\n<meta name=\"description\" content=\"Royal Flush i poker, den store damen av alle hender. Glem fire like og ess. V\u00e5r lille guide vil gi deg litt info.\" \/>\n<meta name=\"robots\" content=\"index, follow, max-snippet:-1, max-image-preview:large, max-video-preview:-1\" \/>\n<link rel=\"canonical\" href=\"https:\/\/casinoreturn.com\/no\/royal-flush-i-poker\/\" \/>\n<meta property=\"og:locale\" content=\"nb_NO\" \/>\n<meta property=\"og:type\" content=\"article\" \/>\n<meta property=\"og:title\" content=\"Royal Flush i poker - casinoreturn\" \/>\n<meta property=\"og:description\" content=\"Royal Flush i poker, den store damen av alle hender. Glem fire like og ess. V\u00e5r lille guide vil gi deg litt info.\" \/>\n<meta property=\"og:url\" content=\"https:\/\/casinoreturn.com\/no\/royal-flush-i-poker\/\" \/>\n<meta property=\"og:site_name\" content=\"casinoreturn\" \/>\n<meta property=\"article:modified_time\" content=\"2024-12-04T13:59:41+00:00\" \/>\n<meta property=\"og:image\" content=\"https:\/\/casinoreturn.com\/wp-content\/uploads\/2024\/11\/Royal-Flush-in-Poker.jpg\" \/>\n\t<meta property=\"og:image:width\" content=\"522\" \/>\n\t<meta property=\"og:image:height\" content=\"360\" \/>\n\t<meta property=\"og:image:type\" content=\"image\/jpeg\" \/>\n<meta name=\"twitter:card\" content=\"summary_large_image\" \/>\n<meta name=\"twitter:label1\" content=\"Ansl. lesetid\" \/>\n\t<meta name=\"twitter:data1\" content=\"2 minutter\" \/>\n<script type=\"application\/ld+json\" class=\"yoast-schema-graph\">{\"@context\":\"https:\/\/schema.org\",\"@graph\":[{\"@type\":\"WebPage\",\"@id\":\"https:\/\/casinoreturn.com\/no\/royal-flush-i-poker\/\",\"url\":\"https:\/\/casinoreturn.com\/no\/royal-flush-i-poker\/\",\"name\":\"Royal Flush i poker - casinoreturn\",\"isPartOf\":{\"@id\":\"https:\/\/casinoreturn.com\/#website\"},\"primaryImageOfPage\":{\"@id\":\"https:\/\/casinoreturn.com\/no\/royal-flush-i-poker\/#primaryimage\"},\"image\":{\"@id\":\"https:\/\/casinoreturn.com\/no\/royal-flush-i-poker\/#primaryimage\"},\"thumbnailUrl\":\"https:\/\/casinoreturn.com\/wp-content\/uploads\/2024\/11\/Royal-Flush-in-Poker.jpg\",\"datePublished\":\"2024-11-20T16:41:12+00:00\",\"dateModified\":\"2024-12-04T13:59:41+00:00\",\"description\":\"Royal Flush i poker, den store damen av alle hender. Glem fire like og ess. V\u00e5r lille guide vil gi deg litt info.\",\"breadcrumb\":{\"@id\":\"https:\/\/casinoreturn.com\/no\/royal-flush-i-poker\/#breadcrumb\"},\"inLanguage\":\"nb-NO\",\"potentialAction\":[{\"@type\":\"ReadAction\",\"target\":[\"https:\/\/casinoreturn.com\/no\/royal-flush-i-poker\/\"]}]},{\"@type\":\"ImageObject\",\"inLanguage\":\"nb-NO\",\"@id\":\"https:\/\/casinoreturn.com\/no\/royal-flush-i-poker\/#primaryimage\",\"url\":\"https:\/\/casinoreturn.com\/wp-content\/uploads\/2024\/11\/Royal-Flush-in-Poker.jpg\",\"contentUrl\":\"https:\/\/casinoreturn.com\/wp-content\/uploads\/2024\/11\/Royal-Flush-in-Poker.jpg\"},{\"@type\":\"BreadcrumbList\",\"@id\":\"https:\/\/casinoreturn.com\/no\/royal-flush-i-poker\/#breadcrumb\",\"itemListElement\":[{\"@type\":\"ListItem\",\"position\":1,\"name\":\"Home\",\"item\":\"https:\/\/casinoreturn.com\/no\/hjem\/\"},{\"@type\":\"ListItem\",\"position\":2,\"name\":\"Royal Flush i poker\"}]},{\"@type\":\"WebSite\",\"@id\":\"https:\/\/casinoreturn.com\/#website\",\"url\":\"https:\/\/casinoreturn.com\/\",\"name\":\"casinoreturn\",\"description\":\"\",\"publisher\":{\"@id\":\"https:\/\/casinoreturn.com\/#organization\"},\"potentialAction\":[{\"@type\":\"SearchAction\",\"target\":{\"@type\":\"EntryPoint\",\"urlTemplate\":\"https:\/\/casinoreturn.com\/?s={search_term_string}\"},\"query-input\":{\"@type\":\"PropertyValueSpecification\",\"valueRequired\":true,\"valueName\":\"search_term_string\"}}],\"inLanguage\":\"nb-NO\"},{\"@type\":\"Organization\",\"@id\":\"https:\/\/casinoreturn.com\/#organization\",\"name\":\"casinoreturn\",\"url\":\"https:\/\/casinoreturn.com\/\",\"logo\":{\"@type\":\"ImageObject\",\"inLanguage\":\"nb-NO\",\"@id\":\"https:\/\/casinoreturn.com\/#\/schema\/logo\/image\/\",\"url\":\"https:\/\/casinoreturn.com\/wp-content\/uploads\/2024\/09\/animal-favicon.png\",\"contentUrl\":\"https:\/\/casinoreturn.com\/wp-content\/uploads\/2024\/09\/animal-favicon.png\",\"width\":92,\"height\":92,\"caption\":\"casinoreturn\"},\"image\":{\"@id\":\"https:\/\/casinoreturn.com\/#\/schema\/logo\/image\/\"}}]}<\/script>\n<!-- \/ Yoast SEO plugin. -->","yoast_head_json":{"title":"Royal Flush i poker - casinoreturn","description":"Royal Flush i poker, den store damen av alle hender. Glem fire like og ess. V\u00e5r lille guide vil gi deg litt info.","robots":{"index":"index","follow":"follow","max-snippet":"max-snippet:-1","max-image-preview":"max-image-preview:large","max-video-preview":"max-video-preview:-1"},"canonical":"https:\/\/casinoreturn.com\/no\/royal-flush-i-poker\/","og_locale":"nb_NO","og_type":"article","og_title":"Royal Flush i poker - casinoreturn","og_description":"Royal Flush i poker, den store damen av alle hender. Glem fire like og ess. V\u00e5r lille guide vil gi deg litt info.","og_url":"https:\/\/casinoreturn.com\/no\/royal-flush-i-poker\/","og_site_name":"casinoreturn","article_modified_time":"2024-12-04T13:59:41+00:00","og_image":[{"width":522,"height":360,"url":"https:\/\/casinoreturn.com\/wp-content\/uploads\/2024\/11\/Royal-Flush-in-Poker.jpg","type":"image\/jpeg"}],"twitter_card":"summary_large_image","twitter_misc":{"Ansl. lesetid":"2 minutter"},"schema":{"@context":"https:\/\/schema.org","@graph":[{"@type":"WebPage","@id":"https:\/\/casinoreturn.com\/no\/royal-flush-i-poker\/","url":"https:\/\/casinoreturn.com\/no\/royal-flush-i-poker\/","name":"Royal Flush i poker - casinoreturn","isPartOf":{"@id":"https:\/\/casinoreturn.com\/#website"},"primaryImageOfPage":{"@id":"https:\/\/casinoreturn.com\/no\/royal-flush-i-poker\/#primaryimage"},"image":{"@id":"https:\/\/casinoreturn.com\/no\/royal-flush-i-poker\/#primaryimage"},"thumbnailUrl":"https:\/\/casinoreturn.com\/wp-content\/uploads\/2024\/11\/Royal-Flush-in-Poker.jpg","datePublished":"2024-11-20T16:41:12+00:00","dateModified":"2024-12-04T13:59:41+00:00","description":"Royal Flush i poker, den store damen av alle hender. Glem fire like og ess. V\u00e5r lille guide vil gi deg litt info.","breadcrumb":{"@id":"https:\/\/casinoreturn.com\/no\/royal-flush-i-poker\/#breadcrumb"},"inLanguage":"nb-NO","potentialAction":[{"@type":"ReadAction","target":["https:\/\/casinoreturn.com\/no\/royal-flush-i-poker\/"]}]},{"@type":"ImageObject","inLanguage":"nb-NO","@id":"https:\/\/casinoreturn.com\/no\/royal-flush-i-poker\/#primaryimage","url":"https:\/\/casinoreturn.com\/wp-content\/uploads\/2024\/11\/Royal-Flush-in-Poker.jpg","contentUrl":"https:\/\/casinoreturn.com\/wp-content\/uploads\/2024\/11\/Royal-Flush-in-Poker.jpg"},{"@type":"BreadcrumbList","@id":"https:\/\/casinoreturn.com\/no\/royal-flush-i-poker\/#breadcrumb","itemListElement":[{"@type":"ListItem","position":1,"name":"Home","item":"https:\/\/casinoreturn.com\/no\/hjem\/"},{"@type":"ListItem","position":2,"name":"Royal Flush i poker"}]},{"@type":"WebSite","@id":"https:\/\/casinoreturn.com\/#website","url":"https:\/\/casinoreturn.com\/","name":"casinoreturn","description":"","publisher":{"@id":"https:\/\/casinoreturn.com\/#organization"},"potentialAction":[{"@type":"SearchAction","target":{"@type":"EntryPoint","urlTemplate":"https:\/\/casinoreturn.com\/?s={search_term_string}"},"query-input":{"@type":"PropertyValueSpecification","valueRequired":true,"valueName":"search_term_string"}}],"inLanguage":"nb-NO"},{"@type":"Organization","@id":"https:\/\/casinoreturn.com\/#organization","name":"casinoreturn","url":"https:\/\/casinoreturn.com\/","logo":{"@type":"ImageObject","inLanguage":"nb-NO","@id":"https:\/\/casinoreturn.com\/#\/schema\/logo\/image\/","url":"https:\/\/casinoreturn.com\/wp-content\/uploads\/2024\/09\/animal-favicon.png","contentUrl":"https:\/\/casinoreturn.com\/wp-content\/uploads\/2024\/09\/animal-favicon.png","width":92,"height":92,"caption":"casinoreturn"},"image":{"@id":"https:\/\/casinoreturn.com\/#\/schema\/logo\/image\/"}}]}},"_links":{"self":[{"href":"https:\/\/casinoreturn.com\/no\/wp-json\/wp\/v2\/pages\/5056","targetHints":{"allow":["GET"]}}],"collection":[{"href":"https:\/\/casinoreturn.com\/no\/wp-json\/wp\/v2\/pages"}],"about":[{"href":"https:\/\/casinoreturn.com\/no\/wp-json\/wp\/v2\/types\/page"}],"author":[{"embeddable":true,"href":"https:\/\/casinoreturn.com\/no\/wp-json\/wp\/v2\/users\/1"}],"replies":[{"embeddable":true,"href":"https:\/\/casinoreturn.com\/no\/wp-json\/wp\/v2\/comments?post=5056"}],"version-history":[{"count":1,"href":"https:\/\/casinoreturn.com\/no\/wp-json\/wp\/v2\/pages\/5056\/revisions"}],"predecessor-version":[{"id":5057,"href":"https:\/\/casinoreturn.com\/no\/wp-json\/wp\/v2\/pages\/5056\/revisions\/5057"}],"wp:attachment":[{"href":"https:\/\/casinoreturn.com\/no\/wp-json\/wp\/v2\/media?parent=5056"}],"curies":[{"name":"wp","href":"https:\/\/api.w.org\/{rel}","templated":true}]}}