{"id":6154,"date":"2024-11-12T22:30:29","date_gmt":"2024-11-12T22:30:29","guid":{"rendered":"https:\/\/casinoreturn.com\/casino-bonuser-uten-omsetningskrav-canada\/"},"modified":"2024-12-20T00:42:36","modified_gmt":"2024-12-20T00:42:36","slug":"casino-bonuser-uten-omsetningskrav-canada","status":"publish","type":"page","link":"https:\/\/casinoreturn.com\/no\/casino-bonuser-uten-omsetningskrav-canada\/","title":{"rendered":"Casino bonuser uten omsetningskrav Canada"},"content":{"rendered":"\t\t<div data-elementor-type=\"wp-page\" data-elementor-id=\"6154\" class=\"elementor elementor-6154\" data-elementor-post-type=\"page\">\n\t\t\t\t<div class=\"elementor-element elementor-element-099340e e-con-full e-flex e-con e-parent\" data-id=\"099340e\" data-element_type=\"container\">\n\t\t\t\t<div class=\"elementor-element elementor-element-9452dd6 elementor-widget elementor-widget-heading\" data-id=\"9452dd6\" data-element_type=\"widget\" data-widget_type=\"heading.default\">\n\t\t\t\t<div class=\"elementor-widget-container\">\n\t\t\t\t\t<h4 class=\"elementor-heading-title elementor-size-default\">Ingen omsetningskrav Casinobonuser Canada er ganske arr. Vi har listet opp en h\u00e5ndfull av disse bonusene uten omsetningskrav for deg.   <\/h4>\t\t\t\t<\/div>\n\t\t\t\t<\/div>\n\t\t\t\t<div class=\"elementor-element elementor-element-206107d elementor-widget elementor-widget-image\" data-id=\"206107d\" data-element_type=\"widget\" data-widget_type=\"image.default\">\n\t\t\t\t<div class=\"elementor-widget-container\">\n\t\t\t\t\t\t\t\t\t\t\t\t\t\t\t<img fetchpriority=\"high\" decoding=\"async\" width=\"300\" height=\"300\" src=\"https:\/\/casinoreturn.com\/wp-content\/uploads\/2024\/11\/No-Wagering-Casino-Bonuses.png\" class=\"attachment-large size-large wp-image-3189\" alt=\"No Wagering Casino Bonuses\" srcset=\"https:\/\/casinoreturn.com\/wp-content\/uploads\/2024\/11\/No-Wagering-Casino-Bonuses.png 300w, https:\/\/casinoreturn.com\/wp-content\/uploads\/2024\/11\/No-Wagering-Casino-Bonuses-150x150.png 150w\" sizes=\"(max-width: 300px) 100vw, 300px\" \/>\t\t\t\t\t\t\t\t\t\t\t\t\t\t\t<\/div>\n\t\t\t\t<\/div>\n\t\t\t\t<div class=\"elementor-element elementor-element-a282737 elementor-widget elementor-widget-heading\" data-id=\"a282737\" data-element_type=\"widget\" data-widget_type=\"heading.default\">\n\t\t\t\t<div class=\"elementor-widget-container\">\n\t\t\t\t\t<h4 class=\"elementor-heading-title elementor-size-default\">V\u00e5rt beste valg for bonuser uten omsetningskrav i Canada.  <\/h4>\t\t\t\t<\/div>\n\t\t\t\t<\/div>\n\t\t\t\t<div class=\"elementor-element elementor-element-a7c48aa elementor-button-success elementor-align-center elementor-widget elementor-widget-button\" data-id=\"a7c48aa\" data-element_type=\"widget\" data-widget_type=\"button.default\">\n\t\t\t\t<div class=\"elementor-widget-container\">\n\t\t\t\t\t\t\t\t\t<div class=\"elementor-button-wrapper\">\n\t\t\t\t\t<a class=\"elementor-button elementor-button-link elementor-size-sm\" href=\"#\">\n\t\t\t\t\t\t<span class=\"elementor-button-content-wrapper\">\n\t\t\t\t\t\t\t\t\t<span class=\"elementor-button-text\">50 gratisspinn uten omsetningskrav p\u00e5 THOR - Spill OJO Casino i dag!<\/span>\n\t\t\t\t\t<\/span>\n\t\t\t\t\t<\/a>\n\t\t\t\t<\/div>\n\t\t\t\t\t\t\t\t<\/div>\n\t\t\t\t<\/div>\n\t\t\t\t<div class=\"elementor-element elementor-element-4236979 elementor-countdown--label-block elementor-widget elementor-widget-countdown\" data-id=\"4236979\" data-element_type=\"widget\" data-widget_type=\"countdown.default\">\n\t\t\t\t<div class=\"elementor-widget-container\">\n\t\t\t\t\t\t\t<div data-expire-actions=\"[{&quot;type&quot;:&quot;message&quot;}]\" class=\"elementor-countdown-wrapper\" data-date=\"1767224100\">\n\t\t\t<div class=\"elementor-countdown-item\"><span class=\"elementor-countdown-digits elementor-countdown-days\"><\/span> <span class=\"elementor-countdown-label\">Dager<\/span><\/div><div class=\"elementor-countdown-item\"><span class=\"elementor-countdown-digits elementor-countdown-hours\"><\/span> <span class=\"elementor-countdown-label\">Timer<\/span><\/div><div class=\"elementor-countdown-item\"><span class=\"elementor-countdown-digits elementor-countdown-minutes\"><\/span> <span class=\"elementor-countdown-label\">Referat<\/span><\/div><div class=\"elementor-countdown-item\"><span class=\"elementor-countdown-digits elementor-countdown-seconds\"><\/span> <span class=\"elementor-countdown-label\">Sekunder<\/span><\/div>\t\t<\/div>\n\t\t\t\t\t\t<div class=\"elementor-countdown-expire--message\">\n\t\t\t\t\tKrev 50 gratisspinn uten omsetningskrav p\u00e5 THOR - Spill gratisspinn uten omsetningskrav p\u00e5 OJO Casino i dag\t\t\t\t<\/div>\n\t\t\t\t\t\t\t\t<\/div>\n\t\t\t\t<\/div>\n\t\t\t\t<div class=\"elementor-element elementor-element-a9b8b0a elementor-widget elementor-widget-image\" data-id=\"a9b8b0a\" data-element_type=\"widget\" data-widget_type=\"image.default\">\n\t\t\t\t<div class=\"elementor-widget-container\">\n\t\t\t\t\t\t\t\t\t\t\t\t\t\t\t<img decoding=\"async\" width=\"300\" height=\"150\" src=\"https:\/\/casinoreturn.com\/wp-content\/uploads\/2024\/12\/Play-Ojo-no-wagering-free-spins.png\" class=\"attachment-large size-large wp-image-6119\" alt=\"Play Ojo no wagering free spins\" \/>\t\t\t\t\t\t\t\t\t\t\t\t\t\t\t<\/div>\n\t\t\t\t<\/div>\n\t\t\t\t<div class=\"elementor-element elementor-element-ccbe21f elementor-widget elementor-widget-heading\" data-id=\"ccbe21f\" data-element_type=\"widget\" data-widget_type=\"heading.default\">\n\t\t\t\t<div class=\"elementor-widget-container\">\n\t\t\t\t\t<h4 class=\"elementor-heading-title elementor-size-default\">Mer om ingen omsetningskrav, gratisspinn uten innskudd og bonus uten innskudd i Canada og Ontario.<\/h4>\t\t\t\t<\/div>\n\t\t\t\t<\/div>\n\t\t\t\t<div class=\"elementor-element elementor-element-e56fee4 elementor-widget elementor-widget-text-editor\" data-id=\"e56fee4\" data-element_type=\"widget\" data-widget_type=\"text-editor.default\">\n\t\t\t\t<div class=\"elementor-widget-container\">\n\t\t\t\t\t\t\t\t\t<h5><strong>Hvordan gj\u00f8r jeg krav p\u00e5 50 gratisspinn uten omsetningskrav?<\/strong><\/h5>\n<p>For \u00e5 gj\u00f8re krav p\u00e5 de 50 spinnene uten omsetningskrav trenger du bare \u00e5 fullf\u00f8re noen f\u00e5 trinn.<\/p>\n<ul>\n<li>Registrer deg hos PlayOJO<\/li>\n<li>Telefonnummer og f\u00f8dselsdato kreves kun for \u00e5 \u00e5pne en konto hos PlayOJO Casino<\/li>\n<li>Sett inn og spill gratisspinnene dine ( <a href=\"https:\/\/www.playojo.com\/en\/reward-policy\/?appName=PlayOJO\">Vilk\u00e5r og betingelser gjelder<\/a>)<\/li>\n<\/ul>\n\t\t\t\t\t\t\t\t<\/div>\n\t\t\t\t<\/div>\n\t\t\t\t<div class=\"elementor-element elementor-element-8ab4dfd elementor-widget elementor-widget-image\" data-id=\"8ab4dfd\" data-element_type=\"widget\" data-widget_type=\"image.default\">\n\t\t\t\t<div class=\"elementor-widget-container\">\n\t\t\t\t\t\t\t\t\t\t\t\t\t\t\t<img decoding=\"async\" width=\"514\" height=\"388\" src=\"https:\/\/casinoreturn.com\/wp-content\/uploads\/2024\/12\/50-No-Wagering-Free-Spins.png\" class=\"attachment-large size-large wp-image-6131\" alt=\"50 No Wagering Free Spins\" srcset=\"https:\/\/casinoreturn.com\/wp-content\/uploads\/2024\/12\/50-No-Wagering-Free-Spins.png 514w, https:\/\/casinoreturn.com\/wp-content\/uploads\/2024\/12\/50-No-Wagering-Free-Spins-300x226.png 300w\" sizes=\"(max-width: 514px) 100vw, 514px\" \/>\t\t\t\t\t\t\t\t\t\t\t\t\t\t\t<\/div>\n\t\t\t\t<\/div>\n\t\t\t\t<div class=\"elementor-element elementor-element-f04881c elementor-widget elementor-widget-heading\" data-id=\"f04881c\" data-element_type=\"widget\" data-widget_type=\"heading.default\">\n\t\t\t\t<div class=\"elementor-widget-container\">\n\t\t\t\t\t<h4 class=\"elementor-heading-title elementor-size-default\">Hva er omsetning i kasino?<\/h4>\t\t\t\t<\/div>\n\t\t\t\t<\/div>\n\t\t\t\t<div class=\"elementor-element elementor-element-380aa18 elementor-widget elementor-widget-text-editor\" data-id=\"380aa18\" data-element_type=\"widget\" data-widget_type=\"text-editor.default\">\n\t\t\t\t<div class=\"elementor-widget-container\">\n\t\t\t\t\t\t\t\t\t<p>Omsetning i casino er prosessen med \u00e5 fullf\u00f8re vilk\u00e5rene for en gratis bonus eller generell casinobonus som gis. Her er noen eksempler p\u00e5 hvordan omsetning i nettcasino fungerer. La oss starte med PlayOJO&#8217;s 50 gratisspinn uten omsetningskrav. Vilk\u00e5rene sier at 50 spinn er gitt:     <\/p>\n<ul>\n<li>Et kvalifiserende f\u00f8rste innskudd m\u00e5 gj\u00f8res<\/li>\n<li>THOR &#8211; Spilleautomat som kun skal brukes med minimumsinnsats CAD$0,10<\/li>\n<li><a href=\"https:\/\/www.playojo.com\/en\/reward-policy\/?appName=PlayOJO\">Vilk\u00e5r og betingelser gjelder  <\/a><\/li>\n<\/ul>\n<p>Siden det ikke er noe omsetningskrav, kan hvert av de femti spinnene bli til en kontantgevinst.  <\/p>\n<p><strong>F.eks. for et omsetningskrav p\u00e5 50 ganger.<\/strong><\/p>\n<ul>\n<li>Et kvalifiserende f\u00f8rste innskudd m\u00e5 gj\u00f8res<\/li>\n<li>THOR &#8211; Spilleautomat som kun skal brukes med minimumsinnsats CAD$0,10<\/li>\n<li>Vilk\u00e5r og betingelser gjelder  <\/li>\n<li>Omsetningskrav 50 ganger<\/li>\n<\/ul>\n<p>For \u00e5 fullf\u00f8re innsatsen og kunne ta ut eventuelle gevinster, m\u00e5 en spiller satse gevinsten 50 ganger.  <strong>F.eks. er den totale gevinsten for alle 50 gratisspinn 50 kreditter. En spiller m\u00e5 satse 50 x 50 kreditter = 250 kreditter med en minimumsgrense p\u00e5 0,10 kr. <\/strong>  Eventuelle gjenv\u00e6rende gevinster gj\u00f8res automatisk om til ekte penger.<\/p>\n\t\t\t\t\t\t\t\t<\/div>\n\t\t\t\t<\/div>\n\t\t\t\t<div class=\"elementor-element elementor-element-859f500 elementor-widget elementor-widget-heading\" data-id=\"859f500\" data-element_type=\"widget\" data-widget_type=\"heading.default\">\n\t\t\t\t<div class=\"elementor-widget-container\">\n\t\t\t\t\t<h4 class=\"elementor-heading-title elementor-size-default\">Hva er fordelene med en bonus uten omsetningskrav?<\/h4>\t\t\t\t<\/div>\n\t\t\t\t<\/div>\n\t\t\t\t<div class=\"elementor-element elementor-element-ad45116 elementor-widget elementor-widget-text-editor\" data-id=\"ad45116\" data-element_type=\"widget\" data-widget_type=\"text-editor.default\">\n\t\t\t\t<div class=\"elementor-widget-container\">\n\t\t\t\t\t\t\t\t\t<p>Fordelen med en bonus uten omsetningskrav er at den blir til ekte penger umiddelbart. Det er ikke veldig vanlig og kommer til en betydelig kostnad for nettcasinoer. Bruken er salgsfremmende, for eksempel bursdagsgaver, eller for \u00e5 tiltrekke seg nye spillere.    <\/p>\n<p><strong><span style=\"text-decoration: underline;\">Fordeler med bonus uten omsetningskrav<\/span><\/strong><\/p>\n<p>Lavere risiko for spillerne<\/p>\n<p>\u00d8yeblikkelige gevinster<\/p>\n<p><strong><span style=\"text-decoration: underline;\">Contra&#8217;s for ingen omsetningskrav<\/span><\/strong><\/p>\n<p>Vilk\u00e5r og betingelser knyttet til bonusen b\u00f8r leses i f\u00f8rste h\u00e5nd  <\/p>\n<p>Minimumsinnskudd er p\u00e5krevd<\/p>\n<p>Uttak er ofte knyttet til KYC-prosessen  <\/p>\n\t\t\t\t\t\t\t\t<\/div>\n\t\t\t\t<\/div>\n\t\t\t\t<\/div>\n\t\t\t\t<\/div>\n\t\t","protected":false},"excerpt":{"rendered":"<p>Ingen omsetningskrav Casinobonuser Canada er ganske arr. Vi har listet opp en h\u00e5ndfull av disse bonusene uten omsetningskrav for deg. V\u00e5rt beste valg for bonuser uten omsetningskrav i Canada. 50 gratisspinn uten omsetningskrav p\u00e5 THOR &#8211; Spill OJO Casino i dag! Dager Timer Referat Sekunder Krev 50 gratisspinn uten omsetningskrav p\u00e5 THOR &#8211; Spill gratisspinn [&hellip;]<\/p>\n","protected":false},"author":1,"featured_media":0,"parent":0,"menu_order":0,"comment_status":"closed","ping_status":"closed","template":"","meta":{"footnotes":""},"class_list":["post-6154","page","type-page","status-publish","hentry"],"blocksy_meta":[],"acf":[],"yoast_head":"<!-- This site is optimized with the Yoast SEO plugin v24.1 - https:\/\/yoast.com\/wordpress\/plugins\/seo\/ -->\n<title>Casino bonuser uten omsetningskrav Canada - casinoreturn<\/title>\n<meta name=\"description\" content=\"Casinobonuser uten omsetningskrav er en flott m\u00e5te \u00e5 tiltrekke seg nye spillere p\u00e5. Intensivert med enten ingen innskuddsbonus eller gratisspinn uten innskudd.\" \/>\n<meta name=\"robots\" content=\"index, follow, max-snippet:-1, max-image-preview:large, max-video-preview:-1\" \/>\n<link rel=\"canonical\" href=\"https:\/\/casinoreturn.com\/no\/casino-bonuser-uten-omsetningskrav-canada\/\" \/>\n<meta property=\"og:locale\" content=\"nb_NO\" \/>\n<meta property=\"og:type\" content=\"article\" \/>\n<meta property=\"og:title\" content=\"Casino bonuser uten omsetningskrav Canada - casinoreturn\" \/>\n<meta property=\"og:description\" content=\"Casinobonuser uten omsetningskrav er en flott m\u00e5te \u00e5 tiltrekke seg nye spillere p\u00e5. Intensivert med enten ingen innskuddsbonus eller gratisspinn uten innskudd.\" \/>\n<meta property=\"og:url\" content=\"https:\/\/casinoreturn.com\/no\/casino-bonuser-uten-omsetningskrav-canada\/\" \/>\n<meta property=\"og:site_name\" content=\"casinoreturn\" \/>\n<meta property=\"article:modified_time\" content=\"2024-12-20T00:42:36+00:00\" \/>\n<meta property=\"og:image\" content=\"https:\/\/casinoreturn.com\/wp-content\/uploads\/2024\/11\/No-Wagering-Casino-Bonuses.png\" \/>\n\t<meta property=\"og:image:width\" content=\"300\" \/>\n\t<meta property=\"og:image:height\" content=\"300\" \/>\n\t<meta property=\"og:image:type\" content=\"image\/png\" \/>\n<meta name=\"twitter:card\" content=\"summary_large_image\" \/>\n<meta name=\"twitter:label1\" content=\"Ansl. lesetid\" \/>\n\t<meta name=\"twitter:data1\" content=\"2 minutter\" \/>\n<script type=\"application\/ld+json\" class=\"yoast-schema-graph\">{\"@context\":\"https:\/\/schema.org\",\"@graph\":[{\"@type\":\"WebPage\",\"@id\":\"https:\/\/casinoreturn.com\/no\/casino-bonuser-uten-omsetningskrav-canada\/\",\"url\":\"https:\/\/casinoreturn.com\/no\/casino-bonuser-uten-omsetningskrav-canada\/\",\"name\":\"Casino bonuser uten omsetningskrav Canada - casinoreturn\",\"isPartOf\":{\"@id\":\"https:\/\/casinoreturn.com\/#website\"},\"primaryImageOfPage\":{\"@id\":\"https:\/\/casinoreturn.com\/no\/casino-bonuser-uten-omsetningskrav-canada\/#primaryimage\"},\"image\":{\"@id\":\"https:\/\/casinoreturn.com\/no\/casino-bonuser-uten-omsetningskrav-canada\/#primaryimage\"},\"thumbnailUrl\":\"https:\/\/casinoreturn.com\/wp-content\/uploads\/2024\/11\/No-Wagering-Casino-Bonuses.png\",\"datePublished\":\"2024-11-12T22:30:29+00:00\",\"dateModified\":\"2024-12-20T00:42:36+00:00\",\"description\":\"Casinobonuser uten omsetningskrav er en flott m\u00e5te \u00e5 tiltrekke seg nye spillere p\u00e5. Intensivert med enten ingen innskuddsbonus eller gratisspinn uten innskudd.\",\"breadcrumb\":{\"@id\":\"https:\/\/casinoreturn.com\/no\/casino-bonuser-uten-omsetningskrav-canada\/#breadcrumb\"},\"inLanguage\":\"nb-NO\",\"potentialAction\":[{\"@type\":\"ReadAction\",\"target\":[\"https:\/\/casinoreturn.com\/no\/casino-bonuser-uten-omsetningskrav-canada\/\"]}]},{\"@type\":\"ImageObject\",\"inLanguage\":\"nb-NO\",\"@id\":\"https:\/\/casinoreturn.com\/no\/casino-bonuser-uten-omsetningskrav-canada\/#primaryimage\",\"url\":\"https:\/\/casinoreturn.com\/wp-content\/uploads\/2024\/11\/No-Wagering-Casino-Bonuses.png\",\"contentUrl\":\"https:\/\/casinoreturn.com\/wp-content\/uploads\/2024\/11\/No-Wagering-Casino-Bonuses.png\"},{\"@type\":\"BreadcrumbList\",\"@id\":\"https:\/\/casinoreturn.com\/no\/casino-bonuser-uten-omsetningskrav-canada\/#breadcrumb\",\"itemListElement\":[{\"@type\":\"ListItem\",\"position\":1,\"name\":\"Home\",\"item\":\"https:\/\/casinoreturn.com\/no\/hjem\/\"},{\"@type\":\"ListItem\",\"position\":2,\"name\":\"Casino bonuser uten omsetningskrav Canada\"}]},{\"@type\":\"WebSite\",\"@id\":\"https:\/\/casinoreturn.com\/#website\",\"url\":\"https:\/\/casinoreturn.com\/\",\"name\":\"casinoreturn\",\"description\":\"\",\"publisher\":{\"@id\":\"https:\/\/casinoreturn.com\/#organization\"},\"potentialAction\":[{\"@type\":\"SearchAction\",\"target\":{\"@type\":\"EntryPoint\",\"urlTemplate\":\"https:\/\/casinoreturn.com\/?s={search_term_string}\"},\"query-input\":{\"@type\":\"PropertyValueSpecification\",\"valueRequired\":true,\"valueName\":\"search_term_string\"}}],\"inLanguage\":\"nb-NO\"},{\"@type\":\"Organization\",\"@id\":\"https:\/\/casinoreturn.com\/#organization\",\"name\":\"casinoreturn\",\"url\":\"https:\/\/casinoreturn.com\/\",\"logo\":{\"@type\":\"ImageObject\",\"inLanguage\":\"nb-NO\",\"@id\":\"https:\/\/casinoreturn.com\/#\/schema\/logo\/image\/\",\"url\":\"https:\/\/casinoreturn.com\/wp-content\/uploads\/2024\/09\/animal-favicon.png\",\"contentUrl\":\"https:\/\/casinoreturn.com\/wp-content\/uploads\/2024\/09\/animal-favicon.png\",\"width\":92,\"height\":92,\"caption\":\"casinoreturn\"},\"image\":{\"@id\":\"https:\/\/casinoreturn.com\/#\/schema\/logo\/image\/\"}}]}<\/script>\n<!-- \/ Yoast SEO plugin. -->","yoast_head_json":{"title":"Casino bonuser uten omsetningskrav Canada - casinoreturn","description":"Casinobonuser uten omsetningskrav er en flott m\u00e5te \u00e5 tiltrekke seg nye spillere p\u00e5. Intensivert med enten ingen innskuddsbonus eller gratisspinn uten innskudd.","robots":{"index":"index","follow":"follow","max-snippet":"max-snippet:-1","max-image-preview":"max-image-preview:large","max-video-preview":"max-video-preview:-1"},"canonical":"https:\/\/casinoreturn.com\/no\/casino-bonuser-uten-omsetningskrav-canada\/","og_locale":"nb_NO","og_type":"article","og_title":"Casino bonuser uten omsetningskrav Canada - casinoreturn","og_description":"Casinobonuser uten omsetningskrav er en flott m\u00e5te \u00e5 tiltrekke seg nye spillere p\u00e5. Intensivert med enten ingen innskuddsbonus eller gratisspinn uten innskudd.","og_url":"https:\/\/casinoreturn.com\/no\/casino-bonuser-uten-omsetningskrav-canada\/","og_site_name":"casinoreturn","article_modified_time":"2024-12-20T00:42:36+00:00","og_image":[{"width":300,"height":300,"url":"https:\/\/casinoreturn.com\/wp-content\/uploads\/2024\/11\/No-Wagering-Casino-Bonuses.png","type":"image\/png"}],"twitter_card":"summary_large_image","twitter_misc":{"Ansl. lesetid":"2 minutter"},"schema":{"@context":"https:\/\/schema.org","@graph":[{"@type":"WebPage","@id":"https:\/\/casinoreturn.com\/no\/casino-bonuser-uten-omsetningskrav-canada\/","url":"https:\/\/casinoreturn.com\/no\/casino-bonuser-uten-omsetningskrav-canada\/","name":"Casino bonuser uten omsetningskrav Canada - casinoreturn","isPartOf":{"@id":"https:\/\/casinoreturn.com\/#website"},"primaryImageOfPage":{"@id":"https:\/\/casinoreturn.com\/no\/casino-bonuser-uten-omsetningskrav-canada\/#primaryimage"},"image":{"@id":"https:\/\/casinoreturn.com\/no\/casino-bonuser-uten-omsetningskrav-canada\/#primaryimage"},"thumbnailUrl":"https:\/\/casinoreturn.com\/wp-content\/uploads\/2024\/11\/No-Wagering-Casino-Bonuses.png","datePublished":"2024-11-12T22:30:29+00:00","dateModified":"2024-12-20T00:42:36+00:00","description":"Casinobonuser uten omsetningskrav er en flott m\u00e5te \u00e5 tiltrekke seg nye spillere p\u00e5. Intensivert med enten ingen innskuddsbonus eller gratisspinn uten innskudd.","breadcrumb":{"@id":"https:\/\/casinoreturn.com\/no\/casino-bonuser-uten-omsetningskrav-canada\/#breadcrumb"},"inLanguage":"nb-NO","potentialAction":[{"@type":"ReadAction","target":["https:\/\/casinoreturn.com\/no\/casino-bonuser-uten-omsetningskrav-canada\/"]}]},{"@type":"ImageObject","inLanguage":"nb-NO","@id":"https:\/\/casinoreturn.com\/no\/casino-bonuser-uten-omsetningskrav-canada\/#primaryimage","url":"https:\/\/casinoreturn.com\/wp-content\/uploads\/2024\/11\/No-Wagering-Casino-Bonuses.png","contentUrl":"https:\/\/casinoreturn.com\/wp-content\/uploads\/2024\/11\/No-Wagering-Casino-Bonuses.png"},{"@type":"BreadcrumbList","@id":"https:\/\/casinoreturn.com\/no\/casino-bonuser-uten-omsetningskrav-canada\/#breadcrumb","itemListElement":[{"@type":"ListItem","position":1,"name":"Home","item":"https:\/\/casinoreturn.com\/no\/hjem\/"},{"@type":"ListItem","position":2,"name":"Casino bonuser uten omsetningskrav Canada"}]},{"@type":"WebSite","@id":"https:\/\/casinoreturn.com\/#website","url":"https:\/\/casinoreturn.com\/","name":"casinoreturn","description":"","publisher":{"@id":"https:\/\/casinoreturn.com\/#organization"},"potentialAction":[{"@type":"SearchAction","target":{"@type":"EntryPoint","urlTemplate":"https:\/\/casinoreturn.com\/?s={search_term_string}"},"query-input":{"@type":"PropertyValueSpecification","valueRequired":true,"valueName":"search_term_string"}}],"inLanguage":"nb-NO"},{"@type":"Organization","@id":"https:\/\/casinoreturn.com\/#organization","name":"casinoreturn","url":"https:\/\/casinoreturn.com\/","logo":{"@type":"ImageObject","inLanguage":"nb-NO","@id":"https:\/\/casinoreturn.com\/#\/schema\/logo\/image\/","url":"https:\/\/casinoreturn.com\/wp-content\/uploads\/2024\/09\/animal-favicon.png","contentUrl":"https:\/\/casinoreturn.com\/wp-content\/uploads\/2024\/09\/animal-favicon.png","width":92,"height":92,"caption":"casinoreturn"},"image":{"@id":"https:\/\/casinoreturn.com\/#\/schema\/logo\/image\/"}}]}},"_links":{"self":[{"href":"https:\/\/casinoreturn.com\/no\/wp-json\/wp\/v2\/pages\/6154","targetHints":{"allow":["GET"]}}],"collection":[{"href":"https:\/\/casinoreturn.com\/no\/wp-json\/wp\/v2\/pages"}],"about":[{"href":"https:\/\/casinoreturn.com\/no\/wp-json\/wp\/v2\/types\/page"}],"author":[{"embeddable":true,"href":"https:\/\/casinoreturn.com\/no\/wp-json\/wp\/v2\/users\/1"}],"replies":[{"embeddable":true,"href":"https:\/\/casinoreturn.com\/no\/wp-json\/wp\/v2\/comments?post=6154"}],"version-history":[{"count":1,"href":"https:\/\/casinoreturn.com\/no\/wp-json\/wp\/v2\/pages\/6154\/revisions"}],"predecessor-version":[{"id":6155,"href":"https:\/\/casinoreturn.com\/no\/wp-json\/wp\/v2\/pages\/6154\/revisions\/6155"}],"wp:attachment":[{"href":"https:\/\/casinoreturn.com\/no\/wp-json\/wp\/v2\/media?parent=6154"}],"curies":[{"name":"wp","href":"https:\/\/api.w.org\/{rel}","templated":true}]}}