{"id":7911,"date":"2024-11-11T14:31:40","date_gmt":"2024-11-11T14:31:40","guid":{"rendered":"https:\/\/casinoreturn.com\/ontario-kasinoer-canada\/"},"modified":"2025-03-13T17:09:49","modified_gmt":"2025-03-13T17:09:49","slug":"ontario-kasinoer-canada","status":"publish","type":"page","link":"https:\/\/casinoreturn.com\/no\/ontario-kasinoer-canada\/","title":{"rendered":"Ontario kasinoer Canada"},"content":{"rendered":"\t\t<div data-elementor-type=\"wp-page\" data-elementor-id=\"7911\" class=\"elementor elementor-7911\" data-elementor-post-type=\"page\">\n\t\t\t\t<div class=\"elementor-element elementor-element-0319f61 e-con-full e-flex e-con e-parent\" data-id=\"0319f61\" data-element_type=\"container\">\n\t\t\t\t<div class=\"elementor-element elementor-element-c9a4faf elementor-widget elementor-widget-heading\" data-id=\"c9a4faf\" data-element_type=\"widget\" data-widget_type=\"heading.default\">\n\t\t\t\t<div class=\"elementor-widget-container\">\n\t\t\t\t\t<h3 class=\"elementor-heading-title elementor-size-default\">Ontario Casinos Canada - Hva trenger du \u00e5 vite<\/h3>\t\t\t\t<\/div>\n\t\t\t\t<\/div>\n\t\t\t\t<div class=\"elementor-element elementor-element-69ae674 elementor-widget elementor-widget-text-editor\" data-id=\"69ae674\" data-element_type=\"widget\" data-widget_type=\"text-editor.default\">\n\t\t\t\t<div class=\"elementor-widget-container\">\n\t\t\t\t\t\t\t\t\t<p>Ontario Gambling Authority og forskrifter. AGCO &amp; OLG og iGaming Ontario <\/p>\n<ol>\n<li>Hva er AGCO? AGCO st\u00e5r for Alcohol and Gaming Commission of Ontario, reguleringsorganet som f\u00f8rer tilsyn med alkohol, spill og veddel\u00f8p. <\/li>\n<li>Hva er OLG? Ontario Lottery and Gaming Corporation, som er ansvarlig for landbaserte kasinoer og lotterier. <\/li>\n<li>Hva er iGaming Ontario? En organisasjon som f\u00f8rer tilsyn med lisenser og lovverk i Ontario. <\/li>\n<\/ol>\n\t\t\t\t\t\t\t\t<\/div>\n\t\t\t\t<\/div>\n\t\t\t\t<div class=\"elementor-element elementor-element-4bf69de elementor-button-success elementor-align-center elementor-widget elementor-widget-button\" data-id=\"4bf69de\" data-element_type=\"widget\" data-widget_type=\"button.default\">\n\t\t\t\t<div class=\"elementor-widget-container\">\n\t\t\t\t\t\t\t\t\t<div class=\"elementor-button-wrapper\">\n\t\t\t\t\t<a class=\"elementor-button elementor-button-link elementor-size-sm\" href=\"https:\/\/casinoreturn.com\/no\/ontario-kasinoer-canada\/#topten\">\n\t\t\t\t\t\t<span class=\"elementor-button-content-wrapper\">\n\t\t\t\t\t\t\t\t\t<span class=\"elementor-button-text\">Topp 10 Ontario kasinoer - Lisensierte kasinoer i Ontario<\/span>\n\t\t\t\t\t<\/span>\n\t\t\t\t\t<\/a>\n\t\t\t\t<\/div>\n\t\t\t\t\t\t\t\t<\/div>\n\t\t\t\t<\/div>\n\t\t\t\t<div class=\"elementor-element elementor-element-9081e7f elementor-button-success elementor-align-center elementor-widget elementor-widget-button\" data-id=\"9081e7f\" data-element_type=\"widget\" data-widget_type=\"button.default\">\n\t\t\t\t<div class=\"elementor-widget-container\">\n\t\t\t\t\t\t\t\t\t<div class=\"elementor-button-wrapper\">\n\t\t\t\t\t<a class=\"elementor-button elementor-button-link elementor-size-sm\" href=\"https:\/\/casinoreturn.com\/no\/canada-casino\/\">\n\t\t\t\t\t\t<span class=\"elementor-button-content-wrapper\">\n\t\t\t\t\t\t\t\t\t<span class=\"elementor-button-text\">Canada Casino - Alternativer for sportsspill og nettkasinoer<\/span>\n\t\t\t\t\t<\/span>\n\t\t\t\t\t<\/a>\n\t\t\t\t<\/div>\n\t\t\t\t\t\t\t\t<\/div>\n\t\t\t\t<\/div>\n\t\t\t\t<div class=\"elementor-element elementor-element-6f15be7 elementor-widget elementor-widget-image\" data-id=\"6f15be7\" data-element_type=\"widget\" data-widget_type=\"image.default\">\n\t\t\t\t<div class=\"elementor-widget-container\">\n\t\t\t\t\t\t\t\t\t\t\t\t\t\t\t<img fetchpriority=\"high\" decoding=\"async\" width=\"548\" height=\"300\" src=\"https:\/\/casinoreturn.com\/wp-content\/uploads\/2024\/12\/Alcohol-and-Gaming-Commission-of-Ontario.jpg\" class=\"attachment-large size-large wp-image-6360\" alt=\"Alcohol-and-Gaming-Commission-of-Ontario\" srcset=\"https:\/\/casinoreturn.com\/wp-content\/uploads\/2024\/12\/Alcohol-and-Gaming-Commission-of-Ontario.jpg 548w, https:\/\/casinoreturn.com\/wp-content\/uploads\/2024\/12\/Alcohol-and-Gaming-Commission-of-Ontario-300x164.jpg 300w\" sizes=\"(max-width: 548px) 100vw, 548px\" \/>\t\t\t\t\t\t\t\t\t\t\t\t\t\t\t<\/div>\n\t\t\t\t<\/div>\n\t\t\t\t<div class=\"elementor-element elementor-element-336ae12 elementor-widget elementor-widget-heading\" data-id=\"336ae12\" data-element_type=\"widget\" id=\"who\" data-widget_type=\"heading.default\">\n\t\t\t\t<div class=\"elementor-widget-container\">\n\t\t\t\t\t<h3 class=\"elementor-heading-title elementor-size-default\">Hvem kan spille p\u00e5 kasinoer i Ontario?<\/h3>\t\t\t\t<\/div>\n\t\t\t\t<\/div>\n\t\t\t\t<div class=\"elementor-element elementor-element-6cea1ba elementor-widget elementor-widget-text-editor\" data-id=\"6cea1ba\" data-element_type=\"widget\" data-widget_type=\"text-editor.default\">\n\t\t\t\t<div class=\"elementor-widget-container\">\n\t\t\t\t\t\t\t\t\t<p>Spillere som bruker Ontario Casinos m\u00e5 fremvise lovlig ID. Alder over 19 \u00e5r og over. De m\u00e5 v\u00e6re bosatt i provinsen Ontario. En streng KYC-prosess er et lovkrav for \u00e5 drive nettkasinoer i Ontario. Geolokalisering av bosted m\u00e5 oppgis av spillere re Juridisk dokumentasjon som bevis p\u00e5 adresse, bevis p\u00e5 betalingsm\u00e5ter CAD $, lovlig ID, bekreftelse av e-post og hjem.      <\/p>\n\t\t\t\t\t\t\t\t<\/div>\n\t\t\t\t<\/div>\n\t\t\t\t<div class=\"elementor-element elementor-element-8efa135 elementor-widget elementor-widget-heading\" data-id=\"8efa135\" data-element_type=\"widget\" data-widget_type=\"heading.default\">\n\t\t\t\t<div class=\"elementor-widget-container\">\n\t\t\t\t\t<h4 class=\"elementor-heading-title elementor-size-default\">Hvilke betalingsmetoder aksepteres p\u00e5 nettcasinoer i Ontario?<\/h4>\t\t\t\t<\/div>\n\t\t\t\t<\/div>\n\t\t\t\t<div class=\"elementor-element elementor-element-9d2e2ad elementor-widget elementor-widget-text-editor\" data-id=\"9d2e2ad\" data-element_type=\"widget\" data-widget_type=\"text-editor.default\">\n\t\t\t\t<div class=\"elementor-widget-container\">\n\t\t\t\t\t\t\t\t\t<p>Ontario har begrenset sine betalingsmetoder og har ekskludert kryptovalutaer. Det er viktig \u00e5 sjekke f\u00f8rst om ditt valgte Ontario Casino har en gyldig Ontario-lisens (klikk p\u00e5 lisenslogoen og sjekk nummeret og valideringen &#8211; svarte sauer viser en lisens, men har ikke en gyldig lisens)   <\/p>\n\t\t\t\t\t\t\t\t<\/div>\n\t\t\t\t<\/div>\n\t\t\t\t<div class=\"elementor-element elementor-element-7e6ad6e elementor-widget elementor-widget-text-editor\" data-id=\"7e6ad6e\" data-element_type=\"widget\" data-widget_type=\"text-editor.default\">\n\t\t\t\t<div class=\"elementor-widget-container\">\n\t\t\t\t\t\t\t\t\t<ul>\n<li>e-lommeb\u00f8ker<\/li>\n<li>Debetkort  <\/li>\n<li>Overf\u00f8ringer via nettbank<\/li>\n<li>Forh\u00e5ndsbetalte kort<\/li>\n<li><strong>Interac (den mest popul\u00e6re betalingsmetoden i Ontario)<\/strong><\/li>\n<li>Instadebit<\/li>\n<\/ul>\n\t\t\t\t\t\t\t\t<\/div>\n\t\t\t\t<\/div>\n\t\t\t\t<div class=\"elementor-element elementor-element-98ea00d elementor-widget elementor-widget-heading\" data-id=\"98ea00d\" data-element_type=\"widget\" data-widget_type=\"heading.default\">\n\t\t\t\t<div class=\"elementor-widget-container\">\n\t\t\t\t\t<h4 class=\"elementor-heading-title elementor-size-default\">Hvilke spill er tillatt \u00e5 spille p\u00e5 kasinoer i Ontario?<\/h4>\t\t\t\t<\/div>\n\t\t\t\t<\/div>\n\t\t\t\t<div class=\"elementor-element elementor-element-f8e0ae3 elementor-widget elementor-widget-text-editor\" data-id=\"f8e0ae3\" data-element_type=\"widget\" data-widget_type=\"text-editor.default\">\n\t\t\t\t<div class=\"elementor-widget-container\">\n\t\t\t\t\t\t\t\t\t<p>Lovlige lisensierte spill i Ontario:<\/p>\n<ul>\n<li>Kasino og spilleautomater  <\/li>\n<li>Sportsspill og veddel\u00f8psspill<\/li>\n<li>Lotteri  <\/li>\n<li>Bingo<\/li>\n<\/ul>\n\t\t\t\t\t\t\t\t<\/div>\n\t\t\t\t<\/div>\n\t\t\t\t<div class=\"elementor-element elementor-element-67a6ce0 elementor-widget elementor-widget-heading\" data-id=\"67a6ce0\" data-element_type=\"widget\" id=\"topten\" data-widget_type=\"heading.default\">\n\t\t\t\t<div class=\"elementor-widget-container\">\n\t\t\t\t\t<h4 class=\"elementor-heading-title elementor-size-default\">Topp 10 Ontario kasinoer - Lisensierte kasinoer i Ontario<\/h4>\t\t\t\t<\/div>\n\t\t\t\t<\/div>\n\t\t<div class=\"elementor-element elementor-element-3d369fc e-flex e-con-boxed e-con e-child\" data-id=\"3d369fc\" data-element_type=\"container\" data-settings=\"{&quot;background_background&quot;:&quot;classic&quot;}\">\n\t\t\t\t\t<div class=\"e-con-inner\">\n\t\t\t\t<div class=\"elementor-element elementor-element-ce9e79b elementor-widget elementor-widget-image\" data-id=\"ce9e79b\" data-element_type=\"widget\" data-widget_type=\"image.default\">\n\t\t\t\t<div class=\"elementor-widget-container\">\n\t\t\t\t\t\t\t\t\t\t\t\t\t\t\t\t<a href=\"https:\/\/site.knightslots.com\/index.php?aname=slotstarscookiedough\" target=\"_blank\" rel=\"nofollow\">\n\t\t\t\t\t\t\t<img decoding=\"async\" src=\"https:\/\/casinoreturn.com\/wp-content\/uploads\/elementor\/thumbs\/knight-slots-casino-r2snv7434tcarz5s9r23sgqpqwcr7hq6i81txtjtms.png\" title=\"knight slots casino\" alt=\"knight slots casino\" loading=\"lazy\" \/>\t\t\t\t\t\t\t\t<\/a>\n\t\t\t\t\t\t\t\t\t\t\t\t\t\t\t<\/div>\n\t\t\t\t<\/div>\n\t\t\t\t<div class=\"elementor-element elementor-element-4985015 elementor-widget elementor-widget-heading\" data-id=\"4985015\" data-element_type=\"widget\" data-widget_type=\"heading.default\">\n\t\t\t\t<div class=\"elementor-widget-container\">\n\t\t\t\t\t<h4 class=\"elementor-heading-title elementor-size-default\"><a href=\"https:\/\/site.knightslots.com\/index.php?aname=slotstarscookiedough\" target=\"_blank\" rel=\"nofollow\">Knight Slots Casino Ontario<\/a><\/h4>\t\t\t\t<\/div>\n\t\t\t\t<\/div>\n\t\t\t\t<div class=\"elementor-element elementor-element-414ba18 elementor-widget elementor-widget-text-editor\" data-id=\"414ba18\" data-element_type=\"widget\" data-widget_type=\"text-editor.default\">\n\t\t\t\t<div class=\"elementor-widget-container\">\n\t\t\t\t\t\t\t\t\t<ul>\n<li>Lisens for pengespill i Ontario<\/li>\n<li>100 % velkomstbonus opp til C$100 + 50 FS p\u00e5 BOD<\/li>\n<li>God casino bonusinnsats 30x  <\/li>\n<li>Enkel \u00e5 navigere p\u00e5 mobil<\/li>\n<\/ul>\n\t\t\t\t\t\t\t\t<\/div>\n\t\t\t\t<\/div>\n\t\t\t\t<div class=\"elementor-element elementor-element-1add6c2 elementor-button-success elementor-align-center elementor-widget elementor-widget-button\" data-id=\"1add6c2\" data-element_type=\"widget\" data-widget_type=\"button.default\">\n\t\t\t\t<div class=\"elementor-widget-container\">\n\t\t\t\t\t\t\t\t\t<div class=\"elementor-button-wrapper\">\n\t\t\t\t\t<a class=\"elementor-button elementor-button-link elementor-size-sm\" href=\"https:\/\/site.knightslots.com\/index.php?aname=slotstarscookiedough\" target=\"_blank\" rel=\"nofollow\">\n\t\t\t\t\t\t<span class=\"elementor-button-content-wrapper\">\n\t\t\t\t\t\t\t\t\t<span class=\"elementor-button-text\">Krev bonus<\/span>\n\t\t\t\t\t<\/span>\n\t\t\t\t\t<\/a>\n\t\t\t\t<\/div>\n\t\t\t\t\t\t\t\t<\/div>\n\t\t\t\t<\/div>\n\t\t\t\t\t<\/div>\n\t\t\t\t<\/div>\n\t\t<div class=\"elementor-element elementor-element-069cd3c e-flex e-con-boxed e-con e-child\" data-id=\"069cd3c\" data-element_type=\"container\" data-settings=\"{&quot;background_background&quot;:&quot;classic&quot;}\">\n\t\t\t\t\t<div class=\"e-con-inner\">\n\t\t\t\t<div class=\"elementor-element elementor-element-d13329e elementor-widget elementor-widget-image\" data-id=\"d13329e\" data-element_type=\"widget\" data-widget_type=\"image.default\">\n\t\t\t\t<div class=\"elementor-widget-container\">\n\t\t\t\t\t\t\t\t\t\t\t\t\t\t\t<img decoding=\"async\" src=\"https:\/\/casinoreturn.com\/wp-content\/uploads\/elementor\/thumbs\/TonyBet-Sports-Betting-r1eg3fpu53a27qlbupycfxl1sclsvc5hnnnlt3cuhs.jpg\" title=\"TonyBet Sports Betting\" alt=\"TonyBet Sports Betting\" loading=\"lazy\" \/>\t\t\t\t\t\t\t\t\t\t\t\t\t\t\t<\/div>\n\t\t\t\t<\/div>\n\t\t\t\t<div class=\"elementor-element elementor-element-583b62f elementor-widget elementor-widget-heading\" data-id=\"583b62f\" data-element_type=\"widget\" data-widget_type=\"heading.default\">\n\t\t\t\t<div class=\"elementor-widget-container\">\n\t\t\t\t\t<h4 class=\"elementor-heading-title elementor-size-default\">ToniBet Casino og sportsbetting Ontario<\/h4>\t\t\t\t<\/div>\n\t\t\t\t<\/div>\n\t\t\t\t<div class=\"elementor-element elementor-element-16861cd elementor-widget elementor-widget-text-editor\" data-id=\"16861cd\" data-element_type=\"widget\" data-widget_type=\"text-editor.default\">\n\t\t\t\t<div class=\"elementor-widget-container\">\n\t\t\t\t\t\t\t\t\t<ul>\n<li>Lisens for pengespill i Ontario<\/li>\n<li>100 % velkomstbonus opp til 350 C$ + 50 FS p\u00e5 BOD<\/li>\n<li>God casino bonusinnsats 30x  <\/li>\n<li>Enkel \u00e5 navigere p\u00e5 mobil<\/li>\n<\/ul>\n\t\t\t\t\t\t\t\t<\/div>\n\t\t\t\t<\/div>\n\t\t\t\t<div class=\"elementor-element elementor-element-71fba47 elementor-button-success elementor-align-center elementor-widget elementor-widget-button\" data-id=\"71fba47\" data-element_type=\"widget\" data-widget_type=\"button.default\">\n\t\t\t\t<div class=\"elementor-widget-container\">\n\t\t\t\t\t\t\t\t\t<div class=\"elementor-button-wrapper\">\n\t\t\t\t\t<a class=\"elementor-button elementor-size-sm\" role=\"button\">\n\t\t\t\t\t\t<span class=\"elementor-button-content-wrapper\">\n\t\t\t\t\t\t\t\t\t<span class=\"elementor-button-text\">Krev bonus<\/span>\n\t\t\t\t\t<\/span>\n\t\t\t\t\t<\/a>\n\t\t\t\t<\/div>\n\t\t\t\t\t\t\t\t<\/div>\n\t\t\t\t<\/div>\n\t\t\t\t\t<\/div>\n\t\t\t\t<\/div>\n\t\t\t\t<\/div>\n\t\t<div class=\"elementor-element elementor-element-2cd1199 e-flex e-con-boxed e-con e-parent\" data-id=\"2cd1199\" data-element_type=\"container\">\n\t\t\t\t\t<div class=\"e-con-inner\">\n\t\t\t\t<div class=\"elementor-element elementor-element-87de80c elementor-widget elementor-widget-video\" data-id=\"87de80c\" data-element_type=\"widget\" data-settings=\"{&quot;youtube_url&quot;:&quot;https:\\\/\\\/www.youtube.com\\\/watch?v=XHOmBV4js_E&quot;,&quot;video_type&quot;:&quot;youtube&quot;,&quot;controls&quot;:&quot;yes&quot;}\" data-widget_type=\"video.default\">\n\t\t\t\t<div class=\"elementor-widget-container\">\n\t\t\t\t\t\t\t<div class=\"elementor-wrapper elementor-open-inline\">\n\t\t\t<div class=\"elementor-video\"><\/div>\t\t<\/div>\n\t\t\t\t\t\t<\/div>\n\t\t\t\t<\/div>\n\t\t\t\t\t<\/div>\n\t\t\t\t<\/div>\n\t\t\t\t<\/div>\n\t\t","protected":false},"excerpt":{"rendered":"<p>Ontario Casinos Canada &#8211; Hva trenger du \u00e5 vite Ontario Gambling Authority og forskrifter. AGCO &amp; OLG og iGaming Ontario Hva er AGCO? AGCO st\u00e5r for Alcohol and Gaming Commission of Ontario, reguleringsorganet som f\u00f8rer tilsyn med alkohol, spill og veddel\u00f8p. Hva er OLG? Ontario Lottery and Gaming Corporation, som er ansvarlig for landbaserte kasinoer [&hellip;]<\/p>\n","protected":false},"author":1,"featured_media":0,"parent":0,"menu_order":0,"comment_status":"closed","ping_status":"closed","template":"","meta":{"footnotes":""},"class_list":["post-7911","page","type-page","status-publish","hentry"],"blocksy_meta":[],"acf":[],"yoast_head":"<!-- This site is optimized with the Yoast SEO plugin v24.1 - https:\/\/yoast.com\/wordpress\/plugins\/seo\/ -->\n<title>Ontario kasinoer Canada - casinoreturn<\/title>\n<meta name=\"description\" content=\"Ontario Casinos Canada har en liste over nettkasinoer som har en Ontario Casino License. La oss finne ut hvem som er hvem i Ontario?\" \/>\n<meta name=\"robots\" content=\"index, follow, max-snippet:-1, max-image-preview:large, max-video-preview:-1\" \/>\n<link rel=\"canonical\" href=\"https:\/\/casinoreturn.com\/no\/ontario-kasinoer-canada\/\" \/>\n<meta property=\"og:locale\" content=\"nb_NO\" \/>\n<meta property=\"og:type\" content=\"article\" \/>\n<meta property=\"og:title\" content=\"Ontario kasinoer Canada - casinoreturn\" \/>\n<meta property=\"og:description\" content=\"Ontario Casinos Canada har en liste over nettkasinoer som har en Ontario Casino License. La oss finne ut hvem som er hvem i Ontario?\" \/>\n<meta property=\"og:url\" content=\"https:\/\/casinoreturn.com\/no\/ontario-kasinoer-canada\/\" \/>\n<meta property=\"og:site_name\" content=\"casinoreturn\" \/>\n<meta property=\"article:modified_time\" content=\"2025-03-13T17:09:49+00:00\" \/>\n<meta property=\"og:image\" content=\"https:\/\/casinoreturn.com\/wp-content\/uploads\/2024\/12\/Alcohol-and-Gaming-Commission-of-Ontario.jpg\" \/>\n\t<meta property=\"og:image:width\" content=\"548\" \/>\n\t<meta property=\"og:image:height\" content=\"300\" \/>\n\t<meta property=\"og:image:type\" content=\"image\/jpeg\" \/>\n<meta name=\"twitter:card\" content=\"summary_large_image\" \/>\n<meta name=\"twitter:label1\" content=\"Ansl. lesetid\" \/>\n\t<meta name=\"twitter:data1\" content=\"2 minutter\" \/>\n<script type=\"application\/ld+json\" class=\"yoast-schema-graph\">{\"@context\":\"https:\/\/schema.org\",\"@graph\":[{\"@type\":\"WebPage\",\"@id\":\"https:\/\/casinoreturn.com\/no\/ontario-kasinoer-canada\/\",\"url\":\"https:\/\/casinoreturn.com\/no\/ontario-kasinoer-canada\/\",\"name\":\"Ontario kasinoer Canada - casinoreturn\",\"isPartOf\":{\"@id\":\"https:\/\/casinoreturn.com\/#website\"},\"primaryImageOfPage\":{\"@id\":\"https:\/\/casinoreturn.com\/no\/ontario-kasinoer-canada\/#primaryimage\"},\"image\":{\"@id\":\"https:\/\/casinoreturn.com\/no\/ontario-kasinoer-canada\/#primaryimage\"},\"thumbnailUrl\":\"https:\/\/casinoreturn.com\/wp-content\/uploads\/2024\/12\/Alcohol-and-Gaming-Commission-of-Ontario.jpg\",\"datePublished\":\"2024-11-11T14:31:40+00:00\",\"dateModified\":\"2025-03-13T17:09:49+00:00\",\"description\":\"Ontario Casinos Canada har en liste over nettkasinoer som har en Ontario Casino License. La oss finne ut hvem som er hvem i Ontario?\",\"breadcrumb\":{\"@id\":\"https:\/\/casinoreturn.com\/no\/ontario-kasinoer-canada\/#breadcrumb\"},\"inLanguage\":\"nb-NO\",\"potentialAction\":[{\"@type\":\"ReadAction\",\"target\":[\"https:\/\/casinoreturn.com\/no\/ontario-kasinoer-canada\/\"]}]},{\"@type\":\"ImageObject\",\"inLanguage\":\"nb-NO\",\"@id\":\"https:\/\/casinoreturn.com\/no\/ontario-kasinoer-canada\/#primaryimage\",\"url\":\"https:\/\/casinoreturn.com\/wp-content\/uploads\/2024\/12\/Alcohol-and-Gaming-Commission-of-Ontario.jpg\",\"contentUrl\":\"https:\/\/casinoreturn.com\/wp-content\/uploads\/2024\/12\/Alcohol-and-Gaming-Commission-of-Ontario.jpg\"},{\"@type\":\"BreadcrumbList\",\"@id\":\"https:\/\/casinoreturn.com\/no\/ontario-kasinoer-canada\/#breadcrumb\",\"itemListElement\":[{\"@type\":\"ListItem\",\"position\":1,\"name\":\"Home\",\"item\":\"https:\/\/casinoreturn.com\/no\/hjem\/\"},{\"@type\":\"ListItem\",\"position\":2,\"name\":\"Ontario kasinoer Canada\"}]},{\"@type\":\"WebSite\",\"@id\":\"https:\/\/casinoreturn.com\/#website\",\"url\":\"https:\/\/casinoreturn.com\/\",\"name\":\"casinoreturn\",\"description\":\"\",\"publisher\":{\"@id\":\"https:\/\/casinoreturn.com\/#organization\"},\"potentialAction\":[{\"@type\":\"SearchAction\",\"target\":{\"@type\":\"EntryPoint\",\"urlTemplate\":\"https:\/\/casinoreturn.com\/?s={search_term_string}\"},\"query-input\":{\"@type\":\"PropertyValueSpecification\",\"valueRequired\":true,\"valueName\":\"search_term_string\"}}],\"inLanguage\":\"nb-NO\"},{\"@type\":\"Organization\",\"@id\":\"https:\/\/casinoreturn.com\/#organization\",\"name\":\"casinoreturn\",\"url\":\"https:\/\/casinoreturn.com\/\",\"logo\":{\"@type\":\"ImageObject\",\"inLanguage\":\"nb-NO\",\"@id\":\"https:\/\/casinoreturn.com\/#\/schema\/logo\/image\/\",\"url\":\"https:\/\/casinoreturn.com\/wp-content\/uploads\/2024\/09\/animal-favicon.png\",\"contentUrl\":\"https:\/\/casinoreturn.com\/wp-content\/uploads\/2024\/09\/animal-favicon.png\",\"width\":92,\"height\":92,\"caption\":\"casinoreturn\"},\"image\":{\"@id\":\"https:\/\/casinoreturn.com\/#\/schema\/logo\/image\/\"}}]}<\/script>\n<!-- \/ Yoast SEO plugin. -->","yoast_head_json":{"title":"Ontario kasinoer Canada - casinoreturn","description":"Ontario Casinos Canada har en liste over nettkasinoer som har en Ontario Casino License. La oss finne ut hvem som er hvem i Ontario?","robots":{"index":"index","follow":"follow","max-snippet":"max-snippet:-1","max-image-preview":"max-image-preview:large","max-video-preview":"max-video-preview:-1"},"canonical":"https:\/\/casinoreturn.com\/no\/ontario-kasinoer-canada\/","og_locale":"nb_NO","og_type":"article","og_title":"Ontario kasinoer Canada - casinoreturn","og_description":"Ontario Casinos Canada har en liste over nettkasinoer som har en Ontario Casino License. La oss finne ut hvem som er hvem i Ontario?","og_url":"https:\/\/casinoreturn.com\/no\/ontario-kasinoer-canada\/","og_site_name":"casinoreturn","article_modified_time":"2025-03-13T17:09:49+00:00","og_image":[{"width":548,"height":300,"url":"https:\/\/casinoreturn.com\/wp-content\/uploads\/2024\/12\/Alcohol-and-Gaming-Commission-of-Ontario.jpg","type":"image\/jpeg"}],"twitter_card":"summary_large_image","twitter_misc":{"Ansl. lesetid":"2 minutter"},"schema":{"@context":"https:\/\/schema.org","@graph":[{"@type":"WebPage","@id":"https:\/\/casinoreturn.com\/no\/ontario-kasinoer-canada\/","url":"https:\/\/casinoreturn.com\/no\/ontario-kasinoer-canada\/","name":"Ontario kasinoer Canada - casinoreturn","isPartOf":{"@id":"https:\/\/casinoreturn.com\/#website"},"primaryImageOfPage":{"@id":"https:\/\/casinoreturn.com\/no\/ontario-kasinoer-canada\/#primaryimage"},"image":{"@id":"https:\/\/casinoreturn.com\/no\/ontario-kasinoer-canada\/#primaryimage"},"thumbnailUrl":"https:\/\/casinoreturn.com\/wp-content\/uploads\/2024\/12\/Alcohol-and-Gaming-Commission-of-Ontario.jpg","datePublished":"2024-11-11T14:31:40+00:00","dateModified":"2025-03-13T17:09:49+00:00","description":"Ontario Casinos Canada har en liste over nettkasinoer som har en Ontario Casino License. La oss finne ut hvem som er hvem i Ontario?","breadcrumb":{"@id":"https:\/\/casinoreturn.com\/no\/ontario-kasinoer-canada\/#breadcrumb"},"inLanguage":"nb-NO","potentialAction":[{"@type":"ReadAction","target":["https:\/\/casinoreturn.com\/no\/ontario-kasinoer-canada\/"]}]},{"@type":"ImageObject","inLanguage":"nb-NO","@id":"https:\/\/casinoreturn.com\/no\/ontario-kasinoer-canada\/#primaryimage","url":"https:\/\/casinoreturn.com\/wp-content\/uploads\/2024\/12\/Alcohol-and-Gaming-Commission-of-Ontario.jpg","contentUrl":"https:\/\/casinoreturn.com\/wp-content\/uploads\/2024\/12\/Alcohol-and-Gaming-Commission-of-Ontario.jpg"},{"@type":"BreadcrumbList","@id":"https:\/\/casinoreturn.com\/no\/ontario-kasinoer-canada\/#breadcrumb","itemListElement":[{"@type":"ListItem","position":1,"name":"Home","item":"https:\/\/casinoreturn.com\/no\/hjem\/"},{"@type":"ListItem","position":2,"name":"Ontario kasinoer Canada"}]},{"@type":"WebSite","@id":"https:\/\/casinoreturn.com\/#website","url":"https:\/\/casinoreturn.com\/","name":"casinoreturn","description":"","publisher":{"@id":"https:\/\/casinoreturn.com\/#organization"},"potentialAction":[{"@type":"SearchAction","target":{"@type":"EntryPoint","urlTemplate":"https:\/\/casinoreturn.com\/?s={search_term_string}"},"query-input":{"@type":"PropertyValueSpecification","valueRequired":true,"valueName":"search_term_string"}}],"inLanguage":"nb-NO"},{"@type":"Organization","@id":"https:\/\/casinoreturn.com\/#organization","name":"casinoreturn","url":"https:\/\/casinoreturn.com\/","logo":{"@type":"ImageObject","inLanguage":"nb-NO","@id":"https:\/\/casinoreturn.com\/#\/schema\/logo\/image\/","url":"https:\/\/casinoreturn.com\/wp-content\/uploads\/2024\/09\/animal-favicon.png","contentUrl":"https:\/\/casinoreturn.com\/wp-content\/uploads\/2024\/09\/animal-favicon.png","width":92,"height":92,"caption":"casinoreturn"},"image":{"@id":"https:\/\/casinoreturn.com\/#\/schema\/logo\/image\/"}}]}},"_links":{"self":[{"href":"https:\/\/casinoreturn.com\/no\/wp-json\/wp\/v2\/pages\/7911","targetHints":{"allow":["GET"]}}],"collection":[{"href":"https:\/\/casinoreturn.com\/no\/wp-json\/wp\/v2\/pages"}],"about":[{"href":"https:\/\/casinoreturn.com\/no\/wp-json\/wp\/v2\/types\/page"}],"author":[{"embeddable":true,"href":"https:\/\/casinoreturn.com\/no\/wp-json\/wp\/v2\/users\/1"}],"replies":[{"embeddable":true,"href":"https:\/\/casinoreturn.com\/no\/wp-json\/wp\/v2\/comments?post=7911"}],"version-history":[{"count":5,"href":"https:\/\/casinoreturn.com\/no\/wp-json\/wp\/v2\/pages\/7911\/revisions"}],"predecessor-version":[{"id":11346,"href":"https:\/\/casinoreturn.com\/no\/wp-json\/wp\/v2\/pages\/7911\/revisions\/11346"}],"wp:attachment":[{"href":"https:\/\/casinoreturn.com\/no\/wp-json\/wp\/v2\/media?parent=7911"}],"curies":[{"name":"wp","href":"https:\/\/api.w.org\/{rel}","templated":true}]}}