{"id":15983,"date":"2025-10-20T11:35:56","date_gmt":"2025-10-20T11:35:56","guid":{"rendered":"https:\/\/casinoreturn.com\/kasyna-z-loteriami-w-wirginii\/"},"modified":"2025-10-31T14:12:41","modified_gmt":"2025-10-31T14:12:41","slug":"kasyna-z-loteriami-w-wirginii","status":"publish","type":"page","link":"https:\/\/casinoreturn.com\/pl\/kasyna-z-loteriami-w-wirginii\/","title":{"rendered":"Kasyna z loteriami w Wirginii"},"content":{"rendered":"\t\t<div data-elementor-type=\"wp-page\" data-elementor-id=\"15983\" class=\"elementor elementor-15983\" data-elementor-post-type=\"page\">\n\t\t\t\t<div class=\"elementor-element elementor-element-047734d e-con-full e-flex e-con e-parent\" data-id=\"047734d\" data-element_type=\"container\" data-e-type=\"container\">\n\t\t\t\t<div class=\"elementor-element elementor-element-1de28d0 elementor-widget elementor-widget-heading\" data-id=\"1de28d0\" data-element_type=\"widget\" data-e-type=\"widget\" data-widget_type=\"heading.default\">\n\t\t\t\t<div class=\"elementor-widget-container\">\n\t\t\t\t\t<h2 class=\"elementor-heading-title elementor-size-default\">Kasyna z loteriami w Wirginii<\/h2>\t\t\t\t<\/div>\n\t\t\t\t<\/div>\n\t\t\t\t<div class=\"elementor-element elementor-element-84aa821 elementor-widget elementor-widget-text-editor\" data-id=\"84aa821\" data-element_type=\"widget\" data-e-type=\"widget\" data-widget_type=\"text-editor.default\">\n\t\t\t\t<div class=\"elementor-widget-container\">\n\t\t\t\t\t\t\t\t\t<p>Kasyna Sweepstake w Wirginii s\u0105 uwa\u017cane za nieb\u0119d\u0105ce hazardem ze wzgl\u0119du na model darmowego wej\u015bcia. Inne stany, takie jak Nowy Jork i Kalifornia, zaj\u0119\u0142y bardziej zdecydowane stanowisko w sprawie kasyn loteryjnych. Przeczytaj wi\u0119cej o <a href=\"https:\/\/casinoreturn.com\/new-york-sweepstake-casinos\/\">Nowym Jorku i jego obecnym podej\u015bciu prawnym do kasyn loteryjnych<\/a>. A tutaj znajduje si\u0119 pe\u0142na recenzja na temat <a href=\"https:\/\/casinoreturn.com\/california-bans-social-sweepstake-games\/\">kalifornijskiego podej\u015bcia do kasyn typu sweepstake<\/a>.<\/p>\n<p><img fetchpriority=\"high\" decoding=\"async\" class=\"alignnone size-medium wp-image-15603\" src=\"https:\/\/casinoreturn.com\/wp-content\/uploads\/2025\/10\/Sweepstake-Casinos-in-Virginia-300x300.png\" alt=\"Kasyna z loteriami w Wirginii\" width=\"300\" height=\"300\" srcset=\"https:\/\/casinoreturn.com\/wp-content\/uploads\/2025\/10\/Sweepstake-Casinos-in-Virginia-300x300.png 300w, https:\/\/casinoreturn.com\/wp-content\/uploads\/2025\/10\/Sweepstake-Casinos-in-Virginia-150x150.png 150w, https:\/\/casinoreturn.com\/wp-content\/uploads\/2025\/10\/Sweepstake-Casinos-in-Virginia-768x768.png 768w, https:\/\/casinoreturn.com\/wp-content\/uploads\/2025\/10\/Sweepstake-Casinos-in-Virginia.png 1024w\" sizes=\"(max-width: 300px) 100vw, 300px\" \/><\/p>\n<p>W tym artykule:  <\/p>\n<ul>\n<li><a href=\"https:\/\/casinoreturn.com\/pl\/kasyna-z-loteriami-w-wirginii\/#virginia\">Loteria w Wirginii  <\/a><\/li>\n<li><a href=\"https:\/\/casinoreturn.com\/pl\/kasyna-z-loteriami-w-wirginii\/#sport\">Zak\u0142ady sportowe w Wirginii  <\/a><\/li>\n<li><a href=\"https:\/\/casinoreturn.com\/pl\/kasyna-z-loteriami-w-wirginii\/#list\">Lista kasyn z loteri\u0105 w stanie Wirginia  <\/a><\/li>\n<li><a href=\"https:\/\/casinoreturn.com\/pl\/kasyna-z-loteriami-w-wirginii\/#land\">L\u0105dowe kasyna Real Monay w Viginia<\/a><\/li>\n<li><a href=\"https:\/\/casinoreturn.com\/pl\/kasyna-z-loteriami-w-wirginii\/#faq\">Loteria FQA w Wirginii<\/a><\/li>\n<\/ul>\n\t\t\t\t\t\t\t\t<\/div>\n\t\t\t\t<\/div>\n\t\t\t\t<div class=\"elementor-element elementor-element-8978e42 elementor-widget elementor-widget-heading\" data-id=\"8978e42\" data-element_type=\"widget\" data-e-type=\"widget\" data-widget_type=\"heading.default\">\n\t\t\t\t<div class=\"elementor-widget-container\">\n\t\t\t\t\t<h3 class=\"elementor-heading-title elementor-size-default\">Loterie w Wirginii<\/h3>\t\t\t\t<\/div>\n\t\t\t\t<\/div>\n\t\t\t\t<div class=\"elementor-element elementor-element-48ec529 elementor-widget elementor-widget-text-editor\" data-id=\"48ec529\" data-element_type=\"widget\" data-e-type=\"widget\" id=\"virginia\" data-widget_type=\"text-editor.default\">\n\t\t\t\t<div class=\"elementor-widget-container\">\n\t\t\t\t\t\t\t\t\t<p>Loterie to nowy spos\u00f3b na zwi\u0119kszenie wra\u017ce\u0144 z gry bez wyk\u0142adania prawdziwych pieni\u0119dzy. Kasyna online oferuj\u0105ce loterie na prawdziwe pieni\u0105dze oferuj\u0105 komfort \u0142atwego wej\u015bcia do gry w kasynach spo\u0142eczno\u015bciowych z dodatkowymi promocjami. Nie jest wymagany \u017caden zakup, a tak zwane z\u0142ote monety s\u0105 przyznawane za darmo. Przeczytaj wi\u0119cej o kasynach spo\u0142eczno\u015bciowych w naszej sekcji <a href=\"https:\/\/casinoreturn.com\/sweep-stake-casino-return-usa\/\">sweepstake casino return USA<\/a>, gdzie znajdziesz szczeg\u00f3\u0142owe odpowiedzi na temat z\u0142otych monet, promocji, przepis\u00f3w i r\u00f3\u017cnicy mi\u0119dzy kasynem spo\u0142eczno\u015bciowym a kasynem loteryjnym.  <\/p>\n<p><img decoding=\"async\" class=\"alignnone size-medium wp-image-14813\" src=\"https:\/\/casinoreturn.com\/wp-content\/uploads\/2025\/10\/Sweep-stake-casino-return-300x166.jpg\" alt=\"Zwrot z kasyna za stawk\u0119 Sweep\" width=\"300\" height=\"166\" srcset=\"https:\/\/casinoreturn.com\/wp-content\/uploads\/2025\/10\/Sweep-stake-casino-return-300x166.jpg 300w, https:\/\/casinoreturn.com\/wp-content\/uploads\/2025\/10\/Sweep-stake-casino-return-768x424.jpg 768w, https:\/\/casinoreturn.com\/wp-content\/uploads\/2025\/10\/Sweep-stake-casino-return.jpg 906w\" sizes=\"(max-width: 300px) 100vw, 300px\" \/><\/p>\n<p>Dobr\u0105 wiadomo\u015bci\u0105 dla graczy w Wirginii jest to, \u017ce jest to legalne, chyba \u017ce operatorzy oferuj\u0105 ukryte sposoby gry na prawdziwe pieni\u0105dze, co by\u0142oby uznane za nielegalne.  <\/p>\n\t\t\t\t\t\t\t\t<\/div>\n\t\t\t\t<\/div>\n\t\t\t\t<div class=\"elementor-element elementor-element-601b0c0 elementor-widget elementor-widget-heading\" data-id=\"601b0c0\" data-element_type=\"widget\" data-e-type=\"widget\" data-widget_type=\"heading.default\">\n\t\t\t\t<div class=\"elementor-widget-container\">\n\t\t\t\t\t<h3 class=\"elementor-heading-title elementor-size-default\">Zak\u0142ady sportowe w Wirginii<\/h3>\t\t\t\t<\/div>\n\t\t\t\t<\/div>\n\t\t\t\t<div class=\"elementor-element elementor-element-a402086 elementor-widget elementor-widget-text-editor\" data-id=\"a402086\" data-element_type=\"widget\" data-e-type=\"widget\" id=\"sport\" data-widget_type=\"text-editor.default\">\n\t\t\t\t<div class=\"elementor-widget-container\">\n\t\t\t\t\t\t\t\t\t<p>Zak\u0142ady sportowe s\u0105 dozwolone w stanie Wirginia na mocy artyku\u0142u 2 rozdzia\u0142u 40, z tytu\u0142em Virginia Code 58.1. Brzmi skomplikowanie? Nie, nie jest. Gracze musz\u0105 mie\u0107 uko\u0144czone 21 lat i znajdowa\u0107 si\u0119 w stanie Wirginia. Operatorzy oferuj\u0105cy zak\u0142ady mobilne MUSZ\u0104 posiada\u0107 lokaln\u0105 (z siedzib\u0105 w Wirginii) licencj\u0119.  <\/p>\n<p><strong>Podobnie jak w wi\u0119kszo\u015bci stan\u00f3w USA, zak\u0142ady na wydarzenia sportowe na poziomie college&#8217;u i wszelkie sporty z udzia\u0142em nieletnich s\u0105 zabronione, je\u015bli na przyk\u0142ad zaanga\u017cowana jest dru\u017cyna z Wirginii.  <\/strong><\/p>\n<p>Operatorzy w Wirginii musz\u0105 przestrzega\u0107 zasad i przepis\u00f3w bezpiecze\u0144stwa, aby zagwarantowa\u0107 odpowiedzialn\u0105 gr\u0119. Ich licencja nakazuje r\u00f3wnie\u017c p\u0142acenie 15% podatku GGR od zysk\u00f3w.  <\/p>\n\t\t\t\t\t\t\t\t<\/div>\n\t\t\t\t<\/div>\n\t\t\t\t<div class=\"elementor-element elementor-element-2f1924c elementor-widget elementor-widget-heading\" data-id=\"2f1924c\" data-element_type=\"widget\" data-e-type=\"widget\" data-widget_type=\"heading.default\">\n\t\t\t\t<div class=\"elementor-widget-container\">\n\t\t\t\t\t<h2 class=\"elementor-heading-title elementor-size-default\">Lista operator\u00f3w zak\u0142ad\u00f3w sportowych w Wirginii<\/h2>\t\t\t\t<\/div>\n\t\t\t\t<\/div>\n\t\t\t\t<div class=\"elementor-element elementor-element-72b28f4 elementor-widget elementor-widget-text-editor\" data-id=\"72b28f4\" data-element_type=\"widget\" data-e-type=\"widget\" id=\"list\" data-widget_type=\"text-editor.default\">\n\t\t\t\t<div class=\"elementor-widget-container\">\n\t\t\t\t\t\t\t\t\t<p>Lista operator\u00f3w zak\u0142ad\u00f3w sportowych w Wirginii. Jak wida\u0107, poni\u017csza lista zawiera niewiele niespodzianek. Wielka tr\u00f3jka w zak\u0142adach bukmacherskich w USA jest obecna, a tak\u017ce kilka europejskich witryn z podobnymi lub nawet lepszymi platformami bukmacherskimi.  <\/p>\n<p>Oto 5 najlepszych witryn bukmacherskich w Wirginii:  <\/p>\n<ul>\n<li>Bet365 &#8211; Mistrz boiska, prawdziwy gracz<\/li>\n<li>BetMGM &#8211; du\u017ca marka w USA, 4. miejsce pod wzgl\u0119dem przychod\u00f3w w 2025 r.<\/li>\n<li>Ceasars Sportsbook &#8211; zajmuje 5. miejsce pod wzgl\u0119dem przychod\u00f3w, ale ma silne portfolio  <\/li>\n<li>FanDuel &#8211; nie wymaga dalszego przedstawiania, nadchodz\u0105cy z najwi\u0119kszym wzrostem w 2025 r.<\/li>\n<li>Fanatics &#8211; miejsce w pierwszej dw\u00f3jce, lider rynku w USA  <\/li>\n<\/ul>\n\t\t\t\t\t\t\t\t<\/div>\n\t\t\t\t<\/div>\n\t\t\t\t<div class=\"elementor-element elementor-element-80164e0 elementor-widget elementor-widget-heading\" data-id=\"80164e0\" data-element_type=\"widget\" data-e-type=\"widget\" data-widget_type=\"heading.default\">\n\t\t\t\t<div class=\"elementor-widget-container\">\n\t\t\t\t\t<h3 class=\"elementor-heading-title elementor-size-default\">Kasyna naziemne w stanie Wirginia  <\/h3>\t\t\t\t<\/div>\n\t\t\t\t<\/div>\n\t\t\t\t<div class=\"elementor-element elementor-element-3d78c2a elementor-widget elementor-widget-text-editor\" data-id=\"3d78c2a\" data-element_type=\"widget\" data-e-type=\"widget\" id=\"land\" data-widget_type=\"text-editor.default\">\n\t\t\t\t<div class=\"elementor-widget-container\">\n\t\t\t\t\t\t\t\t\t<p>Kasyna naziemne w Wirginii w Stanach Zjednoczonych s\u0105 bardzo ograniczone. W 2020 r. tylko 5 licencji zosta\u0142o przyznanych kasynom naziemnym. Obecnie dzia\u0142aj\u0105 3 z 5 kasyn, a dwa s\u0105 w fazie rozwoju. Te trzy kasyna w Bristolu w USA, Portsmouth w USA i Danville ju\u017c same w sobie s\u0105 imponuj\u0105cymi statystykami. Tylko w 2024 r. \u0142\u0105czne przychody z gier wynios\u0105 1,4 mld USD. Przychody z tej dzia\u0142alno\u015bci s\u0105 generowane przez kasyna na prawdziwe pieni\u0105dze: Automaty do gier, gry sto\u0142owe, gry z krupierem na \u017cywo, zak\u0142ady bukmacherskie i detaliczne automaty bukmacherskie.  <\/p>\n\t\t\t\t\t\t\t\t<\/div>\n\t\t\t\t<\/div>\n\t\t\t\t<div class=\"elementor-element elementor-element-d7fd54d elementor-widget elementor-widget-heading\" data-id=\"d7fd54d\" data-element_type=\"widget\" data-e-type=\"widget\" data-widget_type=\"heading.default\">\n\t\t\t\t<div class=\"elementor-widget-container\">\n\t\t\t\t\t<h3 class=\"elementor-heading-title elementor-size-default\">Najcz\u0119\u015bciej zadawane pytania dotycz\u0105ce kasyn Sweepstake w Wirginii<\/h3>\t\t\t\t<\/div>\n\t\t\t\t<\/div>\n\t\t\t\t<div class=\"elementor-element elementor-element-59fc1da elementor-widget elementor-widget-elementskit-faq\" data-id=\"59fc1da\" data-element_type=\"widget\" data-e-type=\"widget\" id=\"faq\" data-widget_type=\"elementskit-faq.default\">\n\t\t\t\t<div class=\"elementor-widget-container\">\n\t\t\t\t\t<div class=\"ekit-wid-con\" >\n                <div class=\"elementskit-single-faq elementor-repeater-item-8a3ec80\">\n            <div class=\"elementskit-faq-header\">\n                <h2 class=\"elementskit-faq-title\">What are Gold Coins in Sweepstake casinos?<\/h2>\n            <\/div>\n            <div class=\"elementskit-faq-body\">\n                Other than Real money casinos, Gold coins are a free giveaway in online Social Casinos. Gold coins are a promotional addition and can be part of a social Casino without a purchase.             <\/div>\n        <\/div>\n                <div class=\"elementskit-single-faq elementor-repeater-item-c0e40d1\">\n            <div class=\"elementskit-faq-header\">\n                <h2 class=\"elementskit-faq-title\">Can I bet on College football in Virginia, US? <\/h2>\n            <\/div>\n            <div class=\"elementskit-faq-body\">\n                The answer is NO. you can't bet on College football, or college sport events in Virginia. Same applies to any event involving minors.            <\/div>\n        <\/div>\n                <div class=\"elementskit-single-faq elementor-repeater-item-7190428\">\n            <div class=\"elementskit-faq-header\">\n                <h2 class=\"elementskit-faq-title\">Where can I play casino with real money in Virginia?<\/h2>\n            <\/div>\n            <div class=\"elementskit-faq-body\">\n                Real money casinos are land-based only. With currently 3 out of 5 land-based Casinos running, the choice is limited.             <\/div>\n        <\/div>\n                \n    <\/div>\t\t\t\t<\/div>\n\t\t\t\t<\/div>\n\t\t\t\t<\/div>\n\t\t\t\t<\/div>\n\t\t","protected":false},"excerpt":{"rendered":"<p>Kasyna z loteriami w Wirginii Kasyna Sweepstake w Wirginii s\u0105 uwa\u017cane za nieb\u0119d\u0105ce hazardem ze wzgl\u0119du na model darmowego wej\u015bcia. Inne stany, takie jak Nowy Jork i Kalifornia, zaj\u0119\u0142y bardziej zdecydowane stanowisko w sprawie kasyn loteryjnych. Przeczytaj wi\u0119cej o Nowym Jorku i jego obecnym podej\u015bciu prawnym do kasyn loteryjnych. A tutaj znajduje si\u0119 pe\u0142na recenzja [&hellip;]<\/p>\n","protected":false},"author":1,"featured_media":15609,"parent":0,"menu_order":0,"comment_status":"closed","ping_status":"closed","template":"","meta":{"footnotes":""},"class_list":["post-15983","page","type-page","status-publish","has-post-thumbnail","hentry"],"blocksy_meta":[],"acf":[],"yoast_head":"<!-- This site is optimized with the Yoast SEO plugin v24.1 - https:\/\/yoast.com\/wordpress\/plugins\/seo\/ -->\n<title>Kasyna z loteriami w Wirginii - casinoreturn<\/title>\n<meta name=\"description\" content=\"Kasyna Sweepstake w Wirginii s\u0105 na razie legalne. Loterie promocyjne s\u0105 kluczem do zachowania legalno\u015bci bez wymiany got\u00f3wki.\" \/>\n<meta name=\"robots\" content=\"index, follow, max-snippet:-1, max-image-preview:large, max-video-preview:-1\" \/>\n<link rel=\"canonical\" href=\"https:\/\/casinoreturn.com\/pl\/kasyna-z-loteriami-w-wirginii\/\" \/>\n<meta property=\"og:locale\" content=\"pl_PL\" \/>\n<meta property=\"og:type\" content=\"article\" \/>\n<meta property=\"og:title\" content=\"Kasyna z loteriami w Wirginii - casinoreturn\" \/>\n<meta property=\"og:description\" content=\"Kasyna Sweepstake w Wirginii s\u0105 na razie legalne. Loterie promocyjne s\u0105 kluczem do zachowania legalno\u015bci bez wymiany got\u00f3wki.\" \/>\n<meta property=\"og:url\" content=\"https:\/\/casinoreturn.com\/pl\/kasyna-z-loteriami-w-wirginii\/\" \/>\n<meta property=\"og:site_name\" content=\"casinoreturn\" \/>\n<meta property=\"article:modified_time\" content=\"2025-10-31T14:12:41+00:00\" \/>\n<meta property=\"og:image\" content=\"https:\/\/casinoreturn.com\/wp-content\/uploads\/2025\/10\/Sweepstake-Casinos-in-Virginia.png\" \/>\n\t<meta property=\"og:image:width\" content=\"1024\" \/>\n\t<meta property=\"og:image:height\" content=\"1024\" \/>\n\t<meta property=\"og:image:type\" content=\"image\/png\" \/>\n<meta name=\"twitter:card\" content=\"summary_large_image\" \/>\n<meta name=\"twitter:label1\" content=\"Szacowany czas czytania\" \/>\n\t<meta name=\"twitter:data1\" content=\"3 minuty\" \/>\n<script type=\"application\/ld+json\" class=\"yoast-schema-graph\">{\"@context\":\"https:\/\/schema.org\",\"@graph\":[{\"@type\":\"WebPage\",\"@id\":\"https:\/\/casinoreturn.com\/pl\/kasyna-z-loteriami-w-wirginii\/\",\"url\":\"https:\/\/casinoreturn.com\/pl\/kasyna-z-loteriami-w-wirginii\/\",\"name\":\"Kasyna z loteriami w Wirginii - casinoreturn\",\"isPartOf\":{\"@id\":\"https:\/\/casinoreturn.com\/#website\"},\"primaryImageOfPage\":{\"@id\":\"https:\/\/casinoreturn.com\/pl\/kasyna-z-loteriami-w-wirginii\/#primaryimage\"},\"image\":{\"@id\":\"https:\/\/casinoreturn.com\/pl\/kasyna-z-loteriami-w-wirginii\/#primaryimage\"},\"thumbnailUrl\":\"https:\/\/casinoreturn.com\/wp-content\/uploads\/2025\/10\/Sweepstake-Casinos-in-Virginia.png\",\"datePublished\":\"2025-10-20T11:35:56+00:00\",\"dateModified\":\"2025-10-31T14:12:41+00:00\",\"description\":\"Kasyna Sweepstake w Wirginii s\u0105 na razie legalne. Loterie promocyjne s\u0105 kluczem do zachowania legalno\u015bci bez wymiany got\u00f3wki.\",\"breadcrumb\":{\"@id\":\"https:\/\/casinoreturn.com\/pl\/kasyna-z-loteriami-w-wirginii\/#breadcrumb\"},\"inLanguage\":\"pl-PL\",\"potentialAction\":[{\"@type\":\"ReadAction\",\"target\":[\"https:\/\/casinoreturn.com\/pl\/kasyna-z-loteriami-w-wirginii\/\"]}]},{\"@type\":\"ImageObject\",\"inLanguage\":\"pl-PL\",\"@id\":\"https:\/\/casinoreturn.com\/pl\/kasyna-z-loteriami-w-wirginii\/#primaryimage\",\"url\":\"https:\/\/casinoreturn.com\/wp-content\/uploads\/2025\/10\/Sweepstake-Casinos-in-Virginia.png\",\"contentUrl\":\"https:\/\/casinoreturn.com\/wp-content\/uploads\/2025\/10\/Sweepstake-Casinos-in-Virginia.png\",\"width\":1024,\"height\":1024,\"caption\":\"Sweepstake Casinos in Virginia\"},{\"@type\":\"BreadcrumbList\",\"@id\":\"https:\/\/casinoreturn.com\/pl\/kasyna-z-loteriami-w-wirginii\/#breadcrumb\",\"itemListElement\":[{\"@type\":\"ListItem\",\"position\":1,\"name\":\"Home\",\"item\":\"https:\/\/casinoreturn.com\/pl\/strona-glowna\/\"},{\"@type\":\"ListItem\",\"position\":2,\"name\":\"Kasyna z loteriami w Wirginii\"}]},{\"@type\":\"WebSite\",\"@id\":\"https:\/\/casinoreturn.com\/#website\",\"url\":\"https:\/\/casinoreturn.com\/\",\"name\":\"casinoreturn\",\"description\":\"\",\"publisher\":{\"@id\":\"https:\/\/casinoreturn.com\/#organization\"},\"potentialAction\":[{\"@type\":\"SearchAction\",\"target\":{\"@type\":\"EntryPoint\",\"urlTemplate\":\"https:\/\/casinoreturn.com\/?s={search_term_string}\"},\"query-input\":{\"@type\":\"PropertyValueSpecification\",\"valueRequired\":true,\"valueName\":\"search_term_string\"}}],\"inLanguage\":\"pl-PL\"},{\"@type\":\"Organization\",\"@id\":\"https:\/\/casinoreturn.com\/#organization\",\"name\":\"casinoreturn\",\"url\":\"https:\/\/casinoreturn.com\/\",\"logo\":{\"@type\":\"ImageObject\",\"inLanguage\":\"pl-PL\",\"@id\":\"https:\/\/casinoreturn.com\/#\/schema\/logo\/image\/\",\"url\":\"https:\/\/casinoreturn.com\/wp-content\/uploads\/2024\/09\/animal-favicon.png\",\"contentUrl\":\"https:\/\/casinoreturn.com\/wp-content\/uploads\/2024\/09\/animal-favicon.png\",\"width\":92,\"height\":92,\"caption\":\"casinoreturn\"},\"image\":{\"@id\":\"https:\/\/casinoreturn.com\/#\/schema\/logo\/image\/\"}}]}<\/script>\n<!-- \/ Yoast SEO plugin. -->","yoast_head_json":{"title":"Kasyna z loteriami w Wirginii - casinoreturn","description":"Kasyna Sweepstake w Wirginii s\u0105 na razie legalne. Loterie promocyjne s\u0105 kluczem do zachowania legalno\u015bci bez wymiany got\u00f3wki.","robots":{"index":"index","follow":"follow","max-snippet":"max-snippet:-1","max-image-preview":"max-image-preview:large","max-video-preview":"max-video-preview:-1"},"canonical":"https:\/\/casinoreturn.com\/pl\/kasyna-z-loteriami-w-wirginii\/","og_locale":"pl_PL","og_type":"article","og_title":"Kasyna z loteriami w Wirginii - casinoreturn","og_description":"Kasyna Sweepstake w Wirginii s\u0105 na razie legalne. Loterie promocyjne s\u0105 kluczem do zachowania legalno\u015bci bez wymiany got\u00f3wki.","og_url":"https:\/\/casinoreturn.com\/pl\/kasyna-z-loteriami-w-wirginii\/","og_site_name":"casinoreturn","article_modified_time":"2025-10-31T14:12:41+00:00","og_image":[{"width":1024,"height":1024,"url":"https:\/\/casinoreturn.com\/wp-content\/uploads\/2025\/10\/Sweepstake-Casinos-in-Virginia.png","type":"image\/png"}],"twitter_card":"summary_large_image","twitter_misc":{"Szacowany czas czytania":"3 minuty"},"schema":{"@context":"https:\/\/schema.org","@graph":[{"@type":"WebPage","@id":"https:\/\/casinoreturn.com\/pl\/kasyna-z-loteriami-w-wirginii\/","url":"https:\/\/casinoreturn.com\/pl\/kasyna-z-loteriami-w-wirginii\/","name":"Kasyna z loteriami w Wirginii - casinoreturn","isPartOf":{"@id":"https:\/\/casinoreturn.com\/#website"},"primaryImageOfPage":{"@id":"https:\/\/casinoreturn.com\/pl\/kasyna-z-loteriami-w-wirginii\/#primaryimage"},"image":{"@id":"https:\/\/casinoreturn.com\/pl\/kasyna-z-loteriami-w-wirginii\/#primaryimage"},"thumbnailUrl":"https:\/\/casinoreturn.com\/wp-content\/uploads\/2025\/10\/Sweepstake-Casinos-in-Virginia.png","datePublished":"2025-10-20T11:35:56+00:00","dateModified":"2025-10-31T14:12:41+00:00","description":"Kasyna Sweepstake w Wirginii s\u0105 na razie legalne. Loterie promocyjne s\u0105 kluczem do zachowania legalno\u015bci bez wymiany got\u00f3wki.","breadcrumb":{"@id":"https:\/\/casinoreturn.com\/pl\/kasyna-z-loteriami-w-wirginii\/#breadcrumb"},"inLanguage":"pl-PL","potentialAction":[{"@type":"ReadAction","target":["https:\/\/casinoreturn.com\/pl\/kasyna-z-loteriami-w-wirginii\/"]}]},{"@type":"ImageObject","inLanguage":"pl-PL","@id":"https:\/\/casinoreturn.com\/pl\/kasyna-z-loteriami-w-wirginii\/#primaryimage","url":"https:\/\/casinoreturn.com\/wp-content\/uploads\/2025\/10\/Sweepstake-Casinos-in-Virginia.png","contentUrl":"https:\/\/casinoreturn.com\/wp-content\/uploads\/2025\/10\/Sweepstake-Casinos-in-Virginia.png","width":1024,"height":1024,"caption":"Sweepstake Casinos in Virginia"},{"@type":"BreadcrumbList","@id":"https:\/\/casinoreturn.com\/pl\/kasyna-z-loteriami-w-wirginii\/#breadcrumb","itemListElement":[{"@type":"ListItem","position":1,"name":"Home","item":"https:\/\/casinoreturn.com\/pl\/strona-glowna\/"},{"@type":"ListItem","position":2,"name":"Kasyna z loteriami w Wirginii"}]},{"@type":"WebSite","@id":"https:\/\/casinoreturn.com\/#website","url":"https:\/\/casinoreturn.com\/","name":"casinoreturn","description":"","publisher":{"@id":"https:\/\/casinoreturn.com\/#organization"},"potentialAction":[{"@type":"SearchAction","target":{"@type":"EntryPoint","urlTemplate":"https:\/\/casinoreturn.com\/?s={search_term_string}"},"query-input":{"@type":"PropertyValueSpecification","valueRequired":true,"valueName":"search_term_string"}}],"inLanguage":"pl-PL"},{"@type":"Organization","@id":"https:\/\/casinoreturn.com\/#organization","name":"casinoreturn","url":"https:\/\/casinoreturn.com\/","logo":{"@type":"ImageObject","inLanguage":"pl-PL","@id":"https:\/\/casinoreturn.com\/#\/schema\/logo\/image\/","url":"https:\/\/casinoreturn.com\/wp-content\/uploads\/2024\/09\/animal-favicon.png","contentUrl":"https:\/\/casinoreturn.com\/wp-content\/uploads\/2024\/09\/animal-favicon.png","width":92,"height":92,"caption":"casinoreturn"},"image":{"@id":"https:\/\/casinoreturn.com\/#\/schema\/logo\/image\/"}}]}},"_links":{"self":[{"href":"https:\/\/casinoreturn.com\/pl\/wp-json\/wp\/v2\/pages\/15983","targetHints":{"allow":["GET"]}}],"collection":[{"href":"https:\/\/casinoreturn.com\/pl\/wp-json\/wp\/v2\/pages"}],"about":[{"href":"https:\/\/casinoreturn.com\/pl\/wp-json\/wp\/v2\/types\/page"}],"author":[{"embeddable":true,"href":"https:\/\/casinoreturn.com\/pl\/wp-json\/wp\/v2\/users\/1"}],"replies":[{"embeddable":true,"href":"https:\/\/casinoreturn.com\/pl\/wp-json\/wp\/v2\/comments?post=15983"}],"version-history":[{"count":1,"href":"https:\/\/casinoreturn.com\/pl\/wp-json\/wp\/v2\/pages\/15983\/revisions"}],"predecessor-version":[{"id":15984,"href":"https:\/\/casinoreturn.com\/pl\/wp-json\/wp\/v2\/pages\/15983\/revisions\/15984"}],"wp:featuredmedia":[{"embeddable":true,"href":"https:\/\/casinoreturn.com\/pl\/wp-json\/wp\/v2\/media\/15609"}],"wp:attachment":[{"href":"https:\/\/casinoreturn.com\/pl\/wp-json\/wp\/v2\/media?parent=15983"}],"curies":[{"name":"wp","href":"https:\/\/api.w.org\/{rel}","templated":true}]}}