{"id":16035,"date":"2025-10-17T16:07:39","date_gmt":"2025-10-17T16:07:39","guid":{"rendered":"https:\/\/casinoreturn.com\/kasyna-z-loteriami-na-florydzie\/"},"modified":"2025-10-31T14:28:57","modified_gmt":"2025-10-31T14:28:57","slug":"kasyna-z-loteriami-na-florydzie","status":"publish","type":"page","link":"https:\/\/casinoreturn.com\/pl\/kasyna-z-loteriami-na-florydzie\/","title":{"rendered":"Kasyna z loteriami na Florydzie"},"content":{"rendered":"\t\t<div data-elementor-type=\"wp-page\" data-elementor-id=\"16035\" class=\"elementor elementor-16035\" data-elementor-post-type=\"page\">\n\t\t\t\t<div class=\"elementor-element elementor-element-550cc17 e-con-full e-flex e-con e-parent\" data-id=\"550cc17\" data-element_type=\"container\">\n\t\t\t\t<div class=\"elementor-element elementor-element-5396053 elementor-widget elementor-widget-heading\" data-id=\"5396053\" data-element_type=\"widget\" data-widget_type=\"heading.default\">\n\t\t\t\t<div class=\"elementor-widget-container\">\n\t\t\t\t\t<h3 class=\"elementor-heading-title elementor-size-default\">Kasyna z loteriami na Florydzie<\/h3>\t\t\t\t<\/div>\n\t\t\t\t<\/div>\n\t\t\t\t<div class=\"elementor-element elementor-element-4383f5b elementor-widget elementor-widget-text-editor\" data-id=\"4383f5b\" data-element_type=\"widget\" data-widget_type=\"text-editor.default\">\n\t\t\t\t<div class=\"elementor-widget-container\">\n\t\t\t\t\t\t\t\t\t<p>Kasyna Sweepstake na Florydzie s\u0105 obecnie uwa\u017cane za konkursy promocyjne, a nie hazard. To dobra wiadomo\u015b\u0107. Komisja Kontroli Gier na Florydzie nie zakaza\u0142a jeszcze loterii i ich Goldcoin\u00f3w. W 2025 r. z\u0142o\u017cono jednak propozycje sklasyfikowania kasyn loteryjnych jako hazardu internetowego. Obie strony, operatorzy loterii i organy regulacyjne, pracuj\u0105 nad projektami wspieraj\u0105cymi ich sprawy. Darmowa gra w wielu stanach USA staje si\u0119 przedmiotem kontroli. <a href=\"https:\/\/casinoreturn.com\/sweep-stake-casino-return-usa\/\">Kasyna spo\u0142eczno\u015bciowe<\/a>, w wielu stanach nadal legalne, s\u0105 pod ostrza\u0142em, aby zosta\u0107 uznane za nielegalne przez coraz wi\u0119cej stan\u00f3w.<\/p>\n<p><strong>W tym artykule:<\/strong><\/p>\n<ul>\n<li>Lista kasyn z loteriami<\/li>\n<li>Przepisy na Florydzie<\/li>\n<li>Lista kasyn z zak\u0142adami sportowymi na Florydzie<\/li>\n<li>Najcz\u0119\u015bciej zadawane pytania Sweepstake Florida Casinos<\/li>\n<\/ul>\n<p><img decoding=\"async\" class=\"alignnone wp-image-15496\" src=\"https:\/\/casinoreturn.com\/wp-content\/uploads\/2025\/10\/Sweepstake-Casinos-in-Florida.png\" alt=\"Kasyna z loteriami na Florydzie\" width=\"125\" height=\"125\" srcset=\"https:\/\/casinoreturn.com\/wp-content\/uploads\/2025\/10\/Sweepstake-Casinos-in-Florida.png 225w, https:\/\/casinoreturn.com\/wp-content\/uploads\/2025\/10\/Sweepstake-Casinos-in-Florida-150x150.png 150w\" sizes=\"(max-width: 125px) 100vw, 125px\" \/><\/p>\n\t\t\t\t\t\t\t\t<\/div>\n\t\t\t\t<\/div>\n\t\t\t\t<div class=\"elementor-element elementor-element-d15c0ae elementor-widget elementor-widget-heading\" data-id=\"d15c0ae\" data-element_type=\"widget\" data-widget_type=\"heading.default\">\n\t\t\t\t<div class=\"elementor-widget-container\">\n\t\t\t\t\t<h3 class=\"elementor-heading-title elementor-size-default\">Lista kasyn z loteriami na Florydzie<\/h3>\t\t\t\t<\/div>\n\t\t\t\t<\/div>\n\t\t\t\t<div class=\"elementor-element elementor-element-fe42027 elementor-widget elementor-widget-text-editor\" data-id=\"fe42027\" data-element_type=\"widget\" data-widget_type=\"text-editor.default\">\n\t\t\t\t<div class=\"elementor-widget-container\">\n\t\t\t\t\t\t\t\t\t<p>Kasyna Sweepstake na Florydzie nie s\u0105 tak obfite. Nie ma wi\u0119cej zarejestrowanych ni\u017c tuzin, ale niekt\u00f3rzy operatorzy oferuj\u0105 swoje z\u0142ote monety w loteriach w niekt\u00f3rych szarych strefach. W \u017cadnej konkretnej kolejno\u015bci ani rankingu:<\/p>\n<ul>\n<li>Mr Luck, zarejestrowany  <\/li>\n<li>High5 Casino, zarejestrowany<\/li>\n<li>Witaj miliony zarejestrowanych<\/li>\n<li>Monety koronne, zarejestrowane<\/li>\n<li>WOW Vegas, zarejestrowany<\/li>\n<li>Stake.us, zarejestrowany<\/li>\n<\/ul>\n<p>Kasyna naziemne lub kasyna osobiste s\u0105 prowadzone przez plemiona lub firmy jako takie<\/p>\n<ul>\n<li>Seminole Hard Rock Hotel &amp; Casino (Tampa i HollywoodSeminole<\/li>\n<li>Brighton Casino Seminole<\/li>\n<li>Miccosukee Resort &amp; Gaming (Miami)<\/li>\n<li>Kasyno Immokale<\/li>\n<li>Seminole Casino Immokale<\/li>\n<\/ul>\n<p>Legalno\u015b\u0107 kasyn na prawdziwe pieni\u0105dze i kasyn online jest przedmiotem debaty w ca\u0142ych Stanach Zjednoczonych, a Floryda wykaza\u0142a podobne ruchy w kierunku ca\u0142kowitego zakazu loterii w przysz\u0142o\u015bci.  <\/p>\n\t\t\t\t\t\t\t\t<\/div>\n\t\t\t\t<\/div>\n\t\t\t\t<div class=\"elementor-element elementor-element-c3cd23d elementor-widget elementor-widget-heading\" data-id=\"c3cd23d\" data-element_type=\"widget\" data-widget_type=\"heading.default\">\n\t\t\t\t<div class=\"elementor-widget-container\">\n\t\t\t\t\t<h3 class=\"elementor-heading-title elementor-size-default\">Przepisy na Florydzie<\/h3>\t\t\t\t<\/div>\n\t\t\t\t<\/div>\n\t\t\t\t<div class=\"elementor-element elementor-element-328690d elementor-widget elementor-widget-text-editor\" data-id=\"328690d\" data-element_type=\"widget\" data-widget_type=\"text-editor.default\">\n\t\t\t\t<div class=\"elementor-widget-container\">\n\t\t\t\t\t\t\t\t\t<p>Przepisy na Florydzie s\u0105 pod coraz wi\u0119ksz\u0105 presj\u0105, aby zakaza\u0107 lub ograniczy\u0107 korzystanie z kasyn loteryjnych.  <\/p><\/p>\n\t\t\t\t\t\t\t\t<\/div>\n\t\t\t\t<\/div>\n\t\t\t\t<\/div>\n\t\t<div class=\"elementor-element elementor-element-9509de3 e-grid e-con-full e-con e-parent\" data-id=\"9509de3\" data-element_type=\"container\" data-settings=\"{&quot;background_background&quot;:&quot;classic&quot;}\">\n\t\t\t\t<div class=\"elementor-element elementor-element-a246602 elementor-widget elementor-widget-text-editor\" data-id=\"a246602\" data-element_type=\"widget\" data-widget_type=\"text-editor.default\">\n\t\t\t\t<div class=\"elementor-widget-container\">\n\t\t\t\t\t\t\t\t\t<p><strong>Kasyna na prawdziwe pieni\u0105dze lub kasyna online akceptuj\u0105ce prawdziwe pieni\u0105dze s\u0105 nielegalne na Florydzie  <\/strong><\/p>\n<p><strong>Czy mog\u0119 gra\u0107 na prawdziwe pieni\u0105dze w kasynach naziemnych?<\/strong><\/p>\n<p><strong>Tak, kasyna naziemne s\u0105 legalne<\/strong><\/p>\n\t\t\t\t\t\t\t\t<\/div>\n\t\t\t\t<\/div>\n\t\t\t\t<div class=\"elementor-element elementor-element-347bbf8 elementor-widget elementor-widget-image\" data-id=\"347bbf8\" data-element_type=\"widget\" data-widget_type=\"image.default\">\n\t\t\t\t<div class=\"elementor-widget-container\">\n\t\t\t\t\t\t\t\t\t\t\t\t\t\t\t<img fetchpriority=\"high\" decoding=\"async\" width=\"225\" height=\"225\" src=\"https:\/\/casinoreturn.com\/wp-content\/uploads\/2025\/10\/Sweepstake-Casinos-in-Florida.png\" class=\"attachment-large size-large wp-image-15496\" alt=\"Sweepstake Casinos in Florida\" srcset=\"https:\/\/casinoreturn.com\/wp-content\/uploads\/2025\/10\/Sweepstake-Casinos-in-Florida.png 225w, https:\/\/casinoreturn.com\/wp-content\/uploads\/2025\/10\/Sweepstake-Casinos-in-Florida-150x150.png 150w\" sizes=\"(max-width: 225px) 100vw, 225px\" \/>\t\t\t\t\t\t\t\t\t\t\t\t\t\t\t<\/div>\n\t\t\t\t<\/div>\n\t\t\t\t<div class=\"elementor-element elementor-element-eb23194 elementor-widget elementor-widget-text-editor\" data-id=\"eb23194\" data-element_type=\"widget\" data-widget_type=\"text-editor.default\">\n\t\t\t\t<div class=\"elementor-widget-container\">\n\t\t\t\t\t\t\t\t\t<p><strong>Kasyna z loteriami s\u0105 nadal uwa\u017cane za legalne, ale na Florydzie trwaj\u0105 ju\u017c prace nad wprowadzeniem zakazu promocji z\u0142otych monet i loterii w og\u00f3le.<\/strong><\/p>\n<p>np. Stake.us i kasyno Chumba<\/p><\/p>\n\t\t\t\t\t\t\t\t<\/div>\n\t\t\t\t<\/div>\n\t\t\t\t<div class=\"elementor-element elementor-element-d7dd2e5 elementor-widget elementor-widget-text-editor\" data-id=\"d7dd2e5\" data-element_type=\"widget\" data-widget_type=\"text-editor.default\">\n\t\t\t\t<div class=\"elementor-widget-container\">\n\t\t\t\t\t\t\t\t\t<p><strong>Czy zak\u0142ady sportowe s\u0105 legalne na Florydzie?  <\/strong><\/p>\n<p><strong>Jest to legalne na Florydzie, ALE jedynym legalnym operatorem jest Hard Rock Bet (obs\u0142ugiwany przez Seminole Tribe of Florida).  <\/strong><\/p>\n<p><strong>Istnieje mniej ni\u017c tuzin innych sklep\u00f3w stacjonarnych prowadzonych przez plemi\u0119 Seminole na Florydzie.  <\/strong><\/p>\n\t\t\t\t\t\t\t\t<\/div>\n\t\t\t\t<\/div>\n\t\t\t\t<div class=\"elementor-element elementor-element-e4c9e61 elementor-widget elementor-widget-image\" data-id=\"e4c9e61\" data-element_type=\"widget\" data-widget_type=\"image.default\">\n\t\t\t\t<div class=\"elementor-widget-container\">\n\t\t\t\t\t\t\t\t\t\t\t\t\t\t\t<img decoding=\"async\" width=\"906\" height=\"500\" src=\"https:\/\/casinoreturn.com\/wp-content\/uploads\/2025\/10\/Sweep-stake-casino-return.jpg\" class=\"attachment-large size-large wp-image-14813\" alt=\"Sweep stake casino return\" srcset=\"https:\/\/casinoreturn.com\/wp-content\/uploads\/2025\/10\/Sweep-stake-casino-return.jpg 906w, https:\/\/casinoreturn.com\/wp-content\/uploads\/2025\/10\/Sweep-stake-casino-return-300x166.jpg 300w, https:\/\/casinoreturn.com\/wp-content\/uploads\/2025\/10\/Sweep-stake-casino-return-768x424.jpg 768w\" sizes=\"(max-width: 906px) 100vw, 906px\" \/>\t\t\t\t\t\t\t\t\t\t\t\t\t\t\t<\/div>\n\t\t\t\t<\/div>\n\t\t\t\t<div class=\"elementor-element elementor-element-366b516 elementor-widget elementor-widget-text-editor\" data-id=\"366b516\" data-element_type=\"widget\" data-widget_type=\"text-editor.default\">\n\t\t\t\t<div class=\"elementor-widget-container\">\n\t\t\t\t\t\t\t\t\t<p><strong>Poniewa\u017c Seminole ma monopol na zak\u0142ady sportowe na Florydzie, wielu uwa\u017ca, \u017ce rynek jest zbyt ograniczony, a niekt\u00f3rzy twierdz\u0105, \u017ce jest zbyt ograniczony.  <\/strong><\/p>\n<p><strong>S\u0105dy do tej pory uwzgl\u0119dnia\u0142y wszelkie skargi na prawo federalne, a plemiona mog\u0105 rz\u0105dzi\u0107 \u015bwiatem zak\u0142ad\u00f3w na Florydzie.  <\/strong><\/p>\n\t\t\t\t\t\t\t\t<\/div>\n\t\t\t\t<\/div>\n\t\t\t\t<\/div>\n\t\t\t\t<\/div>\n\t\t","protected":false},"excerpt":{"rendered":"<p>Kasyna z loteriami na Florydzie Kasyna Sweepstake na Florydzie s\u0105 obecnie uwa\u017cane za konkursy promocyjne, a nie hazard. To dobra wiadomo\u015b\u0107. Komisja Kontroli Gier na Florydzie nie zakaza\u0142a jeszcze loterii i ich Goldcoin\u00f3w. W 2025 r. z\u0142o\u017cono jednak propozycje sklasyfikowania kasyn loteryjnych jako hazardu internetowego. Obie strony, operatorzy loterii i organy regulacyjne, pracuj\u0105 nad projektami [&hellip;]<\/p>\n","protected":false},"author":1,"featured_media":15502,"parent":0,"menu_order":0,"comment_status":"closed","ping_status":"closed","template":"","meta":{"footnotes":""},"class_list":["post-16035","page","type-page","status-publish","has-post-thumbnail","hentry"],"blocksy_meta":[],"acf":[],"yoast_head":"<!-- This site is optimized with the Yoast SEO plugin v24.1 - https:\/\/yoast.com\/wordpress\/plugins\/seo\/ -->\n<title>Kasyna z loteriami na Florydzie - casinoreturn<\/title>\n<meta name=\"description\" content=\"Kasyna Sweepstake na Florydzie dzia\u0142aj\u0105 w s\u0142onecznym stanie jako konkurs promocyjny, a nie czysty hazard, wi\u0119c na razie jest to legalne.\" \/>\n<meta name=\"robots\" content=\"index, follow, max-snippet:-1, max-image-preview:large, max-video-preview:-1\" \/>\n<link rel=\"canonical\" href=\"https:\/\/casinoreturn.com\/pl\/kasyna-z-loteriami-na-florydzie\/\" \/>\n<meta property=\"og:locale\" content=\"pl_PL\" \/>\n<meta property=\"og:type\" content=\"article\" \/>\n<meta property=\"og:title\" content=\"Kasyna z loteriami na Florydzie - casinoreturn\" \/>\n<meta property=\"og:description\" content=\"Kasyna Sweepstake na Florydzie dzia\u0142aj\u0105 w s\u0142onecznym stanie jako konkurs promocyjny, a nie czysty hazard, wi\u0119c na razie jest to legalne.\" \/>\n<meta property=\"og:url\" content=\"https:\/\/casinoreturn.com\/pl\/kasyna-z-loteriami-na-florydzie\/\" \/>\n<meta property=\"og:site_name\" content=\"casinoreturn\" \/>\n<meta property=\"article:modified_time\" content=\"2025-10-31T14:28:57+00:00\" \/>\n<meta property=\"og:image\" content=\"https:\/\/casinoreturn.com\/wp-content\/uploads\/2025\/10\/Sweepstake-Casinos-in-Florida.png\" \/>\n\t<meta property=\"og:image:width\" content=\"225\" \/>\n\t<meta property=\"og:image:height\" content=\"225\" \/>\n\t<meta property=\"og:image:type\" content=\"image\/png\" \/>\n<meta name=\"twitter:card\" content=\"summary_large_image\" \/>\n<meta name=\"twitter:label1\" content=\"Szacowany czas czytania\" \/>\n\t<meta name=\"twitter:data1\" content=\"2 minuty\" \/>\n<script type=\"application\/ld+json\" class=\"yoast-schema-graph\">{\"@context\":\"https:\/\/schema.org\",\"@graph\":[{\"@type\":\"WebPage\",\"@id\":\"https:\/\/casinoreturn.com\/pl\/kasyna-z-loteriami-na-florydzie\/\",\"url\":\"https:\/\/casinoreturn.com\/pl\/kasyna-z-loteriami-na-florydzie\/\",\"name\":\"Kasyna z loteriami na Florydzie - casinoreturn\",\"isPartOf\":{\"@id\":\"https:\/\/casinoreturn.com\/#website\"},\"primaryImageOfPage\":{\"@id\":\"https:\/\/casinoreturn.com\/pl\/kasyna-z-loteriami-na-florydzie\/#primaryimage\"},\"image\":{\"@id\":\"https:\/\/casinoreturn.com\/pl\/kasyna-z-loteriami-na-florydzie\/#primaryimage\"},\"thumbnailUrl\":\"https:\/\/casinoreturn.com\/wp-content\/uploads\/2025\/10\/Sweepstake-Casinos-in-Florida.png\",\"datePublished\":\"2025-10-17T16:07:39+00:00\",\"dateModified\":\"2025-10-31T14:28:57+00:00\",\"description\":\"Kasyna Sweepstake na Florydzie dzia\u0142aj\u0105 w s\u0142onecznym stanie jako konkurs promocyjny, a nie czysty hazard, wi\u0119c na razie jest to legalne.\",\"breadcrumb\":{\"@id\":\"https:\/\/casinoreturn.com\/pl\/kasyna-z-loteriami-na-florydzie\/#breadcrumb\"},\"inLanguage\":\"pl-PL\",\"potentialAction\":[{\"@type\":\"ReadAction\",\"target\":[\"https:\/\/casinoreturn.com\/pl\/kasyna-z-loteriami-na-florydzie\/\"]}]},{\"@type\":\"ImageObject\",\"inLanguage\":\"pl-PL\",\"@id\":\"https:\/\/casinoreturn.com\/pl\/kasyna-z-loteriami-na-florydzie\/#primaryimage\",\"url\":\"https:\/\/casinoreturn.com\/wp-content\/uploads\/2025\/10\/Sweepstake-Casinos-in-Florida.png\",\"contentUrl\":\"https:\/\/casinoreturn.com\/wp-content\/uploads\/2025\/10\/Sweepstake-Casinos-in-Florida.png\",\"width\":225,\"height\":225,\"caption\":\"Sweepstake Casinos in Florida\"},{\"@type\":\"BreadcrumbList\",\"@id\":\"https:\/\/casinoreturn.com\/pl\/kasyna-z-loteriami-na-florydzie\/#breadcrumb\",\"itemListElement\":[{\"@type\":\"ListItem\",\"position\":1,\"name\":\"Home\",\"item\":\"https:\/\/casinoreturn.com\/pl\/strona-glowna\/\"},{\"@type\":\"ListItem\",\"position\":2,\"name\":\"Kasyna z loteriami na Florydzie\"}]},{\"@type\":\"WebSite\",\"@id\":\"https:\/\/casinoreturn.com\/#website\",\"url\":\"https:\/\/casinoreturn.com\/\",\"name\":\"casinoreturn\",\"description\":\"\",\"publisher\":{\"@id\":\"https:\/\/casinoreturn.com\/#organization\"},\"potentialAction\":[{\"@type\":\"SearchAction\",\"target\":{\"@type\":\"EntryPoint\",\"urlTemplate\":\"https:\/\/casinoreturn.com\/?s={search_term_string}\"},\"query-input\":{\"@type\":\"PropertyValueSpecification\",\"valueRequired\":true,\"valueName\":\"search_term_string\"}}],\"inLanguage\":\"pl-PL\"},{\"@type\":\"Organization\",\"@id\":\"https:\/\/casinoreturn.com\/#organization\",\"name\":\"casinoreturn\",\"url\":\"https:\/\/casinoreturn.com\/\",\"logo\":{\"@type\":\"ImageObject\",\"inLanguage\":\"pl-PL\",\"@id\":\"https:\/\/casinoreturn.com\/#\/schema\/logo\/image\/\",\"url\":\"https:\/\/casinoreturn.com\/wp-content\/uploads\/2024\/09\/animal-favicon.png\",\"contentUrl\":\"https:\/\/casinoreturn.com\/wp-content\/uploads\/2024\/09\/animal-favicon.png\",\"width\":92,\"height\":92,\"caption\":\"casinoreturn\"},\"image\":{\"@id\":\"https:\/\/casinoreturn.com\/#\/schema\/logo\/image\/\"}}]}<\/script>\n<!-- \/ Yoast SEO plugin. -->","yoast_head_json":{"title":"Kasyna z loteriami na Florydzie - casinoreturn","description":"Kasyna Sweepstake na Florydzie dzia\u0142aj\u0105 w s\u0142onecznym stanie jako konkurs promocyjny, a nie czysty hazard, wi\u0119c na razie jest to legalne.","robots":{"index":"index","follow":"follow","max-snippet":"max-snippet:-1","max-image-preview":"max-image-preview:large","max-video-preview":"max-video-preview:-1"},"canonical":"https:\/\/casinoreturn.com\/pl\/kasyna-z-loteriami-na-florydzie\/","og_locale":"pl_PL","og_type":"article","og_title":"Kasyna z loteriami na Florydzie - casinoreturn","og_description":"Kasyna Sweepstake na Florydzie dzia\u0142aj\u0105 w s\u0142onecznym stanie jako konkurs promocyjny, a nie czysty hazard, wi\u0119c na razie jest to legalne.","og_url":"https:\/\/casinoreturn.com\/pl\/kasyna-z-loteriami-na-florydzie\/","og_site_name":"casinoreturn","article_modified_time":"2025-10-31T14:28:57+00:00","og_image":[{"width":225,"height":225,"url":"https:\/\/casinoreturn.com\/wp-content\/uploads\/2025\/10\/Sweepstake-Casinos-in-Florida.png","type":"image\/png"}],"twitter_card":"summary_large_image","twitter_misc":{"Szacowany czas czytania":"2 minuty"},"schema":{"@context":"https:\/\/schema.org","@graph":[{"@type":"WebPage","@id":"https:\/\/casinoreturn.com\/pl\/kasyna-z-loteriami-na-florydzie\/","url":"https:\/\/casinoreturn.com\/pl\/kasyna-z-loteriami-na-florydzie\/","name":"Kasyna z loteriami na Florydzie - casinoreturn","isPartOf":{"@id":"https:\/\/casinoreturn.com\/#website"},"primaryImageOfPage":{"@id":"https:\/\/casinoreturn.com\/pl\/kasyna-z-loteriami-na-florydzie\/#primaryimage"},"image":{"@id":"https:\/\/casinoreturn.com\/pl\/kasyna-z-loteriami-na-florydzie\/#primaryimage"},"thumbnailUrl":"https:\/\/casinoreturn.com\/wp-content\/uploads\/2025\/10\/Sweepstake-Casinos-in-Florida.png","datePublished":"2025-10-17T16:07:39+00:00","dateModified":"2025-10-31T14:28:57+00:00","description":"Kasyna Sweepstake na Florydzie dzia\u0142aj\u0105 w s\u0142onecznym stanie jako konkurs promocyjny, a nie czysty hazard, wi\u0119c na razie jest to legalne.","breadcrumb":{"@id":"https:\/\/casinoreturn.com\/pl\/kasyna-z-loteriami-na-florydzie\/#breadcrumb"},"inLanguage":"pl-PL","potentialAction":[{"@type":"ReadAction","target":["https:\/\/casinoreturn.com\/pl\/kasyna-z-loteriami-na-florydzie\/"]}]},{"@type":"ImageObject","inLanguage":"pl-PL","@id":"https:\/\/casinoreturn.com\/pl\/kasyna-z-loteriami-na-florydzie\/#primaryimage","url":"https:\/\/casinoreturn.com\/wp-content\/uploads\/2025\/10\/Sweepstake-Casinos-in-Florida.png","contentUrl":"https:\/\/casinoreturn.com\/wp-content\/uploads\/2025\/10\/Sweepstake-Casinos-in-Florida.png","width":225,"height":225,"caption":"Sweepstake Casinos in Florida"},{"@type":"BreadcrumbList","@id":"https:\/\/casinoreturn.com\/pl\/kasyna-z-loteriami-na-florydzie\/#breadcrumb","itemListElement":[{"@type":"ListItem","position":1,"name":"Home","item":"https:\/\/casinoreturn.com\/pl\/strona-glowna\/"},{"@type":"ListItem","position":2,"name":"Kasyna z loteriami na Florydzie"}]},{"@type":"WebSite","@id":"https:\/\/casinoreturn.com\/#website","url":"https:\/\/casinoreturn.com\/","name":"casinoreturn","description":"","publisher":{"@id":"https:\/\/casinoreturn.com\/#organization"},"potentialAction":[{"@type":"SearchAction","target":{"@type":"EntryPoint","urlTemplate":"https:\/\/casinoreturn.com\/?s={search_term_string}"},"query-input":{"@type":"PropertyValueSpecification","valueRequired":true,"valueName":"search_term_string"}}],"inLanguage":"pl-PL"},{"@type":"Organization","@id":"https:\/\/casinoreturn.com\/#organization","name":"casinoreturn","url":"https:\/\/casinoreturn.com\/","logo":{"@type":"ImageObject","inLanguage":"pl-PL","@id":"https:\/\/casinoreturn.com\/#\/schema\/logo\/image\/","url":"https:\/\/casinoreturn.com\/wp-content\/uploads\/2024\/09\/animal-favicon.png","contentUrl":"https:\/\/casinoreturn.com\/wp-content\/uploads\/2024\/09\/animal-favicon.png","width":92,"height":92,"caption":"casinoreturn"},"image":{"@id":"https:\/\/casinoreturn.com\/#\/schema\/logo\/image\/"}}]}},"_links":{"self":[{"href":"https:\/\/casinoreturn.com\/pl\/wp-json\/wp\/v2\/pages\/16035","targetHints":{"allow":["GET"]}}],"collection":[{"href":"https:\/\/casinoreturn.com\/pl\/wp-json\/wp\/v2\/pages"}],"about":[{"href":"https:\/\/casinoreturn.com\/pl\/wp-json\/wp\/v2\/types\/page"}],"author":[{"embeddable":true,"href":"https:\/\/casinoreturn.com\/pl\/wp-json\/wp\/v2\/users\/1"}],"replies":[{"embeddable":true,"href":"https:\/\/casinoreturn.com\/pl\/wp-json\/wp\/v2\/comments?post=16035"}],"version-history":[{"count":1,"href":"https:\/\/casinoreturn.com\/pl\/wp-json\/wp\/v2\/pages\/16035\/revisions"}],"predecessor-version":[{"id":16036,"href":"https:\/\/casinoreturn.com\/pl\/wp-json\/wp\/v2\/pages\/16035\/revisions\/16036"}],"wp:featuredmedia":[{"embeddable":true,"href":"https:\/\/casinoreturn.com\/pl\/wp-json\/wp\/v2\/media\/15502"}],"wp:attachment":[{"href":"https:\/\/casinoreturn.com\/pl\/wp-json\/wp\/v2\/media?parent=16035"}],"curies":[{"name":"wp","href":"https:\/\/api.w.org\/{rel}","templated":true}]}}