{"id":16073,"date":"2025-10-15T10:15:30","date_gmt":"2025-10-15T10:15:30","guid":{"rendered":"https:\/\/casinoreturn.com\/kasyna-z-loteria-w-pensylwanii\/"},"modified":"2025-10-31T14:40:47","modified_gmt":"2025-10-31T14:40:47","slug":"kasyna-z-loteria-w-pensylwanii","status":"publish","type":"page","link":"https:\/\/casinoreturn.com\/pl\/kasyna-z-loteria-w-pensylwanii\/","title":{"rendered":"Kasyna z loteri\u0105 w Pensylwanii"},"content":{"rendered":"\t\t<div data-elementor-type=\"wp-page\" data-elementor-id=\"16073\" class=\"elementor elementor-16073\" data-elementor-post-type=\"page\">\n\t\t\t\t<div class=\"elementor-element elementor-element-feed78d e-con-full e-flex e-con e-parent\" data-id=\"feed78d\" data-element_type=\"container\">\n\t\t\t\t<div class=\"elementor-element elementor-element-61285ac elementor-widget elementor-widget-heading\" data-id=\"61285ac\" data-element_type=\"widget\" data-widget_type=\"heading.default\">\n\t\t\t\t<div class=\"elementor-widget-container\">\n\t\t\t\t\t<h3 class=\"elementor-heading-title elementor-size-default\">Kasyna z loteri\u0105 w Pensylwanii<\/h3>\t\t\t\t<\/div>\n\t\t\t\t<\/div>\n\t\t\t\t<div class=\"elementor-element elementor-element-d2600d4 elementor-widget elementor-widget-text-editor\" data-id=\"d2600d4\" data-element_type=\"widget\" data-widget_type=\"text-editor.default\">\n\t\t\t\t<div class=\"elementor-widget-container\">\n\t\t\t\t\t\t\t\t\t<p>Kasyna Sweepstake w Pensylwanii s\u0105 w zawieszeniu po tym, jak PGCB, Pennsylvania Gaming Control Board, wyda\u0142a zawiadomienie do 18 aktywnych operator\u00f3w loterii.  <\/p>\n<p><img decoding=\"async\" class=\"alignnone size-medium wp-image-14813\" src=\"https:\/\/casinoreturn.com\/wp-content\/uploads\/2025\/10\/Sweep-stake-casino-return-300x166.jpg\" alt=\"Zwrot z kasyna za stawk\u0119 Sweep\" width=\"300\" height=\"166\" srcset=\"https:\/\/casinoreturn.com\/wp-content\/uploads\/2025\/10\/Sweep-stake-casino-return-300x166.jpg 300w, https:\/\/casinoreturn.com\/wp-content\/uploads\/2025\/10\/Sweep-stake-casino-return-768x424.jpg 768w, https:\/\/casinoreturn.com\/wp-content\/uploads\/2025\/10\/Sweep-stake-casino-return.jpg 906w\" sizes=\"(max-width: 300px) 100vw, 300px\" \/><\/p>\n<p>W kwietniu 2025 r. firmy te otrzyma\u0142y pismo o zaprzestaniu dzia\u0142alno\u015bci w Pensylwanii. Wielu operator\u00f3w zako\u0144czy\u0142o ju\u017c swoj\u0105 ofert\u0119 dla mieszka\u0144c\u00f3w i zaprzesta\u0142o dzia\u0142alno\u015bci. Rzecznicy PGCB uwa\u017caj\u0105 kasyna loteryjne za nielegalne i zaj\u0119li bardziej zdecydowane stanowisko w celu wyegzekwowania og\u0142oszenia.  <\/p>\n<p><strong>W tym artykule  <\/strong><\/p>\n<ul>\n<li><a href=\"https:\/\/casinoreturn.com\/pl\/kasyna-z-loteria-w-pensylwanii\/#legal\">Czy zak\u0142ady sportowe s\u0105 legalne w Pensylwanii?<\/a><\/li>\n<li>Mobilni operatorzy detaliczni oferuj\u0105cy zak\u0142ady sportowe w PA<\/li>\n<li><a href=\"https:\/\/casinoreturn.com\/pennsylvania-sweepstake#list\">Lista kasyn w Pensylwanii  <\/a><\/li>\n<li><a href=\"https:\/\/casinoreturn.com\/pennsylvania-sweepstake#real\">Czy mog\u0119 gra\u0107 na prawdziwe pieni\u0105dze w Pensylwanii?<\/a><\/li>\n<li><a href=\"https:\/\/casinoreturn.com\/pennsylvania-sweepstake#faq\">Najcz\u0119\u015bciej zadawane pytania Kasyna z loteri\u0105 w Pensylwanii  <\/a><\/li>\n<\/ul>\n<p><img decoding=\"async\" class=\"alignnone wp-image-15387\" src=\"https:\/\/casinoreturn.com\/wp-content\/uploads\/2025\/10\/Pennsylvania-Sweepstake-Casinos-300x215.jpg\" alt=\"Kasyna z loteri\u0105 w Pensylwanii\" width=\"250\" height=\"179\" srcset=\"https:\/\/casinoreturn.com\/wp-content\/uploads\/2025\/10\/Pennsylvania-Sweepstake-Casinos-300x215.jpg 300w, https:\/\/casinoreturn.com\/wp-content\/uploads\/2025\/10\/Pennsylvania-Sweepstake-Casinos-768x549.jpg 768w, https:\/\/casinoreturn.com\/wp-content\/uploads\/2025\/10\/Pennsylvania-Sweepstake-Casinos.jpg 800w\" sizes=\"(max-width: 250px) 100vw, 250px\" \/><\/p>\n\t\t\t\t\t\t\t\t<\/div>\n\t\t\t\t<\/div>\n\t\t\t\t<div class=\"elementor-element elementor-element-3291067 elementor-widget elementor-widget-heading\" data-id=\"3291067\" data-element_type=\"widget\" id=\"legal\" data-widget_type=\"heading.default\">\n\t\t\t\t<div class=\"elementor-widget-container\">\n\t\t\t\t\t<h3 class=\"elementor-heading-title elementor-size-default\">Czy zak\u0142ady sportowe s\u0105 legalne w Pensylwanii?  <\/h3>\t\t\t\t<\/div>\n\t\t\t\t<\/div>\n\t\t\t\t<div class=\"elementor-element elementor-element-5ef6b05 elementor-widget elementor-widget-text-editor\" data-id=\"5ef6b05\" data-element_type=\"widget\" data-widget_type=\"text-editor.default\">\n\t\t\t\t<div class=\"elementor-widget-container\">\n\t\t\t\t\t\t\t\t\t<p>Zak\u0142ady sportowe w Pensylwanii s\u0105 legalne i regulowane przez PGCB, The Pennsylvania Gaming Control Board od 2017 roku, na mocy ustawy House Bill 271. Aby ubiega\u0107 si\u0119 o licencj\u0119 na prowadzenie detalicznych i mobilnych zak\u0142ad\u00f3w sportowych, marka musi ubiega\u0107 si\u0119 o certyfikat zak\u0142ad\u00f3w sportowych od samego PGCB i ui\u015bci\u0107 wysok\u0105 op\u0142at\u0119 licencyjn\u0105 w wysoko\u015bci 10 milion\u00f3w USD. Podatki na poziomie 36% s\u0105 do\u015b\u0107 wysokie, co jest g\u0142\u00f3wnym powodem, dla kt\u00f3rego tylko kilkana\u015bcie marek posiada licencj\u0119.  <\/p>\n<p>Istniej\u0105 jednak pewne ograniczenia. Pensylwania NIE zezwala na zak\u0142ady w szko\u0142ach \u015brednich, podobnie jak inne stany USA. To samo dotyczy wydarze\u0144 sportowych na rodzimej ziemi.  <\/p>\n<p>Jedno ograniczenie wyr\u00f3\u017cnia si\u0119 na tle innych, a mianowicie obstawianie polityki. W Pensylwanii jest to niemo\u017cliwe.  <\/p>\n<p>Zak\u0142ady eSport s\u0105 obecnie r\u00f3wnie\u017c wy\u0142\u0105czone z prawa i uprawnie\u0144 PGCB.  <\/p>\n<h4>Mobilni operatorzy detaliczni oferuj\u0105cy zak\u0142ady sportowe w PA<\/h4>\n<ul>\n<li>FanDuel, licencjonowany od 2021 r., Zaufana, renomowana marka zak\u0142ad\u00f3w sportowych<\/li>\n<li>DraftKings, licencjonowany od 2020 roku, ameryka\u0144ski operator z ogromn\u0105 rzesz\u0105 fan\u00f3w<\/li>\n<li>BetMGM, licencjonowany od 2020 roku, w pierwszej pi\u0105tce najwi\u0119kszych graczy w USA<\/li>\n<li>bet365, licencjonowany od 2025 roku, europejska odpowied\u017a na Fanduel i Co.<\/li>\n<li>Pala Interactive, licencja od 2022 r., \u015bredniej wielko\u015bci operator w PA<\/li>\n<li>UniBet, zatwierdzony dla kasyn i zak\u0142ad\u00f3w sportowych<\/li>\n<li>SBTech Malta Ltd, platforma dla marek oferuj\u0105cych zak\u0142ady sportowe  <\/li>\n<li>American Wagering, oczekuje na zatwierdzenie<\/li>\n<\/ul>\n\t\t\t\t\t\t\t\t<\/div>\n\t\t\t\t<\/div>\n\t\t\t\t<div class=\"elementor-element elementor-element-35f12d6 elementor-widget elementor-widget-heading\" data-id=\"35f12d6\" data-element_type=\"widget\" id=\"list\" data-widget_type=\"heading.default\">\n\t\t\t\t<div class=\"elementor-widget-container\">\n\t\t\t\t\t<h3 class=\"elementor-heading-title elementor-size-default\">Lista kasyn w Pensylwanii<\/h3>\t\t\t\t<\/div>\n\t\t\t\t<\/div>\n\t\t\t\t<div class=\"elementor-element elementor-element-7dcb10b elementor-view-default elementor-widget elementor-widget-icon\" data-id=\"7dcb10b\" data-element_type=\"widget\" data-widget_type=\"icon.default\">\n\t\t\t\t<div class=\"elementor-widget-container\">\n\t\t\t\t\t\t\t<div class=\"elementor-icon-wrapper\">\n\t\t\t<div class=\"elementor-icon\">\n\t\t\t<i aria-hidden=\"true\" class=\"fas fa-star\"><\/i>\t\t\t<\/div>\n\t\t<\/div>\n\t\t\t\t\t\t<\/div>\n\t\t\t\t<\/div>\n\t\t\t\t<div class=\"elementor-element elementor-element-eb36c18 elementor-widget elementor-widget-text-editor\" data-id=\"eb36c18\" data-element_type=\"widget\" data-widget_type=\"text-editor.default\">\n\t\t\t\t<div class=\"elementor-widget-container\">\n\t\t\t\t\t\t\t\t\t<h4>Zak\u0142ady sportowe Bet365  <\/h4>\n<ul>\n<li>Bonus powitalny 100% do 1000 USD + 500 obrot\u00f3w<\/li>\n<li>Minimalny depozyt 10 USD  <\/li>\n<li>Niski zak\u0142ad tylko 25 razy<\/li>\n<li>Jedna z najlepszych dost\u0119pnych aplikacji do zak\u0142ad\u00f3w sportowych<\/li>\n<li> <\/li>\n<\/ul>\n\t\t\t\t\t\t\t\t<\/div>\n\t\t\t\t<\/div>\n\t\t\t\t<div class=\"elementor-element elementor-element-da802c6 elementor-align-center elementor-widget elementor-widget-button\" data-id=\"da802c6\" data-element_type=\"widget\" data-widget_type=\"button.default\">\n\t\t\t\t<div class=\"elementor-widget-container\">\n\t\t\t\t\t\t\t\t\t<div class=\"elementor-button-wrapper\">\n\t\t\t\t\t<a class=\"elementor-button elementor-button-link elementor-size-sm\" href=\"#\">\n\t\t\t\t\t\t<span class=\"elementor-button-content-wrapper\">\n\t\t\t\t\t\t\t\t\t<span class=\"elementor-button-text\">Z\u0142\u00f3\u017c wniosek tutaj dla Bet365  <\/span>\n\t\t\t\t\t<\/span>\n\t\t\t\t\t<\/a>\n\t\t\t\t<\/div>\n\t\t\t\t\t\t\t\t<\/div>\n\t\t\t\t<\/div>\n\t\t\t\t<div class=\"elementor-element elementor-element-ff1e285 elementor-widget elementor-widget-heading\" data-id=\"ff1e285\" data-element_type=\"widget\" id=\"real\" data-widget_type=\"heading.default\">\n\t\t\t\t<div class=\"elementor-widget-container\">\n\t\t\t\t\t<h3 class=\"elementor-heading-title elementor-size-default\">Czy mog\u0119 gra\u0107 na prawdziwe pieni\u0105dze w Pensylwanii?<\/h3>\t\t\t\t<\/div>\n\t\t\t\t<\/div>\n\t\t\t\t<div class=\"elementor-element elementor-element-f23df3a elementor-widget elementor-widget-text-editor\" data-id=\"f23df3a\" data-element_type=\"widget\" data-widget_type=\"text-editor.default\">\n\t\t\t\t<div class=\"elementor-widget-container\">\n\t\t\t\t\t\t\t\t\t<p>Tak, mieszka\u0144cy Pensylwanii mog\u0105 gra\u0107 na prawdziwe pieni\u0105dze w kasynach. Minimalny wiek: 21+. Przygotowali\u015bmy list\u0119 aktualnych kasyn naziemnych w Pensylwanii.  <\/p>\n<p><strong>Kasyna naziemne w PA, USA<\/strong><\/p>\n<ul>\n<li>Kasyno i tor wy\u015bcigowy Harrahs PA, Chester<\/li>\n<li>Rivers Casino PA,  <\/li>\n<li>Parx Casino and Racing, Bensalem<\/li>\n<li>Na \u017cywo! Hotel i kasyno, PA<\/li>\n<li>Valley Forge Resort, King of Prussia<\/li>\n<li>Kasyno Hollywood na torze wy\u015bcigowym Penn National, Grantville<\/li>\n<li>Mohegan Sun Pocono, Wilkes-Barre<\/li>\n<li>Lady Luck Casino, Farmington<\/li>\n<\/ul>\n\t\t\t\t\t\t\t\t<\/div>\n\t\t\t\t<\/div>\n\t\t\t\t<div class=\"elementor-element elementor-element-f9f4919 elementor-widget elementor-widget-heading\" data-id=\"f9f4919\" data-element_type=\"widget\" id=\"faq\" data-widget_type=\"heading.default\">\n\t\t\t\t<div class=\"elementor-widget-container\">\n\t\t\t\t\t<h3 class=\"elementor-heading-title elementor-size-default\">Najcz\u0119\u015bciej zadawane pytania Kasyna z loteri\u0105 w Pensylwanii<\/h3>\t\t\t\t<\/div>\n\t\t\t\t<\/div>\n\t\t\t\t<div class=\"elementor-element elementor-element-3f14f5d elementor-widget elementor-widget-elementskit-faq\" data-id=\"3f14f5d\" data-element_type=\"widget\" data-widget_type=\"elementskit-faq.default\">\n\t\t\t\t<div class=\"elementor-widget-container\">\n\t\t\t\t\t<div class=\"ekit-wid-con\" >\n                <div class=\"elementskit-single-faq elementor-repeater-item-f98fd40\">\n            <div class=\"elementskit-faq-header\">\n                <h2 class=\"elementskit-faq-title\">Are Social Casinos legal in PA?<\/h2>\n            <\/div>\n            <div class=\"elementskit-faq-body\">\n                Social casinos offering sweepstakes promotions were prohibited in April 2025 by the PGCB. Those operators were deemed illegal and therefore faced a shutdown. 18 known brands received a letter of cease-and-desist from the board            <\/div>\n        <\/div>\n                <div class=\"elementskit-single-faq elementor-repeater-item-dde268b\">\n            <div class=\"elementskit-faq-header\">\n                <h2 class=\"elementskit-faq-title\">Which legal casinos can I visit in PA?<\/h2>\n            <\/div>\n            <div class=\"elementskit-faq-body\">\n                Player of the age of 21+ are allowed to visit land-based casinos. The PCGB also issues licences to Online Casinos, Mobile Sports Betting operators, Online Poker, and Fantasy sports.            <\/div>\n        <\/div>\n                <div class=\"elementskit-single-faq elementor-repeater-item-525abea\">\n            <div class=\"elementskit-faq-header\">\n                <h2 class=\"elementskit-faq-title\">Can I bet on Colleague Football in PA?<\/h2>\n            <\/div>\n            <div class=\"elementskit-faq-body\">\n                The answer is NO, you can't. \n\nBetting on High school events are illegal \nBetting on Colleague events are illegal\nBetting on Politics are illegal\neSports Betting is illegal             <\/div>\n        <\/div>\n                \n    <\/div>\t\t\t\t<\/div>\n\t\t\t\t<\/div>\n\t\t\t\t<\/div>\n\t\t\t\t<\/div>\n\t\t","protected":false},"excerpt":{"rendered":"<p>Kasyna z loteri\u0105 w Pensylwanii Kasyna Sweepstake w Pensylwanii s\u0105 w zawieszeniu po tym, jak PGCB, Pennsylvania Gaming Control Board, wyda\u0142a zawiadomienie do 18 aktywnych operator\u00f3w loterii. W kwietniu 2025 r. firmy te otrzyma\u0142y pismo o zaprzestaniu dzia\u0142alno\u015bci w Pensylwanii. Wielu operator\u00f3w zako\u0144czy\u0142o ju\u017c swoj\u0105 ofert\u0119 dla mieszka\u0144c\u00f3w i zaprzesta\u0142o dzia\u0142alno\u015bci. Rzecznicy PGCB uwa\u017caj\u0105 kasyna [&hellip;]<\/p>\n","protected":false},"author":1,"featured_media":15393,"parent":0,"menu_order":0,"comment_status":"closed","ping_status":"closed","template":"","meta":{"footnotes":""},"class_list":["post-16073","page","type-page","status-publish","has-post-thumbnail","hentry"],"blocksy_meta":[],"acf":[],"yoast_head":"<!-- This site is optimized with the Yoast SEO plugin v24.1 - https:\/\/yoast.com\/wordpress\/plugins\/seo\/ -->\n<title>Kasyna z loteri\u0105 w Pensylwanii - casinoreturn<\/title>\n<meta name=\"description\" content=\"Kasyna Sweepstake w Pensylwanii pod lup\u0105 Komisji Kontroli Gier. 18 operator\u00f3w loterii otrzyma\u0142o powiadomienie o wycofaniu swojej marki.\" \/>\n<meta name=\"robots\" content=\"index, follow, max-snippet:-1, max-image-preview:large, max-video-preview:-1\" \/>\n<link rel=\"canonical\" href=\"https:\/\/casinoreturn.com\/pl\/kasyna-z-loteria-w-pensylwanii\/\" \/>\n<meta property=\"og:locale\" content=\"pl_PL\" \/>\n<meta property=\"og:type\" content=\"article\" \/>\n<meta property=\"og:title\" content=\"Kasyna z loteri\u0105 w Pensylwanii - casinoreturn\" \/>\n<meta property=\"og:description\" content=\"Kasyna Sweepstake w Pensylwanii pod lup\u0105 Komisji Kontroli Gier. 18 operator\u00f3w loterii otrzyma\u0142o powiadomienie o wycofaniu swojej marki.\" \/>\n<meta property=\"og:url\" content=\"https:\/\/casinoreturn.com\/pl\/kasyna-z-loteria-w-pensylwanii\/\" \/>\n<meta property=\"og:site_name\" content=\"casinoreturn\" \/>\n<meta property=\"article:modified_time\" content=\"2025-10-31T14:40:47+00:00\" \/>\n<meta property=\"og:image\" content=\"https:\/\/casinoreturn.com\/wp-content\/uploads\/2025\/10\/Pennsylvania-Sweepstake-Casinos.jpg\" \/>\n\t<meta property=\"og:image:width\" content=\"800\" \/>\n\t<meta property=\"og:image:height\" content=\"572\" \/>\n\t<meta property=\"og:image:type\" content=\"image\/jpeg\" \/>\n<meta name=\"twitter:card\" content=\"summary_large_image\" \/>\n<meta name=\"twitter:label1\" content=\"Szacowany czas czytania\" \/>\n\t<meta name=\"twitter:data1\" content=\"3 minuty\" \/>\n<script type=\"application\/ld+json\" class=\"yoast-schema-graph\">{\"@context\":\"https:\/\/schema.org\",\"@graph\":[{\"@type\":\"WebPage\",\"@id\":\"https:\/\/casinoreturn.com\/pl\/kasyna-z-loteria-w-pensylwanii\/\",\"url\":\"https:\/\/casinoreturn.com\/pl\/kasyna-z-loteria-w-pensylwanii\/\",\"name\":\"Kasyna z loteri\u0105 w Pensylwanii - casinoreturn\",\"isPartOf\":{\"@id\":\"https:\/\/casinoreturn.com\/#website\"},\"primaryImageOfPage\":{\"@id\":\"https:\/\/casinoreturn.com\/pl\/kasyna-z-loteria-w-pensylwanii\/#primaryimage\"},\"image\":{\"@id\":\"https:\/\/casinoreturn.com\/pl\/kasyna-z-loteria-w-pensylwanii\/#primaryimage\"},\"thumbnailUrl\":\"https:\/\/casinoreturn.com\/wp-content\/uploads\/2025\/10\/Pennsylvania-Sweepstake-Casinos.jpg\",\"datePublished\":\"2025-10-15T10:15:30+00:00\",\"dateModified\":\"2025-10-31T14:40:47+00:00\",\"description\":\"Kasyna Sweepstake w Pensylwanii pod lup\u0105 Komisji Kontroli Gier. 18 operator\u00f3w loterii otrzyma\u0142o powiadomienie o wycofaniu swojej marki.\",\"breadcrumb\":{\"@id\":\"https:\/\/casinoreturn.com\/pl\/kasyna-z-loteria-w-pensylwanii\/#breadcrumb\"},\"inLanguage\":\"pl-PL\",\"potentialAction\":[{\"@type\":\"ReadAction\",\"target\":[\"https:\/\/casinoreturn.com\/pl\/kasyna-z-loteria-w-pensylwanii\/\"]}]},{\"@type\":\"ImageObject\",\"inLanguage\":\"pl-PL\",\"@id\":\"https:\/\/casinoreturn.com\/pl\/kasyna-z-loteria-w-pensylwanii\/#primaryimage\",\"url\":\"https:\/\/casinoreturn.com\/wp-content\/uploads\/2025\/10\/Pennsylvania-Sweepstake-Casinos.jpg\",\"contentUrl\":\"https:\/\/casinoreturn.com\/wp-content\/uploads\/2025\/10\/Pennsylvania-Sweepstake-Casinos.jpg\",\"width\":800,\"height\":572,\"caption\":\"Pennsylvania Sweepstake Casinos\"},{\"@type\":\"BreadcrumbList\",\"@id\":\"https:\/\/casinoreturn.com\/pl\/kasyna-z-loteria-w-pensylwanii\/#breadcrumb\",\"itemListElement\":[{\"@type\":\"ListItem\",\"position\":1,\"name\":\"Home\",\"item\":\"https:\/\/casinoreturn.com\/pl\/strona-glowna\/\"},{\"@type\":\"ListItem\",\"position\":2,\"name\":\"Kasyna z loteri\u0105 w Pensylwanii\"}]},{\"@type\":\"WebSite\",\"@id\":\"https:\/\/casinoreturn.com\/#website\",\"url\":\"https:\/\/casinoreturn.com\/\",\"name\":\"casinoreturn\",\"description\":\"\",\"publisher\":{\"@id\":\"https:\/\/casinoreturn.com\/#organization\"},\"potentialAction\":[{\"@type\":\"SearchAction\",\"target\":{\"@type\":\"EntryPoint\",\"urlTemplate\":\"https:\/\/casinoreturn.com\/?s={search_term_string}\"},\"query-input\":{\"@type\":\"PropertyValueSpecification\",\"valueRequired\":true,\"valueName\":\"search_term_string\"}}],\"inLanguage\":\"pl-PL\"},{\"@type\":\"Organization\",\"@id\":\"https:\/\/casinoreturn.com\/#organization\",\"name\":\"casinoreturn\",\"url\":\"https:\/\/casinoreturn.com\/\",\"logo\":{\"@type\":\"ImageObject\",\"inLanguage\":\"pl-PL\",\"@id\":\"https:\/\/casinoreturn.com\/#\/schema\/logo\/image\/\",\"url\":\"https:\/\/casinoreturn.com\/wp-content\/uploads\/2024\/09\/animal-favicon.png\",\"contentUrl\":\"https:\/\/casinoreturn.com\/wp-content\/uploads\/2024\/09\/animal-favicon.png\",\"width\":92,\"height\":92,\"caption\":\"casinoreturn\"},\"image\":{\"@id\":\"https:\/\/casinoreturn.com\/#\/schema\/logo\/image\/\"}}]}<\/script>\n<!-- \/ Yoast SEO plugin. -->","yoast_head_json":{"title":"Kasyna z loteri\u0105 w Pensylwanii - casinoreturn","description":"Kasyna Sweepstake w Pensylwanii pod lup\u0105 Komisji Kontroli Gier. 18 operator\u00f3w loterii otrzyma\u0142o powiadomienie o wycofaniu swojej marki.","robots":{"index":"index","follow":"follow","max-snippet":"max-snippet:-1","max-image-preview":"max-image-preview:large","max-video-preview":"max-video-preview:-1"},"canonical":"https:\/\/casinoreturn.com\/pl\/kasyna-z-loteria-w-pensylwanii\/","og_locale":"pl_PL","og_type":"article","og_title":"Kasyna z loteri\u0105 w Pensylwanii - casinoreturn","og_description":"Kasyna Sweepstake w Pensylwanii pod lup\u0105 Komisji Kontroli Gier. 18 operator\u00f3w loterii otrzyma\u0142o powiadomienie o wycofaniu swojej marki.","og_url":"https:\/\/casinoreturn.com\/pl\/kasyna-z-loteria-w-pensylwanii\/","og_site_name":"casinoreturn","article_modified_time":"2025-10-31T14:40:47+00:00","og_image":[{"width":800,"height":572,"url":"https:\/\/casinoreturn.com\/wp-content\/uploads\/2025\/10\/Pennsylvania-Sweepstake-Casinos.jpg","type":"image\/jpeg"}],"twitter_card":"summary_large_image","twitter_misc":{"Szacowany czas czytania":"3 minuty"},"schema":{"@context":"https:\/\/schema.org","@graph":[{"@type":"WebPage","@id":"https:\/\/casinoreturn.com\/pl\/kasyna-z-loteria-w-pensylwanii\/","url":"https:\/\/casinoreturn.com\/pl\/kasyna-z-loteria-w-pensylwanii\/","name":"Kasyna z loteri\u0105 w Pensylwanii - casinoreturn","isPartOf":{"@id":"https:\/\/casinoreturn.com\/#website"},"primaryImageOfPage":{"@id":"https:\/\/casinoreturn.com\/pl\/kasyna-z-loteria-w-pensylwanii\/#primaryimage"},"image":{"@id":"https:\/\/casinoreturn.com\/pl\/kasyna-z-loteria-w-pensylwanii\/#primaryimage"},"thumbnailUrl":"https:\/\/casinoreturn.com\/wp-content\/uploads\/2025\/10\/Pennsylvania-Sweepstake-Casinos.jpg","datePublished":"2025-10-15T10:15:30+00:00","dateModified":"2025-10-31T14:40:47+00:00","description":"Kasyna Sweepstake w Pensylwanii pod lup\u0105 Komisji Kontroli Gier. 18 operator\u00f3w loterii otrzyma\u0142o powiadomienie o wycofaniu swojej marki.","breadcrumb":{"@id":"https:\/\/casinoreturn.com\/pl\/kasyna-z-loteria-w-pensylwanii\/#breadcrumb"},"inLanguage":"pl-PL","potentialAction":[{"@type":"ReadAction","target":["https:\/\/casinoreturn.com\/pl\/kasyna-z-loteria-w-pensylwanii\/"]}]},{"@type":"ImageObject","inLanguage":"pl-PL","@id":"https:\/\/casinoreturn.com\/pl\/kasyna-z-loteria-w-pensylwanii\/#primaryimage","url":"https:\/\/casinoreturn.com\/wp-content\/uploads\/2025\/10\/Pennsylvania-Sweepstake-Casinos.jpg","contentUrl":"https:\/\/casinoreturn.com\/wp-content\/uploads\/2025\/10\/Pennsylvania-Sweepstake-Casinos.jpg","width":800,"height":572,"caption":"Pennsylvania Sweepstake Casinos"},{"@type":"BreadcrumbList","@id":"https:\/\/casinoreturn.com\/pl\/kasyna-z-loteria-w-pensylwanii\/#breadcrumb","itemListElement":[{"@type":"ListItem","position":1,"name":"Home","item":"https:\/\/casinoreturn.com\/pl\/strona-glowna\/"},{"@type":"ListItem","position":2,"name":"Kasyna z loteri\u0105 w Pensylwanii"}]},{"@type":"WebSite","@id":"https:\/\/casinoreturn.com\/#website","url":"https:\/\/casinoreturn.com\/","name":"casinoreturn","description":"","publisher":{"@id":"https:\/\/casinoreturn.com\/#organization"},"potentialAction":[{"@type":"SearchAction","target":{"@type":"EntryPoint","urlTemplate":"https:\/\/casinoreturn.com\/?s={search_term_string}"},"query-input":{"@type":"PropertyValueSpecification","valueRequired":true,"valueName":"search_term_string"}}],"inLanguage":"pl-PL"},{"@type":"Organization","@id":"https:\/\/casinoreturn.com\/#organization","name":"casinoreturn","url":"https:\/\/casinoreturn.com\/","logo":{"@type":"ImageObject","inLanguage":"pl-PL","@id":"https:\/\/casinoreturn.com\/#\/schema\/logo\/image\/","url":"https:\/\/casinoreturn.com\/wp-content\/uploads\/2024\/09\/animal-favicon.png","contentUrl":"https:\/\/casinoreturn.com\/wp-content\/uploads\/2024\/09\/animal-favicon.png","width":92,"height":92,"caption":"casinoreturn"},"image":{"@id":"https:\/\/casinoreturn.com\/#\/schema\/logo\/image\/"}}]}},"_links":{"self":[{"href":"https:\/\/casinoreturn.com\/pl\/wp-json\/wp\/v2\/pages\/16073","targetHints":{"allow":["GET"]}}],"collection":[{"href":"https:\/\/casinoreturn.com\/pl\/wp-json\/wp\/v2\/pages"}],"about":[{"href":"https:\/\/casinoreturn.com\/pl\/wp-json\/wp\/v2\/types\/page"}],"author":[{"embeddable":true,"href":"https:\/\/casinoreturn.com\/pl\/wp-json\/wp\/v2\/users\/1"}],"replies":[{"embeddable":true,"href":"https:\/\/casinoreturn.com\/pl\/wp-json\/wp\/v2\/comments?post=16073"}],"version-history":[{"count":1,"href":"https:\/\/casinoreturn.com\/pl\/wp-json\/wp\/v2\/pages\/16073\/revisions"}],"predecessor-version":[{"id":16074,"href":"https:\/\/casinoreturn.com\/pl\/wp-json\/wp\/v2\/pages\/16073\/revisions\/16074"}],"wp:featuredmedia":[{"embeddable":true,"href":"https:\/\/casinoreturn.com\/pl\/wp-json\/wp\/v2\/media\/15393"}],"wp:attachment":[{"href":"https:\/\/casinoreturn.com\/pl\/wp-json\/wp\/v2\/media?parent=16073"}],"curies":[{"name":"wp","href":"https:\/\/api.w.org\/{rel}","templated":true}]}}