{"id":16224,"date":"2025-11-04T22:06:23","date_gmt":"2025-11-04T22:06:23","guid":{"rendered":"https:\/\/casinoreturn.com\/kasyno-online-z-loteria-w-wirginii-zachodniej\/"},"modified":"2025-11-04T22:53:57","modified_gmt":"2025-11-04T22:53:57","slug":"kasyno-online-z-loteria-w-wirginii-zachodniej","status":"publish","type":"page","link":"https:\/\/casinoreturn.com\/pl\/kasyno-online-z-loteria-w-wirginii-zachodniej\/","title":{"rendered":"Kasyno online z loteri\u0105 w Wirginii Zachodniej"},"content":{"rendered":"\t\t<div data-elementor-type=\"wp-page\" data-elementor-id=\"16224\" class=\"elementor elementor-16224\" data-elementor-post-type=\"page\">\n\t\t\t\t<div class=\"elementor-element elementor-element-a25ba4b e-con-full e-flex e-con e-parent\" data-id=\"a25ba4b\" data-element_type=\"container\" data-settings=\"{&quot;background_background&quot;:&quot;gradient&quot;}\">\n\t\t\t\t<div class=\"elementor-element elementor-element-d034d04 elementor-widget elementor-widget-heading\" data-id=\"d034d04\" data-element_type=\"widget\" data-widget_type=\"heading.default\">\n\t\t\t\t<div class=\"elementor-widget-container\">\n\t\t\t\t\t<h3 class=\"elementor-heading-title elementor-size-default\">Virginia Sweepstake kasyno online<\/h3>\t\t\t\t<\/div>\n\t\t\t\t<\/div>\n\t\t\t\t<div class=\"elementor-element elementor-element-18d8fc5 elementor-widget elementor-widget-text-editor\" data-id=\"18d8fc5\" data-element_type=\"widget\" data-widget_type=\"text-editor.default\">\n\t\t\t\t<div class=\"elementor-widget-container\">\n\t\t\t\t\t\t\t\t\t<p>Zasady West Virginia Sweepstake Online Casino s\u0105 na razie na cienkim lodzie. Oznacza to, \u017ce kasyna online oferuj\u0105ce wst\u0119p poprzez wp\u0142at\u0119 pieni\u0119dzy na gr\u0119 i wygrywanie got\u00f3wki nie s\u0105 w rzeczywisto\u015bci legalne. Kasyna Sweepstake dzia\u0142aj\u0105 w tak zwanym modelu dwuwalutowym. Ten model dwuwalutowy umo\u017cliwia graczom dost\u0119p do platformy, ale nie jest wymagany depozyt. Got\u00f3wka nie mo\u017ce by\u0107 wygrana bezpo\u015brednio ani wymieniona. Loteria dzia\u0142a w oparciu o monety, kt\u00f3re mo\u017cna nast\u0119pnie wymieni\u0107.  <a href=\"https:\/\/casinoreturn.com\/pl\/sweep-stake-casino-return-usa\/\">Wi\u0119cej informacji na temat sweep\u00f3w i z\u0142otych monet mo\u017cna znale\u017a\u0107 tutaj.  <\/a><\/p>\n<p>Gracze mog\u0105 r\u00f3wnie\u017c znale\u017a\u0107 wi\u0119cej informacji na temat przepis\u00f3w dotycz\u0105cych poszczeg\u00f3lnych stan\u00f3w USA, takich jak <a href=\"https:\/\/casinoreturn.com\/new-york-sweepstake-casinos\/\">kasyna<\/a> <a href=\"https:\/\/casinoreturn.com\/california-bans-social-sweepstake-games\/\">Sweepstake w  Nowym Jorku lub zakaz w kasynach Sweepstake w Kalifornii <\/a>.  <\/p>\n<p>W tym artykule wyja\u015bniamy:  <\/p>\n<ul>\n<li><a href=\"https:\/\/casinoreturn.com\/pl\/kasyno-online-z-loteria-w-wirginii-zachodniej\/#curr\">Aktualne przepisy dotycz\u0105ce loterii w Wirginii Zachodniej<\/a><\/li>\n<li>Kasyna naziemne w Wirginii Zachodniej  <\/li>\n<li><a href=\"https:\/\/casinoreturn.com\/pl\/kasyno-online-z-loteria-w-wirginii-zachodniej\/#top\">10 najlepszych kasyn z loteri\u0105 w Wirginii Zachodniej<\/a> <\/li>\n<li><a href=\"https:\/\/casinoreturn.com\/pl\/kasyno-online-z-loteria-w-wirginii-zachodniej\/#sport\">Zak\u0142ady sportowe w Zachodniej Wirginii<\/a><\/li>\n<li><a href=\"https:\/\/casinoreturn.com\/pl\/kasyno-online-z-loteria-w-wirginii-zachodniej\/#faq\">Najcz\u0119\u015bciej zadawane pytania dotycz\u0105ce kasyn w Zachodniej Wirginii<\/a><\/li>\n<li><a href=\"https:\/\/casinoreturn.com\/pl\/kasyno-online-z-loteria-w-wirginii-zachodniej\/#curio\">Ciekawostki na temat Wirginii Zachodniej, USA<\/a><\/li>\n<\/ul>\n\t\t\t\t\t\t\t\t<\/div>\n\t\t\t\t<\/div>\n\t\t\t\t<\/div>\n\t\t<div class=\"elementor-element elementor-element-920cb2f e-con-full e-flex e-con e-parent\" data-id=\"920cb2f\" data-element_type=\"container\" data-settings=\"{&quot;background_background&quot;:&quot;gradient&quot;}\">\n\t\t\t\t<div class=\"elementor-element elementor-element-5ede9b0 elementor-widget__width-initial elementor-widget elementor-widget-image\" data-id=\"5ede9b0\" data-element_type=\"widget\" data-widget_type=\"image.default\">\n\t\t\t\t<div class=\"elementor-widget-container\">\n\t\t\t\t\t\t\t\t\t\t\t\t\t\t\t<img decoding=\"async\" src=\"https:\/\/casinoreturn.com\/wp-content\/uploads\/elementor\/thumbs\/Sweep-stake-casino-return-rcsvuhhg8ru7ojla0mlxbz0ez2n9j5cipfa82r7ohw.jpg\" title=\"Sweep stake casino return\" alt=\"Sweep stake casino return\" loading=\"lazy\" \/>\t\t\t\t\t\t\t\t\t\t\t\t\t\t\t<\/div>\n\t\t\t\t<\/div>\n\t\t\t\t<div class=\"elementor-element elementor-element-21b3226 elementor-widget elementor-widget-heading\" data-id=\"21b3226\" data-element_type=\"widget\" id=\"curr\" data-widget_type=\"heading.default\">\n\t\t\t\t<div class=\"elementor-widget-container\">\n\t\t\t\t\t<h3 class=\"elementor-heading-title elementor-size-default\">Aktualne przepisy dotycz\u0105ce loterii w Wirginii Zachodniej<\/h3>\t\t\t\t<\/div>\n\t\t\t\t<\/div>\n\t\t\t\t<\/div>\n\t\t<div class=\"elementor-element elementor-element-165ad87 e-con-full e-flex e-con e-parent\" data-id=\"165ad87\" data-element_type=\"container\">\n\t\t\t\t<div class=\"elementor-element elementor-element-8fc0205 elementor-widget elementor-widget-text-editor\" data-id=\"8fc0205\" data-element_type=\"widget\" data-widget_type=\"text-editor.default\">\n\t\t\t\t<div class=\"elementor-widget-container\">\n\t\t\t\t\t\t\t\t\t<p>Obecna sytuacja kasyn loteryjnych w Wirginii Zachodniej jest lu\u017ana, ale pozostaje legalna. Ustawodawcy w Wirginii uwa\u017caj\u0105 operator\u00f3w modeli dwuwalutowych za dzia\u0142alno\u015b\u0107 niezwi\u0105zan\u0105 z hazardem. Model ten jest poddawany coraz wi\u0119kszej kontroli ze wszystkich stron. Stany takie jak Kalifornia i <a href=\"https:\/\/casinoreturn.com\/pl\/kasyna-z-loteria-w-pensylwanii\/\">Pensylwania zakazuj\u0105 lub zabraniaj\u0105 organizowania loterii.<\/a><\/p>\n<p>Idea darmowego wst\u0119pu w kasynach online jest na razie podtrzymywana. Gracze mog\u0105 wchodzi\u0107 na platformy za darmo i gra\u0107 w gry kasyn spo\u0142eczno\u015bciowych, wygrywaj\u0105c z\u0142ote monety. Goldcoiny te nie mog\u0105 by\u0107 wymieniane na got\u00f3wk\u0119 i dlatego nie s\u0105 uznawane przez prawo za hazard. Kasyna Sweepstake nie s\u0105 oficjalnie licencjonowane i pozostaj\u0105 pod czujnym okiem prawa stanowego i nie podlegaj\u0105 prawu stanowemu Wirginii Zachodniej art. 18.2-325.  <\/p>\n<p>Gracze musz\u0105 mie\u0107 uko\u0144czone 18 lat w przypadku kasyn spo\u0142eczno\u015bciowych i 21 lat oraz by\u0107 rezydentami Wirginii Zachodniej w przypadku zak\u0142ad\u00f3w sportowych.  <\/p>\t\t\t\t\t\t\t\t<\/div>\n\t\t\t\t<\/div>\n\t\t\t\t<div class=\"elementor-element elementor-element-5118fa1 elementor-widget elementor-widget-heading\" data-id=\"5118fa1\" data-element_type=\"widget\" id=\"top\" data-widget_type=\"heading.default\">\n\t\t\t\t<div class=\"elementor-widget-container\">\n\t\t\t\t\t<h3 class=\"elementor-heading-title elementor-size-default\">10 najlepszych kasyn z loteri\u0105 w Wirginii Zachodniej<\/h3>\t\t\t\t<\/div>\n\t\t\t\t<\/div>\n\t\t\t\t<div class=\"elementor-element elementor-element-7957e13 elementor-widget elementor-widget-image\" data-id=\"7957e13\" data-element_type=\"widget\" data-widget_type=\"image.default\">\n\t\t\t\t<div class=\"elementor-widget-container\">\n\t\t\t\t\t\t\t\t\t\t\t\t\t\t\t<img decoding=\"async\" src=\"https:\/\/casinoreturn.com\/wp-content\/uploads\/elementor\/thumbs\/West-Virginia-Sweepstake-online-Casino-re8be3avp0f8cq7oyjzacwqfm1upd5dp2x3x9hkbic.png\" title=\"West Virginia Sweepstake online Casino\" alt=\"West Virginia Sweepstake online Casino\" loading=\"lazy\" \/>\t\t\t\t\t\t\t\t\t\t\t\t\t\t\t<\/div>\n\t\t\t\t<\/div>\n\t\t\t\t<div class=\"elementor-element elementor-element-9c8bfae elementor-widget elementor-widget-text-editor\" data-id=\"9c8bfae\" data-element_type=\"widget\" data-widget_type=\"text-editor.default\">\n\t\t\t\t<div class=\"elementor-widget-container\">\n\t\t\t\t\t\t\t\t\t<p>W zwi\u0105zku z tym, \u017ce kasyna online na prawdziwe pieni\u0105dze zosta\u0142y uznane za nielegalne, poni\u017csze kasyna loteryjne oferuj\u0105 mo\u017cliwo\u015b\u0107 gry w kasynie spo\u0142eczno\u015bciowym. Oznacza to, \u017ce wst\u0119p jest bezp\u0142atny i nie trzeba dokonywa\u0107 \u017cadnych wp\u0142at. Chocia\u017c Goldcoiny mo\u017cna wygra\u0107, a nagrody s\u0105 dost\u0119pne w zamian, nie ma warto\u015bci pieni\u0119\u017cnej ani got\u00f3wki do wygrania. Bez szczeg\u00f3lnego znaczenia:  <\/p>\n<p>Pomimo tego, \u017ce kasyna online oferuj\u0105ce loterie s\u0105 nielegalne, wiele z nich opu\u015bci\u0142o rynek. W 2025 roku prokurator generalny John B. McCusky wystosowa\u0142 prawie 50 wezwa\u0144 do operator\u00f3w. Do tej pory po\u0142owa z nich zaprzesta\u0142a dzia\u0142alno\u015bci. Niekt\u00f3re nadal dzia\u0142aj\u0105 w szarej strefie.  <\/p>\n<h4>Kasyna naziemne w Wirginii Zachodniej<\/h4>\n<p>Kasyna naziemne w Wirginii zapewniaj\u0105 bardzo oczekiwane wra\u017cenia z gry na prawdziwe pieni\u0105dze. Chcieliby\u015bmy przedstawi\u0107 5 najlepszych kasyn naziemnych w Wirginii Zachodniej, ale oficjalnie tylko 3 dzia\u0142aj\u0105 w pe\u0142ni. Licencje zosta\u0142y przyznane w 2020 r. dla Bristol US, Danville US, Norfolk US, Portsmouth US i Richmond US.  <\/p>\n<ul>\n<li>Hollywood Casino at Charles Town Races jest liderem pod wzgl\u0119dem rozrywki. Oferuje pe\u0142n\u0105 gam\u0119 gier, od pokera sto\u0142owego na \u017cywo, automat\u00f3w, bingo i blackjacka. Niekt\u00f3re stacje bukmacherskie s\u0105 r\u00f3wnie\u017c obecne<\/li>\n<li>Mardi Gras &#8211; \u0142\u0105czy w sobie pe\u0142n\u0105 obs\u0142ug\u0119 hotelu i kasyna<\/li>\n<li>The Casino Club at The Greenbrier &#8211; du\u017ca marka wspieraj\u0105ca to centrum gier rozrywkowych<\/li>\n<\/ul>\t\t\t\t\t\t\t\t<\/div>\n\t\t\t\t<\/div>\n\t\t\t\t<div class=\"elementor-element elementor-element-0a7b52c elementor-widget elementor-widget-heading\" data-id=\"0a7b52c\" data-element_type=\"widget\" id=\"sport\" data-widget_type=\"heading.default\">\n\t\t\t\t<div class=\"elementor-widget-container\">\n\t\t\t\t\t<h3 class=\"elementor-heading-title elementor-size-default\">Zak\u0142ady sportowe w Zachodniej Wirginii  <\/h3>\t\t\t\t<\/div>\n\t\t\t\t<\/div>\n\t\t\t\t<div class=\"elementor-element elementor-element-0a1012d elementor-widget elementor-widget-text-editor\" data-id=\"0a1012d\" data-element_type=\"widget\" data-widget_type=\"text-editor.default\">\n\t\t\t\t<div class=\"elementor-widget-container\">\n\t\t\t\t\t\t\t\t\t<p>Zak\u0142ady sportowe w Zachodniej Wirginii s\u0105 legalne i licencjonowane dla mieszka\u0144c\u00f3w i operator\u00f3w. Platformy zak\u0142ad\u00f3w sportowych musz\u0105 \u015bci\u015ble przestrzega\u0107 weryfikacji wieku, 21+ lat. Zak\u0142ady musz\u0105 zosta\u0107 postawione w stanie Wirginia.  <\/p>\n<p>Podobnie jak w innych stanach USA, zak\u0142ady na m\u0142odzie\u017cowe wydarzenia sportowe i uczelniane wydarzenia sportowe s\u0105 nielegalne. Du\u017ce firmy oferuj\u0105ce aplikacje do obstawiania zak\u0142ad\u00f3w to FanDuel. DraftKings, BetMGM i Caesars.<\/p>\t\t\t\t\t\t\t\t<\/div>\n\t\t\t\t<\/div>\n\t\t\t\t<div class=\"elementor-element elementor-element-9a3e94e elementor-widget elementor-widget-heading\" data-id=\"9a3e94e\" data-element_type=\"widget\" id=\"faq\" data-widget_type=\"heading.default\">\n\t\t\t\t<div class=\"elementor-widget-container\">\n\t\t\t\t\t<h2 class=\"elementor-heading-title elementor-size-default\">Najcz\u0119\u015bciej zadawane pytania dotycz\u0105ce kasyn w Zachodniej Wirginii<\/h2>\t\t\t\t<\/div>\n\t\t\t\t<\/div>\n\t\t\t\t<div class=\"elementor-element elementor-element-6a966d4 elementor-widget elementor-widget-elementskit-faq\" data-id=\"6a966d4\" data-element_type=\"widget\" data-widget_type=\"elementskit-faq.default\">\n\t\t\t\t<div class=\"elementor-widget-container\">\n\t\t\t\t\t<div class=\"ekit-wid-con\" >\n                <div class=\"elementskit-single-faq elementor-repeater-item-e0176ff\">\n            <div class=\"elementskit-faq-header\">\n                <h2 class=\"elementskit-faq-title\">Are Sweepstake casinos legal in West Virginia?<\/h2>\n            <\/div>\n            <div class=\"elementskit-faq-body\">\n                Sweepstake casinos are not illegal. if the set up provides a complete social casino structure, without real-money. Meaning, the online casino cannot accept or reward players with anything but Goldcoins, or similar token.            <\/div>\n        <\/div>\n                <div class=\"elementskit-single-faq elementor-repeater-item-140a2d1\">\n            <div class=\"elementskit-faq-header\">\n                <h2 class=\"elementskit-faq-title\">Is sports betting legal in West Virginia?<\/h2>\n            <\/div>\n            <div class=\"elementskit-faq-body\">\n                Yes sports betting is legal. Residents older than 21+ of age can wager on sport and events.             <\/div>\n        <\/div>\n                <div class=\"elementskit-single-faq elementor-repeater-item-35c1273\">\n            <div class=\"elementskit-faq-header\">\n                <h2 class=\"elementskit-faq-title\">Can I bet on a Virginia team outside of the state of West Virginia?<\/h2>\n            <\/div>\n            <div class=\"elementskit-faq-body\">\n                If you are resident of West Virginia, and want to place a wager on a team playing outside of West Virginia, it's not possible. However, players can bet on teams from West Virginia if their residency is outside from West Virginia.             <\/div>\n        <\/div>\n                \n    <\/div>\t\t\t\t<\/div>\n\t\t\t\t<\/div>\n\t\t\t\t<div class=\"elementor-element elementor-element-6631937 elementor-widget elementor-widget-heading\" data-id=\"6631937\" data-element_type=\"widget\" id=\"curio\" data-widget_type=\"heading.default\">\n\t\t\t\t<div class=\"elementor-widget-container\">\n\t\t\t\t\t<h3 class=\"elementor-heading-title elementor-size-default\">Ciekawostki na temat Wirginii Zachodniej, USA<\/h3>\t\t\t\t<\/div>\n\t\t\t\t<\/div>\n\t\t\t\t<div class=\"elementor-element elementor-element-50e0b85 elementor-widget elementor-widget-text-editor\" data-id=\"50e0b85\" data-element_type=\"widget\" data-widget_type=\"text-editor.default\">\n\t\t\t\t<div class=\"elementor-widget-container\">\n\t\t\t\t\t\t\t\t\t<p>Oto kilka ciekawostek na temat Wirginii Zachodniej. Ten ameryka\u0144ski stan ma na swoim koncie kilka bardzo znanych nazwisk politycznych.  <\/p>\n<p><img fetchpriority=\"high\" decoding=\"async\" class=\"alignnone wp-image-16194 size-full\" src=\"https:\/\/casinoreturn.com\/wp-content\/uploads\/2025\/11\/West-Virginia-Sweepstake-online-Casino.png\" alt=\"Kasyno online z loteri\u0105 w Wirginii Zachodniej\" width=\"237\" height=\"212\"><\/p>\n<ul>\n<li>Zachodnia Wirginia jest w ca\u0142o\u015bci domem dla P\u0142askowy\u017cu Appalach\u00f3w.  <\/li>\n<li>Dom najwi\u0119kszego teleskopu sterowanego na \u015bwiecie  <\/li>\n<li>New River &#8211; co ciekawe, jest to jedna z najstarszych rzek na \u015bwiecie.<\/li>\n<li>W Wirginii Zachodniej znajduje si\u0119 wi\u0119cej rzek, w\u0105woz\u00f3w i bystrzy &#8211; wi\u0119cej ni\u017c we wszystkich stanach USA \u0142\u0105cznie.<\/li>\n<\/ul>\n<p> <\/p>\t\t\t\t\t\t\t\t<\/div>\n\t\t\t\t<\/div>\n\t\t\t\t<\/div>\n\t\t\t\t<\/div>\n\t\t","protected":false},"excerpt":{"rendered":"<p>Virginia Sweepstake kasyno online Zasady West Virginia Sweepstake Online Casino s\u0105 na razie na cienkim lodzie. Oznacza to, \u017ce kasyna online oferuj\u0105ce wst\u0119p poprzez wp\u0142at\u0119 pieni\u0119dzy na gr\u0119 i wygrywanie got\u00f3wki nie s\u0105 w rzeczywisto\u015bci legalne. Kasyna Sweepstake dzia\u0142aj\u0105 w tak zwanym modelu dwuwalutowym. Ten model dwuwalutowy umo\u017cliwia graczom dost\u0119p do platformy, ale nie jest [&hellip;]<\/p>\n","protected":false},"author":1,"featured_media":16200,"parent":0,"menu_order":0,"comment_status":"closed","ping_status":"closed","template":"","meta":{"footnotes":""},"class_list":["post-16224","page","type-page","status-publish","has-post-thumbnail","hentry"],"blocksy_meta":[],"acf":[],"yoast_head":"<!-- This site is optimized with the Yoast SEO plugin v24.1 - https:\/\/yoast.com\/wordpress\/plugins\/seo\/ -->\n<title>Kasyno online z loteri\u0105 w Wirginii Zachodniej - casinoreturn<\/title>\n<meta name=\"description\" content=\"Kasyno online West Virginia Sweepstake mo\u017ce na razie dzia\u0142a\u0107. Kasyna online oferuj\u0105ce loterie s\u0105 pod ostrza\u0142em, ale na razie nie s\u0105 postrzegane jako hazard.\" \/>\n<meta name=\"robots\" content=\"index, follow, max-snippet:-1, max-image-preview:large, max-video-preview:-1\" \/>\n<link rel=\"canonical\" href=\"https:\/\/casinoreturn.com\/pl\/kasyno-online-z-loteria-w-wirginii-zachodniej\/\" \/>\n<meta property=\"og:locale\" content=\"pl_PL\" \/>\n<meta property=\"og:type\" content=\"article\" \/>\n<meta property=\"og:title\" content=\"Kasyno online z loteri\u0105 w Wirginii Zachodniej - casinoreturn\" \/>\n<meta property=\"og:description\" content=\"Kasyno online West Virginia Sweepstake mo\u017ce na razie dzia\u0142a\u0107. Kasyna online oferuj\u0105ce loterie s\u0105 pod ostrza\u0142em, ale na razie nie s\u0105 postrzegane jako hazard.\" \/>\n<meta property=\"og:url\" content=\"https:\/\/casinoreturn.com\/pl\/kasyno-online-z-loteria-w-wirginii-zachodniej\/\" \/>\n<meta property=\"og:site_name\" content=\"casinoreturn\" \/>\n<meta property=\"article:modified_time\" content=\"2025-11-04T22:53:57+00:00\" \/>\n<meta property=\"og:image\" content=\"https:\/\/casinoreturn.com\/wp-content\/uploads\/2025\/11\/West-Virginia-Sweepstake-online-Casino.png\" \/>\n\t<meta property=\"og:image:width\" content=\"237\" \/>\n\t<meta property=\"og:image:height\" content=\"212\" \/>\n\t<meta property=\"og:image:type\" content=\"image\/png\" \/>\n<meta name=\"twitter:card\" content=\"summary_large_image\" \/>\n<meta name=\"twitter:label1\" content=\"Szacowany czas czytania\" \/>\n\t<meta name=\"twitter:data1\" content=\"4 minuty\" \/>\n<script type=\"application\/ld+json\" class=\"yoast-schema-graph\">{\"@context\":\"https:\/\/schema.org\",\"@graph\":[{\"@type\":\"WebPage\",\"@id\":\"https:\/\/casinoreturn.com\/pl\/kasyno-online-z-loteria-w-wirginii-zachodniej\/\",\"url\":\"https:\/\/casinoreturn.com\/pl\/kasyno-online-z-loteria-w-wirginii-zachodniej\/\",\"name\":\"Kasyno online z loteri\u0105 w Wirginii Zachodniej - casinoreturn\",\"isPartOf\":{\"@id\":\"https:\/\/casinoreturn.com\/#website\"},\"primaryImageOfPage\":{\"@id\":\"https:\/\/casinoreturn.com\/pl\/kasyno-online-z-loteria-w-wirginii-zachodniej\/#primaryimage\"},\"image\":{\"@id\":\"https:\/\/casinoreturn.com\/pl\/kasyno-online-z-loteria-w-wirginii-zachodniej\/#primaryimage\"},\"thumbnailUrl\":\"https:\/\/casinoreturn.com\/wp-content\/uploads\/2025\/11\/West-Virginia-Sweepstake-online-Casino.png\",\"datePublished\":\"2025-11-04T22:06:23+00:00\",\"dateModified\":\"2025-11-04T22:53:57+00:00\",\"description\":\"Kasyno online West Virginia Sweepstake mo\u017ce na razie dzia\u0142a\u0107. Kasyna online oferuj\u0105ce loterie s\u0105 pod ostrza\u0142em, ale na razie nie s\u0105 postrzegane jako hazard.\",\"breadcrumb\":{\"@id\":\"https:\/\/casinoreturn.com\/pl\/kasyno-online-z-loteria-w-wirginii-zachodniej\/#breadcrumb\"},\"inLanguage\":\"pl-PL\",\"potentialAction\":[{\"@type\":\"ReadAction\",\"target\":[\"https:\/\/casinoreturn.com\/pl\/kasyno-online-z-loteria-w-wirginii-zachodniej\/\"]}]},{\"@type\":\"ImageObject\",\"inLanguage\":\"pl-PL\",\"@id\":\"https:\/\/casinoreturn.com\/pl\/kasyno-online-z-loteria-w-wirginii-zachodniej\/#primaryimage\",\"url\":\"https:\/\/casinoreturn.com\/wp-content\/uploads\/2025\/11\/West-Virginia-Sweepstake-online-Casino.png\",\"contentUrl\":\"https:\/\/casinoreturn.com\/wp-content\/uploads\/2025\/11\/West-Virginia-Sweepstake-online-Casino.png\",\"width\":237,\"height\":212,\"caption\":\"West Virginia Sweepstake online Casino\"},{\"@type\":\"BreadcrumbList\",\"@id\":\"https:\/\/casinoreturn.com\/pl\/kasyno-online-z-loteria-w-wirginii-zachodniej\/#breadcrumb\",\"itemListElement\":[{\"@type\":\"ListItem\",\"position\":1,\"name\":\"Home\",\"item\":\"https:\/\/casinoreturn.com\/pl\/strona-glowna\/\"},{\"@type\":\"ListItem\",\"position\":2,\"name\":\"Kasyno online z loteri\u0105 w Wirginii Zachodniej\"}]},{\"@type\":\"WebSite\",\"@id\":\"https:\/\/casinoreturn.com\/#website\",\"url\":\"https:\/\/casinoreturn.com\/\",\"name\":\"casinoreturn\",\"description\":\"\",\"publisher\":{\"@id\":\"https:\/\/casinoreturn.com\/#organization\"},\"potentialAction\":[{\"@type\":\"SearchAction\",\"target\":{\"@type\":\"EntryPoint\",\"urlTemplate\":\"https:\/\/casinoreturn.com\/?s={search_term_string}\"},\"query-input\":{\"@type\":\"PropertyValueSpecification\",\"valueRequired\":true,\"valueName\":\"search_term_string\"}}],\"inLanguage\":\"pl-PL\"},{\"@type\":\"Organization\",\"@id\":\"https:\/\/casinoreturn.com\/#organization\",\"name\":\"casinoreturn\",\"url\":\"https:\/\/casinoreturn.com\/\",\"logo\":{\"@type\":\"ImageObject\",\"inLanguage\":\"pl-PL\",\"@id\":\"https:\/\/casinoreturn.com\/#\/schema\/logo\/image\/\",\"url\":\"https:\/\/casinoreturn.com\/wp-content\/uploads\/2024\/09\/animal-favicon.png\",\"contentUrl\":\"https:\/\/casinoreturn.com\/wp-content\/uploads\/2024\/09\/animal-favicon.png\",\"width\":92,\"height\":92,\"caption\":\"casinoreturn\"},\"image\":{\"@id\":\"https:\/\/casinoreturn.com\/#\/schema\/logo\/image\/\"}}]}<\/script>\n<!-- \/ Yoast SEO plugin. -->","yoast_head_json":{"title":"Kasyno online z loteri\u0105 w Wirginii Zachodniej - casinoreturn","description":"Kasyno online West Virginia Sweepstake mo\u017ce na razie dzia\u0142a\u0107. Kasyna online oferuj\u0105ce loterie s\u0105 pod ostrza\u0142em, ale na razie nie s\u0105 postrzegane jako hazard.","robots":{"index":"index","follow":"follow","max-snippet":"max-snippet:-1","max-image-preview":"max-image-preview:large","max-video-preview":"max-video-preview:-1"},"canonical":"https:\/\/casinoreturn.com\/pl\/kasyno-online-z-loteria-w-wirginii-zachodniej\/","og_locale":"pl_PL","og_type":"article","og_title":"Kasyno online z loteri\u0105 w Wirginii Zachodniej - casinoreturn","og_description":"Kasyno online West Virginia Sweepstake mo\u017ce na razie dzia\u0142a\u0107. Kasyna online oferuj\u0105ce loterie s\u0105 pod ostrza\u0142em, ale na razie nie s\u0105 postrzegane jako hazard.","og_url":"https:\/\/casinoreturn.com\/pl\/kasyno-online-z-loteria-w-wirginii-zachodniej\/","og_site_name":"casinoreturn","article_modified_time":"2025-11-04T22:53:57+00:00","og_image":[{"width":237,"height":212,"url":"https:\/\/casinoreturn.com\/wp-content\/uploads\/2025\/11\/West-Virginia-Sweepstake-online-Casino.png","type":"image\/png"}],"twitter_card":"summary_large_image","twitter_misc":{"Szacowany czas czytania":"4 minuty"},"schema":{"@context":"https:\/\/schema.org","@graph":[{"@type":"WebPage","@id":"https:\/\/casinoreturn.com\/pl\/kasyno-online-z-loteria-w-wirginii-zachodniej\/","url":"https:\/\/casinoreturn.com\/pl\/kasyno-online-z-loteria-w-wirginii-zachodniej\/","name":"Kasyno online z loteri\u0105 w Wirginii Zachodniej - casinoreturn","isPartOf":{"@id":"https:\/\/casinoreturn.com\/#website"},"primaryImageOfPage":{"@id":"https:\/\/casinoreturn.com\/pl\/kasyno-online-z-loteria-w-wirginii-zachodniej\/#primaryimage"},"image":{"@id":"https:\/\/casinoreturn.com\/pl\/kasyno-online-z-loteria-w-wirginii-zachodniej\/#primaryimage"},"thumbnailUrl":"https:\/\/casinoreturn.com\/wp-content\/uploads\/2025\/11\/West-Virginia-Sweepstake-online-Casino.png","datePublished":"2025-11-04T22:06:23+00:00","dateModified":"2025-11-04T22:53:57+00:00","description":"Kasyno online West Virginia Sweepstake mo\u017ce na razie dzia\u0142a\u0107. Kasyna online oferuj\u0105ce loterie s\u0105 pod ostrza\u0142em, ale na razie nie s\u0105 postrzegane jako hazard.","breadcrumb":{"@id":"https:\/\/casinoreturn.com\/pl\/kasyno-online-z-loteria-w-wirginii-zachodniej\/#breadcrumb"},"inLanguage":"pl-PL","potentialAction":[{"@type":"ReadAction","target":["https:\/\/casinoreturn.com\/pl\/kasyno-online-z-loteria-w-wirginii-zachodniej\/"]}]},{"@type":"ImageObject","inLanguage":"pl-PL","@id":"https:\/\/casinoreturn.com\/pl\/kasyno-online-z-loteria-w-wirginii-zachodniej\/#primaryimage","url":"https:\/\/casinoreturn.com\/wp-content\/uploads\/2025\/11\/West-Virginia-Sweepstake-online-Casino.png","contentUrl":"https:\/\/casinoreturn.com\/wp-content\/uploads\/2025\/11\/West-Virginia-Sweepstake-online-Casino.png","width":237,"height":212,"caption":"West Virginia Sweepstake online Casino"},{"@type":"BreadcrumbList","@id":"https:\/\/casinoreturn.com\/pl\/kasyno-online-z-loteria-w-wirginii-zachodniej\/#breadcrumb","itemListElement":[{"@type":"ListItem","position":1,"name":"Home","item":"https:\/\/casinoreturn.com\/pl\/strona-glowna\/"},{"@type":"ListItem","position":2,"name":"Kasyno online z loteri\u0105 w Wirginii Zachodniej"}]},{"@type":"WebSite","@id":"https:\/\/casinoreturn.com\/#website","url":"https:\/\/casinoreturn.com\/","name":"casinoreturn","description":"","publisher":{"@id":"https:\/\/casinoreturn.com\/#organization"},"potentialAction":[{"@type":"SearchAction","target":{"@type":"EntryPoint","urlTemplate":"https:\/\/casinoreturn.com\/?s={search_term_string}"},"query-input":{"@type":"PropertyValueSpecification","valueRequired":true,"valueName":"search_term_string"}}],"inLanguage":"pl-PL"},{"@type":"Organization","@id":"https:\/\/casinoreturn.com\/#organization","name":"casinoreturn","url":"https:\/\/casinoreturn.com\/","logo":{"@type":"ImageObject","inLanguage":"pl-PL","@id":"https:\/\/casinoreturn.com\/#\/schema\/logo\/image\/","url":"https:\/\/casinoreturn.com\/wp-content\/uploads\/2024\/09\/animal-favicon.png","contentUrl":"https:\/\/casinoreturn.com\/wp-content\/uploads\/2024\/09\/animal-favicon.png","width":92,"height":92,"caption":"casinoreturn"},"image":{"@id":"https:\/\/casinoreturn.com\/#\/schema\/logo\/image\/"}}]}},"_links":{"self":[{"href":"https:\/\/casinoreturn.com\/pl\/wp-json\/wp\/v2\/pages\/16224","targetHints":{"allow":["GET"]}}],"collection":[{"href":"https:\/\/casinoreturn.com\/pl\/wp-json\/wp\/v2\/pages"}],"about":[{"href":"https:\/\/casinoreturn.com\/pl\/wp-json\/wp\/v2\/types\/page"}],"author":[{"embeddable":true,"href":"https:\/\/casinoreturn.com\/pl\/wp-json\/wp\/v2\/users\/1"}],"replies":[{"embeddable":true,"href":"https:\/\/casinoreturn.com\/pl\/wp-json\/wp\/v2\/comments?post=16224"}],"version-history":[{"count":1,"href":"https:\/\/casinoreturn.com\/pl\/wp-json\/wp\/v2\/pages\/16224\/revisions"}],"predecessor-version":[{"id":16225,"href":"https:\/\/casinoreturn.com\/pl\/wp-json\/wp\/v2\/pages\/16224\/revisions\/16225"}],"wp:featuredmedia":[{"embeddable":true,"href":"https:\/\/casinoreturn.com\/pl\/wp-json\/wp\/v2\/media\/16200"}],"wp:attachment":[{"href":"https:\/\/casinoreturn.com\/pl\/wp-json\/wp\/v2\/media?parent=16224"}],"curies":[{"name":"wp","href":"https:\/\/api.w.org\/{rel}","templated":true}]}}