{"id":4458,"date":"2024-11-11T14:03:43","date_gmt":"2024-11-11T14:03:43","guid":{"rendered":"https:\/\/casinoreturn.com\/kasyna-z-czarna-lista\/"},"modified":"2025-03-31T17:56:52","modified_gmt":"2025-03-31T17:56:52","slug":"kasyna-z-czarna-lista","status":"publish","type":"page","link":"https:\/\/casinoreturn.com\/pl\/kasyna-z-czarna-lista\/","title":{"rendered":"Kasyna z czarn\u0105 list\u0105"},"content":{"rendered":"\t\t<div data-elementor-type=\"wp-page\" data-elementor-id=\"4458\" class=\"elementor elementor-4458\" data-elementor-post-type=\"page\">\n\t\t\t\t<div class=\"elementor-element elementor-element-1c57588 e-con-full e-flex e-con e-parent\" data-id=\"1c57588\" data-element_type=\"container\">\n\t\t\t\t<div class=\"elementor-element elementor-element-97f3017 elementor-widget elementor-widget-image\" data-id=\"97f3017\" data-element_type=\"widget\" data-widget_type=\"image.default\">\n\t\t\t\t<div class=\"elementor-widget-container\">\n\t\t\t\t\t\t\t\t\t\t\t\t<figure class=\"wp-caption\">\n\t\t\t\t\t\t\t\t\t\t<img decoding=\"async\" width=\"200\" height=\"200\" src=\"https:\/\/casinoreturn.com\/wp-content\/uploads\/2024\/11\/Black-Listed-Casinos.png\" class=\"attachment-large size-large wp-image-3138\" alt=\"Black Listed Casinos\" srcset=\"https:\/\/casinoreturn.com\/wp-content\/uploads\/2024\/11\/Black-Listed-Casinos.png 200w, https:\/\/casinoreturn.com\/wp-content\/uploads\/2024\/11\/Black-Listed-Casinos-150x150.png 150w\" sizes=\"(max-width: 200px) 100vw, 200px\" \/>\t\t\t\t\t\t\t\t\t\t\t<figcaption class=\"widget-image-caption wp-caption-text\">Yay or Nay of Online Casinos<\/figcaption>\n\t\t\t\t\t\t\t\t\t\t<\/figure>\n\t\t\t\t\t\t\t\t\t<\/div>\n\t\t\t\t<\/div>\n\t\t\t\t<\/div>\n\t\t<div class=\"elementor-element elementor-element-1ef8313 e-con-full e-flex e-con e-parent\" data-id=\"1ef8313\" data-element_type=\"container\">\n\t\t\t\t<div class=\"elementor-element elementor-element-890a450 elementor-widget elementor-widget-heading\" data-id=\"890a450\" data-element_type=\"widget\" data-widget_type=\"heading.default\">\n\t\t\t\t<div class=\"elementor-widget-container\">\n\t\t\t\t\t<h2 class=\"elementor-heading-title elementor-size-default\">Kasyna z czarn\u0105 list\u0105 nale\u017c\u0105 do grupy dobrych, z\u0142ych i brzydkich operator\u00f3w kasyn.  <\/h2>\t\t\t\t<\/div>\n\t\t\t\t<\/div>\n\t\t\t\t<\/div>\n\t\t<div class=\"elementor-element elementor-element-309d100 e-con-full e-flex e-con e-parent\" data-id=\"309d100\" data-element_type=\"container\">\n\t\t\t\t<div class=\"elementor-element elementor-element-c6c5629 elementor-widget elementor-widget-text-editor\" data-id=\"c6c5629\" data-element_type=\"widget\" data-widget_type=\"text-editor.default\">\n\t\t\t\t<div class=\"elementor-widget-container\">\n\t\t\t\t\t\t\t\t\t<p><strong>Kasyna na czarnej li\u015bcie i dlaczego wymieniamy kasyna z mniej przychylnymi recenzjami?<\/strong><\/p>\n\t\t\t\t\t\t\t\t<\/div>\n\t\t\t\t<\/div>\n\t\t\t\t<\/div>\n\t\t<div class=\"elementor-element elementor-element-7ca80b1 e-con-full e-flex e-con e-parent\" data-id=\"7ca80b1\" data-element_type=\"container\">\n\t\t\t\t<div class=\"elementor-element elementor-element-dcf79ac elementor-widget elementor-widget-text-editor\" data-id=\"dcf79ac\" data-element_type=\"widget\" data-widget_type=\"text-editor.default\">\n\t\t\t\t<div class=\"elementor-widget-container\">\n\t\t\t\t\t\t\t\t\t<p>Kasyna na czarnej li\u015bcie s\u0105 niestety cz\u0119\u015bci\u0105 gry. Istnieje kilka powod\u00f3w, dla kt\u00f3rych kasyno lub dostawca ksi\u0105\u017cek sportowych mo\u017ce znale\u017a\u0107 si\u0119 na tej li\u015bcie. Powody etyczne, opinie graczy i partner\u00f3w biznesowych.    <\/p>\n<ul>\n<li>np. Gracze maj\u0105 nierozliczone i oczekuj\u0105ce wyp\u0142aty  <\/li>\n<li>Brak wa\u017cnej licencji<\/li>\n<li>Konfiskata \u015brodk\u00f3w<\/li>\n<li>Uzgodnione transakcje biznesowe u \u017ar\u00f3d\u0142a  <\/li>\n<li>Regulamin jest ukryty lub trudny do zrozumienia<\/li>\n<li>Wysokie wymagania dotycz\u0105ce zak\u0142ad\u00f3w  <\/li>\n<li>S\u0142aba obs\u0142uga klienta ograniczona tylko do poczty elektronicznej<\/li>\n<\/ul>\n<p>&#8230;..just, by wymieni\u0107 tylko kilka. Wi\u0119c je\u015bli znajdziesz si\u0119 tutaj jako operator, mo\u017cesz tutaj swoje obecne kasyno online. Pomy\u015bl jeszcze raz.  <\/p>\n\t\t\t\t\t\t\t\t<\/div>\n\t\t\t\t<\/div>\n\t\t\t\t<\/div>\n\t\t<div class=\"elementor-element elementor-element-3a8e4fc e-con-full e-flex e-con e-parent\" data-id=\"3a8e4fc\" data-element_type=\"container\">\n\t\t\t\t<div class=\"elementor-element elementor-element-a1f5bba elementor-widget elementor-widget-heading\" data-id=\"a1f5bba\" data-element_type=\"widget\" data-widget_type=\"heading.default\">\n\t\t\t\t<div class=\"elementor-widget-container\">\n\t\t\t\t\t<h3 class=\"elementor-heading-title elementor-size-default\">Nay's kasyna online<\/h3>\t\t\t\t<\/div>\n\t\t\t\t<\/div>\n\t\t\t\t<\/div>\n\t\t<div class=\"elementor-element elementor-element-f1d6178 e-con-full e-flex e-con e-parent\" data-id=\"f1d6178\" data-element_type=\"container\">\n\t\t\t\t<div class=\"elementor-element elementor-element-7380f5d elementor--h-position-center elementor--v-position-middle elementor-arrows-position-inside elementor-pagination-position-inside elementor-widget elementor-widget-slides\" data-id=\"7380f5d\" data-element_type=\"widget\" data-settings=\"{&quot;navigation&quot;:&quot;both&quot;,&quot;autoplay&quot;:&quot;yes&quot;,&quot;pause_on_hover&quot;:&quot;yes&quot;,&quot;pause_on_interaction&quot;:&quot;yes&quot;,&quot;autoplay_speed&quot;:5000,&quot;infinite&quot;:&quot;yes&quot;,&quot;transition&quot;:&quot;slide&quot;,&quot;transition_speed&quot;:500}\" data-widget_type=\"slides.default\">\n\t\t\t\t<div class=\"elementor-widget-container\">\n\t\t\t\t\t\t\t<div class=\"elementor-swiper\">\n\t\t\t<div class=\"elementor-slides-wrapper elementor-main-swiper swiper-container\" dir=\"ltr\" data-animation=\"fadeInUp\">\n\t\t\t\t<div class=\"swiper-wrapper elementor-slides\">\n\t\t\t\t\t\t\t\t\t\t<div class=\"elementor-repeater-item-3438376 swiper-slide\"><div class=\"swiper-slide-bg\" role=\"img\"><\/div><div class=\"swiper-slide-inner\" ><div class=\"swiper-slide-contents\"><div class=\"elementor-slide-heading\">Bovada<\/div><div class=\"elementor-slide-description\"><p>Bycie cz\u0119\u015bci\u0105 wi\u0119kszej siostry i wi\u0119kszego kasyna nie sprawi\u0142o, \u017ce kasyno to sta\u0142o si\u0119 czym\u015b, co mo\u017cemy poleci\u0107<\/p>\n<\/div><div  class=\"elementor-button elementor-slide-button elementor-size-sm\">Unikaj  <\/div><\/div><\/div><\/div><div class=\"elementor-repeater-item-aa01b44 swiper-slide\"><div class=\"swiper-slide-bg\" role=\"img\"><\/div><div class=\"swiper-slide-inner\" ><div class=\"swiper-slide-contents\"><div class=\"elementor-slide-heading\">God55's<\/div><div class=\"elementor-slide-description\"><p>Wykorzystanie nieautoryzowanej reklamy z osobami z MGA w oczach opinii publicznej.  <\/p>\n<\/div><div  class=\"elementor-button elementor-slide-button elementor-size-sm\">Unika\u0107<\/div><\/div><\/div><\/div><div class=\"elementor-repeater-item-6dadcaa swiper-slide\"><div class=\"swiper-slide-bg\" role=\"img\"><\/div><div class=\"swiper-slide-inner\" ><div class=\"swiper-slide-contents\"><div class=\"elementor-slide-heading\">Nag\u0142\u00f3wek slajdu 3<\/div><div class=\"elementor-slide-description\"><p>Lorem ipsum dolor sit amet consectetur adipiscing elit dolor<\/p>\n<\/div><div  class=\"elementor-button elementor-slide-button elementor-size-sm\">Kliknij tutaj<\/div><\/div><\/div><\/div>\t\t\t\t<\/div>\n\t\t\t\t\t\t\t\t\t\t\t\t\t\t\t<div class=\"swiper-pagination\"><\/div>\n\t\t\t\t\t\t\t\t\t\t\t\t\t\t\t\t<div class=\"elementor-swiper-button elementor-swiper-button-prev\" role=\"button\" tabindex=\"0\">\n\t\t\t\t\t\t\t<i aria-hidden=\"true\" class=\"eicon-chevron-left\"><\/i>\t\t\t\t\t\t\t<span class=\"elementor-screen-only\">Previous slide<\/span>\n\t\t\t\t\t\t<\/div>\n\t\t\t\t\t\t<div class=\"elementor-swiper-button elementor-swiper-button-next\" role=\"button\" tabindex=\"0\">\n\t\t\t\t\t\t\t<i aria-hidden=\"true\" class=\"eicon-chevron-right\"><\/i>\t\t\t\t\t\t\t<span class=\"elementor-screen-only\">Next slide<\/span>\n\t\t\t\t\t\t<\/div>\n\t\t\t\t\t\t\t\t\t\t\t\t<\/div>\n\t\t<\/div>\n\t\t\t\t\t\t<\/div>\n\t\t\t\t<\/div>\n\t\t\t\t<\/div>\n\t\t<div class=\"elementor-element elementor-element-1bfb3b9 e-con-full e-flex e-con e-parent\" data-id=\"1bfb3b9\" data-element_type=\"container\">\n\t\t\t\t<div class=\"elementor-element elementor-element-2e4ab10 elementor-widget elementor-widget-heading\" data-id=\"2e4ab10\" data-element_type=\"widget\" data-widget_type=\"heading.default\">\n\t\t\t\t<div class=\"elementor-widget-container\">\n\t\t\t\t\t<h5 class=\"elementor-heading-title elementor-size-default\">Jakie s\u0105 konsekwencje grania w kasynach z czarn\u0105 list\u0105?<\/h5>\t\t\t\t<\/div>\n\t\t\t\t<\/div>\n\t\t\t\t<\/div>\n\t\t<div class=\"elementor-element elementor-element-9352674 e-con-full e-flex e-con e-parent\" data-id=\"9352674\" data-element_type=\"container\">\n\t\t\t\t<div class=\"elementor-element elementor-element-e9cd3ea elementor-widget elementor-widget-text-editor\" data-id=\"e9cd3ea\" data-element_type=\"widget\" data-widget_type=\"text-editor.default\">\n\t\t\t\t<div class=\"elementor-widget-container\">\n\t\t\t\t\t\t\t\t\t<p>Kasyna z czarnymi listami maj\u0105 tendencj\u0119 do op\u00f3\u017aniania lub nawet wstrzymywania \u015brodk\u00f3w cz\u0119\u015bciowo lub w ca\u0142o\u015bci. Kasyna bez wa\u017cnych licencji s\u0105 podatne na \u017cerowanie na danych i informacjach. Cz\u0119sto wsp\u00f3\u0142pracuj\u0105 z oszuka\u0144czymi dostawcami oprogramowania lub buduj\u0105 w\u0142asn\u0105 sie\u0107 gier. Gry te maj\u0105 tendencj\u0119 do faworyzowania operatora i wydaj\u0105 si\u0119 by\u0107 niemal przewidywalne.     <\/p>\n\t\t\t\t\t\t\t\t<\/div>\n\t\t\t\t<\/div>\n\t\t\t\t<\/div>\n\t\t<div class=\"elementor-element elementor-element-4c73a66 e-con-full e-flex e-con e-parent\" data-id=\"4c73a66\" data-element_type=\"container\">\n\t\t\t\t<div class=\"elementor-element elementor-element-9fff887 elementor-widget elementor-widget-heading\" data-id=\"9fff887\" data-element_type=\"widget\" data-widget_type=\"heading.default\">\n\t\t\t\t<div class=\"elementor-widget-container\">\n\t\t\t\t\t<h5 class=\"elementor-heading-title elementor-size-default\">Co mo\u017cna zrobi\u0107, je\u015bli padnie si\u0119 ofiar\u0105 nieuczciwego kasyna?  <\/h5>\t\t\t\t<\/div>\n\t\t\t\t<\/div>\n\t\t\t\t<\/div>\n\t\t<div class=\"elementor-element elementor-element-f81ac85 e-con-full e-flex e-con e-parent\" data-id=\"f81ac85\" data-element_type=\"container\">\n\t\t\t\t<div class=\"elementor-element elementor-element-1e95dcf elementor-widget elementor-widget-text-editor\" data-id=\"1e95dcf\" data-element_type=\"widget\" data-widget_type=\"text-editor.default\">\n\t\t\t\t<div class=\"elementor-widget-container\">\n\t\t\t\t\t\t\t\t\t<p>Je\u015bli pad\u0142e\u015b ofiar\u0105 nieuczciwego kasyna, kradzie\u017cy danych lub po prostu masz negatywne do\u015bwiadczenia, skontaktuj si\u0119 z nami w zaufaniu. Mamy du\u017ce do\u015bwiadczenie i kontakty, aby ostrzega\u0107 innych przed takimi metodami i sposobami unikania takich kasyn.   <\/p>\n\t\t\t\t\t\t\t\t<\/div>\n\t\t\t\t<\/div>\n\t\t\t\t<\/div>\n\t\t\t\t<\/div>\n\t\t","protected":false},"excerpt":{"rendered":"<p>Yay or Nay of Online Casinos Kasyna z czarn\u0105 list\u0105 nale\u017c\u0105 do grupy dobrych, z\u0142ych i brzydkich operator\u00f3w kasyn. Kasyna na czarnej li\u015bcie i dlaczego wymieniamy kasyna z mniej przychylnymi recenzjami? Kasyna na czarnej li\u015bcie s\u0105 niestety cz\u0119\u015bci\u0105 gry. Istnieje kilka powod\u00f3w, dla kt\u00f3rych kasyno lub dostawca ksi\u0105\u017cek sportowych mo\u017ce znale\u017a\u0107 si\u0119 na tej li\u015bcie. [&hellip;]<\/p>\n","protected":false},"author":1,"featured_media":3144,"parent":0,"menu_order":0,"comment_status":"closed","ping_status":"closed","template":"","meta":{"footnotes":""},"class_list":["post-4458","page","type-page","status-publish","has-post-thumbnail","hentry"],"blocksy_meta":[],"acf":[],"yoast_head":"<!-- This site is optimized with the Yoast SEO plugin v24.1 - https:\/\/yoast.com\/wordpress\/plugins\/seo\/ -->\n<title>Kasyna z czarn\u0105 list\u0105 - casinoreturn<\/title>\n<meta name=\"description\" content=\"Kasyna z czarnymi listami s\u0105 niestety cz\u0119\u015bci\u0105 gry. Oto niekt\u00f3re z kasyn, w kt\u00f3rych mo\u017cesz nie chcie\u0107 si\u0119 rejestrowa\u0107.\" \/>\n<meta name=\"robots\" content=\"index, follow, max-snippet:-1, max-image-preview:large, max-video-preview:-1\" \/>\n<link rel=\"canonical\" href=\"https:\/\/casinoreturn.com\/pl\/kasyna-z-czarna-lista\/\" \/>\n<meta property=\"og:locale\" content=\"pl_PL\" \/>\n<meta property=\"og:type\" content=\"article\" \/>\n<meta property=\"og:title\" content=\"Kasyna z czarn\u0105 list\u0105 - casinoreturn\" \/>\n<meta property=\"og:description\" content=\"Kasyna z czarnymi listami s\u0105 niestety cz\u0119\u015bci\u0105 gry. Oto niekt\u00f3re z kasyn, w kt\u00f3rych mo\u017cesz nie chcie\u0107 si\u0119 rejestrowa\u0107.\" \/>\n<meta property=\"og:url\" content=\"https:\/\/casinoreturn.com\/pl\/kasyna-z-czarna-lista\/\" \/>\n<meta property=\"og:site_name\" content=\"casinoreturn\" \/>\n<meta property=\"article:modified_time\" content=\"2025-03-31T17:56:52+00:00\" \/>\n<meta property=\"og:image\" content=\"https:\/\/casinoreturn.com\/wp-content\/uploads\/2024\/11\/Black-Listed-Casinos.png\" \/>\n\t<meta property=\"og:image:width\" content=\"200\" \/>\n\t<meta property=\"og:image:height\" content=\"200\" \/>\n\t<meta property=\"og:image:type\" content=\"image\/png\" \/>\n<meta name=\"twitter:card\" content=\"summary_large_image\" \/>\n<meta name=\"twitter:label1\" content=\"Szacowany czas czytania\" \/>\n\t<meta name=\"twitter:data1\" content=\"2 minuty\" \/>\n<script type=\"application\/ld+json\" class=\"yoast-schema-graph\">{\"@context\":\"https:\/\/schema.org\",\"@graph\":[{\"@type\":\"WebPage\",\"@id\":\"https:\/\/casinoreturn.com\/pl\/kasyna-z-czarna-lista\/\",\"url\":\"https:\/\/casinoreturn.com\/pl\/kasyna-z-czarna-lista\/\",\"name\":\"Kasyna z czarn\u0105 list\u0105 - casinoreturn\",\"isPartOf\":{\"@id\":\"https:\/\/casinoreturn.com\/#website\"},\"primaryImageOfPage\":{\"@id\":\"https:\/\/casinoreturn.com\/pl\/kasyna-z-czarna-lista\/#primaryimage\"},\"image\":{\"@id\":\"https:\/\/casinoreturn.com\/pl\/kasyna-z-czarna-lista\/#primaryimage\"},\"thumbnailUrl\":\"https:\/\/casinoreturn.com\/wp-content\/uploads\/2024\/11\/Black-Listed-Casinos.png\",\"datePublished\":\"2024-11-11T14:03:43+00:00\",\"dateModified\":\"2025-03-31T17:56:52+00:00\",\"description\":\"Kasyna z czarnymi listami s\u0105 niestety cz\u0119\u015bci\u0105 gry. Oto niekt\u00f3re z kasyn, w kt\u00f3rych mo\u017cesz nie chcie\u0107 si\u0119 rejestrowa\u0107.\",\"breadcrumb\":{\"@id\":\"https:\/\/casinoreturn.com\/pl\/kasyna-z-czarna-lista\/#breadcrumb\"},\"inLanguage\":\"pl-PL\",\"potentialAction\":[{\"@type\":\"ReadAction\",\"target\":[\"https:\/\/casinoreturn.com\/pl\/kasyna-z-czarna-lista\/\"]}]},{\"@type\":\"ImageObject\",\"inLanguage\":\"pl-PL\",\"@id\":\"https:\/\/casinoreturn.com\/pl\/kasyna-z-czarna-lista\/#primaryimage\",\"url\":\"https:\/\/casinoreturn.com\/wp-content\/uploads\/2024\/11\/Black-Listed-Casinos.png\",\"contentUrl\":\"https:\/\/casinoreturn.com\/wp-content\/uploads\/2024\/11\/Black-Listed-Casinos.png\",\"width\":200,\"height\":200,\"caption\":\"Black Listed Casinos\"},{\"@type\":\"BreadcrumbList\",\"@id\":\"https:\/\/casinoreturn.com\/pl\/kasyna-z-czarna-lista\/#breadcrumb\",\"itemListElement\":[{\"@type\":\"ListItem\",\"position\":1,\"name\":\"Home\",\"item\":\"https:\/\/casinoreturn.com\/pl\/strona-glowna\/\"},{\"@type\":\"ListItem\",\"position\":2,\"name\":\"Kasyna z czarn\u0105 list\u0105\"}]},{\"@type\":\"WebSite\",\"@id\":\"https:\/\/casinoreturn.com\/#website\",\"url\":\"https:\/\/casinoreturn.com\/\",\"name\":\"casinoreturn\",\"description\":\"\",\"publisher\":{\"@id\":\"https:\/\/casinoreturn.com\/#organization\"},\"potentialAction\":[{\"@type\":\"SearchAction\",\"target\":{\"@type\":\"EntryPoint\",\"urlTemplate\":\"https:\/\/casinoreturn.com\/?s={search_term_string}\"},\"query-input\":{\"@type\":\"PropertyValueSpecification\",\"valueRequired\":true,\"valueName\":\"search_term_string\"}}],\"inLanguage\":\"pl-PL\"},{\"@type\":\"Organization\",\"@id\":\"https:\/\/casinoreturn.com\/#organization\",\"name\":\"casinoreturn\",\"url\":\"https:\/\/casinoreturn.com\/\",\"logo\":{\"@type\":\"ImageObject\",\"inLanguage\":\"pl-PL\",\"@id\":\"https:\/\/casinoreturn.com\/#\/schema\/logo\/image\/\",\"url\":\"https:\/\/casinoreturn.com\/wp-content\/uploads\/2024\/09\/animal-favicon.png\",\"contentUrl\":\"https:\/\/casinoreturn.com\/wp-content\/uploads\/2024\/09\/animal-favicon.png\",\"width\":92,\"height\":92,\"caption\":\"casinoreturn\"},\"image\":{\"@id\":\"https:\/\/casinoreturn.com\/#\/schema\/logo\/image\/\"}}]}<\/script>\n<!-- \/ Yoast SEO plugin. -->","yoast_head_json":{"title":"Kasyna z czarn\u0105 list\u0105 - casinoreturn","description":"Kasyna z czarnymi listami s\u0105 niestety cz\u0119\u015bci\u0105 gry. Oto niekt\u00f3re z kasyn, w kt\u00f3rych mo\u017cesz nie chcie\u0107 si\u0119 rejestrowa\u0107.","robots":{"index":"index","follow":"follow","max-snippet":"max-snippet:-1","max-image-preview":"max-image-preview:large","max-video-preview":"max-video-preview:-1"},"canonical":"https:\/\/casinoreturn.com\/pl\/kasyna-z-czarna-lista\/","og_locale":"pl_PL","og_type":"article","og_title":"Kasyna z czarn\u0105 list\u0105 - casinoreturn","og_description":"Kasyna z czarnymi listami s\u0105 niestety cz\u0119\u015bci\u0105 gry. Oto niekt\u00f3re z kasyn, w kt\u00f3rych mo\u017cesz nie chcie\u0107 si\u0119 rejestrowa\u0107.","og_url":"https:\/\/casinoreturn.com\/pl\/kasyna-z-czarna-lista\/","og_site_name":"casinoreturn","article_modified_time":"2025-03-31T17:56:52+00:00","og_image":[{"width":200,"height":200,"url":"https:\/\/casinoreturn.com\/wp-content\/uploads\/2024\/11\/Black-Listed-Casinos.png","type":"image\/png"}],"twitter_card":"summary_large_image","twitter_misc":{"Szacowany czas czytania":"2 minuty"},"schema":{"@context":"https:\/\/schema.org","@graph":[{"@type":"WebPage","@id":"https:\/\/casinoreturn.com\/pl\/kasyna-z-czarna-lista\/","url":"https:\/\/casinoreturn.com\/pl\/kasyna-z-czarna-lista\/","name":"Kasyna z czarn\u0105 list\u0105 - casinoreturn","isPartOf":{"@id":"https:\/\/casinoreturn.com\/#website"},"primaryImageOfPage":{"@id":"https:\/\/casinoreturn.com\/pl\/kasyna-z-czarna-lista\/#primaryimage"},"image":{"@id":"https:\/\/casinoreturn.com\/pl\/kasyna-z-czarna-lista\/#primaryimage"},"thumbnailUrl":"https:\/\/casinoreturn.com\/wp-content\/uploads\/2024\/11\/Black-Listed-Casinos.png","datePublished":"2024-11-11T14:03:43+00:00","dateModified":"2025-03-31T17:56:52+00:00","description":"Kasyna z czarnymi listami s\u0105 niestety cz\u0119\u015bci\u0105 gry. Oto niekt\u00f3re z kasyn, w kt\u00f3rych mo\u017cesz nie chcie\u0107 si\u0119 rejestrowa\u0107.","breadcrumb":{"@id":"https:\/\/casinoreturn.com\/pl\/kasyna-z-czarna-lista\/#breadcrumb"},"inLanguage":"pl-PL","potentialAction":[{"@type":"ReadAction","target":["https:\/\/casinoreturn.com\/pl\/kasyna-z-czarna-lista\/"]}]},{"@type":"ImageObject","inLanguage":"pl-PL","@id":"https:\/\/casinoreturn.com\/pl\/kasyna-z-czarna-lista\/#primaryimage","url":"https:\/\/casinoreturn.com\/wp-content\/uploads\/2024\/11\/Black-Listed-Casinos.png","contentUrl":"https:\/\/casinoreturn.com\/wp-content\/uploads\/2024\/11\/Black-Listed-Casinos.png","width":200,"height":200,"caption":"Black Listed Casinos"},{"@type":"BreadcrumbList","@id":"https:\/\/casinoreturn.com\/pl\/kasyna-z-czarna-lista\/#breadcrumb","itemListElement":[{"@type":"ListItem","position":1,"name":"Home","item":"https:\/\/casinoreturn.com\/pl\/strona-glowna\/"},{"@type":"ListItem","position":2,"name":"Kasyna z czarn\u0105 list\u0105"}]},{"@type":"WebSite","@id":"https:\/\/casinoreturn.com\/#website","url":"https:\/\/casinoreturn.com\/","name":"casinoreturn","description":"","publisher":{"@id":"https:\/\/casinoreturn.com\/#organization"},"potentialAction":[{"@type":"SearchAction","target":{"@type":"EntryPoint","urlTemplate":"https:\/\/casinoreturn.com\/?s={search_term_string}"},"query-input":{"@type":"PropertyValueSpecification","valueRequired":true,"valueName":"search_term_string"}}],"inLanguage":"pl-PL"},{"@type":"Organization","@id":"https:\/\/casinoreturn.com\/#organization","name":"casinoreturn","url":"https:\/\/casinoreturn.com\/","logo":{"@type":"ImageObject","inLanguage":"pl-PL","@id":"https:\/\/casinoreturn.com\/#\/schema\/logo\/image\/","url":"https:\/\/casinoreturn.com\/wp-content\/uploads\/2024\/09\/animal-favicon.png","contentUrl":"https:\/\/casinoreturn.com\/wp-content\/uploads\/2024\/09\/animal-favicon.png","width":92,"height":92,"caption":"casinoreturn"},"image":{"@id":"https:\/\/casinoreturn.com\/#\/schema\/logo\/image\/"}}]}},"_links":{"self":[{"href":"https:\/\/casinoreturn.com\/pl\/wp-json\/wp\/v2\/pages\/4458","targetHints":{"allow":["GET"]}}],"collection":[{"href":"https:\/\/casinoreturn.com\/pl\/wp-json\/wp\/v2\/pages"}],"about":[{"href":"https:\/\/casinoreturn.com\/pl\/wp-json\/wp\/v2\/types\/page"}],"author":[{"embeddable":true,"href":"https:\/\/casinoreturn.com\/pl\/wp-json\/wp\/v2\/users\/1"}],"replies":[{"embeddable":true,"href":"https:\/\/casinoreturn.com\/pl\/wp-json\/wp\/v2\/comments?post=4458"}],"version-history":[{"count":2,"href":"https:\/\/casinoreturn.com\/pl\/wp-json\/wp\/v2\/pages\/4458\/revisions"}],"predecessor-version":[{"id":13597,"href":"https:\/\/casinoreturn.com\/pl\/wp-json\/wp\/v2\/pages\/4458\/revisions\/13597"}],"wp:featuredmedia":[{"embeddable":true,"href":"https:\/\/casinoreturn.com\/pl\/wp-json\/wp\/v2\/media\/3144"}],"wp:attachment":[{"href":"https:\/\/casinoreturn.com\/pl\/wp-json\/wp\/v2\/media?parent=4458"}],"curies":[{"name":"wp","href":"https:\/\/api.w.org\/{rel}","templated":true}]}}