{"id":4516,"date":"2024-11-11T14:01:17","date_gmt":"2024-11-11T14:01:17","guid":{"rendered":"https:\/\/casinoreturn.com\/licencje-kasynowe\/"},"modified":"2024-12-02T12:14:28","modified_gmt":"2024-12-02T12:14:28","slug":"licencje-kasynowe","status":"publish","type":"page","link":"https:\/\/casinoreturn.com\/pl\/licencje-kasynowe\/","title":{"rendered":"Licencje kasynowe"},"content":{"rendered":"\t\t<div data-elementor-type=\"wp-page\" data-elementor-id=\"4516\" class=\"elementor elementor-4516\" data-elementor-post-type=\"page\">\n\t\t\t\t<div class=\"elementor-element elementor-element-25ab31d e-con-full e-flex e-con e-parent\" data-id=\"25ab31d\" data-element_type=\"container\">\n\t\t\t\t<div class=\"elementor-element elementor-element-e2d7818 elementor-widget elementor-widget-image\" data-id=\"e2d7818\" data-element_type=\"widget\" data-widget_type=\"image.default\">\n\t\t\t\t<div class=\"elementor-widget-container\">\n\t\t\t\t\t\t\t\t\t\t\t\t\t\t\t<img fetchpriority=\"high\" decoding=\"async\" width=\"1024\" height=\"538\" src=\"https:\/\/casinoreturn.com\/wp-content\/uploads\/2024\/12\/Online-Casino-Licences-1024x538.png\" class=\"attachment-large size-large wp-image-4475\" alt=\"Online Casino Licences\" srcset=\"https:\/\/casinoreturn.com\/wp-content\/uploads\/2024\/12\/Online-Casino-Licences-1024x538.png 1024w, https:\/\/casinoreturn.com\/wp-content\/uploads\/2024\/12\/Online-Casino-Licences-300x158.png 300w, https:\/\/casinoreturn.com\/wp-content\/uploads\/2024\/12\/Online-Casino-Licences-768x403.png 768w, https:\/\/casinoreturn.com\/wp-content\/uploads\/2024\/12\/Online-Casino-Licences.png 1200w\" sizes=\"(max-width: 1024px) 100vw, 1024px\" \/>\t\t\t\t\t\t\t\t\t\t\t\t\t\t\t<\/div>\n\t\t\t\t<\/div>\n\t\t\t\t<div class=\"elementor-element elementor-element-91388ca elementor-widget elementor-widget-heading\" data-id=\"91388ca\" data-element_type=\"widget\" data-widget_type=\"heading.default\">\n\t\t\t\t<div class=\"elementor-widget-container\">\n\t\t\t\t\t<h3 class=\"elementor-heading-title elementor-size-default\">Licencje kasyn online w grach hazardowych i zak\u0142adach sportowych<\/h3>\t\t\t\t<\/div>\n\t\t\t\t<\/div>\n\t\t\t\t<div class=\"elementor-element elementor-element-b90a94d elementor-widget elementor-widget-text-editor\" data-id=\"b90a94d\" data-element_type=\"widget\" data-widget_type=\"text-editor.default\">\n\t\t\t\t<div class=\"elementor-widget-container\">\n\t\t\t\t\t\t\t\t\t<p>Licencje online dla kasyn s\u0105 niezb\u0119dne do regulowania i oferowania przystani dla hazardu online. Bran\u017ca IGaming do\u015bwiadczy\u0142a eksplozji popytu i popularno\u015bci. Szacuje si\u0119, \u017ce globalny rynek gier hazardowych przekracza 270 mld USD. COVID-19 w 2019 r. wp\u0142yn\u0105\u0142 na t\u0119 liczb\u0119, ale powr\u00f3t do zdrowia by\u0142 szybki, a rynek r\u00f3s\u0142 wyk\u0142adniczo.     <\/p>\n\t\t\t\t\t\t\t\t<\/div>\n\t\t\t\t<\/div>\n\t\t\t\t<div class=\"elementor-element elementor-element-349a86e elementor-widget elementor-widget-heading\" data-id=\"349a86e\" data-element_type=\"widget\" data-widget_type=\"heading.default\">\n\t\t\t\t<div class=\"elementor-widget-container\">\n\t\t\t\t\t<h3 class=\"elementor-heading-title elementor-size-default\">Bia\u0142y, szary i czarny rynek - czas decyzji dla graczy<\/h3>\t\t\t\t<\/div>\n\t\t\t\t<\/div>\n\t\t\t\t<div class=\"elementor-element elementor-element-fbe3b09 elementor-widget elementor-widget-text-editor\" data-id=\"fbe3b09\" data-element_type=\"widget\" data-widget_type=\"text-editor.default\">\n\t\t\t\t<div class=\"elementor-widget-container\">\n\t\t\t\t\t\t\t\t\t<p>Podczas omawiania bia\u0142ego, szarego i czarnego rynku, my  <span style=\"box-sizing: border-box; margin: 0px; padding: 0px;\">odnosz\u0105 si\u0119 do okre\u015blonych licencji lub, w niekt\u00f3rych przypadkach, do braku licencji. Wi\u0119cej <a href=\"https:\/\/upgaming.com\/white-grey-and-black-igaming-markets\/\" target=\"_blank\" rel=\"noopener\">informacji<\/a> <\/span><a href=\"https:\/\/upgaming.com\/white-grey-and-black-igaming-markets\/\">  mo\u017cna przeczyta\u0107 tutaj.<\/a><\/p>\n<h4><strong>Bia\u0142e rynki i-gamingu &#8211; Regulowane rynki i-gamingu<\/strong><\/h4>\n<p>Kasyna na bia\u0142ym rynku s\u0105 uwa\u017cane za bardziej bezpieczne i dzia\u0142aj\u0105 w krajach, w kt\u00f3rych hazard online jest dozwolony. W wi\u0119kszo\u015bci kraj\u00f3w europejskich obowi\u0105zuj\u0105 przepisy dotycz\u0105ce kontroli i regulacji kasyn. Jurysdykcje na\u0142o\u017cy\u0142y surowe zasady i wprowadzi\u0142y odpowiedzialny hazard. Organy regulacyjne zmusi\u0142y kasyna online do ujawnienia swoich zarobk\u00f3w i dzia\u0142a\u0144 proaktywnych w zakresie odpowiedzialnej gry. Niekt\u00f3re jurysdykcje posun\u0119\u0142y si\u0119 nawet do oddzielenia zak\u0142ad\u00f3w sportowych i kasyn online. Oddzielenie bonusu powitalnego, darmowych zak\u0142ad\u00f3w, darmowych spin\u00f3w i minimalnych zak\u0142ad\u00f3w, kt\u00f3re mo\u017cna postawi\u0107.       <\/p>\n<p>Wi\u0105\u017ce si\u0119 to z wysokimi kosztami dla operator\u00f3w i operator\u00f3w korzystaj\u0105cych z licencji MGA, Isle of Man, Kahnawake i UK Licence.  <\/p>\n<h4><strong>Szare rynki i-gamingu &#8211; blisko, ale nie tak blisko<\/strong><\/h4>\n<p>R\u00f3\u017cnica mi\u0119dzy bia\u0142ym i szarym rynkiem jest do\u015b\u0107 \u0142atwa do zauwa\u017cenia. Szare rynki zezwalaj\u0105 na dzia\u0142alno\u015b\u0107 kasyn online i stacjonarnych, ale z mniejsz\u0105 liczb\u0105 przepis\u00f3w i ogranicze\u0144. Kasyna mog\u0105 dzia\u0142a\u0107 na podstawie mi\u0119dzynarodowych licencji, takich jak licencje Curacao. Operatorzy mog\u0105 zdecydowa\u0107 si\u0119 na prowadzenie wi\u0119cej ni\u017c jednego kasyna online na podstawie takiej licencji, kt\u00f3ra z mniejszym prawdopodobie\u0144stwem b\u0119dzie regulowana przez lokalnych ustawodawc\u00f3w. Nast\u0105pi\u0142a pozytywna poprawa na szarych rynkach, a coraz wi\u0119cej kasyn z szarej strefy dobrowolnie dostosowuje si\u0119 do odpowiedzialnej gry. Niemniej jednak, szare rynki nadal maj\u0105 przewag\u0119 pod wzgl\u0119dem zmienno\u015bci i zapewniania w pe\u0142ni przejrzystego obrazu swojej dzia\u0142alno\u015bci.       <\/p>\n<h4><strong>Czarne rynki i-Gaming &#8211; rzeczy, kt\u00f3re nale\u017cy wzi\u0105\u0107 pod uwag\u0119<\/strong><\/h4>\n<p>Czarne rynki s\u0105 uwa\u017cane za rynki, na kt\u00f3rych hazard lub hazard online jest zabroniony. Mo\u017ce to by\u0107 spowodowane przekonaniami, wzgl\u0119dami kulturowymi, etycznymi lub politycznymi. Kasyna dzia\u0142aj\u0105ce na tych rynkach s\u0105 zazwyczaj szybko zamykane i mog\u0105 by\u0107 nara\u017cone na zarzuty karne przy wje\u017adzie do tych kraj\u00f3w. Kraje muzu\u0142ma\u0144skie, niekt\u00f3re kraje afryka\u0144skie i Azja s\u0105 g\u0142\u00f3wnymi czarnymi rynkami. Odpowiedzialna gra nie istnieje; bankowo\u015b\u0107, wp\u0142aty i wyp\u0142aty staj\u0105 si\u0119 coraz bardziej niestabilne. Nie zaleca si\u0119 korzystania z kasyn bez licencji.       <\/p>\n\t\t\t\t\t\t\t\t<\/div>\n\t\t\t\t<\/div>\n\t\t\t\t<div class=\"elementor-element elementor-element-cbb0223 elementor-widget elementor-widget-image\" data-id=\"cbb0223\" data-element_type=\"widget\" data-widget_type=\"image.default\">\n\t\t\t\t<div class=\"elementor-widget-container\">\n\t\t\t\t\t\t\t\t\t\t\t\t\t\t\t<img decoding=\"async\" width=\"225\" height=\"225\" src=\"https:\/\/casinoreturn.com\/wp-content\/uploads\/2024\/12\/Black-market-igaming.png\" class=\"attachment-large size-large wp-image-4487\" alt=\"Black market igaming\" srcset=\"https:\/\/casinoreturn.com\/wp-content\/uploads\/2024\/12\/Black-market-igaming.png 225w, https:\/\/casinoreturn.com\/wp-content\/uploads\/2024\/12\/Black-market-igaming-150x150.png 150w\" sizes=\"(max-width: 225px) 100vw, 225px\" \/>\t\t\t\t\t\t\t\t\t\t\t\t\t\t\t<\/div>\n\t\t\t\t<\/div>\n\t\t\t\t<div class=\"elementor-element elementor-element-e5d1860 elementor-widget elementor-widget-heading\" data-id=\"e5d1860\" data-element_type=\"widget\" data-widget_type=\"heading.default\">\n\t\t\t\t<div class=\"elementor-widget-container\">\n\t\t\t\t\t<h3 class=\"elementor-heading-title elementor-size-default\">Przeszkody i wyzwania  <\/h3>\t\t\t\t<\/div>\n\t\t\t\t<\/div>\n\t\t\t\t<div class=\"elementor-element elementor-element-1cd3dce elementor-widget elementor-widget-text-editor\" data-id=\"1cd3dce\" data-element_type=\"widget\" data-widget_type=\"text-editor.default\">\n\t\t\t\t<div class=\"elementor-widget-container\">\n\t\t\t\t\t\t\t\t\t<p>Prowadzenie dzia\u0142alno\u015bci bez licencji to gra w rosyjsk\u0105 ruletk\u0119. Prawo depcze po pi\u0119tach, a operatorowi grozi zamkni\u0119cie i grzywny karne. \u015aciganie i wi\u0119zienie to tylko niekt\u00f3re z korzy\u015bci, jakich mo\u017cna si\u0119 spodziewa\u0107. Klienci spotykaj\u0105 si\u0119 ze sztywnym oporem i mo\u017cliwo\u015bci\u0105 zamkni\u0119cia konta bez mo\u017cliwo\u015bci kwestionowania sprawy.     <\/p>\n<p>Lepiej jest my\u015ble\u0107 d\u0142ugoterminowo i kontynuowa\u0107 licencj\u0119 kasyna, aby zapewni\u0107 dobr\u0105 obs\u0142ug\u0119 i markowe produkty. Na szarych rynkach i bia\u0142ych rynkach gier reklama jest mo\u017cliwa lub ograniczona tylko do cz\u0119\u015bci. Gracze koncentruj\u0105 si\u0119 obecnie na licencjach przed zarejestrowaniem si\u0119.  <\/p>\n\t\t\t\t\t\t\t\t<\/div>\n\t\t\t\t<\/div>\n\t\t\t\t<\/div>\n\t\t\t\t<\/div>\n\t\t","protected":false},"excerpt":{"rendered":"<p>Licencje kasyn online w grach hazardowych i zak\u0142adach sportowych Licencje online dla kasyn s\u0105 niezb\u0119dne do regulowania i oferowania przystani dla hazardu online. Bran\u017ca IGaming do\u015bwiadczy\u0142a eksplozji popytu i popularno\u015bci. Szacuje si\u0119, \u017ce globalny rynek gier hazardowych przekracza 270 mld USD. COVID-19 w 2019 r. wp\u0142yn\u0105\u0142 na t\u0119 liczb\u0119, ale powr\u00f3t do zdrowia by\u0142 szybki, [&hellip;]<\/p>\n","protected":false},"author":1,"featured_media":0,"parent":0,"menu_order":0,"comment_status":"closed","ping_status":"closed","template":"","meta":{"footnotes":""},"class_list":["post-4516","page","type-page","status-publish","hentry"],"blocksy_meta":[],"acf":[],"yoast_head":"<!-- This site is optimized with the Yoast SEO plugin v24.1 - https:\/\/yoast.com\/wordpress\/plugins\/seo\/ -->\n<title>Licencje kasynowe - casinoreturn<\/title>\n<meta name=\"description\" content=\"Licencje kasyn mog\u0105 wp\u0142yn\u0105\u0107 na decyzj\u0119 o rejestracji i grze w kasynie online. Oto niekt\u00f3re licencje kasyn i kasyn.\" \/>\n<meta name=\"robots\" content=\"index, follow, max-snippet:-1, max-image-preview:large, max-video-preview:-1\" \/>\n<link rel=\"canonical\" href=\"https:\/\/casinoreturn.com\/pl\/licencje-kasynowe\/\" \/>\n<meta property=\"og:locale\" content=\"pl_PL\" \/>\n<meta property=\"og:type\" content=\"article\" \/>\n<meta property=\"og:title\" content=\"Licencje kasynowe - casinoreturn\" \/>\n<meta property=\"og:description\" content=\"Licencje kasyn mog\u0105 wp\u0142yn\u0105\u0107 na decyzj\u0119 o rejestracji i grze w kasynie online. Oto niekt\u00f3re licencje kasyn i kasyn.\" \/>\n<meta property=\"og:url\" content=\"https:\/\/casinoreturn.com\/pl\/licencje-kasynowe\/\" \/>\n<meta property=\"og:site_name\" content=\"casinoreturn\" \/>\n<meta property=\"article:modified_time\" content=\"2024-12-02T12:14:28+00:00\" \/>\n<meta property=\"og:image\" content=\"https:\/\/casinoreturn.com\/wp-content\/uploads\/2024\/12\/Online-Casino-Licences.png\" \/>\n\t<meta property=\"og:image:width\" content=\"1200\" \/>\n\t<meta property=\"og:image:height\" content=\"630\" \/>\n\t<meta property=\"og:image:type\" content=\"image\/png\" \/>\n<meta name=\"twitter:card\" content=\"summary_large_image\" \/>\n<meta name=\"twitter:label1\" content=\"Szacowany czas czytania\" \/>\n\t<meta name=\"twitter:data1\" content=\"3 minuty\" \/>\n<script type=\"application\/ld+json\" class=\"yoast-schema-graph\">{\"@context\":\"https:\/\/schema.org\",\"@graph\":[{\"@type\":\"WebPage\",\"@id\":\"https:\/\/casinoreturn.com\/pl\/licencje-kasynowe\/\",\"url\":\"https:\/\/casinoreturn.com\/pl\/licencje-kasynowe\/\",\"name\":\"Licencje kasynowe - casinoreturn\",\"isPartOf\":{\"@id\":\"https:\/\/casinoreturn.com\/#website\"},\"primaryImageOfPage\":{\"@id\":\"https:\/\/casinoreturn.com\/pl\/licencje-kasynowe\/#primaryimage\"},\"image\":{\"@id\":\"https:\/\/casinoreturn.com\/pl\/licencje-kasynowe\/#primaryimage\"},\"thumbnailUrl\":\"https:\/\/casinoreturn.com\/wp-content\/uploads\/2024\/12\/Online-Casino-Licences-1024x538.png\",\"datePublished\":\"2024-11-11T14:01:17+00:00\",\"dateModified\":\"2024-12-02T12:14:28+00:00\",\"description\":\"Licencje kasyn mog\u0105 wp\u0142yn\u0105\u0107 na decyzj\u0119 o rejestracji i grze w kasynie online. Oto niekt\u00f3re licencje kasyn i kasyn.\",\"breadcrumb\":{\"@id\":\"https:\/\/casinoreturn.com\/pl\/licencje-kasynowe\/#breadcrumb\"},\"inLanguage\":\"pl-PL\",\"potentialAction\":[{\"@type\":\"ReadAction\",\"target\":[\"https:\/\/casinoreturn.com\/pl\/licencje-kasynowe\/\"]}]},{\"@type\":\"ImageObject\",\"inLanguage\":\"pl-PL\",\"@id\":\"https:\/\/casinoreturn.com\/pl\/licencje-kasynowe\/#primaryimage\",\"url\":\"https:\/\/casinoreturn.com\/wp-content\/uploads\/2024\/12\/Online-Casino-Licences-1024x538.png\",\"contentUrl\":\"https:\/\/casinoreturn.com\/wp-content\/uploads\/2024\/12\/Online-Casino-Licences-1024x538.png\"},{\"@type\":\"BreadcrumbList\",\"@id\":\"https:\/\/casinoreturn.com\/pl\/licencje-kasynowe\/#breadcrumb\",\"itemListElement\":[{\"@type\":\"ListItem\",\"position\":1,\"name\":\"Home\",\"item\":\"https:\/\/casinoreturn.com\/pl\/strona-glowna\/\"},{\"@type\":\"ListItem\",\"position\":2,\"name\":\"Licencje kasynowe\"}]},{\"@type\":\"WebSite\",\"@id\":\"https:\/\/casinoreturn.com\/#website\",\"url\":\"https:\/\/casinoreturn.com\/\",\"name\":\"casinoreturn\",\"description\":\"\",\"publisher\":{\"@id\":\"https:\/\/casinoreturn.com\/#organization\"},\"potentialAction\":[{\"@type\":\"SearchAction\",\"target\":{\"@type\":\"EntryPoint\",\"urlTemplate\":\"https:\/\/casinoreturn.com\/?s={search_term_string}\"},\"query-input\":{\"@type\":\"PropertyValueSpecification\",\"valueRequired\":true,\"valueName\":\"search_term_string\"}}],\"inLanguage\":\"pl-PL\"},{\"@type\":\"Organization\",\"@id\":\"https:\/\/casinoreturn.com\/#organization\",\"name\":\"casinoreturn\",\"url\":\"https:\/\/casinoreturn.com\/\",\"logo\":{\"@type\":\"ImageObject\",\"inLanguage\":\"pl-PL\",\"@id\":\"https:\/\/casinoreturn.com\/#\/schema\/logo\/image\/\",\"url\":\"https:\/\/casinoreturn.com\/wp-content\/uploads\/2024\/09\/animal-favicon.png\",\"contentUrl\":\"https:\/\/casinoreturn.com\/wp-content\/uploads\/2024\/09\/animal-favicon.png\",\"width\":92,\"height\":92,\"caption\":\"casinoreturn\"},\"image\":{\"@id\":\"https:\/\/casinoreturn.com\/#\/schema\/logo\/image\/\"}}]}<\/script>\n<!-- \/ Yoast SEO plugin. -->","yoast_head_json":{"title":"Licencje kasynowe - casinoreturn","description":"Licencje kasyn mog\u0105 wp\u0142yn\u0105\u0107 na decyzj\u0119 o rejestracji i grze w kasynie online. Oto niekt\u00f3re licencje kasyn i kasyn.","robots":{"index":"index","follow":"follow","max-snippet":"max-snippet:-1","max-image-preview":"max-image-preview:large","max-video-preview":"max-video-preview:-1"},"canonical":"https:\/\/casinoreturn.com\/pl\/licencje-kasynowe\/","og_locale":"pl_PL","og_type":"article","og_title":"Licencje kasynowe - casinoreturn","og_description":"Licencje kasyn mog\u0105 wp\u0142yn\u0105\u0107 na decyzj\u0119 o rejestracji i grze w kasynie online. Oto niekt\u00f3re licencje kasyn i kasyn.","og_url":"https:\/\/casinoreturn.com\/pl\/licencje-kasynowe\/","og_site_name":"casinoreturn","article_modified_time":"2024-12-02T12:14:28+00:00","og_image":[{"width":1200,"height":630,"url":"https:\/\/casinoreturn.com\/wp-content\/uploads\/2024\/12\/Online-Casino-Licences.png","type":"image\/png"}],"twitter_card":"summary_large_image","twitter_misc":{"Szacowany czas czytania":"3 minuty"},"schema":{"@context":"https:\/\/schema.org","@graph":[{"@type":"WebPage","@id":"https:\/\/casinoreturn.com\/pl\/licencje-kasynowe\/","url":"https:\/\/casinoreturn.com\/pl\/licencje-kasynowe\/","name":"Licencje kasynowe - casinoreturn","isPartOf":{"@id":"https:\/\/casinoreturn.com\/#website"},"primaryImageOfPage":{"@id":"https:\/\/casinoreturn.com\/pl\/licencje-kasynowe\/#primaryimage"},"image":{"@id":"https:\/\/casinoreturn.com\/pl\/licencje-kasynowe\/#primaryimage"},"thumbnailUrl":"https:\/\/casinoreturn.com\/wp-content\/uploads\/2024\/12\/Online-Casino-Licences-1024x538.png","datePublished":"2024-11-11T14:01:17+00:00","dateModified":"2024-12-02T12:14:28+00:00","description":"Licencje kasyn mog\u0105 wp\u0142yn\u0105\u0107 na decyzj\u0119 o rejestracji i grze w kasynie online. Oto niekt\u00f3re licencje kasyn i kasyn.","breadcrumb":{"@id":"https:\/\/casinoreturn.com\/pl\/licencje-kasynowe\/#breadcrumb"},"inLanguage":"pl-PL","potentialAction":[{"@type":"ReadAction","target":["https:\/\/casinoreturn.com\/pl\/licencje-kasynowe\/"]}]},{"@type":"ImageObject","inLanguage":"pl-PL","@id":"https:\/\/casinoreturn.com\/pl\/licencje-kasynowe\/#primaryimage","url":"https:\/\/casinoreturn.com\/wp-content\/uploads\/2024\/12\/Online-Casino-Licences-1024x538.png","contentUrl":"https:\/\/casinoreturn.com\/wp-content\/uploads\/2024\/12\/Online-Casino-Licences-1024x538.png"},{"@type":"BreadcrumbList","@id":"https:\/\/casinoreturn.com\/pl\/licencje-kasynowe\/#breadcrumb","itemListElement":[{"@type":"ListItem","position":1,"name":"Home","item":"https:\/\/casinoreturn.com\/pl\/strona-glowna\/"},{"@type":"ListItem","position":2,"name":"Licencje kasynowe"}]},{"@type":"WebSite","@id":"https:\/\/casinoreturn.com\/#website","url":"https:\/\/casinoreturn.com\/","name":"casinoreturn","description":"","publisher":{"@id":"https:\/\/casinoreturn.com\/#organization"},"potentialAction":[{"@type":"SearchAction","target":{"@type":"EntryPoint","urlTemplate":"https:\/\/casinoreturn.com\/?s={search_term_string}"},"query-input":{"@type":"PropertyValueSpecification","valueRequired":true,"valueName":"search_term_string"}}],"inLanguage":"pl-PL"},{"@type":"Organization","@id":"https:\/\/casinoreturn.com\/#organization","name":"casinoreturn","url":"https:\/\/casinoreturn.com\/","logo":{"@type":"ImageObject","inLanguage":"pl-PL","@id":"https:\/\/casinoreturn.com\/#\/schema\/logo\/image\/","url":"https:\/\/casinoreturn.com\/wp-content\/uploads\/2024\/09\/animal-favicon.png","contentUrl":"https:\/\/casinoreturn.com\/wp-content\/uploads\/2024\/09\/animal-favicon.png","width":92,"height":92,"caption":"casinoreturn"},"image":{"@id":"https:\/\/casinoreturn.com\/#\/schema\/logo\/image\/"}}]}},"_links":{"self":[{"href":"https:\/\/casinoreturn.com\/pl\/wp-json\/wp\/v2\/pages\/4516","targetHints":{"allow":["GET"]}}],"collection":[{"href":"https:\/\/casinoreturn.com\/pl\/wp-json\/wp\/v2\/pages"}],"about":[{"href":"https:\/\/casinoreturn.com\/pl\/wp-json\/wp\/v2\/types\/page"}],"author":[{"embeddable":true,"href":"https:\/\/casinoreturn.com\/pl\/wp-json\/wp\/v2\/users\/1"}],"replies":[{"embeddable":true,"href":"https:\/\/casinoreturn.com\/pl\/wp-json\/wp\/v2\/comments?post=4516"}],"version-history":[{"count":1,"href":"https:\/\/casinoreturn.com\/pl\/wp-json\/wp\/v2\/pages\/4516\/revisions"}],"predecessor-version":[{"id":4517,"href":"https:\/\/casinoreturn.com\/pl\/wp-json\/wp\/v2\/pages\/4516\/revisions\/4517"}],"wp:attachment":[{"href":"https:\/\/casinoreturn.com\/pl\/wp-json\/wp\/v2\/media?parent=4516"}],"curies":[{"name":"wp","href":"https:\/\/api.w.org\/{rel}","templated":true}]}}