{"id":4559,"date":"2024-11-02T10:47:02","date_gmt":"2024-11-02T10:47:02","guid":{"rendered":"https:\/\/casinoreturn.com\/influencer-w-kasynie\/"},"modified":"2024-12-02T13:46:44","modified_gmt":"2024-12-02T13:46:44","slug":"influencer-w-kasynie","status":"publish","type":"page","link":"https:\/\/casinoreturn.com\/pl\/influencer-w-kasynie\/","title":{"rendered":"Influencer w kasynie"},"content":{"rendered":"\t\t<div data-elementor-type=\"wp-page\" data-elementor-id=\"4559\" class=\"elementor elementor-4559\" data-elementor-post-type=\"page\">\n\t\t\t\t<div class=\"elementor-element elementor-element-55b8a04 e-flex e-con-boxed e-con e-parent\" data-id=\"55b8a04\" data-element_type=\"container\" data-e-type=\"container\">\n\t\t\t\t\t<div class=\"e-con-inner\">\n\t\t\t\t<div class=\"elementor-element elementor-element-56141af elementor-widget elementor-widget-text-editor\" data-id=\"56141af\" data-element_type=\"widget\" data-e-type=\"widget\" data-widget_type=\"text-editor.default\">\n\t\t\t\t<div class=\"elementor-widget-container\">\n\t\t\t\t\t\t\t\t\t<h3>Kasynowi influencerzy korzystaj\u0105cy z medi\u00f3w spo\u0142eczno\u015bciowych ciesz\u0105 si\u0119 coraz wi\u0119ksz\u0105 s\u0142aw\u0105, co jest cz\u0119sto pomijane przez wielu operator\u00f3w.  <\/h3>\n\t\t\t\t\t\t\t\t<\/div>\n\t\t\t\t<\/div>\n\t\t\t\t\t<\/div>\n\t\t\t\t<\/div>\n\t\t<div class=\"elementor-element elementor-element-fbf2875 e-flex e-con-boxed e-con e-parent\" data-id=\"fbf2875\" data-element_type=\"container\" data-e-type=\"container\">\n\t\t\t\t\t<div class=\"e-con-inner\">\n\t\t\t\t<div class=\"elementor-element elementor-element-c338f23 elementor-widget elementor-widget-text-editor\" data-id=\"c338f23\" data-element_type=\"widget\" data-e-type=\"widget\" data-widget_type=\"text-editor.default\">\n\t\t\t\t<div class=\"elementor-widget-container\">\n\t\t\t\t\t\t\t\t\t<p>W dzisiejszym \u015bwiecie ci\u0105gle zmieniaj\u0105cych si\u0119 trend\u00f3w jedna grupa sta\u0142a si\u0119 niezaprzeczalnie si\u0142\u0105 nap\u0119dow\u0105 w bran\u017cy hazardu online. Mowa o gwiezdnym wzro\u015bcie popularno\u015bci spo\u0142eczno\u015bciowych influencer\u00f3w kasyn online. Jak\u0105 rol\u0119 odgrywaj\u0105 oni w spo\u0142eczno\u015bci graczy? Jakie s\u0105 zalety influencer\u00f3w w grach? I wiele innych interesuj\u0105cych fakt\u00f3w, kt\u00f3re chcieliby\u015bmy przedstawi\u0107 Tobie, konsumentowi ko\u0144cowemu. Kliknij <a href=\"http:\/\/HTTP:\/\/twitch.tv\/Rectotio\" data-wplink-url-error=\"true\"><strong>TUTAJ<\/strong><\/a> aby zaanga\u017cowa\u0107 si\u0119 w naszego streamera miesi\u0105ca i przeczyta\u0107 nasz\u0105 recenzj\u0119 streamera Casino return.       <\/p>\n\t\t\t\t\t\t\t\t<\/div>\n\t\t\t\t<\/div>\n\t\t\t\t\t<\/div>\n\t\t\t\t<\/div>\n\t\t<div class=\"elementor-element elementor-element-f3bb186 e-flex e-con-boxed e-con e-parent\" data-id=\"f3bb186\" data-element_type=\"container\" data-e-type=\"container\">\n\t\t\t\t\t<div class=\"e-con-inner\">\n\t\t\t\t<div class=\"elementor-element elementor-element-0c927c6 elementor-widget elementor-widget-heading\" data-id=\"0c927c6\" data-element_type=\"widget\" data-e-type=\"widget\" data-widget_type=\"heading.default\">\n\t\t\t\t<div class=\"elementor-widget-container\">\n\t\t\t\t\t<h4 class=\"elementor-heading-title elementor-size-default\">Osoby maj\u0105ce wp\u0142yw na gry hazardowe<\/h4>\t\t\t\t<\/div>\n\t\t\t\t<\/div>\n\t\t\t\t\t<\/div>\n\t\t\t\t<\/div>\n\t\t<div class=\"elementor-element elementor-element-a4caf4b e-flex e-con-boxed e-con e-parent\" data-id=\"a4caf4b\" data-element_type=\"container\" data-e-type=\"container\">\n\t\t\t\t\t<div class=\"e-con-inner\">\n\t\t\t\t<div class=\"elementor-element elementor-element-9bb9446 elementor-widget elementor-widget-text-editor\" data-id=\"9bb9446\" data-element_type=\"widget\" data-e-type=\"widget\" data-widget_type=\"text-editor.default\">\n\t\t\t\t<div class=\"elementor-widget-container\">\n\t\t\t\t\t\t\t\t\t<p>Od czasu b\u0142yskawicznego rozwoju platform medi\u00f3w spo\u0142eczno\u015bciowych grupa ludzi dostosowa\u0142a si\u0119 i odesz\u0142a od mody, sportu i jedzenia na rzecz hazardu online. <a href=\"https:\/\/casinoreturn.com\/pl\/influencer-w-kasynie-online\/\">Influencerzy<\/a> w marketingu nie s\u0105 niczym nowym i wcze\u015bniej byli cz\u0119sto ikonami sportu lub muzykami promuj\u0105cymi publicznie swoje produkty. Czasy jednak posz\u0142y naprz\u00f3d i odk\u0105d wi\u0119kszo\u015b\u0107 z nas jest w posiadaniu telefon\u00f3w kom\u00f3rkowych i Internetu, znacznie wi\u0119ksza liczba influencer\u00f3w zintensyfikowa\u0142a swoj\u0105 gr\u0119 w promowanie produkt\u00f3w hazardowych online. Ten rodzaj poparcia dla marki otworzy\u0142 drzwi dla dobrych, z\u0142ych i brzydkich, innymi s\u0142owy, influencer w dzisiejszych czasach musi r\u00f3wnie\u017c wzi\u0105\u0107 udzia\u0142 w odpowiedzialnej grze. Dlatego przyjrzyjmy si\u0119 niekt\u00f3rym zaletom influencer\u00f3w w grach hazardowych i by\u0107 mo\u017ce niekt\u00f3rym wyzwaniom i cz\u0119sto obawom, kt\u00f3re mo\u017cemy om\u00f3wi\u0107.     <\/p>\n\t\t\t\t\t\t\t\t<\/div>\n\t\t\t\t<\/div>\n\t\t\t\t\t<\/div>\n\t\t\t\t<\/div>\n\t\t<div class=\"elementor-element elementor-element-f340639 e-flex e-con-boxed e-con e-parent\" data-id=\"f340639\" data-element_type=\"container\" data-e-type=\"container\">\n\t\t\t\t\t<div class=\"e-con-inner\">\n\t\t\t\t<div class=\"elementor-element elementor-element-42ea645 elementor-widget elementor-widget-heading\" data-id=\"42ea645\" data-element_type=\"widget\" data-e-type=\"widget\" data-widget_type=\"heading.default\">\n\t\t\t\t<div class=\"elementor-widget-container\">\n\t\t\t\t\t<h4 class=\"elementor-heading-title elementor-size-default\">Zalety influencer\u00f3w w grach hazardowych<\/h4>\t\t\t\t<\/div>\n\t\t\t\t<\/div>\n\t\t\t\t\t<\/div>\n\t\t\t\t<\/div>\n\t\t<div class=\"elementor-element elementor-element-a89ec35 e-flex e-con-boxed e-con e-parent\" data-id=\"a89ec35\" data-element_type=\"container\" data-e-type=\"container\">\n\t\t\t\t\t<div class=\"e-con-inner\">\n\t\t\t\t<div class=\"elementor-element elementor-element-8ec5cde elementor-widget elementor-widget-text-editor\" data-id=\"8ec5cde\" data-element_type=\"widget\" data-e-type=\"widget\" data-widget_type=\"text-editor.default\">\n\t\t\t\t<div class=\"elementor-widget-container\">\n\t\t\t\t\t\t\t\t\t<p>Poni\u017csze zalety sprawiaj\u0105, \u017ce influencerzy s\u0105 og\u00f3lnie rzecz bior\u0105c wybitnymi marketerami:  <\/p>\n<ul>\n<li><strong>Influencerzy zwi\u0119kszaj\u0105 \u015bwiadomo\u015b\u0107 marki.<\/strong>  Ich rola w promowaniu dobrej marki jest szczeg\u00f3lnie wa\u017cna, poniewa\u017c obserwuj\u0105cy buduj\u0105 zaufanie na rekomendacjach i s\u0105 bardziej sk\u0142onni do zaanga\u017cowania si\u0119 w mark\u0119  <\/li>\n<li><strong>Ekspertyza i do\u015bwiadczenie<\/strong> to dwie istotne kwestie. Influencerzy maj\u0105 zazwyczaj wi\u0119ksz\u0105 wiedz\u0119 na temat marki lub produktu. Budowanie wiarygodno\u015bci i zaufania zaanga\u017cuje wi\u0119cej obserwuj\u0105cych do przetestowania promowanej marki lub produktu. Na przyk\u0142ad znana osobowo\u015b\u0107 sportowa promuj\u0105ca na swoim kanale now\u0105 seri\u0119 but\u00f3w sportowych. W rezultacie sprzeda\u017c tych but\u00f3w poszybuje w g\u00f3r\u0119, opieraj\u0105c si\u0119 na rekomendacji i ikonie nosz\u0105cej te same buty. Influencerzy s\u0105 wzorem do na\u015bladowania, a obserwuj\u0105cy mog\u0105 identyfikowa\u0107 si\u0119 lub sk\u0142ada\u0107 o\u015bwiadczenia, nosz\u0105c t\u0119 sam\u0105 mark\u0119.       <\/li>\n<li><strong>Zaanga\u017cowanie i si\u0142a identyfikacji<\/strong>. Influencerzy cz\u0119sto sami s\u0105 profesjonalistami w swojej dziedzinie lub zgromadzili i wykazali si\u0119 wy\u017cszym poziomem wiedzy specjalistycznej. Aby zilustrowa\u0107 ten punkt, sp\u00f3jrzmy na influencer\u00f3w ze sportu, pokera i pi\u0142ki no\u017cnej. Gwiazdy koszyk\u00f3wki promuj\u0105ce pewn\u0105 mark\u0119 sprawiaj\u0105, \u017ce jest on jednym z pierwszych sportowc\u00f3w, kt\u00f3rzy zarobili 500 milion\u00f3w w prowizji od sprzeda\u017cy. Pokerzy\u015bci w Las Vegas s\u0105 zapraszani, a zaloty, aby przyci\u0105gn\u0105\u0107 tych najlepszych pokerzyst\u00f3w, s\u0105 osza\u0142amiaj\u0105ce. S\u0142ynny brytyjski pi\u0142karz zmieni\u0142 fryzur\u0119, w wyniku czego m\u0142odzi ch\u0142opcy chodz\u0105 do fryzjer\u00f3w, aby si\u0119 z nim identyfikowa\u0107.       <\/li>\n<\/ul>\n\t\t\t\t\t\t\t\t<\/div>\n\t\t\t\t<\/div>\n\t\t\t\t\t<\/div>\n\t\t\t\t<\/div>\n\t\t<div class=\"elementor-element elementor-element-49db073 e-flex e-con-boxed e-con e-parent\" data-id=\"49db073\" data-element_type=\"container\" data-e-type=\"container\">\n\t\t\t\t\t<div class=\"e-con-inner\">\n\t\t\t\t<div class=\"elementor-element elementor-element-95ecd9c elementor-widget elementor-widget-heading\" data-id=\"95ecd9c\" data-element_type=\"widget\" data-e-type=\"widget\" data-widget_type=\"heading.default\">\n\t\t\t\t<div class=\"elementor-widget-container\">\n\t\t\t\t\t<h4 class=\"elementor-heading-title elementor-size-default\">Wyzwania i obowi\u0105zki<\/h4>\t\t\t\t<\/div>\n\t\t\t\t<\/div>\n\t\t\t\t\t<\/div>\n\t\t\t\t<\/div>\n\t\t<div class=\"elementor-element elementor-element-d90b400 e-flex e-con-boxed e-con e-parent\" data-id=\"d90b400\" data-element_type=\"container\" data-e-type=\"container\">\n\t\t\t\t\t<div class=\"e-con-inner\">\n\t\t\t\t<div class=\"elementor-element elementor-element-40c1321 elementor-widget elementor-widget-text-editor\" data-id=\"40c1321\" data-element_type=\"widget\" data-e-type=\"widget\" data-widget_type=\"text-editor.default\">\n\t\t\t\t<div class=\"elementor-widget-container\">\n\t\t\t\t\t\t\t\t\t<p>Marketing kasynowy i platformy kasyn online s\u0105 regulowane i nic dziwnego, \u017ce wi\u0119ksza liczba nie jest regulowana. Jakie wyzwania stoj\u0105 przed influencerami i operatorami kasyn? Wyzwania mog\u0105 by\u0107 r\u00f3\u017cne, by wymieni\u0107 tylko kilka z nich:  <\/p>\n\t\t\t\t\t\t\t\t<\/div>\n\t\t\t\t<\/div>\n\t\t\t\t\t<\/div>\n\t\t\t\t<\/div>\n\t\t<div class=\"elementor-element elementor-element-836bdc3 e-flex e-con-boxed e-con e-parent\" data-id=\"836bdc3\" data-element_type=\"container\" data-e-type=\"container\">\n\t\t\t\t\t<div class=\"e-con-inner\">\n\t\t\t\t<div class=\"elementor-element elementor-element-5ecded3 elementor-widget elementor-widget-text-editor\" data-id=\"5ecded3\" data-element_type=\"widget\" data-e-type=\"widget\" data-widget_type=\"text-editor.default\">\n\t\t\t\t<div class=\"elementor-widget-container\">\n\t\t\t\t\t\t\t\t\t<ul>\n<li><strong>Publiczne promowanie hazardu online jest cz\u0119sto czerwon\u0105 flag\u0105<\/strong> dla niekt\u00f3rych organ\u00f3w regulacyjnych, a niekt\u00f3re kraje, takie jak Niemcy, Hiszpania, Holandia, cz\u0119\u015b\u0107 Stan\u00f3w Zjednoczonych i Wielkiej Brytanii, podj\u0119\u0142y skuteczne kroki w celu poznania wroga wewn\u0119trznego. Czas pokaza\u0142 jednak, \u017ce zamiast zakazywa\u0107 i nak\u0142ada\u0107 koc przepis\u00f3w na graczy, cz\u0119sto bardziej przydatne jest nawi\u0105zanie wsp\u00f3\u0142pracy z operatorami, rozpocz\u0119cie dialogu ze szczerym zamiarem stworzenia bezpieczniejszego \u015brodowiska hazardowego. Lepszy diabe\u0142, kt\u00f3rego znasz.    <\/li>\n<\/ul>\n\t\t\t\t\t\t\t\t<\/div>\n\t\t\t\t<\/div>\n\t\t\t\t\t<\/div>\n\t\t\t\t<\/div>\n\t\t<div class=\"elementor-element elementor-element-91b3109 e-flex e-con-boxed e-con e-parent\" data-id=\"91b3109\" data-element_type=\"container\" data-e-type=\"container\">\n\t\t\t\t\t<div class=\"e-con-inner\">\n\t\t\t\t<div class=\"elementor-element elementor-element-3a1d9be elementor-widget elementor-widget-text-editor\" data-id=\"3a1d9be\" data-element_type=\"widget\" data-e-type=\"widget\" data-widget_type=\"text-editor.default\">\n\t\t\t\t<div class=\"elementor-widget-container\">\n\t\t\t\t\t\t\t\t\t<ul>\n<li><strong>Influencer ma r\u00f3wnie\u017c obowi\u0105zek<\/strong> chroni\u0107 swoich obserwuj\u0105cych i spo\u0142eczno\u015b\u0107 przed wsp\u00f3\u0142prac\u0105 z partnerami marki, kt\u00f3rzy nie chc\u0105 wspiera\u0107 odpowiedzialnego hazardu i przestrzega\u0107 standard\u00f3w rynkowych.  <\/li>\n<\/ul>\n\t\t\t\t\t\t\t\t<\/div>\n\t\t\t\t<\/div>\n\t\t\t\t\t<\/div>\n\t\t\t\t<\/div>\n\t\t<div class=\"elementor-element elementor-element-8138a19 e-flex e-con-boxed e-con e-parent\" data-id=\"8138a19\" data-element_type=\"container\" data-e-type=\"container\">\n\t\t\t\t\t<div class=\"e-con-inner\">\n\t\t\t\t<div class=\"elementor-element elementor-element-f004e45 elementor-widget elementor-widget-heading\" data-id=\"f004e45\" data-element_type=\"widget\" data-e-type=\"widget\" data-widget_type=\"heading.default\">\n\t\t\t\t<div class=\"elementor-widget-container\">\n\t\t\t\t\t<h5 class=\"elementor-heading-title elementor-size-default\">Co czeka influencer\u00f3w w kasynie online?<\/h5>\t\t\t\t<\/div>\n\t\t\t\t<\/div>\n\t\t\t\t\t<\/div>\n\t\t\t\t<\/div>\n\t\t<div class=\"elementor-element elementor-element-e26ded2 e-flex e-con-boxed e-con e-parent\" data-id=\"e26ded2\" data-element_type=\"container\" data-e-type=\"container\">\n\t\t\t\t\t<div class=\"e-con-inner\">\n\t\t\t\t<div class=\"elementor-element elementor-element-83be952 elementor-widget elementor-widget-text-editor\" data-id=\"83be952\" data-element_type=\"widget\" data-e-type=\"widget\" data-widget_type=\"text-editor.default\">\n\t\t\t\t<div class=\"elementor-widget-container\">\n\t\t\t\t\t\t\t\t\t<p>Przysz\u0142o\u015b\u0107 medi\u00f3w spo\u0142eczno\u015bciowych jest szybka i kolorowa. Oczekuje si\u0119, \u017ce pr\u0119dzej czy p\u00f3\u017aniej ogromna liczba po prostu zniknie z powodu przyt\u0142aczaj\u0105cej liczby pr\u00f3b wywierania znacz\u0105cego wp\u0142ywu. Najwa\u017cniejsz\u0105 cz\u0119\u015bci\u0105, i aby mocno podkre\u015bli\u0107 t\u0119 kwesti\u0119, jest zapewnienie graczom bezpiecze\u0144stwa dzi\u0119ki odpowiedzialnym praktykom w grach i etycznie kwestionowanym influencerom, kt\u00f3rzy powa\u017cnie traktuj\u0105 swoj\u0105 wa\u017cn\u0105 rol\u0119 w spo\u0142ecze\u0144stwie. Bior\u0105c pod uwag\u0119 powy\u017csze, uwa\u017camy, \u017ce jest to \u015bwietlana przysz\u0142o\u015b\u0107, gdy wszystkie aspekty s\u0105 brane pod uwag\u0119.     <\/p>\n\t\t\t\t\t\t\t\t<\/div>\n\t\t\t\t<\/div>\n\t\t\t\t\t<\/div>\n\t\t\t\t<\/div>\n\t\t\t\t<\/div>\n\t\t","protected":false},"excerpt":{"rendered":"<p>Kasynowi influencerzy korzystaj\u0105cy z medi\u00f3w spo\u0142eczno\u015bciowych ciesz\u0105 si\u0119 coraz wi\u0119ksz\u0105 s\u0142aw\u0105, co jest cz\u0119sto pomijane przez wielu operator\u00f3w. W dzisiejszym \u015bwiecie ci\u0105gle zmieniaj\u0105cych si\u0119 trend\u00f3w jedna grupa sta\u0142a si\u0119 niezaprzeczalnie si\u0142\u0105 nap\u0119dow\u0105 w bran\u017cy hazardu online. Mowa o gwiezdnym wzro\u015bcie popularno\u015bci spo\u0142eczno\u015bciowych influencer\u00f3w kasyn online. Jak\u0105 rol\u0119 odgrywaj\u0105 oni w spo\u0142eczno\u015bci graczy? Jakie s\u0105 zalety [&hellip;]<\/p>\n","protected":false},"author":1,"featured_media":0,"parent":0,"menu_order":0,"comment_status":"closed","ping_status":"closed","template":"","meta":{"footnotes":""},"class_list":["post-4559","page","type-page","status-publish","hentry"],"blocksy_meta":[],"acf":[],"yoast_head":"<!-- This site is optimized with the Yoast SEO plugin v24.1 - https:\/\/yoast.com\/wordpress\/plugins\/seo\/ -->\n<title>Influencer w kasynie - casinoreturn<\/title>\n<meta name=\"description\" content=\"Kasynowi influencerzy wykonali du\u017cy skok z medi\u00f3w spo\u0142eczno\u015bciowych, aby dotrze\u0107 do kasyna online. \u015aled\u017a nas tutaj i zobacz, kto jest kim i co nowego na Twitchu\" \/>\n<meta name=\"robots\" content=\"index, follow, max-snippet:-1, max-image-preview:large, max-video-preview:-1\" \/>\n<link rel=\"canonical\" href=\"https:\/\/casinoreturn.com\/pl\/influencer-w-kasynie\/\" \/>\n<meta property=\"og:locale\" content=\"pl_PL\" \/>\n<meta property=\"og:type\" content=\"article\" \/>\n<meta property=\"og:title\" content=\"Influencer w kasynie - casinoreturn\" \/>\n<meta property=\"og:description\" content=\"Kasynowi influencerzy wykonali du\u017cy skok z medi\u00f3w spo\u0142eczno\u015bciowych, aby dotrze\u0107 do kasyna online. \u015aled\u017a nas tutaj i zobacz, kto jest kim i co nowego na Twitchu\" \/>\n<meta property=\"og:url\" content=\"https:\/\/casinoreturn.com\/pl\/influencer-w-kasynie\/\" \/>\n<meta property=\"og:site_name\" content=\"casinoreturn\" \/>\n<meta property=\"article:modified_time\" content=\"2024-12-02T13:46:44+00:00\" \/>\n<meta name=\"twitter:card\" content=\"summary_large_image\" \/>\n<meta name=\"twitter:label1\" content=\"Szacowany czas czytania\" \/>\n\t<meta name=\"twitter:data1\" content=\"4 minuty\" \/>\n<script type=\"application\/ld+json\" class=\"yoast-schema-graph\">{\"@context\":\"https:\/\/schema.org\",\"@graph\":[{\"@type\":\"WebPage\",\"@id\":\"https:\/\/casinoreturn.com\/pl\/influencer-w-kasynie\/\",\"url\":\"https:\/\/casinoreturn.com\/pl\/influencer-w-kasynie\/\",\"name\":\"Influencer w kasynie - casinoreturn\",\"isPartOf\":{\"@id\":\"https:\/\/casinoreturn.com\/#website\"},\"datePublished\":\"2024-11-02T10:47:02+00:00\",\"dateModified\":\"2024-12-02T13:46:44+00:00\",\"description\":\"Kasynowi influencerzy wykonali du\u017cy skok z medi\u00f3w spo\u0142eczno\u015bciowych, aby dotrze\u0107 do kasyna online. \u015aled\u017a nas tutaj i zobacz, kto jest kim i co nowego na Twitchu\",\"breadcrumb\":{\"@id\":\"https:\/\/casinoreturn.com\/pl\/influencer-w-kasynie\/#breadcrumb\"},\"inLanguage\":\"pl-PL\",\"potentialAction\":[{\"@type\":\"ReadAction\",\"target\":[\"https:\/\/casinoreturn.com\/pl\/influencer-w-kasynie\/\"]}]},{\"@type\":\"BreadcrumbList\",\"@id\":\"https:\/\/casinoreturn.com\/pl\/influencer-w-kasynie\/#breadcrumb\",\"itemListElement\":[{\"@type\":\"ListItem\",\"position\":1,\"name\":\"Home\",\"item\":\"https:\/\/casinoreturn.com\/pl\/strona-glowna\/\"},{\"@type\":\"ListItem\",\"position\":2,\"name\":\"Influencer w kasynie\"}]},{\"@type\":\"WebSite\",\"@id\":\"https:\/\/casinoreturn.com\/#website\",\"url\":\"https:\/\/casinoreturn.com\/\",\"name\":\"casinoreturn\",\"description\":\"\",\"publisher\":{\"@id\":\"https:\/\/casinoreturn.com\/#organization\"},\"potentialAction\":[{\"@type\":\"SearchAction\",\"target\":{\"@type\":\"EntryPoint\",\"urlTemplate\":\"https:\/\/casinoreturn.com\/?s={search_term_string}\"},\"query-input\":{\"@type\":\"PropertyValueSpecification\",\"valueRequired\":true,\"valueName\":\"search_term_string\"}}],\"inLanguage\":\"pl-PL\"},{\"@type\":\"Organization\",\"@id\":\"https:\/\/casinoreturn.com\/#organization\",\"name\":\"casinoreturn\",\"url\":\"https:\/\/casinoreturn.com\/\",\"logo\":{\"@type\":\"ImageObject\",\"inLanguage\":\"pl-PL\",\"@id\":\"https:\/\/casinoreturn.com\/#\/schema\/logo\/image\/\",\"url\":\"https:\/\/casinoreturn.com\/wp-content\/uploads\/2024\/09\/animal-favicon.png\",\"contentUrl\":\"https:\/\/casinoreturn.com\/wp-content\/uploads\/2024\/09\/animal-favicon.png\",\"width\":92,\"height\":92,\"caption\":\"casinoreturn\"},\"image\":{\"@id\":\"https:\/\/casinoreturn.com\/#\/schema\/logo\/image\/\"}}]}<\/script>\n<!-- \/ Yoast SEO plugin. -->","yoast_head_json":{"title":"Influencer w kasynie - casinoreturn","description":"Kasynowi influencerzy wykonali du\u017cy skok z medi\u00f3w spo\u0142eczno\u015bciowych, aby dotrze\u0107 do kasyna online. \u015aled\u017a nas tutaj i zobacz, kto jest kim i co nowego na Twitchu","robots":{"index":"index","follow":"follow","max-snippet":"max-snippet:-1","max-image-preview":"max-image-preview:large","max-video-preview":"max-video-preview:-1"},"canonical":"https:\/\/casinoreturn.com\/pl\/influencer-w-kasynie\/","og_locale":"pl_PL","og_type":"article","og_title":"Influencer w kasynie - casinoreturn","og_description":"Kasynowi influencerzy wykonali du\u017cy skok z medi\u00f3w spo\u0142eczno\u015bciowych, aby dotrze\u0107 do kasyna online. \u015aled\u017a nas tutaj i zobacz, kto jest kim i co nowego na Twitchu","og_url":"https:\/\/casinoreturn.com\/pl\/influencer-w-kasynie\/","og_site_name":"casinoreturn","article_modified_time":"2024-12-02T13:46:44+00:00","twitter_card":"summary_large_image","twitter_misc":{"Szacowany czas czytania":"4 minuty"},"schema":{"@context":"https:\/\/schema.org","@graph":[{"@type":"WebPage","@id":"https:\/\/casinoreturn.com\/pl\/influencer-w-kasynie\/","url":"https:\/\/casinoreturn.com\/pl\/influencer-w-kasynie\/","name":"Influencer w kasynie - casinoreturn","isPartOf":{"@id":"https:\/\/casinoreturn.com\/#website"},"datePublished":"2024-11-02T10:47:02+00:00","dateModified":"2024-12-02T13:46:44+00:00","description":"Kasynowi influencerzy wykonali du\u017cy skok z medi\u00f3w spo\u0142eczno\u015bciowych, aby dotrze\u0107 do kasyna online. \u015aled\u017a nas tutaj i zobacz, kto jest kim i co nowego na Twitchu","breadcrumb":{"@id":"https:\/\/casinoreturn.com\/pl\/influencer-w-kasynie\/#breadcrumb"},"inLanguage":"pl-PL","potentialAction":[{"@type":"ReadAction","target":["https:\/\/casinoreturn.com\/pl\/influencer-w-kasynie\/"]}]},{"@type":"BreadcrumbList","@id":"https:\/\/casinoreturn.com\/pl\/influencer-w-kasynie\/#breadcrumb","itemListElement":[{"@type":"ListItem","position":1,"name":"Home","item":"https:\/\/casinoreturn.com\/pl\/strona-glowna\/"},{"@type":"ListItem","position":2,"name":"Influencer w kasynie"}]},{"@type":"WebSite","@id":"https:\/\/casinoreturn.com\/#website","url":"https:\/\/casinoreturn.com\/","name":"casinoreturn","description":"","publisher":{"@id":"https:\/\/casinoreturn.com\/#organization"},"potentialAction":[{"@type":"SearchAction","target":{"@type":"EntryPoint","urlTemplate":"https:\/\/casinoreturn.com\/?s={search_term_string}"},"query-input":{"@type":"PropertyValueSpecification","valueRequired":true,"valueName":"search_term_string"}}],"inLanguage":"pl-PL"},{"@type":"Organization","@id":"https:\/\/casinoreturn.com\/#organization","name":"casinoreturn","url":"https:\/\/casinoreturn.com\/","logo":{"@type":"ImageObject","inLanguage":"pl-PL","@id":"https:\/\/casinoreturn.com\/#\/schema\/logo\/image\/","url":"https:\/\/casinoreturn.com\/wp-content\/uploads\/2024\/09\/animal-favicon.png","contentUrl":"https:\/\/casinoreturn.com\/wp-content\/uploads\/2024\/09\/animal-favicon.png","width":92,"height":92,"caption":"casinoreturn"},"image":{"@id":"https:\/\/casinoreturn.com\/#\/schema\/logo\/image\/"}}]}},"_links":{"self":[{"href":"https:\/\/casinoreturn.com\/pl\/wp-json\/wp\/v2\/pages\/4559","targetHints":{"allow":["GET"]}}],"collection":[{"href":"https:\/\/casinoreturn.com\/pl\/wp-json\/wp\/v2\/pages"}],"about":[{"href":"https:\/\/casinoreturn.com\/pl\/wp-json\/wp\/v2\/types\/page"}],"author":[{"embeddable":true,"href":"https:\/\/casinoreturn.com\/pl\/wp-json\/wp\/v2\/users\/1"}],"replies":[{"embeddable":true,"href":"https:\/\/casinoreturn.com\/pl\/wp-json\/wp\/v2\/comments?post=4559"}],"version-history":[{"count":1,"href":"https:\/\/casinoreturn.com\/pl\/wp-json\/wp\/v2\/pages\/4559\/revisions"}],"predecessor-version":[{"id":4560,"href":"https:\/\/casinoreturn.com\/pl\/wp-json\/wp\/v2\/pages\/4559\/revisions\/4560"}],"wp:attachment":[{"href":"https:\/\/casinoreturn.com\/pl\/wp-json\/wp\/v2\/media?parent=4559"}],"curies":[{"name":"wp","href":"https:\/\/api.w.org\/{rel}","templated":true}]}}