{"id":4581,"date":"2024-11-13T01:13:25","date_gmt":"2024-11-13T01:13:25","guid":{"rendered":"https:\/\/casinoreturn.com\/gra-slotowa-cash-noire\/"},"modified":"2024-12-02T13:59:49","modified_gmt":"2024-12-02T13:59:49","slug":"gra-slotowa-cash-noire","status":"publish","type":"page","link":"https:\/\/casinoreturn.com\/pl\/gra-slotowa-cash-noire\/","title":{"rendered":"Gra slotowa Cash Noire"},"content":{"rendered":"\t\t<div data-elementor-type=\"wp-page\" data-elementor-id=\"4581\" class=\"elementor elementor-4581\" data-elementor-post-type=\"page\">\n\t\t\t\t<div class=\"elementor-element elementor-element-1d0a071 e-con-full e-flex e-con e-parent\" data-id=\"1d0a071\" data-element_type=\"container\">\n\t\t\t\t<div class=\"elementor-element elementor-element-d98a0e7 elementor-widget elementor-widget-heading\" data-id=\"d98a0e7\" data-element_type=\"widget\" data-widget_type=\"heading.default\">\n\t\t\t\t<div class=\"elementor-widget-container\">\n\t\t\t\t\t<h3 class=\"elementor-heading-title elementor-size-default\">Co powiniene\u015b wiedzie\u0107 o Cash Noire?<\/h3>\t\t\t\t<\/div>\n\t\t\t\t<\/div>\n\t\t\t\t<\/div>\n\t\t<div class=\"elementor-element elementor-element-ece14c5 e-con-full e-flex e-con e-parent\" data-id=\"ece14c5\" data-element_type=\"container\">\n\t\t\t\t<div class=\"elementor-element elementor-element-927ac14 elementor-widget elementor-widget-text-editor\" data-id=\"927ac14\" data-element_type=\"widget\" data-widget_type=\"text-editor.default\">\n\t\t\t\t<div class=\"elementor-widget-container\">\n\t\t\t\t\t\t\t\t\t<p>Gra slotowa Cash-Noire to innowacyjny automat najwy\u017cszej klasy, kt\u00f3ry przekonuje graczy i graczy swoimi automatami online. Automat zosta\u0142 wyprodukowany przez renomowanego i znanego tw\u00f3rc\u0119 oprogramowania NetEnt, dzi\u0119ki czemu jest uwa\u017cany za najwy\u017csz\u0105 jako\u015b\u0107. Chcesz wiedzie\u0107, o co chodzi w tym automacie? Gra przekonuje swoj\u0105 mistyczn\u0105 natur\u0105, obraca si\u0119 wok\u00f3\u0142 nierozwi\u0105zanego morderstwa. Mroczne niuanse w projekcie nadaj\u0105 ca\u0142ej grze szczeg\u00f3lnie mroczny charakter. Jako gracz znajduj\u0105 si\u0119 w San Cayetano i do\u0142\u0105czaj\u0105 do swojego towarzysza zabaw,     <\/p>\n\t\t\t\t\t\t\t\t<\/div>\n\t\t\t\t<\/div>\n\t\t\t\t<\/div>\n\t\t<div class=\"elementor-element elementor-element-a73bf5b e-con-full e-flex e-con e-parent\" data-id=\"a73bf5b\" data-element_type=\"container\">\n\t\t\t\t<div class=\"elementor-element elementor-element-ada4c5b elementor-widget elementor-widget-image\" data-id=\"ada4c5b\" data-element_type=\"widget\" data-widget_type=\"image.default\">\n\t\t\t\t<div class=\"elementor-widget-container\">\n\t\t\t\t\t\t\t\t\t\t\t\t\t\t\t<img fetchpriority=\"high\" decoding=\"async\" width=\"600\" height=\"840\" src=\"https:\/\/casinoreturn.com\/wp-content\/uploads\/2024\/11\/Cash-noire-Slot-game.jpg\" class=\"attachment-large size-large wp-image-3233\" alt=\"Cash noire Slot game\" srcset=\"https:\/\/casinoreturn.com\/wp-content\/uploads\/2024\/11\/Cash-noire-Slot-game.jpg 600w, https:\/\/casinoreturn.com\/wp-content\/uploads\/2024\/11\/Cash-noire-Slot-game-214x300.jpg 214w\" sizes=\"(max-width: 600px) 100vw, 600px\" \/>\t\t\t\t\t\t\t\t\t\t\t\t\t\t\t<\/div>\n\t\t\t\t<\/div>\n\t\t\t\t<\/div>\n\t\t<div class=\"elementor-element elementor-element-83b2661 e-con-full e-flex e-con e-parent\" data-id=\"83b2661\" data-element_type=\"container\">\n\t\t\t\t<div class=\"elementor-element elementor-element-47cf452 elementor-widget elementor-widget-heading\" data-id=\"47cf452\" data-element_type=\"widget\" data-widget_type=\"heading.default\">\n\t\t\t\t<div class=\"elementor-widget-container\">\n\t\t\t\t\t<h3 class=\"elementor-heading-title elementor-size-default\">Kim jest detektyw Flint w grze slotowej Cash Noire?<\/h3>\t\t\t\t<\/div>\n\t\t\t\t<\/div>\n\t\t\t\t<\/div>\n\t\t<div class=\"elementor-element elementor-element-6e9a3d5 e-con-full e-flex e-con e-parent\" data-id=\"6e9a3d5\" data-element_type=\"container\">\n\t\t\t\t<div class=\"elementor-element elementor-element-9c661f6 elementor-widget elementor-widget-text-editor\" data-id=\"9c661f6\" data-element_type=\"widget\" data-widget_type=\"text-editor.default\">\n\t\t\t\t<div class=\"elementor-widget-container\">\n\t\t\t\t\t\t\t\t\t<p>Detektyw Flint. Razem pr\u00f3buj\u0105 wytropi\u0107 przest\u0119pc\u00f3w, kt\u00f3rych nie mo\u017cna znale\u017a\u0107. Poniewa\u017c chce zobaczy\u0107 sprawc\u0119 odpowiedzialnego za morderstwa Green-Ace. Zwiedzaj miasto z detektywem i zr\u00f3b sobie przerw\u0119 w barze. Bar jest r\u00f3wnie tajemniczy jak gra, poniewa\u017c odbywaj\u0105 si\u0119 tam nielegalne gry w pokera. I tam poznajesz jedyn\u0105 kobiet\u0119&#8230; . .<br \/>Jeste\u015b ciekawy? Chcesz rozwi\u0105za\u0107 zagadk\u0119 morderstwa? B\u0105d\u017a na bie\u017c\u0105co, poniewa\u017c dostarczymy Ci wi\u0119cej przydatnych informacji.         <\/p>\n\t\t\t\t\t\t\t\t<\/div>\n\t\t\t\t<\/div>\n\t\t\t\t<\/div>\n\t\t<div class=\"elementor-element elementor-element-5bb25f2 e-con-full e-flex e-con e-parent\" data-id=\"5bb25f2\" data-element_type=\"container\">\n\t\t\t\t<div class=\"elementor-element elementor-element-e08a986 elementor-widget elementor-widget-heading\" data-id=\"e08a986\" data-element_type=\"widget\" data-widget_type=\"heading.default\">\n\t\t\t\t<div class=\"elementor-widget-container\">\n\t\t\t\t\t<h3 class=\"elementor-heading-title elementor-size-default\">Cash Noire minimalna liczba obrot\u00f3w<\/h3>\t\t\t\t<\/div>\n\t\t\t\t<\/div>\n\t\t\t\t<\/div>\n\t\t<div class=\"elementor-element elementor-element-cd0632e e-con-full e-flex e-con e-parent\" data-id=\"cd0632e\" data-element_type=\"container\">\n\t\t\t\t<div class=\"elementor-element elementor-element-9be3876 elementor-widget elementor-widget-text-editor\" data-id=\"9be3876\" data-element_type=\"widget\" data-widget_type=\"text-editor.default\">\n\t\t\t\t<div class=\"elementor-widget-container\">\n\t\t\t\t\t\t\t\t\t<p>Inspirowana filmem Film Noire gra przekonuje do siebie wyj\u0105tkowym stylem. Z ponad 1024 szansami na wygran\u0105 i pi\u0119cioma b\u0119bnami, gra oferuje wiele atrakcyjnych mo\u017cliwo\u015bci. Mo\u017cesz gra\u0107 na automacie z zak\u0142adami zaczynaj\u0105cymi si\u0119 od <strong>0,20 na<\/strong> <strong>obr\u00f3t<\/strong>. Kolejnym plusem jest to, \u017ce gra jest obs\u0142ugiwana przez wiele r\u00f3\u017cnych serwer\u00f3w. Cash Noire ma r\u00f3wnie\u017c inne \u015bwietne oferty, kt\u00f3re zachwycaj\u0105 serce gracza. Daj si\u0119 przekona\u0107 darmowym spinom, darmowym spinom bez depozytu i bonusom bez depozytu. Zdob\u0105d\u017a jeszcze wi\u0119cej nagr\u00f3d, graj\u0105c w gr\u0119 i pomagaj\u0105c detektywowi w jego podr\u00f3\u017cy. Ka\u017cdy dobry uczynek jest nagradzany!       <\/p>\n\t\t\t\t\t\t\t\t<\/div>\n\t\t\t\t<\/div>\n\t\t\t\t<\/div>\n\t\t<div class=\"elementor-element elementor-element-21d84f5 e-con-full e-flex e-con e-parent\" data-id=\"21d84f5\" data-element_type=\"container\">\n\t\t\t\t<div class=\"elementor-element elementor-element-e77fdbf elementor-widget elementor-widget-heading\" data-id=\"e77fdbf\" data-element_type=\"widget\" data-widget_type=\"heading.default\">\n\t\t\t\t<div class=\"elementor-widget-container\">\n\t\t\t\t\t<h3 class=\"elementor-heading-title elementor-size-default\">Jak gra\u0107 na slocie Cash Noire?<\/h3>\t\t\t\t<\/div>\n\t\t\t\t<\/div>\n\t\t\t\t<\/div>\n\t\t<div class=\"elementor-element elementor-element-8abd081 e-con-full e-flex e-con e-parent\" data-id=\"8abd081\" data-element_type=\"container\">\n\t\t\t\t<div class=\"elementor-element elementor-element-59700d3 elementor-widget elementor-widget-image\" data-id=\"59700d3\" data-element_type=\"widget\" data-widget_type=\"image.default\">\n\t\t\t\t<div class=\"elementor-widget-container\">\n\t\t\t\t\t\t\t\t\t\t\t\t\t\t\t<img decoding=\"async\" width=\"680\" height=\"280\" src=\"https:\/\/casinoreturn.com\/wp-content\/uploads\/2024\/11\/Cash-Noire-5-Reels-Spins.jpg\" class=\"attachment-large size-large wp-image-3258\" alt=\"Cash Noire 5 Reels Spins\" srcset=\"https:\/\/casinoreturn.com\/wp-content\/uploads\/2024\/11\/Cash-Noire-5-Reels-Spins.jpg 680w, https:\/\/casinoreturn.com\/wp-content\/uploads\/2024\/11\/Cash-Noire-5-Reels-Spins-300x124.jpg 300w\" sizes=\"(max-width: 680px) 100vw, 680px\" \/>\t\t\t\t\t\t\t\t\t\t\t\t\t\t\t<\/div>\n\t\t\t\t<\/div>\n\t\t\t\t<div class=\"elementor-element elementor-element-f1817fa elementor-widget elementor-widget-text-editor\" data-id=\"f1817fa\" data-element_type=\"widget\" data-widget_type=\"text-editor.default\">\n\t\t\t\t<div class=\"elementor-widget-container\">\n\t\t\t\t\t\t\t\t\t<p>Gra Cash Noire jest podzielona na pi\u0119\u0107 r\u00f3\u017cnych kategorii, a dok\u0142adniej na pi\u0119\u0107 r\u00f3\u017cnych stref przest\u0119pczo\u015bci. Za ka\u017cdy darmowy obr\u00f3t otrzymujesz mno\u017cnik, zaczynaj\u0105cy si\u0119 od 1x. Je\u015bli wyl\u0105dujesz na kartach ze specjalnymi strefami, mo\u017cesz u\u017cy\u0107 mno\u017cnika do swoich wygranych, poniewa\u017c mo\u017ce to zwi\u0119kszy\u0107 Twoje wygrane. Chcesz zwi\u0119kszy\u0107 sw\u00f3j mno\u017cnik? Wykonaj nast\u0119puj\u0105ce kroki: Je\u015bli wyl\u0105dujesz z t\u0105 kart\u0105 w specjalnej strefie i wyl\u0105dujesz na znaczniku, mo\u017cesz zwi\u0119kszy\u0107 jej mno\u017cnik od 1x do 10x w grze. Chcesz wi\u0119cej obrot\u00f3w darmowych? Je\u015bli chcesz wi\u0119cej obrot\u00f3w darmowych, zwi\u0119ksz ich mno\u017cnik. Je\u015bli szcz\u0119\u015bcie b\u0119dzie po Twojej stronie, zdob\u0119dziesz kart\u0119 z mno\u017cnikiem i darmowe rundy. Chcesz otrzyma\u0107 darmowe obroty bez depozytu? B\u0105d\u017a na bie\u017c\u0105co. Automat Cash Noire nie posiada symbolu wild i dlatego nie mo\u017ce zaoferowa\u0107 progresywnego jackpota.          <\/p>\n\t\t\t\t\t\t\t\t<\/div>\n\t\t\t\t<\/div>\n\t\t\t\t<div class=\"elementor-element elementor-element-50d6c9c elementor-widget elementor-widget-heading\" data-id=\"50d6c9c\" data-element_type=\"widget\" data-widget_type=\"heading.default\">\n\t\t\t\t<div class=\"elementor-widget-container\">\n\t\t\t\t\t<h2 class=\"elementor-heading-title elementor-size-default\">Tajemniczy symbol w grze slotowej Cash Noire<\/h2>\t\t\t\t<\/div>\n\t\t\t\t<\/div>\n\t\t\t\t<div class=\"elementor-element elementor-element-6ea3519 elementor-widget elementor-widget-text-editor\" data-id=\"6ea3519\" data-element_type=\"widget\" data-widget_type=\"text-editor.default\">\n\t\t\t\t<div class=\"elementor-widget-container\">\n\t\t\t\t\t\t\t\t\t<p>Dostawca NetEnt jest z pewno\u015bci\u0105 znany w\u015br\u00f3d gier z jednej rzeczy: mn\u00f3stwa wspania\u0142ych opcji bonusowych, nagr\u00f3d takich jak Darmowy Bonus Bez Depozytu, Darmowe Spiny Bez Depozytu i wielu innych, kt\u00f3re przekonaj\u0105 ci\u0119 do siebie. Za ka\u017cdym razem, gdy tworzysz tak zwan\u0105 kombinacj\u0119 wygranych, uruchamiasz lawin\u0119. Gdy tak si\u0119 stanie, symbole, kt\u00f3re utworzy\u0142y ich kombinacj\u0119, nie b\u0119d\u0105 ju\u017c widoczne na ekranie i zostan\u0105 wyparte przez inne symbole. Czy s\u0142ysza\u0142e\u015b kiedy\u015b o tajemniczym symbolu? Ju\u017c wyja\u015bniamy. Symbol ten jest nieuniknion\u0105 cz\u0119\u015bci\u0105 gry. Je\u015bli nie trafisz wygrywaj\u0105cej kombinacji podczas obrotu i zamiast tego wyl\u0105dujesz na symbolu zagadki, automatycznie zmieni si\u0119 on w przeci\u0119tny losowy symbol. Je\u015bli wyl\u0105dujesz w strefie przest\u0119pstwa, symbole powielaj\u0105 si\u0119 i wy\u015bwietlaj\u0105 te same symbole. Je\u015bli jednak wyl\u0105dujesz poza tak zwan\u0105 stref\u0105 przest\u0119pczo\u015bci, zobaczysz zwyk\u0142y symbol. Istnieje r\u00f3wnie\u017c strefa przest\u0119pczo\u015bci. Je\u015bli znajdziesz si\u0119 w tej strefie, b\u0119d\u0105 one w czerwonej strefie. Ta jest pe\u0142na hotspot\u00f3w i pojawia si\u0119 na ka\u017cdym z obrot\u00f3w. Obr\u00f3t zaczyna si\u0119 od trzech punkt\u00f3w i mo\u017ce wzrosn\u0105\u0107 do czterech lub nawet pi\u0119ciu. Chcesz wi\u0119cej nagr\u00f3d, bonusu bez depozytu, bonusu bez depozytu, darmowych spin\u00f3w bez depozytu? B\u0105d\u017a na bie\u017c\u0105co, aby rozwi\u0105za\u0107 wi\u0119cej zagadek, rozszyfrowa\u0107 mistyczne symbole, wygra\u0107 mn\u00f3stwo darmowych obrot\u00f3w i mno\u017cnik\u00f3w oraz zgarn\u0105\u0107 jak najwi\u0119cej nagr\u00f3d.              <\/p>\n\t\t\t\t\t\t\t\t<\/div>\n\t\t\t\t<\/div>\n\t\t\t\t<div class=\"elementor-element elementor-element-2a740a2 elementor-widget elementor-widget-heading\" data-id=\"2a740a2\" data-element_type=\"widget\" data-widget_type=\"heading.default\">\n\t\t\t\t<div class=\"elementor-widget-container\">\n\t\t\t\t\t<h3 class=\"elementor-heading-title elementor-size-default\">Cash Noire RTP - zwrot dla gracza<\/h3>\t\t\t\t<\/div>\n\t\t\t\t<\/div>\n\t\t\t\t<div class=\"elementor-element elementor-element-db68b73 elementor-widget elementor-widget-text-editor\" data-id=\"db68b73\" data-element_type=\"widget\" data-widget_type=\"text-editor.default\">\n\t\t\t\t<div class=\"elementor-widget-container\">\n\t\t\t\t\t\t\t\t\t<p>Oczywi\u015bcie wygrana w grze kasynowej online wi\u0105\u017ce si\u0119 z du\u017c\u0105 doz\u0105 szcz\u0119\u015bcia. Prawdopodobnie zastanawiasz si\u0119, jak du\u017ce jest prawdopodobie\u0144stwo, \u017ce uda Ci si\u0119 zarobi\u0107 lub zdoby\u0107 maksimum? Te informacje i fakty maj\u0105 dla Ciebie szczeg\u00f3lne znaczenie, dlatego w BestCasinoListe. Com chcieliby\u015bmy Ci\u0119 o tym poinformowa\u0107.<br \/>Tutaj chcieliby\u015bmy wyja\u015bni\u0107 skr\u00f3t RTP. RTP to skr\u00f3t od Return to Player i oznacza &#8222;Powr\u00f3t do gracza&#8221;. &#8222;Szanse na wygran\u0105 w slocie online s\u0105 zatem zawsze obliczane przy u\u017cyciu tak zwanego RTP. RTP dla slotu Cash-Noire wynosi oko\u0142o 96. 06%. Warto\u015b\u0107 ta jest nieco powy\u017cej \u015bredniej w por\u00f3wnaniu do innych automat\u00f3w online. Chocia\u017c w bran\u017cy kasyn online z pewno\u015bci\u0105 istniej\u0105 automaty, kt\u00f3re maj\u0105 znacznie wy\u017csz\u0105 warto\u015b\u0107, to jednak warto je r\u00f3wnie\u017c zobaczy\u0107.        <\/p>\n\t\t\t\t\t\t\t\t<\/div>\n\t\t\t\t<\/div>\n\t\t\t\t<div class=\"elementor-element elementor-element-77a03b0 elementor-widget elementor-widget-heading\" data-id=\"77a03b0\" data-element_type=\"widget\" data-widget_type=\"heading.default\">\n\t\t\t\t<div class=\"elementor-widget-container\">\n\t\t\t\t\t<h2 class=\"elementor-heading-title elementor-size-default\">Generator liczb losowych w Cash Noire<\/h2>\t\t\t\t<\/div>\n\t\t\t\t<\/div>\n\t\t\t\t<div class=\"elementor-element elementor-element-6c337f8 elementor-widget elementor-widget-text-editor\" data-id=\"6c337f8\" data-element_type=\"widget\" data-widget_type=\"text-editor.default\">\n\t\t\t\t<div class=\"elementor-widget-container\">\n\t\t\t\t\t\t\t\t\t<p>Nast\u0119pnie jest tak zwany RNG (Random Number Generator), co oznacza w j\u0119zyku niemieckim: Generator Liczb Losowych. Wa\u017cne jest, aby pami\u0119ta\u0107, \u017ce bez wyj\u0105tku ka\u017cdy slot w kasynie online jest kontrolowany przez RNG. W ten spos\u00f3b rozdawane s\u0105 r\u00f3wnie\u017c jackpoty i karty.<br \/>Nowe kasyna w Niemczech 2021, Test kasyna online, Book of Dead Free Spins. . i wiele wi\u0119cej.     <\/p>\n\t\t\t\t\t\t\t\t<\/div>\n\t\t\t\t<\/div>\n\t\t\t\t<div class=\"elementor-element elementor-element-3c236a4 elementor-widget elementor-widget-heading\" data-id=\"3c236a4\" data-element_type=\"widget\" data-widget_type=\"heading.default\">\n\t\t\t\t<div class=\"elementor-widget-container\">\n\t\t\t\t\t<h2 class=\"elementor-heading-title elementor-size-default\">Przyjazny dla urz\u0105dze\u0144 mobilnych slot Cash Noire<\/h2>\t\t\t\t<\/div>\n\t\t\t\t<\/div>\n\t\t\t\t<div class=\"elementor-element elementor-element-4d99a43 elementor-widget elementor-widget-text-editor\" data-id=\"4d99a43\" data-element_type=\"widget\" data-widget_type=\"text-editor.default\">\n\t\t\t\t<div class=\"elementor-widget-container\">\n\t\t\t\t\t\t\t\t\t<p>Czy du\u017co podr\u00f3\u017cujesz? Faktem jest, \u017ce w dzisiejszych czasach prawie wszystkie urz\u0105dzenia s\u0105 mobilne. Jeste\u015b zawsze dost\u0119pny w dowolnym miejscu i prawie zawsze mo\u017cesz surfowa\u0107 po Internecie. Nie jeste\u015b wi\u0119c skazany na zabaw\u0119 tylko w domu, ale mo\u017cesz tak\u017ce do\u015bwiadczy\u0107 wszystkiego w drodze. Jest to r\u00f3wnie\u017c ogromna zaleta, poniewa\u017c slot Cash-Noire jest r\u00f3wnie\u017c dost\u0119pny w wersji mobilnej. Nie musisz martwi\u0107 si\u0119 o jako\u015b\u0107 slotu, poniewa\u017c Cash Noire slot zachwyca nie tylko unikalnym designem, ale tak\u017ce wysokiej jako\u015bci rozdzielczo\u015bci\u0105, nawet na urz\u0105dzeniu mobilnym. Niezale\u017cnie od tego, czy jest to telefon kom\u00f3rkowy, czy tablet, pobierz gr\u0119 i daj si\u0119 przekona\u0107 o jej jako\u015bci i zabawie.      <\/p>\n\t\t\t\t\t\t\t\t<\/div>\n\t\t\t\t<\/div>\n\t\t\t\t<\/div>\n\t\t\t\t<\/div>\n\t\t","protected":false},"excerpt":{"rendered":"<p>Co powiniene\u015b wiedzie\u0107 o Cash Noire? Gra slotowa Cash-Noire to innowacyjny automat najwy\u017cszej klasy, kt\u00f3ry przekonuje graczy i graczy swoimi automatami online. Automat zosta\u0142 wyprodukowany przez renomowanego i znanego tw\u00f3rc\u0119 oprogramowania NetEnt, dzi\u0119ki czemu jest uwa\u017cany za najwy\u017csz\u0105 jako\u015b\u0107. Chcesz wiedzie\u0107, o co chodzi w tym automacie? Gra przekonuje swoj\u0105 mistyczn\u0105 natur\u0105, obraca si\u0119 wok\u00f3\u0142 [&hellip;]<\/p>\n","protected":false},"author":1,"featured_media":0,"parent":0,"menu_order":0,"comment_status":"closed","ping_status":"closed","template":"","meta":{"footnotes":""},"class_list":["post-4581","page","type-page","status-publish","hentry"],"blocksy_meta":[],"acf":[],"yoast_head":"<!-- This site is optimized with the Yoast SEO plugin v24.1 - https:\/\/yoast.com\/wordpress\/plugins\/seo\/ -->\n<title>Gra slotowa Cash Noire - casinoreturn<\/title>\n<meta name=\"description\" content=\"Gra slotowa Cash Noire to jeden z bardziej znanych automat\u00f3w kasynowych online NetEnt. Poznaj funkcje Cash Noire, RTP i wiele wi\u0119cej.\" \/>\n<meta name=\"robots\" content=\"index, follow, max-snippet:-1, max-image-preview:large, max-video-preview:-1\" \/>\n<link rel=\"canonical\" href=\"https:\/\/casinoreturn.com\/pl\/gra-slotowa-cash-noire\/\" \/>\n<meta property=\"og:locale\" content=\"pl_PL\" \/>\n<meta property=\"og:type\" content=\"article\" \/>\n<meta property=\"og:title\" content=\"Gra slotowa Cash Noire - casinoreturn\" \/>\n<meta property=\"og:description\" content=\"Gra slotowa Cash Noire to jeden z bardziej znanych automat\u00f3w kasynowych online NetEnt. Poznaj funkcje Cash Noire, RTP i wiele wi\u0119cej.\" \/>\n<meta property=\"og:url\" content=\"https:\/\/casinoreturn.com\/pl\/gra-slotowa-cash-noire\/\" \/>\n<meta property=\"og:site_name\" content=\"casinoreturn\" \/>\n<meta property=\"article:modified_time\" content=\"2024-12-02T13:59:49+00:00\" \/>\n<meta property=\"og:image\" content=\"https:\/\/casinoreturn.com\/wp-content\/uploads\/2024\/11\/Cash-noire-Slot-game.jpg\" \/>\n\t<meta property=\"og:image:width\" content=\"600\" \/>\n\t<meta property=\"og:image:height\" content=\"840\" \/>\n\t<meta property=\"og:image:type\" content=\"image\/jpeg\" \/>\n<meta name=\"twitter:card\" content=\"summary_large_image\" \/>\n<meta name=\"twitter:label1\" content=\"Szacowany czas czytania\" \/>\n\t<meta name=\"twitter:data1\" content=\"5 minut\" \/>\n<script type=\"application\/ld+json\" class=\"yoast-schema-graph\">{\"@context\":\"https:\/\/schema.org\",\"@graph\":[{\"@type\":\"WebPage\",\"@id\":\"https:\/\/casinoreturn.com\/pl\/gra-slotowa-cash-noire\/\",\"url\":\"https:\/\/casinoreturn.com\/pl\/gra-slotowa-cash-noire\/\",\"name\":\"Gra slotowa Cash Noire - casinoreturn\",\"isPartOf\":{\"@id\":\"https:\/\/casinoreturn.com\/#website\"},\"primaryImageOfPage\":{\"@id\":\"https:\/\/casinoreturn.com\/pl\/gra-slotowa-cash-noire\/#primaryimage\"},\"image\":{\"@id\":\"https:\/\/casinoreturn.com\/pl\/gra-slotowa-cash-noire\/#primaryimage\"},\"thumbnailUrl\":\"https:\/\/casinoreturn.com\/wp-content\/uploads\/2024\/11\/Cash-noire-Slot-game.jpg\",\"datePublished\":\"2024-11-13T01:13:25+00:00\",\"dateModified\":\"2024-12-02T13:59:49+00:00\",\"description\":\"Gra slotowa Cash Noire to jeden z bardziej znanych automat\u00f3w kasynowych online NetEnt. Poznaj funkcje Cash Noire, RTP i wiele wi\u0119cej.\",\"breadcrumb\":{\"@id\":\"https:\/\/casinoreturn.com\/pl\/gra-slotowa-cash-noire\/#breadcrumb\"},\"inLanguage\":\"pl-PL\",\"potentialAction\":[{\"@type\":\"ReadAction\",\"target\":[\"https:\/\/casinoreturn.com\/pl\/gra-slotowa-cash-noire\/\"]}]},{\"@type\":\"ImageObject\",\"inLanguage\":\"pl-PL\",\"@id\":\"https:\/\/casinoreturn.com\/pl\/gra-slotowa-cash-noire\/#primaryimage\",\"url\":\"https:\/\/casinoreturn.com\/wp-content\/uploads\/2024\/11\/Cash-noire-Slot-game.jpg\",\"contentUrl\":\"https:\/\/casinoreturn.com\/wp-content\/uploads\/2024\/11\/Cash-noire-Slot-game.jpg\"},{\"@type\":\"BreadcrumbList\",\"@id\":\"https:\/\/casinoreturn.com\/pl\/gra-slotowa-cash-noire\/#breadcrumb\",\"itemListElement\":[{\"@type\":\"ListItem\",\"position\":1,\"name\":\"Home\",\"item\":\"https:\/\/casinoreturn.com\/pl\/strona-glowna\/\"},{\"@type\":\"ListItem\",\"position\":2,\"name\":\"Gra slotowa Cash Noire\"}]},{\"@type\":\"WebSite\",\"@id\":\"https:\/\/casinoreturn.com\/#website\",\"url\":\"https:\/\/casinoreturn.com\/\",\"name\":\"casinoreturn\",\"description\":\"\",\"publisher\":{\"@id\":\"https:\/\/casinoreturn.com\/#organization\"},\"potentialAction\":[{\"@type\":\"SearchAction\",\"target\":{\"@type\":\"EntryPoint\",\"urlTemplate\":\"https:\/\/casinoreturn.com\/?s={search_term_string}\"},\"query-input\":{\"@type\":\"PropertyValueSpecification\",\"valueRequired\":true,\"valueName\":\"search_term_string\"}}],\"inLanguage\":\"pl-PL\"},{\"@type\":\"Organization\",\"@id\":\"https:\/\/casinoreturn.com\/#organization\",\"name\":\"casinoreturn\",\"url\":\"https:\/\/casinoreturn.com\/\",\"logo\":{\"@type\":\"ImageObject\",\"inLanguage\":\"pl-PL\",\"@id\":\"https:\/\/casinoreturn.com\/#\/schema\/logo\/image\/\",\"url\":\"https:\/\/casinoreturn.com\/wp-content\/uploads\/2024\/09\/animal-favicon.png\",\"contentUrl\":\"https:\/\/casinoreturn.com\/wp-content\/uploads\/2024\/09\/animal-favicon.png\",\"width\":92,\"height\":92,\"caption\":\"casinoreturn\"},\"image\":{\"@id\":\"https:\/\/casinoreturn.com\/#\/schema\/logo\/image\/\"}}]}<\/script>\n<!-- \/ Yoast SEO plugin. -->","yoast_head_json":{"title":"Gra slotowa Cash Noire - casinoreturn","description":"Gra slotowa Cash Noire to jeden z bardziej znanych automat\u00f3w kasynowych online NetEnt. Poznaj funkcje Cash Noire, RTP i wiele wi\u0119cej.","robots":{"index":"index","follow":"follow","max-snippet":"max-snippet:-1","max-image-preview":"max-image-preview:large","max-video-preview":"max-video-preview:-1"},"canonical":"https:\/\/casinoreturn.com\/pl\/gra-slotowa-cash-noire\/","og_locale":"pl_PL","og_type":"article","og_title":"Gra slotowa Cash Noire - casinoreturn","og_description":"Gra slotowa Cash Noire to jeden z bardziej znanych automat\u00f3w kasynowych online NetEnt. Poznaj funkcje Cash Noire, RTP i wiele wi\u0119cej.","og_url":"https:\/\/casinoreturn.com\/pl\/gra-slotowa-cash-noire\/","og_site_name":"casinoreturn","article_modified_time":"2024-12-02T13:59:49+00:00","og_image":[{"width":600,"height":840,"url":"https:\/\/casinoreturn.com\/wp-content\/uploads\/2024\/11\/Cash-noire-Slot-game.jpg","type":"image\/jpeg"}],"twitter_card":"summary_large_image","twitter_misc":{"Szacowany czas czytania":"5 minut"},"schema":{"@context":"https:\/\/schema.org","@graph":[{"@type":"WebPage","@id":"https:\/\/casinoreturn.com\/pl\/gra-slotowa-cash-noire\/","url":"https:\/\/casinoreturn.com\/pl\/gra-slotowa-cash-noire\/","name":"Gra slotowa Cash Noire - casinoreturn","isPartOf":{"@id":"https:\/\/casinoreturn.com\/#website"},"primaryImageOfPage":{"@id":"https:\/\/casinoreturn.com\/pl\/gra-slotowa-cash-noire\/#primaryimage"},"image":{"@id":"https:\/\/casinoreturn.com\/pl\/gra-slotowa-cash-noire\/#primaryimage"},"thumbnailUrl":"https:\/\/casinoreturn.com\/wp-content\/uploads\/2024\/11\/Cash-noire-Slot-game.jpg","datePublished":"2024-11-13T01:13:25+00:00","dateModified":"2024-12-02T13:59:49+00:00","description":"Gra slotowa Cash Noire to jeden z bardziej znanych automat\u00f3w kasynowych online NetEnt. Poznaj funkcje Cash Noire, RTP i wiele wi\u0119cej.","breadcrumb":{"@id":"https:\/\/casinoreturn.com\/pl\/gra-slotowa-cash-noire\/#breadcrumb"},"inLanguage":"pl-PL","potentialAction":[{"@type":"ReadAction","target":["https:\/\/casinoreturn.com\/pl\/gra-slotowa-cash-noire\/"]}]},{"@type":"ImageObject","inLanguage":"pl-PL","@id":"https:\/\/casinoreturn.com\/pl\/gra-slotowa-cash-noire\/#primaryimage","url":"https:\/\/casinoreturn.com\/wp-content\/uploads\/2024\/11\/Cash-noire-Slot-game.jpg","contentUrl":"https:\/\/casinoreturn.com\/wp-content\/uploads\/2024\/11\/Cash-noire-Slot-game.jpg"},{"@type":"BreadcrumbList","@id":"https:\/\/casinoreturn.com\/pl\/gra-slotowa-cash-noire\/#breadcrumb","itemListElement":[{"@type":"ListItem","position":1,"name":"Home","item":"https:\/\/casinoreturn.com\/pl\/strona-glowna\/"},{"@type":"ListItem","position":2,"name":"Gra slotowa Cash Noire"}]},{"@type":"WebSite","@id":"https:\/\/casinoreturn.com\/#website","url":"https:\/\/casinoreturn.com\/","name":"casinoreturn","description":"","publisher":{"@id":"https:\/\/casinoreturn.com\/#organization"},"potentialAction":[{"@type":"SearchAction","target":{"@type":"EntryPoint","urlTemplate":"https:\/\/casinoreturn.com\/?s={search_term_string}"},"query-input":{"@type":"PropertyValueSpecification","valueRequired":true,"valueName":"search_term_string"}}],"inLanguage":"pl-PL"},{"@type":"Organization","@id":"https:\/\/casinoreturn.com\/#organization","name":"casinoreturn","url":"https:\/\/casinoreturn.com\/","logo":{"@type":"ImageObject","inLanguage":"pl-PL","@id":"https:\/\/casinoreturn.com\/#\/schema\/logo\/image\/","url":"https:\/\/casinoreturn.com\/wp-content\/uploads\/2024\/09\/animal-favicon.png","contentUrl":"https:\/\/casinoreturn.com\/wp-content\/uploads\/2024\/09\/animal-favicon.png","width":92,"height":92,"caption":"casinoreturn"},"image":{"@id":"https:\/\/casinoreturn.com\/#\/schema\/logo\/image\/"}}]}},"_links":{"self":[{"href":"https:\/\/casinoreturn.com\/pl\/wp-json\/wp\/v2\/pages\/4581","targetHints":{"allow":["GET"]}}],"collection":[{"href":"https:\/\/casinoreturn.com\/pl\/wp-json\/wp\/v2\/pages"}],"about":[{"href":"https:\/\/casinoreturn.com\/pl\/wp-json\/wp\/v2\/types\/page"}],"author":[{"embeddable":true,"href":"https:\/\/casinoreturn.com\/pl\/wp-json\/wp\/v2\/users\/1"}],"replies":[{"embeddable":true,"href":"https:\/\/casinoreturn.com\/pl\/wp-json\/wp\/v2\/comments?post=4581"}],"version-history":[{"count":1,"href":"https:\/\/casinoreturn.com\/pl\/wp-json\/wp\/v2\/pages\/4581\/revisions"}],"predecessor-version":[{"id":4582,"href":"https:\/\/casinoreturn.com\/pl\/wp-json\/wp\/v2\/pages\/4581\/revisions\/4582"}],"wp:attachment":[{"href":"https:\/\/casinoreturn.com\/pl\/wp-json\/wp\/v2\/media?parent=4581"}],"curies":[{"name":"wp","href":"https:\/\/api.w.org\/{rel}","templated":true}]}}