{"id":4631,"date":"2024-11-20T13:24:12","date_gmt":"2024-11-20T13:24:12","guid":{"rendered":"https:\/\/casinoreturn.com\/kasyna-esport\/"},"modified":"2024-12-02T14:25:18","modified_gmt":"2024-12-02T14:25:18","slug":"kasyna-esport","status":"publish","type":"page","link":"https:\/\/casinoreturn.com\/pl\/kasyna-esport\/","title":{"rendered":"Kasyna eSport"},"content":{"rendered":"\t\t<div data-elementor-type=\"wp-page\" data-elementor-id=\"4631\" class=\"elementor elementor-4631\" data-elementor-post-type=\"page\">\n\t\t\t\t<div class=\"elementor-element elementor-element-fdf3628 e-con-full e-flex e-con e-parent\" data-id=\"fdf3628\" data-element_type=\"container\">\n\t\t\t\t<div class=\"elementor-element elementor-element-d39e98f elementor-widget elementor-widget-heading\" data-id=\"d39e98f\" data-element_type=\"widget\" data-widget_type=\"heading.default\">\n\t\t\t\t<div class=\"elementor-widget-container\">\n\t\t\t\t\t<h1 class=\"elementor-heading-title elementor-size-default\">Kasyna e-sportowe i zak\u0142ady w kasynach e-sportowych<\/h1>\t\t\t\t<\/div>\n\t\t\t\t<\/div>\n\t\t\t\t<div class=\"elementor-element elementor-element-f722aef elementor-widget elementor-widget-image\" data-id=\"f722aef\" data-element_type=\"widget\" data-widget_type=\"image.default\">\n\t\t\t\t<div class=\"elementor-widget-container\">\n\t\t\t\t\t\t\t\t\t\t\t\t\t\t\t<img fetchpriority=\"high\" decoding=\"async\" width=\"360\" height=\"360\" src=\"https:\/\/casinoreturn.com\/wp-content\/uploads\/2024\/11\/esport-casinos.jpg\" class=\"attachment-large size-large wp-image-3671\" alt=\"esport casinos\" srcset=\"https:\/\/casinoreturn.com\/wp-content\/uploads\/2024\/11\/esport-casinos.jpg 360w, https:\/\/casinoreturn.com\/wp-content\/uploads\/2024\/11\/esport-casinos-300x300.jpg 300w, https:\/\/casinoreturn.com\/wp-content\/uploads\/2024\/11\/esport-casinos-150x150.jpg 150w\" sizes=\"(max-width: 360px) 100vw, 360px\" \/>\t\t\t\t\t\t\t\t\t\t\t\t\t\t\t<\/div>\n\t\t\t\t<\/div>\n\t\t\t\t<div class=\"elementor-element elementor-element-edb1ad6 elementor-widget elementor-widget-text-editor\" data-id=\"edb1ad6\" data-element_type=\"widget\" data-widget_type=\"text-editor.default\">\n\t\t\t\t<div class=\"elementor-widget-container\">\n\t\t\t\t\t\t\t\t\t<h3><strong>Kasyna e-sportowe i zak\u0142ady e-sportowe &#8211; szybko zmieniaj\u0105cy si\u0119 \u015bwiat aplikacji mobilnych  <\/strong><\/h3>\n\t\t\t\t\t\t\t\t<\/div>\n\t\t\t\t<\/div>\n\t\t\t\t<div class=\"elementor-element elementor-element-16e733a elementor-widget elementor-widget-text-editor\" data-id=\"16e733a\" data-element_type=\"widget\" data-widget_type=\"text-editor.default\">\n\t\t\t\t<div class=\"elementor-widget-container\">\n\t\t\t\t\t\t\t\t\t<p>Zak\u0142ady w kasynach eSport &#8211; to nie tylko hobby i pasja dla wi\u0119kszo\u015bci z nas, ale jednocze\u015bnie, je\u015bli dobrze si\u0119 na tym znasz, \u015bwietny spos\u00f3b na uzyskanie dodatkowego dochodu.<\/p>\n<p>W e-sporcie odbywaj\u0105 si\u0119 tak zwane turnieje, w kt\u00f3rych nagradzani s\u0105 najlepsi gracze. W takich e-sportach regularnie odbywaj\u0105 si\u0119 nawet mistrzostwa \u015bwiata. Dzi\u0119ki temu fanatycy e-sportu mog\u0105 obstawia\u0107 swoje ulubione dru\u017cyny i graczy online.  <\/p>\n<p>W poni\u017cszym artykule dowiesz si\u0119 wszystkiego, co musisz wiedzie\u0107 o zak\u0142adach eSportowych, takich jak gracze, na kt\u00f3rych mo\u017cesz obstawia\u0107 w eSporcie, na co musisz uwa\u017ca\u0107 itp. Otrzymasz od nas ekskluzywne informacje o tym, na co musisz zwr\u00f3ci\u0107 uwag\u0119. Chcemy da\u0107 ci wskaz\u00f3wki, kt\u00f3re pomog\u0105 ci odnie\u015b\u0107 sukces w \u015bwiecie zak\u0142ad\u00f3w eSportowych, aby\u015b m\u00f3g\u0142 odnie\u015b\u0107 sukces.  <\/p>\n\t\t\t\t\t\t\t\t<\/div>\n\t\t\t\t<\/div>\n\t\t\t\t<div class=\"elementor-element elementor-element-9bc958b elementor-button-success elementor-widget elementor-widget-button\" data-id=\"9bc958b\" data-element_type=\"widget\" data-widget_type=\"button.default\">\n\t\t\t\t<div class=\"elementor-widget-container\">\n\t\t\t\t\t\t\t\t\t<div class=\"elementor-button-wrapper\">\n\t\t\t\t\t<a class=\"elementor-button elementor-button-link elementor-size-sm\" href=\"https:\/\/lvbet.com\/sports\/en\/esport\/\" target=\"_blank\">\n\t\t\t\t\t\t<span class=\"elementor-button-content-wrapper\">\n\t\t\t\t\t\t\t\t\t<span class=\"elementor-button-text\">Zak\u0142ady na Epsort z LVBet  <\/span>\n\t\t\t\t\t<\/span>\n\t\t\t\t\t<\/a>\n\t\t\t\t<\/div>\n\t\t\t\t\t\t\t\t<\/div>\n\t\t\t\t<\/div>\n\t\t\t\t<div class=\"elementor-element elementor-element-bcac7df elementor-widget elementor-widget-heading\" data-id=\"bcac7df\" data-element_type=\"widget\" data-widget_type=\"heading.default\">\n\t\t\t\t<div class=\"elementor-widget-container\">\n\t\t\t\t\t<h3 class=\"elementor-heading-title elementor-size-default\">Czym dok\u0142adnie s\u0105 zak\u0142ady eSportowe?<\/h3>\t\t\t\t<\/div>\n\t\t\t\t<\/div>\n\t\t\t\t<div class=\"elementor-element elementor-element-3426893 elementor-widget elementor-widget-text-editor\" data-id=\"3426893\" data-element_type=\"widget\" data-widget_type=\"text-editor.default\">\n\t\t\t\t<div class=\"elementor-widget-container\">\n\t\t\t\t\t\t\t\t\t<p>Zak\u0142ady eSport w kasynach eSport nale\u017c\u0105 do nowszych rodzaj\u00f3w zak\u0142ad\u00f3w online. W ostatnich latach zainteresowanie eSportem stale ros\u0142o i obecnie jest to jedna z bardziej popularnych wersji zak\u0142ad\u00f3w online. W rezultacie liczba dostawc\u00f3w zak\u0142ad\u00f3w eSportowych stale ro\u015bnie. By\u0107 mo\u017ce znasz ju\u017c kogo\u015b, kto jest fanatykiem eSportu lub jest g\u0142\u0119boko zainteresowany t\u0105 dziedzin\u0105.   <\/p>\n\t\t\t\t\t\t\t\t<\/div>\n\t\t\t\t<\/div>\n\t\t\t\t<div class=\"elementor-element elementor-element-c3b9f87 elementor-widget elementor-widget-button\" data-id=\"c3b9f87\" data-element_type=\"widget\" data-widget_type=\"button.default\">\n\t\t\t\t<div class=\"elementor-widget-container\">\n\t\t\t\t\t\t\t\t\t<div class=\"elementor-button-wrapper\">\n\t\t\t\t\t<a class=\"elementor-button elementor-button-link elementor-size-sm\" href=\"#\">\n\t\t\t\t\t\t<span class=\"elementor-button-content-wrapper\">\n\t\t\t\t\t\t\t\t\t<span class=\"elementor-button-text\">Zak\u0142ady e-sportowe z Bitkingz<\/span>\n\t\t\t\t\t<\/span>\n\t\t\t\t\t<\/a>\n\t\t\t\t<\/div>\n\t\t\t\t\t\t\t\t<\/div>\n\t\t\t\t<\/div>\n\t\t\t\t<div class=\"elementor-element elementor-element-9d858c2 elementor-widget elementor-widget-heading\" data-id=\"9d858c2\" data-element_type=\"widget\" data-widget_type=\"heading.default\">\n\t\t\t\t<div class=\"elementor-widget-container\">\n\t\t\t\t\t<h3 class=\"elementor-heading-title elementor-size-default\">Jakie gry s\u0105 dost\u0119pne w eSports?<\/h3>\t\t\t\t<\/div>\n\t\t\t\t<\/div>\n\t\t\t\t<div class=\"elementor-element elementor-element-7ba9fd5 elementor-widget elementor-widget-text-editor\" data-id=\"7ba9fd5\" data-element_type=\"widget\" data-widget_type=\"text-editor.default\">\n\t\t\t\t<div class=\"elementor-widget-container\">\n\t\t\t\t\t\t\t\t\t<p>CS: GO jest jedn\u0105 z najpopularniejszych gier w <strong>zak\u0142adach<\/strong> eSportowych. To jednak stale si\u0119 zmienia ze wzgl\u0119du na wyk\u0142adniczy wzrost i stale rosn\u0105c\u0105 konkurencj\u0119. Nieustannie pojawiaj\u0105 si\u0119 nowe gry z gatunku Battle-Royale, w tym Fortnite i PUBG. Gry MOBA r\u00f3wnie\u017c zachowa\u0142y sw\u00f3j blask i przyci\u0105gn\u0119\u0142y graczy. LoL i DotA wci\u0105\u017c ciesz\u0105 si\u0119 dobrymi opiniami.    <\/p>\n<p><strong>Counterstrike Global Offensive,<\/strong> w skr\u00f3cie<strong> CSGO<\/strong>, to strzelanka stworzona przez Valve i Hidden Path Entertainment. Gra jest jedn\u0105 z gier wieloosobowych. W gr\u0119 mo\u017cna gra\u0107 na Windows, OS X, Xbox 360 i PlayStation 3. Gra zosta\u0142a opracowana w 2012 roku.   <\/p>\n<p><strong>Epic Games wyda\u0142o i opracowa\u0142o Fortnite w 2017 roku<\/strong>. Ta sieciowa gra wideo zawiera elementy kooperacyjnej strzelanki survivalowej i jest dost\u0119pna na Windows, Mac OS, Nintendo Switch, PlayStation 4, PlayStation 5, Xbox One, Xbox Series X i Android. <\/p>\n<p>Naszym ostatnim przyk\u0142adem jest gra <strong>LoL-League of Legends<\/strong>, kt\u00f3ra zosta\u0142a opracowana i opublikowana przez Riot Games. Jest to gra online dla wielu graczy, kt\u00f3ra rozgrywa si\u0119 na arenie bitewnej i jest dost\u0119pna na oprogramowanie Windows i Mac OS. <\/p>\n\t\t\t\t\t\t\t\t<\/div>\n\t\t\t\t<\/div>\n\t\t\t\t<\/div>\n\t\t<div class=\"elementor-element elementor-element-22f6be3 e-con-full e-flex e-con e-parent\" data-id=\"22f6be3\" data-element_type=\"container\">\n\t\t\t\t<div class=\"elementor-element elementor-element-78d5df1 elementor-widget elementor-widget-heading\" data-id=\"78d5df1\" data-element_type=\"widget\" data-widget_type=\"heading.default\">\n\t\t\t\t<div class=\"elementor-widget-container\">\n\t\t\t\t\t<h3 class=\"elementor-heading-title elementor-size-default\">Zak\u0142ady eSportowe vs zak\u0142ady sportowe?<\/h3>\t\t\t\t<\/div>\n\t\t\t\t<\/div>\n\t\t\t\t<div class=\"elementor-element elementor-element-007718b elementor-widget elementor-widget-text-editor\" data-id=\"007718b\" data-element_type=\"widget\" data-widget_type=\"text-editor.default\">\n\t\t\t\t<div class=\"elementor-widget-container\">\n\t\t\t\t\t\t\t\t\t<p>Je\u015bli por\u00f3wna\u0107 zak\u0142ady eSportowe z innymi popularnymi zak\u0142adami sportowymi, te dwa rodzaje zak\u0142ad\u00f3w na pierwszy rzut oka wygl\u0105daj\u0105 bardzo podobnie. Oba s\u0105 zwi\u0105zane z konkretnym sportem, ale zanim zaczniesz, powiniene\u015b dowiedzie\u0107 si\u0119 wi\u0119cej o tym gatunku, poniewa\u017c istniej\u0105 turnieje, mistrzostwa i rozgrywki pucharowe. Mo\u017cna wi\u0119c pomy\u015ble\u0107, \u017ce nie ma mi\u0119dzy nimi wi\u0119kszych r\u00f3\u017cnic. Zak\u0142ady online eSport powinny by\u0107 rozgrywane w taki sam spos\u00f3b, jak wszystkie inne rodzaje zak\u0142ad\u00f3w online, z mo\u017cliw\u0105 niewielk\u0105 r\u00f3\u017cnic\u0105 w finansowaniu i poszczeg\u00f3lnych dostawcach, co jednak nie stanowi du\u017cej r\u00f3\u017cnicy dla nich jako graczy.   <\/p>\n\t\t\t\t\t\t\t\t<\/div>\n\t\t\t\t<\/div>\n\t\t\t\t<div class=\"elementor-element elementor-element-049f4af elementor-widget elementor-widget-heading\" data-id=\"049f4af\" data-element_type=\"widget\" data-widget_type=\"heading.default\">\n\t\t\t\t<div class=\"elementor-widget-container\">\n\t\t\t\t\t<h3 class=\"elementor-heading-title elementor-size-default\">Najbardziej znane gry, na kt\u00f3re mo\u017cna obstawia\u0107<\/h3>\t\t\t\t<\/div>\n\t\t\t\t<\/div>\n\t\t\t\t<\/div>\n\t\t<div class=\"elementor-element elementor-element-4257928 e-con-full e-flex e-con e-parent\" data-id=\"4257928\" data-element_type=\"container\">\n\t\t\t\t<div class=\"elementor-element elementor-element-0a1e3a9 elementor-widget elementor-widget-text-editor\" data-id=\"0a1e3a9\" data-element_type=\"widget\" data-widget_type=\"text-editor.default\">\n\t\t\t\t<div class=\"elementor-widget-container\">\n\t\t\t\t\t\t\t\t\t<p>W nast\u0119pnym artykule dowiesz si\u0119 nieco wi\u0119cej o swoich dw\u00f3ch ulubionych grach eSportowych. Starali\u015bmy si\u0119 zaw\u0119zi\u0107 nasz wyb\u00f3r, aby u\u0142atwi\u0107 ci podj\u0119cie decyzji. B\u0119dziemy zatem odnosi\u0107 si\u0119 do gier CS: GO i LoL. Otrzyma\u0142e\u015b ju\u017c kluczowe dane techniczne gry, wi\u0119c mo\u017cemy teraz przej\u015b\u0107 do bardziej szczeg\u00f3\u0142owych informacji na jej temat.   <\/p>\n<p>Nadchodz\u0105ce rozgrywki ligowe, Riot Games LCS i wiosenne play-offy LCS pozwalaj\u0105 graczom na r\u00f3\u017cne rodzaje zak\u0142ad\u00f3w. Oczywi\u015bcie masz kilka opcji, wi\u0119c mo\u017cesz postawi\u0107 zwyci\u0119ski zak\u0142ad na to, kt\u00f3ra dru\u017cyna wygra lub na okre\u015blone osoby. <\/p>\n<p>W kasynach eSport mo\u017cna obstawia\u0107 r\u00f3\u017cne wydarzenia, kt\u00f3re mog\u0105 wyst\u0105pi\u0107 w grze LoL: Kt\u00f3ra dru\u017cyna otrzyma &#8222;Pierwsz\u0105 Krew&#8221;? Kt\u00f3ra dru\u017cyna jako pierwsza pokona Team Baron Nashor lub wygra gr\u0119 o\u0142\u00f3wkiem? Opr\u00f3cz zwyk\u0142ych zak\u0142ad\u00f3w, zak\u0142ady specjalne s\u0105 dost\u0119pne podczas du\u017cych turniej\u00f3w, takich jak League of Legends World Championship lub MSI.  <\/p>\n<p>Profesjonalna scena zak\u0142ad\u00f3w CS: GO jest dobrze znana i sta\u0142a si\u0119 jedn\u0105 z najbardziej wp\u0142ywowych w bran\u017cy. Najwy\u017cszej klasy dru\u017cyny i ich gracze stali si\u0119 kultowymi postaciami w spo\u0142eczno\u015bci, a coraz wi\u0119cej turniej\u00f3w ma wi\u0119ksze pule nagr\u00f3d ni\u017c kiedykolwiek wcze\u015bniej. ESL One Cologne jest obecnie g\u0142\u00f3wnym tematem dla wszystkich fan\u00f3w CS GO. Wkr\u00f3tce jednak zmieni si\u0119 to na FACEIT Major London, kt\u00f3ry z pewno\u015bci\u0105 b\u0119dzie widowiskiem. Nie ma w\u0105tpliwo\u015bci, \u017ce gra w CS: GO jest bardzo trudna, transfery s\u0105 cz\u0119ste i zmienne, gra jest nerwowa, a wyniki trudne do przewidzenia.    <\/p>\n\t\t\t\t\t\t\t\t<\/div>\n\t\t\t\t<\/div>\n\t\t\t\t<\/div>\n\t\t\t\t<\/div>\n\t\t","protected":false},"excerpt":{"rendered":"<p>Kasyna e-sportowe i zak\u0142ady w kasynach e-sportowych Kasyna e-sportowe i zak\u0142ady e-sportowe &#8211; szybko zmieniaj\u0105cy si\u0119 \u015bwiat aplikacji mobilnych Zak\u0142ady w kasynach eSport &#8211; to nie tylko hobby i pasja dla wi\u0119kszo\u015bci z nas, ale jednocze\u015bnie, je\u015bli dobrze si\u0119 na tym znasz, \u015bwietny spos\u00f3b na uzyskanie dodatkowego dochodu. W e-sporcie odbywaj\u0105 si\u0119 tak zwane turnieje, [&hellip;]<\/p>\n","protected":false},"author":1,"featured_media":0,"parent":0,"menu_order":0,"comment_status":"closed","ping_status":"closed","template":"","meta":{"footnotes":""},"class_list":["post-4631","page","type-page","status-publish","hentry"],"blocksy_meta":[],"acf":[],"yoast_head":"<!-- This site is optimized with the Yoast SEO plugin v24.1 - https:\/\/yoast.com\/wordpress\/plugins\/seo\/ -->\n<title>Kasyna eSport - casinoreturn<\/title>\n<meta name=\"description\" content=\"Kasyna eSport to osobny, ma\u0142y byt. Rosn\u0105ca mobilna spo\u0142eczno\u015b\u0107 eSportowa z fantastycznymi grami i interakcjami spo\u0142ecznymi.\" \/>\n<meta name=\"robots\" content=\"index, follow, max-snippet:-1, max-image-preview:large, max-video-preview:-1\" \/>\n<link rel=\"canonical\" href=\"https:\/\/casinoreturn.com\/pl\/kasyna-esport\/\" \/>\n<meta property=\"og:locale\" content=\"pl_PL\" \/>\n<meta property=\"og:type\" content=\"article\" \/>\n<meta property=\"og:title\" content=\"Kasyna eSport - casinoreturn\" \/>\n<meta property=\"og:description\" content=\"Kasyna eSport to osobny, ma\u0142y byt. Rosn\u0105ca mobilna spo\u0142eczno\u015b\u0107 eSportowa z fantastycznymi grami i interakcjami spo\u0142ecznymi.\" \/>\n<meta property=\"og:url\" content=\"https:\/\/casinoreturn.com\/pl\/kasyna-esport\/\" \/>\n<meta property=\"og:site_name\" content=\"casinoreturn\" \/>\n<meta property=\"article:modified_time\" content=\"2024-12-02T14:25:18+00:00\" \/>\n<meta property=\"og:image\" content=\"https:\/\/casinoreturn.com\/wp-content\/uploads\/2024\/11\/esport-casinos.jpg\" \/>\n\t<meta property=\"og:image:width\" content=\"360\" \/>\n\t<meta property=\"og:image:height\" content=\"360\" \/>\n\t<meta property=\"og:image:type\" content=\"image\/jpeg\" \/>\n<meta name=\"twitter:card\" content=\"summary_large_image\" \/>\n<meta name=\"twitter:label1\" content=\"Szacowany czas czytania\" \/>\n\t<meta name=\"twitter:data1\" content=\"4 minuty\" \/>\n<script type=\"application\/ld+json\" class=\"yoast-schema-graph\">{\"@context\":\"https:\/\/schema.org\",\"@graph\":[{\"@type\":\"WebPage\",\"@id\":\"https:\/\/casinoreturn.com\/pl\/kasyna-esport\/\",\"url\":\"https:\/\/casinoreturn.com\/pl\/kasyna-esport\/\",\"name\":\"Kasyna eSport - casinoreturn\",\"isPartOf\":{\"@id\":\"https:\/\/casinoreturn.com\/#website\"},\"primaryImageOfPage\":{\"@id\":\"https:\/\/casinoreturn.com\/pl\/kasyna-esport\/#primaryimage\"},\"image\":{\"@id\":\"https:\/\/casinoreturn.com\/pl\/kasyna-esport\/#primaryimage\"},\"thumbnailUrl\":\"https:\/\/casinoreturn.com\/wp-content\/uploads\/2024\/11\/esport-casinos.jpg\",\"datePublished\":\"2024-11-20T13:24:12+00:00\",\"dateModified\":\"2024-12-02T14:25:18+00:00\",\"description\":\"Kasyna eSport to osobny, ma\u0142y byt. Rosn\u0105ca mobilna spo\u0142eczno\u015b\u0107 eSportowa z fantastycznymi grami i interakcjami spo\u0142ecznymi.\",\"breadcrumb\":{\"@id\":\"https:\/\/casinoreturn.com\/pl\/kasyna-esport\/#breadcrumb\"},\"inLanguage\":\"pl-PL\",\"potentialAction\":[{\"@type\":\"ReadAction\",\"target\":[\"https:\/\/casinoreturn.com\/pl\/kasyna-esport\/\"]}]},{\"@type\":\"ImageObject\",\"inLanguage\":\"pl-PL\",\"@id\":\"https:\/\/casinoreturn.com\/pl\/kasyna-esport\/#primaryimage\",\"url\":\"https:\/\/casinoreturn.com\/wp-content\/uploads\/2024\/11\/esport-casinos.jpg\",\"contentUrl\":\"https:\/\/casinoreturn.com\/wp-content\/uploads\/2024\/11\/esport-casinos.jpg\"},{\"@type\":\"BreadcrumbList\",\"@id\":\"https:\/\/casinoreturn.com\/pl\/kasyna-esport\/#breadcrumb\",\"itemListElement\":[{\"@type\":\"ListItem\",\"position\":1,\"name\":\"Home\",\"item\":\"https:\/\/casinoreturn.com\/pl\/strona-glowna\/\"},{\"@type\":\"ListItem\",\"position\":2,\"name\":\"Kasyna eSport\"}]},{\"@type\":\"WebSite\",\"@id\":\"https:\/\/casinoreturn.com\/#website\",\"url\":\"https:\/\/casinoreturn.com\/\",\"name\":\"casinoreturn\",\"description\":\"\",\"publisher\":{\"@id\":\"https:\/\/casinoreturn.com\/#organization\"},\"potentialAction\":[{\"@type\":\"SearchAction\",\"target\":{\"@type\":\"EntryPoint\",\"urlTemplate\":\"https:\/\/casinoreturn.com\/?s={search_term_string}\"},\"query-input\":{\"@type\":\"PropertyValueSpecification\",\"valueRequired\":true,\"valueName\":\"search_term_string\"}}],\"inLanguage\":\"pl-PL\"},{\"@type\":\"Organization\",\"@id\":\"https:\/\/casinoreturn.com\/#organization\",\"name\":\"casinoreturn\",\"url\":\"https:\/\/casinoreturn.com\/\",\"logo\":{\"@type\":\"ImageObject\",\"inLanguage\":\"pl-PL\",\"@id\":\"https:\/\/casinoreturn.com\/#\/schema\/logo\/image\/\",\"url\":\"https:\/\/casinoreturn.com\/wp-content\/uploads\/2024\/09\/animal-favicon.png\",\"contentUrl\":\"https:\/\/casinoreturn.com\/wp-content\/uploads\/2024\/09\/animal-favicon.png\",\"width\":92,\"height\":92,\"caption\":\"casinoreturn\"},\"image\":{\"@id\":\"https:\/\/casinoreturn.com\/#\/schema\/logo\/image\/\"}}]}<\/script>\n<!-- \/ Yoast SEO plugin. -->","yoast_head_json":{"title":"Kasyna eSport - casinoreturn","description":"Kasyna eSport to osobny, ma\u0142y byt. Rosn\u0105ca mobilna spo\u0142eczno\u015b\u0107 eSportowa z fantastycznymi grami i interakcjami spo\u0142ecznymi.","robots":{"index":"index","follow":"follow","max-snippet":"max-snippet:-1","max-image-preview":"max-image-preview:large","max-video-preview":"max-video-preview:-1"},"canonical":"https:\/\/casinoreturn.com\/pl\/kasyna-esport\/","og_locale":"pl_PL","og_type":"article","og_title":"Kasyna eSport - casinoreturn","og_description":"Kasyna eSport to osobny, ma\u0142y byt. Rosn\u0105ca mobilna spo\u0142eczno\u015b\u0107 eSportowa z fantastycznymi grami i interakcjami spo\u0142ecznymi.","og_url":"https:\/\/casinoreturn.com\/pl\/kasyna-esport\/","og_site_name":"casinoreturn","article_modified_time":"2024-12-02T14:25:18+00:00","og_image":[{"width":360,"height":360,"url":"https:\/\/casinoreturn.com\/wp-content\/uploads\/2024\/11\/esport-casinos.jpg","type":"image\/jpeg"}],"twitter_card":"summary_large_image","twitter_misc":{"Szacowany czas czytania":"4 minuty"},"schema":{"@context":"https:\/\/schema.org","@graph":[{"@type":"WebPage","@id":"https:\/\/casinoreturn.com\/pl\/kasyna-esport\/","url":"https:\/\/casinoreturn.com\/pl\/kasyna-esport\/","name":"Kasyna eSport - casinoreturn","isPartOf":{"@id":"https:\/\/casinoreturn.com\/#website"},"primaryImageOfPage":{"@id":"https:\/\/casinoreturn.com\/pl\/kasyna-esport\/#primaryimage"},"image":{"@id":"https:\/\/casinoreturn.com\/pl\/kasyna-esport\/#primaryimage"},"thumbnailUrl":"https:\/\/casinoreturn.com\/wp-content\/uploads\/2024\/11\/esport-casinos.jpg","datePublished":"2024-11-20T13:24:12+00:00","dateModified":"2024-12-02T14:25:18+00:00","description":"Kasyna eSport to osobny, ma\u0142y byt. Rosn\u0105ca mobilna spo\u0142eczno\u015b\u0107 eSportowa z fantastycznymi grami i interakcjami spo\u0142ecznymi.","breadcrumb":{"@id":"https:\/\/casinoreturn.com\/pl\/kasyna-esport\/#breadcrumb"},"inLanguage":"pl-PL","potentialAction":[{"@type":"ReadAction","target":["https:\/\/casinoreturn.com\/pl\/kasyna-esport\/"]}]},{"@type":"ImageObject","inLanguage":"pl-PL","@id":"https:\/\/casinoreturn.com\/pl\/kasyna-esport\/#primaryimage","url":"https:\/\/casinoreturn.com\/wp-content\/uploads\/2024\/11\/esport-casinos.jpg","contentUrl":"https:\/\/casinoreturn.com\/wp-content\/uploads\/2024\/11\/esport-casinos.jpg"},{"@type":"BreadcrumbList","@id":"https:\/\/casinoreturn.com\/pl\/kasyna-esport\/#breadcrumb","itemListElement":[{"@type":"ListItem","position":1,"name":"Home","item":"https:\/\/casinoreturn.com\/pl\/strona-glowna\/"},{"@type":"ListItem","position":2,"name":"Kasyna eSport"}]},{"@type":"WebSite","@id":"https:\/\/casinoreturn.com\/#website","url":"https:\/\/casinoreturn.com\/","name":"casinoreturn","description":"","publisher":{"@id":"https:\/\/casinoreturn.com\/#organization"},"potentialAction":[{"@type":"SearchAction","target":{"@type":"EntryPoint","urlTemplate":"https:\/\/casinoreturn.com\/?s={search_term_string}"},"query-input":{"@type":"PropertyValueSpecification","valueRequired":true,"valueName":"search_term_string"}}],"inLanguage":"pl-PL"},{"@type":"Organization","@id":"https:\/\/casinoreturn.com\/#organization","name":"casinoreturn","url":"https:\/\/casinoreturn.com\/","logo":{"@type":"ImageObject","inLanguage":"pl-PL","@id":"https:\/\/casinoreturn.com\/#\/schema\/logo\/image\/","url":"https:\/\/casinoreturn.com\/wp-content\/uploads\/2024\/09\/animal-favicon.png","contentUrl":"https:\/\/casinoreturn.com\/wp-content\/uploads\/2024\/09\/animal-favicon.png","width":92,"height":92,"caption":"casinoreturn"},"image":{"@id":"https:\/\/casinoreturn.com\/#\/schema\/logo\/image\/"}}]}},"_links":{"self":[{"href":"https:\/\/casinoreturn.com\/pl\/wp-json\/wp\/v2\/pages\/4631","targetHints":{"allow":["GET"]}}],"collection":[{"href":"https:\/\/casinoreturn.com\/pl\/wp-json\/wp\/v2\/pages"}],"about":[{"href":"https:\/\/casinoreturn.com\/pl\/wp-json\/wp\/v2\/types\/page"}],"author":[{"embeddable":true,"href":"https:\/\/casinoreturn.com\/pl\/wp-json\/wp\/v2\/users\/1"}],"replies":[{"embeddable":true,"href":"https:\/\/casinoreturn.com\/pl\/wp-json\/wp\/v2\/comments?post=4631"}],"version-history":[{"count":1,"href":"https:\/\/casinoreturn.com\/pl\/wp-json\/wp\/v2\/pages\/4631\/revisions"}],"predecessor-version":[{"id":4632,"href":"https:\/\/casinoreturn.com\/pl\/wp-json\/wp\/v2\/pages\/4631\/revisions\/4632"}],"wp:attachment":[{"href":"https:\/\/casinoreturn.com\/pl\/wp-json\/wp\/v2\/media?parent=4631"}],"curies":[{"name":"wp","href":"https:\/\/api.w.org\/{rel}","templated":true}]}}