{"id":4656,"date":"2024-11-21T14:27:34","date_gmt":"2024-11-21T14:27:34","guid":{"rendered":"https:\/\/casinoreturn.com\/baccarat-online\/"},"modified":"2024-12-02T18:01:53","modified_gmt":"2024-12-02T18:01:53","slug":"baccarat-online","status":"publish","type":"page","link":"https:\/\/casinoreturn.com\/pl\/baccarat-online\/","title":{"rendered":"Baccarat online"},"content":{"rendered":"\t\t<div data-elementor-type=\"wp-page\" data-elementor-id=\"4656\" class=\"elementor elementor-4656\" data-elementor-post-type=\"page\">\n\t\t\t\t<div class=\"elementor-element elementor-element-54716bf e-con-full e-flex e-con e-parent\" data-id=\"54716bf\" data-element_type=\"container\">\n\t\t\t\t<div class=\"elementor-element elementor-element-e1d0de2 elementor-widget elementor-widget-image\" data-id=\"e1d0de2\" data-element_type=\"widget\" data-widget_type=\"image.default\">\n\t\t\t\t<div class=\"elementor-widget-container\">\n\t\t\t\t\t\t\t\t\t\t\t\t\t\t\t<img fetchpriority=\"high\" decoding=\"async\" width=\"376\" height=\"250\" src=\"https:\/\/casinoreturn.com\/wp-content\/uploads\/2024\/11\/Online-Baccarat.png\" class=\"attachment-large size-large wp-image-3744\" alt=\"Online Baccarat\" srcset=\"https:\/\/casinoreturn.com\/wp-content\/uploads\/2024\/11\/Online-Baccarat.png 376w, https:\/\/casinoreturn.com\/wp-content\/uploads\/2024\/11\/Online-Baccarat-300x199.png 300w\" sizes=\"(max-width: 376px) 100vw, 376px\" \/>\t\t\t\t\t\t\t\t\t\t\t\t\t\t\t<\/div>\n\t\t\t\t<\/div>\n\t\t\t\t<div class=\"elementor-element elementor-element-94a1cbc elementor-widget elementor-widget-heading\" data-id=\"94a1cbc\" data-element_type=\"widget\" data-widget_type=\"heading.default\">\n\t\t\t\t<div class=\"elementor-widget-container\">\n\t\t\t\t\t<h2 class=\"elementor-heading-title elementor-size-default\">Zasady i informacje dotycz\u0105ce bakarata online<\/h2>\t\t\t\t<\/div>\n\t\t\t\t<\/div>\n\t\t\t\t<div class=\"elementor-element elementor-element-0c38f38 elementor-button-success elementor-align-center elementor-widget elementor-widget-button\" data-id=\"0c38f38\" data-element_type=\"widget\" data-widget_type=\"button.default\">\n\t\t\t\t<div class=\"elementor-widget-container\">\n\t\t\t\t\t\t\t\t\t<div class=\"elementor-button-wrapper\">\n\t\t\t\t\t<a class=\"elementor-button elementor-button-link elementor-size-sm\" href=\"#\">\n\t\t\t\t\t\t<span class=\"elementor-button-content-wrapper\">\n\t\t\t\t\t\t\t\t\t<span class=\"elementor-button-text\">Zagraj w Baccarat tutaj  <\/span>\n\t\t\t\t\t<\/span>\n\t\t\t\t\t<\/a>\n\t\t\t\t<\/div>\n\t\t\t\t\t\t\t\t<\/div>\n\t\t\t\t<\/div>\n\t\t\t\t<\/div>\n\t\t<div class=\"elementor-element elementor-element-8c4d838 e-con-full e-flex e-con e-parent\" data-id=\"8c4d838\" data-element_type=\"container\">\n\t\t\t\t<div class=\"elementor-element elementor-element-e7305df elementor-widget elementor-widget-text-editor\" data-id=\"e7305df\" data-element_type=\"widget\" data-widget_type=\"text-editor.default\">\n\t\t\t\t<div class=\"elementor-widget-container\">\n\t\t\t\t\t\t\t\t\t<p>Zasady gry w bakarata online. Ten artyku\u0142 przedstawia popularn\u0105 gr\u0119 slotow\u0105 Baccarat Online. Uwa\u017ca si\u0119, \u017ce gra ta powsta\u0142a w XVI wieku w Neapolu. Jednak od tego momentu gra rozprzestrzeni\u0142a si\u0119 na ca\u0142ym \u015bwiecie i jest jednym z najpopularniejszych klasycznych automat\u00f3w do gry. Szczeg\u00f3lnie w regionie azjatyckim gra Baccarat jest dobrze znana i jest jedn\u0105 z ulubionych w salonach gier. Wi\u0119kszo\u015b\u0107 sto\u0142\u00f3w do bakarata mo\u017cna znale\u017a\u0107 w Makau.     <\/p>\n<p>Zalet\u0105 bakarata jest to, \u017ce jest \u0142atwy do nauczenia i ma du\u017ce szanse na wygran\u0105. Poniewa\u017c obstawiasz tylko wynik gry w baccarat, nie musisz samodzielnie uczy\u0107 si\u0119 skomplikowanych strategii, aby skorzysta\u0107 z dobrego wska\u017anika wyp\u0142at &#8211; w przeciwie\u0144stwie do blackjacka, na przyk\u0142ad baccarat. gdzie masz tylko mo\u017cliwo\u015b\u0107 zinternalizowania przynajmniej podstawowego planu. Z biegiem czasu ewoluowa\u0142o wiele wariant\u00f3w bakarata w kasynach online, a dzi\u015b chcemy przedstawi\u0107 tylko najpopularniejszy wariant, &#8222;Punto Banco&#8221;, poniewa\u017c jest to zdecydowanie najcz\u0119\u015bciej u\u017cywana odmiana bakarata.     <\/p>\n\t\t\t\t\t\t\t\t<\/div>\n\t\t\t\t<\/div>\n\t\t\t\t<div class=\"elementor-element elementor-element-4ab8244 elementor-widget elementor-widget-heading\" data-id=\"4ab8244\" data-element_type=\"widget\" data-widget_type=\"heading.default\">\n\t\t\t\t<div class=\"elementor-widget-container\">\n\t\t\t\t\t<h2 class=\"elementor-heading-title elementor-size-default\">Jak gra\u0107 w bakarata?<\/h2>\t\t\t\t<\/div>\n\t\t\t\t<\/div>\n\t\t\t\t<\/div>\n\t\t<div class=\"elementor-element elementor-element-2538271 e-con-full e-flex e-con e-parent\" data-id=\"2538271\" data-element_type=\"container\">\n\t\t\t\t<div class=\"elementor-element elementor-element-c07f515 elementor-widget elementor-widget-text-editor\" data-id=\"c07f515\" data-element_type=\"widget\" data-widget_type=\"text-editor.default\">\n\t\t\t\t<div class=\"elementor-widget-container\">\n\t\t\t\t\t\t\t\t\t<p>Gra w bakarata online jest bardzo t\u0119pa, poniewa\u017c dyrektor artystyczny sprawia, \u017ce ca\u0142a praca jest jeszcze wi\u0119ksza, wi\u0119c musisz zdecydowa\u0107 ze sob\u0105, kt\u00f3ra osoba od teraz zdob\u0119dzie mistrzostwo, instytucja finansowa czy gracze. Identyfikatory s\u0105 troch\u0119 myl\u0105ce, zw\u0142aszcza \u017ce gracz nie jest prawdziwym graczem w bakarata &#8211; a nie wirtualnym graczem. Tak wi\u0119c, sam w sobie, jeden zak\u0142ad z bakaratem na to, czy jedna lub opcja wygrywa przewag\u0119. Jedyn\u0105 rozbie\u017cno\u015bci\u0105 w stosunku do obu stron jest to, w kt\u00f3rym momencie opcja musi zosta\u0107 wylosowana.   <\/p>\n<p>Aby \u015bledzi\u0107 baccarat, musisz \u015bledzi\u0107, ile wart jest taki bilet. Ekspert zawsze ma numer 1 w kontek\u015bcie baccarat &#8211; w przeciwnym razie identyczny-blackjack, gdzie ten ekspert mo\u017ce r\u00f3wnie\u017c zaakceptowa\u0107 numer 11. Numer 2 pojawia si\u0119 tylko wtedy, gdy 9 w bakaracie; jednak poza tym. . wydrukowana liczba (identyczna w kontek\u015bcie blackjacka). Karty zakryte (walet, dama, kr\u00f3l) s\u0105 warte 0 punkt\u00f3w w bakaracie &#8211; w blackjacku takie karty zdobywaj\u0105 liczb\u0119 po stronie 10 za ka\u017cdym razem.      <\/p>\n\t\t\t\t\t\t\t\t<\/div>\n\t\t\t\t<\/div>\n\t\t\t\t<div class=\"elementor-element elementor-element-e180f40 elementor-widget elementor-widget-heading\" data-id=\"e180f40\" data-element_type=\"widget\" data-widget_type=\"heading.default\">\n\t\t\t\t<div class=\"elementor-widget-container\">\n\t\t\t\t\t<h3 class=\"elementor-heading-title elementor-size-default\">Prawdopodobie\u0144stwo i zasady gry w bakarata:<\/h3>\t\t\t\t<\/div>\n\t\t\t\t<\/div>\n\t\t\t\t<div class=\"elementor-element elementor-element-189f9a7 elementor-widget elementor-widget-text-editor\" data-id=\"189f9a7\" data-element_type=\"widget\" data-widget_type=\"text-editor.default\">\n\t\t\t\t<div class=\"elementor-widget-container\">\n\t\t\t\t\t\t\t\t\t<p>Zacznijmy od kurs\u00f3w. Prawdopodobie\u0144stwo, \u017ce mecz zako\u0144czy si\u0119 remisem wynosi 14. 12%. Je\u015bli masz racj\u0119 z tym zak\u0142adem, Tw\u00f3j zak\u0142ad zostanie wyp\u0142acony w stosunku 8:1 &#8211; imponuj\u0105ca kwota, raczej na niekorzy\u015b\u0107 gracza, podczas gdy inne zak\u0142ady maj\u0105 d\u0142ugoterminow\u0105 szans\u0119 na wygran\u0105. Szanse pozosta\u0142ych dw\u00f3ch graczy wynosz\u0105 oko\u0142o 50%, wi\u0119c bank ma tutaj niewielk\u0105 przewag\u0119. Przewaga kasyna w bakaracie jest gwarantowana przez prowizj\u0119 w wysoko\u015bci 5% tylko w przypadku wygranej kasyna, w przeciwnym razie gra by\u0142aby do\u015b\u0107 uczciwa. Najwi\u0119ksza szansa na wygran\u0105 jest zdecydowanie przy obstawianiu &#8222;Banco&#8221;, poniewa\u017c przewaga kasyna spada tutaj do 1,06% &#8211; jest to jeden z najlepszych kurs\u00f3w ze wszystkich gier slotowych.       <\/p>\n<p>Przejdziemy teraz do zasad. Gra zazwyczaj rozpoczyna si\u0119 po wniesieniu zak\u0142ad\u00f3w, przy czym wszystkie decyzje podejmowane s\u0105 w pe\u0142ni automatycznie, dzi\u0119ki czemu gracz mo\u017ce z entuzjazmem \u015bledzi\u0107 przebieg rundy. Niekt\u00f3re zasady okre\u015blaj\u0105, kiedy gracz otrzymuje kolejn\u0105 kart\u0119, a kiedy nie. Jest to r\u00f3wnie\u017c bardzo podobne do procedury blackjacka &#8211; jedyn\u0105 r\u00f3\u017cnic\u0105 jest to, \u017ce baccarat wymaga obu graczy. Poniewa\u017c zasady dobierania kart r\u00f3\u017cni\u0105 si\u0119 nieznacznie w zale\u017cno\u015bci od wariantu bakarata i nie s\u0105 konieczne do prawdziwego zrozumienia gry, na razie pozostawimy te wyja\u015bnienia na boku.    <\/p>\n\t\t\t\t\t\t\t\t<\/div>\n\t\t\t\t<\/div>\n\t\t\t\t<div class=\"elementor-element elementor-element-e0a4023 elementor-widget elementor-widget-heading\" data-id=\"e0a4023\" data-element_type=\"widget\" data-widget_type=\"heading.default\">\n\t\t\t\t<div class=\"elementor-widget-container\">\n\t\t\t\t\t<h3 class=\"elementor-heading-title elementor-size-default\">Wskaz\u00f3wki dotycz\u0105ce bakarata dla pocz\u0105tkuj\u0105cych<\/h3>\t\t\t\t<\/div>\n\t\t\t\t<\/div>\n\t\t\t\t<div class=\"elementor-element elementor-element-f5ddc21 elementor-widget elementor-widget-text-editor\" data-id=\"f5ddc21\" data-element_type=\"widget\" data-widget_type=\"text-editor.default\">\n\t\t\t\t<div class=\"elementor-widget-container\">\n\t\t\t\t\t\t\t\t\t<p>Je\u015bli dopiero zaczynasz przygod\u0119 z gr\u0105 w bakarata, najlepsze porady i wskaz\u00f3wki znajdziesz na BestCasinoListe.com. <\/p>\n<p>Zbierzesz najlepsze wskaz\u00f3wki i triki, siedz\u0105c przy stole do bakarata i pocz\u0105tkowo stawiaj\u0105c ma\u0142y minimalny zak\u0142ad, aby unikn\u0105\u0107 du\u017cych strat. Dzi\u0119ki do\u015bwiadczeniu mo\u017cesz r\u00f3wnie\u017c rozwin\u0105\u0107 swoje wyczucie bakarata. Wskaz\u00f3wka od nas: Nie obstawiaj remisu, poniewa\u017c wtedy szanse na wygran\u0105 s\u0105 najni\u017csze. Je\u015bli ogl\u0105dasz stare filmy o Jamesie Bondzie, mo\u017cesz r\u00f3wnie\u017c skorzysta\u0107 z kilku wskaz\u00f3wek.   <\/p>\n\t\t\t\t\t\t\t\t<\/div>\n\t\t\t\t<\/div>\n\t\t\t\t<div class=\"elementor-element elementor-element-1a432e1 elementor-widget elementor-widget-heading\" data-id=\"1a432e1\" data-element_type=\"widget\" data-widget_type=\"heading.default\">\n\t\t\t\t<div class=\"elementor-widget-container\">\n\t\t\t\t\t<h3 class=\"elementor-heading-title elementor-size-default\">Najlepsze strategie gry w bakarata:<\/h3>\t\t\t\t<\/div>\n\t\t\t\t<\/div>\n\t\t\t\t<div class=\"elementor-element elementor-element-00a0cfd elementor-widget elementor-widget-text-editor\" data-id=\"00a0cfd\" data-element_type=\"widget\" data-widget_type=\"text-editor.default\">\n\t\t\t\t<div class=\"elementor-widget-container\">\n\t\t\t\t\t\t\t\t\t<p>Wiek bakarata doprowadzi\u0142 z czasem do rozwoju interesuj\u0105cych strategii; w szczeg\u00f3lno\u015bci \u0142atwo\u015b\u0107 zrozumienia bakarata i jasne mo\u017cliwo\u015bci obstawiania sprzyja\u0142y jego rozwojowi, poniewa\u017c obstawianie jednego z dw\u00f3ch graczy jest prawie identyczne z zak\u0142adem 50:50, mo\u017cesz u\u017cy\u0107 prawie ka\u017cdej strategii w bakaracie.<\/p>\n\t\t\t\t\t\t\t\t<\/div>\n\t\t\t\t<\/div>\n\t\t\t\t<div class=\"elementor-element elementor-element-d7ac299 elementor-widget elementor-widget-heading\" data-id=\"d7ac299\" data-element_type=\"widget\" data-widget_type=\"heading.default\">\n\t\t\t\t<div class=\"elementor-widget-container\">\n\t\t\t\t\t<h3 class=\"elementor-heading-title elementor-size-default\">Strategia Baccarat Martingale  <\/h3>\t\t\t\t<\/div>\n\t\t\t\t<\/div>\n\t\t\t\t<div class=\"elementor-element elementor-element-c070242 elementor-widget elementor-widget-text-editor\" data-id=\"c070242\" data-element_type=\"widget\" data-widget_type=\"text-editor.default\">\n\t\t\t\t<div class=\"elementor-widget-container\">\n\t\t\t\t\t\t\t\t\t<p>Dzi\u0119ki strategii Martingale podwajasz sw\u00f3j zak\u0142ad przy ka\u017cdej przegranej. Dzi\u0119ki temu podej\u015bciu krok po kroku mo\u017cesz odzyska\u0107 wszystkie stracone pieni\u0105dze, je\u015bli wygrasz. System ten jest oceniany jako \u015brednio bezpieczny i ma t\u0119 wad\u0119, \u017ce mo\u017cesz potrzebowa\u0107 du\u017cych kwot bardzo szybko, aby m\u00f3c podwoi\u0107 sw\u00f3j zak\u0142ad.  <\/p>\n<p><strong>S\u0142owa systemowe:<\/strong><\/p>\n<p>System Paroli jest stosunkowo podobny do systemu Martingale, z t\u0105 zasadnicz\u0105 r\u00f3\u017cnic\u0105, \u017ce tutaj zwi\u0119kszasz sw\u00f3j zak\u0142ad, je\u015bli wygrasz, je\u015bli przegrasz rund\u0119, zmniejszasz sw\u00f3j zak\u0142ad w wyniku wygranej, jak podw\u00f3jne s\u0142owa. Cel zysku nie powinien by\u0107 zbyt wysoki, w przeciwnym razie rzadko lub nigdy go nie osi\u0105gniesz. Potr\u00f3jne s\u0142owo powinno by\u0107 g\u00f3rnym limitem dla umiarkowanych graczy.  <\/p>\n\t\t\t\t\t\t\t\t<\/div>\n\t\t\t\t<\/div>\n\t\t\t\t<div class=\"elementor-element elementor-element-564c748 elementor-widget elementor-widget-heading\" data-id=\"564c748\" data-element_type=\"widget\" data-widget_type=\"heading.default\">\n\t\t\t\t<div class=\"elementor-widget-container\">\n\t\t\t\t\t<h3 class=\"elementor-heading-title elementor-size-default\">System Baccarat D'Lamberet:<\/h3>\t\t\t\t<\/div>\n\t\t\t\t<\/div>\n\t\t\t\t<div class=\"elementor-element elementor-element-5db5e79 elementor-widget elementor-widget-text-editor\" data-id=\"5db5e79\" data-element_type=\"widget\" data-widget_type=\"text-editor.default\">\n\t\t\t\t<div class=\"elementor-widget-container\">\n\t\t\t\t\t\t\t\t\t<p>System Lamberet jest uwa\u017cany za jeden z najbezpieczniejszych system\u00f3w hazardowych, ale oznacza to r\u00f3wnie\u017c, \u017ce nie jest mo\u017cliwe szybkie osi\u0105gni\u0119cie du\u017cych zysk\u00f3w. W tym systemie zak\u0142ad zmienia si\u0119 nawet po ka\u017cdym obrocie. Je\u015bli wygrasz, zwi\u0119kszasz stawk\u0119 o jedn\u0105 jednostk\u0119. Je\u015bli przegrasz, zmniejszasz zak\u0142ad o jedn\u0105 jednostk\u0119, dzi\u0119ki czemu uzyskujesz bardzo zr\u00f3wnowa\u017cony bankroll i pozostajesz w grze przez d\u0142ugi czas.   <\/p>\n\t\t\t\t\t\t\t\t<\/div>\n\t\t\t\t<\/div>\n\t\t\t\t<div class=\"elementor-element elementor-element-93e79b3 elementor-widget elementor-widget-text-editor\" data-id=\"93e79b3\" data-element_type=\"widget\" data-widget_type=\"text-editor.default\">\n\t\t\t\t<div class=\"elementor-widget-container\">\n\t\t\t\t\t\t\t\t\t<p><strong>Wnioski<\/strong>:<\/p>\n<p>Mamy nadziej\u0119, \u017ce podoba\u0142 Ci si\u0119 nasz artyku\u0142 na temat bakarata i zrozumia\u0142e\u015b ju\u017c podstawy tej gry. Zaufaj nam, nie ma prostszej gry slotowej. Wi\u0119c nast\u0119pnym razem, gdy odwiedzisz salon gier, odwa\u017c si\u0119 skorzysta\u0107 ze sto\u0142u do bakarata i wykorzystaj minimaln\u0105 przewag\u0119 kasyna, kt\u00f3ra daje ci szans\u0119 na du\u017cy zysk. To samo dotyczy gry baccarat online &#8211; powiniene\u015b wypr\u00f3bowa\u0107 baccarat online na \u017cywo!   <\/p>\n\t\t\t\t\t\t\t\t<\/div>\n\t\t\t\t<\/div>\n\t\t\t\t<div class=\"elementor-element elementor-element-f5f08ad elementor-button-success elementor-align-center elementor-widget elementor-widget-button\" data-id=\"f5f08ad\" data-element_type=\"widget\" data-widget_type=\"button.default\">\n\t\t\t\t<div class=\"elementor-widget-container\">\n\t\t\t\t\t\t\t\t\t<div class=\"elementor-button-wrapper\">\n\t\t\t\t\t<a class=\"elementor-button elementor-button-link elementor-size-sm\" href=\"#\">\n\t\t\t\t\t\t<span class=\"elementor-button-content-wrapper\">\n\t\t\t\t\t\t\t\t\t<span class=\"elementor-button-text\">Zagraj w Baccarat tutaj<\/span>\n\t\t\t\t\t<\/span>\n\t\t\t\t\t<\/a>\n\t\t\t\t<\/div>\n\t\t\t\t\t\t\t\t<\/div>\n\t\t\t\t<\/div>\n\t\t\t\t<div class=\"elementor-element elementor-element-7fe8f30 elementor-headline--style-highlight elementor-widget elementor-widget-animated-headline\" data-id=\"7fe8f30\" data-element_type=\"widget\" data-settings=\"{&quot;highlighted_text&quot;:&quot;Kasyno Zinkra&quot;,&quot;headline_style&quot;:&quot;highlight&quot;,&quot;marker&quot;:&quot;circle&quot;,&quot;loop&quot;:&quot;yes&quot;,&quot;highlight_animation_duration&quot;:1200,&quot;highlight_iteration_delay&quot;:8000}\" data-widget_type=\"animated-headline.default\">\n\t\t\t\t<div class=\"elementor-widget-container\">\n\t\t\t\t\t\t\t\t<a href=\"https:\/\/zinkra.com\/en\/home\" target=\"_blank\">\n\n\t\t\t\t\t<h3 class=\"elementor-headline\">\n\t\t\t\t\t<span class=\"elementor-headline-plain-text elementor-headline-text-wrapper\">Redaktorzy Top Baccarat kasyno :  <\/span>\n\t\t\t\t<span class=\"elementor-headline-dynamic-wrapper elementor-headline-text-wrapper\">\n\t\t\t\t\t<span class=\"elementor-headline-dynamic-text elementor-headline-text-active\">Kasyno Zinkra<\/span>\n\t\t\t\t<\/span>\n\t\t\t\t<\/h3>\n\t\t<\/a>\t\t\t\t<\/div>\n\t\t\t\t<\/div>\n\t\t\t\t<\/div>\n\t\t\t\t<\/div>\n\t\t","protected":false},"excerpt":{"rendered":"<p>Zasady i informacje dotycz\u0105ce bakarata online Zagraj w Baccarat tutaj Zasady gry w bakarata online. Ten artyku\u0142 przedstawia popularn\u0105 gr\u0119 slotow\u0105 Baccarat Online. Uwa\u017ca si\u0119, \u017ce gra ta powsta\u0142a w XVI wieku w Neapolu. Jednak od tego momentu gra rozprzestrzeni\u0142a si\u0119 na ca\u0142ym \u015bwiecie i jest jednym z najpopularniejszych klasycznych automat\u00f3w do gry. Szczeg\u00f3lnie w [&hellip;]<\/p>\n","protected":false},"author":1,"featured_media":0,"parent":0,"menu_order":0,"comment_status":"closed","ping_status":"closed","template":"","meta":{"footnotes":""},"class_list":["post-4656","page","type-page","status-publish","hentry"],"blocksy_meta":[],"acf":[],"yoast_head":"<!-- This site is optimized with the Yoast SEO plugin v24.1 - https:\/\/yoast.com\/wordpress\/plugins\/seo\/ -->\n<title>Baccarat online - casinoreturn<\/title>\n<meta name=\"description\" content=\"Baccarat online to jedna z najstarszych znanych gier, pochodz\u0105ca z Neapolu. Przeczytaj, jak gra\u0107 w Baccarat online tutaj.\" \/>\n<meta name=\"robots\" content=\"index, follow, max-snippet:-1, max-image-preview:large, max-video-preview:-1\" \/>\n<link rel=\"canonical\" href=\"https:\/\/casinoreturn.com\/pl\/baccarat-online\/\" \/>\n<meta property=\"og:locale\" content=\"pl_PL\" \/>\n<meta property=\"og:type\" content=\"article\" \/>\n<meta property=\"og:title\" content=\"Baccarat online - casinoreturn\" \/>\n<meta property=\"og:description\" content=\"Baccarat online to jedna z najstarszych znanych gier, pochodz\u0105ca z Neapolu. Przeczytaj, jak gra\u0107 w Baccarat online tutaj.\" \/>\n<meta property=\"og:url\" content=\"https:\/\/casinoreturn.com\/pl\/baccarat-online\/\" \/>\n<meta property=\"og:site_name\" content=\"casinoreturn\" \/>\n<meta property=\"article:modified_time\" content=\"2024-12-02T18:01:53+00:00\" \/>\n<meta property=\"og:image\" content=\"https:\/\/casinoreturn.com\/wp-content\/uploads\/2024\/11\/Online-Baccarat.png\" \/>\n\t<meta property=\"og:image:width\" content=\"376\" \/>\n\t<meta property=\"og:image:height\" content=\"250\" \/>\n\t<meta property=\"og:image:type\" content=\"image\/png\" \/>\n<meta name=\"twitter:card\" content=\"summary_large_image\" \/>\n<meta name=\"twitter:label1\" content=\"Szacowany czas czytania\" \/>\n\t<meta name=\"twitter:data1\" content=\"5 minut\" \/>\n<script type=\"application\/ld+json\" class=\"yoast-schema-graph\">{\"@context\":\"https:\/\/schema.org\",\"@graph\":[{\"@type\":\"WebPage\",\"@id\":\"https:\/\/casinoreturn.com\/pl\/baccarat-online\/\",\"url\":\"https:\/\/casinoreturn.com\/pl\/baccarat-online\/\",\"name\":\"Baccarat online - casinoreturn\",\"isPartOf\":{\"@id\":\"https:\/\/casinoreturn.com\/#website\"},\"primaryImageOfPage\":{\"@id\":\"https:\/\/casinoreturn.com\/pl\/baccarat-online\/#primaryimage\"},\"image\":{\"@id\":\"https:\/\/casinoreturn.com\/pl\/baccarat-online\/#primaryimage\"},\"thumbnailUrl\":\"https:\/\/casinoreturn.com\/wp-content\/uploads\/2024\/11\/Online-Baccarat.png\",\"datePublished\":\"2024-11-21T14:27:34+00:00\",\"dateModified\":\"2024-12-02T18:01:53+00:00\",\"description\":\"Baccarat online to jedna z najstarszych znanych gier, pochodz\u0105ca z Neapolu. Przeczytaj, jak gra\u0107 w Baccarat online tutaj.\",\"breadcrumb\":{\"@id\":\"https:\/\/casinoreturn.com\/pl\/baccarat-online\/#breadcrumb\"},\"inLanguage\":\"pl-PL\",\"potentialAction\":[{\"@type\":\"ReadAction\",\"target\":[\"https:\/\/casinoreturn.com\/pl\/baccarat-online\/\"]}]},{\"@type\":\"ImageObject\",\"inLanguage\":\"pl-PL\",\"@id\":\"https:\/\/casinoreturn.com\/pl\/baccarat-online\/#primaryimage\",\"url\":\"https:\/\/casinoreturn.com\/wp-content\/uploads\/2024\/11\/Online-Baccarat.png\",\"contentUrl\":\"https:\/\/casinoreturn.com\/wp-content\/uploads\/2024\/11\/Online-Baccarat.png\"},{\"@type\":\"BreadcrumbList\",\"@id\":\"https:\/\/casinoreturn.com\/pl\/baccarat-online\/#breadcrumb\",\"itemListElement\":[{\"@type\":\"ListItem\",\"position\":1,\"name\":\"Home\",\"item\":\"https:\/\/casinoreturn.com\/pl\/strona-glowna\/\"},{\"@type\":\"ListItem\",\"position\":2,\"name\":\"Baccarat online\"}]},{\"@type\":\"WebSite\",\"@id\":\"https:\/\/casinoreturn.com\/#website\",\"url\":\"https:\/\/casinoreturn.com\/\",\"name\":\"casinoreturn\",\"description\":\"\",\"publisher\":{\"@id\":\"https:\/\/casinoreturn.com\/#organization\"},\"potentialAction\":[{\"@type\":\"SearchAction\",\"target\":{\"@type\":\"EntryPoint\",\"urlTemplate\":\"https:\/\/casinoreturn.com\/?s={search_term_string}\"},\"query-input\":{\"@type\":\"PropertyValueSpecification\",\"valueRequired\":true,\"valueName\":\"search_term_string\"}}],\"inLanguage\":\"pl-PL\"},{\"@type\":\"Organization\",\"@id\":\"https:\/\/casinoreturn.com\/#organization\",\"name\":\"casinoreturn\",\"url\":\"https:\/\/casinoreturn.com\/\",\"logo\":{\"@type\":\"ImageObject\",\"inLanguage\":\"pl-PL\",\"@id\":\"https:\/\/casinoreturn.com\/#\/schema\/logo\/image\/\",\"url\":\"https:\/\/casinoreturn.com\/wp-content\/uploads\/2024\/09\/animal-favicon.png\",\"contentUrl\":\"https:\/\/casinoreturn.com\/wp-content\/uploads\/2024\/09\/animal-favicon.png\",\"width\":92,\"height\":92,\"caption\":\"casinoreturn\"},\"image\":{\"@id\":\"https:\/\/casinoreturn.com\/#\/schema\/logo\/image\/\"}}]}<\/script>\n<!-- \/ Yoast SEO plugin. -->","yoast_head_json":{"title":"Baccarat online - casinoreturn","description":"Baccarat online to jedna z najstarszych znanych gier, pochodz\u0105ca z Neapolu. Przeczytaj, jak gra\u0107 w Baccarat online tutaj.","robots":{"index":"index","follow":"follow","max-snippet":"max-snippet:-1","max-image-preview":"max-image-preview:large","max-video-preview":"max-video-preview:-1"},"canonical":"https:\/\/casinoreturn.com\/pl\/baccarat-online\/","og_locale":"pl_PL","og_type":"article","og_title":"Baccarat online - casinoreturn","og_description":"Baccarat online to jedna z najstarszych znanych gier, pochodz\u0105ca z Neapolu. Przeczytaj, jak gra\u0107 w Baccarat online tutaj.","og_url":"https:\/\/casinoreturn.com\/pl\/baccarat-online\/","og_site_name":"casinoreturn","article_modified_time":"2024-12-02T18:01:53+00:00","og_image":[{"width":376,"height":250,"url":"https:\/\/casinoreturn.com\/wp-content\/uploads\/2024\/11\/Online-Baccarat.png","type":"image\/png"}],"twitter_card":"summary_large_image","twitter_misc":{"Szacowany czas czytania":"5 minut"},"schema":{"@context":"https:\/\/schema.org","@graph":[{"@type":"WebPage","@id":"https:\/\/casinoreturn.com\/pl\/baccarat-online\/","url":"https:\/\/casinoreturn.com\/pl\/baccarat-online\/","name":"Baccarat online - casinoreturn","isPartOf":{"@id":"https:\/\/casinoreturn.com\/#website"},"primaryImageOfPage":{"@id":"https:\/\/casinoreturn.com\/pl\/baccarat-online\/#primaryimage"},"image":{"@id":"https:\/\/casinoreturn.com\/pl\/baccarat-online\/#primaryimage"},"thumbnailUrl":"https:\/\/casinoreturn.com\/wp-content\/uploads\/2024\/11\/Online-Baccarat.png","datePublished":"2024-11-21T14:27:34+00:00","dateModified":"2024-12-02T18:01:53+00:00","description":"Baccarat online to jedna z najstarszych znanych gier, pochodz\u0105ca z Neapolu. Przeczytaj, jak gra\u0107 w Baccarat online tutaj.","breadcrumb":{"@id":"https:\/\/casinoreturn.com\/pl\/baccarat-online\/#breadcrumb"},"inLanguage":"pl-PL","potentialAction":[{"@type":"ReadAction","target":["https:\/\/casinoreturn.com\/pl\/baccarat-online\/"]}]},{"@type":"ImageObject","inLanguage":"pl-PL","@id":"https:\/\/casinoreturn.com\/pl\/baccarat-online\/#primaryimage","url":"https:\/\/casinoreturn.com\/wp-content\/uploads\/2024\/11\/Online-Baccarat.png","contentUrl":"https:\/\/casinoreturn.com\/wp-content\/uploads\/2024\/11\/Online-Baccarat.png"},{"@type":"BreadcrumbList","@id":"https:\/\/casinoreturn.com\/pl\/baccarat-online\/#breadcrumb","itemListElement":[{"@type":"ListItem","position":1,"name":"Home","item":"https:\/\/casinoreturn.com\/pl\/strona-glowna\/"},{"@type":"ListItem","position":2,"name":"Baccarat online"}]},{"@type":"WebSite","@id":"https:\/\/casinoreturn.com\/#website","url":"https:\/\/casinoreturn.com\/","name":"casinoreturn","description":"","publisher":{"@id":"https:\/\/casinoreturn.com\/#organization"},"potentialAction":[{"@type":"SearchAction","target":{"@type":"EntryPoint","urlTemplate":"https:\/\/casinoreturn.com\/?s={search_term_string}"},"query-input":{"@type":"PropertyValueSpecification","valueRequired":true,"valueName":"search_term_string"}}],"inLanguage":"pl-PL"},{"@type":"Organization","@id":"https:\/\/casinoreturn.com\/#organization","name":"casinoreturn","url":"https:\/\/casinoreturn.com\/","logo":{"@type":"ImageObject","inLanguage":"pl-PL","@id":"https:\/\/casinoreturn.com\/#\/schema\/logo\/image\/","url":"https:\/\/casinoreturn.com\/wp-content\/uploads\/2024\/09\/animal-favicon.png","contentUrl":"https:\/\/casinoreturn.com\/wp-content\/uploads\/2024\/09\/animal-favicon.png","width":92,"height":92,"caption":"casinoreturn"},"image":{"@id":"https:\/\/casinoreturn.com\/#\/schema\/logo\/image\/"}}]}},"_links":{"self":[{"href":"https:\/\/casinoreturn.com\/pl\/wp-json\/wp\/v2\/pages\/4656","targetHints":{"allow":["GET"]}}],"collection":[{"href":"https:\/\/casinoreturn.com\/pl\/wp-json\/wp\/v2\/pages"}],"about":[{"href":"https:\/\/casinoreturn.com\/pl\/wp-json\/wp\/v2\/types\/page"}],"author":[{"embeddable":true,"href":"https:\/\/casinoreturn.com\/pl\/wp-json\/wp\/v2\/users\/1"}],"replies":[{"embeddable":true,"href":"https:\/\/casinoreturn.com\/pl\/wp-json\/wp\/v2\/comments?post=4656"}],"version-history":[{"count":1,"href":"https:\/\/casinoreturn.com\/pl\/wp-json\/wp\/v2\/pages\/4656\/revisions"}],"predecessor-version":[{"id":4657,"href":"https:\/\/casinoreturn.com\/pl\/wp-json\/wp\/v2\/pages\/4656\/revisions\/4657"}],"wp:attachment":[{"href":"https:\/\/casinoreturn.com\/pl\/wp-json\/wp\/v2\/media?parent=4656"}],"curies":[{"name":"wp","href":"https:\/\/api.w.org\/{rel}","templated":true}]}}