{"id":4970,"date":"2024-11-13T14:22:59","date_gmt":"2024-11-13T14:22:59","guid":{"rendered":"https:\/\/casinoreturn.com\/kasyna-bukmacherskie-obstawiajace-fantasy-football\/"},"modified":"2025-10-31T13:29:11","modified_gmt":"2025-10-31T13:29:11","slug":"kasyna-bukmacherskie-obstawiajace-fantasy-football","status":"publish","type":"page","link":"https:\/\/casinoreturn.com\/pl\/kasyna-bukmacherskie-obstawiajace-fantasy-football\/","title":{"rendered":"Kasyna bukmacherskie obstawiaj\u0105ce Fantasy Football"},"content":{"rendered":"\t\t<div data-elementor-type=\"wp-page\" data-elementor-id=\"4970\" class=\"elementor elementor-4970\" data-elementor-post-type=\"page\">\n\t\t\t\t<div class=\"elementor-element elementor-element-642d999 e-con-full e-flex e-con e-parent\" data-id=\"642d999\" data-element_type=\"container\">\n\t\t\t\t<div class=\"elementor-element elementor-element-d027b58 elementor-widget elementor-widget-image\" data-id=\"d027b58\" data-element_type=\"widget\" data-widget_type=\"image.default\">\n\t\t\t\t<div class=\"elementor-widget-container\">\n\t\t\t\t\t\t\t\t\t\t\t\t\t\t\t<img decoding=\"async\" src=\"https:\/\/casinoreturn.com\/wp-content\/uploads\/elementor\/thumbs\/Fantasy-Football-Casino-qx0213mld26kmw2y2bvw2cqpmcar1kh6oms60z1sr4.jpg\" title=\"Fantasy Football Casino\" alt=\"Fantasy Football Casino Betting\" loading=\"lazy\" \/>\t\t\t\t\t\t\t\t\t\t\t\t\t\t\t<\/div>\n\t\t\t\t<\/div>\n\t\t\t\t<div class=\"elementor-element elementor-element-1095682 elementor-widget elementor-widget-heading\" data-id=\"1095682\" data-element_type=\"widget\" data-widget_type=\"heading.default\">\n\t\t\t\t<div class=\"elementor-widget-container\">\n\t\t\t\t\t<h2 class=\"elementor-heading-title elementor-size-default\">Zak\u0142ady w kasynie Fantasy Football<\/h2>\t\t\t\t<\/div>\n\t\t\t\t<\/div>\n\t\t\t\t<div class=\"elementor-element elementor-element-77d5a60 elementor-widget elementor-widget-text-editor\" data-id=\"77d5a60\" data-element_type=\"widget\" data-widget_type=\"text-editor.default\">\n\t\t\t\t<div class=\"elementor-widget-container\">\n\t\t\t\t\t\t\t\t\t<h3>Czym jest fantasy football?<\/h3>\n<p>Czym dok\u0142adnie jest fantasy football? W ten spos\u00f3b mo\u017cesz zosta\u0107 dyrektorem generalnym swojej dru\u017cyny pi\u0142karskiej, w kt\u00f3rej Ty &#8211; i tylko Ty &#8211; decydujesz, kt\u00f3rych zawodnik\u00f3w chcesz. <\/p>\n<h5>Wyb\u00f3r w\u0142asnych graczy<\/h5>\n<p>Wybierasz list\u0119 zawodnik\u00f3w NFL do swojej dru\u017cyny i korzystasz z ich rzeczywistych danych, aby rywalizowa\u0107 z innymi podobnie wybranymi dru\u017cynami w celu ustalenia, kt\u00f3ry szef osi\u0105ga lepsze wyniki. W ka\u017cdym tygodniu sezonu futbolowego wyniki graczy, kt\u00f3rych umie\u015bcisz w wyj\u015bciowym sk\u0142adzie, decyduj\u0105 o sukcesie lub pora\u017cce twojej dru\u017cyny fantasy. <\/p>\n<h5>Zast\u0105p swoich graczy<\/h5>\n<p>Mo\u017cesz wybra\u0107 graczy zast\u0119pczych, kt\u00f3rzy siedz\u0105 na \u0142awce, pracowa\u0107 na wolnej linii, aby zdoby\u0107 gor\u0105ce elementy, lub spr\u00f3bowa\u0107 pozby\u0107 si\u0119 starzej\u0105cego si\u0119 weterana, zanim ko\u0142o spadnie, w zamian za nowicjusza, kt\u00f3ry wkr\u00f3tce zap\u0142onie. Po zarejestrowaniu si\u0119 w bibliotece gier online, wybierz najpierw swoj\u0105 ulubion\u0105 lig\u0119, a Tw\u00f3j pierwszy zak\u0142ad w Fantasy Football nie b\u0119dzie ju\u017c sta\u0142 na przeszkodzie! Wybieraj\u0105c lig\u0119, nale\u017cy r\u00f3wnie\u017c wzi\u0105\u0107 pod uwag\u0119 nast\u0119puj\u0105ce kwestie:  <\/p>\n<h4>Rzeczy do rozwa\u017cenia w Fantasy Football<\/h4>\n<p>Istniej\u0105 ligi r\u00f3\u017cnej wielko\u015bci i mo\u017cesz wybra\u0107, czy chcesz uczestniczy\u0107 tylko w czterech dru\u017cynach, czy nawet w 30. Im mniej w\u0142a\u015bcicieli, tym wi\u0119cej supergwiazd w ka\u017cdym sk\u0142adzie. Je\u015bli jednak twoja liga ma zbyt wiele dru\u017cyn i chcesz uk\u0142ada\u0107 sk\u0142ad raz w tygodniu, mo\u017cesz potrzebowa\u0107 zna\u0107 nazwisko close enda w czwartym rz\u0119dzie. To mo\u017ce by\u0107 bardziej do prze\u017cucia ni\u017c zwykli fani.   <\/p>\n<h5>Liga 12 dru\u017cyn<\/h5>\n<p>Dla mnie 12 to idealny rozmiar dla Fantasy Football League. W ten spos\u00f3b ka\u017cda dru\u017cyna w ko\u0144cu b\u0119dzie mia\u0142a dobr\u0105 mieszank\u0119 talent\u00f3w; ka\u017cda dru\u017cyna b\u0119dzie mia\u0142a nie tylko kilku graczy, ale w\u0142a\u015bciciel b\u0119dzie musia\u0142 r\u00f3wnie\u017c si\u0119gn\u0105\u0107 g\u0142\u0119biej do puli graczy, aby uzupe\u0142ni\u0107 list\u0119 graczy. Prawdopodobnie nie zabraknie jednak dobrych zawodnik\u00f3w, je\u015bli wszystkie listy graczy zostan\u0105 zape\u0142nione. Tak wi\u0119c, gdy sezon jest w pe\u0142nym rozkwicie, szefowie mog\u0105 poprawi\u0107 swoje terytorium.   <\/p>\n\t\t\t\t\t\t\t\t<\/div>\n\t\t\t\t<\/div>\n\t\t\t\t<div class=\"elementor-element elementor-element-b8c877b elementor-widget elementor-widget-heading\" data-id=\"b8c877b\" data-element_type=\"widget\" data-widget_type=\"heading.default\">\n\t\t\t\t<div class=\"elementor-widget-container\">\n\t\t\t\t\t<h3 class=\"elementor-heading-title elementor-size-default\">Jak obstawia\u0107 w Fantasy Football?<\/h3>\t\t\t\t<\/div>\n\t\t\t\t<\/div>\n\t\t\t\t<div class=\"elementor-element elementor-element-65d3835 elementor-widget elementor-widget-text-editor\" data-id=\"65d3835\" data-element_type=\"widget\" data-widget_type=\"text-editor.default\">\n\t\t\t\t<div class=\"elementor-widget-container\">\n\t\t\t\t\t\t\t\t\t<p>W poni\u017cszym artykule zajmiemy si\u0119 kwesti\u0105 tego, jak dzia\u0142a Fantasy Football lub &#8222;Jak dzia\u0142a NFL Fantasy Football&#8221;? Lub &#8222;Jak dzia\u0142a Fantasy Football Draft&#8221;? Ponadto zbadamy kwesti\u0119 tego, w jakim stopniu w\u0142a\u015bciciel fantasy jest przypisany do konkretnego zawodnika.  <\/p>\n<h5>Jak dzia\u0142a NFL Fantasy Draft?<\/h5>\n<p>Wi\u0119kszo\u015b\u0107 lig wybiera drafty, w kt\u00f3rych szef na zmian\u0119 wybiera zawodnik\u00f3w, kt\u00f3rzy nie zostali jeszcze przypisani do dru\u017cyny. Zazwyczaj projektowanie odbywa si\u0119 w kolejce, a zesp\u00f3\u0142 g\u0142osuje jako pierwszy w jednej rundzie i jako ostatni w nast\u0119pnej rundzie, aby zapewni\u0107 r\u00f3wnowag\u0119 zespo\u0142u. Innym sposobem rozpowszechniania s\u0105 aukcje.<\/p>\n<h5>Co dzieje si\u0119 podczas aukcji dla graczy dru\u017cynowych?<\/h5>\n<p>W formacie aukcji wszystkie dru\u017cyny zaczynaj\u0105 z tak\u0105 sam\u0105 kwot\u0105 pieni\u0119dzy fantasy, a nast\u0119pnie nominuj\u0105 jednego zawodnika. Najwy\u017csza oferta za danego zawodnika wygrywa, ale oczywi\u015bcie zwyci\u0119ski w\u0142a\u015bciciel ma teraz mniej pieni\u0119dzy na licytowanie kolejnych graczy. Wi\u0119c chocia\u017c aukcja pozwala ka\u017cdemu szefowi zadba\u0107 o graczy, kt\u00f3rych chce, ka\u017cdy szef musi zwraca\u0107 uwag\u0119 na rozs\u0105dny bud\u017cet, w przeciwnym razie mo\u017ce mie\u0107 trzech kandydat\u00f3w obok grupy &#8222;krzak\u00f3w&#8221;. &#8221;  <\/p>\n\t\t\t\t\t\t\t\t<\/div>\n\t\t\t\t<\/div>\n\t\t\t\t<div class=\"elementor-element elementor-element-f39cfac elementor-widget elementor-widget-image\" data-id=\"f39cfac\" data-element_type=\"widget\" data-widget_type=\"image.default\">\n\t\t\t\t<div class=\"elementor-widget-container\">\n\t\t\t\t\t\t\t\t\t\t\t\t\t\t\t<img decoding=\"async\" src=\"https:\/\/casinoreturn.com\/wp-content\/uploads\/elementor\/thumbs\/Fantasy-Football-Betting-qx02bndcu9ujrxxwe1uggpwkyijm1f47ij8zsbghxs.jpg\" title=\"Fantasy Football Betting\" alt=\"Fantasy Football Betting\" loading=\"lazy\" \/>\t\t\t\t\t\t\t\t\t\t\t\t\t\t\t<\/div>\n\t\t\t\t<\/div>\n\t\t\t\t<div class=\"elementor-element elementor-element-9a86ccb elementor-widget elementor-widget-heading\" data-id=\"9a86ccb\" data-element_type=\"widget\" data-widget_type=\"heading.default\">\n\t\t\t\t<div class=\"elementor-widget-container\">\n\t\t\t\t\t<h3 class=\"elementor-heading-title elementor-size-default\">Najlepsze wskaz\u00f3wki dotycz\u0105ce obstawiania Fantasy Football:<\/h3>\t\t\t\t<\/div>\n\t\t\t\t<\/div>\n\t\t\t\t<div class=\"elementor-element elementor-element-74ad2b2 elementor-widget elementor-widget-text-editor\" data-id=\"74ad2b2\" data-element_type=\"widget\" data-widget_type=\"text-editor.default\">\n\t\t\t\t<div class=\"elementor-widget-container\">\n\t\t\t\t\t\t\t\t\t<p>Niekt\u00f3re ligi maj\u0105 nowy draft na pocz\u0105tku ka\u017cdego sezonu. Inne jednak oferuj\u0105 w\u0142a\u015bcicielom opcj\u0119 zatrzymania zawodnik\u00f3w w swoich dru\u017cynach na kilka sezon\u00f3w. <\/p>\n<h5>Czas decyzji w Fantasy Foofball<\/h5>\n<p>Decyzj\u0119 nale\u017cy jednak podj\u0105\u0107 jak najwcze\u015bniej, poniewa\u017c wtedy b\u0119dzie wiadomo, czy zawodnik zostanie w dru\u017cynie na d\u0142u\u017cej, czy na kr\u00f3cej. Niezale\u017cnie od tego, kt\u00f3r\u0105 metod\u0119 ostatecznie wybierzesz, powiniene\u015b og\u00f3lnie zorientowa\u0107 si\u0119, jak wygl\u0105da i dzia\u0142a draft, a najlepiej przed jego rozpocz\u0119ciem. <\/p>\n\t\t\t\t\t\t\t\t<\/div>\n\t\t\t\t<\/div>\n\t\t\t\t<div class=\"elementor-element elementor-element-f389443 elementor-widget elementor-widget-heading\" data-id=\"f389443\" data-element_type=\"widget\" data-widget_type=\"heading.default\">\n\t\t\t\t<div class=\"elementor-widget-container\">\n\t\t\t\t\t<h3 class=\"elementor-heading-title elementor-size-default\">Najlepsze kasyna do obstawiania Fantasy Football?<\/h3>\t\t\t\t<\/div>\n\t\t\t\t<\/div>\n\t\t\t\t<div class=\"elementor-element elementor-element-44ba9f8 elementor-widget elementor-widget-text-editor\" data-id=\"44ba9f8\" data-element_type=\"widget\" data-widget_type=\"text-editor.default\">\n\t\t\t\t<div class=\"elementor-widget-container\">\n\t\t\t\t\t\t\t\t\t<ul>\n<li>Lorem ipsum dolor sit amet, consectetur adipiscing elit. Ut elit tellus, luctus nec ullamcorper mattis, pulvinar dapibus leo. <\/li>\n<\/ul>\n\t\t\t\t\t\t\t\t<\/div>\n\t\t\t\t<\/div>\n\t\t\t\t<\/div>\n\t\t\t\t<\/div>\n\t\t","protected":false},"excerpt":{"rendered":"<p>Zak\u0142ady w kasynie Fantasy Football Czym jest fantasy football? Czym dok\u0142adnie jest fantasy football? W ten spos\u00f3b mo\u017cesz zosta\u0107 dyrektorem generalnym swojej dru\u017cyny pi\u0142karskiej, w kt\u00f3rej Ty &#8211; i tylko Ty &#8211; decydujesz, kt\u00f3rych zawodnik\u00f3w chcesz. Wyb\u00f3r w\u0142asnych graczy Wybierasz list\u0119 zawodnik\u00f3w NFL do swojej dru\u017cyny i korzystasz z ich rzeczywistych danych, aby rywalizowa\u0107 z [&hellip;]<\/p>\n","protected":false},"author":1,"featured_media":0,"parent":0,"menu_order":0,"comment_status":"closed","ping_status":"closed","template":"","meta":{"footnotes":""},"class_list":["post-4970","page","type-page","status-publish","hentry"],"blocksy_meta":[],"acf":[],"yoast_head":"<!-- This site is optimized with the Yoast SEO plugin v24.1 - https:\/\/yoast.com\/wordpress\/plugins\/seo\/ -->\n<title>Kasyna bukmacherskie obstawiaj\u0105ce Fantasy Football - casinoreturn<\/title>\n<meta name=\"description\" content=\"Kasyna bukmacherskie Fantasy Football nie nale\u017c\u0105 do najpopularniejszych. Zaanga\u017cowanie, wymiana wynik\u00f3w i rozmowy na ten temat s\u0105 kluczowe dla graczy.\" \/>\n<meta name=\"robots\" content=\"index, follow, max-snippet:-1, max-image-preview:large, max-video-preview:-1\" \/>\n<link rel=\"canonical\" href=\"https:\/\/casinoreturn.com\/pl\/kasyna-bukmacherskie-obstawiajace-fantasy-football\/\" \/>\n<meta property=\"og:locale\" content=\"pl_PL\" \/>\n<meta property=\"og:type\" content=\"article\" \/>\n<meta property=\"og:title\" content=\"Kasyna bukmacherskie obstawiaj\u0105ce Fantasy Football - casinoreturn\" \/>\n<meta property=\"og:description\" content=\"Kasyna bukmacherskie Fantasy Football nie nale\u017c\u0105 do najpopularniejszych. Zaanga\u017cowanie, wymiana wynik\u00f3w i rozmowy na ten temat s\u0105 kluczowe dla graczy.\" \/>\n<meta property=\"og:url\" content=\"https:\/\/casinoreturn.com\/pl\/kasyna-bukmacherskie-obstawiajace-fantasy-football\/\" \/>\n<meta property=\"og:site_name\" content=\"casinoreturn\" \/>\n<meta property=\"article:modified_time\" content=\"2025-10-31T13:29:11+00:00\" \/>\n<meta property=\"og:image\" content=\"https:\/\/casinoreturn.com\/wp-content\/uploads\/elementor\/thumbs\/Fantasy-Football-Casino-qx0213mld26kmw2y2bvw2cqpmcar1kh6oms60z1sr4.jpg\" \/>\n<meta name=\"twitter:card\" content=\"summary_large_image\" \/>\n<meta name=\"twitter:label1\" content=\"Szacowany czas czytania\" \/>\n\t<meta name=\"twitter:data1\" content=\"3 minuty\" \/>\n<script type=\"application\/ld+json\" class=\"yoast-schema-graph\">{\"@context\":\"https:\/\/schema.org\",\"@graph\":[{\"@type\":\"WebPage\",\"@id\":\"https:\/\/casinoreturn.com\/pl\/kasyna-bukmacherskie-obstawiajace-fantasy-football\/\",\"url\":\"https:\/\/casinoreturn.com\/pl\/kasyna-bukmacherskie-obstawiajace-fantasy-football\/\",\"name\":\"Kasyna bukmacherskie obstawiaj\u0105ce Fantasy Football - casinoreturn\",\"isPartOf\":{\"@id\":\"https:\/\/casinoreturn.com\/#website\"},\"primaryImageOfPage\":{\"@id\":\"https:\/\/casinoreturn.com\/pl\/kasyna-bukmacherskie-obstawiajace-fantasy-football\/#primaryimage\"},\"image\":{\"@id\":\"https:\/\/casinoreturn.com\/pl\/kasyna-bukmacherskie-obstawiajace-fantasy-football\/#primaryimage\"},\"thumbnailUrl\":\"https:\/\/casinoreturn.com\/wp-content\/uploads\/elementor\/thumbs\/Fantasy-Football-Casino-qx0213mld26kmw2y2bvw2cqpmcar1kh6oms60z1sr4.jpg\",\"datePublished\":\"2024-11-13T14:22:59+00:00\",\"dateModified\":\"2025-10-31T13:29:11+00:00\",\"description\":\"Kasyna bukmacherskie Fantasy Football nie nale\u017c\u0105 do najpopularniejszych. Zaanga\u017cowanie, wymiana wynik\u00f3w i rozmowy na ten temat s\u0105 kluczowe dla graczy.\",\"breadcrumb\":{\"@id\":\"https:\/\/casinoreturn.com\/pl\/kasyna-bukmacherskie-obstawiajace-fantasy-football\/#breadcrumb\"},\"inLanguage\":\"pl-PL\",\"potentialAction\":[{\"@type\":\"ReadAction\",\"target\":[\"https:\/\/casinoreturn.com\/pl\/kasyna-bukmacherskie-obstawiajace-fantasy-football\/\"]}]},{\"@type\":\"ImageObject\",\"inLanguage\":\"pl-PL\",\"@id\":\"https:\/\/casinoreturn.com\/pl\/kasyna-bukmacherskie-obstawiajace-fantasy-football\/#primaryimage\",\"url\":\"https:\/\/casinoreturn.com\/wp-content\/uploads\/elementor\/thumbs\/Fantasy-Football-Casino-qx0213mld26kmw2y2bvw2cqpmcar1kh6oms60z1sr4.jpg\",\"contentUrl\":\"https:\/\/casinoreturn.com\/wp-content\/uploads\/elementor\/thumbs\/Fantasy-Football-Casino-qx0213mld26kmw2y2bvw2cqpmcar1kh6oms60z1sr4.jpg\"},{\"@type\":\"BreadcrumbList\",\"@id\":\"https:\/\/casinoreturn.com\/pl\/kasyna-bukmacherskie-obstawiajace-fantasy-football\/#breadcrumb\",\"itemListElement\":[{\"@type\":\"ListItem\",\"position\":1,\"name\":\"Home\",\"item\":\"https:\/\/casinoreturn.com\/pl\/strona-glowna\/\"},{\"@type\":\"ListItem\",\"position\":2,\"name\":\"Kasyna bukmacherskie obstawiaj\u0105ce Fantasy Football\"}]},{\"@type\":\"WebSite\",\"@id\":\"https:\/\/casinoreturn.com\/#website\",\"url\":\"https:\/\/casinoreturn.com\/\",\"name\":\"casinoreturn\",\"description\":\"\",\"publisher\":{\"@id\":\"https:\/\/casinoreturn.com\/#organization\"},\"potentialAction\":[{\"@type\":\"SearchAction\",\"target\":{\"@type\":\"EntryPoint\",\"urlTemplate\":\"https:\/\/casinoreturn.com\/?s={search_term_string}\"},\"query-input\":{\"@type\":\"PropertyValueSpecification\",\"valueRequired\":true,\"valueName\":\"search_term_string\"}}],\"inLanguage\":\"pl-PL\"},{\"@type\":\"Organization\",\"@id\":\"https:\/\/casinoreturn.com\/#organization\",\"name\":\"casinoreturn\",\"url\":\"https:\/\/casinoreturn.com\/\",\"logo\":{\"@type\":\"ImageObject\",\"inLanguage\":\"pl-PL\",\"@id\":\"https:\/\/casinoreturn.com\/#\/schema\/logo\/image\/\",\"url\":\"https:\/\/casinoreturn.com\/wp-content\/uploads\/2024\/09\/animal-favicon.png\",\"contentUrl\":\"https:\/\/casinoreturn.com\/wp-content\/uploads\/2024\/09\/animal-favicon.png\",\"width\":92,\"height\":92,\"caption\":\"casinoreturn\"},\"image\":{\"@id\":\"https:\/\/casinoreturn.com\/#\/schema\/logo\/image\/\"}}]}<\/script>\n<!-- \/ Yoast SEO plugin. -->","yoast_head_json":{"title":"Kasyna bukmacherskie obstawiaj\u0105ce Fantasy Football - casinoreturn","description":"Kasyna bukmacherskie Fantasy Football nie nale\u017c\u0105 do najpopularniejszych. Zaanga\u017cowanie, wymiana wynik\u00f3w i rozmowy na ten temat s\u0105 kluczowe dla graczy.","robots":{"index":"index","follow":"follow","max-snippet":"max-snippet:-1","max-image-preview":"max-image-preview:large","max-video-preview":"max-video-preview:-1"},"canonical":"https:\/\/casinoreturn.com\/pl\/kasyna-bukmacherskie-obstawiajace-fantasy-football\/","og_locale":"pl_PL","og_type":"article","og_title":"Kasyna bukmacherskie obstawiaj\u0105ce Fantasy Football - casinoreturn","og_description":"Kasyna bukmacherskie Fantasy Football nie nale\u017c\u0105 do najpopularniejszych. Zaanga\u017cowanie, wymiana wynik\u00f3w i rozmowy na ten temat s\u0105 kluczowe dla graczy.","og_url":"https:\/\/casinoreturn.com\/pl\/kasyna-bukmacherskie-obstawiajace-fantasy-football\/","og_site_name":"casinoreturn","article_modified_time":"2025-10-31T13:29:11+00:00","og_image":[{"url":"https:\/\/casinoreturn.com\/wp-content\/uploads\/elementor\/thumbs\/Fantasy-Football-Casino-qx0213mld26kmw2y2bvw2cqpmcar1kh6oms60z1sr4.jpg","type":"","width":"","height":""}],"twitter_card":"summary_large_image","twitter_misc":{"Szacowany czas czytania":"3 minuty"},"schema":{"@context":"https:\/\/schema.org","@graph":[{"@type":"WebPage","@id":"https:\/\/casinoreturn.com\/pl\/kasyna-bukmacherskie-obstawiajace-fantasy-football\/","url":"https:\/\/casinoreturn.com\/pl\/kasyna-bukmacherskie-obstawiajace-fantasy-football\/","name":"Kasyna bukmacherskie obstawiaj\u0105ce Fantasy Football - casinoreturn","isPartOf":{"@id":"https:\/\/casinoreturn.com\/#website"},"primaryImageOfPage":{"@id":"https:\/\/casinoreturn.com\/pl\/kasyna-bukmacherskie-obstawiajace-fantasy-football\/#primaryimage"},"image":{"@id":"https:\/\/casinoreturn.com\/pl\/kasyna-bukmacherskie-obstawiajace-fantasy-football\/#primaryimage"},"thumbnailUrl":"https:\/\/casinoreturn.com\/wp-content\/uploads\/elementor\/thumbs\/Fantasy-Football-Casino-qx0213mld26kmw2y2bvw2cqpmcar1kh6oms60z1sr4.jpg","datePublished":"2024-11-13T14:22:59+00:00","dateModified":"2025-10-31T13:29:11+00:00","description":"Kasyna bukmacherskie Fantasy Football nie nale\u017c\u0105 do najpopularniejszych. Zaanga\u017cowanie, wymiana wynik\u00f3w i rozmowy na ten temat s\u0105 kluczowe dla graczy.","breadcrumb":{"@id":"https:\/\/casinoreturn.com\/pl\/kasyna-bukmacherskie-obstawiajace-fantasy-football\/#breadcrumb"},"inLanguage":"pl-PL","potentialAction":[{"@type":"ReadAction","target":["https:\/\/casinoreturn.com\/pl\/kasyna-bukmacherskie-obstawiajace-fantasy-football\/"]}]},{"@type":"ImageObject","inLanguage":"pl-PL","@id":"https:\/\/casinoreturn.com\/pl\/kasyna-bukmacherskie-obstawiajace-fantasy-football\/#primaryimage","url":"https:\/\/casinoreturn.com\/wp-content\/uploads\/elementor\/thumbs\/Fantasy-Football-Casino-qx0213mld26kmw2y2bvw2cqpmcar1kh6oms60z1sr4.jpg","contentUrl":"https:\/\/casinoreturn.com\/wp-content\/uploads\/elementor\/thumbs\/Fantasy-Football-Casino-qx0213mld26kmw2y2bvw2cqpmcar1kh6oms60z1sr4.jpg"},{"@type":"BreadcrumbList","@id":"https:\/\/casinoreturn.com\/pl\/kasyna-bukmacherskie-obstawiajace-fantasy-football\/#breadcrumb","itemListElement":[{"@type":"ListItem","position":1,"name":"Home","item":"https:\/\/casinoreturn.com\/pl\/strona-glowna\/"},{"@type":"ListItem","position":2,"name":"Kasyna bukmacherskie obstawiaj\u0105ce Fantasy Football"}]},{"@type":"WebSite","@id":"https:\/\/casinoreturn.com\/#website","url":"https:\/\/casinoreturn.com\/","name":"casinoreturn","description":"","publisher":{"@id":"https:\/\/casinoreturn.com\/#organization"},"potentialAction":[{"@type":"SearchAction","target":{"@type":"EntryPoint","urlTemplate":"https:\/\/casinoreturn.com\/?s={search_term_string}"},"query-input":{"@type":"PropertyValueSpecification","valueRequired":true,"valueName":"search_term_string"}}],"inLanguage":"pl-PL"},{"@type":"Organization","@id":"https:\/\/casinoreturn.com\/#organization","name":"casinoreturn","url":"https:\/\/casinoreturn.com\/","logo":{"@type":"ImageObject","inLanguage":"pl-PL","@id":"https:\/\/casinoreturn.com\/#\/schema\/logo\/image\/","url":"https:\/\/casinoreturn.com\/wp-content\/uploads\/2024\/09\/animal-favicon.png","contentUrl":"https:\/\/casinoreturn.com\/wp-content\/uploads\/2024\/09\/animal-favicon.png","width":92,"height":92,"caption":"casinoreturn"},"image":{"@id":"https:\/\/casinoreturn.com\/#\/schema\/logo\/image\/"}}]}},"_links":{"self":[{"href":"https:\/\/casinoreturn.com\/pl\/wp-json\/wp\/v2\/pages\/4970","targetHints":{"allow":["GET"]}}],"collection":[{"href":"https:\/\/casinoreturn.com\/pl\/wp-json\/wp\/v2\/pages"}],"about":[{"href":"https:\/\/casinoreturn.com\/pl\/wp-json\/wp\/v2\/types\/page"}],"author":[{"embeddable":true,"href":"https:\/\/casinoreturn.com\/pl\/wp-json\/wp\/v2\/users\/1"}],"replies":[{"embeddable":true,"href":"https:\/\/casinoreturn.com\/pl\/wp-json\/wp\/v2\/comments?post=4970"}],"version-history":[{"count":3,"href":"https:\/\/casinoreturn.com\/pl\/wp-json\/wp\/v2\/pages\/4970\/revisions"}],"predecessor-version":[{"id":15867,"href":"https:\/\/casinoreturn.com\/pl\/wp-json\/wp\/v2\/pages\/4970\/revisions\/15867"}],"wp:attachment":[{"href":"https:\/\/casinoreturn.com\/pl\/wp-json\/wp\/v2\/media?parent=4970"}],"curies":[{"name":"wp","href":"https:\/\/api.w.org\/{rel}","templated":true}]}}