{"id":4992,"date":"2024-11-03T10:12:19","date_gmt":"2024-11-03T10:12:19","guid":{"rendered":"https:\/\/casinoreturn.com\/futbol-amerykanski-kanada-dla-poczatkujacych\/"},"modified":"2025-02-12T15:47:56","modified_gmt":"2025-02-12T15:47:56","slug":"futbol-amerykanski-kanada-dla-poczatkujacych","status":"publish","type":"page","link":"https:\/\/casinoreturn.com\/pl\/futbol-amerykanski-kanada-dla-poczatkujacych\/","title":{"rendered":"Futbol ameryka\u0144ski Kanada dla pocz\u0105tkuj\u0105cych"},"content":{"rendered":"\t\t<div data-elementor-type=\"wp-page\" data-elementor-id=\"4992\" class=\"elementor elementor-4992\" data-elementor-post-type=\"page\">\n\t\t\t\t<div class=\"elementor-element elementor-element-192ee5b7 e-flex e-con-boxed e-con e-parent\" data-id=\"192ee5b7\" data-element_type=\"container\">\n\t\t\t\t\t<div class=\"e-con-inner\">\n\t\t\t\t<div class=\"elementor-element elementor-element-266bc16c elementor-widget elementor-widget-text-editor\" data-id=\"266bc16c\" data-element_type=\"widget\" data-widget_type=\"text-editor.default\">\n\t\t\t\t<div class=\"elementor-widget-container\">\n\t\t\t\t\t\t\t\t\t<h4 class=\"wp-block-heading\">Futbol ameryka\u0144ski Kanada i jego podstawowe zasady.<\/h4>\n<p><strong>Ale po pierwsze: sprawd\u017a Lucky Days Casino i ich recenzj\u0119 kasyna.<\/strong> <\/p>\n<div id=\"element-384\" class=\"widget item-absolute headline \" data-at=\"headline\">\n<div class=\"contents\">\n<h1><span class=\"x_949eba9a x_7911f47e\"><span class=\"x_f2074b6c\">DO 1500 CAD$<\/span><span class=\"x_f2074b6c\"> W BONUSIE + 100 darmowych spin\u00f3w <\/span> <\/span><\/h1>\n<p><a href=\"https:\/\/media.luckydaysaffiliates.com\/redirect.aspx?pid=13114&amp;bid=1586\" target=\"_blank\" rel=\"noopener\"><strong>Odbierz sw\u00f3j ekskluzywny bonus Lucky Days TUTAJ<\/strong><\/a><\/p>\n<p>Obowi\u0105zuj\u0105 warunki  <\/p>\n<\/div>\n<\/div>\n<p><img fetchpriority=\"high\" decoding=\"async\" class=\"size-medium wp-image-6372\" src=\"https:\/\/casinoreturn.com\/wp-content\/uploads\/2024\/12\/Lucky-Days-casino-300x300.png\" alt=\"Lucky-Days-casino\" width=\"300\" height=\"300\" srcset=\"https:\/\/casinoreturn.com\/wp-content\/uploads\/2024\/12\/Lucky-Days-casino-300x300.png 300w, https:\/\/casinoreturn.com\/wp-content\/uploads\/2024\/12\/Lucky-Days-casino-150x150.png 150w, https:\/\/casinoreturn.com\/wp-content\/uploads\/2024\/12\/Lucky-Days-casino.png 500w\" sizes=\"(max-width: 300px) 100vw, 300px\" \/><\/p>\n<h5>Jakie s\u0105 warunki bonusu Lucky Days Casino?<\/h5>\n<p>Wp\u0142a\u0107 20 CAD$ lub wi\u0119cej. Obr\u00f3t 30x. Maksymalna stawka 5 CAD na zak\u0142ad. \u015arodki w\u0142asne s\u0105 wykorzystywane w pierwszej kolejno\u015bci. Okres wa\u017cno\u015bci 30 dni. Darmowe spiny wygasaj\u0105 po 24 godzinach. Musz\u0105 zosta\u0107 obr\u00f3cone 25x w wybranych grach.      <\/p>\n<h5>Jakie s\u0105 podstawy kanadyjskiego futbolu ameryka\u0144skiego?<\/h5>\n<p>Futbol ameryka\u0144ski to jeden z najpopularniejszych sport\u00f3w w Kanadzie. Wyja\u015bnimy, jak wygl\u0105da struktura gry.<br \/>Zacznijmy od celu gry. Gra ma jeden g\u0142\u00f3wny cel: gracze staraj\u0105 si\u0119 wprowadzi\u0107 pi\u0142k\u0119 do strefy ko\u0144cowej przeciwnika, aby zdoby\u0107 punkty. Kto ma najwi\u0119cej punkt\u00f3w na koniec gry, wygrywa.   <\/p>\n<h4 class=\"wp-block-heading\">Jak dzia\u0142a gra w pi\u0142k\u0119 no\u017cn\u0105?<\/h4>\n<p>Czas trwania gry wynosi zazwyczaj 2,5-3 godziny. Podczas gry jedna dru\u017cyna zawsze ma tak zwane &#8222;prawo ataku&#8221;, a druga dru\u017cyna jest w &#8222;obronie&#8221;. &#8222;Tak zwane &#8222;prawo ataku&#8221; zawsze si\u0119 zmienia. Pocz\u0105tek gry rozpoczyna si\u0119 od rzutu monet\u0105 w celu ustalenia pocz\u0105tkuj\u0105cego. Pi\u0142ka do gry jest umieszczana na linii boiska, a dru\u017cyna pocz\u0105tkuj\u0105ca musi kopn\u0105\u0107 j\u0105 jak najdalej. Po pierwszym strzale dru\u017cyna przeciwna pr\u00f3buje z\u0142apa\u0107 pi\u0142k\u0119 i przenie\u015b\u0107 j\u0105 daleko do ty\u0142u. W miejscu, w kt\u00f3rym dru\u017cyna przeciwna z\u0142apie pi\u0142k\u0119, rozpoczyna si\u0119 gra na boisku.<br \/>Ofensywa. . . Podania. . . Bieganie            <\/p>\n<h4 class=\"wp-block-heading\">Teraz rozpocz\u0119\u0142a si\u0119 ulubiona gra Amerykan\u00f3w, ale jak b\u0119dzie dalej?<\/h4>\n<p>Dru\u017cyna posiadaj\u0105ca pi\u0142k\u0119 nazywana jest atakuj\u0105c\u0105 (Offense). Staraj\u0105 si\u0119 zdoby\u0107 przestrze\u0144, rzucaj\u0105c i \u015bcigaj\u0105c si\u0119 z innymi graczami. W najlepszym przypadku ko\u0144czy si\u0119 to w tak zwanej strefie ko\u0144cowej. Podczas gdy atakuj\u0105cy biegaj\u0105 z zabawkow\u0105 pi\u0142k\u0105, dru\u017cyna przeciwna musi uniemo\u017cliwi\u0107 atakuj\u0105cym zdobycie jak najwi\u0119kszej przestrzeni i spr\u00f3bowa\u0107 z\u0142apa\u0107 pi\u0142k\u0119. Atakuj\u0105cy maj\u0105 w sumie cztery pr\u00f3by i musz\u0105 zdoby\u0107 przestrze\u0144 dziesi\u0119ciu jard\u00f3w. W przypadku niepowodzenia nast\u0119puje zmiana pozycji.     <\/p>\n<h4 class=\"wp-block-heading\">Co oznacza Przy\u0142o\u017cenie w futbolu ameryka\u0144skim?<\/h4>\n<p>Przy\u0142o\u017cenie w futbolu ameryka\u0144skim w Kanadzie i NFL (USA) to najbardziej znana metoda zdobywania punkt\u00f3w w futbolu ameryka\u0144skim. Przy\u0142o\u017cenie daje dru\u017cynie \u0142\u0105cznie sze\u015b\u0107 punkt\u00f3w. Przy\u0142o\u017cenie jest zdobywane, gdy pi\u0142ka zostanie przeniesiona przez lini\u0119 mety dru\u017cyny przeciwnej lub gdy zostanie z\u0142apana w tak zwanej strefie ko\u0144cowej.<br \/>Je\u015bli dru\u017cynie uda si\u0119 przerzuci\u0107 pi\u0142k\u0119 przez bramk\u0119 po przy\u0142o\u017ceniu, mo\u017ce zdoby\u0107 kolejny punkt.<br \/>Je\u015bli przy\u0142o\u017cenie nie jest mo\u017cliwe z danego stanu, dru\u017cyna mo\u017ce wyj\u015b\u0107 z gry i spr\u00f3bowa\u0107 kopn\u0105\u0107 pi\u0142k\u0119 do bramki. Wi\u0105\u017ce si\u0119 z tym kolejna kwestia.   <\/p>\n<h4 class=\"wp-block-heading\">Czym jest bezpiecze\u0144stwo w grze w pi\u0142k\u0119 no\u017cn\u0105?<\/h4>\n<p>Bezpiecze\u0144stwo jest r\u00f3wnie\u017c metod\u0105 na zdobywanie punkt\u00f3w podczas gry. Aby to zrobi\u0107, dru\u017cyna broni\u0105ca, musi pokona\u0107 dru\u017cyn\u0119 atakuj\u0105c\u0105 w jej strefie ko\u0144cowej. W takim przypadku dru\u017cyna otrzymuje dwa dodatkowe punkty.  <\/p>\n<h3 class=\"wp-block-heading\">Zak\u0142ady na futbol ameryka\u0144ski w Kanadzie. . co powiniene\u015b wiedzie\u0107?   <\/h3>\n<h4 class=\"wp-block-heading\">Czym s\u0105 handicapy i zak\u0142ady spread w kanadyjskim futbolu ameryka\u0144skim?<\/h4>\n<p>W kasynie online istniej\u0105 dwa g\u0142\u00f3wne rodzaje zak\u0142ad\u00f3w w futbolu ameryka\u0144skim. Jest to tak zwany zak\u0142ad z handicapem lub spread betting. Ten typ jest jednym z ulubionych zak\u0142ad\u00f3w w futbolu ameryka\u0144skim. W tym przypadku do\u015b\u0107 \u0142atwo jest zr\u00f3\u017cnicowa\u0107 zak\u0142ad na okre\u015blony wynik. Innymi s\u0142owy, obstawia si\u0119 r\u00f3\u017cnic\u0119 mi\u0119dzy specyfikacj\u0105 dostawcy zak\u0142ad\u00f3w a wynikiem. To prawda: &#8222;Im wi\u0119ksza r\u00f3\u017cnica, tym wy\u017csze kursy, a tym samym zysk lub strata&#8221;. &#8221; Znajd\u017a najlepszego bukmachera do <a href=\"https:\/\/casinoreturn.com\/american-football-betting-canada\/\">obstawiania futbolu ameryka\u0144skiego w Kanadzie TUTAJ<\/a><br \/>Dlatego dostawca zak\u0142ad\u00f3w ustala pewien zakres, wykorzystuj\u0105c maksymalny i minimalny kurs, kt\u00f3ry opisuje wynik wydarzenia sportowego, na kt\u00f3re obstawiany jest zak\u0142ad. Gracz spekuluje, czy wynik b\u0119dzie wy\u017cszy lub ni\u017cszy ni\u017c zakres ustalony przez bukmachera w oparciu o jego pozycj\u0119 zak\u0142adu. \u017baden zak\u0142ad nie zostanie postawiony, je\u015bli prognoza Souffleur pokrywa si\u0119 z prognoz\u0105 bukmachera. W zwi\u0105zku z tym zak\u0142ad na spread jest ocen\u0105 pogody wyniku lub wydarzenia sportowego, tak\u0105 jak ocena okre\u015blonej liczby punkt\u00f3w, bramek, \u017c\u00f3\u0142tych kartek lub fauli. Je\u015bli Tw\u00f3j typ znajduje si\u0119 poza zakresem dostawcy zak\u0142ad\u00f3w, tak zwanym limitem, to daj cynk. Je\u015bli kurs przekroczy limit ustalony przez bukmachera, zysk i strata s\u0105 obliczane w nast\u0119puj\u0105cy spos\u00f3b:          <\/p>\n<h5 class=\"wp-block-heading\">Jak obliczy\u0107 sum\u0119?<\/h5>\n<p>Suma powy\u017cszych = bonus zak\u0142adu = liczba zak\u0142ad\u00f3w (suma akcji minus limit). Suma powy\u017cszych = przegrana zak\u0142adu = liczba g\u0142\u00f3wnych zwyci\u0119zc\u00f3w (limit minus suma akcji). Je\u015bli wprowadzona warto\u015b\u0107 jest poni\u017cej zasi\u0119gu bukmachera, obliczenia s\u0105 odwrotne: Suma nast\u0119puj\u0105cych kwot: = bonus zak\u0142adu = liczba zak\u0142ad\u00f3w (dolny limit minus suma promocji) Suma powy\u017cszych = przegrana zak\u0142adu = liczba g\u0142\u00f3wnych wygranych (g\u00f3rny limit minus suma promocji)  <\/p>\n<h4 class=\"wp-block-heading\">Jaki jest og\u00f3lny zak\u0142ad na wynik w kanadyjskim futbolu ameryka\u0144skim?<\/h4>\n<p>R\u00f3wnie\u017c w przypadku futbolu ameryka\u0144skiego wszyscy znani bukmacherzy oferuj\u0105 mo\u017cliwo\u015b\u0107 obstawiania ko\u0144cowego wyniku meczu za wysokie\/niskie stawki. Nie chodzi tu o przewidywanie liczby punkt\u00f3w zdobytych przez dru\u017cyn\u0119, ale o \u0142\u0105czny wynik obu stron na koniec meczu. Na przyk\u0142ad bukmacher mo\u017ce zastosowa\u0107 limit 49,5 punkt\u00f3w, a nast\u0119pnie musisz zdecydowa\u0107, czy chcesz uzyska\u0107 wi\u0119cej, czy mniej punkt\u00f3w. W przypadku tego typu zak\u0142ad\u00f3w ka\u017cdy kurs wynosi zwykle oko\u0142o 1. 90.<br \/>Oczywi\u015bcie w futbolu ameryka\u0144skim mo\u017cna r\u00f3wnie\u017c obstawia\u0107 przewag\u0119 dru\u017cyny na koniec meczu. Bukmacherzy zazwyczaj oferuj\u0105 r\u00f3\u017cne zak\u0142ady na prowadzenie dla dw\u00f3ch dru\u017cyn. Mo\u017cna na przyk\u0142ad obstawi\u0107, \u017ce dru\u017cyna A wygra mecz r\u00f3\u017cnic\u0105 1-6 punkt\u00f3w. Mo\u017cliwe jest tak\u017ce obstawienie 19-24 punkt\u00f3w przewagi faworyta. Bukmacher szacuje, \u017ce im mniejsze prawdopodobie\u0144stwo zysku dru\u017cyny, tym wy\u017cszy kurs zak\u0142adu.         <\/p>\n<h4 class=\"wp-block-heading\">Zak\u0142ady na futbol ameryka\u0144ski z najlepszymi kursami<\/h4>\n<p>Jak rozpozna\u0107 najlepsze kursy w zak\u0142adach na futbol ameryka\u0144ski?<\/p>\n<p>Odwied\u017a nasz\u0105 stron\u0119 internetow\u0105, Casinoreturn.com, ju\u017c dzi\u015b i znajd\u017a najlepsze zak\u0142ady online z najlepszymi kursami bukmacherskimi. Jako zesp\u00f3\u0142 w Casinoreturn zawsze staramy si\u0119 znale\u017a\u0107 dla Ciebie najlepszych dostawc\u00f3w, aby zapewni\u0107 Ci jak najlepsze wra\u017cenia z gry.<br \/>Zak\u0142ady bukmacherskie nie s\u0105 niczym nowym we wsp\u00f3\u0142czesnym \u015bwiecie, jednak wydaj\u0105 si\u0119 tak popularne i popularne jak zawsze. Niezale\u017cnie od tego, czy jest to zak\u0142ad przyjacielski, mi\u0119dzy przyjaci\u00f3\u0142mi, zak\u0142ad na stadionie z nieznajomymi, kt\u00f3rzy staj\u0105 si\u0119 przyjaci\u00f3\u0142mi z sercem na r\u0119kawie, czy te\u017c to, co jest niezb\u0119dne w dzisiejszych czasach: online.<br \/>Dreszczyk emocji i rado\u015b\u0107 s\u0105 takie same. To nigdy si\u0119 nie nudzi, poniewa\u017c zawsze jest co\u015b nowego do obstawienia. Dzi\u0119ki mediom spo\u0142eczno\u015bciowym i licznym platformom internetowym, na kt\u00f3rych mo\u017cna si\u0119 obecnie zarejestrowa\u0107, oferta jest bogatsza ni\u017c przez d\u0142ugi czas. Warto\u015b\u0107 rozrywki znacznie wzrasta, poniewa\u017c liczba platform zwi\u0119ksza nie tylko zakres mo\u017cliwo\u015bci obstawiania, ale tak\u017ce liczb\u0119 dostawc\u00f3w.     <\/p>\n<h4 class=\"wp-block-heading\">Status spo\u0142eczny w futbolu ameryka\u0144skim<\/h4>\n<p>Jak wa\u017cne s\u0105 NFL i Canadian Football League?<\/p>\n<p>Sport oznacza rywalizacj\u0119 i konkurencj\u0119, ale tak\u017ce przyja\u017a\u0144 i sojusz. To co\u015b, co \u0142\u0105czy ludzi, ale z drugiej strony potrafi te\u017c dzieli\u0107 na pogl\u0105dy. Gracze poszczeg\u00f3lnych wydarze\u0144 i rekordowe wyniki fascynuj\u0105 nas od zawsze i przyci\u0105gaj\u0105 jak zaczarowani.<br \/>Jako jedna z najpopularniejszych rozrywek, kasyno online jest reprezentowane przez r\u00f3\u017cnych dostawc\u00f3w. Oferta jest bardzo zr\u00f3\u017cnicowana, a my jako zesp\u00f3\u0142 jeste\u015bmy tutaj, aby pom\u00f3c Ci znale\u017a\u0107 najlepsze kasyno online w\u015br\u00f3d r\u00f3\u017cnorodno\u015bci.<br \/>Sp\u00f3jrz na Casinoreturn.com, nasze Top 10 masz wszystkie dobre kasyna na pierwszy rzut oka. Lista Top 10 kasyn, pokazuje najlepsze i najbardziej renomowane kasyna online, kt\u00f3re charakteryzuj\u0105 si\u0119 doskona\u0142ymi ofertami sportowymi i kasynowymi.<br \/>Szczeg\u00f3\u0142ow\u0105 list\u0119 najlepszych dostawc\u00f3w zak\u0142ad\u00f3w i ofert zak\u0142ad\u00f3w na rok 2025 mo\u017cna znale\u017a\u0107 na naszej li\u015bcie Top 10.<br \/>Najlepsze kasyna online powinny mie\u0107 ca\u0142odobow\u0105 obs\u0142ug\u0119, z kt\u00f3r\u0105 mo\u017cna si\u0119 skontaktowa\u0107 za po\u015brednictwem czatu, poczty e-mail lub telefonu. Metoda wp\u0142aty i wyp\u0142aty powinna by\u0107 jasno okre\u015blona. Jasne warunki sprzeda\u017cy, a tak\u017ce przejrzysto\u015b\u0107 s\u0105 r\u00f3wnie\u017c tego cz\u0119\u015bci\u0105. Ponadto na portalu powinny znajdowa\u0107 si\u0119 wystarczaj\u0105ce informacje i wskaz\u00f3wki.       <\/p>\n\t\t\t\t\t\t\t\t<\/div>\n\t\t\t\t<\/div>\n\t\t\t\t\t<\/div>\n\t\t\t\t<\/div>\n\t\t\t\t<\/div>\n\t\t","protected":false},"excerpt":{"rendered":"<p>Futbol ameryka\u0144ski Kanada i jego podstawowe zasady. Ale po pierwsze: sprawd\u017a Lucky Days Casino i ich recenzj\u0119 kasyna. DO 1500 CAD$ W BONUSIE + 100 darmowych spin\u00f3w Odbierz sw\u00f3j ekskluzywny bonus Lucky Days TUTAJ Obowi\u0105zuj\u0105 warunki Jakie s\u0105 warunki bonusu Lucky Days Casino? Wp\u0142a\u0107 20 CAD$ lub wi\u0119cej. Obr\u00f3t 30x. Maksymalna stawka 5 CAD na [&hellip;]<\/p>\n","protected":false},"author":1,"featured_media":0,"parent":0,"menu_order":0,"comment_status":"closed","ping_status":"closed","template":"","meta":{"footnotes":""},"class_list":["post-4992","page","type-page","status-publish","hentry"],"blocksy_meta":[],"acf":[],"yoast_head":"<!-- This site is optimized with the Yoast SEO plugin v24.1 - https:\/\/yoast.com\/wordpress\/plugins\/seo\/ -->\n<title>Futbol ameryka\u0144ski Kanada dla pocz\u0105tkuj\u0105cych - casinoreturn<\/title>\n<meta name=\"description\" content=\"Futbol ameryka\u0144ski Kanada dla pocz\u0105tkuj\u0105cych to niezb\u0119dne ABC futbolu ameryka\u0144skiego lub zasady futbolu ameryka\u0144skiego dla opornych. Usi\u0105d\u017a wygodnie i baw si\u0119 dobrze.\" \/>\n<meta name=\"robots\" content=\"index, follow, max-snippet:-1, max-image-preview:large, max-video-preview:-1\" \/>\n<link rel=\"canonical\" href=\"https:\/\/casinoreturn.com\/pl\/futbol-amerykanski-kanada-dla-poczatkujacych\/\" \/>\n<meta property=\"og:locale\" content=\"pl_PL\" \/>\n<meta property=\"og:type\" content=\"article\" \/>\n<meta property=\"og:title\" content=\"Futbol ameryka\u0144ski Kanada dla pocz\u0105tkuj\u0105cych - casinoreturn\" \/>\n<meta property=\"og:description\" content=\"Futbol ameryka\u0144ski Kanada dla pocz\u0105tkuj\u0105cych to niezb\u0119dne ABC futbolu ameryka\u0144skiego lub zasady futbolu ameryka\u0144skiego dla opornych. Usi\u0105d\u017a wygodnie i baw si\u0119 dobrze.\" \/>\n<meta property=\"og:url\" content=\"https:\/\/casinoreturn.com\/pl\/futbol-amerykanski-kanada-dla-poczatkujacych\/\" \/>\n<meta property=\"og:site_name\" content=\"casinoreturn\" \/>\n<meta property=\"article:modified_time\" content=\"2025-02-12T15:47:56+00:00\" \/>\n<meta property=\"og:image\" content=\"https:\/\/casinoreturn.com\/wp-content\/uploads\/2024\/12\/Lucky-Days-casino.png\" \/>\n\t<meta property=\"og:image:width\" content=\"500\" \/>\n\t<meta property=\"og:image:height\" content=\"500\" \/>\n\t<meta property=\"og:image:type\" content=\"image\/png\" \/>\n<meta name=\"twitter:card\" content=\"summary_large_image\" \/>\n<meta name=\"twitter:label1\" content=\"Szacowany czas czytania\" \/>\n\t<meta name=\"twitter:data1\" content=\"7 minut\" \/>\n<script type=\"application\/ld+json\" class=\"yoast-schema-graph\">{\"@context\":\"https:\/\/schema.org\",\"@graph\":[{\"@type\":\"WebPage\",\"@id\":\"https:\/\/casinoreturn.com\/pl\/futbol-amerykanski-kanada-dla-poczatkujacych\/\",\"url\":\"https:\/\/casinoreturn.com\/pl\/futbol-amerykanski-kanada-dla-poczatkujacych\/\",\"name\":\"Futbol ameryka\u0144ski Kanada dla pocz\u0105tkuj\u0105cych - casinoreturn\",\"isPartOf\":{\"@id\":\"https:\/\/casinoreturn.com\/#website\"},\"primaryImageOfPage\":{\"@id\":\"https:\/\/casinoreturn.com\/pl\/futbol-amerykanski-kanada-dla-poczatkujacych\/#primaryimage\"},\"image\":{\"@id\":\"https:\/\/casinoreturn.com\/pl\/futbol-amerykanski-kanada-dla-poczatkujacych\/#primaryimage\"},\"thumbnailUrl\":\"https:\/\/casinoreturn.com\/wp-content\/uploads\/2024\/12\/Lucky-Days-casino-300x300.png\",\"datePublished\":\"2024-11-03T10:12:19+00:00\",\"dateModified\":\"2025-02-12T15:47:56+00:00\",\"description\":\"Futbol ameryka\u0144ski Kanada dla pocz\u0105tkuj\u0105cych to niezb\u0119dne ABC futbolu ameryka\u0144skiego lub zasady futbolu ameryka\u0144skiego dla opornych. Usi\u0105d\u017a wygodnie i baw si\u0119 dobrze.\",\"breadcrumb\":{\"@id\":\"https:\/\/casinoreturn.com\/pl\/futbol-amerykanski-kanada-dla-poczatkujacych\/#breadcrumb\"},\"inLanguage\":\"pl-PL\",\"potentialAction\":[{\"@type\":\"ReadAction\",\"target\":[\"https:\/\/casinoreturn.com\/pl\/futbol-amerykanski-kanada-dla-poczatkujacych\/\"]}]},{\"@type\":\"ImageObject\",\"inLanguage\":\"pl-PL\",\"@id\":\"https:\/\/casinoreturn.com\/pl\/futbol-amerykanski-kanada-dla-poczatkujacych\/#primaryimage\",\"url\":\"https:\/\/casinoreturn.com\/wp-content\/uploads\/2024\/12\/Lucky-Days-casino-300x300.png\",\"contentUrl\":\"https:\/\/casinoreturn.com\/wp-content\/uploads\/2024\/12\/Lucky-Days-casino-300x300.png\"},{\"@type\":\"BreadcrumbList\",\"@id\":\"https:\/\/casinoreturn.com\/pl\/futbol-amerykanski-kanada-dla-poczatkujacych\/#breadcrumb\",\"itemListElement\":[{\"@type\":\"ListItem\",\"position\":1,\"name\":\"Home\",\"item\":\"https:\/\/casinoreturn.com\/pl\/strona-glowna\/\"},{\"@type\":\"ListItem\",\"position\":2,\"name\":\"Futbol ameryka\u0144ski Kanada dla pocz\u0105tkuj\u0105cych\"}]},{\"@type\":\"WebSite\",\"@id\":\"https:\/\/casinoreturn.com\/#website\",\"url\":\"https:\/\/casinoreturn.com\/\",\"name\":\"casinoreturn\",\"description\":\"\",\"publisher\":{\"@id\":\"https:\/\/casinoreturn.com\/#organization\"},\"potentialAction\":[{\"@type\":\"SearchAction\",\"target\":{\"@type\":\"EntryPoint\",\"urlTemplate\":\"https:\/\/casinoreturn.com\/?s={search_term_string}\"},\"query-input\":{\"@type\":\"PropertyValueSpecification\",\"valueRequired\":true,\"valueName\":\"search_term_string\"}}],\"inLanguage\":\"pl-PL\"},{\"@type\":\"Organization\",\"@id\":\"https:\/\/casinoreturn.com\/#organization\",\"name\":\"casinoreturn\",\"url\":\"https:\/\/casinoreturn.com\/\",\"logo\":{\"@type\":\"ImageObject\",\"inLanguage\":\"pl-PL\",\"@id\":\"https:\/\/casinoreturn.com\/#\/schema\/logo\/image\/\",\"url\":\"https:\/\/casinoreturn.com\/wp-content\/uploads\/2024\/09\/animal-favicon.png\",\"contentUrl\":\"https:\/\/casinoreturn.com\/wp-content\/uploads\/2024\/09\/animal-favicon.png\",\"width\":92,\"height\":92,\"caption\":\"casinoreturn\"},\"image\":{\"@id\":\"https:\/\/casinoreturn.com\/#\/schema\/logo\/image\/\"}}]}<\/script>\n<!-- \/ Yoast SEO plugin. -->","yoast_head_json":{"title":"Futbol ameryka\u0144ski Kanada dla pocz\u0105tkuj\u0105cych - casinoreturn","description":"Futbol ameryka\u0144ski Kanada dla pocz\u0105tkuj\u0105cych to niezb\u0119dne ABC futbolu ameryka\u0144skiego lub zasady futbolu ameryka\u0144skiego dla opornych. Usi\u0105d\u017a wygodnie i baw si\u0119 dobrze.","robots":{"index":"index","follow":"follow","max-snippet":"max-snippet:-1","max-image-preview":"max-image-preview:large","max-video-preview":"max-video-preview:-1"},"canonical":"https:\/\/casinoreturn.com\/pl\/futbol-amerykanski-kanada-dla-poczatkujacych\/","og_locale":"pl_PL","og_type":"article","og_title":"Futbol ameryka\u0144ski Kanada dla pocz\u0105tkuj\u0105cych - casinoreturn","og_description":"Futbol ameryka\u0144ski Kanada dla pocz\u0105tkuj\u0105cych to niezb\u0119dne ABC futbolu ameryka\u0144skiego lub zasady futbolu ameryka\u0144skiego dla opornych. Usi\u0105d\u017a wygodnie i baw si\u0119 dobrze.","og_url":"https:\/\/casinoreturn.com\/pl\/futbol-amerykanski-kanada-dla-poczatkujacych\/","og_site_name":"casinoreturn","article_modified_time":"2025-02-12T15:47:56+00:00","og_image":[{"width":500,"height":500,"url":"https:\/\/casinoreturn.com\/wp-content\/uploads\/2024\/12\/Lucky-Days-casino.png","type":"image\/png"}],"twitter_card":"summary_large_image","twitter_misc":{"Szacowany czas czytania":"7 minut"},"schema":{"@context":"https:\/\/schema.org","@graph":[{"@type":"WebPage","@id":"https:\/\/casinoreturn.com\/pl\/futbol-amerykanski-kanada-dla-poczatkujacych\/","url":"https:\/\/casinoreturn.com\/pl\/futbol-amerykanski-kanada-dla-poczatkujacych\/","name":"Futbol ameryka\u0144ski Kanada dla pocz\u0105tkuj\u0105cych - casinoreturn","isPartOf":{"@id":"https:\/\/casinoreturn.com\/#website"},"primaryImageOfPage":{"@id":"https:\/\/casinoreturn.com\/pl\/futbol-amerykanski-kanada-dla-poczatkujacych\/#primaryimage"},"image":{"@id":"https:\/\/casinoreturn.com\/pl\/futbol-amerykanski-kanada-dla-poczatkujacych\/#primaryimage"},"thumbnailUrl":"https:\/\/casinoreturn.com\/wp-content\/uploads\/2024\/12\/Lucky-Days-casino-300x300.png","datePublished":"2024-11-03T10:12:19+00:00","dateModified":"2025-02-12T15:47:56+00:00","description":"Futbol ameryka\u0144ski Kanada dla pocz\u0105tkuj\u0105cych to niezb\u0119dne ABC futbolu ameryka\u0144skiego lub zasady futbolu ameryka\u0144skiego dla opornych. Usi\u0105d\u017a wygodnie i baw si\u0119 dobrze.","breadcrumb":{"@id":"https:\/\/casinoreturn.com\/pl\/futbol-amerykanski-kanada-dla-poczatkujacych\/#breadcrumb"},"inLanguage":"pl-PL","potentialAction":[{"@type":"ReadAction","target":["https:\/\/casinoreturn.com\/pl\/futbol-amerykanski-kanada-dla-poczatkujacych\/"]}]},{"@type":"ImageObject","inLanguage":"pl-PL","@id":"https:\/\/casinoreturn.com\/pl\/futbol-amerykanski-kanada-dla-poczatkujacych\/#primaryimage","url":"https:\/\/casinoreturn.com\/wp-content\/uploads\/2024\/12\/Lucky-Days-casino-300x300.png","contentUrl":"https:\/\/casinoreturn.com\/wp-content\/uploads\/2024\/12\/Lucky-Days-casino-300x300.png"},{"@type":"BreadcrumbList","@id":"https:\/\/casinoreturn.com\/pl\/futbol-amerykanski-kanada-dla-poczatkujacych\/#breadcrumb","itemListElement":[{"@type":"ListItem","position":1,"name":"Home","item":"https:\/\/casinoreturn.com\/pl\/strona-glowna\/"},{"@type":"ListItem","position":2,"name":"Futbol ameryka\u0144ski Kanada dla pocz\u0105tkuj\u0105cych"}]},{"@type":"WebSite","@id":"https:\/\/casinoreturn.com\/#website","url":"https:\/\/casinoreturn.com\/","name":"casinoreturn","description":"","publisher":{"@id":"https:\/\/casinoreturn.com\/#organization"},"potentialAction":[{"@type":"SearchAction","target":{"@type":"EntryPoint","urlTemplate":"https:\/\/casinoreturn.com\/?s={search_term_string}"},"query-input":{"@type":"PropertyValueSpecification","valueRequired":true,"valueName":"search_term_string"}}],"inLanguage":"pl-PL"},{"@type":"Organization","@id":"https:\/\/casinoreturn.com\/#organization","name":"casinoreturn","url":"https:\/\/casinoreturn.com\/","logo":{"@type":"ImageObject","inLanguage":"pl-PL","@id":"https:\/\/casinoreturn.com\/#\/schema\/logo\/image\/","url":"https:\/\/casinoreturn.com\/wp-content\/uploads\/2024\/09\/animal-favicon.png","contentUrl":"https:\/\/casinoreturn.com\/wp-content\/uploads\/2024\/09\/animal-favicon.png","width":92,"height":92,"caption":"casinoreturn"},"image":{"@id":"https:\/\/casinoreturn.com\/#\/schema\/logo\/image\/"}}]}},"_links":{"self":[{"href":"https:\/\/casinoreturn.com\/pl\/wp-json\/wp\/v2\/pages\/4992","targetHints":{"allow":["GET"]}}],"collection":[{"href":"https:\/\/casinoreturn.com\/pl\/wp-json\/wp\/v2\/pages"}],"about":[{"href":"https:\/\/casinoreturn.com\/pl\/wp-json\/wp\/v2\/types\/page"}],"author":[{"embeddable":true,"href":"https:\/\/casinoreturn.com\/pl\/wp-json\/wp\/v2\/users\/1"}],"replies":[{"embeddable":true,"href":"https:\/\/casinoreturn.com\/pl\/wp-json\/wp\/v2\/comments?post=4992"}],"version-history":[{"count":2,"href":"https:\/\/casinoreturn.com\/pl\/wp-json\/wp\/v2\/pages\/4992\/revisions"}],"predecessor-version":[{"id":7952,"href":"https:\/\/casinoreturn.com\/pl\/wp-json\/wp\/v2\/pages\/4992\/revisions\/7952"}],"wp:attachment":[{"href":"https:\/\/casinoreturn.com\/pl\/wp-json\/wp\/v2\/media?parent=4992"}],"curies":[{"name":"wp","href":"https:\/\/api.w.org\/{rel}","templated":true}]}}