{"id":5014,"date":"2024-11-13T17:29:31","date_gmt":"2024-11-13T17:29:31","guid":{"rendered":"https:\/\/casinoreturn.com\/zasady-keno-online\/"},"modified":"2024-12-04T13:40:00","modified_gmt":"2024-12-04T13:40:00","slug":"zasady-keno-online","status":"publish","type":"page","link":"https:\/\/casinoreturn.com\/pl\/zasady-keno-online\/","title":{"rendered":"Zasady keno online"},"content":{"rendered":"\t\t<div data-elementor-type=\"wp-page\" data-elementor-id=\"5014\" class=\"elementor elementor-5014\" data-elementor-post-type=\"page\">\n\t\t\t\t<div class=\"elementor-element elementor-element-e950284 e-con-full e-flex e-con e-parent\" data-id=\"e950284\" data-element_type=\"container\">\n\t\t\t\t<div class=\"elementor-element elementor-element-274b4dc elementor-widget elementor-widget-image\" data-id=\"274b4dc\" data-element_type=\"widget\" data-widget_type=\"image.default\">\n\t\t\t\t<div class=\"elementor-widget-container\">\n\t\t\t\t\t\t\t\t\t\t\t\t\t\t\t<img decoding=\"async\" width=\"200\" height=\"200\" src=\"https:\/\/casinoreturn.com\/wp-content\/uploads\/2024\/11\/Online-Keno-Rules.png\" class=\"attachment-large size-large wp-image-3310\" alt=\"Online Keno Rules\" srcset=\"https:\/\/casinoreturn.com\/wp-content\/uploads\/2024\/11\/Online-Keno-Rules.png 200w, https:\/\/casinoreturn.com\/wp-content\/uploads\/2024\/11\/Online-Keno-Rules-150x150.png 150w\" sizes=\"(max-width: 200px) 100vw, 200px\" \/>\t\t\t\t\t\t\t\t\t\t\t\t\t\t\t<\/div>\n\t\t\t\t<\/div>\n\t\t\t\t<div class=\"elementor-element elementor-element-c6bc008 elementor-widget elementor-widget-heading\" data-id=\"c6bc008\" data-element_type=\"widget\" data-widget_type=\"heading.default\">\n\t\t\t\t<div class=\"elementor-widget-container\">\n\t\t\t\t\t<h2 class=\"elementor-heading-title elementor-size-default\">Zasady i strategie Keno online<\/h2>\t\t\t\t<\/div>\n\t\t\t\t<\/div>\n\t\t\t\t<div class=\"elementor-element elementor-element-04d6c59 elementor-widget elementor-widget-text-editor\" data-id=\"04d6c59\" data-element_type=\"widget\" data-widget_type=\"text-editor.default\">\n\t\t\t\t<div class=\"elementor-widget-container\">\n\t\t\t\t\t\t\t\t\t<p><strong>Zasady keno online i jego historia<\/strong><\/p>\n<p>Gra Keno, stworzona w Chinach, zosta\u0142a przywieziona do Stan\u00f3w Zjednoczonych przez chi\u0144skich imigrant\u00f3w pod koniec XIX wieku. Pierwotnie w Keno grano 80 chi\u0144skimi znakami, kt\u00f3re p\u00f3\u017aniej w Stanach Zjednoczonych zast\u0105piono 80 cyframi arabskimi. <\/p>\n<p><strong>Ko\u0144 wy\u015bcigowy zwany Keno!<\/strong><\/p>\n<p>Przez pewien czas w Nevadzie poszczeg\u00f3lne numery by\u0142y tytu\u0142owane imieniem konia wy\u015bcigowego. W rezultacie gra sta\u0142a si\u0119 znana jako &#8222;Racehorse Keno&#8221;. &#8222;W 1951 roku nazwy koni zosta\u0142y wycofane. Jednym z powod\u00f3w by\u0142o na\u0142o\u017cenie podatku na zak\u0142ady poza torem wy\u015bcigowym. Logicznie rzecz bior\u0105c, \u00f3wcze\u015bni operatorzy nie chcieli myli\u0107 gry z klasycznymi zak\u0142adami na konie. W dzisiejszych czasach nadal mo\u017cna znale\u017a\u0107 pozosta\u0142o\u015bci po grze keno racehorse. Je\u015bli przyjrzysz si\u0119 sprawie, zauwa\u017cysz, \u017ce wiele gier jest nadal nazywanych &#8222;wy\u015bcigami&#8221;, je\u015bli obstawiasz wi\u0119cej ni\u017c jedn\u0105 gr\u0119 w tym samym czasie. W ten spos\u00f3b kupujesz bilet na wi\u0119cej ni\u017c jeden wy\u015bcig.      <\/p>\n\t\t\t\t\t\t\t\t<\/div>\n\t\t\t\t<\/div>\n\t\t\t\t<div class=\"elementor-element elementor-element-c14ad00 elementor-widget elementor-widget-heading\" data-id=\"c14ad00\" data-element_type=\"widget\" data-widget_type=\"heading.default\">\n\t\t\t\t<div class=\"elementor-widget-container\">\n\t\t\t\t\t<h3 class=\"elementor-heading-title elementor-size-default\">Jak gra\u0107 w keno?<\/h3>\t\t\t\t<\/div>\n\t\t\t\t<\/div>\n\t\t\t\t<div class=\"elementor-element elementor-element-1f3affb elementor-widget elementor-widget-text-editor\" data-id=\"1f3affb\" data-element_type=\"widget\" data-widget_type=\"text-editor.default\">\n\t\t\t\t<div class=\"elementor-widget-container\">\n\t\t\t\t\t\t\t\t\t<p>Gra jest \u0142atwa do zrozumienia i grania, co czyni j\u0105 \u015bwietn\u0105 okazj\u0105 dla pocz\u0105tkuj\u0105cych graczy online. Graj\u0105c w Keno, mo\u017cesz wybra\u0107 jedn\u0105 lub wi\u0119cej liczb z pola sk\u0142adaj\u0105cego si\u0119 z 80 cyfr. Celem jest, aby jeden z wybranych numer\u00f3w pasowa\u0142 do wywo\u0142anych numer\u00f3w, dzi\u0119ki czemu Tw\u00f3j zak\u0142ad wygrywa.  <\/p>\n<p>Obecnie w salonach gier online, takich jak Digibet, liczby s\u0105 wybierane losowo przy u\u017cyciu tak zwanej warto\u015bci RNG. Je\u015bli poprawnie wybierzesz numer i b\u0119dzie on pasowa\u0142 do numeru, kt\u00f3ry wybra\u0142e\u015b, jest to r\u00f3wnie\u017c nazywane &#8222;z\u0142apaniem&#8221; w keno. <\/p>\n<p>Je\u015bli wybra\u0142e\u015b gr\u0119, warto najpierw wybra\u0107 gr\u0119 zr\u0119czno\u015bciow\u0105 online, a nast\u0119pnie gr\u0119 keno online. W nast\u0119pnym kroku wybierz numery, na kt\u00f3re chcesz postawi\u0107 i poczekaj, a\u017c zostan\u0105 wywo\u0142ane. <\/p>\n\t\t\t\t\t\t\t\t<\/div>\n\t\t\t\t<\/div>\n\t\t\t\t<div class=\"elementor-element elementor-element-8424c0b elementor-widget elementor-widget-heading\" data-id=\"8424c0b\" data-element_type=\"widget\" data-widget_type=\"heading.default\">\n\t\t\t\t<div class=\"elementor-widget-container\">\n\t\t\t\t\t<h2 class=\"elementor-heading-title elementor-size-default\">Jakie s\u0105 szanse na wygran\u0105 w Keno?<\/h2>\t\t\t\t<\/div>\n\t\t\t\t<\/div>\n\t\t\t\t<div class=\"elementor-element elementor-element-4c6c49a elementor-widget elementor-widget-text-editor\" data-id=\"4c6c49a\" data-element_type=\"widget\" data-widget_type=\"text-editor.default\">\n\t\t\t\t<div class=\"elementor-widget-container\">\n\t\t\t\t\t\t\t\t\t<p>Keno jest r\u00f3wnie\u017c jedn\u0105 z klasycznych gier losowych. Oznacza to, \u017ce mo\u017cesz wybra\u0107 liczby, kt\u00f3re lubisz. Bez wzgl\u0119du na wybran\u0105 liczb\u0119, szanse pozostaj\u0105 takie same. Ciekawostka, kt\u00f3ra mo\u017ce Ci\u0119 zainteresowa\u0107: Szansa na trafienie wszystkich 20 liczb wynosi dok\u0142adnie 1 do 3 535 316 142 212 174 320. Do\u015bwiadczeni gracze wiedz\u0105, \u017ce w grze Keno przewaga kasyna jest bardzo wysoka i wynosi oko\u0142o 35%. Z tego powodu wielu graczy wybiera tak\u017ce inne gry, w kt\u00f3rych przewaga kasyna jest ni\u017csza.     <\/p>\n\t\t\t\t\t\t\t\t<\/div>\n\t\t\t\t<\/div>\n\t\t\t\t<div class=\"elementor-element elementor-element-81cfd46 elementor-widget elementor-widget-heading\" data-id=\"81cfd46\" data-element_type=\"widget\" data-widget_type=\"heading.default\">\n\t\t\t\t<div class=\"elementor-widget-container\">\n\t\t\t\t\t<h2 class=\"elementor-heading-title elementor-size-default\">Jakie s\u0105 szanse na wygran\u0105 w Keno online?<\/h2>\t\t\t\t<\/div>\n\t\t\t\t<\/div>\n\t\t\t\t<div class=\"elementor-element elementor-element-fa4acd0 elementor-widget elementor-widget-text-editor\" data-id=\"fa4acd0\" data-element_type=\"widget\" data-widget_type=\"text-editor.default\">\n\t\t\t\t<div class=\"elementor-widget-container\">\n\t\t\t\t\t\t\t\t\t<p>Aby zrozumie\u0107 szanse na wygran\u0105 w Keno, musisz najpierw w pe\u0142ni zrozumie\u0107 funkcj\u0119 kombinatoryczn\u0105. Na przyk\u0142ad w loterii gracz wybiera 6 z 49 liczb. Nast\u0119pnie loteria losuje 6 liczb z 49, a je\u015bli wszystkie 6 liczb pasuje (kolejno\u015b\u0107 nie ma znaczenia), gracz wygrywa. Je\u015bli nie wiesz, \u017ce szanse na wygran\u0105 wynosz\u0105 1 do 13 983 816, musisz sprawdzi\u0107 funkcj\u0119 kombinatora przed kontynuowaniem. W keno automat losuje 20 z 80 liczb bez zamiany. Wcze\u015bniej gracze mog\u0105 wylosowa\u0107 od 1 do 15 (lub wi\u0119cej) liczb. &#8222;Trafienie&#8221; to numer, kt\u00f3ry gracz wybiera i losuje z biblioteki gry. &#8222;Chybienie&#8221; to liczba wybrana przez gracza, kt\u00f3ra nie jest losowana z biblioteki gier. Gracze otrzymuj\u0105 wynagrodzenie na podstawie liczby wylosowanych i z\u0142apanych liczb.        <\/p>\n<p>Kombinacje (80. 20) = 3 535 316 142 212 180 000 opcji W jaki spos\u00f3b kasyno losuje 20 z 80 liczb? Wiele kalkulator\u00f3w nie obs\u0142uguje tak du\u017cych liczb. Aby zmniejszy\u0107 rozmiar kombinacji, zak\u0142adamy, \u017ce biblioteka gry najpierw wylosuje nagrody, ale utrzyma liczby w tajemnicy, a gracze b\u0119d\u0105 pr\u00f3bowali dopasowa\u0107 ju\u017c wylosowane liczby.  <\/p>\n\t\t\t\t\t\t\t\t<\/div>\n\t\t\t\t<\/div>\n\t\t\t\t<div class=\"elementor-element elementor-element-ddd17b4 elementor-widget elementor-widget-heading\" data-id=\"ddd17b4\" data-element_type=\"widget\" data-widget_type=\"heading.default\">\n\t\t\t\t<div class=\"elementor-widget-container\">\n\t\t\t\t\t<h2 class=\"elementor-heading-title elementor-size-default\">Rodzaje Keno online - Pojedyncza gra Keno:<\/h2>\t\t\t\t<\/div>\n\t\t\t\t<\/div>\n\t\t\t\t<div class=\"elementor-element elementor-element-6082c88 elementor-widget elementor-widget-text-editor\" data-id=\"6082c88\" data-element_type=\"widget\" data-widget_type=\"text-editor.default\">\n\t\t\t\t<div class=\"elementor-widget-container\">\n\t\t\t\t\t\t\t\t\t<p>Pojedyncza gra Keno: Nast\u0119pnie musisz odebra\u0107 nagrod\u0119 przed rozpocz\u0119ciem kolejnej gry, w przeciwnym razie mo\u017cesz przegra\u0107 gr\u0119. W kasynach naziemnych mi\u0119dzy zako\u0144czeniem gry keno a rozpocz\u0119ciem nast\u0119pnej gry keno up\u0142ywa tylko oko\u0142o pi\u0119ciu minut. Je\u015bli nie zg\u0142osisz swojego kuponu na czas, zazwyczaj stracisz swoj\u0105 nagrod\u0119. W\u0142a\u015bnie dlatego biblioteka gier opracowa\u0142a Multi-Race Keno, kt\u00f3re pozwala gra\u0107 w wi\u0119cej ni\u017c jedn\u0105 gr\u0119 keno z rz\u0119du bez konieczno\u015bci wstawania na koniec ka\u017cdej gry. Bonus.    <\/p>\n<p>Keno z wieloma wy\u015bcigami\/Prawdopodobie\u0144stwo wygranej w Multi Keno<\/p>\n\t\t\t\t\t\t\t\t<\/div>\n\t\t\t\t<\/div>\n\t\t\t\t<div class=\"elementor-element elementor-element-90e71a5 elementor-widget elementor-widget-heading\" data-id=\"90e71a5\" data-element_type=\"widget\" data-widget_type=\"heading.default\">\n\t\t\t\t<div class=\"elementor-widget-container\">\n\t\t\t\t\t<h3 class=\"elementor-heading-title elementor-size-default\">Wyp\u0142aty w Keno<\/h3>\t\t\t\t<\/div>\n\t\t\t\t<\/div>\n\t\t\t\t<div class=\"elementor-element elementor-element-4de6a37 elementor-widget elementor-widget-text-editor\" data-id=\"4de6a37\" data-element_type=\"widget\" data-widget_type=\"text-editor.default\">\n\t\t\t\t<div class=\"elementor-widget-container\">\n\t\t\t\t\t\t\t\t\t<p>Multi-race keno wymaga zagrania tego samego numeru w serii kolejnych gier, od 2 do 20 gier, i (zazwyczaj) mo\u017cesz odebra\u0107 wygran\u0105 dopiero po ostatniej grze w serii. Musisz tak\u017ce zap\u0142aci\u0107 minimaln\u0105 kwot\u0119 za ka\u017cd\u0105 gr\u0119. Na przyk\u0142ad za 15 gier w keno trzeba zap\u0142aci\u0107 2,30 \u20ac.  <\/p>\n\t\t\t\t\t\t\t\t<\/div>\n\t\t\t\t<\/div>\n\t\t\t\t<div class=\"elementor-element elementor-element-04b4d1b elementor-widget elementor-widget-heading\" data-id=\"04b4d1b\" data-element_type=\"widget\" data-widget_type=\"heading.default\">\n\t\t\t\t<div class=\"elementor-widget-container\">\n\t\t\t\t\t<h3 class=\"elementor-heading-title elementor-size-default\">Nasze porady i wskaz\u00f3wki dotycz\u0105ce keno:<\/h3>\t\t\t\t<\/div>\n\t\t\t\t<\/div>\n\t\t\t\t<div class=\"elementor-element elementor-element-b3019bf elementor-widget elementor-widget-text-editor\" data-id=\"b3019bf\" data-element_type=\"widget\" data-widget_type=\"text-editor.default\">\n\t\t\t\t<div class=\"elementor-widget-container\">\n\t\t\t\t\t\t\t\t\t<p>Keno to czysta gra losowa. Nie ma prawdziwej &#8222;strategii&#8221;, kt\u00f3ra zwi\u0119kszy Twoje szanse na wylosowanie liczb. Mo\u017cesz jednak zwi\u0119kszy\u0107 swoje wygrane, wybieraj\u0105c mniej liczb i maj\u0105c nadziej\u0119 na wy\u017cszy procent poprawnych liczb keno.  <\/p>\n<p>Na pocz\u0105tek warto zagra\u0107 w darmow\u0105 wersj\u0119 Keno online w <a href=\"https:\/\/casinoreturn.com\/pl\/demonstracyjne-automaty-do-gry-w-kasynie\/\">wersji demonstracyjnej Keno<\/a>. W ten spos\u00f3b mo\u017cesz zapozna\u0107 si\u0119 z bibliotek\u0105 gier online, a je\u015bli grasz w gry za darmo, mo\u017cesz wypr\u00f3bowa\u0107 r\u00f3\u017cne warianty keno online. Wi\u0119kszo\u015b\u0107 automat\u00f3w do gier ma darmow\u0105 wersj\u0119 lub tryb treningowy. Ma to na celu umo\u017cliwienie nowym graczom gry bez konieczno\u015bci gry na prawdziwe pieni\u0105dze. Po zapoznaniu si\u0119 z platform\u0105 online mo\u017cesz zacz\u0105\u0107 gra\u0107 w gry keno na prawdziwe pieni\u0105dze. Aby zmaksymalizowa\u0107 zabaw\u0119, pami\u0119taj, aby zwraca\u0107 szczeg\u00f3ln\u0105 uwag\u0119 na swoje saldo i nigdy nie obstawia\u0107 wi\u0119cej, ni\u017c jeste\u015b got\u00f3w straci\u0107. W Keno mo\u017cesz chcie\u0107 zagra\u0107 w kilka gier, wi\u0119c obstawiaj odpowiednio, aby utrzyma\u0107 zabaw\u0119. Konieczne b\u0119dzie r\u00f3wnie\u017c sprawdzenie r\u00f3\u017cnych ofert bonusowych w bibliotece gier, kt\u00f3re mog\u0105 zwi\u0119kszy\u0107 warto\u015b\u0107 rozrywki. Nale\u017cy pami\u0119ta\u0107, \u017ce keno jest gr\u0105 losow\u0105. Oznacza to, \u017ce szanse na wygran\u0105 zawsze b\u0119d\u0105 podobne.         <\/p>\n\t\t\t\t\t\t\t\t<\/div>\n\t\t\t\t<\/div>\n\t\t\t\t<\/div>\n\t\t\t\t<\/div>\n\t\t","protected":false},"excerpt":{"rendered":"<p>Zasady i strategie Keno online Zasady keno online i jego historia Gra Keno, stworzona w Chinach, zosta\u0142a przywieziona do Stan\u00f3w Zjednoczonych przez chi\u0144skich imigrant\u00f3w pod koniec XIX wieku. Pierwotnie w Keno grano 80 chi\u0144skimi znakami, kt\u00f3re p\u00f3\u017aniej w Stanach Zjednoczonych zast\u0105piono 80 cyframi arabskimi. Ko\u0144 wy\u015bcigowy zwany Keno! Przez pewien czas w Nevadzie poszczeg\u00f3lne numery [&hellip;]<\/p>\n","protected":false},"author":1,"featured_media":0,"parent":0,"menu_order":0,"comment_status":"closed","ping_status":"closed","template":"","meta":{"footnotes":""},"class_list":["post-5014","page","type-page","status-publish","hentry"],"blocksy_meta":[],"acf":[],"yoast_head":"<!-- This site is optimized with the Yoast SEO plugin v24.1 - https:\/\/yoast.com\/wordpress\/plugins\/seo\/ -->\n<title>Zasady keno online - casinoreturn<\/title>\n<meta name=\"description\" content=\"Zasady Keno online i jego historia. Jedna z najpopularniejszych gier ostatnich lat. Do\u0142\u0105cz do nas i przeczytaj wi\u0119cej o strategiach i strategiach Keno.\" \/>\n<meta name=\"robots\" content=\"index, follow, max-snippet:-1, max-image-preview:large, max-video-preview:-1\" \/>\n<link rel=\"canonical\" href=\"https:\/\/casinoreturn.com\/pl\/zasady-keno-online\/\" \/>\n<meta property=\"og:locale\" content=\"pl_PL\" \/>\n<meta property=\"og:type\" content=\"article\" \/>\n<meta property=\"og:title\" content=\"Zasady keno online - casinoreturn\" \/>\n<meta property=\"og:description\" content=\"Zasady Keno online i jego historia. Jedna z najpopularniejszych gier ostatnich lat. Do\u0142\u0105cz do nas i przeczytaj wi\u0119cej o strategiach i strategiach Keno.\" \/>\n<meta property=\"og:url\" content=\"https:\/\/casinoreturn.com\/pl\/zasady-keno-online\/\" \/>\n<meta property=\"og:site_name\" content=\"casinoreturn\" \/>\n<meta property=\"article:modified_time\" content=\"2024-12-04T13:40:00+00:00\" \/>\n<meta property=\"og:image\" content=\"https:\/\/casinoreturn.com\/wp-content\/uploads\/2024\/11\/Online-Keno-Rules.png\" \/>\n\t<meta property=\"og:image:width\" content=\"200\" \/>\n\t<meta property=\"og:image:height\" content=\"200\" \/>\n\t<meta property=\"og:image:type\" content=\"image\/png\" \/>\n<meta name=\"twitter:card\" content=\"summary_large_image\" \/>\n<meta name=\"twitter:label1\" content=\"Szacowany czas czytania\" \/>\n\t<meta name=\"twitter:data1\" content=\"5 minut\" \/>\n<script type=\"application\/ld+json\" class=\"yoast-schema-graph\">{\"@context\":\"https:\/\/schema.org\",\"@graph\":[{\"@type\":\"WebPage\",\"@id\":\"https:\/\/casinoreturn.com\/pl\/zasady-keno-online\/\",\"url\":\"https:\/\/casinoreturn.com\/pl\/zasady-keno-online\/\",\"name\":\"Zasady keno online - casinoreturn\",\"isPartOf\":{\"@id\":\"https:\/\/casinoreturn.com\/#website\"},\"primaryImageOfPage\":{\"@id\":\"https:\/\/casinoreturn.com\/pl\/zasady-keno-online\/#primaryimage\"},\"image\":{\"@id\":\"https:\/\/casinoreturn.com\/pl\/zasady-keno-online\/#primaryimage\"},\"thumbnailUrl\":\"https:\/\/casinoreturn.com\/wp-content\/uploads\/2024\/11\/Online-Keno-Rules.png\",\"datePublished\":\"2024-11-13T17:29:31+00:00\",\"dateModified\":\"2024-12-04T13:40:00+00:00\",\"description\":\"Zasady Keno online i jego historia. Jedna z najpopularniejszych gier ostatnich lat. Do\u0142\u0105cz do nas i przeczytaj wi\u0119cej o strategiach i strategiach Keno.\",\"breadcrumb\":{\"@id\":\"https:\/\/casinoreturn.com\/pl\/zasady-keno-online\/#breadcrumb\"},\"inLanguage\":\"pl-PL\",\"potentialAction\":[{\"@type\":\"ReadAction\",\"target\":[\"https:\/\/casinoreturn.com\/pl\/zasady-keno-online\/\"]}]},{\"@type\":\"ImageObject\",\"inLanguage\":\"pl-PL\",\"@id\":\"https:\/\/casinoreturn.com\/pl\/zasady-keno-online\/#primaryimage\",\"url\":\"https:\/\/casinoreturn.com\/wp-content\/uploads\/2024\/11\/Online-Keno-Rules.png\",\"contentUrl\":\"https:\/\/casinoreturn.com\/wp-content\/uploads\/2024\/11\/Online-Keno-Rules.png\"},{\"@type\":\"BreadcrumbList\",\"@id\":\"https:\/\/casinoreturn.com\/pl\/zasady-keno-online\/#breadcrumb\",\"itemListElement\":[{\"@type\":\"ListItem\",\"position\":1,\"name\":\"Home\",\"item\":\"https:\/\/casinoreturn.com\/pl\/strona-glowna\/\"},{\"@type\":\"ListItem\",\"position\":2,\"name\":\"Zasady keno online\"}]},{\"@type\":\"WebSite\",\"@id\":\"https:\/\/casinoreturn.com\/#website\",\"url\":\"https:\/\/casinoreturn.com\/\",\"name\":\"casinoreturn\",\"description\":\"\",\"publisher\":{\"@id\":\"https:\/\/casinoreturn.com\/#organization\"},\"potentialAction\":[{\"@type\":\"SearchAction\",\"target\":{\"@type\":\"EntryPoint\",\"urlTemplate\":\"https:\/\/casinoreturn.com\/?s={search_term_string}\"},\"query-input\":{\"@type\":\"PropertyValueSpecification\",\"valueRequired\":true,\"valueName\":\"search_term_string\"}}],\"inLanguage\":\"pl-PL\"},{\"@type\":\"Organization\",\"@id\":\"https:\/\/casinoreturn.com\/#organization\",\"name\":\"casinoreturn\",\"url\":\"https:\/\/casinoreturn.com\/\",\"logo\":{\"@type\":\"ImageObject\",\"inLanguage\":\"pl-PL\",\"@id\":\"https:\/\/casinoreturn.com\/#\/schema\/logo\/image\/\",\"url\":\"https:\/\/casinoreturn.com\/wp-content\/uploads\/2024\/09\/animal-favicon.png\",\"contentUrl\":\"https:\/\/casinoreturn.com\/wp-content\/uploads\/2024\/09\/animal-favicon.png\",\"width\":92,\"height\":92,\"caption\":\"casinoreturn\"},\"image\":{\"@id\":\"https:\/\/casinoreturn.com\/#\/schema\/logo\/image\/\"}}]}<\/script>\n<!-- \/ Yoast SEO plugin. -->","yoast_head_json":{"title":"Zasady keno online - casinoreturn","description":"Zasady Keno online i jego historia. Jedna z najpopularniejszych gier ostatnich lat. Do\u0142\u0105cz do nas i przeczytaj wi\u0119cej o strategiach i strategiach Keno.","robots":{"index":"index","follow":"follow","max-snippet":"max-snippet:-1","max-image-preview":"max-image-preview:large","max-video-preview":"max-video-preview:-1"},"canonical":"https:\/\/casinoreturn.com\/pl\/zasady-keno-online\/","og_locale":"pl_PL","og_type":"article","og_title":"Zasady keno online - casinoreturn","og_description":"Zasady Keno online i jego historia. Jedna z najpopularniejszych gier ostatnich lat. Do\u0142\u0105cz do nas i przeczytaj wi\u0119cej o strategiach i strategiach Keno.","og_url":"https:\/\/casinoreturn.com\/pl\/zasady-keno-online\/","og_site_name":"casinoreturn","article_modified_time":"2024-12-04T13:40:00+00:00","og_image":[{"width":200,"height":200,"url":"https:\/\/casinoreturn.com\/wp-content\/uploads\/2024\/11\/Online-Keno-Rules.png","type":"image\/png"}],"twitter_card":"summary_large_image","twitter_misc":{"Szacowany czas czytania":"5 minut"},"schema":{"@context":"https:\/\/schema.org","@graph":[{"@type":"WebPage","@id":"https:\/\/casinoreturn.com\/pl\/zasady-keno-online\/","url":"https:\/\/casinoreturn.com\/pl\/zasady-keno-online\/","name":"Zasady keno online - casinoreturn","isPartOf":{"@id":"https:\/\/casinoreturn.com\/#website"},"primaryImageOfPage":{"@id":"https:\/\/casinoreturn.com\/pl\/zasady-keno-online\/#primaryimage"},"image":{"@id":"https:\/\/casinoreturn.com\/pl\/zasady-keno-online\/#primaryimage"},"thumbnailUrl":"https:\/\/casinoreturn.com\/wp-content\/uploads\/2024\/11\/Online-Keno-Rules.png","datePublished":"2024-11-13T17:29:31+00:00","dateModified":"2024-12-04T13:40:00+00:00","description":"Zasady Keno online i jego historia. Jedna z najpopularniejszych gier ostatnich lat. Do\u0142\u0105cz do nas i przeczytaj wi\u0119cej o strategiach i strategiach Keno.","breadcrumb":{"@id":"https:\/\/casinoreturn.com\/pl\/zasady-keno-online\/#breadcrumb"},"inLanguage":"pl-PL","potentialAction":[{"@type":"ReadAction","target":["https:\/\/casinoreturn.com\/pl\/zasady-keno-online\/"]}]},{"@type":"ImageObject","inLanguage":"pl-PL","@id":"https:\/\/casinoreturn.com\/pl\/zasady-keno-online\/#primaryimage","url":"https:\/\/casinoreturn.com\/wp-content\/uploads\/2024\/11\/Online-Keno-Rules.png","contentUrl":"https:\/\/casinoreturn.com\/wp-content\/uploads\/2024\/11\/Online-Keno-Rules.png"},{"@type":"BreadcrumbList","@id":"https:\/\/casinoreturn.com\/pl\/zasady-keno-online\/#breadcrumb","itemListElement":[{"@type":"ListItem","position":1,"name":"Home","item":"https:\/\/casinoreturn.com\/pl\/strona-glowna\/"},{"@type":"ListItem","position":2,"name":"Zasady keno online"}]},{"@type":"WebSite","@id":"https:\/\/casinoreturn.com\/#website","url":"https:\/\/casinoreturn.com\/","name":"casinoreturn","description":"","publisher":{"@id":"https:\/\/casinoreturn.com\/#organization"},"potentialAction":[{"@type":"SearchAction","target":{"@type":"EntryPoint","urlTemplate":"https:\/\/casinoreturn.com\/?s={search_term_string}"},"query-input":{"@type":"PropertyValueSpecification","valueRequired":true,"valueName":"search_term_string"}}],"inLanguage":"pl-PL"},{"@type":"Organization","@id":"https:\/\/casinoreturn.com\/#organization","name":"casinoreturn","url":"https:\/\/casinoreturn.com\/","logo":{"@type":"ImageObject","inLanguage":"pl-PL","@id":"https:\/\/casinoreturn.com\/#\/schema\/logo\/image\/","url":"https:\/\/casinoreturn.com\/wp-content\/uploads\/2024\/09\/animal-favicon.png","contentUrl":"https:\/\/casinoreturn.com\/wp-content\/uploads\/2024\/09\/animal-favicon.png","width":92,"height":92,"caption":"casinoreturn"},"image":{"@id":"https:\/\/casinoreturn.com\/#\/schema\/logo\/image\/"}}]}},"_links":{"self":[{"href":"https:\/\/casinoreturn.com\/pl\/wp-json\/wp\/v2\/pages\/5014","targetHints":{"allow":["GET"]}}],"collection":[{"href":"https:\/\/casinoreturn.com\/pl\/wp-json\/wp\/v2\/pages"}],"about":[{"href":"https:\/\/casinoreturn.com\/pl\/wp-json\/wp\/v2\/types\/page"}],"author":[{"embeddable":true,"href":"https:\/\/casinoreturn.com\/pl\/wp-json\/wp\/v2\/users\/1"}],"replies":[{"embeddable":true,"href":"https:\/\/casinoreturn.com\/pl\/wp-json\/wp\/v2\/comments?post=5014"}],"version-history":[{"count":1,"href":"https:\/\/casinoreturn.com\/pl\/wp-json\/wp\/v2\/pages\/5014\/revisions"}],"predecessor-version":[{"id":5015,"href":"https:\/\/casinoreturn.com\/pl\/wp-json\/wp\/v2\/pages\/5014\/revisions\/5015"}],"wp:attachment":[{"href":"https:\/\/casinoreturn.com\/pl\/wp-json\/wp\/v2\/media?parent=5014"}],"curies":[{"name":"wp","href":"https:\/\/api.w.org\/{rel}","templated":true}]}}