{"id":5058,"date":"2024-11-20T16:41:12","date_gmt":"2024-11-20T16:41:12","guid":{"rendered":"https:\/\/casinoreturn.com\/poker-krolewski\/"},"modified":"2024-12-04T14:00:04","modified_gmt":"2024-12-04T14:00:04","slug":"poker-krolewski","status":"publish","type":"page","link":"https:\/\/casinoreturn.com\/pl\/poker-krolewski\/","title":{"rendered":"Poker kr\u00f3lewski"},"content":{"rendered":"\t\t<div data-elementor-type=\"wp-page\" data-elementor-id=\"5058\" class=\"elementor elementor-5058\" data-elementor-post-type=\"page\">\n\t\t\t\t<div class=\"elementor-element elementor-element-544c1d6 e-con-full e-flex e-con e-parent\" data-id=\"544c1d6\" data-element_type=\"container\" data-e-type=\"container\">\n\t\t\t\t<div class=\"elementor-element elementor-element-7598f05 elementor-widget elementor-widget-heading\" data-id=\"7598f05\" data-element_type=\"widget\" data-e-type=\"widget\" data-widget_type=\"heading.default\">\n\t\t\t\t<div class=\"elementor-widget-container\">\n\t\t\t\t\t<h2 class=\"elementor-heading-title elementor-size-default\">Poker Kr\u00f3lewski - \"Ta jedyna r\u0119ka w pokerze\"<\/h2>\t\t\t\t<\/div>\n\t\t\t\t<\/div>\n\t\t\t\t<div class=\"elementor-element elementor-element-c8fb580 elementor-widget elementor-widget-image\" data-id=\"c8fb580\" data-element_type=\"widget\" data-e-type=\"widget\" data-widget_type=\"image.default\">\n\t\t\t\t<div class=\"elementor-widget-container\">\n\t\t\t\t\t\t\t\t\t\t\t\t\t\t\t<img fetchpriority=\"high\" decoding=\"async\" width=\"522\" height=\"360\" src=\"https:\/\/casinoreturn.com\/wp-content\/uploads\/2024\/11\/Royal-Flush-in-Poker.jpg\" class=\"attachment-large size-large wp-image-3699\" alt=\"creator-television-and-poker-world-tour-align\" srcset=\"https:\/\/casinoreturn.com\/wp-content\/uploads\/2024\/11\/Royal-Flush-in-Poker.jpg 522w, https:\/\/casinoreturn.com\/wp-content\/uploads\/2024\/11\/Royal-Flush-in-Poker-300x207.jpg 300w\" sizes=\"(max-width: 522px) 100vw, 522px\" \/>\t\t\t\t\t\t\t\t\t\t\t\t\t\t\t<\/div>\n\t\t\t\t<\/div>\n\t\t\t\t<div class=\"elementor-element elementor-element-4a45df4 elementor-widget elementor-widget-heading\" data-id=\"4a45df4\" data-element_type=\"widget\" data-e-type=\"widget\" data-widget_type=\"heading.default\">\n\t\t\t\t<div class=\"elementor-widget-container\">\n\t\t\t\t\t<h2 class=\"elementor-heading-title elementor-size-default\">Czym jest pokerowy poker kr\u00f3lewski?<\/h2>\t\t\t\t<\/div>\n\t\t\t\t<\/div>\n\t\t\t\t<div class=\"elementor-element elementor-element-91fa191 elementor-button-success elementor-align-center elementor-widget elementor-widget-button\" data-id=\"91fa191\" data-element_type=\"widget\" data-e-type=\"widget\" data-widget_type=\"button.default\">\n\t\t\t\t<div class=\"elementor-widget-container\">\n\t\t\t\t\t\t\t\t\t<div class=\"elementor-button-wrapper\">\n\t\t\t\t\t<a class=\"elementor-button elementor-button-link elementor-size-sm\" href=\"https:\/\/casinoreturn.com\/pl\/kasyna-pokerowe-online\/\">\n\t\t\t\t\t\t<span class=\"elementor-button-content-wrapper\">\n\t\t\t\t\t\t\t\t\t<span class=\"elementor-button-text\">Zagraj w pokera tutaj<\/span>\n\t\t\t\t\t<\/span>\n\t\t\t\t\t<\/a>\n\t\t\t\t<\/div>\n\t\t\t\t\t\t\t\t<\/div>\n\t\t\t\t<\/div>\n\t\t\t\t<div class=\"elementor-element elementor-element-ffeecd1 elementor-widget elementor-widget-text-editor\" data-id=\"ffeecd1\" data-element_type=\"widget\" data-e-type=\"widget\" data-widget_type=\"text-editor.default\">\n\t\t\t\t<div class=\"elementor-widget-container\">\n\t\t\t\t\t\t\t\t\t<p>Poker kr\u00f3lewski w pokerze, matka wszystkich uk\u0142ad\u00f3w w pokerze. Jest to pewna kombinacja kart, kt\u00f3ra mo\u017ce by\u0107 u\u017cyta w pokerze. Jak wspomniano powy\u017cej, nie jest to dowolna kombinacja; kombinacja o najwy\u017cszej warto\u015bci zawsze wygrywa. Poker kr\u00f3lewski sk\u0142ada si\u0119 z pi\u0119ciu kolejnych kart, takich jak 6, 7, 8, 9 i 10. Szczeg\u00f3ln\u0105 cech\u0105 pokera kr\u00f3lewskiego jest to, \u017ce sekwencja (r\u00f3wnie\u017c Straight lub Street) jest najwy\u017cszego rz\u0119du: 10, walet, dama, kr\u00f3l i as, a jakby tego by\u0142o ma\u0142o, karty Royal Flush musz\u0105 by\u0107 w tym samym kolorze, niezale\u017cnie od koloru. W rzeczywisto\u015bci kolor kr\u00f3lewski jest najlepszy. Kolor zawsze sk\u0142ada si\u0119 z pi\u0119ciu kart w tym samym kolorze. Tak wi\u0119c, je\u015bli s\u0105 to wszystkie najwy\u017csze karty w kolorze, masz kolor kr\u00f3lewski.       <\/p>\n\t\t\t\t\t\t\t\t<\/div>\n\t\t\t\t<\/div>\n\t\t\t\t<div class=\"elementor-element elementor-element-83611db elementor-widget elementor-widget-heading\" data-id=\"83611db\" data-element_type=\"widget\" data-e-type=\"widget\" data-widget_type=\"heading.default\">\n\t\t\t\t<div class=\"elementor-widget-container\">\n\t\t\t\t\t<h3 class=\"elementor-heading-title elementor-size-default\">Ocena uk\u0142adu pokerowego<\/h3>\t\t\t\t<\/div>\n\t\t\t\t<\/div>\n\t\t\t\t<div class=\"elementor-element elementor-element-59a7e45 elementor-widget elementor-widget-text-editor\" data-id=\"59a7e45\" data-element_type=\"widget\" data-e-type=\"widget\" data-widget_type=\"text-editor.default\">\n\t\t\t\t<div class=\"elementor-widget-container\">\n\t\t\t\t\t\t\t\t\t<p>Nie mo\u017cna si\u0119 pomyli\u0107 z uk\u0142adem Royal Flush. Dzieje si\u0119 tak, poniewa\u017c masz ju\u017c najlepsz\u0105 mo\u017cliw\u0105 kombinacj\u0119. Jednak w przypadku koloru kr\u00f3lewskiego nale\u017cy pami\u0119ta\u0107 o kilku rzeczach, nawet je\u015bli masz ju\u017c cztery karty w rz\u0119dzie w tym samym kolorze. Nie oznacza to, \u017ce odpowiednia pi\u0105ta karta jest dodawana na ko\u0144cu. Je\u015bli odpowiednia karta nie dotrze do ko\u0144ca, pr\u00f3ba uzyskania Kr\u00f3lewskiego Koloru w pokerze cz\u0119sto ko\u0144czy si\u0119 burzliwym rozdaniem ko\u0144cowym. Ryzyko jest ogromne.     <\/p>\n\t\t\t\t\t\t\t\t<\/div>\n\t\t\t\t<\/div>\n\t\t\t\t<div class=\"elementor-element elementor-element-fc7dee4 elementor-widget elementor-widget-heading\" data-id=\"fc7dee4\" data-element_type=\"widget\" data-e-type=\"widget\" data-widget_type=\"heading.default\">\n\t\t\t\t<div class=\"elementor-widget-container\">\n\t\t\t\t\t<h3 class=\"elementor-heading-title elementor-size-default\">Optymalna strategia dla pokera kr\u00f3lewskiego<\/h3>\t\t\t\t<\/div>\n\t\t\t\t<\/div>\n\t\t\t\t<div class=\"elementor-element elementor-element-8889405 elementor-widget elementor-widget-text-editor\" data-id=\"8889405\" data-element_type=\"widget\" data-e-type=\"widget\" data-widget_type=\"text-editor.default\">\n\t\t\t\t<div class=\"elementor-widget-container\">\n\t\t\t\t\t\t\t\t\t<p>Je\u015bli chcesz mie\u0107 pokera kr\u00f3lewskiego, najbardziej op\u0142acalne b\u0119dzie zagranie tylko obiecuj\u0105cych uk\u0142ad\u00f3w pokera kr\u00f3lewskiego. Pasowanie wszystkich innych kart nie jest najlepsz\u0105 strategi\u0105. Cz\u0119sto bardziej obiecuj\u0105ce jest obstawienie innej kombinacji kart, kt\u00f3ra jest bardziej prawdopodobna. Wa\u017cne jest r\u00f3wnie\u017c, aby mie\u0107 oko na zachowanie innych graczy. Aby to zrobi\u0107, musisz bardzo uwa\u017cnie analizowa\u0107 ich zachowanie w grze. Ostatecznie, aby uzyska\u0107 kolor kr\u00f3lewski, wystarczy mie\u0107 go tylko raz i pokona\u0107 inne dobre uk\u0142ady. Poniewa\u017c s\u0105 one r\u00f3wnie\u017c do\u015b\u0107 rzadkie, Royal Flush jest rzadko potrzebny. Wa\u017cne jest r\u00f3wnie\u017c to, \u017ce je\u015bli istnieje du\u017ce prawdopodobie\u0144stwo, \u017ce tw\u00f3j przeciwnik nie jest zbyt niepewny na Royal Flush i sprawdza, poniewa\u017c, niestety, tw\u00f3j Royal Flush nie przyda ci si\u0119, je\u015bli twoi przeciwnicy spasuj\u0105 przedwcze\u015bnie. Oczywi\u015bcie sytuacja wygl\u0105da inaczej, gdy grasz w pokera wideo. Poniewa\u017c w pokerze wideo mo\u017cesz osi\u0105gn\u0105\u0107 nieproporcjonalnie wysoki zysk dzi\u0119ki Pokerowi Kr\u00f3lewskiemu, powiniene\u015b zawsze gra\u0107 z Kolorem Kr\u00f3lewskim. Poniewa\u017c nie masz tutaj \u017cadnych wrog\u00f3w, nie graj t\u0105 rol\u0105.          <\/p>\n\t\t\t\t\t\t\t\t<\/div>\n\t\t\t\t<\/div>\n\t\t\t\t<div class=\"elementor-element elementor-element-863e8de elementor-widget elementor-widget-heading\" data-id=\"863e8de\" data-element_type=\"widget\" data-e-type=\"widget\" data-widget_type=\"heading.default\">\n\t\t\t\t<div class=\"elementor-widget-container\">\n\t\t\t\t\t<h3 class=\"elementor-heading-title elementor-size-default\">Warianty pokera w Royal Flush?<\/h3>\t\t\t\t<\/div>\n\t\t\t\t<\/div>\n\t\t\t\t<div class=\"elementor-element elementor-element-80672b1 elementor-widget elementor-widget-text-editor\" data-id=\"80672b1\" data-element_type=\"widget\" data-e-type=\"widget\" data-widget_type=\"text-editor.default\">\n\t\t\t\t<div class=\"elementor-widget-container\">\n\t\t\t\t\t\t\t\t\t<p>Poker kr\u00f3lewski wyst\u0119puje we wszystkich odmianach pokera, kt\u00f3re s\u0105 nadal powszechnie rozgrywane, takich jak Texas Hold&#8217;em, Five Card Draw i Seven Card Stud. Jak wspomniano powy\u017cej, znalezienie wariantu pokera bez pokera kr\u00f3lewskiego jest prawie tak trudne, jak jego zdobycie. <\/p>\n\t\t\t\t\t\t\t\t<\/div>\n\t\t\t\t<\/div>\n\t\t\t\t<\/div>\n\t\t\t\t<\/div>\n\t\t","protected":false},"excerpt":{"rendered":"<p>Poker Kr\u00f3lewski &#8211; &#8222;Ta jedyna r\u0119ka w pokerze&#8221; Czym jest pokerowy poker kr\u00f3lewski? Zagraj w pokera tutaj Poker kr\u00f3lewski w pokerze, matka wszystkich uk\u0142ad\u00f3w w pokerze. Jest to pewna kombinacja kart, kt\u00f3ra mo\u017ce by\u0107 u\u017cyta w pokerze. Jak wspomniano powy\u017cej, nie jest to dowolna kombinacja; kombinacja o najwy\u017cszej warto\u015bci zawsze wygrywa. Poker kr\u00f3lewski sk\u0142ada si\u0119 [&hellip;]<\/p>\n","protected":false},"author":1,"featured_media":0,"parent":0,"menu_order":0,"comment_status":"closed","ping_status":"closed","template":"","meta":{"footnotes":""},"class_list":["post-5058","page","type-page","status-publish","hentry"],"blocksy_meta":[],"acf":[],"yoast_head":"<!-- This site is optimized with the Yoast SEO plugin v24.1 - https:\/\/yoast.com\/wordpress\/plugins\/seo\/ -->\n<title>Poker kr\u00f3lewski - casinoreturn<\/title>\n<meta name=\"description\" content=\"Pokerowy poker kr\u00f3lewski, wielka dama wszystkich uk\u0142ad\u00f3w. Zapomnij o czw\u00f3rkach i asach. Nasz ma\u0142y przewodnik udzieli ci kilku informacji.\" \/>\n<meta name=\"robots\" content=\"index, follow, max-snippet:-1, max-image-preview:large, max-video-preview:-1\" \/>\n<link rel=\"canonical\" href=\"https:\/\/casinoreturn.com\/pl\/poker-krolewski\/\" \/>\n<meta property=\"og:locale\" content=\"pl_PL\" \/>\n<meta property=\"og:type\" content=\"article\" \/>\n<meta property=\"og:title\" content=\"Poker kr\u00f3lewski - casinoreturn\" \/>\n<meta property=\"og:description\" content=\"Pokerowy poker kr\u00f3lewski, wielka dama wszystkich uk\u0142ad\u00f3w. Zapomnij o czw\u00f3rkach i asach. Nasz ma\u0142y przewodnik udzieli ci kilku informacji.\" \/>\n<meta property=\"og:url\" content=\"https:\/\/casinoreturn.com\/pl\/poker-krolewski\/\" \/>\n<meta property=\"og:site_name\" content=\"casinoreturn\" \/>\n<meta property=\"article:modified_time\" content=\"2024-12-04T14:00:04+00:00\" \/>\n<meta property=\"og:image\" content=\"https:\/\/casinoreturn.com\/wp-content\/uploads\/2024\/11\/Royal-Flush-in-Poker.jpg\" \/>\n\t<meta property=\"og:image:width\" content=\"522\" \/>\n\t<meta property=\"og:image:height\" content=\"360\" \/>\n\t<meta property=\"og:image:type\" content=\"image\/jpeg\" \/>\n<meta name=\"twitter:card\" content=\"summary_large_image\" \/>\n<meta name=\"twitter:label1\" content=\"Szacowany czas czytania\" \/>\n\t<meta name=\"twitter:data1\" content=\"2 minuty\" \/>\n<script type=\"application\/ld+json\" class=\"yoast-schema-graph\">{\"@context\":\"https:\/\/schema.org\",\"@graph\":[{\"@type\":\"WebPage\",\"@id\":\"https:\/\/casinoreturn.com\/pl\/poker-krolewski\/\",\"url\":\"https:\/\/casinoreturn.com\/pl\/poker-krolewski\/\",\"name\":\"Poker kr\u00f3lewski - casinoreturn\",\"isPartOf\":{\"@id\":\"https:\/\/casinoreturn.com\/#website\"},\"primaryImageOfPage\":{\"@id\":\"https:\/\/casinoreturn.com\/pl\/poker-krolewski\/#primaryimage\"},\"image\":{\"@id\":\"https:\/\/casinoreturn.com\/pl\/poker-krolewski\/#primaryimage\"},\"thumbnailUrl\":\"https:\/\/casinoreturn.com\/wp-content\/uploads\/2024\/11\/Royal-Flush-in-Poker.jpg\",\"datePublished\":\"2024-11-20T16:41:12+00:00\",\"dateModified\":\"2024-12-04T14:00:04+00:00\",\"description\":\"Pokerowy poker kr\u00f3lewski, wielka dama wszystkich uk\u0142ad\u00f3w. Zapomnij o czw\u00f3rkach i asach. Nasz ma\u0142y przewodnik udzieli ci kilku informacji.\",\"breadcrumb\":{\"@id\":\"https:\/\/casinoreturn.com\/pl\/poker-krolewski\/#breadcrumb\"},\"inLanguage\":\"pl-PL\",\"potentialAction\":[{\"@type\":\"ReadAction\",\"target\":[\"https:\/\/casinoreturn.com\/pl\/poker-krolewski\/\"]}]},{\"@type\":\"ImageObject\",\"inLanguage\":\"pl-PL\",\"@id\":\"https:\/\/casinoreturn.com\/pl\/poker-krolewski\/#primaryimage\",\"url\":\"https:\/\/casinoreturn.com\/wp-content\/uploads\/2024\/11\/Royal-Flush-in-Poker.jpg\",\"contentUrl\":\"https:\/\/casinoreturn.com\/wp-content\/uploads\/2024\/11\/Royal-Flush-in-Poker.jpg\"},{\"@type\":\"BreadcrumbList\",\"@id\":\"https:\/\/casinoreturn.com\/pl\/poker-krolewski\/#breadcrumb\",\"itemListElement\":[{\"@type\":\"ListItem\",\"position\":1,\"name\":\"Home\",\"item\":\"https:\/\/casinoreturn.com\/pl\/strona-glowna\/\"},{\"@type\":\"ListItem\",\"position\":2,\"name\":\"Poker kr\u00f3lewski\"}]},{\"@type\":\"WebSite\",\"@id\":\"https:\/\/casinoreturn.com\/#website\",\"url\":\"https:\/\/casinoreturn.com\/\",\"name\":\"casinoreturn\",\"description\":\"\",\"publisher\":{\"@id\":\"https:\/\/casinoreturn.com\/#organization\"},\"potentialAction\":[{\"@type\":\"SearchAction\",\"target\":{\"@type\":\"EntryPoint\",\"urlTemplate\":\"https:\/\/casinoreturn.com\/?s={search_term_string}\"},\"query-input\":{\"@type\":\"PropertyValueSpecification\",\"valueRequired\":true,\"valueName\":\"search_term_string\"}}],\"inLanguage\":\"pl-PL\"},{\"@type\":\"Organization\",\"@id\":\"https:\/\/casinoreturn.com\/#organization\",\"name\":\"casinoreturn\",\"url\":\"https:\/\/casinoreturn.com\/\",\"logo\":{\"@type\":\"ImageObject\",\"inLanguage\":\"pl-PL\",\"@id\":\"https:\/\/casinoreturn.com\/#\/schema\/logo\/image\/\",\"url\":\"https:\/\/casinoreturn.com\/wp-content\/uploads\/2024\/09\/animal-favicon.png\",\"contentUrl\":\"https:\/\/casinoreturn.com\/wp-content\/uploads\/2024\/09\/animal-favicon.png\",\"width\":92,\"height\":92,\"caption\":\"casinoreturn\"},\"image\":{\"@id\":\"https:\/\/casinoreturn.com\/#\/schema\/logo\/image\/\"}}]}<\/script>\n<!-- \/ Yoast SEO plugin. -->","yoast_head_json":{"title":"Poker kr\u00f3lewski - casinoreturn","description":"Pokerowy poker kr\u00f3lewski, wielka dama wszystkich uk\u0142ad\u00f3w. Zapomnij o czw\u00f3rkach i asach. Nasz ma\u0142y przewodnik udzieli ci kilku informacji.","robots":{"index":"index","follow":"follow","max-snippet":"max-snippet:-1","max-image-preview":"max-image-preview:large","max-video-preview":"max-video-preview:-1"},"canonical":"https:\/\/casinoreturn.com\/pl\/poker-krolewski\/","og_locale":"pl_PL","og_type":"article","og_title":"Poker kr\u00f3lewski - casinoreturn","og_description":"Pokerowy poker kr\u00f3lewski, wielka dama wszystkich uk\u0142ad\u00f3w. Zapomnij o czw\u00f3rkach i asach. Nasz ma\u0142y przewodnik udzieli ci kilku informacji.","og_url":"https:\/\/casinoreturn.com\/pl\/poker-krolewski\/","og_site_name":"casinoreturn","article_modified_time":"2024-12-04T14:00:04+00:00","og_image":[{"width":522,"height":360,"url":"https:\/\/casinoreturn.com\/wp-content\/uploads\/2024\/11\/Royal-Flush-in-Poker.jpg","type":"image\/jpeg"}],"twitter_card":"summary_large_image","twitter_misc":{"Szacowany czas czytania":"2 minuty"},"schema":{"@context":"https:\/\/schema.org","@graph":[{"@type":"WebPage","@id":"https:\/\/casinoreturn.com\/pl\/poker-krolewski\/","url":"https:\/\/casinoreturn.com\/pl\/poker-krolewski\/","name":"Poker kr\u00f3lewski - casinoreturn","isPartOf":{"@id":"https:\/\/casinoreturn.com\/#website"},"primaryImageOfPage":{"@id":"https:\/\/casinoreturn.com\/pl\/poker-krolewski\/#primaryimage"},"image":{"@id":"https:\/\/casinoreturn.com\/pl\/poker-krolewski\/#primaryimage"},"thumbnailUrl":"https:\/\/casinoreturn.com\/wp-content\/uploads\/2024\/11\/Royal-Flush-in-Poker.jpg","datePublished":"2024-11-20T16:41:12+00:00","dateModified":"2024-12-04T14:00:04+00:00","description":"Pokerowy poker kr\u00f3lewski, wielka dama wszystkich uk\u0142ad\u00f3w. Zapomnij o czw\u00f3rkach i asach. Nasz ma\u0142y przewodnik udzieli ci kilku informacji.","breadcrumb":{"@id":"https:\/\/casinoreturn.com\/pl\/poker-krolewski\/#breadcrumb"},"inLanguage":"pl-PL","potentialAction":[{"@type":"ReadAction","target":["https:\/\/casinoreturn.com\/pl\/poker-krolewski\/"]}]},{"@type":"ImageObject","inLanguage":"pl-PL","@id":"https:\/\/casinoreturn.com\/pl\/poker-krolewski\/#primaryimage","url":"https:\/\/casinoreturn.com\/wp-content\/uploads\/2024\/11\/Royal-Flush-in-Poker.jpg","contentUrl":"https:\/\/casinoreturn.com\/wp-content\/uploads\/2024\/11\/Royal-Flush-in-Poker.jpg"},{"@type":"BreadcrumbList","@id":"https:\/\/casinoreturn.com\/pl\/poker-krolewski\/#breadcrumb","itemListElement":[{"@type":"ListItem","position":1,"name":"Home","item":"https:\/\/casinoreturn.com\/pl\/strona-glowna\/"},{"@type":"ListItem","position":2,"name":"Poker kr\u00f3lewski"}]},{"@type":"WebSite","@id":"https:\/\/casinoreturn.com\/#website","url":"https:\/\/casinoreturn.com\/","name":"casinoreturn","description":"","publisher":{"@id":"https:\/\/casinoreturn.com\/#organization"},"potentialAction":[{"@type":"SearchAction","target":{"@type":"EntryPoint","urlTemplate":"https:\/\/casinoreturn.com\/?s={search_term_string}"},"query-input":{"@type":"PropertyValueSpecification","valueRequired":true,"valueName":"search_term_string"}}],"inLanguage":"pl-PL"},{"@type":"Organization","@id":"https:\/\/casinoreturn.com\/#organization","name":"casinoreturn","url":"https:\/\/casinoreturn.com\/","logo":{"@type":"ImageObject","inLanguage":"pl-PL","@id":"https:\/\/casinoreturn.com\/#\/schema\/logo\/image\/","url":"https:\/\/casinoreturn.com\/wp-content\/uploads\/2024\/09\/animal-favicon.png","contentUrl":"https:\/\/casinoreturn.com\/wp-content\/uploads\/2024\/09\/animal-favicon.png","width":92,"height":92,"caption":"casinoreturn"},"image":{"@id":"https:\/\/casinoreturn.com\/#\/schema\/logo\/image\/"}}]}},"_links":{"self":[{"href":"https:\/\/casinoreturn.com\/pl\/wp-json\/wp\/v2\/pages\/5058","targetHints":{"allow":["GET"]}}],"collection":[{"href":"https:\/\/casinoreturn.com\/pl\/wp-json\/wp\/v2\/pages"}],"about":[{"href":"https:\/\/casinoreturn.com\/pl\/wp-json\/wp\/v2\/types\/page"}],"author":[{"embeddable":true,"href":"https:\/\/casinoreturn.com\/pl\/wp-json\/wp\/v2\/users\/1"}],"replies":[{"embeddable":true,"href":"https:\/\/casinoreturn.com\/pl\/wp-json\/wp\/v2\/comments?post=5058"}],"version-history":[{"count":1,"href":"https:\/\/casinoreturn.com\/pl\/wp-json\/wp\/v2\/pages\/5058\/revisions"}],"predecessor-version":[{"id":5059,"href":"https:\/\/casinoreturn.com\/pl\/wp-json\/wp\/v2\/pages\/5058\/revisions\/5059"}],"wp:attachment":[{"href":"https:\/\/casinoreturn.com\/pl\/wp-json\/wp\/v2\/media?parent=5058"}],"curies":[{"name":"wp","href":"https:\/\/api.w.org\/{rel}","templated":true}]}}