{"id":6156,"date":"2024-11-12T22:30:29","date_gmt":"2024-11-12T22:30:29","guid":{"rendered":"https:\/\/casinoreturn.com\/kanadyjskie-bonusy-kasynowe-bez-zakladow\/"},"modified":"2024-12-20T00:42:52","modified_gmt":"2024-12-20T00:42:52","slug":"kanadyjskie-bonusy-kasynowe-bez-zakladow","status":"publish","type":"page","link":"https:\/\/casinoreturn.com\/pl\/kanadyjskie-bonusy-kasynowe-bez-zakladow\/","title":{"rendered":"Kanadyjskie bonusy kasynowe bez zak\u0142ad\u00f3w"},"content":{"rendered":"\t\t<div data-elementor-type=\"wp-page\" data-elementor-id=\"6156\" class=\"elementor elementor-6156\" data-elementor-post-type=\"page\">\n\t\t\t\t<div class=\"elementor-element elementor-element-099340e e-con-full e-flex e-con e-parent\" data-id=\"099340e\" data-element_type=\"container\">\n\t\t\t\t<div class=\"elementor-element elementor-element-9452dd6 elementor-widget elementor-widget-heading\" data-id=\"9452dd6\" data-element_type=\"widget\" data-widget_type=\"heading.default\">\n\t\t\t\t<div class=\"elementor-widget-container\">\n\t\t\t\t\t<h4 class=\"elementor-heading-title elementor-size-default\">Bonusy kasynowe bez zak\u0142ad\u00f3w w Kanadzie to niez\u0142e blizny. Wymienili\u015bmy dla Ciebie kilka z tych bonus\u00f3w bez zak\u0142ad\u00f3w.   <\/h4>\t\t\t\t<\/div>\n\t\t\t\t<\/div>\n\t\t\t\t<div class=\"elementor-element elementor-element-206107d elementor-widget elementor-widget-image\" data-id=\"206107d\" data-element_type=\"widget\" data-widget_type=\"image.default\">\n\t\t\t\t<div class=\"elementor-widget-container\">\n\t\t\t\t\t\t\t\t\t\t\t\t\t\t\t<img fetchpriority=\"high\" decoding=\"async\" width=\"300\" height=\"300\" src=\"https:\/\/casinoreturn.com\/wp-content\/uploads\/2024\/11\/No-Wagering-Casino-Bonuses.png\" class=\"attachment-large size-large wp-image-3189\" alt=\"No Wagering Casino Bonuses\" srcset=\"https:\/\/casinoreturn.com\/wp-content\/uploads\/2024\/11\/No-Wagering-Casino-Bonuses.png 300w, https:\/\/casinoreturn.com\/wp-content\/uploads\/2024\/11\/No-Wagering-Casino-Bonuses-150x150.png 150w\" sizes=\"(max-width: 300px) 100vw, 300px\" \/>\t\t\t\t\t\t\t\t\t\t\t\t\t\t\t<\/div>\n\t\t\t\t<\/div>\n\t\t\t\t<div class=\"elementor-element elementor-element-a282737 elementor-widget elementor-widget-heading\" data-id=\"a282737\" data-element_type=\"widget\" data-widget_type=\"heading.default\">\n\t\t\t\t<div class=\"elementor-widget-container\">\n\t\t\t\t\t<h4 class=\"elementor-heading-title elementor-size-default\">Nasz najlepszy wyb\u00f3r bonus\u00f3w bez zak\u0142ad\u00f3w w Kanadzie.  <\/h4>\t\t\t\t<\/div>\n\t\t\t\t<\/div>\n\t\t\t\t<div class=\"elementor-element elementor-element-a7c48aa elementor-button-success elementor-align-center elementor-widget elementor-widget-button\" data-id=\"a7c48aa\" data-element_type=\"widget\" data-widget_type=\"button.default\">\n\t\t\t\t<div class=\"elementor-widget-container\">\n\t\t\t\t\t\t\t\t\t<div class=\"elementor-button-wrapper\">\n\t\t\t\t\t<a class=\"elementor-button elementor-button-link elementor-size-sm\" href=\"#\">\n\t\t\t\t\t\t<span class=\"elementor-button-content-wrapper\">\n\t\t\t\t\t\t\t\t\t<span class=\"elementor-button-text\">50 darmowych spin\u00f3w bez zak\u0142ad\u00f3w na THOR - zagraj w OJO Casino ju\u017c dzi\u015b!<\/span>\n\t\t\t\t\t<\/span>\n\t\t\t\t\t<\/a>\n\t\t\t\t<\/div>\n\t\t\t\t\t\t\t\t<\/div>\n\t\t\t\t<\/div>\n\t\t\t\t<div class=\"elementor-element elementor-element-4236979 elementor-countdown--label-block elementor-widget elementor-widget-countdown\" data-id=\"4236979\" data-element_type=\"widget\" data-widget_type=\"countdown.default\">\n\t\t\t\t<div class=\"elementor-widget-container\">\n\t\t\t\t\t\t\t<div data-expire-actions=\"[{&quot;type&quot;:&quot;message&quot;}]\" class=\"elementor-countdown-wrapper\" data-date=\"1767224100\">\n\t\t\t<div class=\"elementor-countdown-item\"><span class=\"elementor-countdown-digits elementor-countdown-days\"><\/span> <span class=\"elementor-countdown-label\">Dni<\/span><\/div><div class=\"elementor-countdown-item\"><span class=\"elementor-countdown-digits elementor-countdown-hours\"><\/span> <span class=\"elementor-countdown-label\">Godziny<\/span><\/div><div class=\"elementor-countdown-item\"><span class=\"elementor-countdown-digits elementor-countdown-minutes\"><\/span> <span class=\"elementor-countdown-label\">Protok\u00f3\u0142<\/span><\/div><div class=\"elementor-countdown-item\"><span class=\"elementor-countdown-digits elementor-countdown-seconds\"><\/span> <span class=\"elementor-countdown-label\">Sekundy<\/span><\/div>\t\t<\/div>\n\t\t\t\t\t\t<div class=\"elementor-countdown-expire--message\">\n\t\t\t\t\tOdbierz 50 darmowych spin\u00f3w bez wymaga\u0144 obrotu na THOR - zagraj w OJO Casino bez zak\u0142ad\u00f3w darmowych spin\u00f3w ju\u017c dzi\u015b\t\t\t\t<\/div>\n\t\t\t\t\t\t\t\t<\/div>\n\t\t\t\t<\/div>\n\t\t\t\t<div class=\"elementor-element elementor-element-a9b8b0a elementor-widget elementor-widget-image\" data-id=\"a9b8b0a\" data-element_type=\"widget\" data-widget_type=\"image.default\">\n\t\t\t\t<div class=\"elementor-widget-container\">\n\t\t\t\t\t\t\t\t\t\t\t\t\t\t\t<img decoding=\"async\" width=\"300\" height=\"150\" src=\"https:\/\/casinoreturn.com\/wp-content\/uploads\/2024\/12\/Play-Ojo-no-wagering-free-spins.png\" class=\"attachment-large size-large wp-image-6119\" alt=\"Play Ojo no wagering free spins\" \/>\t\t\t\t\t\t\t\t\t\t\t\t\t\t\t<\/div>\n\t\t\t\t<\/div>\n\t\t\t\t<div class=\"elementor-element elementor-element-ccbe21f elementor-widget elementor-widget-heading\" data-id=\"ccbe21f\" data-element_type=\"widget\" data-widget_type=\"heading.default\">\n\t\t\t\t<div class=\"elementor-widget-container\">\n\t\t\t\t\t<h4 class=\"elementor-heading-title elementor-size-default\">Wi\u0119cej informacji o braku zak\u0142ad\u00f3w, darmowych spinach bez depozytu i bonusie bez depozytu w Kanadzie i Ontario.<\/h4>\t\t\t\t<\/div>\n\t\t\t\t<\/div>\n\t\t\t\t<div class=\"elementor-element elementor-element-e56fee4 elementor-widget elementor-widget-text-editor\" data-id=\"e56fee4\" data-element_type=\"widget\" data-widget_type=\"text-editor.default\">\n\t\t\t\t<div class=\"elementor-widget-container\">\n\t\t\t\t\t\t\t\t\t<h5><strong>Jak odebra\u0107 50 darmowych spin\u00f3w bez zak\u0142ad\u00f3w?<\/strong><\/h5>\n<p>Aby odebra\u0107 te 50 spin\u00f3w bez zak\u0142ad\u00f3w, nale\u017cy wykona\u0107 tylko kilka krok\u00f3w.<\/p>\n<ul>\n<li>Zarejestruj si\u0119 w PlayOJO<\/li>\n<li>Numer telefonu i data urodzenia s\u0105 wymagane tylko do otwarcia konta w kasynie PlayOJO.<\/li>\n<li>Dokonaj wp\u0142aty i zagraj w darmowe spiny ( <a href=\"https:\/\/www.playojo.com\/en\/reward-policy\/?appName=PlayOJO\">obowi\u0105zuj\u0105<\/a> warunki)<\/li>\n<\/ul>\n\t\t\t\t\t\t\t\t<\/div>\n\t\t\t\t<\/div>\n\t\t\t\t<div class=\"elementor-element elementor-element-8ab4dfd elementor-widget elementor-widget-image\" data-id=\"8ab4dfd\" data-element_type=\"widget\" data-widget_type=\"image.default\">\n\t\t\t\t<div class=\"elementor-widget-container\">\n\t\t\t\t\t\t\t\t\t\t\t\t\t\t\t<img decoding=\"async\" width=\"514\" height=\"388\" src=\"https:\/\/casinoreturn.com\/wp-content\/uploads\/2024\/12\/50-No-Wagering-Free-Spins.png\" class=\"attachment-large size-large wp-image-6131\" alt=\"50 No Wagering Free Spins\" srcset=\"https:\/\/casinoreturn.com\/wp-content\/uploads\/2024\/12\/50-No-Wagering-Free-Spins.png 514w, https:\/\/casinoreturn.com\/wp-content\/uploads\/2024\/12\/50-No-Wagering-Free-Spins-300x226.png 300w\" sizes=\"(max-width: 514px) 100vw, 514px\" \/>\t\t\t\t\t\t\t\t\t\t\t\t\t\t\t<\/div>\n\t\t\t\t<\/div>\n\t\t\t\t<div class=\"elementor-element elementor-element-f04881c elementor-widget elementor-widget-heading\" data-id=\"f04881c\" data-element_type=\"widget\" data-widget_type=\"heading.default\">\n\t\t\t\t<div class=\"elementor-widget-container\">\n\t\t\t\t\t<h4 class=\"elementor-heading-title elementor-size-default\">Czym s\u0105 zak\u0142ady w kasynie?<\/h4>\t\t\t\t<\/div>\n\t\t\t\t<\/div>\n\t\t\t\t<div class=\"elementor-element elementor-element-380aa18 elementor-widget elementor-widget-text-editor\" data-id=\"380aa18\" data-element_type=\"widget\" data-widget_type=\"text-editor.default\">\n\t\t\t\t<div class=\"elementor-widget-container\">\n\t\t\t\t\t\t\t\t\t<p>Obstawianie w kasynie to proces wype\u0142niania warunk\u00f3w dowolnego darmowego bonusu lub og\u00f3lnego bonusu kasynowego. Oto kilka przyk\u0142ad\u00f3w, jak dzia\u0142a obstawianie w kasynie online. Zacznijmy od 50 darmowych spin\u00f3w PlayOJO bez zak\u0142ad\u00f3w. Regulamin stanowi, \u017ce przyznawanych jest 50 obrot\u00f3w:     <\/p>\n<ul>\n<li>Kwalifikuj\u0105ca si\u0119 pierwsza wp\u0142ata musi zosta\u0107 dokonana<\/li>\n<li>THOR &#8211; Slot do wykorzystania tylko przy minimalnych zak\u0142adach 0,10 CAD<\/li>\n<li><a href=\"https:\/\/www.playojo.com\/en\/reward-policy\/?appName=PlayOJO\">Obowi\u0105zuje regulamin  <\/a><\/li>\n<\/ul>\n<p>Poniewa\u017c nie ma wymogu obrotu, ka\u017cdy z pi\u0119\u0107dziesi\u0119ciu obrot\u00f3w mo\u017ce zamieni\u0107 si\u0119 w wygran\u0105 pieni\u0119\u017cn\u0105.  <\/p>\n<p><strong>Np. dla wymogu obrotu 50 razy.<\/strong><\/p>\n<ul>\n<li>Kwalifikuj\u0105ca si\u0119 pierwsza wp\u0142ata musi zosta\u0107 dokonana<\/li>\n<li>THOR &#8211; Slot do wykorzystania tylko przy minimalnych zak\u0142adach 0,10 CAD<\/li>\n<li>Regulamin ma zastosowanie  <\/li>\n<li>Wym\u00f3g obrotu 50 razy<\/li>\n<\/ul>\n<p>Aby zako\u0144czy\u0107 obstawianie i m\u00f3c wyp\u0142aci\u0107 wygrane, gracz musi postawi\u0107 wygran\u0105 50 razy.  <strong>Np. ca\u0142kowita wygrana ze wszystkich 50 darmowych spin\u00f3w wynosi 50 kredyt\u00f3w. Gracz musi postawi\u0107 50 x 50 kredyt\u00f3w = 250 kredyt\u00f3w przy minimalnej linii kredytowej 0,10 \u20ac. <\/strong>  Wszelkie pozosta\u0142e wygrane s\u0105 automatycznie zamieniane na prawdziwe pieni\u0105dze.<\/p>\n\t\t\t\t\t\t\t\t<\/div>\n\t\t\t\t<\/div>\n\t\t\t\t<div class=\"elementor-element elementor-element-859f500 elementor-widget elementor-widget-heading\" data-id=\"859f500\" data-element_type=\"widget\" data-widget_type=\"heading.default\">\n\t\t\t\t<div class=\"elementor-widget-container\">\n\t\t\t\t\t<h4 class=\"elementor-heading-title elementor-size-default\">Jakie s\u0105 korzy\u015bci z bonusu bez zak\u0142ad\u00f3w?<\/h4>\t\t\t\t<\/div>\n\t\t\t\t<\/div>\n\t\t\t\t<div class=\"elementor-element elementor-element-ad45116 elementor-widget elementor-widget-text-editor\" data-id=\"ad45116\" data-element_type=\"widget\" data-widget_type=\"text-editor.default\">\n\t\t\t\t<div class=\"elementor-widget-container\">\n\t\t\t\t\t\t\t\t\t<p>Zalet\u0105 bonusu bez zak\u0142ad\u00f3w jest to, \u017ce natychmiast zamienia si\u0119 on w prawdziwe pieni\u0105dze. Nie jest to zbyt powszechne i wi\u0105\u017ce si\u0119 ze znacznymi kosztami dla kasyn online. Jego zastosowanie jest promocyjne, takie jak prezenty urodzinowe lub w celu przyci\u0105gni\u0119cia nowych graczy.    <\/p>\n<p><strong><span style=\"text-decoration: underline;\">Zalety bonusu bez zak\u0142ad\u00f3w<\/span><\/strong><\/p>\n<p>Ni\u017csze ryzyko dla graczy<\/p>\n<p>Natychmiastowe wygrane<\/p>\n<p><strong><span style=\"text-decoration: underline;\">Contra dla braku wymaga\u0144 dotycz\u0105cych zak\u0142ad\u00f3w<\/span><\/strong><\/p>\n<p>Warunki zwi\u0105zane z bonusem nale\u017cy przeczyta\u0107 w pierwszej kolejno\u015bci  <\/p>\n<p>Wymagany jest minimalny depozyt<\/p>\n<p>Wyp\u0142ata jest cz\u0119sto powi\u0105zana z procesem KYC  <\/p>\n\t\t\t\t\t\t\t\t<\/div>\n\t\t\t\t<\/div>\n\t\t\t\t<\/div>\n\t\t\t\t<\/div>\n\t\t","protected":false},"excerpt":{"rendered":"<p>Bonusy kasynowe bez zak\u0142ad\u00f3w w Kanadzie to niez\u0142e blizny. Wymienili\u015bmy dla Ciebie kilka z tych bonus\u00f3w bez zak\u0142ad\u00f3w. Nasz najlepszy wyb\u00f3r bonus\u00f3w bez zak\u0142ad\u00f3w w Kanadzie. 50 darmowych spin\u00f3w bez zak\u0142ad\u00f3w na THOR &#8211; zagraj w OJO Casino ju\u017c dzi\u015b! Dni Godziny Protok\u00f3\u0142 Sekundy Odbierz 50 darmowych spin\u00f3w bez wymaga\u0144 obrotu na THOR &#8211; zagraj [&hellip;]<\/p>\n","protected":false},"author":1,"featured_media":0,"parent":0,"menu_order":0,"comment_status":"closed","ping_status":"closed","template":"","meta":{"footnotes":""},"class_list":["post-6156","page","type-page","status-publish","hentry"],"blocksy_meta":[],"acf":[],"yoast_head":"<!-- This site is optimized with the Yoast SEO plugin v24.1 - https:\/\/yoast.com\/wordpress\/plugins\/seo\/ -->\n<title>Kanadyjskie bonusy kasynowe bez zak\u0142ad\u00f3w - casinoreturn<\/title>\n<meta name=\"description\" content=\"Bonusy kasynowe bez zak\u0142ad\u00f3w w Kanadzie to \u015bwietny spos\u00f3b na przyci\u0105gni\u0119cie nowych graczy. Zintensyfikowane za pomoc\u0105 bonusu bez depozytu lub darmowych spin\u00f3w bez depozytu.\" \/>\n<meta name=\"robots\" content=\"index, follow, max-snippet:-1, max-image-preview:large, max-video-preview:-1\" \/>\n<link rel=\"canonical\" href=\"https:\/\/casinoreturn.com\/pl\/kanadyjskie-bonusy-kasynowe-bez-zakladow\/\" \/>\n<meta property=\"og:locale\" content=\"pl_PL\" \/>\n<meta property=\"og:type\" content=\"article\" \/>\n<meta property=\"og:title\" content=\"Kanadyjskie bonusy kasynowe bez zak\u0142ad\u00f3w - casinoreturn\" \/>\n<meta property=\"og:description\" content=\"Bonusy kasynowe bez zak\u0142ad\u00f3w w Kanadzie to \u015bwietny spos\u00f3b na przyci\u0105gni\u0119cie nowych graczy. Zintensyfikowane za pomoc\u0105 bonusu bez depozytu lub darmowych spin\u00f3w bez depozytu.\" \/>\n<meta property=\"og:url\" content=\"https:\/\/casinoreturn.com\/pl\/kanadyjskie-bonusy-kasynowe-bez-zakladow\/\" \/>\n<meta property=\"og:site_name\" content=\"casinoreturn\" \/>\n<meta property=\"article:modified_time\" content=\"2024-12-20T00:42:52+00:00\" \/>\n<meta property=\"og:image\" content=\"https:\/\/casinoreturn.com\/wp-content\/uploads\/2024\/11\/No-Wagering-Casino-Bonuses.png\" \/>\n\t<meta property=\"og:image:width\" content=\"300\" \/>\n\t<meta property=\"og:image:height\" content=\"300\" \/>\n\t<meta property=\"og:image:type\" content=\"image\/png\" \/>\n<meta name=\"twitter:card\" content=\"summary_large_image\" \/>\n<meta name=\"twitter:label1\" content=\"Szacowany czas czytania\" \/>\n\t<meta name=\"twitter:data1\" content=\"2 minuty\" \/>\n<script type=\"application\/ld+json\" class=\"yoast-schema-graph\">{\"@context\":\"https:\/\/schema.org\",\"@graph\":[{\"@type\":\"WebPage\",\"@id\":\"https:\/\/casinoreturn.com\/pl\/kanadyjskie-bonusy-kasynowe-bez-zakladow\/\",\"url\":\"https:\/\/casinoreturn.com\/pl\/kanadyjskie-bonusy-kasynowe-bez-zakladow\/\",\"name\":\"Kanadyjskie bonusy kasynowe bez zak\u0142ad\u00f3w - casinoreturn\",\"isPartOf\":{\"@id\":\"https:\/\/casinoreturn.com\/#website\"},\"primaryImageOfPage\":{\"@id\":\"https:\/\/casinoreturn.com\/pl\/kanadyjskie-bonusy-kasynowe-bez-zakladow\/#primaryimage\"},\"image\":{\"@id\":\"https:\/\/casinoreturn.com\/pl\/kanadyjskie-bonusy-kasynowe-bez-zakladow\/#primaryimage\"},\"thumbnailUrl\":\"https:\/\/casinoreturn.com\/wp-content\/uploads\/2024\/11\/No-Wagering-Casino-Bonuses.png\",\"datePublished\":\"2024-11-12T22:30:29+00:00\",\"dateModified\":\"2024-12-20T00:42:52+00:00\",\"description\":\"Bonusy kasynowe bez zak\u0142ad\u00f3w w Kanadzie to \u015bwietny spos\u00f3b na przyci\u0105gni\u0119cie nowych graczy. Zintensyfikowane za pomoc\u0105 bonusu bez depozytu lub darmowych spin\u00f3w bez depozytu.\",\"breadcrumb\":{\"@id\":\"https:\/\/casinoreturn.com\/pl\/kanadyjskie-bonusy-kasynowe-bez-zakladow\/#breadcrumb\"},\"inLanguage\":\"pl-PL\",\"potentialAction\":[{\"@type\":\"ReadAction\",\"target\":[\"https:\/\/casinoreturn.com\/pl\/kanadyjskie-bonusy-kasynowe-bez-zakladow\/\"]}]},{\"@type\":\"ImageObject\",\"inLanguage\":\"pl-PL\",\"@id\":\"https:\/\/casinoreturn.com\/pl\/kanadyjskie-bonusy-kasynowe-bez-zakladow\/#primaryimage\",\"url\":\"https:\/\/casinoreturn.com\/wp-content\/uploads\/2024\/11\/No-Wagering-Casino-Bonuses.png\",\"contentUrl\":\"https:\/\/casinoreturn.com\/wp-content\/uploads\/2024\/11\/No-Wagering-Casino-Bonuses.png\"},{\"@type\":\"BreadcrumbList\",\"@id\":\"https:\/\/casinoreturn.com\/pl\/kanadyjskie-bonusy-kasynowe-bez-zakladow\/#breadcrumb\",\"itemListElement\":[{\"@type\":\"ListItem\",\"position\":1,\"name\":\"Home\",\"item\":\"https:\/\/casinoreturn.com\/pl\/strona-glowna\/\"},{\"@type\":\"ListItem\",\"position\":2,\"name\":\"Kanadyjskie bonusy kasynowe bez zak\u0142ad\u00f3w\"}]},{\"@type\":\"WebSite\",\"@id\":\"https:\/\/casinoreturn.com\/#website\",\"url\":\"https:\/\/casinoreturn.com\/\",\"name\":\"casinoreturn\",\"description\":\"\",\"publisher\":{\"@id\":\"https:\/\/casinoreturn.com\/#organization\"},\"potentialAction\":[{\"@type\":\"SearchAction\",\"target\":{\"@type\":\"EntryPoint\",\"urlTemplate\":\"https:\/\/casinoreturn.com\/?s={search_term_string}\"},\"query-input\":{\"@type\":\"PropertyValueSpecification\",\"valueRequired\":true,\"valueName\":\"search_term_string\"}}],\"inLanguage\":\"pl-PL\"},{\"@type\":\"Organization\",\"@id\":\"https:\/\/casinoreturn.com\/#organization\",\"name\":\"casinoreturn\",\"url\":\"https:\/\/casinoreturn.com\/\",\"logo\":{\"@type\":\"ImageObject\",\"inLanguage\":\"pl-PL\",\"@id\":\"https:\/\/casinoreturn.com\/#\/schema\/logo\/image\/\",\"url\":\"https:\/\/casinoreturn.com\/wp-content\/uploads\/2024\/09\/animal-favicon.png\",\"contentUrl\":\"https:\/\/casinoreturn.com\/wp-content\/uploads\/2024\/09\/animal-favicon.png\",\"width\":92,\"height\":92,\"caption\":\"casinoreturn\"},\"image\":{\"@id\":\"https:\/\/casinoreturn.com\/#\/schema\/logo\/image\/\"}}]}<\/script>\n<!-- \/ Yoast SEO plugin. -->","yoast_head_json":{"title":"Kanadyjskie bonusy kasynowe bez zak\u0142ad\u00f3w - casinoreturn","description":"Bonusy kasynowe bez zak\u0142ad\u00f3w w Kanadzie to \u015bwietny spos\u00f3b na przyci\u0105gni\u0119cie nowych graczy. Zintensyfikowane za pomoc\u0105 bonusu bez depozytu lub darmowych spin\u00f3w bez depozytu.","robots":{"index":"index","follow":"follow","max-snippet":"max-snippet:-1","max-image-preview":"max-image-preview:large","max-video-preview":"max-video-preview:-1"},"canonical":"https:\/\/casinoreturn.com\/pl\/kanadyjskie-bonusy-kasynowe-bez-zakladow\/","og_locale":"pl_PL","og_type":"article","og_title":"Kanadyjskie bonusy kasynowe bez zak\u0142ad\u00f3w - casinoreturn","og_description":"Bonusy kasynowe bez zak\u0142ad\u00f3w w Kanadzie to \u015bwietny spos\u00f3b na przyci\u0105gni\u0119cie nowych graczy. Zintensyfikowane za pomoc\u0105 bonusu bez depozytu lub darmowych spin\u00f3w bez depozytu.","og_url":"https:\/\/casinoreturn.com\/pl\/kanadyjskie-bonusy-kasynowe-bez-zakladow\/","og_site_name":"casinoreturn","article_modified_time":"2024-12-20T00:42:52+00:00","og_image":[{"width":300,"height":300,"url":"https:\/\/casinoreturn.com\/wp-content\/uploads\/2024\/11\/No-Wagering-Casino-Bonuses.png","type":"image\/png"}],"twitter_card":"summary_large_image","twitter_misc":{"Szacowany czas czytania":"2 minuty"},"schema":{"@context":"https:\/\/schema.org","@graph":[{"@type":"WebPage","@id":"https:\/\/casinoreturn.com\/pl\/kanadyjskie-bonusy-kasynowe-bez-zakladow\/","url":"https:\/\/casinoreturn.com\/pl\/kanadyjskie-bonusy-kasynowe-bez-zakladow\/","name":"Kanadyjskie bonusy kasynowe bez zak\u0142ad\u00f3w - casinoreturn","isPartOf":{"@id":"https:\/\/casinoreturn.com\/#website"},"primaryImageOfPage":{"@id":"https:\/\/casinoreturn.com\/pl\/kanadyjskie-bonusy-kasynowe-bez-zakladow\/#primaryimage"},"image":{"@id":"https:\/\/casinoreturn.com\/pl\/kanadyjskie-bonusy-kasynowe-bez-zakladow\/#primaryimage"},"thumbnailUrl":"https:\/\/casinoreturn.com\/wp-content\/uploads\/2024\/11\/No-Wagering-Casino-Bonuses.png","datePublished":"2024-11-12T22:30:29+00:00","dateModified":"2024-12-20T00:42:52+00:00","description":"Bonusy kasynowe bez zak\u0142ad\u00f3w w Kanadzie to \u015bwietny spos\u00f3b na przyci\u0105gni\u0119cie nowych graczy. Zintensyfikowane za pomoc\u0105 bonusu bez depozytu lub darmowych spin\u00f3w bez depozytu.","breadcrumb":{"@id":"https:\/\/casinoreturn.com\/pl\/kanadyjskie-bonusy-kasynowe-bez-zakladow\/#breadcrumb"},"inLanguage":"pl-PL","potentialAction":[{"@type":"ReadAction","target":["https:\/\/casinoreturn.com\/pl\/kanadyjskie-bonusy-kasynowe-bez-zakladow\/"]}]},{"@type":"ImageObject","inLanguage":"pl-PL","@id":"https:\/\/casinoreturn.com\/pl\/kanadyjskie-bonusy-kasynowe-bez-zakladow\/#primaryimage","url":"https:\/\/casinoreturn.com\/wp-content\/uploads\/2024\/11\/No-Wagering-Casino-Bonuses.png","contentUrl":"https:\/\/casinoreturn.com\/wp-content\/uploads\/2024\/11\/No-Wagering-Casino-Bonuses.png"},{"@type":"BreadcrumbList","@id":"https:\/\/casinoreturn.com\/pl\/kanadyjskie-bonusy-kasynowe-bez-zakladow\/#breadcrumb","itemListElement":[{"@type":"ListItem","position":1,"name":"Home","item":"https:\/\/casinoreturn.com\/pl\/strona-glowna\/"},{"@type":"ListItem","position":2,"name":"Kanadyjskie bonusy kasynowe bez zak\u0142ad\u00f3w"}]},{"@type":"WebSite","@id":"https:\/\/casinoreturn.com\/#website","url":"https:\/\/casinoreturn.com\/","name":"casinoreturn","description":"","publisher":{"@id":"https:\/\/casinoreturn.com\/#organization"},"potentialAction":[{"@type":"SearchAction","target":{"@type":"EntryPoint","urlTemplate":"https:\/\/casinoreturn.com\/?s={search_term_string}"},"query-input":{"@type":"PropertyValueSpecification","valueRequired":true,"valueName":"search_term_string"}}],"inLanguage":"pl-PL"},{"@type":"Organization","@id":"https:\/\/casinoreturn.com\/#organization","name":"casinoreturn","url":"https:\/\/casinoreturn.com\/","logo":{"@type":"ImageObject","inLanguage":"pl-PL","@id":"https:\/\/casinoreturn.com\/#\/schema\/logo\/image\/","url":"https:\/\/casinoreturn.com\/wp-content\/uploads\/2024\/09\/animal-favicon.png","contentUrl":"https:\/\/casinoreturn.com\/wp-content\/uploads\/2024\/09\/animal-favicon.png","width":92,"height":92,"caption":"casinoreturn"},"image":{"@id":"https:\/\/casinoreturn.com\/#\/schema\/logo\/image\/"}}]}},"_links":{"self":[{"href":"https:\/\/casinoreturn.com\/pl\/wp-json\/wp\/v2\/pages\/6156","targetHints":{"allow":["GET"]}}],"collection":[{"href":"https:\/\/casinoreturn.com\/pl\/wp-json\/wp\/v2\/pages"}],"about":[{"href":"https:\/\/casinoreturn.com\/pl\/wp-json\/wp\/v2\/types\/page"}],"author":[{"embeddable":true,"href":"https:\/\/casinoreturn.com\/pl\/wp-json\/wp\/v2\/users\/1"}],"replies":[{"embeddable":true,"href":"https:\/\/casinoreturn.com\/pl\/wp-json\/wp\/v2\/comments?post=6156"}],"version-history":[{"count":1,"href":"https:\/\/casinoreturn.com\/pl\/wp-json\/wp\/v2\/pages\/6156\/revisions"}],"predecessor-version":[{"id":6157,"href":"https:\/\/casinoreturn.com\/pl\/wp-json\/wp\/v2\/pages\/6156\/revisions\/6157"}],"wp:attachment":[{"href":"https:\/\/casinoreturn.com\/pl\/wp-json\/wp\/v2\/media?parent=6156"}],"curies":[{"name":"wp","href":"https:\/\/api.w.org\/{rel}","templated":true}]}}