{"id":7132,"date":"2025-01-28T13:07:40","date_gmt":"2025-01-28T13:07:40","guid":{"rendered":"https:\/\/casinoreturn.com\/aladdin-slots-casino-review-uk\/"},"modified":"2025-02-04T13:40:49","modified_gmt":"2025-02-04T13:40:49","slug":"aladdin-slots-casino-review-uk","status":"publish","type":"page","link":"https:\/\/casinoreturn.com\/pl\/aladdin-slots-casino-review-uk\/","title":{"rendered":"Aladdin Slots Casino Review UK"},"content":{"rendered":"\t\t<div data-elementor-type=\"wp-page\" data-elementor-id=\"7132\" class=\"elementor elementor-7132\" data-elementor-post-type=\"page\">\n\t\t\t\t<div class=\"elementor-element elementor-element-78e10ba e-flex e-con-boxed e-con e-parent\" data-id=\"78e10ba\" data-element_type=\"container\">\n\t\t\t\t\t<div class=\"e-con-inner\">\n\t\t\t\t<div class=\"elementor-element elementor-element-9e8e851 elementor-widget elementor-widget-heading\" data-id=\"9e8e851\" data-element_type=\"widget\" data-widget_type=\"heading.default\">\n\t\t\t\t<div class=\"elementor-widget-container\">\n\t\t\t\t\t<h4 class=\"elementor-heading-title elementor-size-default\"><a href=\"https:\/\/casinoreturn.com\/casino\/aladdin-slot-casino-review\/\">Kliknij TUTAJ, aby zapozna\u0107 si\u0119 z pe\u0142n\u0105 recenzj\u0105 kasyna Aladdin<\/a><\/h4>\t\t\t\t<\/div>\n\t\t\t\t<\/div>\n\t\t\t\t<div class=\"elementor-element elementor-element-f624727 elementor-widget elementor-widget-image\" data-id=\"f624727\" data-element_type=\"widget\" data-widget_type=\"image.default\">\n\t\t\t\t<div class=\"elementor-widget-container\">\n\t\t\t\t\t\t\t\t\t\t\t\t\t\t\t\t<a href=\"https:\/\/trk.jumpmanaffiliates.co.uk\/o\/coyq_w?lpage=ZZ_QBh\" target=\"_blank\">\n\t\t\t\t\t\t\t<img fetchpriority=\"high\" decoding=\"async\" width=\"300\" height=\"250\" src=\"https:\/\/casinoreturn.com\/wp-content\/uploads\/2025\/01\/Aladdin-Slots-Casino.gif\" class=\"attachment-large size-large wp-image-6790\" alt=\"Aladdin Slots Casino\" \/>\t\t\t\t\t\t\t\t<\/a>\n\t\t\t\t\t\t\t\t\t\t\t\t\t\t\t<\/div>\n\t\t\t\t<\/div>\n\t\t\t\t\t<\/div>\n\t\t\t\t<\/div>\n\t\t\t\t<\/div>\n\t\t","protected":false},"excerpt":{"rendered":"<p>Kliknij TUTAJ, aby zapozna\u0107 si\u0119 z pe\u0142n\u0105 recenzj\u0105 kasyna Aladdin<\/p>\n","protected":false},"author":1,"featured_media":6796,"parent":0,"menu_order":0,"comment_status":"closed","ping_status":"closed","template":"","meta":{"footnotes":""},"class_list":["post-7132","page","type-page","status-publish","has-post-thumbnail","hentry"],"blocksy_meta":[],"acf":[],"yoast_head":"<!-- This site is optimized with the Yoast SEO plugin v24.1 - https:\/\/yoast.com\/wordpress\/plugins\/seo\/ -->\n<title>Aladdin Slots Casino Review UK - casinoreturn<\/title>\n<meta name=\"description\" content=\"Aladdin Slots Casino Review UK jest cz\u0119\u015bci\u0105 Jumpingman Gaming Ltd.. Soczysta oferta 5 spin\u00f3w bez depozytu dla graczy z Wielkiej Brytanii czeka na Ciebie.\" \/>\n<meta name=\"robots\" content=\"index, follow, max-snippet:-1, max-image-preview:large, max-video-preview:-1\" \/>\n<link rel=\"canonical\" href=\"https:\/\/casinoreturn.com\/pl\/aladdin-slots-casino-review-uk\/\" \/>\n<meta property=\"og:locale\" content=\"pl_PL\" \/>\n<meta property=\"og:type\" content=\"article\" \/>\n<meta property=\"og:title\" content=\"Aladdin Slots Casino Review UK - casinoreturn\" \/>\n<meta property=\"og:description\" content=\"Aladdin Slots Casino Review UK jest cz\u0119\u015bci\u0105 Jumpingman Gaming Ltd.. Soczysta oferta 5 spin\u00f3w bez depozytu dla graczy z Wielkiej Brytanii czeka na Ciebie.\" \/>\n<meta property=\"og:url\" content=\"https:\/\/casinoreturn.com\/pl\/aladdin-slots-casino-review-uk\/\" \/>\n<meta property=\"og:site_name\" content=\"casinoreturn\" \/>\n<meta property=\"article:modified_time\" content=\"2025-02-04T13:40:49+00:00\" \/>\n<meta property=\"og:image\" content=\"https:\/\/casinoreturn.com\/wp-content\/uploads\/2025\/01\/Aladdin-Slots-Casino.gif\" \/>\n\t<meta property=\"og:image:width\" content=\"300\" \/>\n\t<meta property=\"og:image:height\" content=\"250\" \/>\n\t<meta property=\"og:image:type\" content=\"image\/gif\" \/>\n<meta name=\"twitter:card\" content=\"summary_large_image\" \/>\n<script type=\"application\/ld+json\" class=\"yoast-schema-graph\">{\"@context\":\"https:\/\/schema.org\",\"@graph\":[{\"@type\":\"WebPage\",\"@id\":\"https:\/\/casinoreturn.com\/pl\/aladdin-slots-casino-review-uk\/\",\"url\":\"https:\/\/casinoreturn.com\/pl\/aladdin-slots-casino-review-uk\/\",\"name\":\"Aladdin Slots Casino Review UK - casinoreturn\",\"isPartOf\":{\"@id\":\"https:\/\/casinoreturn.com\/#website\"},\"primaryImageOfPage\":{\"@id\":\"https:\/\/casinoreturn.com\/pl\/aladdin-slots-casino-review-uk\/#primaryimage\"},\"image\":{\"@id\":\"https:\/\/casinoreturn.com\/pl\/aladdin-slots-casino-review-uk\/#primaryimage\"},\"thumbnailUrl\":\"https:\/\/casinoreturn.com\/wp-content\/uploads\/2025\/01\/Aladdin-Slots-Casino.gif\",\"datePublished\":\"2025-01-28T13:07:40+00:00\",\"dateModified\":\"2025-02-04T13:40:49+00:00\",\"description\":\"Aladdin Slots Casino Review UK jest cz\u0119\u015bci\u0105 Jumpingman Gaming Ltd.. Soczysta oferta 5 spin\u00f3w bez depozytu dla graczy z Wielkiej Brytanii czeka na Ciebie.\",\"breadcrumb\":{\"@id\":\"https:\/\/casinoreturn.com\/pl\/aladdin-slots-casino-review-uk\/#breadcrumb\"},\"inLanguage\":\"pl-PL\",\"potentialAction\":[{\"@type\":\"ReadAction\",\"target\":[\"https:\/\/casinoreturn.com\/pl\/aladdin-slots-casino-review-uk\/\"]}]},{\"@type\":\"ImageObject\",\"inLanguage\":\"pl-PL\",\"@id\":\"https:\/\/casinoreturn.com\/pl\/aladdin-slots-casino-review-uk\/#primaryimage\",\"url\":\"https:\/\/casinoreturn.com\/wp-content\/uploads\/2025\/01\/Aladdin-Slots-Casino.gif\",\"contentUrl\":\"https:\/\/casinoreturn.com\/wp-content\/uploads\/2025\/01\/Aladdin-Slots-Casino.gif\",\"width\":300,\"height\":250,\"caption\":\"Aladdin Slots Casino\"},{\"@type\":\"BreadcrumbList\",\"@id\":\"https:\/\/casinoreturn.com\/pl\/aladdin-slots-casino-review-uk\/#breadcrumb\",\"itemListElement\":[{\"@type\":\"ListItem\",\"position\":1,\"name\":\"Home\",\"item\":\"https:\/\/casinoreturn.com\/pl\/strona-glowna\/\"},{\"@type\":\"ListItem\",\"position\":2,\"name\":\"Aladdin Slots Casino Review UK\"}]},{\"@type\":\"WebSite\",\"@id\":\"https:\/\/casinoreturn.com\/#website\",\"url\":\"https:\/\/casinoreturn.com\/\",\"name\":\"casinoreturn\",\"description\":\"\",\"publisher\":{\"@id\":\"https:\/\/casinoreturn.com\/#organization\"},\"potentialAction\":[{\"@type\":\"SearchAction\",\"target\":{\"@type\":\"EntryPoint\",\"urlTemplate\":\"https:\/\/casinoreturn.com\/?s={search_term_string}\"},\"query-input\":{\"@type\":\"PropertyValueSpecification\",\"valueRequired\":true,\"valueName\":\"search_term_string\"}}],\"inLanguage\":\"pl-PL\"},{\"@type\":\"Organization\",\"@id\":\"https:\/\/casinoreturn.com\/#organization\",\"name\":\"casinoreturn\",\"url\":\"https:\/\/casinoreturn.com\/\",\"logo\":{\"@type\":\"ImageObject\",\"inLanguage\":\"pl-PL\",\"@id\":\"https:\/\/casinoreturn.com\/#\/schema\/logo\/image\/\",\"url\":\"https:\/\/casinoreturn.com\/wp-content\/uploads\/2024\/09\/animal-favicon.png\",\"contentUrl\":\"https:\/\/casinoreturn.com\/wp-content\/uploads\/2024\/09\/animal-favicon.png\",\"width\":92,\"height\":92,\"caption\":\"casinoreturn\"},\"image\":{\"@id\":\"https:\/\/casinoreturn.com\/#\/schema\/logo\/image\/\"}}]}<\/script>\n<!-- \/ Yoast SEO plugin. -->","yoast_head_json":{"title":"Aladdin Slots Casino Review UK - casinoreturn","description":"Aladdin Slots Casino Review UK jest cz\u0119\u015bci\u0105 Jumpingman Gaming Ltd.. Soczysta oferta 5 spin\u00f3w bez depozytu dla graczy z Wielkiej Brytanii czeka na Ciebie.","robots":{"index":"index","follow":"follow","max-snippet":"max-snippet:-1","max-image-preview":"max-image-preview:large","max-video-preview":"max-video-preview:-1"},"canonical":"https:\/\/casinoreturn.com\/pl\/aladdin-slots-casino-review-uk\/","og_locale":"pl_PL","og_type":"article","og_title":"Aladdin Slots Casino Review UK - casinoreturn","og_description":"Aladdin Slots Casino Review UK jest cz\u0119\u015bci\u0105 Jumpingman Gaming Ltd.. Soczysta oferta 5 spin\u00f3w bez depozytu dla graczy z Wielkiej Brytanii czeka na Ciebie.","og_url":"https:\/\/casinoreturn.com\/pl\/aladdin-slots-casino-review-uk\/","og_site_name":"casinoreturn","article_modified_time":"2025-02-04T13:40:49+00:00","og_image":[{"width":300,"height":250,"url":"https:\/\/casinoreturn.com\/wp-content\/uploads\/2025\/01\/Aladdin-Slots-Casino.gif","type":"image\/gif"}],"twitter_card":"summary_large_image","schema":{"@context":"https:\/\/schema.org","@graph":[{"@type":"WebPage","@id":"https:\/\/casinoreturn.com\/pl\/aladdin-slots-casino-review-uk\/","url":"https:\/\/casinoreturn.com\/pl\/aladdin-slots-casino-review-uk\/","name":"Aladdin Slots Casino Review UK - casinoreturn","isPartOf":{"@id":"https:\/\/casinoreturn.com\/#website"},"primaryImageOfPage":{"@id":"https:\/\/casinoreturn.com\/pl\/aladdin-slots-casino-review-uk\/#primaryimage"},"image":{"@id":"https:\/\/casinoreturn.com\/pl\/aladdin-slots-casino-review-uk\/#primaryimage"},"thumbnailUrl":"https:\/\/casinoreturn.com\/wp-content\/uploads\/2025\/01\/Aladdin-Slots-Casino.gif","datePublished":"2025-01-28T13:07:40+00:00","dateModified":"2025-02-04T13:40:49+00:00","description":"Aladdin Slots Casino Review UK jest cz\u0119\u015bci\u0105 Jumpingman Gaming Ltd.. Soczysta oferta 5 spin\u00f3w bez depozytu dla graczy z Wielkiej Brytanii czeka na Ciebie.","breadcrumb":{"@id":"https:\/\/casinoreturn.com\/pl\/aladdin-slots-casino-review-uk\/#breadcrumb"},"inLanguage":"pl-PL","potentialAction":[{"@type":"ReadAction","target":["https:\/\/casinoreturn.com\/pl\/aladdin-slots-casino-review-uk\/"]}]},{"@type":"ImageObject","inLanguage":"pl-PL","@id":"https:\/\/casinoreturn.com\/pl\/aladdin-slots-casino-review-uk\/#primaryimage","url":"https:\/\/casinoreturn.com\/wp-content\/uploads\/2025\/01\/Aladdin-Slots-Casino.gif","contentUrl":"https:\/\/casinoreturn.com\/wp-content\/uploads\/2025\/01\/Aladdin-Slots-Casino.gif","width":300,"height":250,"caption":"Aladdin Slots Casino"},{"@type":"BreadcrumbList","@id":"https:\/\/casinoreturn.com\/pl\/aladdin-slots-casino-review-uk\/#breadcrumb","itemListElement":[{"@type":"ListItem","position":1,"name":"Home","item":"https:\/\/casinoreturn.com\/pl\/strona-glowna\/"},{"@type":"ListItem","position":2,"name":"Aladdin Slots Casino Review UK"}]},{"@type":"WebSite","@id":"https:\/\/casinoreturn.com\/#website","url":"https:\/\/casinoreturn.com\/","name":"casinoreturn","description":"","publisher":{"@id":"https:\/\/casinoreturn.com\/#organization"},"potentialAction":[{"@type":"SearchAction","target":{"@type":"EntryPoint","urlTemplate":"https:\/\/casinoreturn.com\/?s={search_term_string}"},"query-input":{"@type":"PropertyValueSpecification","valueRequired":true,"valueName":"search_term_string"}}],"inLanguage":"pl-PL"},{"@type":"Organization","@id":"https:\/\/casinoreturn.com\/#organization","name":"casinoreturn","url":"https:\/\/casinoreturn.com\/","logo":{"@type":"ImageObject","inLanguage":"pl-PL","@id":"https:\/\/casinoreturn.com\/#\/schema\/logo\/image\/","url":"https:\/\/casinoreturn.com\/wp-content\/uploads\/2024\/09\/animal-favicon.png","contentUrl":"https:\/\/casinoreturn.com\/wp-content\/uploads\/2024\/09\/animal-favicon.png","width":92,"height":92,"caption":"casinoreturn"},"image":{"@id":"https:\/\/casinoreturn.com\/#\/schema\/logo\/image\/"}}]}},"_links":{"self":[{"href":"https:\/\/casinoreturn.com\/pl\/wp-json\/wp\/v2\/pages\/7132","targetHints":{"allow":["GET"]}}],"collection":[{"href":"https:\/\/casinoreturn.com\/pl\/wp-json\/wp\/v2\/pages"}],"about":[{"href":"https:\/\/casinoreturn.com\/pl\/wp-json\/wp\/v2\/types\/page"}],"author":[{"embeddable":true,"href":"https:\/\/casinoreturn.com\/pl\/wp-json\/wp\/v2\/users\/1"}],"replies":[{"embeddable":true,"href":"https:\/\/casinoreturn.com\/pl\/wp-json\/wp\/v2\/comments?post=7132"}],"version-history":[{"count":1,"href":"https:\/\/casinoreturn.com\/pl\/wp-json\/wp\/v2\/pages\/7132\/revisions"}],"predecessor-version":[{"id":7133,"href":"https:\/\/casinoreturn.com\/pl\/wp-json\/wp\/v2\/pages\/7132\/revisions\/7133"}],"wp:featuredmedia":[{"embeddable":true,"href":"https:\/\/casinoreturn.com\/pl\/wp-json\/wp\/v2\/media\/6796"}],"wp:attachment":[{"href":"https:\/\/casinoreturn.com\/pl\/wp-json\/wp\/v2\/media?parent=7132"}],"curies":[{"name":"wp","href":"https:\/\/api.w.org\/{rel}","templated":true}]}}