{"id":7134,"date":"2025-02-04T13:28:45","date_gmt":"2025-02-04T13:28:45","guid":{"rendered":"https:\/\/casinoreturn.com\/cash-arcade-casino-review-uk\/"},"modified":"2025-02-04T13:41:15","modified_gmt":"2025-02-04T13:41:15","slug":"cash-arcade-casino-review-uk","status":"publish","type":"page","link":"https:\/\/casinoreturn.com\/pl\/cash-arcade-casino-review-uk\/","title":{"rendered":"Cash Arcade Casino Review UK"},"content":{"rendered":"\t\t<div data-elementor-type=\"wp-page\" data-elementor-id=\"7134\" class=\"elementor elementor-7134\" data-elementor-post-type=\"page\">\n\t\t\t\t<div class=\"elementor-element elementor-element-ff50fa9 e-flex e-con-boxed e-con e-parent\" data-id=\"ff50fa9\" data-element_type=\"container\">\n\t\t\t\t\t<div class=\"e-con-inner\">\n\t\t\t\t<div class=\"elementor-element elementor-element-578c6cf elementor-widget elementor-widget-heading\" data-id=\"578c6cf\" data-element_type=\"widget\" data-widget_type=\"heading.default\">\n\t\t\t\t<div class=\"elementor-widget-container\">\n\t\t\t\t\t<h4 class=\"elementor-heading-title elementor-size-default\"><a href=\"https:\/\/casinoreturn.com\/casino\/cash-arcade-casino\/\" target=\"_blank\">Przeczytaj nasz\u0105 pe\u0142n\u0105 recenzj\u0119 Cash Arcade i odbierz swoje 5 darmowych spin\u00f3w bez depozytu.  <\/a><\/h4>\t\t\t\t<\/div>\n\t\t\t\t<\/div>\n\t\t\t\t<div class=\"elementor-element elementor-element-7fdd2aa elementor-widget elementor-widget-image\" data-id=\"7fdd2aa\" data-element_type=\"widget\" data-widget_type=\"image.default\">\n\t\t\t\t<div class=\"elementor-widget-container\">\n\t\t\t\t\t\t\t\t\t\t\t\t\t\t\t<img fetchpriority=\"high\" decoding=\"async\" width=\"412\" height=\"412\" src=\"https:\/\/casinoreturn.com\/wp-content\/uploads\/2025\/02\/Cash-Arcade-Casino.png\" class=\"attachment-large size-large wp-image-7027\" alt=\"Cash Arcade Casino\" srcset=\"https:\/\/casinoreturn.com\/wp-content\/uploads\/2025\/02\/Cash-Arcade-Casino.png 412w, https:\/\/casinoreturn.com\/wp-content\/uploads\/2025\/02\/Cash-Arcade-Casino-300x300.png 300w, https:\/\/casinoreturn.com\/wp-content\/uploads\/2025\/02\/Cash-Arcade-Casino-150x150.png 150w, https:\/\/casinoreturn.com\/wp-content\/uploads\/2025\/02\/elementor\/thumbs\/Cash-Arcade-Casino-r0z6efj2go8k55jv503kpudmhd22jqr3jdb7j7e0ck.png 250w\" sizes=\"(max-width: 412px) 100vw, 412px\" \/>\t\t\t\t\t\t\t\t\t\t\t\t\t\t\t<\/div>\n\t\t\t\t<\/div>\n\t\t\t\t\t<\/div>\n\t\t\t\t<\/div>\n\t\t\t\t<\/div>\n\t\t","protected":false},"excerpt":{"rendered":"<p>Przeczytaj nasz\u0105 pe\u0142n\u0105 recenzj\u0119 Cash Arcade i odbierz swoje 5 darmowych spin\u00f3w bez depozytu.<\/p>\n","protected":false},"author":1,"featured_media":0,"parent":0,"menu_order":0,"comment_status":"closed","ping_status":"closed","template":"","meta":{"footnotes":""},"class_list":["post-7134","page","type-page","status-publish","hentry"],"blocksy_meta":[],"acf":[],"yoast_head":"<!-- This site is optimized with the Yoast SEO plugin v24.1 - https:\/\/yoast.com\/wordpress\/plugins\/seo\/ -->\n<title>Cash Arcade Casino Review UK - casinoreturn<\/title>\n<meta name=\"description\" content=\"Cash Arcade Casino Review Uk wita Ci\u0119 soczystymi 5 spinami bez depozytu na Chillie Heat. Zarejestruj si\u0119 i przetestuj kasyno ju\u017c dzi\u015b.\" \/>\n<meta name=\"robots\" content=\"index, follow, max-snippet:-1, max-image-preview:large, max-video-preview:-1\" \/>\n<link rel=\"canonical\" href=\"https:\/\/casinoreturn.com\/pl\/cash-arcade-casino-review-uk\/\" \/>\n<meta property=\"og:locale\" content=\"pl_PL\" \/>\n<meta property=\"og:type\" content=\"article\" \/>\n<meta property=\"og:title\" content=\"Cash Arcade Casino Review UK - casinoreturn\" \/>\n<meta property=\"og:description\" content=\"Cash Arcade Casino Review Uk wita Ci\u0119 soczystymi 5 spinami bez depozytu na Chillie Heat. Zarejestruj si\u0119 i przetestuj kasyno ju\u017c dzi\u015b.\" \/>\n<meta property=\"og:url\" content=\"https:\/\/casinoreturn.com\/pl\/cash-arcade-casino-review-uk\/\" \/>\n<meta property=\"og:site_name\" content=\"casinoreturn\" \/>\n<meta property=\"article:modified_time\" content=\"2025-02-04T13:41:15+00:00\" \/>\n<meta property=\"og:image\" content=\"https:\/\/casinoreturn.com\/wp-content\/uploads\/2025\/02\/Cash-Arcade-Casino.png\" \/>\n\t<meta property=\"og:image:width\" content=\"412\" \/>\n\t<meta property=\"og:image:height\" content=\"412\" \/>\n\t<meta property=\"og:image:type\" content=\"image\/png\" \/>\n<meta name=\"twitter:card\" content=\"summary_large_image\" \/>\n<script type=\"application\/ld+json\" class=\"yoast-schema-graph\">{\"@context\":\"https:\/\/schema.org\",\"@graph\":[{\"@type\":\"WebPage\",\"@id\":\"https:\/\/casinoreturn.com\/pl\/cash-arcade-casino-review-uk\/\",\"url\":\"https:\/\/casinoreturn.com\/pl\/cash-arcade-casino-review-uk\/\",\"name\":\"Cash Arcade Casino Review UK - casinoreturn\",\"isPartOf\":{\"@id\":\"https:\/\/casinoreturn.com\/#website\"},\"primaryImageOfPage\":{\"@id\":\"https:\/\/casinoreturn.com\/pl\/cash-arcade-casino-review-uk\/#primaryimage\"},\"image\":{\"@id\":\"https:\/\/casinoreturn.com\/pl\/cash-arcade-casino-review-uk\/#primaryimage\"},\"thumbnailUrl\":\"https:\/\/casinoreturn.com\/wp-content\/uploads\/2025\/02\/Cash-Arcade-Casino.png\",\"datePublished\":\"2025-02-04T13:28:45+00:00\",\"dateModified\":\"2025-02-04T13:41:15+00:00\",\"description\":\"Cash Arcade Casino Review Uk wita Ci\u0119 soczystymi 5 spinami bez depozytu na Chillie Heat. Zarejestruj si\u0119 i przetestuj kasyno ju\u017c dzi\u015b.\",\"breadcrumb\":{\"@id\":\"https:\/\/casinoreturn.com\/pl\/cash-arcade-casino-review-uk\/#breadcrumb\"},\"inLanguage\":\"pl-PL\",\"potentialAction\":[{\"@type\":\"ReadAction\",\"target\":[\"https:\/\/casinoreturn.com\/pl\/cash-arcade-casino-review-uk\/\"]}]},{\"@type\":\"ImageObject\",\"inLanguage\":\"pl-PL\",\"@id\":\"https:\/\/casinoreturn.com\/pl\/cash-arcade-casino-review-uk\/#primaryimage\",\"url\":\"https:\/\/casinoreturn.com\/wp-content\/uploads\/2025\/02\/Cash-Arcade-Casino.png\",\"contentUrl\":\"https:\/\/casinoreturn.com\/wp-content\/uploads\/2025\/02\/Cash-Arcade-Casino.png\"},{\"@type\":\"BreadcrumbList\",\"@id\":\"https:\/\/casinoreturn.com\/pl\/cash-arcade-casino-review-uk\/#breadcrumb\",\"itemListElement\":[{\"@type\":\"ListItem\",\"position\":1,\"name\":\"Home\",\"item\":\"https:\/\/casinoreturn.com\/pl\/strona-glowna\/\"},{\"@type\":\"ListItem\",\"position\":2,\"name\":\"Cash Arcade Casino Review UK\"}]},{\"@type\":\"WebSite\",\"@id\":\"https:\/\/casinoreturn.com\/#website\",\"url\":\"https:\/\/casinoreturn.com\/\",\"name\":\"casinoreturn\",\"description\":\"\",\"publisher\":{\"@id\":\"https:\/\/casinoreturn.com\/#organization\"},\"potentialAction\":[{\"@type\":\"SearchAction\",\"target\":{\"@type\":\"EntryPoint\",\"urlTemplate\":\"https:\/\/casinoreturn.com\/?s={search_term_string}\"},\"query-input\":{\"@type\":\"PropertyValueSpecification\",\"valueRequired\":true,\"valueName\":\"search_term_string\"}}],\"inLanguage\":\"pl-PL\"},{\"@type\":\"Organization\",\"@id\":\"https:\/\/casinoreturn.com\/#organization\",\"name\":\"casinoreturn\",\"url\":\"https:\/\/casinoreturn.com\/\",\"logo\":{\"@type\":\"ImageObject\",\"inLanguage\":\"pl-PL\",\"@id\":\"https:\/\/casinoreturn.com\/#\/schema\/logo\/image\/\",\"url\":\"https:\/\/casinoreturn.com\/wp-content\/uploads\/2024\/09\/animal-favicon.png\",\"contentUrl\":\"https:\/\/casinoreturn.com\/wp-content\/uploads\/2024\/09\/animal-favicon.png\",\"width\":92,\"height\":92,\"caption\":\"casinoreturn\"},\"image\":{\"@id\":\"https:\/\/casinoreturn.com\/#\/schema\/logo\/image\/\"}}]}<\/script>\n<!-- \/ Yoast SEO plugin. -->","yoast_head_json":{"title":"Cash Arcade Casino Review UK - casinoreturn","description":"Cash Arcade Casino Review Uk wita Ci\u0119 soczystymi 5 spinami bez depozytu na Chillie Heat. Zarejestruj si\u0119 i przetestuj kasyno ju\u017c dzi\u015b.","robots":{"index":"index","follow":"follow","max-snippet":"max-snippet:-1","max-image-preview":"max-image-preview:large","max-video-preview":"max-video-preview:-1"},"canonical":"https:\/\/casinoreturn.com\/pl\/cash-arcade-casino-review-uk\/","og_locale":"pl_PL","og_type":"article","og_title":"Cash Arcade Casino Review UK - casinoreturn","og_description":"Cash Arcade Casino Review Uk wita Ci\u0119 soczystymi 5 spinami bez depozytu na Chillie Heat. Zarejestruj si\u0119 i przetestuj kasyno ju\u017c dzi\u015b.","og_url":"https:\/\/casinoreturn.com\/pl\/cash-arcade-casino-review-uk\/","og_site_name":"casinoreturn","article_modified_time":"2025-02-04T13:41:15+00:00","og_image":[{"width":412,"height":412,"url":"https:\/\/casinoreturn.com\/wp-content\/uploads\/2025\/02\/Cash-Arcade-Casino.png","type":"image\/png"}],"twitter_card":"summary_large_image","schema":{"@context":"https:\/\/schema.org","@graph":[{"@type":"WebPage","@id":"https:\/\/casinoreturn.com\/pl\/cash-arcade-casino-review-uk\/","url":"https:\/\/casinoreturn.com\/pl\/cash-arcade-casino-review-uk\/","name":"Cash Arcade Casino Review UK - casinoreturn","isPartOf":{"@id":"https:\/\/casinoreturn.com\/#website"},"primaryImageOfPage":{"@id":"https:\/\/casinoreturn.com\/pl\/cash-arcade-casino-review-uk\/#primaryimage"},"image":{"@id":"https:\/\/casinoreturn.com\/pl\/cash-arcade-casino-review-uk\/#primaryimage"},"thumbnailUrl":"https:\/\/casinoreturn.com\/wp-content\/uploads\/2025\/02\/Cash-Arcade-Casino.png","datePublished":"2025-02-04T13:28:45+00:00","dateModified":"2025-02-04T13:41:15+00:00","description":"Cash Arcade Casino Review Uk wita Ci\u0119 soczystymi 5 spinami bez depozytu na Chillie Heat. Zarejestruj si\u0119 i przetestuj kasyno ju\u017c dzi\u015b.","breadcrumb":{"@id":"https:\/\/casinoreturn.com\/pl\/cash-arcade-casino-review-uk\/#breadcrumb"},"inLanguage":"pl-PL","potentialAction":[{"@type":"ReadAction","target":["https:\/\/casinoreturn.com\/pl\/cash-arcade-casino-review-uk\/"]}]},{"@type":"ImageObject","inLanguage":"pl-PL","@id":"https:\/\/casinoreturn.com\/pl\/cash-arcade-casino-review-uk\/#primaryimage","url":"https:\/\/casinoreturn.com\/wp-content\/uploads\/2025\/02\/Cash-Arcade-Casino.png","contentUrl":"https:\/\/casinoreturn.com\/wp-content\/uploads\/2025\/02\/Cash-Arcade-Casino.png"},{"@type":"BreadcrumbList","@id":"https:\/\/casinoreturn.com\/pl\/cash-arcade-casino-review-uk\/#breadcrumb","itemListElement":[{"@type":"ListItem","position":1,"name":"Home","item":"https:\/\/casinoreturn.com\/pl\/strona-glowna\/"},{"@type":"ListItem","position":2,"name":"Cash Arcade Casino Review UK"}]},{"@type":"WebSite","@id":"https:\/\/casinoreturn.com\/#website","url":"https:\/\/casinoreturn.com\/","name":"casinoreturn","description":"","publisher":{"@id":"https:\/\/casinoreturn.com\/#organization"},"potentialAction":[{"@type":"SearchAction","target":{"@type":"EntryPoint","urlTemplate":"https:\/\/casinoreturn.com\/?s={search_term_string}"},"query-input":{"@type":"PropertyValueSpecification","valueRequired":true,"valueName":"search_term_string"}}],"inLanguage":"pl-PL"},{"@type":"Organization","@id":"https:\/\/casinoreturn.com\/#organization","name":"casinoreturn","url":"https:\/\/casinoreturn.com\/","logo":{"@type":"ImageObject","inLanguage":"pl-PL","@id":"https:\/\/casinoreturn.com\/#\/schema\/logo\/image\/","url":"https:\/\/casinoreturn.com\/wp-content\/uploads\/2024\/09\/animal-favicon.png","contentUrl":"https:\/\/casinoreturn.com\/wp-content\/uploads\/2024\/09\/animal-favicon.png","width":92,"height":92,"caption":"casinoreturn"},"image":{"@id":"https:\/\/casinoreturn.com\/#\/schema\/logo\/image\/"}}]}},"_links":{"self":[{"href":"https:\/\/casinoreturn.com\/pl\/wp-json\/wp\/v2\/pages\/7134","targetHints":{"allow":["GET"]}}],"collection":[{"href":"https:\/\/casinoreturn.com\/pl\/wp-json\/wp\/v2\/pages"}],"about":[{"href":"https:\/\/casinoreturn.com\/pl\/wp-json\/wp\/v2\/types\/page"}],"author":[{"embeddable":true,"href":"https:\/\/casinoreturn.com\/pl\/wp-json\/wp\/v2\/users\/1"}],"replies":[{"embeddable":true,"href":"https:\/\/casinoreturn.com\/pl\/wp-json\/wp\/v2\/comments?post=7134"}],"version-history":[{"count":1,"href":"https:\/\/casinoreturn.com\/pl\/wp-json\/wp\/v2\/pages\/7134\/revisions"}],"predecessor-version":[{"id":7135,"href":"https:\/\/casinoreturn.com\/pl\/wp-json\/wp\/v2\/pages\/7134\/revisions\/7135"}],"wp:attachment":[{"href":"https:\/\/casinoreturn.com\/pl\/wp-json\/wp\/v2\/media?parent=7134"}],"curies":[{"name":"wp","href":"https:\/\/api.w.org\/{rel}","templated":true}]}}