{"id":15429,"date":"2025-10-15T10:15:30","date_gmt":"2025-10-15T10:15:30","guid":{"rendered":"https:\/\/casinoreturn.com\/cassinos-de-sweepstake-da-pensilvania\/"},"modified":"2025-10-15T10:30:20","modified_gmt":"2025-10-15T10:30:20","slug":"cassinos-de-sweepstake-da-pensilvania","status":"publish","type":"page","link":"https:\/\/casinoreturn.com\/pt-br\/cassinos-de-sweepstake-da-pensilvania\/","title":{"rendered":"Cassinos de Sweepstake da Pensilv\u00e2nia"},"content":{"rendered":"\t\t<div data-elementor-type=\"wp-page\" data-elementor-id=\"15429\" class=\"elementor elementor-15429\" data-elementor-post-type=\"page\">\n\t\t\t\t<div class=\"elementor-element elementor-element-feed78d e-con-full e-flex e-con e-parent\" data-id=\"feed78d\" data-element_type=\"container\">\n\t\t\t\t<div class=\"elementor-element elementor-element-61285ac elementor-widget elementor-widget-heading\" data-id=\"61285ac\" data-element_type=\"widget\" data-widget_type=\"heading.default\">\n\t\t\t\t<div class=\"elementor-widget-container\">\n\t\t\t\t\t<h3 class=\"elementor-heading-title elementor-size-default\">Cassinos de Sweepstake da Pensilv\u00e2nia<\/h3>\t\t\t\t<\/div>\n\t\t\t\t<\/div>\n\t\t\t\t<div class=\"elementor-element elementor-element-d2600d4 elementor-widget elementor-widget-text-editor\" data-id=\"d2600d4\" data-element_type=\"widget\" data-widget_type=\"text-editor.default\">\n\t\t\t\t<div class=\"elementor-widget-container\">\n\t\t\t\t\t\t\t\t\t<p>Os cassinos de bol\u00e3o da Pensilv\u00e2nia est\u00e3o no limbo depois que o PGCB, The Pennsylvania Gaming Control Board (Conselho de Controle de Jogos da Pensilv\u00e2nia), emitiu uma notifica\u00e7\u00e3o para 18 operadores de bol\u00e3o ativos.  <\/p>\n<p><img decoding=\"async\" class=\"alignnone size-medium wp-image-14813\" src=\"https:\/\/casinoreturn.com\/wp-content\/uploads\/2025\/10\/Sweep-stake-casino-return-300x166.jpg\" alt=\"Retorno do cassino da aposta Sweep\" width=\"300\" height=\"166\" srcset=\"https:\/\/casinoreturn.com\/wp-content\/uploads\/2025\/10\/Sweep-stake-casino-return-300x166.jpg 300w, https:\/\/casinoreturn.com\/wp-content\/uploads\/2025\/10\/Sweep-stake-casino-return-768x424.jpg 768w, https:\/\/casinoreturn.com\/wp-content\/uploads\/2025\/10\/Sweep-stake-casino-return.jpg 906w\" sizes=\"(max-width: 300px) 100vw, 300px\" \/><\/p>\n<p>Em abril de 2025, as pessoas em quest\u00e3o receberam uma carta de cessa\u00e7\u00e3o e desist\u00eancia para suas opera\u00e7\u00f5es na Pensilv\u00e2nia. Muitas operadoras j\u00e1 encerraram suas ofertas aos residentes e encerraram seus neg\u00f3cios. Os porta-vozes do PGCB consideram os cassinos de sorteio ilegais e adotaram uma postura mais firme para fazer cumprir o an\u00fancio.  <\/p>\n<p><strong>Neste artigo  <\/strong><\/p>\n<ul>\n<li><a href=\"https:\/\/casinoreturn.com\/pt-br\/cassinos-de-sweepstake-da-pensilvania\/#legal\">As apostas esportivas s\u00e3o legais na Pensilv\u00e2nia?<\/a><\/li>\n<li>Operadoras de varejo m\u00f3vel oferecem apostas esportivas em PA<\/li>\n<li><a href=\"https:\/\/casinoreturn.com\/pennsylvania-sweepstake#list\">Lista de cassinos na Pensilv\u00e2nia  <\/a><\/li>\n<li><a href=\"https:\/\/casinoreturn.com\/pennsylvania-sweepstake#real\">Posso jogar com dinheiro real na Pensilv\u00e2nia?<\/a><\/li>\n<li><a href=\"https:\/\/casinoreturn.com\/pennsylvania-sweepstake#faq\">Perguntas frequentes Cassinos de Sweepstake na Pensilv\u00e2nia  <\/a><\/li>\n<\/ul>\n<p><img decoding=\"async\" class=\"alignnone wp-image-15387\" src=\"https:\/\/casinoreturn.com\/wp-content\/uploads\/2025\/10\/Pennsylvania-Sweepstake-Casinos-300x215.jpg\" alt=\"Cassinos de Sweepstake da Pensilv\u00e2nia\" width=\"250\" height=\"179\" srcset=\"https:\/\/casinoreturn.com\/wp-content\/uploads\/2025\/10\/Pennsylvania-Sweepstake-Casinos-300x215.jpg 300w, https:\/\/casinoreturn.com\/wp-content\/uploads\/2025\/10\/Pennsylvania-Sweepstake-Casinos-768x549.jpg 768w, https:\/\/casinoreturn.com\/wp-content\/uploads\/2025\/10\/Pennsylvania-Sweepstake-Casinos.jpg 800w\" sizes=\"(max-width: 250px) 100vw, 250px\" \/><\/p>\n\t\t\t\t\t\t\t\t<\/div>\n\t\t\t\t<\/div>\n\t\t\t\t<div class=\"elementor-element elementor-element-3291067 elementor-widget elementor-widget-heading\" data-id=\"3291067\" data-element_type=\"widget\" id=\"legal\" data-widget_type=\"heading.default\">\n\t\t\t\t<div class=\"elementor-widget-container\">\n\t\t\t\t\t<h3 class=\"elementor-heading-title elementor-size-default\">As apostas esportivas s\u00e3o legais na Pensilv\u00e2nia?  <\/h3>\t\t\t\t<\/div>\n\t\t\t\t<\/div>\n\t\t\t\t<div class=\"elementor-element elementor-element-5ef6b05 elementor-widget elementor-widget-text-editor\" data-id=\"5ef6b05\" data-element_type=\"widget\" data-widget_type=\"text-editor.default\">\n\t\t\t\t<div class=\"elementor-widget-container\">\n\t\t\t\t\t\t\t\t\t<p>As apostas esportivas na Pensilv\u00e2nia s\u00e3o legais e regulamentadas pelo PGCB, o Conselho de Controle de Jogos da Pensilv\u00e2nia, desde 2017, de acordo com o Projeto de Lei 271. Para solicitar uma licen\u00e7a para realizar opera\u00e7\u00f5es de apostas esportivas m\u00f3veis e de varejo, a marca precisa solicitar um certificado de apostas esportivas do pr\u00f3prio PGCB e pagar uma taxa de licenciamento de US$ 10 milh\u00f5es. Os impostos de 36% s\u00e3o bastante altos, o que \u00e9 um dos principais motivos pelos quais apenas uma d\u00fazia de marcas tem a licen\u00e7a.  <\/p>\n<p>Mas h\u00e1 restri\u00e7\u00f5es. A Pensilv\u00e2nia N\u00c3O permite apostas em escolas de ensino m\u00e9dio, assim como outros estados dos EUA. O mesmo se aplica a eventos esportivos universit\u00e1rios em solo nacional.  <\/p>\n<p>Uma restri\u00e7\u00e3o se destaca das demais, que \u00e9 a aposta na pol\u00edtica. Isso \u00e9 proibido na Pensilv\u00e2nia.  <\/p>\n<p>Por enquanto, as apostas esportivas eletr\u00f4nicas tamb\u00e9m est\u00e3o exclu\u00eddas da lei e da autoridade da PGCB.  <\/p>\n<h4>Operadoras m\u00f3veis de varejo que oferecem apostas esportivas em PA<\/h4>\n<ul>\n<li>FanDuel, licenciado desde 2021, marca de apostas esportivas confi\u00e1vel e de boa reputa\u00e7\u00e3o<\/li>\n<li>DraftKings, licenciada desde 2020, operadora dos EUA com um grande n\u00famero de seguidores<\/li>\n<li>BetMGM, licenciado desde 2020, entre os 5 maiores jogadores dos EUA<\/li>\n<li>A bet365, licenciada desde 2025, \u00e9 a resposta da Europa \u00e0 Fanduel and Co<\/li>\n<li>Pala Interactive, licenciada desde 2022, operadora de m\u00e9dio porte em PA<\/li>\n<li>UniBet, aprovado para cassino e apostas esportivas<\/li>\n<li>SBTech Malta Ltd, plataforma para marcas que oferecem apostas esportivas  <\/li>\n<li>American Wagering, pendente de aprova\u00e7\u00e3o<\/li>\n<\/ul>\n\t\t\t\t\t\t\t\t<\/div>\n\t\t\t\t<\/div>\n\t\t\t\t<div class=\"elementor-element elementor-element-35f12d6 elementor-widget elementor-widget-heading\" data-id=\"35f12d6\" data-element_type=\"widget\" id=\"list\" data-widget_type=\"heading.default\">\n\t\t\t\t<div class=\"elementor-widget-container\">\n\t\t\t\t\t<h3 class=\"elementor-heading-title elementor-size-default\">Lista de cassinos na Pensilv\u00e2nia<\/h3>\t\t\t\t<\/div>\n\t\t\t\t<\/div>\n\t\t\t\t<div class=\"elementor-element elementor-element-7dcb10b elementor-view-default elementor-widget elementor-widget-icon\" data-id=\"7dcb10b\" data-element_type=\"widget\" data-widget_type=\"icon.default\">\n\t\t\t\t<div class=\"elementor-widget-container\">\n\t\t\t\t\t\t\t<div class=\"elementor-icon-wrapper\">\n\t\t\t<div class=\"elementor-icon\">\n\t\t\t<i aria-hidden=\"true\" class=\"fas fa-star\"><\/i>\t\t\t<\/div>\n\t\t<\/div>\n\t\t\t\t\t\t<\/div>\n\t\t\t\t<\/div>\n\t\t\t\t<div class=\"elementor-element elementor-element-eb36c18 elementor-widget elementor-widget-text-editor\" data-id=\"eb36c18\" data-element_type=\"widget\" data-widget_type=\"text-editor.default\">\n\t\t\t\t<div class=\"elementor-widget-container\">\n\t\t\t\t\t\t\t\t\t<h4>Bet365 Apostas Esportivas  <\/h4>\n<ul>\n<li>B\u00f4nus de boas-vindas de 100% at\u00e9 USD$1000 + 500 rodadas<\/li>\n<li>Dep\u00f3sito m\u00ednimo de US$ 10  <\/li>\n<li>Apostas baixas de apenas 25 vezes<\/li>\n<li>Um dos melhores aplicativos de apostas esportivas dispon\u00edveis<\/li>\n<li> <\/li>\n<\/ul>\n\t\t\t\t\t\t\t\t<\/div>\n\t\t\t\t<\/div>\n\t\t\t\t<div class=\"elementor-element elementor-element-da802c6 elementor-align-center elementor-widget elementor-widget-button\" data-id=\"da802c6\" data-element_type=\"widget\" data-widget_type=\"button.default\">\n\t\t\t\t<div class=\"elementor-widget-container\">\n\t\t\t\t\t\t\t\t\t<div class=\"elementor-button-wrapper\">\n\t\t\t\t\t<a class=\"elementor-button elementor-button-link elementor-size-sm\" href=\"#\">\n\t\t\t\t\t\t<span class=\"elementor-button-content-wrapper\">\n\t\t\t\t\t\t\t\t\t<span class=\"elementor-button-text\">Voc\u00ea pode fazer o pedido aqui para a Bet365  <\/span>\n\t\t\t\t\t<\/span>\n\t\t\t\t\t<\/a>\n\t\t\t\t<\/div>\n\t\t\t\t\t\t\t\t<\/div>\n\t\t\t\t<\/div>\n\t\t\t\t<div class=\"elementor-element elementor-element-ff1e285 elementor-widget elementor-widget-heading\" data-id=\"ff1e285\" data-element_type=\"widget\" id=\"real\" data-widget_type=\"heading.default\">\n\t\t\t\t<div class=\"elementor-widget-container\">\n\t\t\t\t\t<h3 class=\"elementor-heading-title elementor-size-default\">Posso jogar com dinheiro real na Pensilv\u00e2nia?<\/h3>\t\t\t\t<\/div>\n\t\t\t\t<\/div>\n\t\t\t\t<div class=\"elementor-element elementor-element-f23df3a elementor-widget elementor-widget-text-editor\" data-id=\"f23df3a\" data-element_type=\"widget\" data-widget_type=\"text-editor.default\">\n\t\t\t\t<div class=\"elementor-widget-container\">\n\t\t\t\t\t\t\t\t\t<p>Sim, os residentes da Pensilv\u00e2nia podem jogar com dinheiro real em cassinos. Idade m\u00ednima de 21 anos ou mais. Compilamos uma lista dos cassinos f\u00edsicos atuais na Pensilv\u00e2nia.  <\/p>\n<p><strong>Cassinos f\u00edsicos em PA, EUA<\/strong><\/p>\n<ul>\n<li>Cassino e pista de corrida Harrahs PA, Chester<\/li>\n<li>Rivers Casino PA,  <\/li>\n<li>Parx Casino and Racing, Bensalem<\/li>\n<li>Ao vivo! Hotel e cassino, PA<\/li>\n<li>Valley Forge Resort, King of Prussia<\/li>\n<li>Hollywood Casino no Penn National Race Course, Grantville<\/li>\n<li>Mohegan Sun Pocono, Wilkes-Barre<\/li>\n<li>Cassino Lady Luck, Farmington<\/li>\n<\/ul>\n\t\t\t\t\t\t\t\t<\/div>\n\t\t\t\t<\/div>\n\t\t\t\t<div class=\"elementor-element elementor-element-f9f4919 elementor-widget elementor-widget-heading\" data-id=\"f9f4919\" data-element_type=\"widget\" id=\"faq\" data-widget_type=\"heading.default\">\n\t\t\t\t<div class=\"elementor-widget-container\">\n\t\t\t\t\t<h3 class=\"elementor-heading-title elementor-size-default\">Perguntas frequentes Cassinos de Sweepstake na Pensilv\u00e2nia<\/h3>\t\t\t\t<\/div>\n\t\t\t\t<\/div>\n\t\t\t\t<div class=\"elementor-element elementor-element-3f14f5d elementor-widget elementor-widget-elementskit-faq\" data-id=\"3f14f5d\" data-element_type=\"widget\" data-widget_type=\"elementskit-faq.default\">\n\t\t\t\t<div class=\"elementor-widget-container\">\n\t\t\t\t\t<div class=\"ekit-wid-con\" >\n                <div class=\"elementskit-single-faq elementor-repeater-item-f98fd40\">\n            <div class=\"elementskit-faq-header\">\n                <h2 class=\"elementskit-faq-title\">Are Social Casinos legal in PA?<\/h2>\n            <\/div>\n            <div class=\"elementskit-faq-body\">\n                Social casinos offering sweepstakes promotions were prohibited in April 2025 by the PGCB. Those operators were deemed illegal and therefore faced a shutdown. 18 known brands received a letter of cease-and-desist from the board            <\/div>\n        <\/div>\n                <div class=\"elementskit-single-faq elementor-repeater-item-dde268b\">\n            <div class=\"elementskit-faq-header\">\n                <h2 class=\"elementskit-faq-title\">Which legal casinos can I visit in PA?<\/h2>\n            <\/div>\n            <div class=\"elementskit-faq-body\">\n                Player of the age of 21+ are allowed to visit land-based casinos. The PCGB also issues licences to Online Casinos, Mobile Sports Betting operators, Online Poker, and Fantasy sports.            <\/div>\n        <\/div>\n                <div class=\"elementskit-single-faq elementor-repeater-item-525abea\">\n            <div class=\"elementskit-faq-header\">\n                <h2 class=\"elementskit-faq-title\">Can I bet on Colleague Football in PA?<\/h2>\n            <\/div>\n            <div class=\"elementskit-faq-body\">\n                The answer is NO, you can't. \n\nBetting on High school events are illegal \nBetting on Colleague events are illegal\nBetting on Politics are illegal\neSports Betting is illegal             <\/div>\n        <\/div>\n                \n    <\/div>\t\t\t\t<\/div>\n\t\t\t\t<\/div>\n\t\t\t\t<\/div>\n\t\t\t\t<\/div>\n\t\t","protected":false},"excerpt":{"rendered":"<p>Cassinos de Sweepstake da Pensilv\u00e2nia Os cassinos de bol\u00e3o da Pensilv\u00e2nia est\u00e3o no limbo depois que o PGCB, The Pennsylvania Gaming Control Board (Conselho de Controle de Jogos da Pensilv\u00e2nia), emitiu uma notifica\u00e7\u00e3o para 18 operadores de bol\u00e3o ativos. Em abril de 2025, as pessoas em quest\u00e3o receberam uma carta de cessa\u00e7\u00e3o e desist\u00eancia para [&hellip;]<\/p>\n","protected":false},"author":1,"featured_media":15394,"parent":0,"menu_order":0,"comment_status":"closed","ping_status":"closed","template":"","meta":{"footnotes":""},"class_list":["post-15429","page","type-page","status-publish","has-post-thumbnail","hentry"],"blocksy_meta":[],"acf":[],"yoast_head":"<!-- This site is optimized with the Yoast SEO plugin v24.1 - https:\/\/yoast.com\/wordpress\/plugins\/seo\/ -->\n<title>Cassinos de Sweepstake da Pensilv\u00e2nia - casinoreturn<\/title>\n<meta name=\"description\" content=\"Cassinos de Sweepstake da Pensilv\u00e2nia sob an\u00e1lise do Gaming Control Board. 18 operadores de bol\u00e3o foram notificados para retirar sua marca.\" \/>\n<meta name=\"robots\" content=\"index, follow, max-snippet:-1, max-image-preview:large, max-video-preview:-1\" \/>\n<link rel=\"canonical\" href=\"https:\/\/casinoreturn.com\/pt-br\/cassinos-de-sweepstake-da-pensilvania\/\" \/>\n<meta property=\"og:locale\" content=\"pt_BR\" \/>\n<meta property=\"og:type\" content=\"article\" \/>\n<meta property=\"og:title\" content=\"Cassinos de Sweepstake da Pensilv\u00e2nia - casinoreturn\" \/>\n<meta property=\"og:description\" content=\"Cassinos de Sweepstake da Pensilv\u00e2nia sob an\u00e1lise do Gaming Control Board. 18 operadores de bol\u00e3o foram notificados para retirar sua marca.\" \/>\n<meta property=\"og:url\" content=\"https:\/\/casinoreturn.com\/pt-br\/cassinos-de-sweepstake-da-pensilvania\/\" \/>\n<meta property=\"og:site_name\" content=\"casinoreturn\" \/>\n<meta property=\"article:modified_time\" content=\"2025-10-15T10:30:20+00:00\" \/>\n<meta property=\"og:image\" content=\"https:\/\/casinoreturn.com\/wp-content\/uploads\/2025\/10\/Pennsylvania-Sweepstake-Casinos.jpg\" \/>\n\t<meta property=\"og:image:width\" content=\"800\" \/>\n\t<meta property=\"og:image:height\" content=\"572\" \/>\n\t<meta property=\"og:image:type\" content=\"image\/jpeg\" \/>\n<meta name=\"twitter:card\" content=\"summary_large_image\" \/>\n<meta name=\"twitter:label1\" content=\"Est. tempo de leitura\" \/>\n\t<meta name=\"twitter:data1\" content=\"3 minutos\" \/>\n<script type=\"application\/ld+json\" class=\"yoast-schema-graph\">{\"@context\":\"https:\/\/schema.org\",\"@graph\":[{\"@type\":\"WebPage\",\"@id\":\"https:\/\/casinoreturn.com\/pt-br\/cassinos-de-sweepstake-da-pensilvania\/\",\"url\":\"https:\/\/casinoreturn.com\/pt-br\/cassinos-de-sweepstake-da-pensilvania\/\",\"name\":\"Cassinos de Sweepstake da Pensilv\u00e2nia - casinoreturn\",\"isPartOf\":{\"@id\":\"https:\/\/casinoreturn.com\/#website\"},\"primaryImageOfPage\":{\"@id\":\"https:\/\/casinoreturn.com\/pt-br\/cassinos-de-sweepstake-da-pensilvania\/#primaryimage\"},\"image\":{\"@id\":\"https:\/\/casinoreturn.com\/pt-br\/cassinos-de-sweepstake-da-pensilvania\/#primaryimage\"},\"thumbnailUrl\":\"https:\/\/casinoreturn.com\/wp-content\/uploads\/2025\/10\/Pennsylvania-Sweepstake-Casinos.jpg\",\"datePublished\":\"2025-10-15T10:15:30+00:00\",\"dateModified\":\"2025-10-15T10:30:20+00:00\",\"description\":\"Cassinos de Sweepstake da Pensilv\u00e2nia sob an\u00e1lise do Gaming Control Board. 18 operadores de bol\u00e3o foram notificados para retirar sua marca.\",\"breadcrumb\":{\"@id\":\"https:\/\/casinoreturn.com\/pt-br\/cassinos-de-sweepstake-da-pensilvania\/#breadcrumb\"},\"inLanguage\":\"pt-BR\",\"potentialAction\":[{\"@type\":\"ReadAction\",\"target\":[\"https:\/\/casinoreturn.com\/pt-br\/cassinos-de-sweepstake-da-pensilvania\/\"]}]},{\"@type\":\"ImageObject\",\"inLanguage\":\"pt-BR\",\"@id\":\"https:\/\/casinoreturn.com\/pt-br\/cassinos-de-sweepstake-da-pensilvania\/#primaryimage\",\"url\":\"https:\/\/casinoreturn.com\/wp-content\/uploads\/2025\/10\/Pennsylvania-Sweepstake-Casinos.jpg\",\"contentUrl\":\"https:\/\/casinoreturn.com\/wp-content\/uploads\/2025\/10\/Pennsylvania-Sweepstake-Casinos.jpg\",\"width\":800,\"height\":572,\"caption\":\"Pennsylvania Sweepstake Casinos\"},{\"@type\":\"BreadcrumbList\",\"@id\":\"https:\/\/casinoreturn.com\/pt-br\/cassinos-de-sweepstake-da-pensilvania\/#breadcrumb\",\"itemListElement\":[{\"@type\":\"ListItem\",\"position\":1,\"name\":\"Home\",\"item\":\"https:\/\/casinoreturn.com\/pt-br\/lar\/\"},{\"@type\":\"ListItem\",\"position\":2,\"name\":\"Cassinos de Sweepstake da Pensilv\u00e2nia\"}]},{\"@type\":\"WebSite\",\"@id\":\"https:\/\/casinoreturn.com\/#website\",\"url\":\"https:\/\/casinoreturn.com\/\",\"name\":\"casinoreturn\",\"description\":\"\",\"publisher\":{\"@id\":\"https:\/\/casinoreturn.com\/#organization\"},\"potentialAction\":[{\"@type\":\"SearchAction\",\"target\":{\"@type\":\"EntryPoint\",\"urlTemplate\":\"https:\/\/casinoreturn.com\/?s={search_term_string}\"},\"query-input\":{\"@type\":\"PropertyValueSpecification\",\"valueRequired\":true,\"valueName\":\"search_term_string\"}}],\"inLanguage\":\"pt-BR\"},{\"@type\":\"Organization\",\"@id\":\"https:\/\/casinoreturn.com\/#organization\",\"name\":\"casinoreturn\",\"url\":\"https:\/\/casinoreturn.com\/\",\"logo\":{\"@type\":\"ImageObject\",\"inLanguage\":\"pt-BR\",\"@id\":\"https:\/\/casinoreturn.com\/#\/schema\/logo\/image\/\",\"url\":\"https:\/\/casinoreturn.com\/wp-content\/uploads\/2024\/09\/animal-favicon.png\",\"contentUrl\":\"https:\/\/casinoreturn.com\/wp-content\/uploads\/2024\/09\/animal-favicon.png\",\"width\":92,\"height\":92,\"caption\":\"casinoreturn\"},\"image\":{\"@id\":\"https:\/\/casinoreturn.com\/#\/schema\/logo\/image\/\"}}]}<\/script>\n<!-- \/ Yoast SEO plugin. -->","yoast_head_json":{"title":"Cassinos de Sweepstake da Pensilv\u00e2nia - casinoreturn","description":"Cassinos de Sweepstake da Pensilv\u00e2nia sob an\u00e1lise do Gaming Control Board. 18 operadores de bol\u00e3o foram notificados para retirar sua marca.","robots":{"index":"index","follow":"follow","max-snippet":"max-snippet:-1","max-image-preview":"max-image-preview:large","max-video-preview":"max-video-preview:-1"},"canonical":"https:\/\/casinoreturn.com\/pt-br\/cassinos-de-sweepstake-da-pensilvania\/","og_locale":"pt_BR","og_type":"article","og_title":"Cassinos de Sweepstake da Pensilv\u00e2nia - casinoreturn","og_description":"Cassinos de Sweepstake da Pensilv\u00e2nia sob an\u00e1lise do Gaming Control Board. 18 operadores de bol\u00e3o foram notificados para retirar sua marca.","og_url":"https:\/\/casinoreturn.com\/pt-br\/cassinos-de-sweepstake-da-pensilvania\/","og_site_name":"casinoreturn","article_modified_time":"2025-10-15T10:30:20+00:00","og_image":[{"width":800,"height":572,"url":"https:\/\/casinoreturn.com\/wp-content\/uploads\/2025\/10\/Pennsylvania-Sweepstake-Casinos.jpg","type":"image\/jpeg"}],"twitter_card":"summary_large_image","twitter_misc":{"Est. tempo de leitura":"3 minutos"},"schema":{"@context":"https:\/\/schema.org","@graph":[{"@type":"WebPage","@id":"https:\/\/casinoreturn.com\/pt-br\/cassinos-de-sweepstake-da-pensilvania\/","url":"https:\/\/casinoreturn.com\/pt-br\/cassinos-de-sweepstake-da-pensilvania\/","name":"Cassinos de Sweepstake da Pensilv\u00e2nia - casinoreturn","isPartOf":{"@id":"https:\/\/casinoreturn.com\/#website"},"primaryImageOfPage":{"@id":"https:\/\/casinoreturn.com\/pt-br\/cassinos-de-sweepstake-da-pensilvania\/#primaryimage"},"image":{"@id":"https:\/\/casinoreturn.com\/pt-br\/cassinos-de-sweepstake-da-pensilvania\/#primaryimage"},"thumbnailUrl":"https:\/\/casinoreturn.com\/wp-content\/uploads\/2025\/10\/Pennsylvania-Sweepstake-Casinos.jpg","datePublished":"2025-10-15T10:15:30+00:00","dateModified":"2025-10-15T10:30:20+00:00","description":"Cassinos de Sweepstake da Pensilv\u00e2nia sob an\u00e1lise do Gaming Control Board. 18 operadores de bol\u00e3o foram notificados para retirar sua marca.","breadcrumb":{"@id":"https:\/\/casinoreturn.com\/pt-br\/cassinos-de-sweepstake-da-pensilvania\/#breadcrumb"},"inLanguage":"pt-BR","potentialAction":[{"@type":"ReadAction","target":["https:\/\/casinoreturn.com\/pt-br\/cassinos-de-sweepstake-da-pensilvania\/"]}]},{"@type":"ImageObject","inLanguage":"pt-BR","@id":"https:\/\/casinoreturn.com\/pt-br\/cassinos-de-sweepstake-da-pensilvania\/#primaryimage","url":"https:\/\/casinoreturn.com\/wp-content\/uploads\/2025\/10\/Pennsylvania-Sweepstake-Casinos.jpg","contentUrl":"https:\/\/casinoreturn.com\/wp-content\/uploads\/2025\/10\/Pennsylvania-Sweepstake-Casinos.jpg","width":800,"height":572,"caption":"Pennsylvania Sweepstake Casinos"},{"@type":"BreadcrumbList","@id":"https:\/\/casinoreturn.com\/pt-br\/cassinos-de-sweepstake-da-pensilvania\/#breadcrumb","itemListElement":[{"@type":"ListItem","position":1,"name":"Home","item":"https:\/\/casinoreturn.com\/pt-br\/lar\/"},{"@type":"ListItem","position":2,"name":"Cassinos de Sweepstake da Pensilv\u00e2nia"}]},{"@type":"WebSite","@id":"https:\/\/casinoreturn.com\/#website","url":"https:\/\/casinoreturn.com\/","name":"casinoreturn","description":"","publisher":{"@id":"https:\/\/casinoreturn.com\/#organization"},"potentialAction":[{"@type":"SearchAction","target":{"@type":"EntryPoint","urlTemplate":"https:\/\/casinoreturn.com\/?s={search_term_string}"},"query-input":{"@type":"PropertyValueSpecification","valueRequired":true,"valueName":"search_term_string"}}],"inLanguage":"pt-BR"},{"@type":"Organization","@id":"https:\/\/casinoreturn.com\/#organization","name":"casinoreturn","url":"https:\/\/casinoreturn.com\/","logo":{"@type":"ImageObject","inLanguage":"pt-BR","@id":"https:\/\/casinoreturn.com\/#\/schema\/logo\/image\/","url":"https:\/\/casinoreturn.com\/wp-content\/uploads\/2024\/09\/animal-favicon.png","contentUrl":"https:\/\/casinoreturn.com\/wp-content\/uploads\/2024\/09\/animal-favicon.png","width":92,"height":92,"caption":"casinoreturn"},"image":{"@id":"https:\/\/casinoreturn.com\/#\/schema\/logo\/image\/"}}]}},"_links":{"self":[{"href":"https:\/\/casinoreturn.com\/pt-br\/wp-json\/wp\/v2\/pages\/15429","targetHints":{"allow":["GET"]}}],"collection":[{"href":"https:\/\/casinoreturn.com\/pt-br\/wp-json\/wp\/v2\/pages"}],"about":[{"href":"https:\/\/casinoreturn.com\/pt-br\/wp-json\/wp\/v2\/types\/page"}],"author":[{"embeddable":true,"href":"https:\/\/casinoreturn.com\/pt-br\/wp-json\/wp\/v2\/users\/1"}],"replies":[{"embeddable":true,"href":"https:\/\/casinoreturn.com\/pt-br\/wp-json\/wp\/v2\/comments?post=15429"}],"version-history":[{"count":1,"href":"https:\/\/casinoreturn.com\/pt-br\/wp-json\/wp\/v2\/pages\/15429\/revisions"}],"predecessor-version":[{"id":15430,"href":"https:\/\/casinoreturn.com\/pt-br\/wp-json\/wp\/v2\/pages\/15429\/revisions\/15430"}],"wp:featuredmedia":[{"embeddable":true,"href":"https:\/\/casinoreturn.com\/pt-br\/wp-json\/wp\/v2\/media\/15394"}],"wp:attachment":[{"href":"https:\/\/casinoreturn.com\/pt-br\/wp-json\/wp\/v2\/media?parent=15429"}],"curies":[{"name":"wp","href":"https:\/\/api.w.org\/{rel}","templated":true}]}}