{"id":15987,"date":"2025-10-20T11:35:56","date_gmt":"2025-10-20T11:35:56","guid":{"rendered":"https:\/\/casinoreturn.com\/cassinos-de-sweepstake-na-virginia\/"},"modified":"2025-10-31T14:13:12","modified_gmt":"2025-10-31T14:13:12","slug":"cassinos-de-sweepstake-na-virginia","status":"publish","type":"page","link":"https:\/\/casinoreturn.com\/pt-br\/cassinos-de-sweepstake-na-virginia\/","title":{"rendered":"Cassinos de Sweepstake na Virg\u00ednia"},"content":{"rendered":"\t\t<div data-elementor-type=\"wp-page\" data-elementor-id=\"15987\" class=\"elementor elementor-15987\" data-elementor-post-type=\"page\">\n\t\t\t\t<div class=\"elementor-element elementor-element-047734d e-con-full e-flex e-con e-parent\" data-id=\"047734d\" data-element_type=\"container\">\n\t\t\t\t<div class=\"elementor-element elementor-element-1de28d0 elementor-widget elementor-widget-heading\" data-id=\"1de28d0\" data-element_type=\"widget\" data-widget_type=\"heading.default\">\n\t\t\t\t<div class=\"elementor-widget-container\">\n\t\t\t\t\t<h2 class=\"elementor-heading-title elementor-size-default\">Cassinos de Sweepstake na Virg\u00ednia<\/h2>\t\t\t\t<\/div>\n\t\t\t\t<\/div>\n\t\t\t\t<div class=\"elementor-element elementor-element-84aa821 elementor-widget elementor-widget-text-editor\" data-id=\"84aa821\" data-element_type=\"widget\" data-widget_type=\"text-editor.default\">\n\t\t\t\t<div class=\"elementor-widget-container\">\n\t\t\t\t\t\t\t\t\t<p>Os cassinos de sweepstake na Virg\u00ednia s\u00e3o considerados como n\u00e3o sendo jogos de azar devido ao modelo de entrada gratuita. Outros estados, como Nova York e Calif\u00f3rnia, adotaram uma posi\u00e7\u00e3o mais firme em rela\u00e7\u00e3o aos cassinos de sorteios. Leia mais sobre <a href=\"https:\/\/casinoreturn.com\/new-york-sweepstake-casinos\/\">Nova York e sua abordagem legal atual em rela\u00e7\u00e3o aos cassinos de sorteios<\/a>. E aqui voc\u00ea encontra uma an\u00e1lise completa sobre <a href=\"https:\/\/casinoreturn.com\/california-bans-social-sweepstake-games\/\">a abordagem dos cassinos de sweepstake na Calif\u00f3rnia<\/a>.<\/p>\n<p><img fetchpriority=\"high\" decoding=\"async\" class=\"alignnone size-medium wp-image-15603\" src=\"https:\/\/casinoreturn.com\/wp-content\/uploads\/2025\/10\/Sweepstake-Casinos-in-Virginia-300x300.png\" alt=\"Cassinos de Sweepstake na Virg\u00ednia\" width=\"300\" height=\"300\" srcset=\"https:\/\/casinoreturn.com\/wp-content\/uploads\/2025\/10\/Sweepstake-Casinos-in-Virginia-300x300.png 300w, https:\/\/casinoreturn.com\/wp-content\/uploads\/2025\/10\/Sweepstake-Casinos-in-Virginia-150x150.png 150w, https:\/\/casinoreturn.com\/wp-content\/uploads\/2025\/10\/Sweepstake-Casinos-in-Virginia-768x768.png 768w, https:\/\/casinoreturn.com\/wp-content\/uploads\/2025\/10\/Sweepstake-Casinos-in-Virginia.png 1024w\" sizes=\"(max-width: 300px) 100vw, 300px\" \/><\/p>\n<p>Neste artigo:  <\/p>\n<ul>\n<li><a href=\"https:\/\/casinoreturn.com\/pt-br\/cassinos-de-sweepstake-na-virginia\/#virginia\">Sweepstake na Virg\u00ednia  <\/a><\/li>\n<li><a href=\"https:\/\/casinoreturn.com\/pt-br\/cassinos-de-sweepstake-na-virginia\/#sport\">Apostas esportivas na Virg\u00ednia  <\/a><\/li>\n<li><a href=\"https:\/\/casinoreturn.com\/pt-br\/cassinos-de-sweepstake-na-virginia\/#list\">Lista de cassinos de Sweepstake na Virg\u00ednia  <\/a><\/li>\n<li><a href=\"https:\/\/casinoreturn.com\/pt-br\/cassinos-de-sweepstake-na-virginia\/#land\">Cassinos Real Monay em terra firme em Viginia<\/a><\/li>\n<li><a href=\"https:\/\/casinoreturn.com\/pt-br\/cassinos-de-sweepstake-na-virginia\/#faq\">Sorteios do FQA na Virg\u00ednia<\/a><\/li>\n<\/ul>\n\t\t\t\t\t\t\t\t<\/div>\n\t\t\t\t<\/div>\n\t\t\t\t<div class=\"elementor-element elementor-element-8978e42 elementor-widget elementor-widget-heading\" data-id=\"8978e42\" data-element_type=\"widget\" data-widget_type=\"heading.default\">\n\t\t\t\t<div class=\"elementor-widget-container\">\n\t\t\t\t\t<h3 class=\"elementor-heading-title elementor-size-default\">Sorteios na Virg\u00ednia<\/h3>\t\t\t\t<\/div>\n\t\t\t\t<\/div>\n\t\t\t\t<div class=\"elementor-element elementor-element-48ec529 elementor-widget elementor-widget-text-editor\" data-id=\"48ec529\" data-element_type=\"widget\" id=\"virginia\" data-widget_type=\"text-editor.default\">\n\t\t\t\t<div class=\"elementor-widget-container\">\n\t\t\t\t\t\t\t\t\t<p>Os sorteios s\u00e3o uma nova maneira de aprimorar a experi\u00eancia de jogo sem que voc\u00ea precise investir dinheiro real. Al\u00e9m do dinheiro real, os cassinos de sweepstake on-line oferecem o conforto de uma entrada f\u00e1cil para jogar em cassinos sociais com promo\u00e7\u00f5es adicionais. Voc\u00ea n\u00e3o precisa comprar nada e as chamadas moedas de ouro s\u00e3o oferecidas gratuitamente. Leia mais sobre cassinos sociais em nossa se\u00e7\u00e3o de <a href=\"https:\/\/casinoreturn.com\/pt-br\/retorno-do-cassino-sweep-stake-eua\/\">retorno de cassino de bol\u00e3o nos EUA<\/a>, onde voc\u00ea encontrar\u00e1 respostas detalhadas sobre moedas de ouro, promo\u00e7\u00f5es, regulamentos e a diferen\u00e7a entre um cassino social e um cassino de bol\u00e3o.  <\/p>\n<p><img decoding=\"async\" class=\"alignnone size-medium wp-image-14813\" src=\"https:\/\/casinoreturn.com\/wp-content\/uploads\/2025\/10\/Sweep-stake-casino-return-300x166.jpg\" alt=\"Retorno do cassino da aposta Sweep\" width=\"300\" height=\"166\" srcset=\"https:\/\/casinoreturn.com\/wp-content\/uploads\/2025\/10\/Sweep-stake-casino-return-300x166.jpg 300w, https:\/\/casinoreturn.com\/wp-content\/uploads\/2025\/10\/Sweep-stake-casino-return-768x424.jpg 768w, https:\/\/casinoreturn.com\/wp-content\/uploads\/2025\/10\/Sweep-stake-casino-return.jpg 906w\" sizes=\"(max-width: 300px) 100vw, 300px\" \/><\/p>\n<p>Portanto, a boa not\u00edcia para os jogadores da Virg\u00ednia \u00e9 que isso \u00e9 legal, a menos que os operadores ofere\u00e7am formas ocultas de jogar com dinheiro real, o que seria considerado ilegal.  <\/p>\n\t\t\t\t\t\t\t\t<\/div>\n\t\t\t\t<\/div>\n\t\t\t\t<div class=\"elementor-element elementor-element-601b0c0 elementor-widget elementor-widget-heading\" data-id=\"601b0c0\" data-element_type=\"widget\" data-widget_type=\"heading.default\">\n\t\t\t\t<div class=\"elementor-widget-container\">\n\t\t\t\t\t<h3 class=\"elementor-heading-title elementor-size-default\">Apostas esportivas na Virg\u00ednia<\/h3>\t\t\t\t<\/div>\n\t\t\t\t<\/div>\n\t\t\t\t<div class=\"elementor-element elementor-element-a402086 elementor-widget elementor-widget-text-editor\" data-id=\"a402086\" data-element_type=\"widget\" id=\"sport\" data-widget_type=\"text-editor.default\">\n\t\t\t\t<div class=\"elementor-widget-container\">\n\t\t\t\t\t\t\t\t\t<p>As apostas esportivas s\u00e3o permitidas no estado da Virg\u00ednia de acordo com o Artigo 2 do cap\u00edtulo 40, com o T\u00edtulo Virginia Code 58.1. Voc\u00ea acha que \u00e9 complicado? N\u00e3o, n\u00e3o \u00e9. Os jogadores devem ter 21 anos de idade e estar localizados na Virg\u00ednia. As operadoras que oferecem apostas m\u00f3veis DEVEM possuir uma licen\u00e7a local (com sede na Virg\u00ednia).  <\/p>\n<p><strong>Como na maioria dos estados dos EUA, as apostas em eventos esportivos universit\u00e1rios e em qualquer esporte que envolva menores de idade s\u00e3o proibidas se, por exemplo, uma equipe da Virg\u00ednia estiver envolvida.  <\/strong><\/p>\n<p>As operadoras da Virg\u00ednia precisam seguir as regras e os regulamentos de seguran\u00e7a para garantir um jogo respons\u00e1vel. Sua licen\u00e7a tamb\u00e9m determina o pagamento de um imposto GGR de 15% sobre os ganhos.  <\/p>\n\t\t\t\t\t\t\t\t<\/div>\n\t\t\t\t<\/div>\n\t\t\t\t<div class=\"elementor-element elementor-element-2f1924c elementor-widget elementor-widget-heading\" data-id=\"2f1924c\" data-element_type=\"widget\" data-widget_type=\"heading.default\">\n\t\t\t\t<div class=\"elementor-widget-container\">\n\t\t\t\t\t<h2 class=\"elementor-heading-title elementor-size-default\">Lista de operadores de apostas esportivas na Virg\u00ednia<\/h2>\t\t\t\t<\/div>\n\t\t\t\t<\/div>\n\t\t\t\t<div class=\"elementor-element elementor-element-72b28f4 elementor-widget elementor-widget-text-editor\" data-id=\"72b28f4\" data-element_type=\"widget\" id=\"list\" data-widget_type=\"text-editor.default\">\n\t\t\t\t<div class=\"elementor-widget-container\">\n\t\t\t\t\t\t\t\t\t<p>Lista de operadoras de apostas esportivas na Virg\u00ednia. Como voc\u00ea pode ver, a lista a seguir cont\u00e9m muito poucas surpresas. As tr\u00eas grandes empresas de apostas dos EUA est\u00e3o presentes, assim como alguns sites europeus com plataformas de apostas iguais ou at\u00e9 melhores.  <\/p>\n<p>Aqui est\u00e3o os nossos 5 principais sites de apostas na Virg\u00ednia:  <\/p>\n<ul>\n<li>Bet365 &#8211; Mestre do campo, um verdadeiro jogador<\/li>\n<li>BetMGM &#8211; Grande nome nos EUA, classificado em 4\u00ba lugar em receita em 2025<\/li>\n<li>Ceasars Sportsbook &#8211; Ficou em quinto lugar em receita, mas tem um portf\u00f3lio forte  <\/li>\n<li>FanDuel &#8211; n\u00e3o precisa de mais apresenta\u00e7\u00f5es, com o maior crescimento em 2025<\/li>\n<li>Fanatics &#8211; Classificado entre os dois primeiros, l\u00edder de mercado nos EUA  <\/li>\n<\/ul>\n\t\t\t\t\t\t\t\t<\/div>\n\t\t\t\t<\/div>\n\t\t\t\t<div class=\"elementor-element elementor-element-80164e0 elementor-widget elementor-widget-heading\" data-id=\"80164e0\" data-element_type=\"widget\" data-widget_type=\"heading.default\">\n\t\t\t\t<div class=\"elementor-widget-container\">\n\t\t\t\t\t<h3 class=\"elementor-heading-title elementor-size-default\">Cassinos f\u00edsicos na Virg\u00ednia  <\/h3>\t\t\t\t<\/div>\n\t\t\t\t<\/div>\n\t\t\t\t<div class=\"elementor-element elementor-element-3d78c2a elementor-widget elementor-widget-text-editor\" data-id=\"3d78c2a\" data-element_type=\"widget\" id=\"land\" data-widget_type=\"text-editor.default\">\n\t\t\t\t<div class=\"elementor-widget-container\">\n\t\t\t\t\t\t\t\t\t<p>Os cassinos f\u00edsicos na Virg\u00ednia, EUA, s\u00e3o muito limitados. Em 2020, apenas 5 licen\u00e7as foram concedidas a cassinos f\u00edsicos. Atualmente, 3 dos 5 est\u00e3o em funcionamento e dois cassinos est\u00e3o em desenvolvimento. Esses tr\u00eas cassinos em Bristol, EUA, Portsmouth, EUA, e Danville j\u00e1 s\u00e3o, por si s\u00f3, bastante impressionantes em termos estat\u00edsticos. Com uma receita total de jogos de US$ 1,4 bilh\u00e3o somente em 2024. A receita dessas opera\u00e7\u00f5es \u00e9 gerada por meio de cassinos de dinheiro real: M\u00e1quinas ca\u00e7a-n\u00edqueis, jogos de mesa, jogos com crupi\u00ea ao vivo, apostas e m\u00e1quinas de apostas de varejo.  <\/p>\n\t\t\t\t\t\t\t\t<\/div>\n\t\t\t\t<\/div>\n\t\t\t\t<div class=\"elementor-element elementor-element-d7fd54d elementor-widget elementor-widget-heading\" data-id=\"d7fd54d\" data-element_type=\"widget\" data-widget_type=\"heading.default\">\n\t\t\t\t<div class=\"elementor-widget-container\">\n\t\t\t\t\t<h3 class=\"elementor-heading-title elementor-size-default\">Perguntas frequentes sobre cassinos de Sweepstake na Virg\u00ednia<\/h3>\t\t\t\t<\/div>\n\t\t\t\t<\/div>\n\t\t\t\t<div class=\"elementor-element elementor-element-59fc1da elementor-widget elementor-widget-elementskit-faq\" data-id=\"59fc1da\" data-element_type=\"widget\" id=\"faq\" data-widget_type=\"elementskit-faq.default\">\n\t\t\t\t<div class=\"elementor-widget-container\">\n\t\t\t\t\t<div class=\"ekit-wid-con\" >\n                <div class=\"elementskit-single-faq elementor-repeater-item-8a3ec80\">\n            <div class=\"elementskit-faq-header\">\n                <h2 class=\"elementskit-faq-title\">What are Gold Coins in Sweepstake casinos?<\/h2>\n            <\/div>\n            <div class=\"elementskit-faq-body\">\n                Other than Real money casinos, Gold coins are a free giveaway in online Social Casinos. Gold coins are a promotional addition and can be part of a social Casino without a purchase.             <\/div>\n        <\/div>\n                <div class=\"elementskit-single-faq elementor-repeater-item-c0e40d1\">\n            <div class=\"elementskit-faq-header\">\n                <h2 class=\"elementskit-faq-title\">Can I bet on College football in Virginia, US? <\/h2>\n            <\/div>\n            <div class=\"elementskit-faq-body\">\n                The answer is NO. you can't bet on College football, or college sport events in Virginia. Same applies to any event involving minors.            <\/div>\n        <\/div>\n                <div class=\"elementskit-single-faq elementor-repeater-item-7190428\">\n            <div class=\"elementskit-faq-header\">\n                <h2 class=\"elementskit-faq-title\">Where can I play casino with real money in Virginia?<\/h2>\n            <\/div>\n            <div class=\"elementskit-faq-body\">\n                Real money casinos are land-based only. With currently 3 out of 5 land-based Casinos running, the choice is limited.             <\/div>\n        <\/div>\n                \n    <\/div>\t\t\t\t<\/div>\n\t\t\t\t<\/div>\n\t\t\t\t<\/div>\n\t\t\t\t<\/div>\n\t\t","protected":false},"excerpt":{"rendered":"<p>Cassinos de Sweepstake na Virg\u00ednia Os cassinos de sweepstake na Virg\u00ednia s\u00e3o considerados como n\u00e3o sendo jogos de azar devido ao modelo de entrada gratuita. Outros estados, como Nova York e Calif\u00f3rnia, adotaram uma posi\u00e7\u00e3o mais firme em rela\u00e7\u00e3o aos cassinos de sorteios. Leia mais sobre Nova York e sua abordagem legal atual em rela\u00e7\u00e3o [&hellip;]<\/p>\n","protected":false},"author":1,"featured_media":15610,"parent":0,"menu_order":0,"comment_status":"closed","ping_status":"closed","template":"","meta":{"footnotes":""},"class_list":["post-15987","page","type-page","status-publish","has-post-thumbnail","hentry"],"blocksy_meta":[],"acf":[],"yoast_head":"<!-- This site is optimized with the Yoast SEO plugin v24.1 - https:\/\/yoast.com\/wordpress\/plugins\/seo\/ -->\n<title>Cassinos de Sweepstake na Virg\u00ednia - casinoreturn<\/title>\n<meta name=\"description\" content=\"Os cassinos de Sweepstake na Virg\u00ednia s\u00e3o legais - por enquanto. Os sorteios promocionais s\u00e3o fundamentais para que voc\u00ea permane\u00e7a legal sem a troca de dinheiro.\" \/>\n<meta name=\"robots\" content=\"index, follow, max-snippet:-1, max-image-preview:large, max-video-preview:-1\" \/>\n<link rel=\"canonical\" href=\"https:\/\/casinoreturn.com\/pt-br\/cassinos-de-sweepstake-na-virginia\/\" \/>\n<meta property=\"og:locale\" content=\"pt_BR\" \/>\n<meta property=\"og:type\" content=\"article\" \/>\n<meta property=\"og:title\" content=\"Cassinos de Sweepstake na Virg\u00ednia - casinoreturn\" \/>\n<meta property=\"og:description\" content=\"Os cassinos de Sweepstake na Virg\u00ednia s\u00e3o legais - por enquanto. Os sorteios promocionais s\u00e3o fundamentais para que voc\u00ea permane\u00e7a legal sem a troca de dinheiro.\" \/>\n<meta property=\"og:url\" content=\"https:\/\/casinoreturn.com\/pt-br\/cassinos-de-sweepstake-na-virginia\/\" \/>\n<meta property=\"og:site_name\" content=\"casinoreturn\" \/>\n<meta property=\"article:modified_time\" content=\"2025-10-31T14:13:12+00:00\" \/>\n<meta property=\"og:image\" content=\"https:\/\/casinoreturn.com\/wp-content\/uploads\/2025\/10\/Sweepstake-Casinos-in-Virginia.png\" \/>\n\t<meta property=\"og:image:width\" content=\"1024\" \/>\n\t<meta property=\"og:image:height\" content=\"1024\" \/>\n\t<meta property=\"og:image:type\" content=\"image\/png\" \/>\n<meta name=\"twitter:card\" content=\"summary_large_image\" \/>\n<meta name=\"twitter:label1\" content=\"Est. tempo de leitura\" \/>\n\t<meta name=\"twitter:data1\" content=\"4 minutos\" \/>\n<script type=\"application\/ld+json\" class=\"yoast-schema-graph\">{\"@context\":\"https:\/\/schema.org\",\"@graph\":[{\"@type\":\"WebPage\",\"@id\":\"https:\/\/casinoreturn.com\/pt-br\/cassinos-de-sweepstake-na-virginia\/\",\"url\":\"https:\/\/casinoreturn.com\/pt-br\/cassinos-de-sweepstake-na-virginia\/\",\"name\":\"Cassinos de Sweepstake na Virg\u00ednia - casinoreturn\",\"isPartOf\":{\"@id\":\"https:\/\/casinoreturn.com\/#website\"},\"primaryImageOfPage\":{\"@id\":\"https:\/\/casinoreturn.com\/pt-br\/cassinos-de-sweepstake-na-virginia\/#primaryimage\"},\"image\":{\"@id\":\"https:\/\/casinoreturn.com\/pt-br\/cassinos-de-sweepstake-na-virginia\/#primaryimage\"},\"thumbnailUrl\":\"https:\/\/casinoreturn.com\/wp-content\/uploads\/2025\/10\/Sweepstake-Casinos-in-Virginia.png\",\"datePublished\":\"2025-10-20T11:35:56+00:00\",\"dateModified\":\"2025-10-31T14:13:12+00:00\",\"description\":\"Os cassinos de Sweepstake na Virg\u00ednia s\u00e3o legais - por enquanto. Os sorteios promocionais s\u00e3o fundamentais para que voc\u00ea permane\u00e7a legal sem a troca de dinheiro.\",\"breadcrumb\":{\"@id\":\"https:\/\/casinoreturn.com\/pt-br\/cassinos-de-sweepstake-na-virginia\/#breadcrumb\"},\"inLanguage\":\"pt-BR\",\"potentialAction\":[{\"@type\":\"ReadAction\",\"target\":[\"https:\/\/casinoreturn.com\/pt-br\/cassinos-de-sweepstake-na-virginia\/\"]}]},{\"@type\":\"ImageObject\",\"inLanguage\":\"pt-BR\",\"@id\":\"https:\/\/casinoreturn.com\/pt-br\/cassinos-de-sweepstake-na-virginia\/#primaryimage\",\"url\":\"https:\/\/casinoreturn.com\/wp-content\/uploads\/2025\/10\/Sweepstake-Casinos-in-Virginia.png\",\"contentUrl\":\"https:\/\/casinoreturn.com\/wp-content\/uploads\/2025\/10\/Sweepstake-Casinos-in-Virginia.png\",\"width\":1024,\"height\":1024,\"caption\":\"Sweepstake Casinos in Virginia\"},{\"@type\":\"BreadcrumbList\",\"@id\":\"https:\/\/casinoreturn.com\/pt-br\/cassinos-de-sweepstake-na-virginia\/#breadcrumb\",\"itemListElement\":[{\"@type\":\"ListItem\",\"position\":1,\"name\":\"Home\",\"item\":\"https:\/\/casinoreturn.com\/pt-br\/lar\/\"},{\"@type\":\"ListItem\",\"position\":2,\"name\":\"Cassinos de Sweepstake na Virg\u00ednia\"}]},{\"@type\":\"WebSite\",\"@id\":\"https:\/\/casinoreturn.com\/#website\",\"url\":\"https:\/\/casinoreturn.com\/\",\"name\":\"casinoreturn\",\"description\":\"\",\"publisher\":{\"@id\":\"https:\/\/casinoreturn.com\/#organization\"},\"potentialAction\":[{\"@type\":\"SearchAction\",\"target\":{\"@type\":\"EntryPoint\",\"urlTemplate\":\"https:\/\/casinoreturn.com\/?s={search_term_string}\"},\"query-input\":{\"@type\":\"PropertyValueSpecification\",\"valueRequired\":true,\"valueName\":\"search_term_string\"}}],\"inLanguage\":\"pt-BR\"},{\"@type\":\"Organization\",\"@id\":\"https:\/\/casinoreturn.com\/#organization\",\"name\":\"casinoreturn\",\"url\":\"https:\/\/casinoreturn.com\/\",\"logo\":{\"@type\":\"ImageObject\",\"inLanguage\":\"pt-BR\",\"@id\":\"https:\/\/casinoreturn.com\/#\/schema\/logo\/image\/\",\"url\":\"https:\/\/casinoreturn.com\/wp-content\/uploads\/2024\/09\/animal-favicon.png\",\"contentUrl\":\"https:\/\/casinoreturn.com\/wp-content\/uploads\/2024\/09\/animal-favicon.png\",\"width\":92,\"height\":92,\"caption\":\"casinoreturn\"},\"image\":{\"@id\":\"https:\/\/casinoreturn.com\/#\/schema\/logo\/image\/\"}}]}<\/script>\n<!-- \/ Yoast SEO plugin. -->","yoast_head_json":{"title":"Cassinos de Sweepstake na Virg\u00ednia - casinoreturn","description":"Os cassinos de Sweepstake na Virg\u00ednia s\u00e3o legais - por enquanto. Os sorteios promocionais s\u00e3o fundamentais para que voc\u00ea permane\u00e7a legal sem a troca de dinheiro.","robots":{"index":"index","follow":"follow","max-snippet":"max-snippet:-1","max-image-preview":"max-image-preview:large","max-video-preview":"max-video-preview:-1"},"canonical":"https:\/\/casinoreturn.com\/pt-br\/cassinos-de-sweepstake-na-virginia\/","og_locale":"pt_BR","og_type":"article","og_title":"Cassinos de Sweepstake na Virg\u00ednia - casinoreturn","og_description":"Os cassinos de Sweepstake na Virg\u00ednia s\u00e3o legais - por enquanto. Os sorteios promocionais s\u00e3o fundamentais para que voc\u00ea permane\u00e7a legal sem a troca de dinheiro.","og_url":"https:\/\/casinoreturn.com\/pt-br\/cassinos-de-sweepstake-na-virginia\/","og_site_name":"casinoreturn","article_modified_time":"2025-10-31T14:13:12+00:00","og_image":[{"width":1024,"height":1024,"url":"https:\/\/casinoreturn.com\/wp-content\/uploads\/2025\/10\/Sweepstake-Casinos-in-Virginia.png","type":"image\/png"}],"twitter_card":"summary_large_image","twitter_misc":{"Est. tempo de leitura":"4 minutos"},"schema":{"@context":"https:\/\/schema.org","@graph":[{"@type":"WebPage","@id":"https:\/\/casinoreturn.com\/pt-br\/cassinos-de-sweepstake-na-virginia\/","url":"https:\/\/casinoreturn.com\/pt-br\/cassinos-de-sweepstake-na-virginia\/","name":"Cassinos de Sweepstake na Virg\u00ednia - casinoreturn","isPartOf":{"@id":"https:\/\/casinoreturn.com\/#website"},"primaryImageOfPage":{"@id":"https:\/\/casinoreturn.com\/pt-br\/cassinos-de-sweepstake-na-virginia\/#primaryimage"},"image":{"@id":"https:\/\/casinoreturn.com\/pt-br\/cassinos-de-sweepstake-na-virginia\/#primaryimage"},"thumbnailUrl":"https:\/\/casinoreturn.com\/wp-content\/uploads\/2025\/10\/Sweepstake-Casinos-in-Virginia.png","datePublished":"2025-10-20T11:35:56+00:00","dateModified":"2025-10-31T14:13:12+00:00","description":"Os cassinos de Sweepstake na Virg\u00ednia s\u00e3o legais - por enquanto. Os sorteios promocionais s\u00e3o fundamentais para que voc\u00ea permane\u00e7a legal sem a troca de dinheiro.","breadcrumb":{"@id":"https:\/\/casinoreturn.com\/pt-br\/cassinos-de-sweepstake-na-virginia\/#breadcrumb"},"inLanguage":"pt-BR","potentialAction":[{"@type":"ReadAction","target":["https:\/\/casinoreturn.com\/pt-br\/cassinos-de-sweepstake-na-virginia\/"]}]},{"@type":"ImageObject","inLanguage":"pt-BR","@id":"https:\/\/casinoreturn.com\/pt-br\/cassinos-de-sweepstake-na-virginia\/#primaryimage","url":"https:\/\/casinoreturn.com\/wp-content\/uploads\/2025\/10\/Sweepstake-Casinos-in-Virginia.png","contentUrl":"https:\/\/casinoreturn.com\/wp-content\/uploads\/2025\/10\/Sweepstake-Casinos-in-Virginia.png","width":1024,"height":1024,"caption":"Sweepstake Casinos in Virginia"},{"@type":"BreadcrumbList","@id":"https:\/\/casinoreturn.com\/pt-br\/cassinos-de-sweepstake-na-virginia\/#breadcrumb","itemListElement":[{"@type":"ListItem","position":1,"name":"Home","item":"https:\/\/casinoreturn.com\/pt-br\/lar\/"},{"@type":"ListItem","position":2,"name":"Cassinos de Sweepstake na Virg\u00ednia"}]},{"@type":"WebSite","@id":"https:\/\/casinoreturn.com\/#website","url":"https:\/\/casinoreturn.com\/","name":"casinoreturn","description":"","publisher":{"@id":"https:\/\/casinoreturn.com\/#organization"},"potentialAction":[{"@type":"SearchAction","target":{"@type":"EntryPoint","urlTemplate":"https:\/\/casinoreturn.com\/?s={search_term_string}"},"query-input":{"@type":"PropertyValueSpecification","valueRequired":true,"valueName":"search_term_string"}}],"inLanguage":"pt-BR"},{"@type":"Organization","@id":"https:\/\/casinoreturn.com\/#organization","name":"casinoreturn","url":"https:\/\/casinoreturn.com\/","logo":{"@type":"ImageObject","inLanguage":"pt-BR","@id":"https:\/\/casinoreturn.com\/#\/schema\/logo\/image\/","url":"https:\/\/casinoreturn.com\/wp-content\/uploads\/2024\/09\/animal-favicon.png","contentUrl":"https:\/\/casinoreturn.com\/wp-content\/uploads\/2024\/09\/animal-favicon.png","width":92,"height":92,"caption":"casinoreturn"},"image":{"@id":"https:\/\/casinoreturn.com\/#\/schema\/logo\/image\/"}}]}},"_links":{"self":[{"href":"https:\/\/casinoreturn.com\/pt-br\/wp-json\/wp\/v2\/pages\/15987","targetHints":{"allow":["GET"]}}],"collection":[{"href":"https:\/\/casinoreturn.com\/pt-br\/wp-json\/wp\/v2\/pages"}],"about":[{"href":"https:\/\/casinoreturn.com\/pt-br\/wp-json\/wp\/v2\/types\/page"}],"author":[{"embeddable":true,"href":"https:\/\/casinoreturn.com\/pt-br\/wp-json\/wp\/v2\/users\/1"}],"replies":[{"embeddable":true,"href":"https:\/\/casinoreturn.com\/pt-br\/wp-json\/wp\/v2\/comments?post=15987"}],"version-history":[{"count":1,"href":"https:\/\/casinoreturn.com\/pt-br\/wp-json\/wp\/v2\/pages\/15987\/revisions"}],"predecessor-version":[{"id":15988,"href":"https:\/\/casinoreturn.com\/pt-br\/wp-json\/wp\/v2\/pages\/15987\/revisions\/15988"}],"wp:featuredmedia":[{"embeddable":true,"href":"https:\/\/casinoreturn.com\/pt-br\/wp-json\/wp\/v2\/media\/15610"}],"wp:attachment":[{"href":"https:\/\/casinoreturn.com\/pt-br\/wp-json\/wp\/v2\/media?parent=15987"}],"curies":[{"name":"wp","href":"https:\/\/api.w.org\/{rel}","templated":true}]}}