{"id":16037,"date":"2025-10-17T16:07:39","date_gmt":"2025-10-17T16:07:39","guid":{"rendered":"https:\/\/casinoreturn.com\/cassinos-de-sweepstake-na-florida\/"},"modified":"2025-10-31T14:29:36","modified_gmt":"2025-10-31T14:29:36","slug":"cassinos-de-sweepstake-na-florida","status":"publish","type":"page","link":"https:\/\/casinoreturn.com\/pt-br\/cassinos-de-sweepstake-na-florida\/","title":{"rendered":"Cassinos de Sweepstake na Fl\u00f3rida"},"content":{"rendered":"\t\t<div data-elementor-type=\"wp-page\" data-elementor-id=\"16037\" class=\"elementor elementor-16037\" data-elementor-post-type=\"page\">\n\t\t\t\t<div class=\"elementor-element elementor-element-550cc17 e-con-full e-flex e-con e-parent\" data-id=\"550cc17\" data-element_type=\"container\">\n\t\t\t\t<div class=\"elementor-element elementor-element-5396053 elementor-widget elementor-widget-heading\" data-id=\"5396053\" data-element_type=\"widget\" data-widget_type=\"heading.default\">\n\t\t\t\t<div class=\"elementor-widget-container\">\n\t\t\t\t\t<h3 class=\"elementor-heading-title elementor-size-default\">Cassinos de Sweepstake na Fl\u00f3rida<\/h3>\t\t\t\t<\/div>\n\t\t\t\t<\/div>\n\t\t\t\t<div class=\"elementor-element elementor-element-4383f5b elementor-widget elementor-widget-text-editor\" data-id=\"4383f5b\" data-element_type=\"widget\" data-widget_type=\"text-editor.default\">\n\t\t\t\t<div class=\"elementor-widget-container\">\n\t\t\t\t\t\t\t\t\t<p>Atualmente, os cassinos de sweepstake na Fl\u00f3rida s\u00e3o considerados concursos promocionais, e n\u00e3o jogos de azar. Essa \u00e9 a boa not\u00edcia. A Comiss\u00e3o de Controle de Jogos da Fl\u00f3rida ainda n\u00e3o proibiu os sorteios e suas Goldcoins. Mas foram feitas propostas em 2025 para classificar os cassinos de bol\u00e3o como jogos de azar na Internet. Ambos os lados, operadores de sorteios e \u00f3rg\u00e3os reguladores, est\u00e3o trabalhando em minutas para apoiar seus casos. O jogo livre em muitos estados dos EUA est\u00e1 sendo analisado. <a href=\"https:\/\/casinoreturn.com\/pt-br\/retorno-do-cassino-sweep-stake-eua\/\">Os cassinos sociais<\/a>, que em muitos estados ainda s\u00e3o legais, est\u00e3o sob fogo para serem declarados ilegais por um n\u00famero cada vez maior de estados.<\/p>\n<p><strong>Neste artigo:<\/strong><\/p>\n<ul>\n<li>Lista de cassinos de bol\u00e3o<\/li>\n<li>Regulamenta\u00e7\u00f5es na Fl\u00f3rida<\/li>\n<li>Lista de cassinos de apostas esportivas na Fl\u00f3rida<\/li>\n<li>FAQs Sweepstake Cassinos da Fl\u00f3rida<\/li>\n<\/ul>\n<p><img decoding=\"async\" class=\"alignnone wp-image-15496\" src=\"https:\/\/casinoreturn.com\/wp-content\/uploads\/2025\/10\/Sweepstake-Casinos-in-Florida.png\" alt=\"Cassinos de Sweepstake na Fl\u00f3rida\" width=\"125\" height=\"125\" srcset=\"https:\/\/casinoreturn.com\/wp-content\/uploads\/2025\/10\/Sweepstake-Casinos-in-Florida.png 225w, https:\/\/casinoreturn.com\/wp-content\/uploads\/2025\/10\/Sweepstake-Casinos-in-Florida-150x150.png 150w\" sizes=\"(max-width: 125px) 100vw, 125px\" \/><\/p>\n\t\t\t\t\t\t\t\t<\/div>\n\t\t\t\t<\/div>\n\t\t\t\t<div class=\"elementor-element elementor-element-d15c0ae elementor-widget elementor-widget-heading\" data-id=\"d15c0ae\" data-element_type=\"widget\" data-widget_type=\"heading.default\">\n\t\t\t\t<div class=\"elementor-widget-container\">\n\t\t\t\t\t<h3 class=\"elementor-heading-title elementor-size-default\">Lista de cassinos de Sweepstake na Fl\u00f3rida<\/h3>\t\t\t\t<\/div>\n\t\t\t\t<\/div>\n\t\t\t\t<div class=\"elementor-element elementor-element-fe42027 elementor-widget elementor-widget-text-editor\" data-id=\"fe42027\" data-element_type=\"widget\" data-widget_type=\"text-editor.default\">\n\t\t\t\t<div class=\"elementor-widget-container\">\n\t\t\t\t\t\t\t\t\t<p>Os cassinos de Sweepstake na Fl\u00f3rida n\u00e3o s\u00e3o t\u00e3o abundantes. N\u00e3o h\u00e1 mais de uma d\u00fazia de registros, mas algumas operadoras est\u00e3o oferecendo suas moedas de ouro de sweepstake em algumas zonas cinzentas. Em nenhuma ordem ou classifica\u00e7\u00e3o espec\u00edfica:<\/p>\n<ul>\n<li>Mr. Luck, registrado  <\/li>\n<li>High5 Casino, registrado<\/li>\n<li>Ol\u00e1 Millions, registrado<\/li>\n<li>Crown Coins, registrado<\/li>\n<li>WOW Vegas, registrado<\/li>\n<li>Stake.us ,registrado<\/li>\n<\/ul>\n<p>Os cassinos terrestres, ou cassinos presenciais, s\u00e3o administrados por tribos ou empresas como tais<\/p>\n<ul>\n<li>Seminole Hard Rock Hotel &amp; Casino (Tampa e HollywoodSeminole<\/li>\n<li>Brighton Casino Seminole<\/li>\n<li>Miccosukee Resort &amp; Gaming (Miami)<\/li>\n<li>Cassino Immokale<\/li>\n<li>Cassino Seminole Immokale<\/li>\n<\/ul>\n<p>A legalidade dos cassinos com dinheiro real e dos cassinos on-line \u00e9 debatida nos EUA e a Fl\u00f3rida tem mostrado movimentos semelhantes no sentido de proibir completamente o sweepstake no futuro.  <\/p>\n\t\t\t\t\t\t\t\t<\/div>\n\t\t\t\t<\/div>\n\t\t\t\t<div class=\"elementor-element elementor-element-c3cd23d elementor-widget elementor-widget-heading\" data-id=\"c3cd23d\" data-element_type=\"widget\" data-widget_type=\"heading.default\">\n\t\t\t\t<div class=\"elementor-widget-container\">\n\t\t\t\t\t<h3 class=\"elementor-heading-title elementor-size-default\">Regulamenta\u00e7\u00f5es na Fl\u00f3rida<\/h3>\t\t\t\t<\/div>\n\t\t\t\t<\/div>\n\t\t\t\t<div class=\"elementor-element elementor-element-328690d elementor-widget elementor-widget-text-editor\" data-id=\"328690d\" data-element_type=\"widget\" data-widget_type=\"text-editor.default\">\n\t\t\t\t<div class=\"elementor-widget-container\">\n\t\t\t\t\t\t\t\t\t<p>As regulamenta\u00e7\u00f5es na Fl\u00f3rida est\u00e3o sofrendo mais press\u00e3o para proibir ou restringir o uso de cassinos de bol\u00e3o.  <\/p><\/p>\n\t\t\t\t\t\t\t\t<\/div>\n\t\t\t\t<\/div>\n\t\t\t\t<\/div>\n\t\t<div class=\"elementor-element elementor-element-9509de3 e-grid e-con-full e-con e-parent\" data-id=\"9509de3\" data-element_type=\"container\" data-settings=\"{&quot;background_background&quot;:&quot;classic&quot;}\">\n\t\t\t\t<div class=\"elementor-element elementor-element-a246602 elementor-widget elementor-widget-text-editor\" data-id=\"a246602\" data-element_type=\"widget\" data-widget_type=\"text-editor.default\">\n\t\t\t\t<div class=\"elementor-widget-container\">\n\t\t\t\t\t\t\t\t\t<p><strong>Os cassinos de dinheiro real ou cassinos on-line que aceitam dinheiro real s\u00e3o ilegais na Fl\u00f3rida  <\/strong><\/p>\n<p><strong>Posso jogar com dinheiro real em cassinos f\u00edsicos?<\/strong><\/p>\n<p><strong>Sim, esses cassinos f\u00edsicos s\u00e3o legais<\/strong><\/p>\n\t\t\t\t\t\t\t\t<\/div>\n\t\t\t\t<\/div>\n\t\t\t\t<div class=\"elementor-element elementor-element-347bbf8 elementor-widget elementor-widget-image\" data-id=\"347bbf8\" data-element_type=\"widget\" data-widget_type=\"image.default\">\n\t\t\t\t<div class=\"elementor-widget-container\">\n\t\t\t\t\t\t\t\t\t\t\t\t\t\t\t<img fetchpriority=\"high\" decoding=\"async\" width=\"225\" height=\"225\" src=\"https:\/\/casinoreturn.com\/wp-content\/uploads\/2025\/10\/Sweepstake-Casinos-in-Florida.png\" class=\"attachment-large size-large wp-image-15496\" alt=\"Sweepstake Casinos in Florida\" srcset=\"https:\/\/casinoreturn.com\/wp-content\/uploads\/2025\/10\/Sweepstake-Casinos-in-Florida.png 225w, https:\/\/casinoreturn.com\/wp-content\/uploads\/2025\/10\/Sweepstake-Casinos-in-Florida-150x150.png 150w\" sizes=\"(max-width: 225px) 100vw, 225px\" \/>\t\t\t\t\t\t\t\t\t\t\t\t\t\t\t<\/div>\n\t\t\t\t<\/div>\n\t\t\t\t<div class=\"elementor-element elementor-element-eb23194 elementor-widget elementor-widget-text-editor\" data-id=\"eb23194\" data-element_type=\"widget\" data-widget_type=\"text-editor.default\">\n\t\t\t\t<div class=\"elementor-widget-container\">\n\t\t\t\t\t\t\t\t\t<p><strong>Os cassinos com sorteios ainda s\u00e3o considerados legais, mas j\u00e1 h\u00e1 propostas em andamento para proibir promo\u00e7\u00f5es com moedas de ouro e sorteios em geral na Fl\u00f3rida.<\/strong><\/p>\n<p>Por exemplo, Stake.us e Chumba casino<\/p><\/p>\n\t\t\t\t\t\t\t\t<\/div>\n\t\t\t\t<\/div>\n\t\t\t\t<div class=\"elementor-element elementor-element-d7dd2e5 elementor-widget elementor-widget-text-editor\" data-id=\"d7dd2e5\" data-element_type=\"widget\" data-widget_type=\"text-editor.default\">\n\t\t\t\t<div class=\"elementor-widget-container\">\n\t\t\t\t\t\t\t\t\t<p><strong>As apostas esportivas s\u00e3o legais na Fl\u00f3rida?  <\/strong><\/p>\n<p><strong>Aqui est\u00e1 o problema: \u00e9 legal na Fl\u00f3rida, MAS o \u00fanico operador legal \u00e9 o Hard Rock Bet (operado pela Tribo Seminole da Fl\u00f3rida).  <\/strong><\/p>\n<p><strong>H\u00e1 menos de uma d\u00fazia de outros varejistas em terra administrados pela tribo Seminole na Fl\u00f3rida.  <\/strong><\/p>\n\t\t\t\t\t\t\t\t<\/div>\n\t\t\t\t<\/div>\n\t\t\t\t<div class=\"elementor-element elementor-element-e4c9e61 elementor-widget elementor-widget-image\" data-id=\"e4c9e61\" data-element_type=\"widget\" data-widget_type=\"image.default\">\n\t\t\t\t<div class=\"elementor-widget-container\">\n\t\t\t\t\t\t\t\t\t\t\t\t\t\t\t<img decoding=\"async\" width=\"906\" height=\"500\" src=\"https:\/\/casinoreturn.com\/wp-content\/uploads\/2025\/10\/Sweep-stake-casino-return.jpg\" class=\"attachment-large size-large wp-image-14813\" alt=\"Sweep stake casino return\" srcset=\"https:\/\/casinoreturn.com\/wp-content\/uploads\/2025\/10\/Sweep-stake-casino-return.jpg 906w, https:\/\/casinoreturn.com\/wp-content\/uploads\/2025\/10\/Sweep-stake-casino-return-300x166.jpg 300w, https:\/\/casinoreturn.com\/wp-content\/uploads\/2025\/10\/Sweep-stake-casino-return-768x424.jpg 768w\" sizes=\"(max-width: 906px) 100vw, 906px\" \/>\t\t\t\t\t\t\t\t\t\t\t\t\t\t\t<\/div>\n\t\t\t\t<\/div>\n\t\t\t\t<div class=\"elementor-element elementor-element-366b516 elementor-widget elementor-widget-text-editor\" data-id=\"366b516\" data-element_type=\"widget\" data-widget_type=\"text-editor.default\">\n\t\t\t\t<div class=\"elementor-widget-container\">\n\t\t\t\t\t\t\t\t\t<p><strong>Como a Seminole tem o monop\u00f3lio das apostas esportivas na Fl\u00f3rida, muitos acreditam que o mercado \u00e9 muito restrito e alguns argumentam que \u00e9 muito limitado.  <\/strong><\/p>\n<p><strong>At\u00e9 o momento, os tribunais aceitaram qualquer reclama\u00e7\u00e3o contra a lei federal, e as tribos podem dominar o mundo das apostas na Fl\u00f3rida.  <\/strong><\/p>\n\t\t\t\t\t\t\t\t<\/div>\n\t\t\t\t<\/div>\n\t\t\t\t<\/div>\n\t\t\t\t<\/div>\n\t\t","protected":false},"excerpt":{"rendered":"<p>Cassinos de Sweepstake na Fl\u00f3rida Atualmente, os cassinos de sweepstake na Fl\u00f3rida s\u00e3o considerados concursos promocionais, e n\u00e3o jogos de azar. Essa \u00e9 a boa not\u00edcia. A Comiss\u00e3o de Controle de Jogos da Fl\u00f3rida ainda n\u00e3o proibiu os sorteios e suas Goldcoins. Mas foram feitas propostas em 2025 para classificar os cassinos de bol\u00e3o como [&hellip;]<\/p>\n","protected":false},"author":1,"featured_media":15503,"parent":0,"menu_order":0,"comment_status":"closed","ping_status":"closed","template":"","meta":{"footnotes":""},"class_list":["post-16037","page","type-page","status-publish","has-post-thumbnail","hentry"],"blocksy_meta":[],"acf":[],"yoast_head":"<!-- This site is optimized with the Yoast SEO plugin v24.1 - https:\/\/yoast.com\/wordpress\/plugins\/seo\/ -->\n<title>Cassinos de Sweepstake na Fl\u00f3rida - casinoreturn<\/title>\n<meta name=\"description\" content=\"Os cassinos Sweepstake na Fl\u00f3rida est\u00e3o funcionando no estado ensolarado como um concurso promocional, em vez de puro jogo, portanto, por enquanto, \u00e9 legal.\" \/>\n<meta name=\"robots\" content=\"index, follow, max-snippet:-1, max-image-preview:large, max-video-preview:-1\" \/>\n<link rel=\"canonical\" href=\"https:\/\/casinoreturn.com\/pt-br\/cassinos-de-sweepstake-na-florida\/\" \/>\n<meta property=\"og:locale\" content=\"pt_BR\" \/>\n<meta property=\"og:type\" content=\"article\" \/>\n<meta property=\"og:title\" content=\"Cassinos de Sweepstake na Fl\u00f3rida - casinoreturn\" \/>\n<meta property=\"og:description\" content=\"Os cassinos Sweepstake na Fl\u00f3rida est\u00e3o funcionando no estado ensolarado como um concurso promocional, em vez de puro jogo, portanto, por enquanto, \u00e9 legal.\" \/>\n<meta property=\"og:url\" content=\"https:\/\/casinoreturn.com\/pt-br\/cassinos-de-sweepstake-na-florida\/\" \/>\n<meta property=\"og:site_name\" content=\"casinoreturn\" \/>\n<meta property=\"article:modified_time\" content=\"2025-10-31T14:29:36+00:00\" \/>\n<meta property=\"og:image\" content=\"https:\/\/casinoreturn.com\/wp-content\/uploads\/2025\/10\/Sweepstake-Casinos-in-Florida.png\" \/>\n\t<meta property=\"og:image:width\" content=\"225\" \/>\n\t<meta property=\"og:image:height\" content=\"225\" \/>\n\t<meta property=\"og:image:type\" content=\"image\/png\" \/>\n<meta name=\"twitter:card\" content=\"summary_large_image\" \/>\n<meta name=\"twitter:label1\" content=\"Est. tempo de leitura\" \/>\n\t<meta name=\"twitter:data1\" content=\"2 minutos\" \/>\n<script type=\"application\/ld+json\" class=\"yoast-schema-graph\">{\"@context\":\"https:\/\/schema.org\",\"@graph\":[{\"@type\":\"WebPage\",\"@id\":\"https:\/\/casinoreturn.com\/pt-br\/cassinos-de-sweepstake-na-florida\/\",\"url\":\"https:\/\/casinoreturn.com\/pt-br\/cassinos-de-sweepstake-na-florida\/\",\"name\":\"Cassinos de Sweepstake na Fl\u00f3rida - casinoreturn\",\"isPartOf\":{\"@id\":\"https:\/\/casinoreturn.com\/#website\"},\"primaryImageOfPage\":{\"@id\":\"https:\/\/casinoreturn.com\/pt-br\/cassinos-de-sweepstake-na-florida\/#primaryimage\"},\"image\":{\"@id\":\"https:\/\/casinoreturn.com\/pt-br\/cassinos-de-sweepstake-na-florida\/#primaryimage\"},\"thumbnailUrl\":\"https:\/\/casinoreturn.com\/wp-content\/uploads\/2025\/10\/Sweepstake-Casinos-in-Florida.png\",\"datePublished\":\"2025-10-17T16:07:39+00:00\",\"dateModified\":\"2025-10-31T14:29:36+00:00\",\"description\":\"Os cassinos Sweepstake na Fl\u00f3rida est\u00e3o funcionando no estado ensolarado como um concurso promocional, em vez de puro jogo, portanto, por enquanto, \u00e9 legal.\",\"breadcrumb\":{\"@id\":\"https:\/\/casinoreturn.com\/pt-br\/cassinos-de-sweepstake-na-florida\/#breadcrumb\"},\"inLanguage\":\"pt-BR\",\"potentialAction\":[{\"@type\":\"ReadAction\",\"target\":[\"https:\/\/casinoreturn.com\/pt-br\/cassinos-de-sweepstake-na-florida\/\"]}]},{\"@type\":\"ImageObject\",\"inLanguage\":\"pt-BR\",\"@id\":\"https:\/\/casinoreturn.com\/pt-br\/cassinos-de-sweepstake-na-florida\/#primaryimage\",\"url\":\"https:\/\/casinoreturn.com\/wp-content\/uploads\/2025\/10\/Sweepstake-Casinos-in-Florida.png\",\"contentUrl\":\"https:\/\/casinoreturn.com\/wp-content\/uploads\/2025\/10\/Sweepstake-Casinos-in-Florida.png\",\"width\":225,\"height\":225,\"caption\":\"Sweepstake Casinos in Florida\"},{\"@type\":\"BreadcrumbList\",\"@id\":\"https:\/\/casinoreturn.com\/pt-br\/cassinos-de-sweepstake-na-florida\/#breadcrumb\",\"itemListElement\":[{\"@type\":\"ListItem\",\"position\":1,\"name\":\"Home\",\"item\":\"https:\/\/casinoreturn.com\/pt-br\/lar\/\"},{\"@type\":\"ListItem\",\"position\":2,\"name\":\"Cassinos de Sweepstake na Fl\u00f3rida\"}]},{\"@type\":\"WebSite\",\"@id\":\"https:\/\/casinoreturn.com\/#website\",\"url\":\"https:\/\/casinoreturn.com\/\",\"name\":\"casinoreturn\",\"description\":\"\",\"publisher\":{\"@id\":\"https:\/\/casinoreturn.com\/#organization\"},\"potentialAction\":[{\"@type\":\"SearchAction\",\"target\":{\"@type\":\"EntryPoint\",\"urlTemplate\":\"https:\/\/casinoreturn.com\/?s={search_term_string}\"},\"query-input\":{\"@type\":\"PropertyValueSpecification\",\"valueRequired\":true,\"valueName\":\"search_term_string\"}}],\"inLanguage\":\"pt-BR\"},{\"@type\":\"Organization\",\"@id\":\"https:\/\/casinoreturn.com\/#organization\",\"name\":\"casinoreturn\",\"url\":\"https:\/\/casinoreturn.com\/\",\"logo\":{\"@type\":\"ImageObject\",\"inLanguage\":\"pt-BR\",\"@id\":\"https:\/\/casinoreturn.com\/#\/schema\/logo\/image\/\",\"url\":\"https:\/\/casinoreturn.com\/wp-content\/uploads\/2024\/09\/animal-favicon.png\",\"contentUrl\":\"https:\/\/casinoreturn.com\/wp-content\/uploads\/2024\/09\/animal-favicon.png\",\"width\":92,\"height\":92,\"caption\":\"casinoreturn\"},\"image\":{\"@id\":\"https:\/\/casinoreturn.com\/#\/schema\/logo\/image\/\"}}]}<\/script>\n<!-- \/ Yoast SEO plugin. -->","yoast_head_json":{"title":"Cassinos de Sweepstake na Fl\u00f3rida - casinoreturn","description":"Os cassinos Sweepstake na Fl\u00f3rida est\u00e3o funcionando no estado ensolarado como um concurso promocional, em vez de puro jogo, portanto, por enquanto, \u00e9 legal.","robots":{"index":"index","follow":"follow","max-snippet":"max-snippet:-1","max-image-preview":"max-image-preview:large","max-video-preview":"max-video-preview:-1"},"canonical":"https:\/\/casinoreturn.com\/pt-br\/cassinos-de-sweepstake-na-florida\/","og_locale":"pt_BR","og_type":"article","og_title":"Cassinos de Sweepstake na Fl\u00f3rida - casinoreturn","og_description":"Os cassinos Sweepstake na Fl\u00f3rida est\u00e3o funcionando no estado ensolarado como um concurso promocional, em vez de puro jogo, portanto, por enquanto, \u00e9 legal.","og_url":"https:\/\/casinoreturn.com\/pt-br\/cassinos-de-sweepstake-na-florida\/","og_site_name":"casinoreturn","article_modified_time":"2025-10-31T14:29:36+00:00","og_image":[{"width":225,"height":225,"url":"https:\/\/casinoreturn.com\/wp-content\/uploads\/2025\/10\/Sweepstake-Casinos-in-Florida.png","type":"image\/png"}],"twitter_card":"summary_large_image","twitter_misc":{"Est. tempo de leitura":"2 minutos"},"schema":{"@context":"https:\/\/schema.org","@graph":[{"@type":"WebPage","@id":"https:\/\/casinoreturn.com\/pt-br\/cassinos-de-sweepstake-na-florida\/","url":"https:\/\/casinoreturn.com\/pt-br\/cassinos-de-sweepstake-na-florida\/","name":"Cassinos de Sweepstake na Fl\u00f3rida - casinoreturn","isPartOf":{"@id":"https:\/\/casinoreturn.com\/#website"},"primaryImageOfPage":{"@id":"https:\/\/casinoreturn.com\/pt-br\/cassinos-de-sweepstake-na-florida\/#primaryimage"},"image":{"@id":"https:\/\/casinoreturn.com\/pt-br\/cassinos-de-sweepstake-na-florida\/#primaryimage"},"thumbnailUrl":"https:\/\/casinoreturn.com\/wp-content\/uploads\/2025\/10\/Sweepstake-Casinos-in-Florida.png","datePublished":"2025-10-17T16:07:39+00:00","dateModified":"2025-10-31T14:29:36+00:00","description":"Os cassinos Sweepstake na Fl\u00f3rida est\u00e3o funcionando no estado ensolarado como um concurso promocional, em vez de puro jogo, portanto, por enquanto, \u00e9 legal.","breadcrumb":{"@id":"https:\/\/casinoreturn.com\/pt-br\/cassinos-de-sweepstake-na-florida\/#breadcrumb"},"inLanguage":"pt-BR","potentialAction":[{"@type":"ReadAction","target":["https:\/\/casinoreturn.com\/pt-br\/cassinos-de-sweepstake-na-florida\/"]}]},{"@type":"ImageObject","inLanguage":"pt-BR","@id":"https:\/\/casinoreturn.com\/pt-br\/cassinos-de-sweepstake-na-florida\/#primaryimage","url":"https:\/\/casinoreturn.com\/wp-content\/uploads\/2025\/10\/Sweepstake-Casinos-in-Florida.png","contentUrl":"https:\/\/casinoreturn.com\/wp-content\/uploads\/2025\/10\/Sweepstake-Casinos-in-Florida.png","width":225,"height":225,"caption":"Sweepstake Casinos in Florida"},{"@type":"BreadcrumbList","@id":"https:\/\/casinoreturn.com\/pt-br\/cassinos-de-sweepstake-na-florida\/#breadcrumb","itemListElement":[{"@type":"ListItem","position":1,"name":"Home","item":"https:\/\/casinoreturn.com\/pt-br\/lar\/"},{"@type":"ListItem","position":2,"name":"Cassinos de Sweepstake na Fl\u00f3rida"}]},{"@type":"WebSite","@id":"https:\/\/casinoreturn.com\/#website","url":"https:\/\/casinoreturn.com\/","name":"casinoreturn","description":"","publisher":{"@id":"https:\/\/casinoreturn.com\/#organization"},"potentialAction":[{"@type":"SearchAction","target":{"@type":"EntryPoint","urlTemplate":"https:\/\/casinoreturn.com\/?s={search_term_string}"},"query-input":{"@type":"PropertyValueSpecification","valueRequired":true,"valueName":"search_term_string"}}],"inLanguage":"pt-BR"},{"@type":"Organization","@id":"https:\/\/casinoreturn.com\/#organization","name":"casinoreturn","url":"https:\/\/casinoreturn.com\/","logo":{"@type":"ImageObject","inLanguage":"pt-BR","@id":"https:\/\/casinoreturn.com\/#\/schema\/logo\/image\/","url":"https:\/\/casinoreturn.com\/wp-content\/uploads\/2024\/09\/animal-favicon.png","contentUrl":"https:\/\/casinoreturn.com\/wp-content\/uploads\/2024\/09\/animal-favicon.png","width":92,"height":92,"caption":"casinoreturn"},"image":{"@id":"https:\/\/casinoreturn.com\/#\/schema\/logo\/image\/"}}]}},"_links":{"self":[{"href":"https:\/\/casinoreturn.com\/pt-br\/wp-json\/wp\/v2\/pages\/16037","targetHints":{"allow":["GET"]}}],"collection":[{"href":"https:\/\/casinoreturn.com\/pt-br\/wp-json\/wp\/v2\/pages"}],"about":[{"href":"https:\/\/casinoreturn.com\/pt-br\/wp-json\/wp\/v2\/types\/page"}],"author":[{"embeddable":true,"href":"https:\/\/casinoreturn.com\/pt-br\/wp-json\/wp\/v2\/users\/1"}],"replies":[{"embeddable":true,"href":"https:\/\/casinoreturn.com\/pt-br\/wp-json\/wp\/v2\/comments?post=16037"}],"version-history":[{"count":1,"href":"https:\/\/casinoreturn.com\/pt-br\/wp-json\/wp\/v2\/pages\/16037\/revisions"}],"predecessor-version":[{"id":16038,"href":"https:\/\/casinoreturn.com\/pt-br\/wp-json\/wp\/v2\/pages\/16037\/revisions\/16038"}],"wp:featuredmedia":[{"embeddable":true,"href":"https:\/\/casinoreturn.com\/pt-br\/wp-json\/wp\/v2\/media\/15503"}],"wp:attachment":[{"href":"https:\/\/casinoreturn.com\/pt-br\/wp-json\/wp\/v2\/media?parent=16037"}],"curies":[{"name":"wp","href":"https:\/\/api.w.org\/{rel}","templated":true}]}}