{"id":16226,"date":"2025-11-04T22:06:23","date_gmt":"2025-11-04T22:06:23","guid":{"rendered":"https:\/\/casinoreturn.com\/cassino-online-west-virginia-sweepstake\/"},"modified":"2025-11-04T22:54:29","modified_gmt":"2025-11-04T22:54:29","slug":"cassino-online-west-virginia-sweepstake","status":"publish","type":"page","link":"https:\/\/casinoreturn.com\/pt-br\/cassino-online-west-virginia-sweepstake\/","title":{"rendered":"Cassino Online West Virginia Sweepstake"},"content":{"rendered":"\t\t<div data-elementor-type=\"wp-page\" data-elementor-id=\"16226\" class=\"elementor elementor-16226\" data-elementor-post-type=\"page\">\n\t\t\t\t<div class=\"elementor-element elementor-element-a25ba4b e-con-full e-flex e-con e-parent\" data-id=\"a25ba4b\" data-element_type=\"container\" data-settings=\"{&quot;background_background&quot;:&quot;gradient&quot;}\">\n\t\t\t\t<div class=\"elementor-element elementor-element-d034d04 elementor-widget elementor-widget-heading\" data-id=\"d034d04\" data-element_type=\"widget\" data-widget_type=\"heading.default\">\n\t\t\t\t<div class=\"elementor-widget-container\">\n\t\t\t\t\t<h3 class=\"elementor-heading-title elementor-size-default\">Cassino Online Virginia Sweepstake<\/h3>\t\t\t\t<\/div>\n\t\t\t\t<\/div>\n\t\t\t\t<div class=\"elementor-element elementor-element-18d8fc5 elementor-widget elementor-widget-text-editor\" data-id=\"18d8fc5\" data-element_type=\"widget\" data-widget_type=\"text-editor.default\">\n\t\t\t\t<div class=\"elementor-widget-container\">\n\t\t\t\t\t\t\t\t\t<p>Por enquanto, as regras do cassino on-line West Virginia Sweepstake n\u00e3o s\u00e3o muito r\u00edgidas. Isso significa que os cassinos on-line que oferecem acesso por meio de dep\u00f3sito de dinheiro para jogar e ganhar dinheiro n\u00e3o s\u00e3o, de fato, legais. Os cassinos de sweepstake est\u00e3o operando sob o chamado modelo de moeda dupla. Esse modelo de moeda dupla permite que os jogadores acessem a plataforma, mas nenhum dep\u00f3sito \u00e9 necess\u00e1rio. Nenhum dinheiro pode ser ganho diretamente ou trocado. Os sorteios funcionam com moedas resgat\u00e1veis, que podem ser trocadas.  <a href=\"https:\/\/casinoreturn.com\/pt-br\/retorno-do-cassino-sweep-stake-eua\/\">Voc\u00ea pode encontrar mais informa\u00e7\u00f5es sobre sweeps e moedas de ouro aqui.  <\/a><\/p>\n<p>Os jogadores tamb\u00e9m podem encontrar mais informa\u00e7\u00f5es sobre a legisla\u00e7\u00e3o de cada estado dos EUA, como <a href=\"https:\/\/casinoreturn.com\/new-york-sweepstake-casinos\/\">os cassinos de sweepstake de Nova York<\/a> ou a <a href=\"https:\/\/casinoreturn.com\/california-bans-social-sweepstake-games\/\">proibi\u00e7\u00e3o dos cassinos de sweepstake da Calif\u00f3rnia. <\/a> <\/p>\n<p>Neste artigo, explicamos a voc\u00ea:  <\/p>\n<ul>\n<li><a href=\"https:\/\/casinoreturn.com\/pt-br\/cassino-online-west-virginia-sweepstake\/#curr\">Regulamenta\u00e7\u00f5es atuais de Sweepstake em West Virginia<\/a><\/li>\n<li>Cassinos f\u00edsicos em West Virginia  <\/li>\n<li><a href=\"https:\/\/casinoreturn.com\/pt-br\/cassino-online-west-virginia-sweepstake\/#top\">Os 10 melhores cassinos de Sweepstake na Virg\u00ednia Ocidental<\/a> <\/li>\n<li><a href=\"https:\/\/casinoreturn.com\/pt-br\/cassino-online-west-virginia-sweepstake\/#sport\">Apostas esportivas na Virg\u00ednia Ocidental<\/a><\/li>\n<li><a href=\"https:\/\/casinoreturn.com\/pt-br\/cassino-online-west-virginia-sweepstake\/#faq\">Perguntas frequentes sobre os cassinos de Sweepstake da Virg\u00ednia Ocidental<\/a><\/li>\n<li><a href=\"https:\/\/casinoreturn.com\/pt-br\/cassino-online-west-virginia-sweepstake\/#curio\">Curiosidades sobre West Virginia, EUA<\/a><\/li>\n<\/ul>\n\t\t\t\t\t\t\t\t<\/div>\n\t\t\t\t<\/div>\n\t\t\t\t<\/div>\n\t\t<div class=\"elementor-element elementor-element-920cb2f e-con-full e-flex e-con e-parent\" data-id=\"920cb2f\" data-element_type=\"container\" data-settings=\"{&quot;background_background&quot;:&quot;gradient&quot;}\">\n\t\t\t\t<div class=\"elementor-element elementor-element-5ede9b0 elementor-widget__width-initial elementor-widget elementor-widget-image\" data-id=\"5ede9b0\" data-element_type=\"widget\" data-widget_type=\"image.default\">\n\t\t\t\t<div class=\"elementor-widget-container\">\n\t\t\t\t\t\t\t\t\t\t\t\t\t\t\t<img decoding=\"async\" src=\"https:\/\/casinoreturn.com\/wp-content\/uploads\/elementor\/thumbs\/Sweep-stake-casino-return-rcsvuhhg8ru7ojla0mlxbz0ez2n9j5cipfa82r7ohw.jpg\" title=\"Sweep stake casino return\" alt=\"Sweep stake casino return\" loading=\"lazy\" \/>\t\t\t\t\t\t\t\t\t\t\t\t\t\t\t<\/div>\n\t\t\t\t<\/div>\n\t\t\t\t<div class=\"elementor-element elementor-element-21b3226 elementor-widget elementor-widget-heading\" data-id=\"21b3226\" data-element_type=\"widget\" id=\"curr\" data-widget_type=\"heading.default\">\n\t\t\t\t<div class=\"elementor-widget-container\">\n\t\t\t\t\t<h3 class=\"elementor-heading-title elementor-size-default\">Regulamenta\u00e7\u00f5es atuais sobre sorteios na Virg\u00ednia Ocidental<\/h3>\t\t\t\t<\/div>\n\t\t\t\t<\/div>\n\t\t\t\t<\/div>\n\t\t<div class=\"elementor-element elementor-element-165ad87 e-con-full e-flex e-con e-parent\" data-id=\"165ad87\" data-element_type=\"container\">\n\t\t\t\t<div class=\"elementor-element elementor-element-8fc0205 elementor-widget elementor-widget-text-editor\" data-id=\"8fc0205\" data-element_type=\"widget\" data-widget_type=\"text-editor.default\">\n\t\t\t\t<div class=\"elementor-widget-container\">\n\t\t\t\t\t\t\t\t\t<p>A situa\u00e7\u00e3o atual dos cassinos de bol\u00e3o na Virg\u00ednia Ocidental \u00e9 incerta, mas continua sendo legal. Os legisladores da Virg\u00ednia est\u00e3o considerando as operadoras de modelo de moeda dupla como atividades que n\u00e3o s\u00e3o de jogos de azar. Esse modelo est\u00e1 sendo cada vez mais examinado por todos os lados. Estados como a Calif\u00f3rnia e <a href=\"https:\/\/casinoreturn.com\/pt-br\/cassinos-de-sweepstake-da-pensilvania\/\">a Pensilv\u00e2nia, que banem ou pro\u00edbem os sorteios.<\/a><\/p>\n<p>Por enquanto, a ideia de entrada gratuita nos cassinos on-line est\u00e1 mantida. Os jogadores podem entrar nas plataformas gratuitamente e jogar jogos de cassinos sociais, ganhando moedas de ouro. Esses Goldcoins n\u00e3o podem ser trocados por dinheiro e, portanto, n\u00e3o s\u00e3o considerados pela lei como jogos de azar. Os cassinos de sorteio n\u00e3o s\u00e3o oficialmente licenciados e permanecem sob a vigil\u00e2ncia da lei estadual e n\u00e3o se enquadram no artigo 18.2-325 da lei estadual da Virg\u00ednia Ocidental.  <\/p>\n<p>Os jogadores devem ter mais de 18 anos de idade para cassinos sociais e mais de 21 anos de idade e residir em West Virginia para apostas esportivas.  <\/p>\t\t\t\t\t\t\t\t<\/div>\n\t\t\t\t<\/div>\n\t\t\t\t<div class=\"elementor-element elementor-element-5118fa1 elementor-widget elementor-widget-heading\" data-id=\"5118fa1\" data-element_type=\"widget\" id=\"top\" data-widget_type=\"heading.default\">\n\t\t\t\t<div class=\"elementor-widget-container\">\n\t\t\t\t\t<h3 class=\"elementor-heading-title elementor-size-default\">Os 10 melhores cassinos de Sweepstake na Virg\u00ednia Ocidental<\/h3>\t\t\t\t<\/div>\n\t\t\t\t<\/div>\n\t\t\t\t<div class=\"elementor-element elementor-element-7957e13 elementor-widget elementor-widget-image\" data-id=\"7957e13\" data-element_type=\"widget\" data-widget_type=\"image.default\">\n\t\t\t\t<div class=\"elementor-widget-container\">\n\t\t\t\t\t\t\t\t\t\t\t\t\t\t\t<img decoding=\"async\" src=\"https:\/\/casinoreturn.com\/wp-content\/uploads\/elementor\/thumbs\/West-Virginia-Sweepstake-online-Casino-re8be3avp0f8cq7oyjzacwqfm1upd5dp2x3x9hkbic.png\" title=\"West Virginia Sweepstake online Casino\" alt=\"West Virginia Sweepstake online Casino\" loading=\"lazy\" \/>\t\t\t\t\t\t\t\t\t\t\t\t\t\t\t<\/div>\n\t\t\t\t<\/div>\n\t\t\t\t<div class=\"elementor-element elementor-element-9c8bfae elementor-widget elementor-widget-text-editor\" data-id=\"9c8bfae\" data-element_type=\"widget\" data-widget_type=\"text-editor.default\">\n\t\t\t\t<div class=\"elementor-widget-container\">\n\t\t\t\t\t\t\t\t\t<p>Com a confirma\u00e7\u00e3o da ilegalidade dos cassinos on-line com dinheiro real, os seguintes cassinos de sorteio oferecem oportunidades de cassino social. Ou seja, a entrada \u00e9 gratuita e voc\u00ea n\u00e3o precisa fazer nenhum dep\u00f3sito. Embora as moedas de ouro possam ser ganhas e os pr\u00eamios estejam dispon\u00edveis em troca, n\u00e3o h\u00e1 valor monet\u00e1rio ou dinheiro para ganhar. Em nenhuma ordem espec\u00edfica de import\u00e2ncia:  <\/p>\n<p>Embora n\u00e3o seja ilegal, v\u00e1rios cassinos que oferecem cassinos de sorteios on-line sa\u00edram do mercado. Em 2025, o procurador-geral John B. McCusky emitiu pouco menos de 50 intima\u00e7\u00f5es a operadores. Metade interrompeu suas opera\u00e7\u00f5es at\u00e9 o momento. Alguns ainda est\u00e3o operando em uma zona cinzenta.  <\/p>\n<h4>Cassinos f\u00edsicos em West Virginia<\/h4>\n<p>Os cassinos f\u00edsicos na Virg\u00ednia est\u00e3o proporcionando uma experi\u00eancia de jogo muito esperada com dinheiro real. Gostar\u00edamos de apresentar a voc\u00ea os 5 melhores cassinos f\u00edsicos da Virg\u00ednia Ocidental, mas oficialmente apenas 3 est\u00e3o em pleno funcionamento. As licen\u00e7as foram concedidas em 2020 para Bristol (EUA), Danville (EUA), Norfolk (EUA), Portsmouth (EUA) e Richmond (EUA).  <\/p>\n<ul>\n<li>O Hollywood Casino at Charles Town Races \u00e9 l\u00edder em termos de entretenimento. Oferecendo uma experi\u00eancia de jogo completa de p\u00f4quer de mesa ao vivo, ca\u00e7a-n\u00edqueis, bingo e blackjack. Algumas esta\u00e7\u00f5es de apostas tamb\u00e9m est\u00e3o presentes<\/li>\n<li>Mardi Gras &#8211; combina a opera\u00e7\u00e3o completa de um hotel e cassino<\/li>\n<li>The Casino Club at The Greenbrier &#8211; Uma grande marca apoia esse centro de jogos de entretenimento<\/li>\n<\/ul>\t\t\t\t\t\t\t\t<\/div>\n\t\t\t\t<\/div>\n\t\t\t\t<div class=\"elementor-element elementor-element-0a7b52c elementor-widget elementor-widget-heading\" data-id=\"0a7b52c\" data-element_type=\"widget\" id=\"sport\" data-widget_type=\"heading.default\">\n\t\t\t\t<div class=\"elementor-widget-container\">\n\t\t\t\t\t<h3 class=\"elementor-heading-title elementor-size-default\">Apostas esportivas em West Virginia  <\/h3>\t\t\t\t<\/div>\n\t\t\t\t<\/div>\n\t\t\t\t<div class=\"elementor-element elementor-element-0a1012d elementor-widget elementor-widget-text-editor\" data-id=\"0a1012d\" data-element_type=\"widget\" data-widget_type=\"text-editor.default\">\n\t\t\t\t<div class=\"elementor-widget-container\">\n\t\t\t\t\t\t\t\t\t<p>As apostas esportivas na Virg\u00ednia Ocidental s\u00e3o legais e para os residentes e operadores s\u00e3o licenciadas. As plataformas de apostas esportivas devem aderir estritamente \u00e0 verifica\u00e7\u00e3o de idade, 21+ anos. As apostas devem ser feitas no estado da Virg\u00ednia.  <\/p>\n<p>Assim como em outros estados dos EUA, as apostas em eventos esportivos para jovens e eventos esportivos universit\u00e1rios s\u00e3o ilegais. Os grandes nomes que oferecem aplicativos de apostas para apostas s\u00e3o FanDuel. DraftKings, BetMGM e Caesars.<\/p>\t\t\t\t\t\t\t\t<\/div>\n\t\t\t\t<\/div>\n\t\t\t\t<div class=\"elementor-element elementor-element-9a3e94e elementor-widget elementor-widget-heading\" data-id=\"9a3e94e\" data-element_type=\"widget\" id=\"faq\" data-widget_type=\"heading.default\">\n\t\t\t\t<div class=\"elementor-widget-container\">\n\t\t\t\t\t<h2 class=\"elementor-heading-title elementor-size-default\">Perguntas frequentes sobre os cassinos de Sweepstake da Virg\u00ednia Ocidental<\/h2>\t\t\t\t<\/div>\n\t\t\t\t<\/div>\n\t\t\t\t<div class=\"elementor-element elementor-element-6a966d4 elementor-widget elementor-widget-elementskit-faq\" data-id=\"6a966d4\" data-element_type=\"widget\" data-widget_type=\"elementskit-faq.default\">\n\t\t\t\t<div class=\"elementor-widget-container\">\n\t\t\t\t\t<div class=\"ekit-wid-con\" >\n                <div class=\"elementskit-single-faq elementor-repeater-item-e0176ff\">\n            <div class=\"elementskit-faq-header\">\n                <h2 class=\"elementskit-faq-title\">Are Sweepstake casinos legal in West Virginia?<\/h2>\n            <\/div>\n            <div class=\"elementskit-faq-body\">\n                Sweepstake casinos are not illegal. if the set up provides a complete social casino structure, without real-money. Meaning, the online casino cannot accept or reward players with anything but Goldcoins, or similar token.            <\/div>\n        <\/div>\n                <div class=\"elementskit-single-faq elementor-repeater-item-140a2d1\">\n            <div class=\"elementskit-faq-header\">\n                <h2 class=\"elementskit-faq-title\">Is sports betting legal in West Virginia?<\/h2>\n            <\/div>\n            <div class=\"elementskit-faq-body\">\n                Yes sports betting is legal. Residents older than 21+ of age can wager on sport and events.             <\/div>\n        <\/div>\n                <div class=\"elementskit-single-faq elementor-repeater-item-35c1273\">\n            <div class=\"elementskit-faq-header\">\n                <h2 class=\"elementskit-faq-title\">Can I bet on a Virginia team outside of the state of West Virginia?<\/h2>\n            <\/div>\n            <div class=\"elementskit-faq-body\">\n                If you are resident of West Virginia, and want to place a wager on a team playing outside of West Virginia, it's not possible. However, players can bet on teams from West Virginia if their residency is outside from West Virginia.             <\/div>\n        <\/div>\n                \n    <\/div>\t\t\t\t<\/div>\n\t\t\t\t<\/div>\n\t\t\t\t<div class=\"elementor-element elementor-element-6631937 elementor-widget elementor-widget-heading\" data-id=\"6631937\" data-element_type=\"widget\" id=\"curio\" data-widget_type=\"heading.default\">\n\t\t\t\t<div class=\"elementor-widget-container\">\n\t\t\t\t\t<h3 class=\"elementor-heading-title elementor-size-default\">Curiosidades sobre West Virginia, EUA<\/h3>\t\t\t\t<\/div>\n\t\t\t\t<\/div>\n\t\t\t\t<div class=\"elementor-element elementor-element-50e0b85 elementor-widget elementor-widget-text-editor\" data-id=\"50e0b85\" data-element_type=\"widget\" data-widget_type=\"text-editor.default\">\n\t\t\t\t<div class=\"elementor-widget-container\">\n\t\t\t\t\t\t\t\t\t<p>Aqui est\u00e3o algumas curiosidades sobre a Virg\u00ednia Ocidental. O estado dos EUA tem alguns nomes pol\u00edticos muito proeminentes em seu curr\u00edculo.  <\/p>\n<p><img fetchpriority=\"high\" decoding=\"async\" class=\"alignnone wp-image-16194 size-full\" src=\"https:\/\/casinoreturn.com\/wp-content\/uploads\/2025\/11\/West-Virginia-Sweepstake-online-Casino.png\" alt=\"Cassino online West Virginia Sweepstake\" width=\"237\" height=\"212\"><\/p>\n<ul>\n<li>A Virg\u00ednia Ocidental abriga completamente o Planalto dos Apalaches.  <\/li>\n<li>Lar do maior telesc\u00f3pio de dire\u00e7\u00e3o do mundo  <\/li>\n<li>O New River &#8211; curiosamente, \u00e9 um dos rios mais antigos do mundo<\/li>\n<li>A Virg\u00ednia Ocidental tem mais rios caudalosos, desfiladeiros e corredeiras de \u00e1guas brancas &#8211; mais do que o n\u00famero combinado de todos os estados dos EUA<\/li>\n<\/ul>\n<p> <\/p>\t\t\t\t\t\t\t\t<\/div>\n\t\t\t\t<\/div>\n\t\t\t\t<\/div>\n\t\t\t\t<\/div>\n\t\t","protected":false},"excerpt":{"rendered":"<p>Cassino Online Virginia Sweepstake Por enquanto, as regras do cassino on-line West Virginia Sweepstake n\u00e3o s\u00e3o muito r\u00edgidas. Isso significa que os cassinos on-line que oferecem acesso por meio de dep\u00f3sito de dinheiro para jogar e ganhar dinheiro n\u00e3o s\u00e3o, de fato, legais. Os cassinos de sweepstake est\u00e3o operando sob o chamado modelo de moeda [&hellip;]<\/p>\n","protected":false},"author":1,"featured_media":16201,"parent":0,"menu_order":0,"comment_status":"closed","ping_status":"closed","template":"","meta":{"footnotes":""},"class_list":["post-16226","page","type-page","status-publish","has-post-thumbnail","hentry"],"blocksy_meta":[],"acf":[],"yoast_head":"<!-- This site is optimized with the Yoast SEO plugin v24.1 - https:\/\/yoast.com\/wordpress\/plugins\/seo\/ -->\n<title>Cassino Online West Virginia Sweepstake - casinoreturn<\/title>\n<meta name=\"description\" content=\"O Cassino Online West Virginia Sweepstake pode operar por enquanto. Os cassinos on-line que oferecem sorteios est\u00e3o sendo alvo de cr\u00edticas, mas, por enquanto, n\u00e3o s\u00e3o considerados jogos de azar.\" \/>\n<meta name=\"robots\" content=\"index, follow, max-snippet:-1, max-image-preview:large, max-video-preview:-1\" \/>\n<link rel=\"canonical\" href=\"https:\/\/casinoreturn.com\/pt-br\/cassino-online-west-virginia-sweepstake\/\" \/>\n<meta property=\"og:locale\" content=\"pt_BR\" \/>\n<meta property=\"og:type\" content=\"article\" \/>\n<meta property=\"og:title\" content=\"Cassino Online West Virginia Sweepstake - casinoreturn\" \/>\n<meta property=\"og:description\" content=\"O Cassino Online West Virginia Sweepstake pode operar por enquanto. Os cassinos on-line que oferecem sorteios est\u00e3o sendo alvo de cr\u00edticas, mas, por enquanto, n\u00e3o s\u00e3o considerados jogos de azar.\" \/>\n<meta property=\"og:url\" content=\"https:\/\/casinoreturn.com\/pt-br\/cassino-online-west-virginia-sweepstake\/\" \/>\n<meta property=\"og:site_name\" content=\"casinoreturn\" \/>\n<meta property=\"article:modified_time\" content=\"2025-11-04T22:54:29+00:00\" \/>\n<meta property=\"og:image\" content=\"https:\/\/casinoreturn.com\/wp-content\/uploads\/2025\/11\/West-Virginia-Sweepstake-online-Casino.png\" \/>\n\t<meta property=\"og:image:width\" content=\"237\" \/>\n\t<meta property=\"og:image:height\" content=\"212\" \/>\n\t<meta property=\"og:image:type\" content=\"image\/png\" \/>\n<meta name=\"twitter:card\" content=\"summary_large_image\" \/>\n<meta name=\"twitter:label1\" content=\"Est. tempo de leitura\" \/>\n\t<meta name=\"twitter:data1\" content=\"5 minutos\" \/>\n<script type=\"application\/ld+json\" class=\"yoast-schema-graph\">{\"@context\":\"https:\/\/schema.org\",\"@graph\":[{\"@type\":\"WebPage\",\"@id\":\"https:\/\/casinoreturn.com\/pt-br\/cassino-online-west-virginia-sweepstake\/\",\"url\":\"https:\/\/casinoreturn.com\/pt-br\/cassino-online-west-virginia-sweepstake\/\",\"name\":\"Cassino Online West Virginia Sweepstake - casinoreturn\",\"isPartOf\":{\"@id\":\"https:\/\/casinoreturn.com\/#website\"},\"primaryImageOfPage\":{\"@id\":\"https:\/\/casinoreturn.com\/pt-br\/cassino-online-west-virginia-sweepstake\/#primaryimage\"},\"image\":{\"@id\":\"https:\/\/casinoreturn.com\/pt-br\/cassino-online-west-virginia-sweepstake\/#primaryimage\"},\"thumbnailUrl\":\"https:\/\/casinoreturn.com\/wp-content\/uploads\/2025\/11\/West-Virginia-Sweepstake-online-Casino.png\",\"datePublished\":\"2025-11-04T22:06:23+00:00\",\"dateModified\":\"2025-11-04T22:54:29+00:00\",\"description\":\"O Cassino Online West Virginia Sweepstake pode operar por enquanto. Os cassinos on-line que oferecem sorteios est\u00e3o sendo alvo de cr\u00edticas, mas, por enquanto, n\u00e3o s\u00e3o considerados jogos de azar.\",\"breadcrumb\":{\"@id\":\"https:\/\/casinoreturn.com\/pt-br\/cassino-online-west-virginia-sweepstake\/#breadcrumb\"},\"inLanguage\":\"pt-BR\",\"potentialAction\":[{\"@type\":\"ReadAction\",\"target\":[\"https:\/\/casinoreturn.com\/pt-br\/cassino-online-west-virginia-sweepstake\/\"]}]},{\"@type\":\"ImageObject\",\"inLanguage\":\"pt-BR\",\"@id\":\"https:\/\/casinoreturn.com\/pt-br\/cassino-online-west-virginia-sweepstake\/#primaryimage\",\"url\":\"https:\/\/casinoreturn.com\/wp-content\/uploads\/2025\/11\/West-Virginia-Sweepstake-online-Casino.png\",\"contentUrl\":\"https:\/\/casinoreturn.com\/wp-content\/uploads\/2025\/11\/West-Virginia-Sweepstake-online-Casino.png\",\"width\":237,\"height\":212,\"caption\":\"West Virginia Sweepstake online Casino\"},{\"@type\":\"BreadcrumbList\",\"@id\":\"https:\/\/casinoreturn.com\/pt-br\/cassino-online-west-virginia-sweepstake\/#breadcrumb\",\"itemListElement\":[{\"@type\":\"ListItem\",\"position\":1,\"name\":\"Home\",\"item\":\"https:\/\/casinoreturn.com\/pt-br\/lar\/\"},{\"@type\":\"ListItem\",\"position\":2,\"name\":\"Cassino Online West Virginia Sweepstake\"}]},{\"@type\":\"WebSite\",\"@id\":\"https:\/\/casinoreturn.com\/#website\",\"url\":\"https:\/\/casinoreturn.com\/\",\"name\":\"casinoreturn\",\"description\":\"\",\"publisher\":{\"@id\":\"https:\/\/casinoreturn.com\/#organization\"},\"potentialAction\":[{\"@type\":\"SearchAction\",\"target\":{\"@type\":\"EntryPoint\",\"urlTemplate\":\"https:\/\/casinoreturn.com\/?s={search_term_string}\"},\"query-input\":{\"@type\":\"PropertyValueSpecification\",\"valueRequired\":true,\"valueName\":\"search_term_string\"}}],\"inLanguage\":\"pt-BR\"},{\"@type\":\"Organization\",\"@id\":\"https:\/\/casinoreturn.com\/#organization\",\"name\":\"casinoreturn\",\"url\":\"https:\/\/casinoreturn.com\/\",\"logo\":{\"@type\":\"ImageObject\",\"inLanguage\":\"pt-BR\",\"@id\":\"https:\/\/casinoreturn.com\/#\/schema\/logo\/image\/\",\"url\":\"https:\/\/casinoreturn.com\/wp-content\/uploads\/2024\/09\/animal-favicon.png\",\"contentUrl\":\"https:\/\/casinoreturn.com\/wp-content\/uploads\/2024\/09\/animal-favicon.png\",\"width\":92,\"height\":92,\"caption\":\"casinoreturn\"},\"image\":{\"@id\":\"https:\/\/casinoreturn.com\/#\/schema\/logo\/image\/\"}}]}<\/script>\n<!-- \/ Yoast SEO plugin. -->","yoast_head_json":{"title":"Cassino Online West Virginia Sweepstake - casinoreturn","description":"O Cassino Online West Virginia Sweepstake pode operar por enquanto. Os cassinos on-line que oferecem sorteios est\u00e3o sendo alvo de cr\u00edticas, mas, por enquanto, n\u00e3o s\u00e3o considerados jogos de azar.","robots":{"index":"index","follow":"follow","max-snippet":"max-snippet:-1","max-image-preview":"max-image-preview:large","max-video-preview":"max-video-preview:-1"},"canonical":"https:\/\/casinoreturn.com\/pt-br\/cassino-online-west-virginia-sweepstake\/","og_locale":"pt_BR","og_type":"article","og_title":"Cassino Online West Virginia Sweepstake - casinoreturn","og_description":"O Cassino Online West Virginia Sweepstake pode operar por enquanto. Os cassinos on-line que oferecem sorteios est\u00e3o sendo alvo de cr\u00edticas, mas, por enquanto, n\u00e3o s\u00e3o considerados jogos de azar.","og_url":"https:\/\/casinoreturn.com\/pt-br\/cassino-online-west-virginia-sweepstake\/","og_site_name":"casinoreturn","article_modified_time":"2025-11-04T22:54:29+00:00","og_image":[{"width":237,"height":212,"url":"https:\/\/casinoreturn.com\/wp-content\/uploads\/2025\/11\/West-Virginia-Sweepstake-online-Casino.png","type":"image\/png"}],"twitter_card":"summary_large_image","twitter_misc":{"Est. tempo de leitura":"5 minutos"},"schema":{"@context":"https:\/\/schema.org","@graph":[{"@type":"WebPage","@id":"https:\/\/casinoreturn.com\/pt-br\/cassino-online-west-virginia-sweepstake\/","url":"https:\/\/casinoreturn.com\/pt-br\/cassino-online-west-virginia-sweepstake\/","name":"Cassino Online West Virginia Sweepstake - casinoreturn","isPartOf":{"@id":"https:\/\/casinoreturn.com\/#website"},"primaryImageOfPage":{"@id":"https:\/\/casinoreturn.com\/pt-br\/cassino-online-west-virginia-sweepstake\/#primaryimage"},"image":{"@id":"https:\/\/casinoreturn.com\/pt-br\/cassino-online-west-virginia-sweepstake\/#primaryimage"},"thumbnailUrl":"https:\/\/casinoreturn.com\/wp-content\/uploads\/2025\/11\/West-Virginia-Sweepstake-online-Casino.png","datePublished":"2025-11-04T22:06:23+00:00","dateModified":"2025-11-04T22:54:29+00:00","description":"O Cassino Online West Virginia Sweepstake pode operar por enquanto. Os cassinos on-line que oferecem sorteios est\u00e3o sendo alvo de cr\u00edticas, mas, por enquanto, n\u00e3o s\u00e3o considerados jogos de azar.","breadcrumb":{"@id":"https:\/\/casinoreturn.com\/pt-br\/cassino-online-west-virginia-sweepstake\/#breadcrumb"},"inLanguage":"pt-BR","potentialAction":[{"@type":"ReadAction","target":["https:\/\/casinoreturn.com\/pt-br\/cassino-online-west-virginia-sweepstake\/"]}]},{"@type":"ImageObject","inLanguage":"pt-BR","@id":"https:\/\/casinoreturn.com\/pt-br\/cassino-online-west-virginia-sweepstake\/#primaryimage","url":"https:\/\/casinoreturn.com\/wp-content\/uploads\/2025\/11\/West-Virginia-Sweepstake-online-Casino.png","contentUrl":"https:\/\/casinoreturn.com\/wp-content\/uploads\/2025\/11\/West-Virginia-Sweepstake-online-Casino.png","width":237,"height":212,"caption":"West Virginia Sweepstake online Casino"},{"@type":"BreadcrumbList","@id":"https:\/\/casinoreturn.com\/pt-br\/cassino-online-west-virginia-sweepstake\/#breadcrumb","itemListElement":[{"@type":"ListItem","position":1,"name":"Home","item":"https:\/\/casinoreturn.com\/pt-br\/lar\/"},{"@type":"ListItem","position":2,"name":"Cassino Online West Virginia Sweepstake"}]},{"@type":"WebSite","@id":"https:\/\/casinoreturn.com\/#website","url":"https:\/\/casinoreturn.com\/","name":"casinoreturn","description":"","publisher":{"@id":"https:\/\/casinoreturn.com\/#organization"},"potentialAction":[{"@type":"SearchAction","target":{"@type":"EntryPoint","urlTemplate":"https:\/\/casinoreturn.com\/?s={search_term_string}"},"query-input":{"@type":"PropertyValueSpecification","valueRequired":true,"valueName":"search_term_string"}}],"inLanguage":"pt-BR"},{"@type":"Organization","@id":"https:\/\/casinoreturn.com\/#organization","name":"casinoreturn","url":"https:\/\/casinoreturn.com\/","logo":{"@type":"ImageObject","inLanguage":"pt-BR","@id":"https:\/\/casinoreturn.com\/#\/schema\/logo\/image\/","url":"https:\/\/casinoreturn.com\/wp-content\/uploads\/2024\/09\/animal-favicon.png","contentUrl":"https:\/\/casinoreturn.com\/wp-content\/uploads\/2024\/09\/animal-favicon.png","width":92,"height":92,"caption":"casinoreturn"},"image":{"@id":"https:\/\/casinoreturn.com\/#\/schema\/logo\/image\/"}}]}},"_links":{"self":[{"href":"https:\/\/casinoreturn.com\/pt-br\/wp-json\/wp\/v2\/pages\/16226","targetHints":{"allow":["GET"]}}],"collection":[{"href":"https:\/\/casinoreturn.com\/pt-br\/wp-json\/wp\/v2\/pages"}],"about":[{"href":"https:\/\/casinoreturn.com\/pt-br\/wp-json\/wp\/v2\/types\/page"}],"author":[{"embeddable":true,"href":"https:\/\/casinoreturn.com\/pt-br\/wp-json\/wp\/v2\/users\/1"}],"replies":[{"embeddable":true,"href":"https:\/\/casinoreturn.com\/pt-br\/wp-json\/wp\/v2\/comments?post=16226"}],"version-history":[{"count":1,"href":"https:\/\/casinoreturn.com\/pt-br\/wp-json\/wp\/v2\/pages\/16226\/revisions"}],"predecessor-version":[{"id":16227,"href":"https:\/\/casinoreturn.com\/pt-br\/wp-json\/wp\/v2\/pages\/16226\/revisions\/16227"}],"wp:featuredmedia":[{"embeddable":true,"href":"https:\/\/casinoreturn.com\/pt-br\/wp-json\/wp\/v2\/media\/16201"}],"wp:attachment":[{"href":"https:\/\/casinoreturn.com\/pt-br\/wp-json\/wp\/v2\/media?parent=16226"}],"curies":[{"name":"wp","href":"https:\/\/api.w.org\/{rel}","templated":true}]}}