{"id":4518,"date":"2024-11-11T14:01:17","date_gmt":"2024-11-11T14:01:17","guid":{"rendered":"https:\/\/casinoreturn.com\/licencas-de-cassino\/"},"modified":"2024-12-02T12:14:42","modified_gmt":"2024-12-02T12:14:42","slug":"licencas-de-cassino","status":"publish","type":"page","link":"https:\/\/casinoreturn.com\/pt-br\/licencas-de-cassino\/","title":{"rendered":"Licen\u00e7as de cassino"},"content":{"rendered":"\t\t<div data-elementor-type=\"wp-page\" data-elementor-id=\"4518\" class=\"elementor elementor-4518\" data-elementor-post-type=\"page\">\n\t\t\t\t<div class=\"elementor-element elementor-element-25ab31d e-con-full e-flex e-con e-parent\" data-id=\"25ab31d\" data-element_type=\"container\">\n\t\t\t\t<div class=\"elementor-element elementor-element-e2d7818 elementor-widget elementor-widget-image\" data-id=\"e2d7818\" data-element_type=\"widget\" data-widget_type=\"image.default\">\n\t\t\t\t<div class=\"elementor-widget-container\">\n\t\t\t\t\t\t\t\t\t\t\t\t\t\t\t<img fetchpriority=\"high\" decoding=\"async\" width=\"1024\" height=\"538\" src=\"https:\/\/casinoreturn.com\/wp-content\/uploads\/2024\/12\/Online-Casino-Licences-1024x538.png\" class=\"attachment-large size-large wp-image-4475\" alt=\"Online Casino Licences\" srcset=\"https:\/\/casinoreturn.com\/wp-content\/uploads\/2024\/12\/Online-Casino-Licences-1024x538.png 1024w, https:\/\/casinoreturn.com\/wp-content\/uploads\/2024\/12\/Online-Casino-Licences-300x158.png 300w, https:\/\/casinoreturn.com\/wp-content\/uploads\/2024\/12\/Online-Casino-Licences-768x403.png 768w, https:\/\/casinoreturn.com\/wp-content\/uploads\/2024\/12\/Online-Casino-Licences.png 1200w\" sizes=\"(max-width: 1024px) 100vw, 1024px\" \/>\t\t\t\t\t\t\t\t\t\t\t\t\t\t\t<\/div>\n\t\t\t\t<\/div>\n\t\t\t\t<div class=\"elementor-element elementor-element-91388ca elementor-widget elementor-widget-heading\" data-id=\"91388ca\" data-element_type=\"widget\" data-widget_type=\"heading.default\">\n\t\t\t\t<div class=\"elementor-widget-container\">\n\t\t\t\t\t<h3 class=\"elementor-heading-title elementor-size-default\">Licen\u00e7as de cassino on-line em jogos de azar e apostas esportivas<\/h3>\t\t\t\t<\/div>\n\t\t\t\t<\/div>\n\t\t\t\t<div class=\"elementor-element elementor-element-b90a94d elementor-widget elementor-widget-text-editor\" data-id=\"b90a94d\" data-element_type=\"widget\" data-widget_type=\"text-editor.default\">\n\t\t\t\t<div class=\"elementor-widget-container\">\n\t\t\t\t\t\t\t\t\t<p>As licen\u00e7as on-line para cassinos s\u00e3o vitais para regulamentar e oferecer um para\u00edso para os jogos de azar on-line. O setor de IGaming experimentou uma explos\u00e3o de demanda e popularidade. Estima-se que o mercado global de jogos de azar ultrapasse US$ 270 bilh\u00f5es. A COVID-19 em 2019 afetou esse n\u00famero, mas a recupera\u00e7\u00e3o foi r\u00e1pida e o mercado cresceu exponencialmente.     <\/p>\n\t\t\t\t\t\t\t\t<\/div>\n\t\t\t\t<\/div>\n\t\t\t\t<div class=\"elementor-element elementor-element-349a86e elementor-widget elementor-widget-heading\" data-id=\"349a86e\" data-element_type=\"widget\" data-widget_type=\"heading.default\">\n\t\t\t\t<div class=\"elementor-widget-container\">\n\t\t\t\t\t<h3 class=\"elementor-heading-title elementor-size-default\">Mercados Branco, Cinza e Negro - \u00c9 hora de os jogadores tomarem uma decis\u00e3o<\/h3>\t\t\t\t<\/div>\n\t\t\t\t<\/div>\n\t\t\t\t<div class=\"elementor-element elementor-element-fbe3b09 elementor-widget elementor-widget-text-editor\" data-id=\"fbe3b09\" data-element_type=\"widget\" data-widget_type=\"text-editor.default\">\n\t\t\t\t<div class=\"elementor-widget-container\">\n\t\t\t\t\t\t\t\t\t<p>Ao discutir os mercados branco, cinza e negro, n\u00f3s  <span style=\"box-sizing: border-box; margin: 0px; padding: 0px;\">referem-se a determinadas licen\u00e7as ou, em alguns casos, a nenhuma licen\u00e7a. Mais algumas <a href=\"https:\/\/upgaming.com\/white-grey-and-black-igaming-markets\/\" target=\"_blank\" rel=\"noopener\">informa\u00e7\u00f5es<\/a> <\/span><a href=\"https:\/\/upgaming.com\/white-grey-and-black-igaming-markets\/\">  voc\u00ea pode ler aqui.<\/a><\/p>\n<h4><strong>Mercados brancos de i-Gaming &#8211; Mercados regulamentados para i-Gaming<\/strong><\/h4>\n<p>Os cassinos de mercado branco s\u00e3o considerados mais seguros e operam em pa\u00edses onde o jogo on-line \u00e9 permitido. A maior parte da Europa tem normas em vigor para controlar e regulamentar os cassinos. As jurisdi\u00e7\u00f5es impuseram regras pesadas e introduziram o jogo respons\u00e1vel. Os \u00f3rg\u00e3os reguladores for\u00e7aram os cassinos on-line a revelar seus ganhos e suas medidas proativas de jogo respons\u00e1vel. Algumas jurisdi\u00e7\u00f5es chegaram ao ponto de separar as apostas esportivas dos cassinos on-line. Separando o b\u00f4nus de boas-vindas, as apostas gr\u00e1tis, as rodadas gr\u00e1tis e as apostas m\u00ednimas que voc\u00ea pode fazer.       <\/p>\n<p>Isso representa um alto custo para os operadores e operadoras que usam licen\u00e7as MGA, Isle of Man, Kahnawake e UK Licence.  <\/p>\n<h4><strong>Mercados cinzentos de i-Gaming &#8211; Perto, mas n\u00e3o t\u00e3o perto<\/strong><\/h4>\n<p>A diferen\u00e7a entre os mercados branco e cinza \u00e9 bastante f\u00e1cil de discernir. Os mercados cinzentos permitem opera\u00e7\u00f5es de cassino on-line e em terra firme, mas com menos regulamenta\u00e7\u00f5es e restri\u00e7\u00f5es. Os cassinos podem operar com licen\u00e7as internacionais, como as licen\u00e7as de Cura\u00e7ao. Os operadores podem optar por operar mais de um cassino on-line com essa licen\u00e7a, que tem menos probabilidade de ser regulamentada pelos legisladores locais. Houve melhorias positivas nos mercados cinzentos, e mais cassinos do mercado cinzento est\u00e3o se ajustando voluntariamente ao jogo respons\u00e1vel. No entanto, os mercados cinza ainda t\u00eam a vantagem em rela\u00e7\u00e3o \u00e0 volatilidade e ao fornecimento de uma vis\u00e3o totalmente transparente de sua opera\u00e7\u00e3o.       <\/p>\n<h4><strong>Mercados negros de i-Gaming &#8211; Coisas que voc\u00ea deve considerar<\/strong><\/h4>\n<p>Os mercados negros s\u00e3o considerados mercados onde o jogo ou o jogo on-line \u00e9 proibido. Isso pode ocorrer devido a cren\u00e7as, cultura, \u00e9tica ou motivos pol\u00edticos. Os cassinos que operam nesses mercados geralmente s\u00e3o fechados rapidamente e voc\u00ea pode enfrentar acusa\u00e7\u00f5es criminais ao entrar nesses pa\u00edses. Estados de orienta\u00e7\u00e3o mu\u00e7ulmana, alguns estados africanos e a \u00c1sia s\u00e3o os principais mercados negros. O jogo respons\u00e1vel \u00e9 inexistente; os servi\u00e7os banc\u00e1rios, os dep\u00f3sitos e os saques t\u00eam se tornado cada vez mais vol\u00e1teis. N\u00e3o \u00e9 recomend\u00e1vel usar cassinos sem licen\u00e7a.       <\/p>\n\t\t\t\t\t\t\t\t<\/div>\n\t\t\t\t<\/div>\n\t\t\t\t<div class=\"elementor-element elementor-element-cbb0223 elementor-widget elementor-widget-image\" data-id=\"cbb0223\" data-element_type=\"widget\" data-widget_type=\"image.default\">\n\t\t\t\t<div class=\"elementor-widget-container\">\n\t\t\t\t\t\t\t\t\t\t\t\t\t\t\t<img decoding=\"async\" width=\"225\" height=\"225\" src=\"https:\/\/casinoreturn.com\/wp-content\/uploads\/2024\/12\/Black-market-igaming.png\" class=\"attachment-large size-large wp-image-4487\" alt=\"Black market igaming\" srcset=\"https:\/\/casinoreturn.com\/wp-content\/uploads\/2024\/12\/Black-market-igaming.png 225w, https:\/\/casinoreturn.com\/wp-content\/uploads\/2024\/12\/Black-market-igaming-150x150.png 150w\" sizes=\"(max-width: 225px) 100vw, 225px\" \/>\t\t\t\t\t\t\t\t\t\t\t\t\t\t\t<\/div>\n\t\t\t\t<\/div>\n\t\t\t\t<div class=\"elementor-element elementor-element-e5d1860 elementor-widget elementor-widget-heading\" data-id=\"e5d1860\" data-element_type=\"widget\" data-widget_type=\"heading.default\">\n\t\t\t\t<div class=\"elementor-widget-container\">\n\t\t\t\t\t<h3 class=\"elementor-heading-title elementor-size-default\">Obst\u00e1culos e desafios  <\/h3>\t\t\t\t<\/div>\n\t\t\t\t<\/div>\n\t\t\t\t<div class=\"elementor-element elementor-element-1cd3dce elementor-widget elementor-widget-text-editor\" data-id=\"1cd3dce\" data-element_type=\"widget\" data-widget_type=\"text-editor.default\">\n\t\t\t\t<div class=\"elementor-widget-container\">\n\t\t\t\t\t\t\t\t\t<p>Estar sem uma licen\u00e7a \u00e9 praticamente jogar roleta russa. A lei est\u00e1 de olho em voc\u00ea, e o operador pode ser fechado e receber multas criminais. Processos e pris\u00e3o s\u00e3o algumas das vantagens que voc\u00ea pode esperar. Os clientes enfrentam forte resist\u00eancia e a possibilidade de fechar suas contas sem poder questionar o assunto.     <\/p>\n<p>\u00c9 melhor pensar a longo prazo e continuar com uma licen\u00e7a de cassino para oferecer bons servi\u00e7os e produtos de marca. Com os mercados cinzentos e os mercados brancos de jogos, a publicidade \u00e9 poss\u00edvel ou restrita apenas a algumas partes. Atualmente, os jogadores est\u00e3o se concentrando nas licen\u00e7as antes de se inscreverem.  <\/p>\n\t\t\t\t\t\t\t\t<\/div>\n\t\t\t\t<\/div>\n\t\t\t\t<\/div>\n\t\t\t\t<\/div>\n\t\t","protected":false},"excerpt":{"rendered":"<p>Licen\u00e7as de cassino on-line em jogos de azar e apostas esportivas As licen\u00e7as on-line para cassinos s\u00e3o vitais para regulamentar e oferecer um para\u00edso para os jogos de azar on-line. O setor de IGaming experimentou uma explos\u00e3o de demanda e popularidade. Estima-se que o mercado global de jogos de azar ultrapasse US$ 270 bilh\u00f5es. A [&hellip;]<\/p>\n","protected":false},"author":1,"featured_media":0,"parent":0,"menu_order":0,"comment_status":"closed","ping_status":"closed","template":"","meta":{"footnotes":""},"class_list":["post-4518","page","type-page","status-publish","hentry"],"blocksy_meta":[],"acf":[],"yoast_head":"<!-- This site is optimized with the Yoast SEO plugin v24.1 - https:\/\/yoast.com\/wordpress\/plugins\/seo\/ -->\n<title>Licen\u00e7as de cassino - casinoreturn<\/title>\n<meta name=\"description\" content=\"As licen\u00e7as do cassino podem determinar a sua decis\u00e3o de se registrar e jogar no cassino on-line. Aqui est\u00e3o algumas licen\u00e7as de cassino e cassinos.\" \/>\n<meta name=\"robots\" content=\"index, follow, max-snippet:-1, max-image-preview:large, max-video-preview:-1\" \/>\n<link rel=\"canonical\" href=\"https:\/\/casinoreturn.com\/pt-br\/licencas-de-cassino\/\" \/>\n<meta property=\"og:locale\" content=\"pt_BR\" \/>\n<meta property=\"og:type\" content=\"article\" \/>\n<meta property=\"og:title\" content=\"Licen\u00e7as de cassino - casinoreturn\" \/>\n<meta property=\"og:description\" content=\"As licen\u00e7as do cassino podem determinar a sua decis\u00e3o de se registrar e jogar no cassino on-line. Aqui est\u00e3o algumas licen\u00e7as de cassino e cassinos.\" \/>\n<meta property=\"og:url\" content=\"https:\/\/casinoreturn.com\/pt-br\/licencas-de-cassino\/\" \/>\n<meta property=\"og:site_name\" content=\"casinoreturn\" \/>\n<meta property=\"article:modified_time\" content=\"2024-12-02T12:14:42+00:00\" \/>\n<meta property=\"og:image\" content=\"https:\/\/casinoreturn.com\/wp-content\/uploads\/2024\/12\/Online-Casino-Licences.png\" \/>\n\t<meta property=\"og:image:width\" content=\"1200\" \/>\n\t<meta property=\"og:image:height\" content=\"630\" \/>\n\t<meta property=\"og:image:type\" content=\"image\/png\" \/>\n<meta name=\"twitter:card\" content=\"summary_large_image\" \/>\n<meta name=\"twitter:label1\" content=\"Est. tempo de leitura\" \/>\n\t<meta name=\"twitter:data1\" content=\"3 minutos\" \/>\n<script type=\"application\/ld+json\" class=\"yoast-schema-graph\">{\"@context\":\"https:\/\/schema.org\",\"@graph\":[{\"@type\":\"WebPage\",\"@id\":\"https:\/\/casinoreturn.com\/pt-br\/licencas-de-cassino\/\",\"url\":\"https:\/\/casinoreturn.com\/pt-br\/licencas-de-cassino\/\",\"name\":\"Licen\u00e7as de cassino - casinoreturn\",\"isPartOf\":{\"@id\":\"https:\/\/casinoreturn.com\/#website\"},\"primaryImageOfPage\":{\"@id\":\"https:\/\/casinoreturn.com\/pt-br\/licencas-de-cassino\/#primaryimage\"},\"image\":{\"@id\":\"https:\/\/casinoreturn.com\/pt-br\/licencas-de-cassino\/#primaryimage\"},\"thumbnailUrl\":\"https:\/\/casinoreturn.com\/wp-content\/uploads\/2024\/12\/Online-Casino-Licences-1024x538.png\",\"datePublished\":\"2024-11-11T14:01:17+00:00\",\"dateModified\":\"2024-12-02T12:14:42+00:00\",\"description\":\"As licen\u00e7as do cassino podem determinar a sua decis\u00e3o de se registrar e jogar no cassino on-line. Aqui est\u00e3o algumas licen\u00e7as de cassino e cassinos.\",\"breadcrumb\":{\"@id\":\"https:\/\/casinoreturn.com\/pt-br\/licencas-de-cassino\/#breadcrumb\"},\"inLanguage\":\"pt-BR\",\"potentialAction\":[{\"@type\":\"ReadAction\",\"target\":[\"https:\/\/casinoreturn.com\/pt-br\/licencas-de-cassino\/\"]}]},{\"@type\":\"ImageObject\",\"inLanguage\":\"pt-BR\",\"@id\":\"https:\/\/casinoreturn.com\/pt-br\/licencas-de-cassino\/#primaryimage\",\"url\":\"https:\/\/casinoreturn.com\/wp-content\/uploads\/2024\/12\/Online-Casino-Licences-1024x538.png\",\"contentUrl\":\"https:\/\/casinoreturn.com\/wp-content\/uploads\/2024\/12\/Online-Casino-Licences-1024x538.png\"},{\"@type\":\"BreadcrumbList\",\"@id\":\"https:\/\/casinoreturn.com\/pt-br\/licencas-de-cassino\/#breadcrumb\",\"itemListElement\":[{\"@type\":\"ListItem\",\"position\":1,\"name\":\"Home\",\"item\":\"https:\/\/casinoreturn.com\/pt-br\/lar\/\"},{\"@type\":\"ListItem\",\"position\":2,\"name\":\"Licen\u00e7as de cassino\"}]},{\"@type\":\"WebSite\",\"@id\":\"https:\/\/casinoreturn.com\/#website\",\"url\":\"https:\/\/casinoreturn.com\/\",\"name\":\"casinoreturn\",\"description\":\"\",\"publisher\":{\"@id\":\"https:\/\/casinoreturn.com\/#organization\"},\"potentialAction\":[{\"@type\":\"SearchAction\",\"target\":{\"@type\":\"EntryPoint\",\"urlTemplate\":\"https:\/\/casinoreturn.com\/?s={search_term_string}\"},\"query-input\":{\"@type\":\"PropertyValueSpecification\",\"valueRequired\":true,\"valueName\":\"search_term_string\"}}],\"inLanguage\":\"pt-BR\"},{\"@type\":\"Organization\",\"@id\":\"https:\/\/casinoreturn.com\/#organization\",\"name\":\"casinoreturn\",\"url\":\"https:\/\/casinoreturn.com\/\",\"logo\":{\"@type\":\"ImageObject\",\"inLanguage\":\"pt-BR\",\"@id\":\"https:\/\/casinoreturn.com\/#\/schema\/logo\/image\/\",\"url\":\"https:\/\/casinoreturn.com\/wp-content\/uploads\/2024\/09\/animal-favicon.png\",\"contentUrl\":\"https:\/\/casinoreturn.com\/wp-content\/uploads\/2024\/09\/animal-favicon.png\",\"width\":92,\"height\":92,\"caption\":\"casinoreturn\"},\"image\":{\"@id\":\"https:\/\/casinoreturn.com\/#\/schema\/logo\/image\/\"}}]}<\/script>\n<!-- \/ Yoast SEO plugin. -->","yoast_head_json":{"title":"Licen\u00e7as de cassino - casinoreturn","description":"As licen\u00e7as do cassino podem determinar a sua decis\u00e3o de se registrar e jogar no cassino on-line. Aqui est\u00e3o algumas licen\u00e7as de cassino e cassinos.","robots":{"index":"index","follow":"follow","max-snippet":"max-snippet:-1","max-image-preview":"max-image-preview:large","max-video-preview":"max-video-preview:-1"},"canonical":"https:\/\/casinoreturn.com\/pt-br\/licencas-de-cassino\/","og_locale":"pt_BR","og_type":"article","og_title":"Licen\u00e7as de cassino - casinoreturn","og_description":"As licen\u00e7as do cassino podem determinar a sua decis\u00e3o de se registrar e jogar no cassino on-line. Aqui est\u00e3o algumas licen\u00e7as de cassino e cassinos.","og_url":"https:\/\/casinoreturn.com\/pt-br\/licencas-de-cassino\/","og_site_name":"casinoreturn","article_modified_time":"2024-12-02T12:14:42+00:00","og_image":[{"width":1200,"height":630,"url":"https:\/\/casinoreturn.com\/wp-content\/uploads\/2024\/12\/Online-Casino-Licences.png","type":"image\/png"}],"twitter_card":"summary_large_image","twitter_misc":{"Est. tempo de leitura":"3 minutos"},"schema":{"@context":"https:\/\/schema.org","@graph":[{"@type":"WebPage","@id":"https:\/\/casinoreturn.com\/pt-br\/licencas-de-cassino\/","url":"https:\/\/casinoreturn.com\/pt-br\/licencas-de-cassino\/","name":"Licen\u00e7as de cassino - casinoreturn","isPartOf":{"@id":"https:\/\/casinoreturn.com\/#website"},"primaryImageOfPage":{"@id":"https:\/\/casinoreturn.com\/pt-br\/licencas-de-cassino\/#primaryimage"},"image":{"@id":"https:\/\/casinoreturn.com\/pt-br\/licencas-de-cassino\/#primaryimage"},"thumbnailUrl":"https:\/\/casinoreturn.com\/wp-content\/uploads\/2024\/12\/Online-Casino-Licences-1024x538.png","datePublished":"2024-11-11T14:01:17+00:00","dateModified":"2024-12-02T12:14:42+00:00","description":"As licen\u00e7as do cassino podem determinar a sua decis\u00e3o de se registrar e jogar no cassino on-line. Aqui est\u00e3o algumas licen\u00e7as de cassino e cassinos.","breadcrumb":{"@id":"https:\/\/casinoreturn.com\/pt-br\/licencas-de-cassino\/#breadcrumb"},"inLanguage":"pt-BR","potentialAction":[{"@type":"ReadAction","target":["https:\/\/casinoreturn.com\/pt-br\/licencas-de-cassino\/"]}]},{"@type":"ImageObject","inLanguage":"pt-BR","@id":"https:\/\/casinoreturn.com\/pt-br\/licencas-de-cassino\/#primaryimage","url":"https:\/\/casinoreturn.com\/wp-content\/uploads\/2024\/12\/Online-Casino-Licences-1024x538.png","contentUrl":"https:\/\/casinoreturn.com\/wp-content\/uploads\/2024\/12\/Online-Casino-Licences-1024x538.png"},{"@type":"BreadcrumbList","@id":"https:\/\/casinoreturn.com\/pt-br\/licencas-de-cassino\/#breadcrumb","itemListElement":[{"@type":"ListItem","position":1,"name":"Home","item":"https:\/\/casinoreturn.com\/pt-br\/lar\/"},{"@type":"ListItem","position":2,"name":"Licen\u00e7as de cassino"}]},{"@type":"WebSite","@id":"https:\/\/casinoreturn.com\/#website","url":"https:\/\/casinoreturn.com\/","name":"casinoreturn","description":"","publisher":{"@id":"https:\/\/casinoreturn.com\/#organization"},"potentialAction":[{"@type":"SearchAction","target":{"@type":"EntryPoint","urlTemplate":"https:\/\/casinoreturn.com\/?s={search_term_string}"},"query-input":{"@type":"PropertyValueSpecification","valueRequired":true,"valueName":"search_term_string"}}],"inLanguage":"pt-BR"},{"@type":"Organization","@id":"https:\/\/casinoreturn.com\/#organization","name":"casinoreturn","url":"https:\/\/casinoreturn.com\/","logo":{"@type":"ImageObject","inLanguage":"pt-BR","@id":"https:\/\/casinoreturn.com\/#\/schema\/logo\/image\/","url":"https:\/\/casinoreturn.com\/wp-content\/uploads\/2024\/09\/animal-favicon.png","contentUrl":"https:\/\/casinoreturn.com\/wp-content\/uploads\/2024\/09\/animal-favicon.png","width":92,"height":92,"caption":"casinoreturn"},"image":{"@id":"https:\/\/casinoreturn.com\/#\/schema\/logo\/image\/"}}]}},"_links":{"self":[{"href":"https:\/\/casinoreturn.com\/pt-br\/wp-json\/wp\/v2\/pages\/4518","targetHints":{"allow":["GET"]}}],"collection":[{"href":"https:\/\/casinoreturn.com\/pt-br\/wp-json\/wp\/v2\/pages"}],"about":[{"href":"https:\/\/casinoreturn.com\/pt-br\/wp-json\/wp\/v2\/types\/page"}],"author":[{"embeddable":true,"href":"https:\/\/casinoreturn.com\/pt-br\/wp-json\/wp\/v2\/users\/1"}],"replies":[{"embeddable":true,"href":"https:\/\/casinoreturn.com\/pt-br\/wp-json\/wp\/v2\/comments?post=4518"}],"version-history":[{"count":1,"href":"https:\/\/casinoreturn.com\/pt-br\/wp-json\/wp\/v2\/pages\/4518\/revisions"}],"predecessor-version":[{"id":4519,"href":"https:\/\/casinoreturn.com\/pt-br\/wp-json\/wp\/v2\/pages\/4518\/revisions\/4519"}],"wp:attachment":[{"href":"https:\/\/casinoreturn.com\/pt-br\/wp-json\/wp\/v2\/media?parent=4518"}],"curies":[{"name":"wp","href":"https:\/\/api.w.org\/{rel}","templated":true}]}}