{"id":4561,"date":"2024-11-02T10:47:02","date_gmt":"2024-11-02T10:47:02","guid":{"rendered":"https:\/\/casinoreturn.com\/influenciador-de-cassino\/"},"modified":"2024-12-02T13:47:03","modified_gmt":"2024-12-02T13:47:03","slug":"influenciador-de-cassino","status":"publish","type":"page","link":"https:\/\/casinoreturn.com\/pt-br\/influenciador-de-cassino\/","title":{"rendered":"Influenciador de cassino"},"content":{"rendered":"\t\t<div data-elementor-type=\"wp-page\" data-elementor-id=\"4561\" class=\"elementor elementor-4561\" data-elementor-post-type=\"page\">\n\t\t\t\t<div class=\"elementor-element elementor-element-55b8a04 e-flex e-con-boxed e-con e-parent\" data-id=\"55b8a04\" data-element_type=\"container\">\n\t\t\t\t\t<div class=\"e-con-inner\">\n\t\t\t\t<div class=\"elementor-element elementor-element-56141af elementor-widget elementor-widget-text-editor\" data-id=\"56141af\" data-element_type=\"widget\" data-widget_type=\"text-editor.default\">\n\t\t\t\t<div class=\"elementor-widget-container\">\n\t\t\t\t\t\t\t\t\t<h3>Os influenciadores de cassino que usam as m\u00eddias sociais est\u00e3o em franca ascens\u00e3o, um ponto frequentemente ignorado por muitos operadores.  <\/h3>\n\t\t\t\t\t\t\t\t<\/div>\n\t\t\t\t<\/div>\n\t\t\t\t\t<\/div>\n\t\t\t\t<\/div>\n\t\t<div class=\"elementor-element elementor-element-fbf2875 e-flex e-con-boxed e-con e-parent\" data-id=\"fbf2875\" data-element_type=\"container\">\n\t\t\t\t\t<div class=\"e-con-inner\">\n\t\t\t\t<div class=\"elementor-element elementor-element-c338f23 elementor-widget elementor-widget-text-editor\" data-id=\"c338f23\" data-element_type=\"widget\" data-widget_type=\"text-editor.default\">\n\t\t\t\t<div class=\"elementor-widget-container\">\n\t\t\t\t\t\t\t\t\t<p>No mundo atual de tend\u00eancias em constante mudan\u00e7a, um grupo se tornou inegavelmente uma for\u00e7a motriz no setor de jogos de azar on-line. Estamos falando do crescimento estelar dos influenciadores sociais dos cassinos on-line. Que papel eles est\u00e3o desempenhando na comunidade de jogadores? Quais s\u00e3o as vantagens dos influenciadores no setor de jogos? E muitos outros fatos interessantes que gostar\u00edamos de apresentar a voc\u00ea, o consumidor final. Clique <a href=\"http:\/\/HTTP:\/\/twitch.tv\/Rectotio\" data-wplink-url-error=\"true\"><strong>AQUI<\/strong><\/a> para interagir com nosso streamer do m\u00eas e ler nossa an\u00e1lise do streamer de retorno do cassino.       <\/p>\n\t\t\t\t\t\t\t\t<\/div>\n\t\t\t\t<\/div>\n\t\t\t\t\t<\/div>\n\t\t\t\t<\/div>\n\t\t<div class=\"elementor-element elementor-element-f3bb186 e-flex e-con-boxed e-con e-parent\" data-id=\"f3bb186\" data-element_type=\"container\">\n\t\t\t\t\t<div class=\"e-con-inner\">\n\t\t\t\t<div class=\"elementor-element elementor-element-0c927c6 elementor-widget elementor-widget-heading\" data-id=\"0c927c6\" data-element_type=\"widget\" data-widget_type=\"heading.default\">\n\t\t\t\t<div class=\"elementor-widget-container\">\n\t\t\t\t\t<h4 class=\"elementor-heading-title elementor-size-default\">Influenciadores em jogos de azar<\/h4>\t\t\t\t<\/div>\n\t\t\t\t<\/div>\n\t\t\t\t\t<\/div>\n\t\t\t\t<\/div>\n\t\t<div class=\"elementor-element elementor-element-a4caf4b e-flex e-con-boxed e-con e-parent\" data-id=\"a4caf4b\" data-element_type=\"container\">\n\t\t\t\t\t<div class=\"e-con-inner\">\n\t\t\t\t<div class=\"elementor-element elementor-element-9bb9446 elementor-widget elementor-widget-text-editor\" data-id=\"9bb9446\" data-element_type=\"widget\" data-widget_type=\"text-editor.default\">\n\t\t\t\t<div class=\"elementor-widget-container\">\n\t\t\t\t\t\t\t\t\t<p>Desde a ascens\u00e3o mete\u00f3rica das plataformas de m\u00eddia social, um grupo de pessoas se adaptou e passou da moda, do esporte e da alimenta\u00e7\u00e3o para os jogos de azar on-line. <a href=\"https:\/\/casinoreturn.com\/pt-br\/influenciador-de-cassino-on-line\/\">Os influenciadores<\/a> em marketing n\u00e3o s\u00e3o novidade e, anteriormente, eram \u00edcones do esporte ou m\u00fasicos que promoviam seus produtos publicamente. Mas os tempos mudaram e, como a maioria de n\u00f3s possui telefones celulares e Internet, um n\u00famero significativamente maior de influenciadores passou a promover produtos de jogos de azar on-line. Esse tipo de endosso de uma marca abriu as portas para o bom, o ruim e o feio, em outras palavras, os influenciadores de hoje em dia tamb\u00e9m precisam fazer sua parte no jogo respons\u00e1vel. Portanto, vamos dar uma olhada em algumas das vantagens dos influenciadores nos jogos de azar e, talvez, em alguns desafios e preocupa\u00e7\u00f5es que podemos discutir.     <\/p>\n\t\t\t\t\t\t\t\t<\/div>\n\t\t\t\t<\/div>\n\t\t\t\t\t<\/div>\n\t\t\t\t<\/div>\n\t\t<div class=\"elementor-element elementor-element-f340639 e-flex e-con-boxed e-con e-parent\" data-id=\"f340639\" data-element_type=\"container\">\n\t\t\t\t\t<div class=\"e-con-inner\">\n\t\t\t\t<div class=\"elementor-element elementor-element-42ea645 elementor-widget elementor-widget-heading\" data-id=\"42ea645\" data-element_type=\"widget\" data-widget_type=\"heading.default\">\n\t\t\t\t<div class=\"elementor-widget-container\">\n\t\t\t\t\t<h4 class=\"elementor-heading-title elementor-size-default\">Vantagens dos influenciadores nos jogos de azar<\/h4>\t\t\t\t<\/div>\n\t\t\t\t<\/div>\n\t\t\t\t\t<\/div>\n\t\t\t\t<\/div>\n\t\t<div class=\"elementor-element elementor-element-a89ec35 e-flex e-con-boxed e-con e-parent\" data-id=\"a89ec35\" data-element_type=\"container\">\n\t\t\t\t\t<div class=\"e-con-inner\">\n\t\t\t\t<div class=\"elementor-element elementor-element-8ec5cde elementor-widget elementor-widget-text-editor\" data-id=\"8ec5cde\" data-element_type=\"widget\" data-widget_type=\"text-editor.default\">\n\t\t\t\t<div class=\"elementor-widget-container\">\n\t\t\t\t\t\t\t\t\t<p>Os seguintes pontos de vantagens est\u00e3o fazendo com que os influenciadores, de modo geral, sejam um excelente profissional de marketing:  <\/p>\n<ul>\n<li><strong>Os influenciadores est\u00e3o aumentando o reconhecimento da marca.<\/strong>  A fun\u00e7\u00e3o deles na promo\u00e7\u00e3o de uma boa marca \u00e9 particularmente importante, pois os seguidores criaram confian\u00e7a nas recomenda\u00e7\u00f5es e t\u00eam maior probabilidade de se envolver com a marca  <\/li>\n<li><strong>Conhecimento especializado e experi\u00eancia<\/strong> s\u00e3o dois pontos vitais. Os influenciadores geralmente t\u00eam mais conhecimento sobre uma marca ou produto. Ao aumentar a credibilidade e a confian\u00e7a, voc\u00ea envolver\u00e1 mais seguidores para testar uma marca ou um produto promovido. Por exemplo, uma personalidade esportiva famosa promovendo em seu canal uma nova s\u00e9rie de cal\u00e7ados esportivos. O resultado \u00e9 que as vendas desse cal\u00e7ado disparam, gra\u00e7as \u00e0 recomenda\u00e7\u00e3o e ao fato de o \u00edcone usar o mesmo cal\u00e7ado. Os influenciadores s\u00e3o modelos e os seguidores podem se identificar ou fazer declara\u00e7\u00f5es usando a mesma marca.       <\/li>\n<li><strong>Engajamento e o poder da identifica\u00e7\u00e3o<\/strong>. Os influenciadores geralmente s\u00e3o profissionais em suas \u00e1reas ou reuniram e demonstraram um n\u00edvel mais alto de especializa\u00e7\u00e3o. Para ilustrar esse ponto, vamos dar uma olhada nos influenciadores do esporte, do p\u00f4quer e do futebol. As estrelas do basquete promovem uma determinada marca, tornando-o um dos primeiros esportistas a ganhar 500 milh\u00f5es em comiss\u00e3o de vendas. Os jogadores de p\u00f4quer de Las Vegas s\u00e3o convidados e o namoro para conseguir a presen\u00e7a dos melhores jogadores de p\u00f4quer \u00e9 impressionante. Um famoso jogador de futebol brit\u00e2nico mudou seu penteado e, como resultado disso, jovens rapazes tamb\u00e9m est\u00e3o indo ao barbeiro para se identificarem com ele.       <\/li>\n<\/ul>\n\t\t\t\t\t\t\t\t<\/div>\n\t\t\t\t<\/div>\n\t\t\t\t\t<\/div>\n\t\t\t\t<\/div>\n\t\t<div class=\"elementor-element elementor-element-49db073 e-flex e-con-boxed e-con e-parent\" data-id=\"49db073\" data-element_type=\"container\">\n\t\t\t\t\t<div class=\"e-con-inner\">\n\t\t\t\t<div class=\"elementor-element elementor-element-95ecd9c elementor-widget elementor-widget-heading\" data-id=\"95ecd9c\" data-element_type=\"widget\" data-widget_type=\"heading.default\">\n\t\t\t\t<div class=\"elementor-widget-container\">\n\t\t\t\t\t<h4 class=\"elementor-heading-title elementor-size-default\">Desafios e responsabilidades<\/h4>\t\t\t\t<\/div>\n\t\t\t\t<\/div>\n\t\t\t\t\t<\/div>\n\t\t\t\t<\/div>\n\t\t<div class=\"elementor-element elementor-element-d90b400 e-flex e-con-boxed e-con e-parent\" data-id=\"d90b400\" data-element_type=\"container\">\n\t\t\t\t\t<div class=\"e-con-inner\">\n\t\t\t\t<div class=\"elementor-element elementor-element-40c1321 elementor-widget elementor-widget-text-editor\" data-id=\"40c1321\" data-element_type=\"widget\" data-widget_type=\"text-editor.default\">\n\t\t\t\t<div class=\"elementor-widget-container\">\n\t\t\t\t\t\t\t\t\t<p>O marketing de cassino e as plataformas de cassino on-line s\u00e3o regulamentados e, n\u00e3o surpreendentemente, um n\u00famero maior n\u00e3o est\u00e1 sendo regulamentado. Que desafios voc\u00ea tem pela frente para os influenciadores e operadores de cassinos? Os desafios que voc\u00ea tem pela frente podem variar, para citar alguns:  <\/p>\n\t\t\t\t\t\t\t\t<\/div>\n\t\t\t\t<\/div>\n\t\t\t\t\t<\/div>\n\t\t\t\t<\/div>\n\t\t<div class=\"elementor-element elementor-element-836bdc3 e-flex e-con-boxed e-con e-parent\" data-id=\"836bdc3\" data-element_type=\"container\">\n\t\t\t\t\t<div class=\"e-con-inner\">\n\t\t\t\t<div class=\"elementor-element elementor-element-5ecded3 elementor-widget elementor-widget-text-editor\" data-id=\"5ecded3\" data-element_type=\"widget\" data-widget_type=\"text-editor.default\">\n\t\t\t\t<div class=\"elementor-widget-container\">\n\t\t\t\t\t\t\t\t\t<ul>\n<li><strong>A promo\u00e7\u00e3o de jogos de azar on-line em p\u00fablico costuma ser uma bandeira vermelha<\/strong> para alguns reguladores e alguns pa\u00edses, como Alemanha, Espanha, Holanda, partes dos EUA e Gr\u00e3-Bretanha, tomaram medidas eficazes para conhecer o inimigo interno. Mas o tempo tem demonstrado que, em vez de proibir e lan\u00e7ar um cobertor de regulamenta\u00e7\u00f5es sobre os jogadores, muitas vezes \u00e9 mais \u00fatil se envolver com as operadoras, abrir um di\u00e1logo com a inten\u00e7\u00e3o honesta de criar um ambiente de jogo mais seguro. \u00c9 melhor o diabo que voc\u00ea conhece.    <\/li>\n<\/ul>\n\t\t\t\t\t\t\t\t<\/div>\n\t\t\t\t<\/div>\n\t\t\t\t\t<\/div>\n\t\t\t\t<\/div>\n\t\t<div class=\"elementor-element elementor-element-91b3109 e-flex e-con-boxed e-con e-parent\" data-id=\"91b3109\" data-element_type=\"container\">\n\t\t\t\t\t<div class=\"e-con-inner\">\n\t\t\t\t<div class=\"elementor-element elementor-element-3a1d9be elementor-widget elementor-widget-text-editor\" data-id=\"3a1d9be\" data-element_type=\"widget\" data-widget_type=\"text-editor.default\">\n\t\t\t\t<div class=\"elementor-widget-container\">\n\t\t\t\t\t\t\t\t\t<ul>\n<li><strong>Os influenciadores tamb\u00e9m t\u00eam a responsabilidade<\/strong> de proteger seus seguidores e a comunidade de colabora\u00e7\u00f5es com parceiros de marca que n\u00e3o estejam dispostos a apoiar o Jogo Respons\u00e1vel e a seguir os padr\u00f5es do mercado.  <\/li>\n<\/ul>\n\t\t\t\t\t\t\t\t<\/div>\n\t\t\t\t<\/div>\n\t\t\t\t\t<\/div>\n\t\t\t\t<\/div>\n\t\t<div class=\"elementor-element elementor-element-8138a19 e-flex e-con-boxed e-con e-parent\" data-id=\"8138a19\" data-element_type=\"container\">\n\t\t\t\t\t<div class=\"e-con-inner\">\n\t\t\t\t<div class=\"elementor-element elementor-element-f004e45 elementor-widget elementor-widget-heading\" data-id=\"f004e45\" data-element_type=\"widget\" data-widget_type=\"heading.default\">\n\t\t\t\t<div class=\"elementor-widget-container\">\n\t\t\t\t\t<h5 class=\"elementor-heading-title elementor-size-default\">O que voc\u00ea espera dos influenciadores no cassino on-line?<\/h5>\t\t\t\t<\/div>\n\t\t\t\t<\/div>\n\t\t\t\t\t<\/div>\n\t\t\t\t<\/div>\n\t\t<div class=\"elementor-element elementor-element-e26ded2 e-flex e-con-boxed e-con e-parent\" data-id=\"e26ded2\" data-element_type=\"container\">\n\t\t\t\t\t<div class=\"e-con-inner\">\n\t\t\t\t<div class=\"elementor-element elementor-element-83be952 elementor-widget elementor-widget-text-editor\" data-id=\"83be952\" data-element_type=\"widget\" data-widget_type=\"text-editor.default\">\n\t\t\t\t<div class=\"elementor-widget-container\">\n\t\t\t\t\t\t\t\t\t<p>O futuro da m\u00eddia social \u00e9 r\u00e1pido e colorido. Espera-se que, mais cedo ou mais tarde, um grande n\u00famero de empresas desapare\u00e7a devido ao grande n\u00famero de pessoas que tentam causar um impacto significativo. A parte mais importante, e para enfatizar o assunto com veem\u00eancia, \u00e9 manter os jogadores seguros com pr\u00e1ticas de jogo respons\u00e1veis e influenciadores eticamente desafiados que levam a s\u00e9rio seu importante papel na sociedade. Levando em considera\u00e7\u00e3o o que foi dito acima, acreditamos que voc\u00ea ter\u00e1 um futuro brilhante quando todos os aspectos forem levados em considera\u00e7\u00e3o.     <\/p>\n\t\t\t\t\t\t\t\t<\/div>\n\t\t\t\t<\/div>\n\t\t\t\t\t<\/div>\n\t\t\t\t<\/div>\n\t\t\t\t<\/div>\n\t\t","protected":false},"excerpt":{"rendered":"<p>Os influenciadores de cassino que usam as m\u00eddias sociais est\u00e3o em franca ascens\u00e3o, um ponto frequentemente ignorado por muitos operadores. No mundo atual de tend\u00eancias em constante mudan\u00e7a, um grupo se tornou inegavelmente uma for\u00e7a motriz no setor de jogos de azar on-line. Estamos falando do crescimento estelar dos influenciadores sociais dos cassinos on-line. Que [&hellip;]<\/p>\n","protected":false},"author":1,"featured_media":0,"parent":0,"menu_order":0,"comment_status":"closed","ping_status":"closed","template":"","meta":{"footnotes":""},"class_list":["post-4561","page","type-page","status-publish","hentry"],"blocksy_meta":[],"acf":[],"yoast_head":"<!-- This site is optimized with the Yoast SEO plugin v24.1 - https:\/\/yoast.com\/wordpress\/plugins\/seo\/ -->\n<title>Influenciador de cassino - casinoreturn<\/title>\n<meta name=\"description\" content=\"Os influenciadores do cassino deram um grande salto da m\u00eddia social para chegar ao cassino on-line. Siga-nos aqui e veja quem \u00e9 quem e o que h\u00e1 de novo no Twitch\" \/>\n<meta name=\"robots\" content=\"index, follow, max-snippet:-1, max-image-preview:large, max-video-preview:-1\" \/>\n<link rel=\"canonical\" href=\"https:\/\/casinoreturn.com\/pt-br\/influenciador-de-cassino\/\" \/>\n<meta property=\"og:locale\" content=\"pt_BR\" \/>\n<meta property=\"og:type\" content=\"article\" \/>\n<meta property=\"og:title\" content=\"Influenciador de cassino - casinoreturn\" \/>\n<meta property=\"og:description\" content=\"Os influenciadores do cassino deram um grande salto da m\u00eddia social para chegar ao cassino on-line. Siga-nos aqui e veja quem \u00e9 quem e o que h\u00e1 de novo no Twitch\" \/>\n<meta property=\"og:url\" content=\"https:\/\/casinoreturn.com\/pt-br\/influenciador-de-cassino\/\" \/>\n<meta property=\"og:site_name\" content=\"casinoreturn\" \/>\n<meta property=\"article:modified_time\" content=\"2024-12-02T13:47:03+00:00\" \/>\n<meta name=\"twitter:card\" content=\"summary_large_image\" \/>\n<meta name=\"twitter:label1\" content=\"Est. tempo de leitura\" \/>\n\t<meta name=\"twitter:data1\" content=\"4 minutos\" \/>\n<script type=\"application\/ld+json\" class=\"yoast-schema-graph\">{\"@context\":\"https:\/\/schema.org\",\"@graph\":[{\"@type\":\"WebPage\",\"@id\":\"https:\/\/casinoreturn.com\/pt-br\/influenciador-de-cassino\/\",\"url\":\"https:\/\/casinoreturn.com\/pt-br\/influenciador-de-cassino\/\",\"name\":\"Influenciador de cassino - casinoreturn\",\"isPartOf\":{\"@id\":\"https:\/\/casinoreturn.com\/#website\"},\"datePublished\":\"2024-11-02T10:47:02+00:00\",\"dateModified\":\"2024-12-02T13:47:03+00:00\",\"description\":\"Os influenciadores do cassino deram um grande salto da m\u00eddia social para chegar ao cassino on-line. Siga-nos aqui e veja quem \u00e9 quem e o que h\u00e1 de novo no Twitch\",\"breadcrumb\":{\"@id\":\"https:\/\/casinoreturn.com\/pt-br\/influenciador-de-cassino\/#breadcrumb\"},\"inLanguage\":\"pt-BR\",\"potentialAction\":[{\"@type\":\"ReadAction\",\"target\":[\"https:\/\/casinoreturn.com\/pt-br\/influenciador-de-cassino\/\"]}]},{\"@type\":\"BreadcrumbList\",\"@id\":\"https:\/\/casinoreturn.com\/pt-br\/influenciador-de-cassino\/#breadcrumb\",\"itemListElement\":[{\"@type\":\"ListItem\",\"position\":1,\"name\":\"Home\",\"item\":\"https:\/\/casinoreturn.com\/pt-br\/lar\/\"},{\"@type\":\"ListItem\",\"position\":2,\"name\":\"Influenciador de cassino\"}]},{\"@type\":\"WebSite\",\"@id\":\"https:\/\/casinoreturn.com\/#website\",\"url\":\"https:\/\/casinoreturn.com\/\",\"name\":\"casinoreturn\",\"description\":\"\",\"publisher\":{\"@id\":\"https:\/\/casinoreturn.com\/#organization\"},\"potentialAction\":[{\"@type\":\"SearchAction\",\"target\":{\"@type\":\"EntryPoint\",\"urlTemplate\":\"https:\/\/casinoreturn.com\/?s={search_term_string}\"},\"query-input\":{\"@type\":\"PropertyValueSpecification\",\"valueRequired\":true,\"valueName\":\"search_term_string\"}}],\"inLanguage\":\"pt-BR\"},{\"@type\":\"Organization\",\"@id\":\"https:\/\/casinoreturn.com\/#organization\",\"name\":\"casinoreturn\",\"url\":\"https:\/\/casinoreturn.com\/\",\"logo\":{\"@type\":\"ImageObject\",\"inLanguage\":\"pt-BR\",\"@id\":\"https:\/\/casinoreturn.com\/#\/schema\/logo\/image\/\",\"url\":\"https:\/\/casinoreturn.com\/wp-content\/uploads\/2024\/09\/animal-favicon.png\",\"contentUrl\":\"https:\/\/casinoreturn.com\/wp-content\/uploads\/2024\/09\/animal-favicon.png\",\"width\":92,\"height\":92,\"caption\":\"casinoreturn\"},\"image\":{\"@id\":\"https:\/\/casinoreturn.com\/#\/schema\/logo\/image\/\"}}]}<\/script>\n<!-- \/ Yoast SEO plugin. -->","yoast_head_json":{"title":"Influenciador de cassino - casinoreturn","description":"Os influenciadores do cassino deram um grande salto da m\u00eddia social para chegar ao cassino on-line. Siga-nos aqui e veja quem \u00e9 quem e o que h\u00e1 de novo no Twitch","robots":{"index":"index","follow":"follow","max-snippet":"max-snippet:-1","max-image-preview":"max-image-preview:large","max-video-preview":"max-video-preview:-1"},"canonical":"https:\/\/casinoreturn.com\/pt-br\/influenciador-de-cassino\/","og_locale":"pt_BR","og_type":"article","og_title":"Influenciador de cassino - casinoreturn","og_description":"Os influenciadores do cassino deram um grande salto da m\u00eddia social para chegar ao cassino on-line. Siga-nos aqui e veja quem \u00e9 quem e o que h\u00e1 de novo no Twitch","og_url":"https:\/\/casinoreturn.com\/pt-br\/influenciador-de-cassino\/","og_site_name":"casinoreturn","article_modified_time":"2024-12-02T13:47:03+00:00","twitter_card":"summary_large_image","twitter_misc":{"Est. tempo de leitura":"4 minutos"},"schema":{"@context":"https:\/\/schema.org","@graph":[{"@type":"WebPage","@id":"https:\/\/casinoreturn.com\/pt-br\/influenciador-de-cassino\/","url":"https:\/\/casinoreturn.com\/pt-br\/influenciador-de-cassino\/","name":"Influenciador de cassino - casinoreturn","isPartOf":{"@id":"https:\/\/casinoreturn.com\/#website"},"datePublished":"2024-11-02T10:47:02+00:00","dateModified":"2024-12-02T13:47:03+00:00","description":"Os influenciadores do cassino deram um grande salto da m\u00eddia social para chegar ao cassino on-line. Siga-nos aqui e veja quem \u00e9 quem e o que h\u00e1 de novo no Twitch","breadcrumb":{"@id":"https:\/\/casinoreturn.com\/pt-br\/influenciador-de-cassino\/#breadcrumb"},"inLanguage":"pt-BR","potentialAction":[{"@type":"ReadAction","target":["https:\/\/casinoreturn.com\/pt-br\/influenciador-de-cassino\/"]}]},{"@type":"BreadcrumbList","@id":"https:\/\/casinoreturn.com\/pt-br\/influenciador-de-cassino\/#breadcrumb","itemListElement":[{"@type":"ListItem","position":1,"name":"Home","item":"https:\/\/casinoreturn.com\/pt-br\/lar\/"},{"@type":"ListItem","position":2,"name":"Influenciador de cassino"}]},{"@type":"WebSite","@id":"https:\/\/casinoreturn.com\/#website","url":"https:\/\/casinoreturn.com\/","name":"casinoreturn","description":"","publisher":{"@id":"https:\/\/casinoreturn.com\/#organization"},"potentialAction":[{"@type":"SearchAction","target":{"@type":"EntryPoint","urlTemplate":"https:\/\/casinoreturn.com\/?s={search_term_string}"},"query-input":{"@type":"PropertyValueSpecification","valueRequired":true,"valueName":"search_term_string"}}],"inLanguage":"pt-BR"},{"@type":"Organization","@id":"https:\/\/casinoreturn.com\/#organization","name":"casinoreturn","url":"https:\/\/casinoreturn.com\/","logo":{"@type":"ImageObject","inLanguage":"pt-BR","@id":"https:\/\/casinoreturn.com\/#\/schema\/logo\/image\/","url":"https:\/\/casinoreturn.com\/wp-content\/uploads\/2024\/09\/animal-favicon.png","contentUrl":"https:\/\/casinoreturn.com\/wp-content\/uploads\/2024\/09\/animal-favicon.png","width":92,"height":92,"caption":"casinoreturn"},"image":{"@id":"https:\/\/casinoreturn.com\/#\/schema\/logo\/image\/"}}]}},"_links":{"self":[{"href":"https:\/\/casinoreturn.com\/pt-br\/wp-json\/wp\/v2\/pages\/4561","targetHints":{"allow":["GET"]}}],"collection":[{"href":"https:\/\/casinoreturn.com\/pt-br\/wp-json\/wp\/v2\/pages"}],"about":[{"href":"https:\/\/casinoreturn.com\/pt-br\/wp-json\/wp\/v2\/types\/page"}],"author":[{"embeddable":true,"href":"https:\/\/casinoreturn.com\/pt-br\/wp-json\/wp\/v2\/users\/1"}],"replies":[{"embeddable":true,"href":"https:\/\/casinoreturn.com\/pt-br\/wp-json\/wp\/v2\/comments?post=4561"}],"version-history":[{"count":1,"href":"https:\/\/casinoreturn.com\/pt-br\/wp-json\/wp\/v2\/pages\/4561\/revisions"}],"predecessor-version":[{"id":4562,"href":"https:\/\/casinoreturn.com\/pt-br\/wp-json\/wp\/v2\/pages\/4561\/revisions\/4562"}],"wp:attachment":[{"href":"https:\/\/casinoreturn.com\/pt-br\/wp-json\/wp\/v2\/media?parent=4561"}],"curies":[{"name":"wp","href":"https:\/\/api.w.org\/{rel}","templated":true}]}}