{"id":4583,"date":"2024-11-13T01:13:25","date_gmt":"2024-11-13T01:13:25","guid":{"rendered":"https:\/\/casinoreturn.com\/jogo-de-caca-niqueis-cash-noire\/"},"modified":"2024-12-02T14:00:04","modified_gmt":"2024-12-02T14:00:04","slug":"jogo-de-caca-niqueis-cash-noire","status":"publish","type":"page","link":"https:\/\/casinoreturn.com\/pt-br\/jogo-de-caca-niqueis-cash-noire\/","title":{"rendered":"Jogo de ca\u00e7a-n\u00edqueis Cash Noire"},"content":{"rendered":"\t\t<div data-elementor-type=\"wp-page\" data-elementor-id=\"4583\" class=\"elementor elementor-4583\" data-elementor-post-type=\"page\">\n\t\t\t\t<div class=\"elementor-element elementor-element-1d0a071 e-con-full e-flex e-con e-parent\" data-id=\"1d0a071\" data-element_type=\"container\">\n\t\t\t\t<div class=\"elementor-element elementor-element-d98a0e7 elementor-widget elementor-widget-heading\" data-id=\"d98a0e7\" data-element_type=\"widget\" data-widget_type=\"heading.default\">\n\t\t\t\t<div class=\"elementor-widget-container\">\n\t\t\t\t\t<h3 class=\"elementor-heading-title elementor-size-default\">O que voc\u00ea precisa saber sobre Cash Noire?<\/h3>\t\t\t\t<\/div>\n\t\t\t\t<\/div>\n\t\t\t\t<\/div>\n\t\t<div class=\"elementor-element elementor-element-ece14c5 e-con-full e-flex e-con e-parent\" data-id=\"ece14c5\" data-element_type=\"container\">\n\t\t\t\t<div class=\"elementor-element elementor-element-927ac14 elementor-widget elementor-widget-text-editor\" data-id=\"927ac14\" data-element_type=\"widget\" data-widget_type=\"text-editor.default\">\n\t\t\t\t<div class=\"elementor-widget-container\">\n\t\t\t\t\t\t\t\t\t<p>O jogo de ca\u00e7a-n\u00edqueis Cash-Noire \u00e9 um ca\u00e7a-n\u00edqueis inovador da mais alta classe e convence os jogadores e apostadores com seus ca\u00e7a-n\u00edqueis on-line. A m\u00e1quina ca\u00e7a-n\u00edqueis foi fabricada pela conceituada e renomada desenvolvedora de software NetEnt e, portanto, \u00e9 considerada da mais alta qualidade. Voc\u00ea quer saber do que se trata esse ca\u00e7a-n\u00edquel? O jogo \u00e9 convencido por sua natureza m\u00edstica e gira em torno de um assassinato n\u00e3o resolvido. As nuances escuras do design d\u00e3o ao jogo um toque caracter\u00edstico particularmente sombrio. Como jogador, voc\u00ea est\u00e1 localizado em San Cayetano e se junta ao seu companheiro de jogo,     <\/p>\n\t\t\t\t\t\t\t\t<\/div>\n\t\t\t\t<\/div>\n\t\t\t\t<\/div>\n\t\t<div class=\"elementor-element elementor-element-a73bf5b e-con-full e-flex e-con e-parent\" data-id=\"a73bf5b\" data-element_type=\"container\">\n\t\t\t\t<div class=\"elementor-element elementor-element-ada4c5b elementor-widget elementor-widget-image\" data-id=\"ada4c5b\" data-element_type=\"widget\" data-widget_type=\"image.default\">\n\t\t\t\t<div class=\"elementor-widget-container\">\n\t\t\t\t\t\t\t\t\t\t\t\t\t\t\t<img fetchpriority=\"high\" decoding=\"async\" width=\"600\" height=\"840\" src=\"https:\/\/casinoreturn.com\/wp-content\/uploads\/2024\/11\/Cash-noire-Slot-game.jpg\" class=\"attachment-large size-large wp-image-3233\" alt=\"Cash noire Slot game\" srcset=\"https:\/\/casinoreturn.com\/wp-content\/uploads\/2024\/11\/Cash-noire-Slot-game.jpg 600w, https:\/\/casinoreturn.com\/wp-content\/uploads\/2024\/11\/Cash-noire-Slot-game-214x300.jpg 214w\" sizes=\"(max-width: 600px) 100vw, 600px\" \/>\t\t\t\t\t\t\t\t\t\t\t\t\t\t\t<\/div>\n\t\t\t\t<\/div>\n\t\t\t\t<\/div>\n\t\t<div class=\"elementor-element elementor-element-83b2661 e-con-full e-flex e-con e-parent\" data-id=\"83b2661\" data-element_type=\"container\">\n\t\t\t\t<div class=\"elementor-element elementor-element-47cf452 elementor-widget elementor-widget-heading\" data-id=\"47cf452\" data-element_type=\"widget\" data-widget_type=\"heading.default\">\n\t\t\t\t<div class=\"elementor-widget-container\">\n\t\t\t\t\t<h3 class=\"elementor-heading-title elementor-size-default\">Quem \u00e9 o detetive Flint no jogo de ca\u00e7a-n\u00edqueis Cash Noire?<\/h3>\t\t\t\t<\/div>\n\t\t\t\t<\/div>\n\t\t\t\t<\/div>\n\t\t<div class=\"elementor-element elementor-element-6e9a3d5 e-con-full e-flex e-con e-parent\" data-id=\"6e9a3d5\" data-element_type=\"container\">\n\t\t\t\t<div class=\"elementor-element elementor-element-9c661f6 elementor-widget elementor-widget-text-editor\" data-id=\"9c661f6\" data-element_type=\"widget\" data-widget_type=\"text-editor.default\">\n\t\t\t\t<div class=\"elementor-widget-container\">\n\t\t\t\t\t\t\t\t\t<p>Detetive Flint. Juntos, voc\u00eas tentam ca\u00e7ar os criminosos que n\u00e3o podem ser encontrados. Porque ele quer ver o culpado pelos assassinatos de Green-Ace. Explore a cidade com o detetive e fa\u00e7a uma pausa em um bar. O bar \u00e9 t\u00e3o misterioso quanto o jogo, pois h\u00e1 jogos ilegais de p\u00f4quer. E l\u00e1 voc\u00ea conhece a \u00fanica mulher&#8230; .<br \/>Voc\u00ea est\u00e1 curioso? Voc\u00ea quer solucionar o assassinato? Ent\u00e3o fique atento, pois forneceremos a voc\u00ea mais informa\u00e7\u00f5es \u00fateis.         <\/p>\n\t\t\t\t\t\t\t\t<\/div>\n\t\t\t\t<\/div>\n\t\t\t\t<\/div>\n\t\t<div class=\"elementor-element elementor-element-5bb25f2 e-con-full e-flex e-con e-parent\" data-id=\"5bb25f2\" data-element_type=\"container\">\n\t\t\t\t<div class=\"elementor-element elementor-element-e08a986 elementor-widget elementor-widget-heading\" data-id=\"e08a986\" data-element_type=\"widget\" data-widget_type=\"heading.default\">\n\t\t\t\t<div class=\"elementor-widget-container\">\n\t\t\t\t\t<h3 class=\"elementor-heading-title elementor-size-default\">Giros m\u00ednimos do Cash Noire<\/h3>\t\t\t\t<\/div>\n\t\t\t\t<\/div>\n\t\t\t\t<\/div>\n\t\t<div class=\"elementor-element elementor-element-cd0632e e-con-full e-flex e-con e-parent\" data-id=\"cd0632e\" data-element_type=\"container\">\n\t\t\t\t<div class=\"elementor-element elementor-element-9be3876 elementor-widget elementor-widget-text-editor\" data-id=\"9be3876\" data-element_type=\"widget\" data-widget_type=\"text-editor.default\">\n\t\t\t\t<div class=\"elementor-widget-container\">\n\t\t\t\t\t\t\t\t\t<p>Inspirado em Film Noire, o jogo nos convence com um estilo \u00fanico. Com mais de 1.024 oportunidades de ganho e cinco cilindros, o jogo oferece muitas oportunidades atraentes. Voc\u00ea pode jogar na m\u00e1quina ca\u00e7a-n\u00edqueis com apostas a partir de <strong>0,20 por<\/strong> <strong>rodada<\/strong>. Outro ponto positivo \u00e9 que o jogo \u00e9 suportado por muitos servidores diferentes. O Cash Noire tamb\u00e9m tem outras grandes ofertas que encantam o cora\u00e7\u00e3o do jogador. Deixe-se convencer pelas rodadas gr\u00e1tis, rodadas gr\u00e1tis sem dep\u00f3sito e b\u00f4nus sem dep\u00f3sito. Voc\u00ea receber\u00e1 ainda mais recompensas se jogar o jogo e ajudar o detetive em sua jornada. Toda boa a\u00e7\u00e3o \u00e9 recompensada!       <\/p>\n\t\t\t\t\t\t\t\t<\/div>\n\t\t\t\t<\/div>\n\t\t\t\t<\/div>\n\t\t<div class=\"elementor-element elementor-element-21d84f5 e-con-full e-flex e-con e-parent\" data-id=\"21d84f5\" data-element_type=\"container\">\n\t\t\t\t<div class=\"elementor-element elementor-element-e77fdbf elementor-widget elementor-widget-heading\" data-id=\"e77fdbf\" data-element_type=\"widget\" data-widget_type=\"heading.default\">\n\t\t\t\t<div class=\"elementor-widget-container\">\n\t\t\t\t\t<h3 class=\"elementor-heading-title elementor-size-default\">Como jogar no ca\u00e7a-n\u00edqueis Cash Noire?<\/h3>\t\t\t\t<\/div>\n\t\t\t\t<\/div>\n\t\t\t\t<\/div>\n\t\t<div class=\"elementor-element elementor-element-8abd081 e-con-full e-flex e-con e-parent\" data-id=\"8abd081\" data-element_type=\"container\">\n\t\t\t\t<div class=\"elementor-element elementor-element-59700d3 elementor-widget elementor-widget-image\" data-id=\"59700d3\" data-element_type=\"widget\" data-widget_type=\"image.default\">\n\t\t\t\t<div class=\"elementor-widget-container\">\n\t\t\t\t\t\t\t\t\t\t\t\t\t\t\t<img decoding=\"async\" width=\"680\" height=\"280\" src=\"https:\/\/casinoreturn.com\/wp-content\/uploads\/2024\/11\/Cash-Noire-5-Reels-Spins.jpg\" class=\"attachment-large size-large wp-image-3258\" alt=\"Cash Noire 5 Reels Spins\" srcset=\"https:\/\/casinoreturn.com\/wp-content\/uploads\/2024\/11\/Cash-Noire-5-Reels-Spins.jpg 680w, https:\/\/casinoreturn.com\/wp-content\/uploads\/2024\/11\/Cash-Noire-5-Reels-Spins-300x124.jpg 300w\" sizes=\"(max-width: 680px) 100vw, 680px\" \/>\t\t\t\t\t\t\t\t\t\t\t\t\t\t\t<\/div>\n\t\t\t\t<\/div>\n\t\t\t\t<div class=\"elementor-element elementor-element-f1817fa elementor-widget elementor-widget-text-editor\" data-id=\"f1817fa\" data-element_type=\"widget\" data-widget_type=\"text-editor.default\">\n\t\t\t\t<div class=\"elementor-widget-container\">\n\t\t\t\t\t\t\t\t\t<p>O jogo Cash Noire \u00e9 dividido em cinco categorias diferentes, mais precisamente em cinco zonas de crime diferentes. Voc\u00ea recebe um multiplicador para cada rodada gr\u00e1tis, come\u00e7ando em 1x. Se voc\u00ea acertar cartas com zonas especiais, poder\u00e1 usar o multiplicador para os seus ganhos, pois isso pode aumentar os seus ganhos. Voc\u00ea deseja aumentar seu multiplicador? Ent\u00e3o, siga estas etapas: Se voc\u00ea acertar essa carta em uma zona especial e acertar um marcador, poder\u00e1 aumentar seu multiplicador entre 1x e 10x no jogo. Voc\u00ea quer mais giros gr\u00e1tis? Se voc\u00ea quiser mais rodadas gr\u00e1tis, coloque o multiplicador delas. Se a sorte estiver do seu lado, voc\u00ea receber\u00e1 uma carta com um multiplicador mais rodadas gr\u00e1tis. Voc\u00ea quer rodadas gr\u00e1tis sem dep\u00f3sito? Fique atento. A m\u00e1quina ca\u00e7a-n\u00edquel Cash Noire n\u00e3o tem um s\u00edmbolo wild e, portanto, n\u00e3o pode oferecer um jackpot progressivo.          <\/p>\n\t\t\t\t\t\t\t\t<\/div>\n\t\t\t\t<\/div>\n\t\t\t\t<div class=\"elementor-element elementor-element-50d6c9c elementor-widget elementor-widget-heading\" data-id=\"50d6c9c\" data-element_type=\"widget\" data-widget_type=\"heading.default\">\n\t\t\t\t<div class=\"elementor-widget-container\">\n\t\t\t\t\t<h2 class=\"elementor-heading-title elementor-size-default\">S\u00edmbolo Misterioso no Jogo de Slot Cash Noire<\/h2>\t\t\t\t<\/div>\n\t\t\t\t<\/div>\n\t\t\t\t<div class=\"elementor-element elementor-element-6ea3519 elementor-widget elementor-widget-text-editor\" data-id=\"6ea3519\" data-element_type=\"widget\" data-widget_type=\"text-editor.default\">\n\t\t\t\t<div class=\"elementor-widget-container\">\n\t\t\t\t\t\t\t\t\t<p>O provedor NetEnt \u00e9 certamente conhecido entre os jogos por uma coisa: muitas op\u00e7\u00f5es de b\u00f4nus excelentes, recompensas como B\u00f4nus Gr\u00e1tis Sem Dep\u00f3sito, Rodadas Gr\u00e1tis Sem Dep\u00f3sito e muito mais para convencer voc\u00ea. Toda vez que voc\u00ea faz a chamada combina\u00e7\u00e3o de ganhos, voc\u00ea aciona uma avalanche. Quando isso acontecer, os s\u00edmbolos que formaram a combina\u00e7\u00e3o n\u00e3o estar\u00e3o mais vis\u00edveis na tela e ser\u00e3o substitu\u00eddos por outros s\u00edmbolos. Voc\u00ea j\u00e1 ouviu falar do s\u00edmbolo misterioso? N\u00f3s explicaremos a voc\u00ea. Esse s\u00edmbolo \u00e9 uma parte inevit\u00e1vel do jogo. Se voc\u00ea n\u00e3o conseguir uma combina\u00e7\u00e3o vencedora em uma rodada e, em vez disso, cair em um s\u00edmbolo de quebra-cabe\u00e7a, ele se transformar\u00e1 automaticamente em um s\u00edmbolo aleat\u00f3rio comum. Se voc\u00ea cair dentro de uma zona de crime, os s\u00edmbolos ser\u00e3o duplicados e exibidos da mesma forma. Entretanto, se voc\u00ea cair fora dessa zona de crime, ver\u00e1 um s\u00edmbolo normal. H\u00e1 tamb\u00e9m uma zona de crime. Se voc\u00ea estiver nessa zona, eles estar\u00e3o em uma zona vermelha. Essa zona est\u00e1 cheia de pontos cr\u00edticos e aparece em cada um de seus giros. O giro come\u00e7a com tr\u00eas pontos e pode aumentar para quatro ou at\u00e9 cinco. Voc\u00ea quer mais recompensas, b\u00f4nus sem dep\u00f3sito, b\u00f4nus sem dep\u00f3sito, rodadas gr\u00e1tis sem dep\u00f3sito? Fique atento para resolver mais quebra-cabe\u00e7as, decifrar os s\u00edmbolos m\u00edsticos, ganhar muitas rodadas gr\u00e1tis e multiplicadores e obter o m\u00e1ximo de recompensas que voc\u00ea puder.              <\/p>\n\t\t\t\t\t\t\t\t<\/div>\n\t\t\t\t<\/div>\n\t\t\t\t<div class=\"elementor-element elementor-element-2a740a2 elementor-widget elementor-widget-heading\" data-id=\"2a740a2\" data-element_type=\"widget\" data-widget_type=\"heading.default\">\n\t\t\t\t<div class=\"elementor-widget-container\">\n\t\t\t\t\t<h3 class=\"elementor-heading-title elementor-size-default\">Cash Noire RTP - Retorno ao Jogador<\/h3>\t\t\t\t<\/div>\n\t\t\t\t<\/div>\n\t\t\t\t<div class=\"elementor-element elementor-element-db68b73 elementor-widget elementor-widget-text-editor\" data-id=\"db68b73\" data-element_type=\"widget\" data-widget_type=\"text-editor.default\">\n\t\t\t\t<div class=\"elementor-widget-container\">\n\t\t\t\t\t\t\t\t\t<p>\u00c9 claro que h\u00e1 uma grande dose de sorte envolvida na vit\u00f3ria no jogo de cassino on-line. Voc\u00ea provavelmente est\u00e1 se perguntando qual \u00e9 a probabilidade de ganhar, mas ser\u00e1 que \u00e9 para lucrar ou obter o m\u00e1ximo? Essas informa\u00e7\u00f5es e fatos s\u00e3o de particular import\u00e2ncia para voc\u00ea, e \u00e9 por isso que n\u00f3s da BestCasinoListe. Com gostar\u00edamos de informar voc\u00ea.<br \/>Aqui gostar\u00edamos de explicar a abrevia\u00e7\u00e3o RTP. RTP significa Return to Player (Retorno ao Jogador) e significa &#8220;Back to Player&#8221;. &#8220;As chances de ganhar em um ca\u00e7a-n\u00edqueis on-line s\u00e3o, portanto, sempre calculadas usando o chamado RTP. O RTP do ca\u00e7a-n\u00edquel Cash-Noire \u00e9 de aproximadamente 96. 06%. Esse valor est\u00e1 um pouco acima da m\u00e9dia em compara\u00e7\u00e3o com outras m\u00e1quinas ca\u00e7a-n\u00edqueis on-line. Embora existam m\u00e1quinas ca\u00e7a-n\u00edqueis na ind\u00fastria de cassinos on-line que, com certeza, t\u00eam um valor muito mais alto, ainda assim vale a pena que voc\u00ea as veja.        <\/p>\n\t\t\t\t\t\t\t\t<\/div>\n\t\t\t\t<\/div>\n\t\t\t\t<div class=\"elementor-element elementor-element-77a03b0 elementor-widget elementor-widget-heading\" data-id=\"77a03b0\" data-element_type=\"widget\" data-widget_type=\"heading.default\">\n\t\t\t\t<div class=\"elementor-widget-container\">\n\t\t\t\t\t<h2 class=\"elementor-heading-title elementor-size-default\">Gerador de n\u00fameros aleat\u00f3rios em Cash Noire<\/h2>\t\t\t\t<\/div>\n\t\t\t\t<\/div>\n\t\t\t\t<div class=\"elementor-element elementor-element-6c337f8 elementor-widget elementor-widget-text-editor\" data-id=\"6c337f8\" data-element_type=\"widget\" data-widget_type=\"text-editor.default\">\n\t\t\t\t<div class=\"elementor-widget-container\">\n\t\t\t\t\t\t\t\t\t<p>Depois, h\u00e1 o chamado RNG (Random Number Generator, gerador de n\u00fameros aleat\u00f3rios), que significa em alem\u00e3o: Gerador de n\u00fameros aleat\u00f3rios. \u00c9 importante lembrar que, sem exce\u00e7\u00e3o, todos os ca\u00e7a-n\u00edqueis de cassino on-line s\u00e3o controlados por um RNG. Assim, os jackpots e as cartas tamb\u00e9m s\u00e3o distribu\u00eddos.<br \/>Novos cassinos na Alemanha 2021, Teste de cassino on-line, Rodadas gr\u00e1tis do Book of Dead. . e muito mais.     <\/p>\n\t\t\t\t\t\t\t\t<\/div>\n\t\t\t\t<\/div>\n\t\t\t\t<div class=\"elementor-element elementor-element-3c236a4 elementor-widget elementor-widget-heading\" data-id=\"3c236a4\" data-element_type=\"widget\" data-widget_type=\"heading.default\">\n\t\t\t\t<div class=\"elementor-widget-container\">\n\t\t\t\t\t<h2 class=\"elementor-heading-title elementor-size-default\">Slot Cash Noire compat\u00edvel com dispositivos m\u00f3veis<\/h2>\t\t\t\t<\/div>\n\t\t\t\t<\/div>\n\t\t\t\t<div class=\"elementor-element elementor-element-4d99a43 elementor-widget elementor-widget-text-editor\" data-id=\"4d99a43\" data-element_type=\"widget\" data-widget_type=\"text-editor.default\">\n\t\t\t\t<div class=\"elementor-widget-container\">\n\t\t\t\t\t\t\t\t\t<p>Voc\u00ea viaja muito? \u00c9 fato que hoje em dia quase todos os dispositivos s\u00e3o mobilizados. Voc\u00ea est\u00e1 sempre dispon\u00edvel em qualquer lugar e quase sempre pode navegar na Internet. Portanto, voc\u00ea n\u00e3o est\u00e1 limitado a se divertir apenas em casa, mas tamb\u00e9m pode experimentar tudo isso na estrada. Isso tamb\u00e9m oferece uma grande vantagem, pois o ca\u00e7a-n\u00edquel Cash-Noire tamb\u00e9m est\u00e1 dispon\u00edvel na vers\u00e3o m\u00f3vel. Voc\u00ea n\u00e3o precisa se preocupar com a qualidade do ca\u00e7a-n\u00edquel, pois o ca\u00e7a-n\u00edquel Cash Noire n\u00e3o apenas impressiona com seu design exclusivo, mas tamb\u00e9m com a resolu\u00e7\u00e3o de alta qualidade, mesmo em seu dispositivo m\u00f3vel. Seja no celular ou no tablet, fa\u00e7a o download do jogo e deixe-se convencer da qualidade e da divers\u00e3o do jogo.      <\/p>\n\t\t\t\t\t\t\t\t<\/div>\n\t\t\t\t<\/div>\n\t\t\t\t<\/div>\n\t\t\t\t<\/div>\n\t\t","protected":false},"excerpt":{"rendered":"<p>O que voc\u00ea precisa saber sobre Cash Noire? O jogo de ca\u00e7a-n\u00edqueis Cash-Noire \u00e9 um ca\u00e7a-n\u00edqueis inovador da mais alta classe e convence os jogadores e apostadores com seus ca\u00e7a-n\u00edqueis on-line. A m\u00e1quina ca\u00e7a-n\u00edqueis foi fabricada pela conceituada e renomada desenvolvedora de software NetEnt e, portanto, \u00e9 considerada da mais alta qualidade. Voc\u00ea quer saber [&hellip;]<\/p>\n","protected":false},"author":1,"featured_media":0,"parent":0,"menu_order":0,"comment_status":"closed","ping_status":"closed","template":"","meta":{"footnotes":""},"class_list":["post-4583","page","type-page","status-publish","hentry"],"blocksy_meta":[],"acf":[],"yoast_head":"<!-- This site is optimized with the Yoast SEO plugin v24.1 - https:\/\/yoast.com\/wordpress\/plugins\/seo\/ -->\n<title>Jogo de ca\u00e7a-n\u00edqueis Cash Noire - casinoreturn<\/title>\n<meta name=\"description\" content=\"O jogo de ca\u00e7a-n\u00edqueis Cash Noire \u00e9 um dos mais conhecidos ca\u00e7a-n\u00edqueis de cassino on-line da NetEnt. Saiba mais sobre os recursos do Cash Noire, RTP e muito mais.\" \/>\n<meta name=\"robots\" content=\"index, follow, max-snippet:-1, max-image-preview:large, max-video-preview:-1\" \/>\n<link rel=\"canonical\" href=\"https:\/\/casinoreturn.com\/pt-br\/jogo-de-caca-niqueis-cash-noire\/\" \/>\n<meta property=\"og:locale\" content=\"pt_BR\" \/>\n<meta property=\"og:type\" content=\"article\" \/>\n<meta property=\"og:title\" content=\"Jogo de ca\u00e7a-n\u00edqueis Cash Noire - casinoreturn\" \/>\n<meta property=\"og:description\" content=\"O jogo de ca\u00e7a-n\u00edqueis Cash Noire \u00e9 um dos mais conhecidos ca\u00e7a-n\u00edqueis de cassino on-line da NetEnt. Saiba mais sobre os recursos do Cash Noire, RTP e muito mais.\" \/>\n<meta property=\"og:url\" content=\"https:\/\/casinoreturn.com\/pt-br\/jogo-de-caca-niqueis-cash-noire\/\" \/>\n<meta property=\"og:site_name\" content=\"casinoreturn\" \/>\n<meta property=\"article:modified_time\" content=\"2024-12-02T14:00:04+00:00\" \/>\n<meta property=\"og:image\" content=\"https:\/\/casinoreturn.com\/wp-content\/uploads\/2024\/11\/Cash-noire-Slot-game.jpg\" \/>\n\t<meta property=\"og:image:width\" content=\"600\" \/>\n\t<meta property=\"og:image:height\" content=\"840\" \/>\n\t<meta property=\"og:image:type\" content=\"image\/jpeg\" \/>\n<meta name=\"twitter:card\" content=\"summary_large_image\" \/>\n<meta name=\"twitter:label1\" content=\"Est. tempo de leitura\" \/>\n\t<meta name=\"twitter:data1\" content=\"6 minutos\" \/>\n<script type=\"application\/ld+json\" class=\"yoast-schema-graph\">{\"@context\":\"https:\/\/schema.org\",\"@graph\":[{\"@type\":\"WebPage\",\"@id\":\"https:\/\/casinoreturn.com\/pt-br\/jogo-de-caca-niqueis-cash-noire\/\",\"url\":\"https:\/\/casinoreturn.com\/pt-br\/jogo-de-caca-niqueis-cash-noire\/\",\"name\":\"Jogo de ca\u00e7a-n\u00edqueis Cash Noire - casinoreturn\",\"isPartOf\":{\"@id\":\"https:\/\/casinoreturn.com\/#website\"},\"primaryImageOfPage\":{\"@id\":\"https:\/\/casinoreturn.com\/pt-br\/jogo-de-caca-niqueis-cash-noire\/#primaryimage\"},\"image\":{\"@id\":\"https:\/\/casinoreturn.com\/pt-br\/jogo-de-caca-niqueis-cash-noire\/#primaryimage\"},\"thumbnailUrl\":\"https:\/\/casinoreturn.com\/wp-content\/uploads\/2024\/11\/Cash-noire-Slot-game.jpg\",\"datePublished\":\"2024-11-13T01:13:25+00:00\",\"dateModified\":\"2024-12-02T14:00:04+00:00\",\"description\":\"O jogo de ca\u00e7a-n\u00edqueis Cash Noire \u00e9 um dos mais conhecidos ca\u00e7a-n\u00edqueis de cassino on-line da NetEnt. Saiba mais sobre os recursos do Cash Noire, RTP e muito mais.\",\"breadcrumb\":{\"@id\":\"https:\/\/casinoreturn.com\/pt-br\/jogo-de-caca-niqueis-cash-noire\/#breadcrumb\"},\"inLanguage\":\"pt-BR\",\"potentialAction\":[{\"@type\":\"ReadAction\",\"target\":[\"https:\/\/casinoreturn.com\/pt-br\/jogo-de-caca-niqueis-cash-noire\/\"]}]},{\"@type\":\"ImageObject\",\"inLanguage\":\"pt-BR\",\"@id\":\"https:\/\/casinoreturn.com\/pt-br\/jogo-de-caca-niqueis-cash-noire\/#primaryimage\",\"url\":\"https:\/\/casinoreturn.com\/wp-content\/uploads\/2024\/11\/Cash-noire-Slot-game.jpg\",\"contentUrl\":\"https:\/\/casinoreturn.com\/wp-content\/uploads\/2024\/11\/Cash-noire-Slot-game.jpg\"},{\"@type\":\"BreadcrumbList\",\"@id\":\"https:\/\/casinoreturn.com\/pt-br\/jogo-de-caca-niqueis-cash-noire\/#breadcrumb\",\"itemListElement\":[{\"@type\":\"ListItem\",\"position\":1,\"name\":\"Home\",\"item\":\"https:\/\/casinoreturn.com\/pt-br\/lar\/\"},{\"@type\":\"ListItem\",\"position\":2,\"name\":\"Jogo de ca\u00e7a-n\u00edqueis Cash Noire\"}]},{\"@type\":\"WebSite\",\"@id\":\"https:\/\/casinoreturn.com\/#website\",\"url\":\"https:\/\/casinoreturn.com\/\",\"name\":\"casinoreturn\",\"description\":\"\",\"publisher\":{\"@id\":\"https:\/\/casinoreturn.com\/#organization\"},\"potentialAction\":[{\"@type\":\"SearchAction\",\"target\":{\"@type\":\"EntryPoint\",\"urlTemplate\":\"https:\/\/casinoreturn.com\/?s={search_term_string}\"},\"query-input\":{\"@type\":\"PropertyValueSpecification\",\"valueRequired\":true,\"valueName\":\"search_term_string\"}}],\"inLanguage\":\"pt-BR\"},{\"@type\":\"Organization\",\"@id\":\"https:\/\/casinoreturn.com\/#organization\",\"name\":\"casinoreturn\",\"url\":\"https:\/\/casinoreturn.com\/\",\"logo\":{\"@type\":\"ImageObject\",\"inLanguage\":\"pt-BR\",\"@id\":\"https:\/\/casinoreturn.com\/#\/schema\/logo\/image\/\",\"url\":\"https:\/\/casinoreturn.com\/wp-content\/uploads\/2024\/09\/animal-favicon.png\",\"contentUrl\":\"https:\/\/casinoreturn.com\/wp-content\/uploads\/2024\/09\/animal-favicon.png\",\"width\":92,\"height\":92,\"caption\":\"casinoreturn\"},\"image\":{\"@id\":\"https:\/\/casinoreturn.com\/#\/schema\/logo\/image\/\"}}]}<\/script>\n<!-- \/ Yoast SEO plugin. -->","yoast_head_json":{"title":"Jogo de ca\u00e7a-n\u00edqueis Cash Noire - casinoreturn","description":"O jogo de ca\u00e7a-n\u00edqueis Cash Noire \u00e9 um dos mais conhecidos ca\u00e7a-n\u00edqueis de cassino on-line da NetEnt. Saiba mais sobre os recursos do Cash Noire, RTP e muito mais.","robots":{"index":"index","follow":"follow","max-snippet":"max-snippet:-1","max-image-preview":"max-image-preview:large","max-video-preview":"max-video-preview:-1"},"canonical":"https:\/\/casinoreturn.com\/pt-br\/jogo-de-caca-niqueis-cash-noire\/","og_locale":"pt_BR","og_type":"article","og_title":"Jogo de ca\u00e7a-n\u00edqueis Cash Noire - casinoreturn","og_description":"O jogo de ca\u00e7a-n\u00edqueis Cash Noire \u00e9 um dos mais conhecidos ca\u00e7a-n\u00edqueis de cassino on-line da NetEnt. Saiba mais sobre os recursos do Cash Noire, RTP e muito mais.","og_url":"https:\/\/casinoreturn.com\/pt-br\/jogo-de-caca-niqueis-cash-noire\/","og_site_name":"casinoreturn","article_modified_time":"2024-12-02T14:00:04+00:00","og_image":[{"width":600,"height":840,"url":"https:\/\/casinoreturn.com\/wp-content\/uploads\/2024\/11\/Cash-noire-Slot-game.jpg","type":"image\/jpeg"}],"twitter_card":"summary_large_image","twitter_misc":{"Est. tempo de leitura":"6 minutos"},"schema":{"@context":"https:\/\/schema.org","@graph":[{"@type":"WebPage","@id":"https:\/\/casinoreturn.com\/pt-br\/jogo-de-caca-niqueis-cash-noire\/","url":"https:\/\/casinoreturn.com\/pt-br\/jogo-de-caca-niqueis-cash-noire\/","name":"Jogo de ca\u00e7a-n\u00edqueis Cash Noire - casinoreturn","isPartOf":{"@id":"https:\/\/casinoreturn.com\/#website"},"primaryImageOfPage":{"@id":"https:\/\/casinoreturn.com\/pt-br\/jogo-de-caca-niqueis-cash-noire\/#primaryimage"},"image":{"@id":"https:\/\/casinoreturn.com\/pt-br\/jogo-de-caca-niqueis-cash-noire\/#primaryimage"},"thumbnailUrl":"https:\/\/casinoreturn.com\/wp-content\/uploads\/2024\/11\/Cash-noire-Slot-game.jpg","datePublished":"2024-11-13T01:13:25+00:00","dateModified":"2024-12-02T14:00:04+00:00","description":"O jogo de ca\u00e7a-n\u00edqueis Cash Noire \u00e9 um dos mais conhecidos ca\u00e7a-n\u00edqueis de cassino on-line da NetEnt. Saiba mais sobre os recursos do Cash Noire, RTP e muito mais.","breadcrumb":{"@id":"https:\/\/casinoreturn.com\/pt-br\/jogo-de-caca-niqueis-cash-noire\/#breadcrumb"},"inLanguage":"pt-BR","potentialAction":[{"@type":"ReadAction","target":["https:\/\/casinoreturn.com\/pt-br\/jogo-de-caca-niqueis-cash-noire\/"]}]},{"@type":"ImageObject","inLanguage":"pt-BR","@id":"https:\/\/casinoreturn.com\/pt-br\/jogo-de-caca-niqueis-cash-noire\/#primaryimage","url":"https:\/\/casinoreturn.com\/wp-content\/uploads\/2024\/11\/Cash-noire-Slot-game.jpg","contentUrl":"https:\/\/casinoreturn.com\/wp-content\/uploads\/2024\/11\/Cash-noire-Slot-game.jpg"},{"@type":"BreadcrumbList","@id":"https:\/\/casinoreturn.com\/pt-br\/jogo-de-caca-niqueis-cash-noire\/#breadcrumb","itemListElement":[{"@type":"ListItem","position":1,"name":"Home","item":"https:\/\/casinoreturn.com\/pt-br\/lar\/"},{"@type":"ListItem","position":2,"name":"Jogo de ca\u00e7a-n\u00edqueis Cash Noire"}]},{"@type":"WebSite","@id":"https:\/\/casinoreturn.com\/#website","url":"https:\/\/casinoreturn.com\/","name":"casinoreturn","description":"","publisher":{"@id":"https:\/\/casinoreturn.com\/#organization"},"potentialAction":[{"@type":"SearchAction","target":{"@type":"EntryPoint","urlTemplate":"https:\/\/casinoreturn.com\/?s={search_term_string}"},"query-input":{"@type":"PropertyValueSpecification","valueRequired":true,"valueName":"search_term_string"}}],"inLanguage":"pt-BR"},{"@type":"Organization","@id":"https:\/\/casinoreturn.com\/#organization","name":"casinoreturn","url":"https:\/\/casinoreturn.com\/","logo":{"@type":"ImageObject","inLanguage":"pt-BR","@id":"https:\/\/casinoreturn.com\/#\/schema\/logo\/image\/","url":"https:\/\/casinoreturn.com\/wp-content\/uploads\/2024\/09\/animal-favicon.png","contentUrl":"https:\/\/casinoreturn.com\/wp-content\/uploads\/2024\/09\/animal-favicon.png","width":92,"height":92,"caption":"casinoreturn"},"image":{"@id":"https:\/\/casinoreturn.com\/#\/schema\/logo\/image\/"}}]}},"_links":{"self":[{"href":"https:\/\/casinoreturn.com\/pt-br\/wp-json\/wp\/v2\/pages\/4583","targetHints":{"allow":["GET"]}}],"collection":[{"href":"https:\/\/casinoreturn.com\/pt-br\/wp-json\/wp\/v2\/pages"}],"about":[{"href":"https:\/\/casinoreturn.com\/pt-br\/wp-json\/wp\/v2\/types\/page"}],"author":[{"embeddable":true,"href":"https:\/\/casinoreturn.com\/pt-br\/wp-json\/wp\/v2\/users\/1"}],"replies":[{"embeddable":true,"href":"https:\/\/casinoreturn.com\/pt-br\/wp-json\/wp\/v2\/comments?post=4583"}],"version-history":[{"count":1,"href":"https:\/\/casinoreturn.com\/pt-br\/wp-json\/wp\/v2\/pages\/4583\/revisions"}],"predecessor-version":[{"id":4584,"href":"https:\/\/casinoreturn.com\/pt-br\/wp-json\/wp\/v2\/pages\/4583\/revisions\/4584"}],"wp:attachment":[{"href":"https:\/\/casinoreturn.com\/pt-br\/wp-json\/wp\/v2\/media?parent=4583"}],"curies":[{"name":"wp","href":"https:\/\/api.w.org\/{rel}","templated":true}]}}