{"id":4633,"date":"2024-11-20T13:24:12","date_gmt":"2024-11-20T13:24:12","guid":{"rendered":"https:\/\/casinoreturn.com\/cassinos-de-esport\/"},"modified":"2024-12-02T14:25:37","modified_gmt":"2024-12-02T14:25:37","slug":"cassinos-de-esport","status":"publish","type":"page","link":"https:\/\/casinoreturn.com\/pt-br\/cassinos-de-esport\/","title":{"rendered":"Cassinos de eSport"},"content":{"rendered":"\t\t<div data-elementor-type=\"wp-page\" data-elementor-id=\"4633\" class=\"elementor elementor-4633\" data-elementor-post-type=\"page\">\n\t\t\t\t<div class=\"elementor-element elementor-element-fdf3628 e-con-full e-flex e-con e-parent\" data-id=\"fdf3628\" data-element_type=\"container\">\n\t\t\t\t<div class=\"elementor-element elementor-element-d39e98f elementor-widget elementor-widget-heading\" data-id=\"d39e98f\" data-element_type=\"widget\" data-widget_type=\"heading.default\">\n\t\t\t\t<div class=\"elementor-widget-container\">\n\t\t\t\t\t<h1 class=\"elementor-heading-title elementor-size-default\">Cassinos esportivos e apostas em cassinos esportivos<\/h1>\t\t\t\t<\/div>\n\t\t\t\t<\/div>\n\t\t\t\t<div class=\"elementor-element elementor-element-f722aef elementor-widget elementor-widget-image\" data-id=\"f722aef\" data-element_type=\"widget\" data-widget_type=\"image.default\">\n\t\t\t\t<div class=\"elementor-widget-container\">\n\t\t\t\t\t\t\t\t\t\t\t\t\t\t\t<img fetchpriority=\"high\" decoding=\"async\" width=\"360\" height=\"360\" src=\"https:\/\/casinoreturn.com\/wp-content\/uploads\/2024\/11\/esport-casinos.jpg\" class=\"attachment-large size-large wp-image-3671\" alt=\"esport casinos\" srcset=\"https:\/\/casinoreturn.com\/wp-content\/uploads\/2024\/11\/esport-casinos.jpg 360w, https:\/\/casinoreturn.com\/wp-content\/uploads\/2024\/11\/esport-casinos-300x300.jpg 300w, https:\/\/casinoreturn.com\/wp-content\/uploads\/2024\/11\/esport-casinos-150x150.jpg 150w\" sizes=\"(max-width: 360px) 100vw, 360px\" \/>\t\t\t\t\t\t\t\t\t\t\t\t\t\t\t<\/div>\n\t\t\t\t<\/div>\n\t\t\t\t<div class=\"elementor-element elementor-element-edb1ad6 elementor-widget elementor-widget-text-editor\" data-id=\"edb1ad6\" data-element_type=\"widget\" data-widget_type=\"text-editor.default\">\n\t\t\t\t<div class=\"elementor-widget-container\">\n\t\t\t\t\t\t\t\t\t<h3><strong>Cassinos de eSport e apostas em eSports &#8211; um mundo de aplicativos m\u00f3veis em r\u00e1pida evolu\u00e7\u00e3o  <\/strong><\/h3>\n\t\t\t\t\t\t\t\t<\/div>\n\t\t\t\t<\/div>\n\t\t\t\t<div class=\"elementor-element elementor-element-16e733a elementor-widget elementor-widget-text-editor\" data-id=\"16e733a\" data-element_type=\"widget\" data-widget_type=\"text-editor.default\">\n\t\t\t\t<div class=\"elementor-widget-container\">\n\t\t\t\t\t\t\t\t\t<p>Apostas em cassinos eSport &#8211; N\u00e3o s\u00e3o apenas um hobby e uma paix\u00e3o para a maioria de n\u00f3s, mas, ao mesmo tempo, se voc\u00ea souber bem, s\u00e3o uma \u00f3tima maneira de obter uma renda adicional.<\/p>\n<p>Nos e-sports, h\u00e1 os chamados torneios em que os melhores jogadores s\u00e3o premiados. At\u00e9 mesmo campeonatos mundiais s\u00e3o realizados regularmente nesses eSports. Isso permite que os fan\u00e1ticos por eSports apostem em seus times e jogadores favoritos on-line.  <\/p>\n<p>No artigo a seguir, voc\u00ea aprender\u00e1 tudo o que precisa saber sobre apostas em eSports, como, por exemplo, em quais jogadores voc\u00ea pode apostar nos eSports, o que voc\u00ea deve observar, etc. Conosco, voc\u00ea receber\u00e1 informa\u00e7\u00f5es exclusivas sobre o que deve prestar aten\u00e7\u00e3o. Queremos dar a voc\u00ea as dicas que impulsionar\u00e3o seu sucesso no mundo das apostas em eSports para que voc\u00ea possa ser bem-sucedido.  <\/p>\n\t\t\t\t\t\t\t\t<\/div>\n\t\t\t\t<\/div>\n\t\t\t\t<div class=\"elementor-element elementor-element-9bc958b elementor-button-success elementor-widget elementor-widget-button\" data-id=\"9bc958b\" data-element_type=\"widget\" data-widget_type=\"button.default\">\n\t\t\t\t<div class=\"elementor-widget-container\">\n\t\t\t\t\t\t\t\t\t<div class=\"elementor-button-wrapper\">\n\t\t\t\t\t<a class=\"elementor-button elementor-button-link elementor-size-sm\" href=\"https:\/\/lvbet.com\/sports\/en\/esport\/\" target=\"_blank\">\n\t\t\t\t\t\t<span class=\"elementor-button-content-wrapper\">\n\t\t\t\t\t\t\t\t\t<span class=\"elementor-button-text\">Apostas no Epsort com a LVBet  <\/span>\n\t\t\t\t\t<\/span>\n\t\t\t\t\t<\/a>\n\t\t\t\t<\/div>\n\t\t\t\t\t\t\t\t<\/div>\n\t\t\t\t<\/div>\n\t\t\t\t<div class=\"elementor-element elementor-element-bcac7df elementor-widget elementor-widget-heading\" data-id=\"bcac7df\" data-element_type=\"widget\" data-widget_type=\"heading.default\">\n\t\t\t\t<div class=\"elementor-widget-container\">\n\t\t\t\t\t<h3 class=\"elementor-heading-title elementor-size-default\">O que exatamente s\u00e3o apostas em eSports?<\/h3>\t\t\t\t<\/div>\n\t\t\t\t<\/div>\n\t\t\t\t<div class=\"elementor-element elementor-element-3426893 elementor-widget elementor-widget-text-editor\" data-id=\"3426893\" data-element_type=\"widget\" data-widget_type=\"text-editor.default\">\n\t\t\t\t<div class=\"elementor-widget-container\">\n\t\t\t\t\t\t\t\t\t<p>As apostas em eSport nos cassinos de eSport fazem parte dos tipos mais recentes de apostas on-line. Nos \u00faltimos anos, o interesse nos eSports aumentou de forma constante e agora \u00e9 uma das vers\u00f5es mais populares de apostas on-line. Como resultado, o n\u00famero de provedores de apostas em eSports est\u00e1 em constante crescimento. A esta altura, voc\u00ea j\u00e1 deve conhecer algu\u00e9m que \u00e9 fan\u00e1tico por eSports ou que est\u00e1 profundamente envolvido no assunto e tem grande interesse nele.   <\/p>\n\t\t\t\t\t\t\t\t<\/div>\n\t\t\t\t<\/div>\n\t\t\t\t<div class=\"elementor-element elementor-element-c3b9f87 elementor-widget elementor-widget-button\" data-id=\"c3b9f87\" data-element_type=\"widget\" data-widget_type=\"button.default\">\n\t\t\t\t<div class=\"elementor-widget-container\">\n\t\t\t\t\t\t\t\t\t<div class=\"elementor-button-wrapper\">\n\t\t\t\t\t<a class=\"elementor-button elementor-button-link elementor-size-sm\" href=\"#\">\n\t\t\t\t\t\t<span class=\"elementor-button-content-wrapper\">\n\t\t\t\t\t\t\t\t\t<span class=\"elementor-button-text\">Apostas esportivas com o Bitkingz<\/span>\n\t\t\t\t\t<\/span>\n\t\t\t\t\t<\/a>\n\t\t\t\t<\/div>\n\t\t\t\t\t\t\t\t<\/div>\n\t\t\t\t<\/div>\n\t\t\t\t<div class=\"elementor-element elementor-element-9d858c2 elementor-widget elementor-widget-heading\" data-id=\"9d858c2\" data-element_type=\"widget\" data-widget_type=\"heading.default\">\n\t\t\t\t<div class=\"elementor-widget-container\">\n\t\t\t\t\t<h3 class=\"elementor-heading-title elementor-size-default\">Quais jogos est\u00e3o dispon\u00edveis nos eSports?<\/h3>\t\t\t\t<\/div>\n\t\t\t\t<\/div>\n\t\t\t\t<div class=\"elementor-element elementor-element-7ba9fd5 elementor-widget elementor-widget-text-editor\" data-id=\"7ba9fd5\" data-element_type=\"widget\" data-widget_type=\"text-editor.default\">\n\t\t\t\t<div class=\"elementor-widget-container\">\n\t\t\t\t\t\t\t\t\t<p>AS APOSTAS EM CS: GO \u00e9 um dos jogos mais populares nas <strong>apostas em<\/strong> eSports. No entanto, isso muda constantemente devido ao crescimento exponencial e ao aumento constante da concorr\u00eancia. Novos jogos, como o g\u00eanero Battle-Royale, incluindo Fortnite e PUBG, est\u00e3o sendo adicionados continuamente. Os jogos MOBA tamb\u00e9m mantiveram seu glamour e cativaram os jogadores. Assim, LoL e DotA ainda recebem boas cr\u00edticas.    <\/p>\n<p><strong>Counterstrike Global Offensive,<\/strong> ou<strong> CSGO<\/strong>, \u00e9 um jogo de tiro desenvolvido pela Valve e pela Hidden Path Entertainment. O jogo \u00e9 um dos jogos multijogador. Voc\u00ea pode jogar o jogo no Windows, OS X, Xbox 360 e PlayStation 3. O jogo foi desenvolvido em 2012.   <\/p>\n<p><strong>A Epic Games lan\u00e7ou e desenvolveu o Fortnite em 2017<\/strong>. O videogame on-line inclui elementos de sobreviv\u00eancia de tiro cooperativo e est\u00e1 dispon\u00edvel para Windows, Mac OS, Nintendo Switch, PlayStation 4, PlayStation 5, Xbox One, Xbox Series X e Android. <\/p>\n<p>Nosso \u00faltimo exemplo \u00e9 o jogo <strong>LoL-League of Legends<\/strong>, que foi desenvolvido e publicado pela Riot Games. Esse jogo \u00e9 um jogo multijogador on-line que ocorre em uma arena de batalha e est\u00e1 dispon\u00edvel nos softwares Windows e Mac OS. <\/p>\n\t\t\t\t\t\t\t\t<\/div>\n\t\t\t\t<\/div>\n\t\t\t\t<\/div>\n\t\t<div class=\"elementor-element elementor-element-22f6be3 e-con-full e-flex e-con e-parent\" data-id=\"22f6be3\" data-element_type=\"container\">\n\t\t\t\t<div class=\"elementor-element elementor-element-78d5df1 elementor-widget elementor-widget-heading\" data-id=\"78d5df1\" data-element_type=\"widget\" data-widget_type=\"heading.default\">\n\t\t\t\t<div class=\"elementor-widget-container\">\n\t\t\t\t\t<h3 class=\"elementor-heading-title elementor-size-default\">Apostas em eSports versus apostas em esportes?<\/h3>\t\t\t\t<\/div>\n\t\t\t\t<\/div>\n\t\t\t\t<div class=\"elementor-element elementor-element-007718b elementor-widget elementor-widget-text-editor\" data-id=\"007718b\" data-element_type=\"widget\" data-widget_type=\"text-editor.default\">\n\t\t\t\t<div class=\"elementor-widget-container\">\n\t\t\t\t\t\t\t\t\t<p>Se voc\u00ea comparar as apostas em eSports com outras apostas esportivas populares, esses dois tipos de apostas parecem muito semelhantes \u00e0 primeira vista. Ambos est\u00e3o relacionados a um esporte espec\u00edfico, mas voc\u00ea deve aprender mais sobre o g\u00eanero antes de come\u00e7ar, pois h\u00e1 torneios, campeonatos e jogos de copa. Portanto, voc\u00ea pode pensar que n\u00e3o h\u00e1 grandes diferen\u00e7as entre eles. As apostas on-line em eSports devem ser jogadas da mesma forma que todos os outros tipos de apostas on-line, com uma poss\u00edvel pequena diferen\u00e7a no financiamento e nos provedores individuais, o que, no entanto, n\u00e3o representa uma grande diferen\u00e7a para os apostadores.   <\/p>\n\t\t\t\t\t\t\t\t<\/div>\n\t\t\t\t<\/div>\n\t\t\t\t<div class=\"elementor-element elementor-element-049f4af elementor-widget elementor-widget-heading\" data-id=\"049f4af\" data-element_type=\"widget\" data-widget_type=\"heading.default\">\n\t\t\t\t<div class=\"elementor-widget-container\">\n\t\t\t\t\t<h3 class=\"elementor-heading-title elementor-size-default\">Os jogos mais famosos em que voc\u00ea pode apostar<\/h3>\t\t\t\t<\/div>\n\t\t\t\t<\/div>\n\t\t\t\t<\/div>\n\t\t<div class=\"elementor-element elementor-element-4257928 e-con-full e-flex e-con e-parent\" data-id=\"4257928\" data-element_type=\"container\">\n\t\t\t\t<div class=\"elementor-element elementor-element-0a1e3a9 elementor-widget elementor-widget-text-editor\" data-id=\"0a1e3a9\" data-element_type=\"widget\" data-widget_type=\"text-editor.default\">\n\t\t\t\t<div class=\"elementor-widget-container\">\n\t\t\t\t\t\t\t\t\t<p>No pr\u00f3ximo artigo, voc\u00ea poder\u00e1 saber um pouco mais sobre seus dois jogos de eSports favoritos. Tentamos restringir nossa sele\u00e7\u00e3o para facilitar a decis\u00e3o de voc\u00eas. Portanto, vamos nos referir aos jogos CS: GO e LoL. Voc\u00ea j\u00e1 recebeu os principais dados t\u00e9cnicos do jogo, portanto, agora podemos entrar em informa\u00e7\u00f5es mais detalhadas sobre o jogo.   <\/p>\n<p>Os pr\u00f3ximos jogos da liga, a Riot Games LCS e os Spring Playoffs da LCS permitem diferentes tipos de apostas para os jogadores. Obviamente, voc\u00ea tem v\u00e1rias op\u00e7\u00f5es, portanto, pode fazer uma aposta vencedora em qual equipe vencer\u00e1 ou em determinadas pessoas. <\/p>\n<p>Nos cassinos de eSport, voc\u00ea pode fazer apostas em diferentes eventos que podem ocorrer no jogo LoL: Qual equipe receber\u00e1 o &#8220;First Blood&#8221;? Qual equipe derrotar\u00e1 a Equipe Baron Nashor primeiro ou vencer\u00e1 o jogo com um l\u00e1pis? Al\u00e9m das apostas habituais, h\u00e1 apostas especiais dispon\u00edveis durante os principais torneios, como o Campeonato Mundial de League of Legends ou o MSI.  <\/p>\n<p>O cen\u00e1rio profissional de apostas em CS: GO \u00e9 bem conhecido e se tornou uma das empresas de apostas mais influentes do setor. As equipes de alto n\u00edvel e seus jogadores se tornaram figuras cult na comunidade, e cada vez mais torneios t\u00eam pr\u00eamios maiores do que nunca. O ESL One Cologne \u00e9 atualmente o principal t\u00f3pico para todos os f\u00e3s do CS GO. Mas, em breve, ele ser\u00e1 mudado para o FACEIT Major London, que com certeza ser\u00e1 um espet\u00e1culo. N\u00e3o h\u00e1 d\u00favida de que o jogo CS: GO \u00e9 muito dif\u00edcil, as transfer\u00eancias s\u00e3o frequentes e mut\u00e1veis, o jogo \u00e9 estressante e os resultados s\u00e3o dif\u00edceis de prever.    <\/p>\n\t\t\t\t\t\t\t\t<\/div>\n\t\t\t\t<\/div>\n\t\t\t\t<\/div>\n\t\t\t\t<\/div>\n\t\t","protected":false},"excerpt":{"rendered":"<p>Cassinos esportivos e apostas em cassinos esportivos Cassinos de eSport e apostas em eSports &#8211; um mundo de aplicativos m\u00f3veis em r\u00e1pida evolu\u00e7\u00e3o Apostas em cassinos eSport &#8211; N\u00e3o s\u00e3o apenas um hobby e uma paix\u00e3o para a maioria de n\u00f3s, mas, ao mesmo tempo, se voc\u00ea souber bem, s\u00e3o uma \u00f3tima maneira de obter [&hellip;]<\/p>\n","protected":false},"author":1,"featured_media":0,"parent":0,"menu_order":0,"comment_status":"closed","ping_status":"closed","template":"","meta":{"footnotes":""},"class_list":["post-4633","page","type-page","status-publish","hentry"],"blocksy_meta":[],"acf":[],"yoast_head":"<!-- This site is optimized with the Yoast SEO plugin v24.1 - https:\/\/yoast.com\/wordpress\/plugins\/seo\/ -->\n<title>Cassinos de eSport - casinoreturn<\/title>\n<meta name=\"description\" content=\"Os cassinos de eSport s\u00e3o uma pequena entidade pr\u00f3pria. Uma crescente comunidade m\u00f3vel de eSport com jogos fant\u00e1sticos e intera\u00e7\u00f5es sociais.\" \/>\n<meta name=\"robots\" content=\"index, follow, max-snippet:-1, max-image-preview:large, max-video-preview:-1\" \/>\n<link rel=\"canonical\" href=\"https:\/\/casinoreturn.com\/pt-br\/cassinos-de-esport\/\" \/>\n<meta property=\"og:locale\" content=\"pt_BR\" \/>\n<meta property=\"og:type\" content=\"article\" \/>\n<meta property=\"og:title\" content=\"Cassinos de eSport - casinoreturn\" \/>\n<meta property=\"og:description\" content=\"Os cassinos de eSport s\u00e3o uma pequena entidade pr\u00f3pria. Uma crescente comunidade m\u00f3vel de eSport com jogos fant\u00e1sticos e intera\u00e7\u00f5es sociais.\" \/>\n<meta property=\"og:url\" content=\"https:\/\/casinoreturn.com\/pt-br\/cassinos-de-esport\/\" \/>\n<meta property=\"og:site_name\" content=\"casinoreturn\" \/>\n<meta property=\"article:modified_time\" content=\"2024-12-02T14:25:37+00:00\" \/>\n<meta property=\"og:image\" content=\"https:\/\/casinoreturn.com\/wp-content\/uploads\/2024\/11\/esport-casinos.jpg\" \/>\n\t<meta property=\"og:image:width\" content=\"360\" \/>\n\t<meta property=\"og:image:height\" content=\"360\" \/>\n\t<meta property=\"og:image:type\" content=\"image\/jpeg\" \/>\n<meta name=\"twitter:card\" content=\"summary_large_image\" \/>\n<meta name=\"twitter:label1\" content=\"Est. tempo de leitura\" \/>\n\t<meta name=\"twitter:data1\" content=\"4 minutos\" \/>\n<script type=\"application\/ld+json\" class=\"yoast-schema-graph\">{\"@context\":\"https:\/\/schema.org\",\"@graph\":[{\"@type\":\"WebPage\",\"@id\":\"https:\/\/casinoreturn.com\/pt-br\/cassinos-de-esport\/\",\"url\":\"https:\/\/casinoreturn.com\/pt-br\/cassinos-de-esport\/\",\"name\":\"Cassinos de eSport - casinoreturn\",\"isPartOf\":{\"@id\":\"https:\/\/casinoreturn.com\/#website\"},\"primaryImageOfPage\":{\"@id\":\"https:\/\/casinoreturn.com\/pt-br\/cassinos-de-esport\/#primaryimage\"},\"image\":{\"@id\":\"https:\/\/casinoreturn.com\/pt-br\/cassinos-de-esport\/#primaryimage\"},\"thumbnailUrl\":\"https:\/\/casinoreturn.com\/wp-content\/uploads\/2024\/11\/esport-casinos.jpg\",\"datePublished\":\"2024-11-20T13:24:12+00:00\",\"dateModified\":\"2024-12-02T14:25:37+00:00\",\"description\":\"Os cassinos de eSport s\u00e3o uma pequena entidade pr\u00f3pria. Uma crescente comunidade m\u00f3vel de eSport com jogos fant\u00e1sticos e intera\u00e7\u00f5es sociais.\",\"breadcrumb\":{\"@id\":\"https:\/\/casinoreturn.com\/pt-br\/cassinos-de-esport\/#breadcrumb\"},\"inLanguage\":\"pt-BR\",\"potentialAction\":[{\"@type\":\"ReadAction\",\"target\":[\"https:\/\/casinoreturn.com\/pt-br\/cassinos-de-esport\/\"]}]},{\"@type\":\"ImageObject\",\"inLanguage\":\"pt-BR\",\"@id\":\"https:\/\/casinoreturn.com\/pt-br\/cassinos-de-esport\/#primaryimage\",\"url\":\"https:\/\/casinoreturn.com\/wp-content\/uploads\/2024\/11\/esport-casinos.jpg\",\"contentUrl\":\"https:\/\/casinoreturn.com\/wp-content\/uploads\/2024\/11\/esport-casinos.jpg\"},{\"@type\":\"BreadcrumbList\",\"@id\":\"https:\/\/casinoreturn.com\/pt-br\/cassinos-de-esport\/#breadcrumb\",\"itemListElement\":[{\"@type\":\"ListItem\",\"position\":1,\"name\":\"Home\",\"item\":\"https:\/\/casinoreturn.com\/pt-br\/lar\/\"},{\"@type\":\"ListItem\",\"position\":2,\"name\":\"Cassinos de eSport\"}]},{\"@type\":\"WebSite\",\"@id\":\"https:\/\/casinoreturn.com\/#website\",\"url\":\"https:\/\/casinoreturn.com\/\",\"name\":\"casinoreturn\",\"description\":\"\",\"publisher\":{\"@id\":\"https:\/\/casinoreturn.com\/#organization\"},\"potentialAction\":[{\"@type\":\"SearchAction\",\"target\":{\"@type\":\"EntryPoint\",\"urlTemplate\":\"https:\/\/casinoreturn.com\/?s={search_term_string}\"},\"query-input\":{\"@type\":\"PropertyValueSpecification\",\"valueRequired\":true,\"valueName\":\"search_term_string\"}}],\"inLanguage\":\"pt-BR\"},{\"@type\":\"Organization\",\"@id\":\"https:\/\/casinoreturn.com\/#organization\",\"name\":\"casinoreturn\",\"url\":\"https:\/\/casinoreturn.com\/\",\"logo\":{\"@type\":\"ImageObject\",\"inLanguage\":\"pt-BR\",\"@id\":\"https:\/\/casinoreturn.com\/#\/schema\/logo\/image\/\",\"url\":\"https:\/\/casinoreturn.com\/wp-content\/uploads\/2024\/09\/animal-favicon.png\",\"contentUrl\":\"https:\/\/casinoreturn.com\/wp-content\/uploads\/2024\/09\/animal-favicon.png\",\"width\":92,\"height\":92,\"caption\":\"casinoreturn\"},\"image\":{\"@id\":\"https:\/\/casinoreturn.com\/#\/schema\/logo\/image\/\"}}]}<\/script>\n<!-- \/ Yoast SEO plugin. -->","yoast_head_json":{"title":"Cassinos de eSport - casinoreturn","description":"Os cassinos de eSport s\u00e3o uma pequena entidade pr\u00f3pria. Uma crescente comunidade m\u00f3vel de eSport com jogos fant\u00e1sticos e intera\u00e7\u00f5es sociais.","robots":{"index":"index","follow":"follow","max-snippet":"max-snippet:-1","max-image-preview":"max-image-preview:large","max-video-preview":"max-video-preview:-1"},"canonical":"https:\/\/casinoreturn.com\/pt-br\/cassinos-de-esport\/","og_locale":"pt_BR","og_type":"article","og_title":"Cassinos de eSport - casinoreturn","og_description":"Os cassinos de eSport s\u00e3o uma pequena entidade pr\u00f3pria. Uma crescente comunidade m\u00f3vel de eSport com jogos fant\u00e1sticos e intera\u00e7\u00f5es sociais.","og_url":"https:\/\/casinoreturn.com\/pt-br\/cassinos-de-esport\/","og_site_name":"casinoreturn","article_modified_time":"2024-12-02T14:25:37+00:00","og_image":[{"width":360,"height":360,"url":"https:\/\/casinoreturn.com\/wp-content\/uploads\/2024\/11\/esport-casinos.jpg","type":"image\/jpeg"}],"twitter_card":"summary_large_image","twitter_misc":{"Est. tempo de leitura":"4 minutos"},"schema":{"@context":"https:\/\/schema.org","@graph":[{"@type":"WebPage","@id":"https:\/\/casinoreturn.com\/pt-br\/cassinos-de-esport\/","url":"https:\/\/casinoreturn.com\/pt-br\/cassinos-de-esport\/","name":"Cassinos de eSport - casinoreturn","isPartOf":{"@id":"https:\/\/casinoreturn.com\/#website"},"primaryImageOfPage":{"@id":"https:\/\/casinoreturn.com\/pt-br\/cassinos-de-esport\/#primaryimage"},"image":{"@id":"https:\/\/casinoreturn.com\/pt-br\/cassinos-de-esport\/#primaryimage"},"thumbnailUrl":"https:\/\/casinoreturn.com\/wp-content\/uploads\/2024\/11\/esport-casinos.jpg","datePublished":"2024-11-20T13:24:12+00:00","dateModified":"2024-12-02T14:25:37+00:00","description":"Os cassinos de eSport s\u00e3o uma pequena entidade pr\u00f3pria. Uma crescente comunidade m\u00f3vel de eSport com jogos fant\u00e1sticos e intera\u00e7\u00f5es sociais.","breadcrumb":{"@id":"https:\/\/casinoreturn.com\/pt-br\/cassinos-de-esport\/#breadcrumb"},"inLanguage":"pt-BR","potentialAction":[{"@type":"ReadAction","target":["https:\/\/casinoreturn.com\/pt-br\/cassinos-de-esport\/"]}]},{"@type":"ImageObject","inLanguage":"pt-BR","@id":"https:\/\/casinoreturn.com\/pt-br\/cassinos-de-esport\/#primaryimage","url":"https:\/\/casinoreturn.com\/wp-content\/uploads\/2024\/11\/esport-casinos.jpg","contentUrl":"https:\/\/casinoreturn.com\/wp-content\/uploads\/2024\/11\/esport-casinos.jpg"},{"@type":"BreadcrumbList","@id":"https:\/\/casinoreturn.com\/pt-br\/cassinos-de-esport\/#breadcrumb","itemListElement":[{"@type":"ListItem","position":1,"name":"Home","item":"https:\/\/casinoreturn.com\/pt-br\/lar\/"},{"@type":"ListItem","position":2,"name":"Cassinos de eSport"}]},{"@type":"WebSite","@id":"https:\/\/casinoreturn.com\/#website","url":"https:\/\/casinoreturn.com\/","name":"casinoreturn","description":"","publisher":{"@id":"https:\/\/casinoreturn.com\/#organization"},"potentialAction":[{"@type":"SearchAction","target":{"@type":"EntryPoint","urlTemplate":"https:\/\/casinoreturn.com\/?s={search_term_string}"},"query-input":{"@type":"PropertyValueSpecification","valueRequired":true,"valueName":"search_term_string"}}],"inLanguage":"pt-BR"},{"@type":"Organization","@id":"https:\/\/casinoreturn.com\/#organization","name":"casinoreturn","url":"https:\/\/casinoreturn.com\/","logo":{"@type":"ImageObject","inLanguage":"pt-BR","@id":"https:\/\/casinoreturn.com\/#\/schema\/logo\/image\/","url":"https:\/\/casinoreturn.com\/wp-content\/uploads\/2024\/09\/animal-favicon.png","contentUrl":"https:\/\/casinoreturn.com\/wp-content\/uploads\/2024\/09\/animal-favicon.png","width":92,"height":92,"caption":"casinoreturn"},"image":{"@id":"https:\/\/casinoreturn.com\/#\/schema\/logo\/image\/"}}]}},"_links":{"self":[{"href":"https:\/\/casinoreturn.com\/pt-br\/wp-json\/wp\/v2\/pages\/4633","targetHints":{"allow":["GET"]}}],"collection":[{"href":"https:\/\/casinoreturn.com\/pt-br\/wp-json\/wp\/v2\/pages"}],"about":[{"href":"https:\/\/casinoreturn.com\/pt-br\/wp-json\/wp\/v2\/types\/page"}],"author":[{"embeddable":true,"href":"https:\/\/casinoreturn.com\/pt-br\/wp-json\/wp\/v2\/users\/1"}],"replies":[{"embeddable":true,"href":"https:\/\/casinoreturn.com\/pt-br\/wp-json\/wp\/v2\/comments?post=4633"}],"version-history":[{"count":1,"href":"https:\/\/casinoreturn.com\/pt-br\/wp-json\/wp\/v2\/pages\/4633\/revisions"}],"predecessor-version":[{"id":4634,"href":"https:\/\/casinoreturn.com\/pt-br\/wp-json\/wp\/v2\/pages\/4633\/revisions\/4634"}],"wp:attachment":[{"href":"https:\/\/casinoreturn.com\/pt-br\/wp-json\/wp\/v2\/media?parent=4633"}],"curies":[{"name":"wp","href":"https:\/\/api.w.org\/{rel}","templated":true}]}}