{"id":4658,"date":"2024-11-21T14:27:34","date_gmt":"2024-11-21T14:27:34","guid":{"rendered":"https:\/\/casinoreturn.com\/bacara-on-line\/"},"modified":"2024-12-02T18:02:10","modified_gmt":"2024-12-02T18:02:10","slug":"bacara-on-line","status":"publish","type":"page","link":"https:\/\/casinoreturn.com\/pt-br\/bacara-on-line\/","title":{"rendered":"Bacar\u00e1 on-line"},"content":{"rendered":"\t\t<div data-elementor-type=\"wp-page\" data-elementor-id=\"4658\" class=\"elementor elementor-4658\" data-elementor-post-type=\"page\">\n\t\t\t\t<div class=\"elementor-element elementor-element-54716bf e-con-full e-flex e-con e-parent\" data-id=\"54716bf\" data-element_type=\"container\">\n\t\t\t\t<div class=\"elementor-element elementor-element-e1d0de2 elementor-widget elementor-widget-image\" data-id=\"e1d0de2\" data-element_type=\"widget\" data-widget_type=\"image.default\">\n\t\t\t\t<div class=\"elementor-widget-container\">\n\t\t\t\t\t\t\t\t\t\t\t\t\t\t\t<img fetchpriority=\"high\" decoding=\"async\" width=\"376\" height=\"250\" src=\"https:\/\/casinoreturn.com\/wp-content\/uploads\/2024\/11\/Online-Baccarat.png\" class=\"attachment-large size-large wp-image-3744\" alt=\"Online Baccarat\" srcset=\"https:\/\/casinoreturn.com\/wp-content\/uploads\/2024\/11\/Online-Baccarat.png 376w, https:\/\/casinoreturn.com\/wp-content\/uploads\/2024\/11\/Online-Baccarat-300x199.png 300w\" sizes=\"(max-width: 376px) 100vw, 376px\" \/>\t\t\t\t\t\t\t\t\t\t\t\t\t\t\t<\/div>\n\t\t\t\t<\/div>\n\t\t\t\t<div class=\"elementor-element elementor-element-94a1cbc elementor-widget elementor-widget-heading\" data-id=\"94a1cbc\" data-element_type=\"widget\" data-widget_type=\"heading.default\">\n\t\t\t\t<div class=\"elementor-widget-container\">\n\t\t\t\t\t<h2 class=\"elementor-heading-title elementor-size-default\">Regras e informa\u00e7\u00f5es sobre o bacar\u00e1 on-line<\/h2>\t\t\t\t<\/div>\n\t\t\t\t<\/div>\n\t\t\t\t<div class=\"elementor-element elementor-element-0c38f38 elementor-button-success elementor-align-center elementor-widget elementor-widget-button\" data-id=\"0c38f38\" data-element_type=\"widget\" data-widget_type=\"button.default\">\n\t\t\t\t<div class=\"elementor-widget-container\">\n\t\t\t\t\t\t\t\t\t<div class=\"elementor-button-wrapper\">\n\t\t\t\t\t<a class=\"elementor-button elementor-button-link elementor-size-sm\" href=\"#\">\n\t\t\t\t\t\t<span class=\"elementor-button-content-wrapper\">\n\t\t\t\t\t\t\t\t\t<span class=\"elementor-button-text\">Jogue Bacar\u00e1 aqui  <\/span>\n\t\t\t\t\t<\/span>\n\t\t\t\t\t<\/a>\n\t\t\t\t<\/div>\n\t\t\t\t\t\t\t\t<\/div>\n\t\t\t\t<\/div>\n\t\t\t\t<\/div>\n\t\t<div class=\"elementor-element elementor-element-8c4d838 e-con-full e-flex e-con e-parent\" data-id=\"8c4d838\" data-element_type=\"container\">\n\t\t\t\t<div class=\"elementor-element elementor-element-e7305df elementor-widget elementor-widget-text-editor\" data-id=\"e7305df\" data-element_type=\"widget\" data-widget_type=\"text-editor.default\">\n\t\t\t\t<div class=\"elementor-widget-container\">\n\t\t\t\t\t\t\t\t\t<p>Regras do Bacar\u00e1 Online. Este artigo apresenta a voc\u00ea o popular jogo de ca\u00e7a-n\u00edqueis Baccarat Online. Acredita-se que esse jogo tenha se originado no s\u00e9culo XVI em N\u00e1poles. No entanto, desde ent\u00e3o, o jogo se espalhou por todo o mundo e \u00e9 uma das m\u00e1quinas ca\u00e7a-n\u00edqueis cl\u00e1ssicas mais populares. Especialmente na regi\u00e3o asi\u00e1tica, o jogo Bacar\u00e1 \u00e9 bem conhecido e \u00e9 um dos favoritos nos sal\u00f5es de jogos. A maioria das mesas de bacar\u00e1 pode ser encontrada em Macau.     <\/p>\n<p>A vantagem do bacar\u00e1 \u00e9 que ele \u00e9 f\u00e1cil de aprender e tem uma grande chance de vit\u00f3ria. Como voc\u00ea s\u00f3 aposta no resultado do jogo de bacar\u00e1, n\u00e3o precisa aprender estrat\u00e9gias complexas para se beneficiar de uma boa taxa de pagamento &#8211; ao contr\u00e1rio do blackjack, por exemplo, onde voc\u00ea s\u00f3 tem a oportunidade de internalizar o plano b\u00e1sico. Com o passar do tempo, muitas variantes de bacar\u00e1 de cassino on-line evolu\u00edram e, hoje, queremos apresentar apenas a variante mais popular, o &#8220;Punto Banco&#8221;, pois \u00e9, de longe, a variante mais usada por voc\u00ea.     <\/p>\n\t\t\t\t\t\t\t\t<\/div>\n\t\t\t\t<\/div>\n\t\t\t\t<div class=\"elementor-element elementor-element-4ab8244 elementor-widget elementor-widget-heading\" data-id=\"4ab8244\" data-element_type=\"widget\" data-widget_type=\"heading.default\">\n\t\t\t\t<div class=\"elementor-widget-container\">\n\t\t\t\t\t<h2 class=\"elementor-heading-title elementor-size-default\">Como voc\u00ea joga bacar\u00e1?<\/h2>\t\t\t\t<\/div>\n\t\t\t\t<\/div>\n\t\t\t\t<\/div>\n\t\t<div class=\"elementor-element elementor-element-2538271 e-con-full e-flex e-con e-parent\" data-id=\"2538271\" data-element_type=\"container\">\n\t\t\t\t<div class=\"elementor-element elementor-element-c07f515 elementor-widget elementor-widget-text-editor\" data-id=\"c07f515\" data-element_type=\"widget\" data-widget_type=\"text-editor.default\">\n\t\t\t\t<div class=\"elementor-widget-container\">\n\t\t\t\t\t\t\t\t\t<p>\u00c9 muito contundente jogar bacar\u00e1 on-line, pois esse diretor art\u00edstico torna todo o trabalho ainda maior, de modo que voc\u00ea tem de decidir, em conjunto, que pessoa esse campeonato vai colocar no c\u00e3o de agora em diante, a institui\u00e7\u00e3o financeira ou os jogadores. Os identificadores s\u00e3o um pouco enganosos, especialmente porque o jogador n\u00e3o \u00e9 um jogador de bacar\u00e1 real, mas sim um jogador virtual. Assim, por si s\u00f3, voc\u00ea pode apostar com o bacar\u00e1 para saber se uma ou outra op\u00e7\u00e3o ganha a vantagem. A \u00fanica disparidade em rela\u00e7\u00e3o \u00e0s duas partes \u00e9 o momento em que a op\u00e7\u00e3o deve ou n\u00e3o ser sorteada.   <\/p>\n<p>Para acompanhar o bacar\u00e1, voc\u00ea deve saber quanto vale esse bilhete. O especialista sempre tem o n\u00famero 1 no contexto do bacar\u00e1 &#8211; caso contr\u00e1rio, \u00e9 id\u00eantico ao blackjack, onde esse especialista tamb\u00e9m pode aceitar o n\u00famero 11. O n\u00famero 2 s\u00f3 aparece quando o 9 est\u00e1 no bacar\u00e1; no entanto, al\u00e9m disso. . o n\u00famero impresso (id\u00eantico no contexto do blackjack). As cartas de face (valete, dama, rei) valem 0 pontos no bacar\u00e1 &#8211; no blackjack, essas cartas marcam um n\u00famero de lado 10 a cada vez.      <\/p>\n\t\t\t\t\t\t\t\t<\/div>\n\t\t\t\t<\/div>\n\t\t\t\t<div class=\"elementor-element elementor-element-e180f40 elementor-widget elementor-widget-heading\" data-id=\"e180f40\" data-element_type=\"widget\" data-widget_type=\"heading.default\">\n\t\t\t\t<div class=\"elementor-widget-container\">\n\t\t\t\t\t<h3 class=\"elementor-heading-title elementor-size-default\">Probabilidades e regras do bacar\u00e1:<\/h3>\t\t\t\t<\/div>\n\t\t\t\t<\/div>\n\t\t\t\t<div class=\"elementor-element elementor-element-189f9a7 elementor-widget elementor-widget-text-editor\" data-id=\"189f9a7\" data-element_type=\"widget\" data-widget_type=\"text-editor.default\">\n\t\t\t\t<div class=\"elementor-widget-container\">\n\t\t\t\t\t\t\t\t\t<p>Vamos come\u00e7ar com as probabilidades. A probabilidade de um jogo terminar em um empate \u00e9 de 14. 12%. Se voc\u00ea estiver certo com essa aposta, sua aposta ser\u00e1 paga a 8:1 &#8211; uma quantia impressionante, em vez de desvantagem para o jogador, enquanto outras apostas t\u00eam uma chance de ganhar a longo prazo. As chances para os outros dois jogadores s\u00e3o de cerca de 50%, portanto, a banca tem uma pequena vantagem aqui. A vantagem da casa no bacar\u00e1 \u00e9 garantida apenas por uma comiss\u00e3o de 5% se a casa ganhar, caso contr\u00e1rio, o jogo seria bastante justo. A maior chance de ganhar \u00e9 definitivamente quando voc\u00ea aposta no &#8220;Banco&#8221;, pois a vantagem da casa cai para 1,06% &#8211; essa \u00e9 uma das melhores probabilidades de todos os jogos de ca\u00e7a-n\u00edqueis.       <\/p>\n<p>Vamos falar sobre as regras. O jogo geralmente come\u00e7a depois de voc\u00ea fazer as apostas, e todas as decis\u00f5es s\u00e3o tomadas de forma totalmente autom\u00e1tica para que o jogador possa acompanhar a rodada com entusiasmo. Algumas regras determinam quando um jogador recebe outra carta e quando n\u00e3o recebe. Tamb\u00e9m \u00e9 muito parecido com o procedimento do blackjack &#8211; a \u00fanica diferen\u00e7a \u00e9 que o bacar\u00e1 exige os dois jogadores. Como as regras do draw variam um pouco entre as variantes do bacar\u00e1 e n\u00e3o s\u00e3o necess\u00e1rias para que voc\u00ea entenda realmente o jogo, deixaremos as explica\u00e7\u00f5es de lado por enquanto.    <\/p>\n\t\t\t\t\t\t\t\t<\/div>\n\t\t\t\t<\/div>\n\t\t\t\t<div class=\"elementor-element elementor-element-e0a4023 elementor-widget elementor-widget-heading\" data-id=\"e0a4023\" data-element_type=\"widget\" data-widget_type=\"heading.default\">\n\t\t\t\t<div class=\"elementor-widget-container\">\n\t\t\t\t\t<h3 class=\"elementor-heading-title elementor-size-default\">Dicas de Bacar\u00e1 para iniciantes<\/h3>\t\t\t\t<\/div>\n\t\t\t\t<\/div>\n\t\t\t\t<div class=\"elementor-element elementor-element-f5ddc21 elementor-widget elementor-widget-text-editor\" data-id=\"f5ddc21\" data-element_type=\"widget\" data-widget_type=\"text-editor.default\">\n\t\t\t\t<div class=\"elementor-widget-container\">\n\t\t\t\t\t\t\t\t\t<p>Se voc\u00ea for um novato no jogo de bacar\u00e1, encontrar\u00e1 as melhores dicas e truques aqui no BestCasinoListe. com. <\/p>\n<p>Voc\u00ea receber\u00e1 as melhores dicas e truques quando estiver sentado \u00e0 mesa de bacar\u00e1 e, inicialmente, far\u00e1 uma pequena aposta m\u00ednima para evitar grandes perdas. Voc\u00ea tamb\u00e9m pode desenvolver um sentimento em rela\u00e7\u00e3o ao bacar\u00e1 por meio da experi\u00eancia. Uma dica nossa: N\u00e3o aposte em um empate, pois \u00e9 nesse momento que as chances de voc\u00ea ganhar s\u00e3o menores. Se voc\u00ea assiste aos antigos filmes de James Bond, tamb\u00e9m pode pegar algumas dicas.   <\/p>\n\t\t\t\t\t\t\t\t<\/div>\n\t\t\t\t<\/div>\n\t\t\t\t<div class=\"elementor-element elementor-element-1a432e1 elementor-widget elementor-widget-heading\" data-id=\"1a432e1\" data-element_type=\"widget\" data-widget_type=\"heading.default\">\n\t\t\t\t<div class=\"elementor-widget-container\">\n\t\t\t\t\t<h3 class=\"elementor-heading-title elementor-size-default\">As melhores estrat\u00e9gias de bacar\u00e1:<\/h3>\t\t\t\t<\/div>\n\t\t\t\t<\/div>\n\t\t\t\t<div class=\"elementor-element elementor-element-00a0cfd elementor-widget elementor-widget-text-editor\" data-id=\"00a0cfd\" data-element_type=\"widget\" data-widget_type=\"text-editor.default\">\n\t\t\t\t<div class=\"elementor-widget-container\">\n\t\t\t\t\t\t\t\t\t<p>A idade do bacar\u00e1 levou ao desenvolvimento de estrat\u00e9gias interessantes ao longo do tempo; em particular, a facilidade de compreens\u00e3o do bacar\u00e1 e as possibilidades claras de apostas favoreceram seu desenvolvimento. Como apostar em um dos dois jogadores \u00e9 quase id\u00eantico a uma aposta 50:50, voc\u00ea pode usar praticamente qualquer estrat\u00e9gia no bacar\u00e1.<\/p>\n\t\t\t\t\t\t\t\t<\/div>\n\t\t\t\t<\/div>\n\t\t\t\t<div class=\"elementor-element elementor-element-d7ac299 elementor-widget elementor-widget-heading\" data-id=\"d7ac299\" data-element_type=\"widget\" data-widget_type=\"heading.default\">\n\t\t\t\t<div class=\"elementor-widget-container\">\n\t\t\t\t\t<h3 class=\"elementor-heading-title elementor-size-default\">Estrat\u00e9gia de Bacar\u00e1 Martingale  <\/h3>\t\t\t\t<\/div>\n\t\t\t\t<\/div>\n\t\t\t\t<div class=\"elementor-element elementor-element-c070242 elementor-widget elementor-widget-text-editor\" data-id=\"c070242\" data-element_type=\"widget\" data-widget_type=\"text-editor.default\">\n\t\t\t\t<div class=\"elementor-widget-container\">\n\t\t\t\t\t\t\t\t\t<p>Com a estrat\u00e9gia Martingale, voc\u00ea dobrar\u00e1 sua aposta a cada perda. Com essa abordagem passo a passo, voc\u00ea pode recuperar todo o dinheiro perdido de uma s\u00f3 vez se ganhar. Esse sistema \u00e9 classificado como de seguran\u00e7a m\u00e9dia e tem a desvantagem de que voc\u00ea pode precisar de grandes somas muito rapidamente para dobrar sua aposta.  <\/p>\n<p><strong>Palavras do sistema:<\/strong><\/p>\n<p>O sistema Paroli \u00e9 relativamente parecido com o sistema Martingale, com a diferen\u00e7a crucial de que aqui voc\u00ea aumenta sua aposta se ganhar, se perder uma rodada, diminui sua aposta como resultado da vit\u00f3ria, como palavras duplas. A meta de lucro n\u00e3o deve ser muito alta, caso contr\u00e1rio, voc\u00ea raramente ou nunca a alcan\u00e7ar\u00e1. Uma palavra tripla deve ser o limite m\u00e1ximo para jogadores moderados.  <\/p>\n\t\t\t\t\t\t\t\t<\/div>\n\t\t\t\t<\/div>\n\t\t\t\t<div class=\"elementor-element elementor-element-564c748 elementor-widget elementor-widget-heading\" data-id=\"564c748\" data-element_type=\"widget\" data-widget_type=\"heading.default\">\n\t\t\t\t<div class=\"elementor-widget-container\">\n\t\t\t\t\t<h3 class=\"elementor-heading-title elementor-size-default\">Sistema Baccarat D'Lamberet:<\/h3>\t\t\t\t<\/div>\n\t\t\t\t<\/div>\n\t\t\t\t<div class=\"elementor-element elementor-element-5db5e79 elementor-widget elementor-widget-text-editor\" data-id=\"5db5e79\" data-element_type=\"widget\" data-widget_type=\"text-editor.default\">\n\t\t\t\t<div class=\"elementor-widget-container\">\n\t\t\t\t\t\t\t\t\t<p>O sistema Lamberet \u00e9 considerado um dos sistemas mais seguros para jogos de azar, mas isso tamb\u00e9m significa que n\u00e3o \u00e9 poss\u00edvel obter grandes lucros rapidamente. Com esse sistema, voc\u00ea altera sua aposta mesmo ap\u00f3s cada rodada. Se ganhar, voc\u00ea aumenta a aposta em uma unidade. Se perder, voc\u00ea reduz a aposta em uma unidade, de modo que voc\u00ea tenha uma banca muito equilibrada e permane\u00e7a no jogo por um longo tempo.   <\/p>\n\t\t\t\t\t\t\t\t<\/div>\n\t\t\t\t<\/div>\n\t\t\t\t<div class=\"elementor-element elementor-element-93e79b3 elementor-widget elementor-widget-text-editor\" data-id=\"93e79b3\" data-element_type=\"widget\" data-widget_type=\"text-editor.default\">\n\t\t\t\t<div class=\"elementor-widget-container\">\n\t\t\t\t\t\t\t\t\t<p><strong>Conclus\u00e3o<\/strong>:<\/p>\n<p>Esperamos que voc\u00ea tenha gostado do nosso artigo sobre bacar\u00e1 e que agora tenha entendido os conceitos b\u00e1sicos do jogo. Confie em n\u00f3s, n\u00e3o h\u00e1 jogo de ca\u00e7a-n\u00edqueis mais simples. Portanto, na pr\u00f3xima vez que voc\u00ea for \u00e0 sala de jogos, ouse usar a mesa de bacar\u00e1 e aproveite a vantagem m\u00ednima da casa, que lhe d\u00e1 a chance de obter um grande lucro. O mesmo vale para o jogo de bacar\u00e1 on-line &#8211; voc\u00ea deve experimentar o bacar\u00e1 on-line ao vivo!   <\/p>\n\t\t\t\t\t\t\t\t<\/div>\n\t\t\t\t<\/div>\n\t\t\t\t<div class=\"elementor-element elementor-element-f5f08ad elementor-button-success elementor-align-center elementor-widget elementor-widget-button\" data-id=\"f5f08ad\" data-element_type=\"widget\" data-widget_type=\"button.default\">\n\t\t\t\t<div class=\"elementor-widget-container\">\n\t\t\t\t\t\t\t\t\t<div class=\"elementor-button-wrapper\">\n\t\t\t\t\t<a class=\"elementor-button elementor-button-link elementor-size-sm\" href=\"#\">\n\t\t\t\t\t\t<span class=\"elementor-button-content-wrapper\">\n\t\t\t\t\t\t\t\t\t<span class=\"elementor-button-text\">Jogue Bacar\u00e1 aqui<\/span>\n\t\t\t\t\t<\/span>\n\t\t\t\t\t<\/a>\n\t\t\t\t<\/div>\n\t\t\t\t\t\t\t\t<\/div>\n\t\t\t\t<\/div>\n\t\t\t\t<div class=\"elementor-element elementor-element-7fe8f30 elementor-headline--style-highlight elementor-widget elementor-widget-animated-headline\" data-id=\"7fe8f30\" data-element_type=\"widget\" data-settings=\"{&quot;highlighted_text&quot;:&quot;Zinkra Casino&quot;,&quot;headline_style&quot;:&quot;highlight&quot;,&quot;marker&quot;:&quot;circle&quot;,&quot;loop&quot;:&quot;yes&quot;,&quot;highlight_animation_duration&quot;:1200,&quot;highlight_iteration_delay&quot;:8000}\" data-widget_type=\"animated-headline.default\">\n\t\t\t\t<div class=\"elementor-widget-container\">\n\t\t\t\t\t\t\t\t<a href=\"https:\/\/zinkra.com\/en\/home\" target=\"_blank\">\n\n\t\t\t\t\t<h3 class=\"elementor-headline\">\n\t\t\t\t\t<span class=\"elementor-headline-plain-text elementor-headline-text-wrapper\">Editores Top Baccarat Casino :  <\/span>\n\t\t\t\t<span class=\"elementor-headline-dynamic-wrapper elementor-headline-text-wrapper\">\n\t\t\t\t\t<span class=\"elementor-headline-dynamic-text elementor-headline-text-active\">Zinkra Casino<\/span>\n\t\t\t\t<\/span>\n\t\t\t\t<\/h3>\n\t\t<\/a>\t\t\t\t<\/div>\n\t\t\t\t<\/div>\n\t\t\t\t<\/div>\n\t\t\t\t<\/div>\n\t\t","protected":false},"excerpt":{"rendered":"<p>Regras e informa\u00e7\u00f5es sobre o bacar\u00e1 on-line Jogue Bacar\u00e1 aqui Regras do Bacar\u00e1 Online. Este artigo apresenta a voc\u00ea o popular jogo de ca\u00e7a-n\u00edqueis Baccarat Online. Acredita-se que esse jogo tenha se originado no s\u00e9culo XVI em N\u00e1poles. No entanto, desde ent\u00e3o, o jogo se espalhou por todo o mundo e \u00e9 uma das m\u00e1quinas [&hellip;]<\/p>\n","protected":false},"author":1,"featured_media":0,"parent":0,"menu_order":0,"comment_status":"closed","ping_status":"closed","template":"","meta":{"footnotes":""},"class_list":["post-4658","page","type-page","status-publish","hentry"],"blocksy_meta":[],"acf":[],"yoast_head":"<!-- This site is optimized with the Yoast SEO plugin v24.1 - https:\/\/yoast.com\/wordpress\/plugins\/seo\/ -->\n<title>Bacar\u00e1 on-line - casinoreturn<\/title>\n<meta name=\"description\" content=\"O Bacar\u00e1 on-line \u00e9 um dos jogos mais antigos que voc\u00ea conhece, origin\u00e1rio de N\u00e1poles. Leia aqui como jogar Bacar\u00e1 on-line.\" \/>\n<meta name=\"robots\" content=\"index, follow, max-snippet:-1, max-image-preview:large, max-video-preview:-1\" \/>\n<link rel=\"canonical\" href=\"https:\/\/casinoreturn.com\/pt-br\/bacara-on-line\/\" \/>\n<meta property=\"og:locale\" content=\"pt_BR\" \/>\n<meta property=\"og:type\" content=\"article\" \/>\n<meta property=\"og:title\" content=\"Bacar\u00e1 on-line - casinoreturn\" \/>\n<meta property=\"og:description\" content=\"O Bacar\u00e1 on-line \u00e9 um dos jogos mais antigos que voc\u00ea conhece, origin\u00e1rio de N\u00e1poles. Leia aqui como jogar Bacar\u00e1 on-line.\" \/>\n<meta property=\"og:url\" content=\"https:\/\/casinoreturn.com\/pt-br\/bacara-on-line\/\" \/>\n<meta property=\"og:site_name\" content=\"casinoreturn\" \/>\n<meta property=\"article:modified_time\" content=\"2024-12-02T18:02:10+00:00\" \/>\n<meta property=\"og:image\" content=\"https:\/\/casinoreturn.com\/wp-content\/uploads\/2024\/11\/Online-Baccarat.png\" \/>\n\t<meta property=\"og:image:width\" content=\"376\" \/>\n\t<meta property=\"og:image:height\" content=\"250\" \/>\n\t<meta property=\"og:image:type\" content=\"image\/png\" \/>\n<meta name=\"twitter:card\" content=\"summary_large_image\" \/>\n<meta name=\"twitter:label1\" content=\"Est. tempo de leitura\" \/>\n\t<meta name=\"twitter:data1\" content=\"6 minutos\" \/>\n<script type=\"application\/ld+json\" class=\"yoast-schema-graph\">{\"@context\":\"https:\/\/schema.org\",\"@graph\":[{\"@type\":\"WebPage\",\"@id\":\"https:\/\/casinoreturn.com\/pt-br\/bacara-on-line\/\",\"url\":\"https:\/\/casinoreturn.com\/pt-br\/bacara-on-line\/\",\"name\":\"Bacar\u00e1 on-line - casinoreturn\",\"isPartOf\":{\"@id\":\"https:\/\/casinoreturn.com\/#website\"},\"primaryImageOfPage\":{\"@id\":\"https:\/\/casinoreturn.com\/pt-br\/bacara-on-line\/#primaryimage\"},\"image\":{\"@id\":\"https:\/\/casinoreturn.com\/pt-br\/bacara-on-line\/#primaryimage\"},\"thumbnailUrl\":\"https:\/\/casinoreturn.com\/wp-content\/uploads\/2024\/11\/Online-Baccarat.png\",\"datePublished\":\"2024-11-21T14:27:34+00:00\",\"dateModified\":\"2024-12-02T18:02:10+00:00\",\"description\":\"O Bacar\u00e1 on-line \u00e9 um dos jogos mais antigos que voc\u00ea conhece, origin\u00e1rio de N\u00e1poles. Leia aqui como jogar Bacar\u00e1 on-line.\",\"breadcrumb\":{\"@id\":\"https:\/\/casinoreturn.com\/pt-br\/bacara-on-line\/#breadcrumb\"},\"inLanguage\":\"pt-BR\",\"potentialAction\":[{\"@type\":\"ReadAction\",\"target\":[\"https:\/\/casinoreturn.com\/pt-br\/bacara-on-line\/\"]}]},{\"@type\":\"ImageObject\",\"inLanguage\":\"pt-BR\",\"@id\":\"https:\/\/casinoreturn.com\/pt-br\/bacara-on-line\/#primaryimage\",\"url\":\"https:\/\/casinoreturn.com\/wp-content\/uploads\/2024\/11\/Online-Baccarat.png\",\"contentUrl\":\"https:\/\/casinoreturn.com\/wp-content\/uploads\/2024\/11\/Online-Baccarat.png\"},{\"@type\":\"BreadcrumbList\",\"@id\":\"https:\/\/casinoreturn.com\/pt-br\/bacara-on-line\/#breadcrumb\",\"itemListElement\":[{\"@type\":\"ListItem\",\"position\":1,\"name\":\"Home\",\"item\":\"https:\/\/casinoreturn.com\/pt-br\/lar\/\"},{\"@type\":\"ListItem\",\"position\":2,\"name\":\"Bacar\u00e1 on-line\"}]},{\"@type\":\"WebSite\",\"@id\":\"https:\/\/casinoreturn.com\/#website\",\"url\":\"https:\/\/casinoreturn.com\/\",\"name\":\"casinoreturn\",\"description\":\"\",\"publisher\":{\"@id\":\"https:\/\/casinoreturn.com\/#organization\"},\"potentialAction\":[{\"@type\":\"SearchAction\",\"target\":{\"@type\":\"EntryPoint\",\"urlTemplate\":\"https:\/\/casinoreturn.com\/?s={search_term_string}\"},\"query-input\":{\"@type\":\"PropertyValueSpecification\",\"valueRequired\":true,\"valueName\":\"search_term_string\"}}],\"inLanguage\":\"pt-BR\"},{\"@type\":\"Organization\",\"@id\":\"https:\/\/casinoreturn.com\/#organization\",\"name\":\"casinoreturn\",\"url\":\"https:\/\/casinoreturn.com\/\",\"logo\":{\"@type\":\"ImageObject\",\"inLanguage\":\"pt-BR\",\"@id\":\"https:\/\/casinoreturn.com\/#\/schema\/logo\/image\/\",\"url\":\"https:\/\/casinoreturn.com\/wp-content\/uploads\/2024\/09\/animal-favicon.png\",\"contentUrl\":\"https:\/\/casinoreturn.com\/wp-content\/uploads\/2024\/09\/animal-favicon.png\",\"width\":92,\"height\":92,\"caption\":\"casinoreturn\"},\"image\":{\"@id\":\"https:\/\/casinoreturn.com\/#\/schema\/logo\/image\/\"}}]}<\/script>\n<!-- \/ Yoast SEO plugin. -->","yoast_head_json":{"title":"Bacar\u00e1 on-line - casinoreturn","description":"O Bacar\u00e1 on-line \u00e9 um dos jogos mais antigos que voc\u00ea conhece, origin\u00e1rio de N\u00e1poles. Leia aqui como jogar Bacar\u00e1 on-line.","robots":{"index":"index","follow":"follow","max-snippet":"max-snippet:-1","max-image-preview":"max-image-preview:large","max-video-preview":"max-video-preview:-1"},"canonical":"https:\/\/casinoreturn.com\/pt-br\/bacara-on-line\/","og_locale":"pt_BR","og_type":"article","og_title":"Bacar\u00e1 on-line - casinoreturn","og_description":"O Bacar\u00e1 on-line \u00e9 um dos jogos mais antigos que voc\u00ea conhece, origin\u00e1rio de N\u00e1poles. Leia aqui como jogar Bacar\u00e1 on-line.","og_url":"https:\/\/casinoreturn.com\/pt-br\/bacara-on-line\/","og_site_name":"casinoreturn","article_modified_time":"2024-12-02T18:02:10+00:00","og_image":[{"width":376,"height":250,"url":"https:\/\/casinoreturn.com\/wp-content\/uploads\/2024\/11\/Online-Baccarat.png","type":"image\/png"}],"twitter_card":"summary_large_image","twitter_misc":{"Est. tempo de leitura":"6 minutos"},"schema":{"@context":"https:\/\/schema.org","@graph":[{"@type":"WebPage","@id":"https:\/\/casinoreturn.com\/pt-br\/bacara-on-line\/","url":"https:\/\/casinoreturn.com\/pt-br\/bacara-on-line\/","name":"Bacar\u00e1 on-line - casinoreturn","isPartOf":{"@id":"https:\/\/casinoreturn.com\/#website"},"primaryImageOfPage":{"@id":"https:\/\/casinoreturn.com\/pt-br\/bacara-on-line\/#primaryimage"},"image":{"@id":"https:\/\/casinoreturn.com\/pt-br\/bacara-on-line\/#primaryimage"},"thumbnailUrl":"https:\/\/casinoreturn.com\/wp-content\/uploads\/2024\/11\/Online-Baccarat.png","datePublished":"2024-11-21T14:27:34+00:00","dateModified":"2024-12-02T18:02:10+00:00","description":"O Bacar\u00e1 on-line \u00e9 um dos jogos mais antigos que voc\u00ea conhece, origin\u00e1rio de N\u00e1poles. Leia aqui como jogar Bacar\u00e1 on-line.","breadcrumb":{"@id":"https:\/\/casinoreturn.com\/pt-br\/bacara-on-line\/#breadcrumb"},"inLanguage":"pt-BR","potentialAction":[{"@type":"ReadAction","target":["https:\/\/casinoreturn.com\/pt-br\/bacara-on-line\/"]}]},{"@type":"ImageObject","inLanguage":"pt-BR","@id":"https:\/\/casinoreturn.com\/pt-br\/bacara-on-line\/#primaryimage","url":"https:\/\/casinoreturn.com\/wp-content\/uploads\/2024\/11\/Online-Baccarat.png","contentUrl":"https:\/\/casinoreturn.com\/wp-content\/uploads\/2024\/11\/Online-Baccarat.png"},{"@type":"BreadcrumbList","@id":"https:\/\/casinoreturn.com\/pt-br\/bacara-on-line\/#breadcrumb","itemListElement":[{"@type":"ListItem","position":1,"name":"Home","item":"https:\/\/casinoreturn.com\/pt-br\/lar\/"},{"@type":"ListItem","position":2,"name":"Bacar\u00e1 on-line"}]},{"@type":"WebSite","@id":"https:\/\/casinoreturn.com\/#website","url":"https:\/\/casinoreturn.com\/","name":"casinoreturn","description":"","publisher":{"@id":"https:\/\/casinoreturn.com\/#organization"},"potentialAction":[{"@type":"SearchAction","target":{"@type":"EntryPoint","urlTemplate":"https:\/\/casinoreturn.com\/?s={search_term_string}"},"query-input":{"@type":"PropertyValueSpecification","valueRequired":true,"valueName":"search_term_string"}}],"inLanguage":"pt-BR"},{"@type":"Organization","@id":"https:\/\/casinoreturn.com\/#organization","name":"casinoreturn","url":"https:\/\/casinoreturn.com\/","logo":{"@type":"ImageObject","inLanguage":"pt-BR","@id":"https:\/\/casinoreturn.com\/#\/schema\/logo\/image\/","url":"https:\/\/casinoreturn.com\/wp-content\/uploads\/2024\/09\/animal-favicon.png","contentUrl":"https:\/\/casinoreturn.com\/wp-content\/uploads\/2024\/09\/animal-favicon.png","width":92,"height":92,"caption":"casinoreturn"},"image":{"@id":"https:\/\/casinoreturn.com\/#\/schema\/logo\/image\/"}}]}},"_links":{"self":[{"href":"https:\/\/casinoreturn.com\/pt-br\/wp-json\/wp\/v2\/pages\/4658","targetHints":{"allow":["GET"]}}],"collection":[{"href":"https:\/\/casinoreturn.com\/pt-br\/wp-json\/wp\/v2\/pages"}],"about":[{"href":"https:\/\/casinoreturn.com\/pt-br\/wp-json\/wp\/v2\/types\/page"}],"author":[{"embeddable":true,"href":"https:\/\/casinoreturn.com\/pt-br\/wp-json\/wp\/v2\/users\/1"}],"replies":[{"embeddable":true,"href":"https:\/\/casinoreturn.com\/pt-br\/wp-json\/wp\/v2\/comments?post=4658"}],"version-history":[{"count":1,"href":"https:\/\/casinoreturn.com\/pt-br\/wp-json\/wp\/v2\/pages\/4658\/revisions"}],"predecessor-version":[{"id":4659,"href":"https:\/\/casinoreturn.com\/pt-br\/wp-json\/wp\/v2\/pages\/4658\/revisions\/4659"}],"wp:attachment":[{"href":"https:\/\/casinoreturn.com\/pt-br\/wp-json\/wp\/v2\/media?parent=4658"}],"curies":[{"name":"wp","href":"https:\/\/api.w.org\/{rel}","templated":true}]}}