{"id":4972,"date":"2024-11-13T14:22:59","date_gmt":"2024-11-13T14:22:59","guid":{"rendered":"https:\/\/casinoreturn.com\/cassinos-de-apostas-em-futebol-fantasia\/"},"modified":"2025-10-31T13:34:51","modified_gmt":"2025-10-31T13:34:51","slug":"cassinos-de-apostas-em-futebol-fantasia","status":"publish","type":"page","link":"https:\/\/casinoreturn.com\/pt-br\/cassinos-de-apostas-em-futebol-fantasia\/","title":{"rendered":"Cassinos de apostas em futebol fantasia"},"content":{"rendered":"\t\t<div data-elementor-type=\"wp-page\" data-elementor-id=\"4972\" class=\"elementor elementor-4972\" data-elementor-post-type=\"page\">\n\t\t\t\t<div class=\"elementor-element elementor-element-642d999 e-con-full e-flex e-con e-parent\" data-id=\"642d999\" data-element_type=\"container\">\n\t\t\t\t<div class=\"elementor-element elementor-element-d027b58 elementor-widget elementor-widget-image\" data-id=\"d027b58\" data-element_type=\"widget\" data-widget_type=\"image.default\">\n\t\t\t\t<div class=\"elementor-widget-container\">\n\t\t\t\t\t\t\t\t\t\t\t\t\t\t\t<img decoding=\"async\" src=\"https:\/\/casinoreturn.com\/wp-content\/uploads\/elementor\/thumbs\/Fantasy-Football-Casino-qx0213mld26kmw2y2bvw2cqpmcar1kh6oms60z1sr4.jpg\" title=\"Fantasy Football Casino\" alt=\"Fantasy Football Casino Betting\" loading=\"lazy\" \/>\t\t\t\t\t\t\t\t\t\t\t\t\t\t\t<\/div>\n\t\t\t\t<\/div>\n\t\t\t\t<div class=\"elementor-element elementor-element-1095682 elementor-widget elementor-widget-heading\" data-id=\"1095682\" data-element_type=\"widget\" data-widget_type=\"heading.default\">\n\t\t\t\t<div class=\"elementor-widget-container\">\n\t\t\t\t\t<h2 class=\"elementor-heading-title elementor-size-default\">Apostas em cassinos de futebol fant\u00e1stico<\/h2>\t\t\t\t<\/div>\n\t\t\t\t<\/div>\n\t\t\t\t<div class=\"elementor-element elementor-element-77d5a60 elementor-widget elementor-widget-text-editor\" data-id=\"77d5a60\" data-element_type=\"widget\" data-widget_type=\"text-editor.default\">\n\t\t\t\t<div class=\"elementor-widget-container\">\n\t\t\t\t\t\t\t\t\t<h3>O que \u00e9 o fantasy football?<\/h3>\n<p>O que exatamente \u00e9 o fantasy football? Dessa forma, voc\u00ea pode se tornar o gerente geral do seu time de futebol, onde voc\u00ea &#8211; e somente voc\u00ea &#8211; decide quais jogadores deseja. <\/p>\n<h5>Sele\u00e7\u00e3o de seus pr\u00f3prios jogadores<\/h5>\n<p>Voc\u00ea seleciona uma lista de jogadores da NFL para o seu time e usa os dados reais deles para competir com outros times selecionados de forma semelhante para determinar qual chefe tem melhor desempenho. Durante cada semana da temporada de futebol americano, o desempenho dos jogadores que voc\u00ea coloca na escala\u00e7\u00e3o inicial determina o sucesso ou o fracasso do seu time de fantasia. <\/p>\n<h5>Substitua seus jogadores<\/h5>\n<p>Voc\u00ea pode escolher jogadores substitutos que ficam no banco, trabalhar na linha livre para conseguir pe\u00e7as quentes ou tentar se livrar de um veterano antes que a roda caia em troca de um novato prestes a pegar fogo. Depois que voc\u00ea se registrar na sua biblioteca de jogos on-line, escolha primeiro a sua liga favorita e a sua primeira aposta no Fantasy Football n\u00e3o ser\u00e1 mais um obst\u00e1culo! Ao escolher uma liga, voc\u00ea tamb\u00e9m deve considerar os seguintes pontos:  <\/p>\n<h4>O que voc\u00ea deve considerar no Fantasy Football<\/h4>\n<p>H\u00e1 ligas de todos os tamanhos, e voc\u00ea pode escolher se quer participar de apenas quatro equipes ou de at\u00e9 30 equipes. Quanto menos propriet\u00e1rios, mais superestrelas voc\u00ea ter\u00e1 em cada equipe. No entanto, se a sua liga tiver muitas equipes e voc\u00ea quiser organizar uma escala\u00e7\u00e3o uma vez por semana, talvez seja necess\u00e1rio saber o nome do jogador mais pr\u00f3ximo na quarta fileira. Isso pode ser mais f\u00e1cil de mastigar do que os torcedores comuns.   <\/p>\n<h5>Liga de 12 equipes<\/h5>\n<p>Para mim, 12 \u00e9 o tamanho perfeito para a Liga de futebol do Fantasy. Dessa forma, cada equipe acabar\u00e1 tendo uma boa mistura de talentos; cada equipe n\u00e3o s\u00f3 ter\u00e1 v\u00e1rios jogadores, mas o propriet\u00e1rio tamb\u00e9m ter\u00e1 que se aprofundar no pool de jogadores para completar a lista de jogadores. No entanto, provavelmente haver\u00e1 bons jogadores se todas as listas de jogadores forem preenchidas. Assim, quando a temporada estiver em pleno andamento, os chefes poder\u00e3o melhorar seu territ\u00f3rio.   <\/p>\n\t\t\t\t\t\t\t\t<\/div>\n\t\t\t\t<\/div>\n\t\t\t\t<div class=\"elementor-element elementor-element-b8c877b elementor-widget elementor-widget-heading\" data-id=\"b8c877b\" data-element_type=\"widget\" data-widget_type=\"heading.default\">\n\t\t\t\t<div class=\"elementor-widget-container\">\n\t\t\t\t\t<h3 class=\"elementor-heading-title elementor-size-default\">Como voc\u00ea pode apostar no Fantasy Football?<\/h3>\t\t\t\t<\/div>\n\t\t\t\t<\/div>\n\t\t\t\t<div class=\"elementor-element elementor-element-65d3835 elementor-widget elementor-widget-text-editor\" data-id=\"65d3835\" data-element_type=\"widget\" data-widget_type=\"text-editor.default\">\n\t\t\t\t<div class=\"elementor-widget-container\">\n\t\t\t\t\t\t\t\t\t<p>No artigo a seguir, trataremos da quest\u00e3o de como funciona o Fantasy Football ou &#8220;Como funciona o Fantasy Football da NFL&#8221;? Ou &#8220;Como funciona o Draft do Fantasy Football&#8221;? Al\u00e9m disso, investigaremos a quest\u00e3o de at\u00e9 que ponto um propriet\u00e1rio de Fantasy \u00e9 atribu\u00eddo a um determinado jogador.  <\/p>\n<h5>Como funciona o Fantasy Draft da NFL?<\/h5>\n<p>A maioria das ligas seleciona rascunhos, em que o chefe se revezar\u00e1 para selecionar jogadores que ainda n\u00e3o foram designados para a equipe. Normalmente, o design \u00e9 feito em uma fila, com a equipe votando primeiro em uma rodada e por \u00faltimo na rodada seguinte para garantir o equil\u00edbrio da equipe. Outra forma de divulga\u00e7\u00e3o \u00e9 por meio de leil\u00f5es.<\/p>\n<h5>O que acontece em um leil\u00e3o de jogadores da equipe?<\/h5>\n<p>No formato de leil\u00e3o, todas as equipes come\u00e7am com a mesma quantia de dinheiro do fantasy e, em seguida, indicam um jogador. O lance mais alto para um determinado jogador vence, mas \u00e9 claro que o propriet\u00e1rio vencedor agora tem menos dinheiro dispon\u00edvel para fazer lances para os jogadores seguintes. Portanto, embora o leil\u00e3o permita que cada chefe cuide dos jogadores que deseja, cada chefe precisa prestar aten\u00e7\u00e3o a um or\u00e7amento razo\u00e1vel, caso contr\u00e1rio, ele poder\u00e1 ter tr\u00eas candidatos ao lado de um monte de &#8220;mato&#8221;. &#8221;  <\/p>\n\t\t\t\t\t\t\t\t<\/div>\n\t\t\t\t<\/div>\n\t\t\t\t<div class=\"elementor-element elementor-element-f39cfac elementor-widget elementor-widget-image\" data-id=\"f39cfac\" data-element_type=\"widget\" data-widget_type=\"image.default\">\n\t\t\t\t<div class=\"elementor-widget-container\">\n\t\t\t\t\t\t\t\t\t\t\t\t\t\t\t<img decoding=\"async\" src=\"https:\/\/casinoreturn.com\/wp-content\/uploads\/elementor\/thumbs\/Fantasy-Football-Betting-qx02bndcu9ujrxxwe1uggpwkyijm1f47ij8zsbghxs.jpg\" title=\"Fantasy Football Betting\" alt=\"Fantasy Football Betting\" loading=\"lazy\" \/>\t\t\t\t\t\t\t\t\t\t\t\t\t\t\t<\/div>\n\t\t\t\t<\/div>\n\t\t\t\t<div class=\"elementor-element elementor-element-9a86ccb elementor-widget elementor-widget-heading\" data-id=\"9a86ccb\" data-element_type=\"widget\" data-widget_type=\"heading.default\">\n\t\t\t\t<div class=\"elementor-widget-container\">\n\t\t\t\t\t<h3 class=\"elementor-heading-title elementor-size-default\">As melhores dicas para voc\u00ea apostar no Fantasy Football:<\/h3>\t\t\t\t<\/div>\n\t\t\t\t<\/div>\n\t\t\t\t<div class=\"elementor-element elementor-element-74ad2b2 elementor-widget elementor-widget-text-editor\" data-id=\"74ad2b2\" data-element_type=\"widget\" data-widget_type=\"text-editor.default\">\n\t\t\t\t<div class=\"elementor-widget-container\">\n\t\t\t\t\t\t\t\t\t<p>Algumas ligas t\u00eam um novo draft no in\u00edcio de cada temporada. Outras, no entanto, oferecem aos propriet\u00e1rios a op\u00e7\u00e3o de manter os jogadores em suas equipes por v\u00e1rias temporadas. <\/p>\n<h5>Hora da decis\u00e3o no Fantasy Foofball<\/h5>\n<p>Entretanto, a decis\u00e3o deve ser tomada o mais cedo poss\u00edvel, pois assim voc\u00ea saber\u00e1 se o jogador permanecer\u00e1 na equipe por muito ou pouco tempo. Independentemente do m\u00e9todo escolhido no final, voc\u00ea deve ter uma no\u00e7\u00e3o geral de como \u00e9 e como funciona um draft, e o melhor antes de inici\u00e1-lo. <\/p>\n\t\t\t\t\t\t\t\t<\/div>\n\t\t\t\t<\/div>\n\t\t\t\t<div class=\"elementor-element elementor-element-f389443 elementor-widget elementor-widget-heading\" data-id=\"f389443\" data-element_type=\"widget\" data-widget_type=\"heading.default\">\n\t\t\t\t<div class=\"elementor-widget-container\">\n\t\t\t\t\t<h3 class=\"elementor-heading-title elementor-size-default\">Quais s\u00e3o os melhores cassinos de apostas para o Fantasy Football?<\/h3>\t\t\t\t<\/div>\n\t\t\t\t<\/div>\n\t\t\t\t<div class=\"elementor-element elementor-element-44ba9f8 elementor-widget elementor-widget-text-editor\" data-id=\"44ba9f8\" data-element_type=\"widget\" data-widget_type=\"text-editor.default\">\n\t\t\t\t<div class=\"elementor-widget-container\">\n\t\t\t\t\t\t\t\t\t<ul>\n<li>Lorem ipsum dolor sit amet, consectetur adipiscing elit. Voc\u00ea pode ver o que est\u00e1 acontecendo com voc\u00ea e o que est\u00e1 acontecendo com voc\u00ea. <\/li>\n<\/ul>\n\t\t\t\t\t\t\t\t<\/div>\n\t\t\t\t<\/div>\n\t\t\t\t<\/div>\n\t\t\t\t<\/div>\n\t\t","protected":false},"excerpt":{"rendered":"<p>Apostas em cassinos de futebol fant\u00e1stico O que \u00e9 o fantasy football? O que exatamente \u00e9 o fantasy football? Dessa forma, voc\u00ea pode se tornar o gerente geral do seu time de futebol, onde voc\u00ea &#8211; e somente voc\u00ea &#8211; decide quais jogadores deseja. Sele\u00e7\u00e3o de seus pr\u00f3prios jogadores Voc\u00ea seleciona uma lista de jogadores [&hellip;]<\/p>\n","protected":false},"author":1,"featured_media":0,"parent":0,"menu_order":0,"comment_status":"closed","ping_status":"closed","template":"","meta":{"footnotes":""},"class_list":["post-4972","page","type-page","status-publish","hentry"],"blocksy_meta":[],"acf":[],"yoast_head":"<!-- This site is optimized with the Yoast SEO plugin v24.1 - https:\/\/yoast.com\/wordpress\/plugins\/seo\/ -->\n<title>Cassinos de apostas em futebol fantasia - casinoreturn<\/title>\n<meta name=\"description\" content=\"Os cassinos de apostas em futebol fant\u00e1stico n\u00e3o s\u00e3o os mais comuns. O envolvimento, a troca de resultados e a conversa sobre eles s\u00e3o fundamentais para os jogadores.\" \/>\n<meta name=\"robots\" content=\"index, follow, max-snippet:-1, max-image-preview:large, max-video-preview:-1\" \/>\n<link rel=\"canonical\" href=\"https:\/\/casinoreturn.com\/pt-br\/cassinos-de-apostas-em-futebol-fantasia\/\" \/>\n<meta property=\"og:locale\" content=\"pt_BR\" \/>\n<meta property=\"og:type\" content=\"article\" \/>\n<meta property=\"og:title\" content=\"Cassinos de apostas em futebol fantasia - casinoreturn\" \/>\n<meta property=\"og:description\" content=\"Os cassinos de apostas em futebol fant\u00e1stico n\u00e3o s\u00e3o os mais comuns. O envolvimento, a troca de resultados e a conversa sobre eles s\u00e3o fundamentais para os jogadores.\" \/>\n<meta property=\"og:url\" content=\"https:\/\/casinoreturn.com\/pt-br\/cassinos-de-apostas-em-futebol-fantasia\/\" \/>\n<meta property=\"og:site_name\" content=\"casinoreturn\" \/>\n<meta property=\"article:modified_time\" content=\"2025-10-31T13:34:51+00:00\" \/>\n<meta property=\"og:image\" content=\"https:\/\/casinoreturn.com\/wp-content\/uploads\/elementor\/thumbs\/Fantasy-Football-Casino-qx0213mld26kmw2y2bvw2cqpmcar1kh6oms60z1sr4.jpg\" \/>\n<meta name=\"twitter:card\" content=\"summary_large_image\" \/>\n<meta name=\"twitter:label1\" content=\"Est. tempo de leitura\" \/>\n\t<meta name=\"twitter:data1\" content=\"4 minutos\" \/>\n<script type=\"application\/ld+json\" class=\"yoast-schema-graph\">{\"@context\":\"https:\/\/schema.org\",\"@graph\":[{\"@type\":\"WebPage\",\"@id\":\"https:\/\/casinoreturn.com\/pt-br\/cassinos-de-apostas-em-futebol-fantasia\/\",\"url\":\"https:\/\/casinoreturn.com\/pt-br\/cassinos-de-apostas-em-futebol-fantasia\/\",\"name\":\"Cassinos de apostas em futebol fantasia - casinoreturn\",\"isPartOf\":{\"@id\":\"https:\/\/casinoreturn.com\/#website\"},\"primaryImageOfPage\":{\"@id\":\"https:\/\/casinoreturn.com\/pt-br\/cassinos-de-apostas-em-futebol-fantasia\/#primaryimage\"},\"image\":{\"@id\":\"https:\/\/casinoreturn.com\/pt-br\/cassinos-de-apostas-em-futebol-fantasia\/#primaryimage\"},\"thumbnailUrl\":\"https:\/\/casinoreturn.com\/wp-content\/uploads\/elementor\/thumbs\/Fantasy-Football-Casino-qx0213mld26kmw2y2bvw2cqpmcar1kh6oms60z1sr4.jpg\",\"datePublished\":\"2024-11-13T14:22:59+00:00\",\"dateModified\":\"2025-10-31T13:34:51+00:00\",\"description\":\"Os cassinos de apostas em futebol fant\u00e1stico n\u00e3o s\u00e3o os mais comuns. O envolvimento, a troca de resultados e a conversa sobre eles s\u00e3o fundamentais para os jogadores.\",\"breadcrumb\":{\"@id\":\"https:\/\/casinoreturn.com\/pt-br\/cassinos-de-apostas-em-futebol-fantasia\/#breadcrumb\"},\"inLanguage\":\"pt-BR\",\"potentialAction\":[{\"@type\":\"ReadAction\",\"target\":[\"https:\/\/casinoreturn.com\/pt-br\/cassinos-de-apostas-em-futebol-fantasia\/\"]}]},{\"@type\":\"ImageObject\",\"inLanguage\":\"pt-BR\",\"@id\":\"https:\/\/casinoreturn.com\/pt-br\/cassinos-de-apostas-em-futebol-fantasia\/#primaryimage\",\"url\":\"https:\/\/casinoreturn.com\/wp-content\/uploads\/elementor\/thumbs\/Fantasy-Football-Casino-qx0213mld26kmw2y2bvw2cqpmcar1kh6oms60z1sr4.jpg\",\"contentUrl\":\"https:\/\/casinoreturn.com\/wp-content\/uploads\/elementor\/thumbs\/Fantasy-Football-Casino-qx0213mld26kmw2y2bvw2cqpmcar1kh6oms60z1sr4.jpg\"},{\"@type\":\"BreadcrumbList\",\"@id\":\"https:\/\/casinoreturn.com\/pt-br\/cassinos-de-apostas-em-futebol-fantasia\/#breadcrumb\",\"itemListElement\":[{\"@type\":\"ListItem\",\"position\":1,\"name\":\"Home\",\"item\":\"https:\/\/casinoreturn.com\/pt-br\/lar\/\"},{\"@type\":\"ListItem\",\"position\":2,\"name\":\"Cassinos de apostas em futebol fantasia\"}]},{\"@type\":\"WebSite\",\"@id\":\"https:\/\/casinoreturn.com\/#website\",\"url\":\"https:\/\/casinoreturn.com\/\",\"name\":\"casinoreturn\",\"description\":\"\",\"publisher\":{\"@id\":\"https:\/\/casinoreturn.com\/#organization\"},\"potentialAction\":[{\"@type\":\"SearchAction\",\"target\":{\"@type\":\"EntryPoint\",\"urlTemplate\":\"https:\/\/casinoreturn.com\/?s={search_term_string}\"},\"query-input\":{\"@type\":\"PropertyValueSpecification\",\"valueRequired\":true,\"valueName\":\"search_term_string\"}}],\"inLanguage\":\"pt-BR\"},{\"@type\":\"Organization\",\"@id\":\"https:\/\/casinoreturn.com\/#organization\",\"name\":\"casinoreturn\",\"url\":\"https:\/\/casinoreturn.com\/\",\"logo\":{\"@type\":\"ImageObject\",\"inLanguage\":\"pt-BR\",\"@id\":\"https:\/\/casinoreturn.com\/#\/schema\/logo\/image\/\",\"url\":\"https:\/\/casinoreturn.com\/wp-content\/uploads\/2024\/09\/animal-favicon.png\",\"contentUrl\":\"https:\/\/casinoreturn.com\/wp-content\/uploads\/2024\/09\/animal-favicon.png\",\"width\":92,\"height\":92,\"caption\":\"casinoreturn\"},\"image\":{\"@id\":\"https:\/\/casinoreturn.com\/#\/schema\/logo\/image\/\"}}]}<\/script>\n<!-- \/ Yoast SEO plugin. -->","yoast_head_json":{"title":"Cassinos de apostas em futebol fantasia - casinoreturn","description":"Os cassinos de apostas em futebol fant\u00e1stico n\u00e3o s\u00e3o os mais comuns. O envolvimento, a troca de resultados e a conversa sobre eles s\u00e3o fundamentais para os jogadores.","robots":{"index":"index","follow":"follow","max-snippet":"max-snippet:-1","max-image-preview":"max-image-preview:large","max-video-preview":"max-video-preview:-1"},"canonical":"https:\/\/casinoreturn.com\/pt-br\/cassinos-de-apostas-em-futebol-fantasia\/","og_locale":"pt_BR","og_type":"article","og_title":"Cassinos de apostas em futebol fantasia - casinoreturn","og_description":"Os cassinos de apostas em futebol fant\u00e1stico n\u00e3o s\u00e3o os mais comuns. O envolvimento, a troca de resultados e a conversa sobre eles s\u00e3o fundamentais para os jogadores.","og_url":"https:\/\/casinoreturn.com\/pt-br\/cassinos-de-apostas-em-futebol-fantasia\/","og_site_name":"casinoreturn","article_modified_time":"2025-10-31T13:34:51+00:00","og_image":[{"url":"https:\/\/casinoreturn.com\/wp-content\/uploads\/elementor\/thumbs\/Fantasy-Football-Casino-qx0213mld26kmw2y2bvw2cqpmcar1kh6oms60z1sr4.jpg","type":"","width":"","height":""}],"twitter_card":"summary_large_image","twitter_misc":{"Est. tempo de leitura":"4 minutos"},"schema":{"@context":"https:\/\/schema.org","@graph":[{"@type":"WebPage","@id":"https:\/\/casinoreturn.com\/pt-br\/cassinos-de-apostas-em-futebol-fantasia\/","url":"https:\/\/casinoreturn.com\/pt-br\/cassinos-de-apostas-em-futebol-fantasia\/","name":"Cassinos de apostas em futebol fantasia - casinoreturn","isPartOf":{"@id":"https:\/\/casinoreturn.com\/#website"},"primaryImageOfPage":{"@id":"https:\/\/casinoreturn.com\/pt-br\/cassinos-de-apostas-em-futebol-fantasia\/#primaryimage"},"image":{"@id":"https:\/\/casinoreturn.com\/pt-br\/cassinos-de-apostas-em-futebol-fantasia\/#primaryimage"},"thumbnailUrl":"https:\/\/casinoreturn.com\/wp-content\/uploads\/elementor\/thumbs\/Fantasy-Football-Casino-qx0213mld26kmw2y2bvw2cqpmcar1kh6oms60z1sr4.jpg","datePublished":"2024-11-13T14:22:59+00:00","dateModified":"2025-10-31T13:34:51+00:00","description":"Os cassinos de apostas em futebol fant\u00e1stico n\u00e3o s\u00e3o os mais comuns. O envolvimento, a troca de resultados e a conversa sobre eles s\u00e3o fundamentais para os jogadores.","breadcrumb":{"@id":"https:\/\/casinoreturn.com\/pt-br\/cassinos-de-apostas-em-futebol-fantasia\/#breadcrumb"},"inLanguage":"pt-BR","potentialAction":[{"@type":"ReadAction","target":["https:\/\/casinoreturn.com\/pt-br\/cassinos-de-apostas-em-futebol-fantasia\/"]}]},{"@type":"ImageObject","inLanguage":"pt-BR","@id":"https:\/\/casinoreturn.com\/pt-br\/cassinos-de-apostas-em-futebol-fantasia\/#primaryimage","url":"https:\/\/casinoreturn.com\/wp-content\/uploads\/elementor\/thumbs\/Fantasy-Football-Casino-qx0213mld26kmw2y2bvw2cqpmcar1kh6oms60z1sr4.jpg","contentUrl":"https:\/\/casinoreturn.com\/wp-content\/uploads\/elementor\/thumbs\/Fantasy-Football-Casino-qx0213mld26kmw2y2bvw2cqpmcar1kh6oms60z1sr4.jpg"},{"@type":"BreadcrumbList","@id":"https:\/\/casinoreturn.com\/pt-br\/cassinos-de-apostas-em-futebol-fantasia\/#breadcrumb","itemListElement":[{"@type":"ListItem","position":1,"name":"Home","item":"https:\/\/casinoreturn.com\/pt-br\/lar\/"},{"@type":"ListItem","position":2,"name":"Cassinos de apostas em futebol fantasia"}]},{"@type":"WebSite","@id":"https:\/\/casinoreturn.com\/#website","url":"https:\/\/casinoreturn.com\/","name":"casinoreturn","description":"","publisher":{"@id":"https:\/\/casinoreturn.com\/#organization"},"potentialAction":[{"@type":"SearchAction","target":{"@type":"EntryPoint","urlTemplate":"https:\/\/casinoreturn.com\/?s={search_term_string}"},"query-input":{"@type":"PropertyValueSpecification","valueRequired":true,"valueName":"search_term_string"}}],"inLanguage":"pt-BR"},{"@type":"Organization","@id":"https:\/\/casinoreturn.com\/#organization","name":"casinoreturn","url":"https:\/\/casinoreturn.com\/","logo":{"@type":"ImageObject","inLanguage":"pt-BR","@id":"https:\/\/casinoreturn.com\/#\/schema\/logo\/image\/","url":"https:\/\/casinoreturn.com\/wp-content\/uploads\/2024\/09\/animal-favicon.png","contentUrl":"https:\/\/casinoreturn.com\/wp-content\/uploads\/2024\/09\/animal-favicon.png","width":92,"height":92,"caption":"casinoreturn"},"image":{"@id":"https:\/\/casinoreturn.com\/#\/schema\/logo\/image\/"}}]}},"_links":{"self":[{"href":"https:\/\/casinoreturn.com\/pt-br\/wp-json\/wp\/v2\/pages\/4972","targetHints":{"allow":["GET"]}}],"collection":[{"href":"https:\/\/casinoreturn.com\/pt-br\/wp-json\/wp\/v2\/pages"}],"about":[{"href":"https:\/\/casinoreturn.com\/pt-br\/wp-json\/wp\/v2\/types\/page"}],"author":[{"embeddable":true,"href":"https:\/\/casinoreturn.com\/pt-br\/wp-json\/wp\/v2\/users\/1"}],"replies":[{"embeddable":true,"href":"https:\/\/casinoreturn.com\/pt-br\/wp-json\/wp\/v2\/comments?post=4972"}],"version-history":[{"count":3,"href":"https:\/\/casinoreturn.com\/pt-br\/wp-json\/wp\/v2\/pages\/4972\/revisions"}],"predecessor-version":[{"id":15869,"href":"https:\/\/casinoreturn.com\/pt-br\/wp-json\/wp\/v2\/pages\/4972\/revisions\/15869"}],"wp:attachment":[{"href":"https:\/\/casinoreturn.com\/pt-br\/wp-json\/wp\/v2\/media?parent=4972"}],"curies":[{"name":"wp","href":"https:\/\/api.w.org\/{rel}","templated":true}]}}