{"id":4994,"date":"2024-11-03T10:12:19","date_gmt":"2024-11-03T10:12:19","guid":{"rendered":"https:\/\/casinoreturn.com\/futebol-americano-no-canada-para-iniciantes\/"},"modified":"2025-02-12T15:48:51","modified_gmt":"2025-02-12T15:48:51","slug":"futebol-americano-no-canada-para-iniciantes","status":"publish","type":"page","link":"https:\/\/casinoreturn.com\/pt-br\/futebol-americano-no-canada-para-iniciantes\/","title":{"rendered":"Futebol americano no Canad\u00e1 para iniciantes"},"content":{"rendered":"\t\t<div data-elementor-type=\"wp-page\" data-elementor-id=\"4994\" class=\"elementor elementor-4994\" data-elementor-post-type=\"page\">\n\t\t\t\t<div class=\"elementor-element elementor-element-192ee5b7 e-flex e-con-boxed e-con e-parent\" data-id=\"192ee5b7\" data-element_type=\"container\">\n\t\t\t\t\t<div class=\"e-con-inner\">\n\t\t\t\t<div class=\"elementor-element elementor-element-266bc16c elementor-widget elementor-widget-text-editor\" data-id=\"266bc16c\" data-element_type=\"widget\" data-widget_type=\"text-editor.default\">\n\t\t\t\t<div class=\"elementor-widget-container\">\n\t\t\t\t\t\t\t\t\t<h4 class=\"wp-block-heading\">Futebol americano do Canad\u00e1 e suas regras b\u00e1sicas.<\/h4>\n<p><strong>Mas, antes de mais nada: confira o Lucky Days Casino e sua an\u00e1lise do cassino.<\/strong> <\/p>\n<div id=\"element-384\" class=\"widget item-absolute headline \" data-at=\"headline\">\n<div class=\"contents\">\n<h1><span class=\"x_949eba9a x_7911f47e\"><span class=\"x_f2074b6c\">AT\u00c9 CAD$<\/span> 1500<span class=\"x_f2074b6c\"> EM B\u00d4NUS + 100 Rodadas Gr\u00e1tis <\/span> <\/span><\/h1>\n<p><a href=\"https:\/\/media.luckydaysaffiliates.com\/redirect.aspx?pid=13114&amp;bid=1586\" target=\"_blank\" rel=\"noopener\"><strong>Solicite seu b\u00f4nus exclusivo do Lucky Days AQUI<\/strong><\/a><\/p>\n<p>Aplicam-se os T&amp;Cs  <\/p>\n<\/div>\n<\/div>\n<p><img fetchpriority=\"high\" decoding=\"async\" class=\"size-medium wp-image-6372\" src=\"https:\/\/casinoreturn.com\/wp-content\/uploads\/2024\/12\/Lucky-Days-casino-300x300.png\" alt=\"Lucky-Days-casino\" width=\"300\" height=\"300\" srcset=\"https:\/\/casinoreturn.com\/wp-content\/uploads\/2024\/12\/Lucky-Days-casino-300x300.png 300w, https:\/\/casinoreturn.com\/wp-content\/uploads\/2024\/12\/Lucky-Days-casino-150x150.png 150w, https:\/\/casinoreturn.com\/wp-content\/uploads\/2024\/12\/Lucky-Days-casino.png 500w\" sizes=\"(max-width: 300px) 100vw, 300px\" \/><\/p>\n<h5>Quais s\u00e3o os Termos de B\u00f4nus para o B\u00f4nus do Lucky Days Casino?<\/h5>\n<p>Deposite CAD$ 20 ou mais. Apostas de 30x. Aposta m\u00e1xima de CAD$5 por aposta. Os fundos pr\u00f3prios s\u00e3o usados primeiro. 30 dias de validade. As Rodadas Gr\u00e1tis expiram ap\u00f3s 24 horas. Devem ser apostadas 25x em jogos selecionados.      <\/p>\n<h5>Quais s\u00e3o os princ\u00edpios b\u00e1sicos do futebol americano no Canad\u00e1?<\/h5>\n<p>O futebol americano \u00e9 um dos esportes mais populares no Canad\u00e1. Explicaremos como o jogo \u00e9 estruturado.<br \/>Vamos come\u00e7ar com o objetivo do jogo. O jogo tem um objetivo principal: os jogadores tentam levar a bola at\u00e9 a zona final do advers\u00e1rio para marcar pontos. Quem tiver mais pontos no final do jogo vence.   <\/p>\n<h4 class=\"wp-block-heading\">Como funciona um jogo de futebol?<\/h4>\n<p>A dura\u00e7\u00e3o de um jogo geralmente \u00e9 de 2,5 a 3 horas. Durante o jogo, uma equipe sempre tem o chamado &#8220;direito de ataque&#8221;, e a outra equipe est\u00e1 na &#8220;defesa&#8221;. &#8220;O chamado &#8220;direito de ataque&#8221; \u00e9 sempre alternado. O in\u00edcio de um jogo come\u00e7a com o lan\u00e7amento de uma moeda para determinar o iniciante. A bola do jogo \u00e9 colocada na linha do campo, e a equipe iniciante deve chut\u00e1-la para longe o m\u00e1ximo poss\u00edvel. Ap\u00f3s o primeiro chute, a equipe advers\u00e1ria tenta pegar a bola e lev\u00e1-la para longe. O ponto em que a equipe advers\u00e1ria consegue chegar com a bola tamb\u00e9m \u00e9 onde o jogo no campo come\u00e7a.<br \/>Ofensa. . . Passe. . . Corrida            <\/p>\n<h4 class=\"wp-block-heading\">Agora o jogo favorito dos americanos j\u00e1 come\u00e7ou, mas como ele continuar\u00e1?<\/h4>\n<p>A equipe que tem a bola \u00e9 chamada de atacante (ataque). Eles tentam ganhar espa\u00e7o lan\u00e7ando e correndo para os outros companheiros de jogo. Na melhor das hip\u00f3teses, isso termina na chamada zona final. Enquanto os atacantes correm com a bola de brinquedo, a equipe advers\u00e1ria deve impedir ao m\u00e1ximo que os atacantes ganhem espa\u00e7o e tentar pegar a bola. Os atacantes t\u00eam um total de quatro tentativas e devem ganhar um espa\u00e7o de dez jardas. Em caso de falha, as posi\u00e7\u00f5es s\u00e3o trocadas.     <\/p>\n<h4 class=\"wp-block-heading\">O que significa Touchdown no futebol americano?<\/h4>\n<p>Um touchdown no futebol americano do Canad\u00e1 e da NFL (EUA) \u00e9 o m\u00e9todo mais conhecido para marcar pontos no futebol americano. O touchdown d\u00e1 \u00e0 equipe um total de seis pontos. Ele \u00e9 alcan\u00e7ado quando a bola \u00e9 carregada sobre a linha de chegada da equipe advers\u00e1ria ou quando \u00e9 apanhada na chamada end zone.<br \/>Se a equipe conseguir arremessar a bola atrav\u00e9s do gol depois de um touchdown, poder\u00e1 ganhar outro ponto.<br \/>Se n\u00e3o for poss\u00edvel fazer um touchdown em determinado estado, a equipe pode sair do jogo e tentar chutar a bola para o gol. Isso traz \u00e0 tona outro ponto.   <\/p>\n<h4 class=\"wp-block-heading\">O que \u00e9 seguran\u00e7a em um jogo de futebol?<\/h4>\n<p>A seguran\u00e7a tamb\u00e9m \u00e9 um m\u00e9todo para voc\u00ea ganhar pontos durante o jogo. Para isso, a equipe de defesa, a equipe de ataque, deve derrotar a equipe de ataque em sua zona final. Nesse caso, a equipe recebe dois pontos adicionais.  <\/p>\n<h3 class=\"wp-block-heading\">Apostas em futebol americano no Canad\u00e1. O que voc\u00ea deve saber?   <\/h3>\n<h4 class=\"wp-block-heading\">O que s\u00e3o as apostas handicap e spread no futebol americano do Canad\u00e1?<\/h4>\n<p>No cassino on-line, h\u00e1 dois tipos principais de apostas no futebol americano. H\u00e1 a chamada aposta handicap ou spread betting. Esse tipo est\u00e1 entre as formas favoritas de apostas no futebol americano. Aqui, \u00e9 muito simples diferenciar uma aposta em um determinado resultado. Em outras palavras, eles apostam na diferen\u00e7a entre as especifica\u00e7\u00f5es que o provedor de apostas faz e o resultado. \u00c9 verdade: &#8220;Quanto maior a diferen\u00e7a, maiores as chances e, portanto, o ganho ou a perda&#8221;. &#8220;Encontre o melhor Bookie para <a href=\"https:\/\/casinoreturn.com\/american-football-betting-canada\/\">apostas em futebol americano no Canad\u00e1 AQUI<\/a><br \/>Portanto, o provedor de apostas define um determinado intervalo utilizando as probabilidades m\u00e1xima e m\u00ednima, que descrevem o resultado do evento esportivo no qual a aposta est\u00e1 sendo feita. O tempo especula se o resultado ser\u00e1 maior ou menor do que o intervalo definido pelo agente de apostas com base na posi\u00e7\u00e3o de sua aposta. Nenhuma aposta \u00e9 feita se a previs\u00e3o do Souffleur coincidir com a previs\u00e3o do agente de apostas. Portanto, a aposta de spread \u00e9 uma classifica\u00e7\u00e3o meteorol\u00f3gica do resultado ou evento de um evento esportivo, como a classifica\u00e7\u00e3o de um determinado n\u00famero de pontos, gols, cart\u00f5es amarelos ou faltas. Se a sua dica estiver fora da faixa do provedor de apostas, o chamado limite, ent\u00e3o d\u00ea a dica. Se as probabilidades excederem o limite definido pelo agente de apostas, o lucro e a perda ser\u00e3o calculados da seguinte forma:          <\/p>\n<h5 class=\"wp-block-heading\">Como voc\u00ea calcula a soma?<\/h5>\n<p>A soma dos itens acima = b\u00f4nus de aposta = n\u00famero de apostas (a soma das a\u00e7\u00f5es menos o limite). A soma do seguinte = perda da aposta = n\u00famero de ganhadores principais (o limite menos a soma das a\u00e7\u00f5es). Se o valor inserido estiver abaixo do alcance da casa de apostas, o c\u00e1lculo ser\u00e1 invertido: A soma dos seguintes valores: = b\u00f4nus de aposta = n\u00famero de apostas (limite inferior menos a soma da promo\u00e7\u00e3o) A soma dos seguintes = perda de aposta = n\u00famero de principais (o limite superior menos a soma da promo\u00e7\u00e3o)  <\/p>\n<h4 class=\"wp-block-heading\">Qual \u00e9 a aposta de pontua\u00e7\u00e3o geral para o American Football Canada?<\/h4>\n<p>Al\u00e9m disso, no caso do futebol americano, todas as casas de apostas conhecidas oferecem a oportunidade de apostar no resultado final do jogo em apostas altas\/baixas. N\u00e3o se trata de prever quantos pontos uma equipe marcar\u00e1, mas sim a pontua\u00e7\u00e3o total que ambos os lados marcar\u00e3o no final do jogo. Por exemplo, uma casa de apostas pode usar um limite de 49,5 pontos, e ent\u00e3o voc\u00ea ter\u00e1 de decidir se deseja obter mais ou menos pontos. Com esse tipo de aposta, as probabilidades de cada um s\u00e3o geralmente em torno de 1,90.<br \/>\u00c9 claro que, no futebol americano, voc\u00ea tamb\u00e9m pode apostar na lideran\u00e7a do time no final do jogo. As casas de apostas geralmente oferecem apostas de lideran\u00e7a diferentes para as duas equipes. Por exemplo, voc\u00ea pode apostar que o Time A vence o jogo por 1 a 6 pontos. Por exemplo, tamb\u00e9m \u00e9 poss\u00edvel colocar uma vantagem de 19 a 24 pontos para a equipe favorita. A casa de apostas estima que quanto menor for a margem de lucro da equipe, maiores ser\u00e3o as probabilidades de aposta.         <\/p>\n<h4 class=\"wp-block-heading\">Apostas em futebol americano com as melhores chances<\/h4>\n<p>Como voc\u00ea identifica as melhores probabilidades para apostas em futebol americano?<\/p>\n<p>Visite nosso site, Casinoreturn.com, hoje mesmo e encontre as melhores apostas on-line com as melhores probabilidades de apostas. N\u00f3s, como equipe da Casinoreturn, sempre tentamos encontrar os melhores provedores para que voc\u00ea tenha a melhor experi\u00eancia de jogo poss\u00edvel.<br \/>As apostas n\u00e3o s\u00e3o novidade no mundo moderno hoje em dia, mas parecem t\u00e3o populares como sempre. Seja uma aposta amig\u00e1vel, entre amigos, uma aposta no est\u00e1dio com estranhos que se tornam amigos com o cora\u00e7\u00e3o na manga, ou o que \u00e9 indispens\u00e1vel hoje em dia: on-line.<br \/>A emo\u00e7\u00e3o e a alegria s\u00e3o as mesmas. Voc\u00ea nunca fica entediado, pois sempre h\u00e1 algo novo para apostar. A oferta \u00e9 mais abundante do que h\u00e1 muito tempo, gra\u00e7as \u00e0 m\u00eddia social e \u00e0s in\u00fameras plataformas on-line nas quais voc\u00ea pode se registrar hoje em dia. O valor do entretenimento aumenta significativamente, pois o n\u00famero de plataformas aumenta n\u00e3o apenas a gama de oportunidades de apostas, mas tamb\u00e9m o n\u00famero de provedores.     <\/p>\n<h4 class=\"wp-block-heading\">Status social do futebol americano<\/h4>\n<p>Qual \u00e9 a import\u00e2ncia da NFL e da Canadian Football League?<\/p>\n<p>Esporte significa rivalidade e competi\u00e7\u00e3o, mas tamb\u00e9m amizade e alian\u00e7a. \u00c9 algo que une as pessoas, mas, por outro lado, tamb\u00e9m pode dividir opini\u00f5es. Os jogadores de eventos individuais e os resultados recordes nos fascinam desde ent\u00e3o e nos enfeiti\u00e7am.<br \/>Como um dos passatempos mais populares, o cassino on-line \u00e9 representado por uma variedade de provedores. A oferta \u00e9 muito diversificada e n\u00f3s, como equipe, estamos aqui para ajud\u00e1-lo a encontrar o seu melhor cassino on-line em meio a essa variedade.<br \/>D\u00ea uma olhada no Casinoreturn.com, no nosso Top 10, onde voc\u00ea ter\u00e1 todos os bons cassinos em um piscar de olhos. A lista dos 10 melhores cassinos mostra os melhores e mais conceituados cassinos on-line, caracterizados por excelentes ofertas de esportes e cassino.<br \/>Uma lista detalhada dos melhores provedores de apostas e ofertas de apostas para 2025 pode ser encontrada na nossa lista dos 10 melhores.<br \/>Os melhores cassinos on-line devem ter um servi\u00e7o 24 horas por dia, 7 dias por semana, no qual voc\u00ea pode entrar em contato via chat, e-mail ou telefone. Um m\u00e9todo de dep\u00f3sito e saque deve ser claramente identificado. As condi\u00e7\u00f5es claras de venda e a transpar\u00eancia tamb\u00e9m fazem parte disso. Al\u00e9m disso, voc\u00ea deve encontrar informa\u00e7\u00f5es e dicas suficientes no portal.       <\/p>\n\t\t\t\t\t\t\t\t<\/div>\n\t\t\t\t<\/div>\n\t\t\t\t\t<\/div>\n\t\t\t\t<\/div>\n\t\t\t\t<\/div>\n\t\t","protected":false},"excerpt":{"rendered":"<p>Futebol americano do Canad\u00e1 e suas regras b\u00e1sicas. Mas, antes de mais nada: confira o Lucky Days Casino e sua an\u00e1lise do cassino. AT\u00c9 CAD$ 1500 EM B\u00d4NUS + 100 Rodadas Gr\u00e1tis Solicite seu b\u00f4nus exclusivo do Lucky Days AQUI Aplicam-se os T&amp;Cs Quais s\u00e3o os Termos de B\u00f4nus para o B\u00f4nus do Lucky Days [&hellip;]<\/p>\n","protected":false},"author":1,"featured_media":0,"parent":0,"menu_order":0,"comment_status":"closed","ping_status":"closed","template":"","meta":{"footnotes":""},"class_list":["post-4994","page","type-page","status-publish","hentry"],"blocksy_meta":[],"acf":[],"yoast_head":"<!-- This site is optimized with the Yoast SEO plugin v24.1 - https:\/\/yoast.com\/wordpress\/plugins\/seo\/ -->\n<title>Futebol americano no Canad\u00e1 para iniciantes - casinoreturn<\/title>\n<meta name=\"description\" content=\"O American Football Canada para iniciantes \u00e9 o ABC essencial do futebol americano ou American Football Rules for Dummies. Sente-se e divirta-se.\" \/>\n<meta name=\"robots\" content=\"index, follow, max-snippet:-1, max-image-preview:large, max-video-preview:-1\" \/>\n<link rel=\"canonical\" href=\"https:\/\/casinoreturn.com\/pt-br\/futebol-americano-no-canada-para-iniciantes\/\" \/>\n<meta property=\"og:locale\" content=\"pt_BR\" \/>\n<meta property=\"og:type\" content=\"article\" \/>\n<meta property=\"og:title\" content=\"Futebol americano no Canad\u00e1 para iniciantes - casinoreturn\" \/>\n<meta property=\"og:description\" content=\"O American Football Canada para iniciantes \u00e9 o ABC essencial do futebol americano ou American Football Rules for Dummies. Sente-se e divirta-se.\" \/>\n<meta property=\"og:url\" content=\"https:\/\/casinoreturn.com\/pt-br\/futebol-americano-no-canada-para-iniciantes\/\" \/>\n<meta property=\"og:site_name\" content=\"casinoreturn\" \/>\n<meta property=\"article:modified_time\" content=\"2025-02-12T15:48:51+00:00\" \/>\n<meta property=\"og:image\" content=\"https:\/\/casinoreturn.com\/wp-content\/uploads\/2024\/12\/Lucky-Days-casino.png\" \/>\n\t<meta property=\"og:image:width\" content=\"500\" \/>\n\t<meta property=\"og:image:height\" content=\"500\" \/>\n\t<meta property=\"og:image:type\" content=\"image\/png\" \/>\n<meta name=\"twitter:card\" content=\"summary_large_image\" \/>\n<meta name=\"twitter:label1\" content=\"Est. tempo de leitura\" \/>\n\t<meta name=\"twitter:data1\" content=\"8 minutos\" \/>\n<script type=\"application\/ld+json\" class=\"yoast-schema-graph\">{\"@context\":\"https:\/\/schema.org\",\"@graph\":[{\"@type\":\"WebPage\",\"@id\":\"https:\/\/casinoreturn.com\/pt-br\/futebol-americano-no-canada-para-iniciantes\/\",\"url\":\"https:\/\/casinoreturn.com\/pt-br\/futebol-americano-no-canada-para-iniciantes\/\",\"name\":\"Futebol americano no Canad\u00e1 para iniciantes - casinoreturn\",\"isPartOf\":{\"@id\":\"https:\/\/casinoreturn.com\/#website\"},\"primaryImageOfPage\":{\"@id\":\"https:\/\/casinoreturn.com\/pt-br\/futebol-americano-no-canada-para-iniciantes\/#primaryimage\"},\"image\":{\"@id\":\"https:\/\/casinoreturn.com\/pt-br\/futebol-americano-no-canada-para-iniciantes\/#primaryimage\"},\"thumbnailUrl\":\"https:\/\/casinoreturn.com\/wp-content\/uploads\/2024\/12\/Lucky-Days-casino-300x300.png\",\"datePublished\":\"2024-11-03T10:12:19+00:00\",\"dateModified\":\"2025-02-12T15:48:51+00:00\",\"description\":\"O American Football Canada para iniciantes \u00e9 o ABC essencial do futebol americano ou American Football Rules for Dummies. Sente-se e divirta-se.\",\"breadcrumb\":{\"@id\":\"https:\/\/casinoreturn.com\/pt-br\/futebol-americano-no-canada-para-iniciantes\/#breadcrumb\"},\"inLanguage\":\"pt-BR\",\"potentialAction\":[{\"@type\":\"ReadAction\",\"target\":[\"https:\/\/casinoreturn.com\/pt-br\/futebol-americano-no-canada-para-iniciantes\/\"]}]},{\"@type\":\"ImageObject\",\"inLanguage\":\"pt-BR\",\"@id\":\"https:\/\/casinoreturn.com\/pt-br\/futebol-americano-no-canada-para-iniciantes\/#primaryimage\",\"url\":\"https:\/\/casinoreturn.com\/wp-content\/uploads\/2024\/12\/Lucky-Days-casino-300x300.png\",\"contentUrl\":\"https:\/\/casinoreturn.com\/wp-content\/uploads\/2024\/12\/Lucky-Days-casino-300x300.png\"},{\"@type\":\"BreadcrumbList\",\"@id\":\"https:\/\/casinoreturn.com\/pt-br\/futebol-americano-no-canada-para-iniciantes\/#breadcrumb\",\"itemListElement\":[{\"@type\":\"ListItem\",\"position\":1,\"name\":\"Home\",\"item\":\"https:\/\/casinoreturn.com\/pt-br\/lar\/\"},{\"@type\":\"ListItem\",\"position\":2,\"name\":\"Futebol americano no Canad\u00e1 para iniciantes\"}]},{\"@type\":\"WebSite\",\"@id\":\"https:\/\/casinoreturn.com\/#website\",\"url\":\"https:\/\/casinoreturn.com\/\",\"name\":\"casinoreturn\",\"description\":\"\",\"publisher\":{\"@id\":\"https:\/\/casinoreturn.com\/#organization\"},\"potentialAction\":[{\"@type\":\"SearchAction\",\"target\":{\"@type\":\"EntryPoint\",\"urlTemplate\":\"https:\/\/casinoreturn.com\/?s={search_term_string}\"},\"query-input\":{\"@type\":\"PropertyValueSpecification\",\"valueRequired\":true,\"valueName\":\"search_term_string\"}}],\"inLanguage\":\"pt-BR\"},{\"@type\":\"Organization\",\"@id\":\"https:\/\/casinoreturn.com\/#organization\",\"name\":\"casinoreturn\",\"url\":\"https:\/\/casinoreturn.com\/\",\"logo\":{\"@type\":\"ImageObject\",\"inLanguage\":\"pt-BR\",\"@id\":\"https:\/\/casinoreturn.com\/#\/schema\/logo\/image\/\",\"url\":\"https:\/\/casinoreturn.com\/wp-content\/uploads\/2024\/09\/animal-favicon.png\",\"contentUrl\":\"https:\/\/casinoreturn.com\/wp-content\/uploads\/2024\/09\/animal-favicon.png\",\"width\":92,\"height\":92,\"caption\":\"casinoreturn\"},\"image\":{\"@id\":\"https:\/\/casinoreturn.com\/#\/schema\/logo\/image\/\"}}]}<\/script>\n<!-- \/ Yoast SEO plugin. -->","yoast_head_json":{"title":"Futebol americano no Canad\u00e1 para iniciantes - casinoreturn","description":"O American Football Canada para iniciantes \u00e9 o ABC essencial do futebol americano ou American Football Rules for Dummies. Sente-se e divirta-se.","robots":{"index":"index","follow":"follow","max-snippet":"max-snippet:-1","max-image-preview":"max-image-preview:large","max-video-preview":"max-video-preview:-1"},"canonical":"https:\/\/casinoreturn.com\/pt-br\/futebol-americano-no-canada-para-iniciantes\/","og_locale":"pt_BR","og_type":"article","og_title":"Futebol americano no Canad\u00e1 para iniciantes - casinoreturn","og_description":"O American Football Canada para iniciantes \u00e9 o ABC essencial do futebol americano ou American Football Rules for Dummies. Sente-se e divirta-se.","og_url":"https:\/\/casinoreturn.com\/pt-br\/futebol-americano-no-canada-para-iniciantes\/","og_site_name":"casinoreturn","article_modified_time":"2025-02-12T15:48:51+00:00","og_image":[{"width":500,"height":500,"url":"https:\/\/casinoreturn.com\/wp-content\/uploads\/2024\/12\/Lucky-Days-casino.png","type":"image\/png"}],"twitter_card":"summary_large_image","twitter_misc":{"Est. tempo de leitura":"8 minutos"},"schema":{"@context":"https:\/\/schema.org","@graph":[{"@type":"WebPage","@id":"https:\/\/casinoreturn.com\/pt-br\/futebol-americano-no-canada-para-iniciantes\/","url":"https:\/\/casinoreturn.com\/pt-br\/futebol-americano-no-canada-para-iniciantes\/","name":"Futebol americano no Canad\u00e1 para iniciantes - casinoreturn","isPartOf":{"@id":"https:\/\/casinoreturn.com\/#website"},"primaryImageOfPage":{"@id":"https:\/\/casinoreturn.com\/pt-br\/futebol-americano-no-canada-para-iniciantes\/#primaryimage"},"image":{"@id":"https:\/\/casinoreturn.com\/pt-br\/futebol-americano-no-canada-para-iniciantes\/#primaryimage"},"thumbnailUrl":"https:\/\/casinoreturn.com\/wp-content\/uploads\/2024\/12\/Lucky-Days-casino-300x300.png","datePublished":"2024-11-03T10:12:19+00:00","dateModified":"2025-02-12T15:48:51+00:00","description":"O American Football Canada para iniciantes \u00e9 o ABC essencial do futebol americano ou American Football Rules for Dummies. Sente-se e divirta-se.","breadcrumb":{"@id":"https:\/\/casinoreturn.com\/pt-br\/futebol-americano-no-canada-para-iniciantes\/#breadcrumb"},"inLanguage":"pt-BR","potentialAction":[{"@type":"ReadAction","target":["https:\/\/casinoreturn.com\/pt-br\/futebol-americano-no-canada-para-iniciantes\/"]}]},{"@type":"ImageObject","inLanguage":"pt-BR","@id":"https:\/\/casinoreturn.com\/pt-br\/futebol-americano-no-canada-para-iniciantes\/#primaryimage","url":"https:\/\/casinoreturn.com\/wp-content\/uploads\/2024\/12\/Lucky-Days-casino-300x300.png","contentUrl":"https:\/\/casinoreturn.com\/wp-content\/uploads\/2024\/12\/Lucky-Days-casino-300x300.png"},{"@type":"BreadcrumbList","@id":"https:\/\/casinoreturn.com\/pt-br\/futebol-americano-no-canada-para-iniciantes\/#breadcrumb","itemListElement":[{"@type":"ListItem","position":1,"name":"Home","item":"https:\/\/casinoreturn.com\/pt-br\/lar\/"},{"@type":"ListItem","position":2,"name":"Futebol americano no Canad\u00e1 para iniciantes"}]},{"@type":"WebSite","@id":"https:\/\/casinoreturn.com\/#website","url":"https:\/\/casinoreturn.com\/","name":"casinoreturn","description":"","publisher":{"@id":"https:\/\/casinoreturn.com\/#organization"},"potentialAction":[{"@type":"SearchAction","target":{"@type":"EntryPoint","urlTemplate":"https:\/\/casinoreturn.com\/?s={search_term_string}"},"query-input":{"@type":"PropertyValueSpecification","valueRequired":true,"valueName":"search_term_string"}}],"inLanguage":"pt-BR"},{"@type":"Organization","@id":"https:\/\/casinoreturn.com\/#organization","name":"casinoreturn","url":"https:\/\/casinoreturn.com\/","logo":{"@type":"ImageObject","inLanguage":"pt-BR","@id":"https:\/\/casinoreturn.com\/#\/schema\/logo\/image\/","url":"https:\/\/casinoreturn.com\/wp-content\/uploads\/2024\/09\/animal-favicon.png","contentUrl":"https:\/\/casinoreturn.com\/wp-content\/uploads\/2024\/09\/animal-favicon.png","width":92,"height":92,"caption":"casinoreturn"},"image":{"@id":"https:\/\/casinoreturn.com\/#\/schema\/logo\/image\/"}}]}},"_links":{"self":[{"href":"https:\/\/casinoreturn.com\/pt-br\/wp-json\/wp\/v2\/pages\/4994","targetHints":{"allow":["GET"]}}],"collection":[{"href":"https:\/\/casinoreturn.com\/pt-br\/wp-json\/wp\/v2\/pages"}],"about":[{"href":"https:\/\/casinoreturn.com\/pt-br\/wp-json\/wp\/v2\/types\/page"}],"author":[{"embeddable":true,"href":"https:\/\/casinoreturn.com\/pt-br\/wp-json\/wp\/v2\/users\/1"}],"replies":[{"embeddable":true,"href":"https:\/\/casinoreturn.com\/pt-br\/wp-json\/wp\/v2\/comments?post=4994"}],"version-history":[{"count":2,"href":"https:\/\/casinoreturn.com\/pt-br\/wp-json\/wp\/v2\/pages\/4994\/revisions"}],"predecessor-version":[{"id":7953,"href":"https:\/\/casinoreturn.com\/pt-br\/wp-json\/wp\/v2\/pages\/4994\/revisions\/7953"}],"wp:attachment":[{"href":"https:\/\/casinoreturn.com\/pt-br\/wp-json\/wp\/v2\/media?parent=4994"}],"curies":[{"name":"wp","href":"https:\/\/api.w.org\/{rel}","templated":true}]}}