{"id":5016,"date":"2024-11-13T17:29:31","date_gmt":"2024-11-13T17:29:31","guid":{"rendered":"https:\/\/casinoreturn.com\/regras-do-keno-on-line\/"},"modified":"2024-12-04T13:40:20","modified_gmt":"2024-12-04T13:40:20","slug":"regras-do-keno-on-line","status":"publish","type":"page","link":"https:\/\/casinoreturn.com\/pt-br\/regras-do-keno-on-line\/","title":{"rendered":"Regras do Keno on-line"},"content":{"rendered":"\t\t<div data-elementor-type=\"wp-page\" data-elementor-id=\"5016\" class=\"elementor elementor-5016\" data-elementor-post-type=\"page\">\n\t\t\t\t<div class=\"elementor-element elementor-element-e950284 e-con-full e-flex e-con e-parent\" data-id=\"e950284\" data-element_type=\"container\">\n\t\t\t\t<div class=\"elementor-element elementor-element-274b4dc elementor-widget elementor-widget-image\" data-id=\"274b4dc\" data-element_type=\"widget\" data-widget_type=\"image.default\">\n\t\t\t\t<div class=\"elementor-widget-container\">\n\t\t\t\t\t\t\t\t\t\t\t\t\t\t\t<img decoding=\"async\" width=\"200\" height=\"200\" src=\"https:\/\/casinoreturn.com\/wp-content\/uploads\/2024\/11\/Online-Keno-Rules.png\" class=\"attachment-large size-large wp-image-3310\" alt=\"Online Keno Rules\" srcset=\"https:\/\/casinoreturn.com\/wp-content\/uploads\/2024\/11\/Online-Keno-Rules.png 200w, https:\/\/casinoreturn.com\/wp-content\/uploads\/2024\/11\/Online-Keno-Rules-150x150.png 150w\" sizes=\"(max-width: 200px) 100vw, 200px\" \/>\t\t\t\t\t\t\t\t\t\t\t\t\t\t\t<\/div>\n\t\t\t\t<\/div>\n\t\t\t\t<div class=\"elementor-element elementor-element-c6bc008 elementor-widget elementor-widget-heading\" data-id=\"c6bc008\" data-element_type=\"widget\" data-widget_type=\"heading.default\">\n\t\t\t\t<div class=\"elementor-widget-container\">\n\t\t\t\t\t<h2 class=\"elementor-heading-title elementor-size-default\">Regras e estrat\u00e9gias de keno on-line<\/h2>\t\t\t\t<\/div>\n\t\t\t\t<\/div>\n\t\t\t\t<div class=\"elementor-element elementor-element-04d6c59 elementor-widget elementor-widget-text-editor\" data-id=\"04d6c59\" data-element_type=\"widget\" data-widget_type=\"text-editor.default\">\n\t\t\t\t<div class=\"elementor-widget-container\">\n\t\t\t\t\t\t\t\t\t<p><strong>Regras do Keno on-line e sua hist\u00f3ria<\/strong><\/p>\n<p>O jogo Keno, criado na China, foi trazido para os Estados Unidos por imigrantes chineses no final do s\u00e9culo XIX. Originalmente, o Keno era jogado com 80 caracteres chineses, que mais tarde foram substitu\u00eddos por 80 algarismos ar\u00e1bicos nos Estados Unidos. <\/p>\n<p><strong>Cavalo de corrida chamado Keno!<\/strong><\/p>\n<p>Durante um certo tempo em Nevada, os n\u00fameros individuais foram intitulados com o nome de um cavalo de corrida. Como resultado, o jogo ficou conhecido como &#8220;Racehorse Keno&#8221;. &#8220;Em 1951, os nomes dos cavalos foram revogados. Um dos motivos foi a imposi\u00e7\u00e3o de um imposto sobre apostas fora da pista de corrida. Logicamente, os operadores da \u00e9poca n\u00e3o queriam confundir o jogo com as apostas cl\u00e1ssicas em cavalos. Hoje em dia, voc\u00ea ainda pode encontrar vest\u00edgios do jogo keno racehorse. Se voc\u00ea pesquisar sobre o assunto, perceber\u00e1 que muitos jogos ainda s\u00e3o chamados de &#8220;corridas&#8221; se voc\u00ea apostar em mais de um jogo ao mesmo tempo. \u00c9 assim que voc\u00ea compra um bilhete para mais de uma corrida.      <\/p>\n\t\t\t\t\t\t\t\t<\/div>\n\t\t\t\t<\/div>\n\t\t\t\t<div class=\"elementor-element elementor-element-c14ad00 elementor-widget elementor-widget-heading\" data-id=\"c14ad00\" data-element_type=\"widget\" data-widget_type=\"heading.default\">\n\t\t\t\t<div class=\"elementor-widget-container\">\n\t\t\t\t\t<h3 class=\"elementor-heading-title elementor-size-default\">Como voc\u00ea joga keno?<\/h3>\t\t\t\t<\/div>\n\t\t\t\t<\/div>\n\t\t\t\t<div class=\"elementor-element elementor-element-1f3affb elementor-widget elementor-widget-text-editor\" data-id=\"1f3affb\" data-element_type=\"widget\" data-widget_type=\"text-editor.default\">\n\t\t\t\t<div class=\"elementor-widget-container\">\n\t\t\t\t\t\t\t\t\t<p>O jogo \u00e9 f\u00e1cil de entender e jogar, o que o torna uma \u00f3tima oportunidade para jogadores on-line iniciantes. Ao jogar Keno, voc\u00ea pode selecionar um ou mais n\u00fameros do campo composto por 80 d\u00edgitos. O objetivo \u00e9 que um dos n\u00fameros selecionados corresponda aos n\u00fameros chamados e, assim, voc\u00ea ganhe sua aposta.  <\/p>\n<p>Hoje em dia, nas salas de jogos on-line, como a Digibet, os n\u00fameros s\u00e3o selecionados aleatoriamente usando o chamado valor RNG. Se voc\u00ea selecionar um n\u00famero corretamente e ele corresponder ao n\u00famero que voc\u00ea chamou, isso tamb\u00e9m \u00e9 chamado de &#8220;catch&#8221; no keno. <\/p>\n<p>Se voc\u00ea tiver escolhido o jogo, faz sentido escolher primeiro um jogo de fliperama on-line e depois um jogo de keno on-line. Na pr\u00f3xima etapa, selecione os n\u00fameros nos quais voc\u00ea deseja apostar e aguarde at\u00e9 que eles sejam chamados. <\/p>\n\t\t\t\t\t\t\t\t<\/div>\n\t\t\t\t<\/div>\n\t\t\t\t<div class=\"elementor-element elementor-element-8424c0b elementor-widget elementor-widget-heading\" data-id=\"8424c0b\" data-element_type=\"widget\" data-widget_type=\"heading.default\">\n\t\t\t\t<div class=\"elementor-widget-container\">\n\t\t\t\t\t<h2 class=\"elementor-heading-title elementor-size-default\">Quais s\u00e3o as chances de vit\u00f3ria no Keno?<\/h2>\t\t\t\t<\/div>\n\t\t\t\t<\/div>\n\t\t\t\t<div class=\"elementor-element elementor-element-4c6c49a elementor-widget elementor-widget-text-editor\" data-id=\"4c6c49a\" data-element_type=\"widget\" data-widget_type=\"text-editor.default\">\n\t\t\t\t<div class=\"elementor-widget-container\">\n\t\t\t\t\t\t\t\t\t<p>O Keno tamb\u00e9m \u00e9 um dos jogos cl\u00e1ssicos de azar. Isso significa que voc\u00ea pode escolher os n\u00fameros que quiser. Independentemente do n\u00famero que voc\u00ea escolher, as chances permanecem as mesmas. Um ponto interessante que pode interessar a voc\u00ea: A probabilidade de voc\u00ea ganhar todos os 20 n\u00fameros \u00e9 exatamente de 1 em 3.535.316.142.212.174.320. Os jogadores experientes sabem que, no jogo de Keno, a vantagem da casa \u00e9 muito alta, cerca de 35%. Por esse motivo, muitos jogadores tamb\u00e9m optam por outros jogos em que a loja de jogos tem uma vantagem da casa menor.     <\/p>\n\t\t\t\t\t\t\t\t<\/div>\n\t\t\t\t<\/div>\n\t\t\t\t<div class=\"elementor-element elementor-element-81cfd46 elementor-widget elementor-widget-heading\" data-id=\"81cfd46\" data-element_type=\"widget\" data-widget_type=\"heading.default\">\n\t\t\t\t<div class=\"elementor-widget-container\">\n\t\t\t\t\t<h2 class=\"elementor-heading-title elementor-size-default\">Quais s\u00e3o as chances de voc\u00ea ganhar no Keno on-line?<\/h2>\t\t\t\t<\/div>\n\t\t\t\t<\/div>\n\t\t\t\t<div class=\"elementor-element elementor-element-fa4acd0 elementor-widget elementor-widget-text-editor\" data-id=\"fa4acd0\" data-element_type=\"widget\" data-widget_type=\"text-editor.default\">\n\t\t\t\t<div class=\"elementor-widget-container\">\n\t\t\t\t\t\t\t\t\t<p>Para entender as chances de ganhar no Keno, voc\u00ea deve primeiro entender completamente a fun\u00e7\u00e3o combinat\u00f3ria. Em uma loteria, por exemplo, o jogador escolhe 6 de 49 n\u00fameros. Em seguida, a loteria sorteia 6 n\u00fameros dentre 49 e, se todos os 6 n\u00fameros coincidirem (a ordem n\u00e3o importa), o jogador ganha. Se voc\u00ea n\u00e3o souber que as chances de ganhar s\u00e3o de 1 em 13.983.816, precisar\u00e1 verificar o recurso combinador antes de continuar. No keno, a m\u00e1quina ca\u00e7a-n\u00edqueis sorteia 20 dos 80 n\u00fameros sem substitui\u00e7\u00e3o. De antem\u00e3o, os jogadores podem sortear de 1 a 15 (ou mais) n\u00fameros. &#8220;Catch&#8221; \u00e9 o n\u00famero que o jogador disca e retira da biblioteca do jogo. &#8220;Miss&#8221; \u00e9 um n\u00famero selecionado pelo jogador, que n\u00e3o \u00e9 retirado da biblioteca do jogo. Os jogadores s\u00e3o pagos com base no n\u00famero de n\u00fameros sorteados e capturados.        <\/p>\n<p>Combina\u00e7\u00f5es (80. 20) = 3.535.316.142.212.180.000 op\u00e7\u00f5es Como o cassino sorteia 20 de 80 n\u00fameros? Muitas calculadoras n\u00e3o suportam n\u00fameros t\u00e3o grandes. Para reduzir o tamanho da combina\u00e7\u00e3o, presumimos que a biblioteca do jogo sortear\u00e1 os pr\u00eamios primeiro, mas manter\u00e1 os n\u00fameros em segredo e os jogadores tentar\u00e3o combinar os n\u00fameros j\u00e1 sorteados.  <\/p>\n\t\t\t\t\t\t\t\t<\/div>\n\t\t\t\t<\/div>\n\t\t\t\t<div class=\"elementor-element elementor-element-ddd17b4 elementor-widget elementor-widget-heading\" data-id=\"ddd17b4\" data-element_type=\"widget\" data-widget_type=\"heading.default\">\n\t\t\t\t<div class=\"elementor-widget-container\">\n\t\t\t\t\t<h2 class=\"elementor-heading-title elementor-size-default\">Tipos de Keno on-line - Keno de jogo \u00fanico:<\/h2>\t\t\t\t<\/div>\n\t\t\t\t<\/div>\n\t\t\t\t<div class=\"elementor-element elementor-element-6082c88 elementor-widget elementor-widget-text-editor\" data-id=\"6082c88\" data-element_type=\"widget\" data-widget_type=\"text-editor.default\">\n\t\t\t\t<div class=\"elementor-widget-container\">\n\t\t\t\t\t\t\t\t\t<p>Jogo \u00fanico de Keno: Depois disso, voc\u00ea deve reivindicar o pr\u00eamio antes de iniciar outro jogo, caso contr\u00e1rio, poder\u00e1 perder o jogo. Nos cassinos tradicionais, voc\u00ea s\u00f3 precisa esperar cerca de cinco minutos entre o final de um jogo de keno e o in\u00edcio do pr\u00f3ximo jogo de keno. Se voc\u00ea n\u00e3o enviar seu bilhete de loteria no prazo, geralmente perder\u00e1 o pr\u00eamio. \u00c9 por isso que a biblioteca de jogos desenvolveu o Multi-Race Keno, que permite que voc\u00ea jogue mais de um jogo de keno consecutivo sem ter de se levantar no final de cada jogo. B\u00f4nus.    <\/p>\n<p>Keno com v\u00e1rias corridas\/ Probabilidade de vit\u00f3ria no Multi Keno<\/p>\n\t\t\t\t\t\t\t\t<\/div>\n\t\t\t\t<\/div>\n\t\t\t\t<div class=\"elementor-element elementor-element-90e71a5 elementor-widget elementor-widget-heading\" data-id=\"90e71a5\" data-element_type=\"widget\" data-widget_type=\"heading.default\">\n\t\t\t\t<div class=\"elementor-widget-container\">\n\t\t\t\t\t<h3 class=\"elementor-heading-title elementor-size-default\">Pagamentos de Keno<\/h3>\t\t\t\t<\/div>\n\t\t\t\t<\/div>\n\t\t\t\t<div class=\"elementor-element elementor-element-4de6a37 elementor-widget elementor-widget-text-editor\" data-id=\"4de6a37\" data-element_type=\"widget\" data-widget_type=\"text-editor.default\">\n\t\t\t\t<div class=\"elementor-widget-container\">\n\t\t\t\t\t\t\t\t\t<p>O keno de m\u00faltiplas corridas exige que voc\u00ea jogue o mesmo n\u00famero em uma s\u00e9rie de jogos consecutivos, entre 2 e 20 jogos, e (normalmente) voc\u00ea s\u00f3 pode reivindicar seus ganhos ap\u00f3s o \u00faltimo jogo da s\u00e9rie. Voc\u00ea tamb\u00e9m deve pagar o valor m\u00ednimo para cada jogo. Por exemplo, para um jogo de keno de 15 jogos, voc\u00ea deve pagar \u20ac2,30.  <\/p>\n\t\t\t\t\t\t\t\t<\/div>\n\t\t\t\t<\/div>\n\t\t\t\t<div class=\"elementor-element elementor-element-04b4d1b elementor-widget elementor-widget-heading\" data-id=\"04b4d1b\" data-element_type=\"widget\" data-widget_type=\"heading.default\">\n\t\t\t\t<div class=\"elementor-widget-container\">\n\t\t\t\t\t<h3 class=\"elementor-heading-title elementor-size-default\">Nossas dicas e truques de keno:<\/h3>\t\t\t\t<\/div>\n\t\t\t\t<\/div>\n\t\t\t\t<div class=\"elementor-element elementor-element-b3019bf elementor-widget elementor-widget-text-editor\" data-id=\"b3019bf\" data-element_type=\"widget\" data-widget_type=\"text-editor.default\">\n\t\t\t\t<div class=\"elementor-widget-container\">\n\t\t\t\t\t\t\t\t\t<p>O Keno \u00e9 um jogo de pura sorte. N\u00e3o existe uma &#8220;estrat\u00e9gia&#8221; real que melhore as chances de voc\u00ea tirar os n\u00fameros. Entretanto, voc\u00ea pode aumentar seus ganhos escolhendo menos n\u00fameros e esperando escolher uma porcentagem maior de n\u00fameros corretos de keno.  <\/p>\n<p>Para come\u00e7ar, \u00e9 uma boa ideia que voc\u00ea jogue a vers\u00e3o on-line gratuita do Keno em uma <a href=\"https:\/\/casinoreturn.com\/pt-br\/slots-de-cassino-de-demonstracao\/\">vers\u00e3o de demonstra\u00e7\u00e3o do Keno<\/a>. Dessa forma, voc\u00ea pode experimentar a biblioteca de jogos on-line e, se jogar jogos gratuitamente, poder\u00e1 experimentar diferentes variantes de keno on-line. A maioria das m\u00e1quinas ca\u00e7a-n\u00edqueis tem uma vers\u00e3o gratuita ou um modo de pr\u00e1tica. O objetivo \u00e9 permitir que os novos jogadores joguem o jogo sem precisar jogar com dinheiro real. Quando estiver familiarizado com a plataforma on-line, voc\u00ea poder\u00e1 come\u00e7ar a jogar keno com dinheiro real. Para maximizar a divers\u00e3o, lembre-se de prestar muita aten\u00e7\u00e3o ao seu saldo e nunca aposte mais do que voc\u00ea est\u00e1 disposto a perder. No Keno, voc\u00ea pode querer jogar v\u00e1rios jogos, portanto, aposte de acordo para manter a divers\u00e3o. Voc\u00ea tamb\u00e9m precisar\u00e1 verificar as diferentes ofertas de b\u00f4nus na biblioteca de jogos que podem aumentar o valor do entretenimento. O que voc\u00ea deve lembrar \u00e9 que o keno \u00e9 um jogo de azar. Para voc\u00ea, isso significa que as chances de ganhar ser\u00e3o sempre semelhantes.         <\/p>\n\t\t\t\t\t\t\t\t<\/div>\n\t\t\t\t<\/div>\n\t\t\t\t<\/div>\n\t\t\t\t<\/div>\n\t\t","protected":false},"excerpt":{"rendered":"<p>Regras e estrat\u00e9gias de keno on-line Regras do Keno on-line e sua hist\u00f3ria O jogo Keno, criado na China, foi trazido para os Estados Unidos por imigrantes chineses no final do s\u00e9culo XIX. Originalmente, o Keno era jogado com 80 caracteres chineses, que mais tarde foram substitu\u00eddos por 80 algarismos ar\u00e1bicos nos Estados Unidos. Cavalo [&hellip;]<\/p>\n","protected":false},"author":1,"featured_media":0,"parent":0,"menu_order":0,"comment_status":"closed","ping_status":"closed","template":"","meta":{"footnotes":""},"class_list":["post-5016","page","type-page","status-publish","hentry"],"blocksy_meta":[],"acf":[],"yoast_head":"<!-- This site is optimized with the Yoast SEO plugin v24.1 - https:\/\/yoast.com\/wordpress\/plugins\/seo\/ -->\n<title>Regras do Keno on-line - casinoreturn<\/title>\n<meta name=\"description\" content=\"Regras do Keno on-line e sua hist\u00f3ria. Um dos jogos mais populares dos \u00faltimos anos. Junte-se a n\u00f3s e leia mais sobre estrat\u00e9gias e estrat\u00e9gias de Keno.\" \/>\n<meta name=\"robots\" content=\"index, follow, max-snippet:-1, max-image-preview:large, max-video-preview:-1\" \/>\n<link rel=\"canonical\" href=\"https:\/\/casinoreturn.com\/pt-br\/regras-do-keno-on-line\/\" \/>\n<meta property=\"og:locale\" content=\"pt_BR\" \/>\n<meta property=\"og:type\" content=\"article\" \/>\n<meta property=\"og:title\" content=\"Regras do Keno on-line - casinoreturn\" \/>\n<meta property=\"og:description\" content=\"Regras do Keno on-line e sua hist\u00f3ria. Um dos jogos mais populares dos \u00faltimos anos. Junte-se a n\u00f3s e leia mais sobre estrat\u00e9gias e estrat\u00e9gias de Keno.\" \/>\n<meta property=\"og:url\" content=\"https:\/\/casinoreturn.com\/pt-br\/regras-do-keno-on-line\/\" \/>\n<meta property=\"og:site_name\" content=\"casinoreturn\" \/>\n<meta property=\"article:modified_time\" content=\"2024-12-04T13:40:20+00:00\" \/>\n<meta property=\"og:image\" content=\"https:\/\/casinoreturn.com\/wp-content\/uploads\/2024\/11\/Online-Keno-Rules.png\" \/>\n\t<meta property=\"og:image:width\" content=\"200\" \/>\n\t<meta property=\"og:image:height\" content=\"200\" \/>\n\t<meta property=\"og:image:type\" content=\"image\/png\" \/>\n<meta name=\"twitter:card\" content=\"summary_large_image\" \/>\n<meta name=\"twitter:label1\" content=\"Est. tempo de leitura\" \/>\n\t<meta name=\"twitter:data1\" content=\"5 minutos\" \/>\n<script type=\"application\/ld+json\" class=\"yoast-schema-graph\">{\"@context\":\"https:\/\/schema.org\",\"@graph\":[{\"@type\":\"WebPage\",\"@id\":\"https:\/\/casinoreturn.com\/pt-br\/regras-do-keno-on-line\/\",\"url\":\"https:\/\/casinoreturn.com\/pt-br\/regras-do-keno-on-line\/\",\"name\":\"Regras do Keno on-line - casinoreturn\",\"isPartOf\":{\"@id\":\"https:\/\/casinoreturn.com\/#website\"},\"primaryImageOfPage\":{\"@id\":\"https:\/\/casinoreturn.com\/pt-br\/regras-do-keno-on-line\/#primaryimage\"},\"image\":{\"@id\":\"https:\/\/casinoreturn.com\/pt-br\/regras-do-keno-on-line\/#primaryimage\"},\"thumbnailUrl\":\"https:\/\/casinoreturn.com\/wp-content\/uploads\/2024\/11\/Online-Keno-Rules.png\",\"datePublished\":\"2024-11-13T17:29:31+00:00\",\"dateModified\":\"2024-12-04T13:40:20+00:00\",\"description\":\"Regras do Keno on-line e sua hist\u00f3ria. Um dos jogos mais populares dos \u00faltimos anos. Junte-se a n\u00f3s e leia mais sobre estrat\u00e9gias e estrat\u00e9gias de Keno.\",\"breadcrumb\":{\"@id\":\"https:\/\/casinoreturn.com\/pt-br\/regras-do-keno-on-line\/#breadcrumb\"},\"inLanguage\":\"pt-BR\",\"potentialAction\":[{\"@type\":\"ReadAction\",\"target\":[\"https:\/\/casinoreturn.com\/pt-br\/regras-do-keno-on-line\/\"]}]},{\"@type\":\"ImageObject\",\"inLanguage\":\"pt-BR\",\"@id\":\"https:\/\/casinoreturn.com\/pt-br\/regras-do-keno-on-line\/#primaryimage\",\"url\":\"https:\/\/casinoreturn.com\/wp-content\/uploads\/2024\/11\/Online-Keno-Rules.png\",\"contentUrl\":\"https:\/\/casinoreturn.com\/wp-content\/uploads\/2024\/11\/Online-Keno-Rules.png\"},{\"@type\":\"BreadcrumbList\",\"@id\":\"https:\/\/casinoreturn.com\/pt-br\/regras-do-keno-on-line\/#breadcrumb\",\"itemListElement\":[{\"@type\":\"ListItem\",\"position\":1,\"name\":\"Home\",\"item\":\"https:\/\/casinoreturn.com\/pt-br\/lar\/\"},{\"@type\":\"ListItem\",\"position\":2,\"name\":\"Regras do Keno on-line\"}]},{\"@type\":\"WebSite\",\"@id\":\"https:\/\/casinoreturn.com\/#website\",\"url\":\"https:\/\/casinoreturn.com\/\",\"name\":\"casinoreturn\",\"description\":\"\",\"publisher\":{\"@id\":\"https:\/\/casinoreturn.com\/#organization\"},\"potentialAction\":[{\"@type\":\"SearchAction\",\"target\":{\"@type\":\"EntryPoint\",\"urlTemplate\":\"https:\/\/casinoreturn.com\/?s={search_term_string}\"},\"query-input\":{\"@type\":\"PropertyValueSpecification\",\"valueRequired\":true,\"valueName\":\"search_term_string\"}}],\"inLanguage\":\"pt-BR\"},{\"@type\":\"Organization\",\"@id\":\"https:\/\/casinoreturn.com\/#organization\",\"name\":\"casinoreturn\",\"url\":\"https:\/\/casinoreturn.com\/\",\"logo\":{\"@type\":\"ImageObject\",\"inLanguage\":\"pt-BR\",\"@id\":\"https:\/\/casinoreturn.com\/#\/schema\/logo\/image\/\",\"url\":\"https:\/\/casinoreturn.com\/wp-content\/uploads\/2024\/09\/animal-favicon.png\",\"contentUrl\":\"https:\/\/casinoreturn.com\/wp-content\/uploads\/2024\/09\/animal-favicon.png\",\"width\":92,\"height\":92,\"caption\":\"casinoreturn\"},\"image\":{\"@id\":\"https:\/\/casinoreturn.com\/#\/schema\/logo\/image\/\"}}]}<\/script>\n<!-- \/ Yoast SEO plugin. -->","yoast_head_json":{"title":"Regras do Keno on-line - casinoreturn","description":"Regras do Keno on-line e sua hist\u00f3ria. Um dos jogos mais populares dos \u00faltimos anos. Junte-se a n\u00f3s e leia mais sobre estrat\u00e9gias e estrat\u00e9gias de Keno.","robots":{"index":"index","follow":"follow","max-snippet":"max-snippet:-1","max-image-preview":"max-image-preview:large","max-video-preview":"max-video-preview:-1"},"canonical":"https:\/\/casinoreturn.com\/pt-br\/regras-do-keno-on-line\/","og_locale":"pt_BR","og_type":"article","og_title":"Regras do Keno on-line - casinoreturn","og_description":"Regras do Keno on-line e sua hist\u00f3ria. Um dos jogos mais populares dos \u00faltimos anos. Junte-se a n\u00f3s e leia mais sobre estrat\u00e9gias e estrat\u00e9gias de Keno.","og_url":"https:\/\/casinoreturn.com\/pt-br\/regras-do-keno-on-line\/","og_site_name":"casinoreturn","article_modified_time":"2024-12-04T13:40:20+00:00","og_image":[{"width":200,"height":200,"url":"https:\/\/casinoreturn.com\/wp-content\/uploads\/2024\/11\/Online-Keno-Rules.png","type":"image\/png"}],"twitter_card":"summary_large_image","twitter_misc":{"Est. tempo de leitura":"5 minutos"},"schema":{"@context":"https:\/\/schema.org","@graph":[{"@type":"WebPage","@id":"https:\/\/casinoreturn.com\/pt-br\/regras-do-keno-on-line\/","url":"https:\/\/casinoreturn.com\/pt-br\/regras-do-keno-on-line\/","name":"Regras do Keno on-line - casinoreturn","isPartOf":{"@id":"https:\/\/casinoreturn.com\/#website"},"primaryImageOfPage":{"@id":"https:\/\/casinoreturn.com\/pt-br\/regras-do-keno-on-line\/#primaryimage"},"image":{"@id":"https:\/\/casinoreturn.com\/pt-br\/regras-do-keno-on-line\/#primaryimage"},"thumbnailUrl":"https:\/\/casinoreturn.com\/wp-content\/uploads\/2024\/11\/Online-Keno-Rules.png","datePublished":"2024-11-13T17:29:31+00:00","dateModified":"2024-12-04T13:40:20+00:00","description":"Regras do Keno on-line e sua hist\u00f3ria. Um dos jogos mais populares dos \u00faltimos anos. Junte-se a n\u00f3s e leia mais sobre estrat\u00e9gias e estrat\u00e9gias de Keno.","breadcrumb":{"@id":"https:\/\/casinoreturn.com\/pt-br\/regras-do-keno-on-line\/#breadcrumb"},"inLanguage":"pt-BR","potentialAction":[{"@type":"ReadAction","target":["https:\/\/casinoreturn.com\/pt-br\/regras-do-keno-on-line\/"]}]},{"@type":"ImageObject","inLanguage":"pt-BR","@id":"https:\/\/casinoreturn.com\/pt-br\/regras-do-keno-on-line\/#primaryimage","url":"https:\/\/casinoreturn.com\/wp-content\/uploads\/2024\/11\/Online-Keno-Rules.png","contentUrl":"https:\/\/casinoreturn.com\/wp-content\/uploads\/2024\/11\/Online-Keno-Rules.png"},{"@type":"BreadcrumbList","@id":"https:\/\/casinoreturn.com\/pt-br\/regras-do-keno-on-line\/#breadcrumb","itemListElement":[{"@type":"ListItem","position":1,"name":"Home","item":"https:\/\/casinoreturn.com\/pt-br\/lar\/"},{"@type":"ListItem","position":2,"name":"Regras do Keno on-line"}]},{"@type":"WebSite","@id":"https:\/\/casinoreturn.com\/#website","url":"https:\/\/casinoreturn.com\/","name":"casinoreturn","description":"","publisher":{"@id":"https:\/\/casinoreturn.com\/#organization"},"potentialAction":[{"@type":"SearchAction","target":{"@type":"EntryPoint","urlTemplate":"https:\/\/casinoreturn.com\/?s={search_term_string}"},"query-input":{"@type":"PropertyValueSpecification","valueRequired":true,"valueName":"search_term_string"}}],"inLanguage":"pt-BR"},{"@type":"Organization","@id":"https:\/\/casinoreturn.com\/#organization","name":"casinoreturn","url":"https:\/\/casinoreturn.com\/","logo":{"@type":"ImageObject","inLanguage":"pt-BR","@id":"https:\/\/casinoreturn.com\/#\/schema\/logo\/image\/","url":"https:\/\/casinoreturn.com\/wp-content\/uploads\/2024\/09\/animal-favicon.png","contentUrl":"https:\/\/casinoreturn.com\/wp-content\/uploads\/2024\/09\/animal-favicon.png","width":92,"height":92,"caption":"casinoreturn"},"image":{"@id":"https:\/\/casinoreturn.com\/#\/schema\/logo\/image\/"}}]}},"_links":{"self":[{"href":"https:\/\/casinoreturn.com\/pt-br\/wp-json\/wp\/v2\/pages\/5016","targetHints":{"allow":["GET"]}}],"collection":[{"href":"https:\/\/casinoreturn.com\/pt-br\/wp-json\/wp\/v2\/pages"}],"about":[{"href":"https:\/\/casinoreturn.com\/pt-br\/wp-json\/wp\/v2\/types\/page"}],"author":[{"embeddable":true,"href":"https:\/\/casinoreturn.com\/pt-br\/wp-json\/wp\/v2\/users\/1"}],"replies":[{"embeddable":true,"href":"https:\/\/casinoreturn.com\/pt-br\/wp-json\/wp\/v2\/comments?post=5016"}],"version-history":[{"count":1,"href":"https:\/\/casinoreturn.com\/pt-br\/wp-json\/wp\/v2\/pages\/5016\/revisions"}],"predecessor-version":[{"id":5017,"href":"https:\/\/casinoreturn.com\/pt-br\/wp-json\/wp\/v2\/pages\/5016\/revisions\/5017"}],"wp:attachment":[{"href":"https:\/\/casinoreturn.com\/pt-br\/wp-json\/wp\/v2\/media?parent=5016"}],"curies":[{"name":"wp","href":"https:\/\/api.w.org\/{rel}","templated":true}]}}