{"id":5060,"date":"2024-11-20T16:41:12","date_gmt":"2024-11-20T16:41:12","guid":{"rendered":"https:\/\/casinoreturn.com\/royal-flush-no-poquer\/"},"modified":"2024-12-04T14:00:23","modified_gmt":"2024-12-04T14:00:23","slug":"royal-flush-no-poquer","status":"publish","type":"page","link":"https:\/\/casinoreturn.com\/pt-br\/royal-flush-no-poquer\/","title":{"rendered":"Royal Flush no p\u00f4quer"},"content":{"rendered":"\t\t<div data-elementor-type=\"wp-page\" data-elementor-id=\"5060\" class=\"elementor elementor-5060\" data-elementor-post-type=\"page\">\n\t\t\t\t<div class=\"elementor-element elementor-element-544c1d6 e-con-full e-flex e-con e-parent\" data-id=\"544c1d6\" data-element_type=\"container\">\n\t\t\t\t<div class=\"elementor-element elementor-element-7598f05 elementor-widget elementor-widget-heading\" data-id=\"7598f05\" data-element_type=\"widget\" data-widget_type=\"heading.default\">\n\t\t\t\t<div class=\"elementor-widget-container\">\n\t\t\t\t\t<h2 class=\"elementor-heading-title elementor-size-default\">Royal Flush no p\u00f4quer - \"Aquela m\u00e3o \u00fanica no p\u00f4quer\"<\/h2>\t\t\t\t<\/div>\n\t\t\t\t<\/div>\n\t\t\t\t<div class=\"elementor-element elementor-element-c8fb580 elementor-widget elementor-widget-image\" data-id=\"c8fb580\" data-element_type=\"widget\" data-widget_type=\"image.default\">\n\t\t\t\t<div class=\"elementor-widget-container\">\n\t\t\t\t\t\t\t\t\t\t\t\t\t\t\t<img fetchpriority=\"high\" decoding=\"async\" width=\"522\" height=\"360\" src=\"https:\/\/casinoreturn.com\/wp-content\/uploads\/2024\/11\/Royal-Flush-in-Poker.jpg\" class=\"attachment-large size-large wp-image-3699\" alt=\"creator-television-and-poker-world-tour-align\" srcset=\"https:\/\/casinoreturn.com\/wp-content\/uploads\/2024\/11\/Royal-Flush-in-Poker.jpg 522w, https:\/\/casinoreturn.com\/wp-content\/uploads\/2024\/11\/Royal-Flush-in-Poker-300x207.jpg 300w\" sizes=\"(max-width: 522px) 100vw, 522px\" \/>\t\t\t\t\t\t\t\t\t\t\t\t\t\t\t<\/div>\n\t\t\t\t<\/div>\n\t\t\t\t<div class=\"elementor-element elementor-element-4a45df4 elementor-widget elementor-widget-heading\" data-id=\"4a45df4\" data-element_type=\"widget\" data-widget_type=\"heading.default\">\n\t\t\t\t<div class=\"elementor-widget-container\">\n\t\t\t\t\t<h2 class=\"elementor-heading-title elementor-size-default\">O que \u00e9 um Royal Flush no p\u00f4quer?<\/h2>\t\t\t\t<\/div>\n\t\t\t\t<\/div>\n\t\t\t\t<div class=\"elementor-element elementor-element-91fa191 elementor-button-success elementor-align-center elementor-widget elementor-widget-button\" data-id=\"91fa191\" data-element_type=\"widget\" data-widget_type=\"button.default\">\n\t\t\t\t<div class=\"elementor-widget-container\">\n\t\t\t\t\t\t\t\t\t<div class=\"elementor-button-wrapper\">\n\t\t\t\t\t<a class=\"elementor-button elementor-button-link elementor-size-sm\" href=\"https:\/\/casinoreturn.com\/pt-br\/cassinos-de-poquer-on-line\/\">\n\t\t\t\t\t\t<span class=\"elementor-button-content-wrapper\">\n\t\t\t\t\t\t\t\t\t<span class=\"elementor-button-text\">Jogue p\u00f4quer aqui<\/span>\n\t\t\t\t\t<\/span>\n\t\t\t\t\t<\/a>\n\t\t\t\t<\/div>\n\t\t\t\t\t\t\t\t<\/div>\n\t\t\t\t<\/div>\n\t\t\t\t<div class=\"elementor-element elementor-element-ffeecd1 elementor-widget elementor-widget-text-editor\" data-id=\"ffeecd1\" data-element_type=\"widget\" data-widget_type=\"text-editor.default\">\n\t\t\t\t<div class=\"elementor-widget-container\">\n\t\t\t\t\t\t\t\t\t<p>O Royal Flush no p\u00f4quer, a m\u00e3e de todas as m\u00e3os no p\u00f4quer. \u00c9 uma determinada combina\u00e7\u00e3o de cartas que pode ser usada no p\u00f4quer. Como mencionado acima, n\u00e3o \u00e9 qualquer combina\u00e7\u00e3o; a combina\u00e7\u00e3o com o valor mais alto sempre vence. Um Royal Flush ou Flush Real consiste em cinco cartas consecutivas, como 6, 7, 8, 9 e 10. A particularidade de um Royal Flush \u00e9 que a sequ\u00eancia (tamb\u00e9m chamada de Straight ou Street) \u00e9 a ordem mais alta: 10, Valete, Dama, Rei e \u00c1s e, como se isso n\u00e3o bastasse, as cartas do Royal Flush devem ser do mesmo naipe, independentemente do naipe. De fato, o Royal Flush \u00e9 o melhor. Um flush sempre consiste em cinco cartas do mesmo naipe. Portanto, se todas essas forem as cartas mais altas de um naipe, voc\u00ea ter\u00e1 um Royal Flush.       <\/p>\n\t\t\t\t\t\t\t\t<\/div>\n\t\t\t\t<\/div>\n\t\t\t\t<div class=\"elementor-element elementor-element-83611db elementor-widget elementor-widget-heading\" data-id=\"83611db\" data-element_type=\"widget\" data-widget_type=\"heading.default\">\n\t\t\t\t<div class=\"elementor-widget-container\">\n\t\t\t\t\t<h3 class=\"elementor-heading-title elementor-size-default\">Classifica\u00e7\u00e3o da m\u00e3o Royal Flush<\/h3>\t\t\t\t<\/div>\n\t\t\t\t<\/div>\n\t\t\t\t<div class=\"elementor-element elementor-element-59a7e45 elementor-widget elementor-widget-text-editor\" data-id=\"59a7e45\" data-element_type=\"widget\" data-widget_type=\"text-editor.default\">\n\t\t\t\t<div class=\"elementor-widget-container\">\n\t\t\t\t\t\t\t\t\t<p>Voc\u00ea n\u00e3o pode errar com uma m\u00e3o Royal Flush. Isso ocorre porque voc\u00ea j\u00e1 tem a melhor combina\u00e7\u00e3o poss\u00edvel. Mas com um Royal Flush, h\u00e1 algumas coisas que voc\u00ea deve ter em mente, mesmo que voc\u00ea j\u00e1 tenha quatro cartas seguidas do mesmo naipe. Isso n\u00e3o significa que a quinta carta correspondente ser\u00e1 adicionada ao final. Se a carta certa n\u00e3o chegar ao final, a tentativa de obter um Royal Flush no p\u00f4quer geralmente resulta em uma m\u00e3o final tempestuosa. O risco \u00e9 grande.     <\/p>\n\t\t\t\t\t\t\t\t<\/div>\n\t\t\t\t<\/div>\n\t\t\t\t<div class=\"elementor-element elementor-element-fc7dee4 elementor-widget elementor-widget-heading\" data-id=\"fc7dee4\" data-element_type=\"widget\" data-widget_type=\"heading.default\">\n\t\t\t\t<div class=\"elementor-widget-container\">\n\t\t\t\t\t<h3 class=\"elementor-heading-title elementor-size-default\">A estrat\u00e9gia ideal para um Royal Flush<\/h3>\t\t\t\t<\/div>\n\t\t\t\t<\/div>\n\t\t\t\t<div class=\"elementor-element elementor-element-8889405 elementor-widget elementor-widget-text-editor\" data-id=\"8889405\" data-element_type=\"widget\" data-widget_type=\"text-editor.default\">\n\t\t\t\t<div class=\"elementor-widget-container\">\n\t\t\t\t\t\t\t\t\t<p>Se voc\u00ea quiser um Royal Flush, jogar apenas m\u00e3os promissoras de Royal Flush seria mais lucrativo. Voc\u00ea pode dobrar todas as outras cartas, mas essa n\u00e3o \u00e9 a melhor estrat\u00e9gia. Muitas vezes, \u00e9 mais promissor apostar em uma combina\u00e7\u00e3o de cartas diferente, que \u00e9 mais prov\u00e1vel. Tamb\u00e9m \u00e9 importante que voc\u00ea fique de olho no comportamento dos outros jogadores. Para fazer isso, voc\u00ea deve analisar cuidadosamente o comportamento de jogo deles. Em \u00faltima an\u00e1lise, voc\u00ea s\u00f3 precisa de um Royal Flush para t\u00ea-lo uma vez e para vencer outras boas m\u00e3os. Como essas m\u00e3os tamb\u00e9m s\u00e3o bastante raras, o Royal Flush raramente \u00e9 necess\u00e1rio. Tamb\u00e9m \u00e9 importante que, se houver uma alta probabilidade de que seu oponente n\u00e3o esteja muito inseguro para um Royal Flush e ele fa\u00e7a o call, porque, infelizmente, seu Royal Flush n\u00e3o tem utilidade para voc\u00ea se seus oponentes desistirem prematuramente. Obviamente, \u00e9 diferente quando voc\u00ea joga v\u00eddeo p\u00f4quer. Como voc\u00ea pode obter um lucro desproporcional no v\u00eddeo p\u00f4quer com um Royal Flush, voc\u00ea deve sempre jogar com um Royal Flush. Como voc\u00ea n\u00e3o tem nenhum inimigo aqui, n\u00e3o fa\u00e7a esse papel.          <\/p>\n\t\t\t\t\t\t\t\t<\/div>\n\t\t\t\t<\/div>\n\t\t\t\t<div class=\"elementor-element elementor-element-863e8de elementor-widget elementor-widget-heading\" data-id=\"863e8de\" data-element_type=\"widget\" data-widget_type=\"heading.default\">\n\t\t\t\t<div class=\"elementor-widget-container\">\n\t\t\t\t\t<h3 class=\"elementor-heading-title elementor-size-default\">Variantes de p\u00f4quer no Royal Flush?<\/h3>\t\t\t\t<\/div>\n\t\t\t\t<\/div>\n\t\t\t\t<div class=\"elementor-element elementor-element-80672b1 elementor-widget elementor-widget-text-editor\" data-id=\"80672b1\" data-element_type=\"widget\" data-widget_type=\"text-editor.default\">\n\t\t\t\t<div class=\"elementor-widget-container\">\n\t\t\t\t\t\t\t\t\t<p>O Royal Flush \u00e9 encontrado em todas as variantes de p\u00f4quer que ainda s\u00e3o amplamente jogadas atualmente, como Texas Hold&#8217;em, Five Card Draw e Seven Card Stud. Como mencionado acima, \u00e9 quase t\u00e3o dif\u00edcil encontrar uma variante de p\u00f4quer sem o Royal Flush quanto conseguir um. <\/p>\n\t\t\t\t\t\t\t\t<\/div>\n\t\t\t\t<\/div>\n\t\t\t\t<\/div>\n\t\t\t\t<\/div>\n\t\t","protected":false},"excerpt":{"rendered":"<p>Royal Flush no p\u00f4quer &#8211; &#8220;Aquela m\u00e3o \u00fanica no p\u00f4quer&#8221; O que \u00e9 um Royal Flush no p\u00f4quer? Jogue p\u00f4quer aqui O Royal Flush no p\u00f4quer, a m\u00e3e de todas as m\u00e3os no p\u00f4quer. \u00c9 uma determinada combina\u00e7\u00e3o de cartas que pode ser usada no p\u00f4quer. Como mencionado acima, n\u00e3o \u00e9 qualquer combina\u00e7\u00e3o; a combina\u00e7\u00e3o [&hellip;]<\/p>\n","protected":false},"author":1,"featured_media":0,"parent":0,"menu_order":0,"comment_status":"closed","ping_status":"closed","template":"","meta":{"footnotes":""},"class_list":["post-5060","page","type-page","status-publish","hentry"],"blocksy_meta":[],"acf":[],"yoast_head":"<!-- This site is optimized with the Yoast SEO plugin v24.1 - https:\/\/yoast.com\/wordpress\/plugins\/seo\/ -->\n<title>Royal Flush no p\u00f4quer - casinoreturn<\/title>\n<meta name=\"description\" content=\"Royal Flush no p\u00f4quer, a grande dama de todas as m\u00e3os. Esque\u00e7a a qu\u00e1drupla e os ases. Nosso pequeno guia dar\u00e1 a voc\u00ea algumas informa\u00e7\u00f5es.\" \/>\n<meta name=\"robots\" content=\"index, follow, max-snippet:-1, max-image-preview:large, max-video-preview:-1\" \/>\n<link rel=\"canonical\" href=\"https:\/\/casinoreturn.com\/pt-br\/royal-flush-no-poquer\/\" \/>\n<meta property=\"og:locale\" content=\"pt_BR\" \/>\n<meta property=\"og:type\" content=\"article\" \/>\n<meta property=\"og:title\" content=\"Royal Flush no p\u00f4quer - casinoreturn\" \/>\n<meta property=\"og:description\" content=\"Royal Flush no p\u00f4quer, a grande dama de todas as m\u00e3os. Esque\u00e7a a qu\u00e1drupla e os ases. Nosso pequeno guia dar\u00e1 a voc\u00ea algumas informa\u00e7\u00f5es.\" \/>\n<meta property=\"og:url\" content=\"https:\/\/casinoreturn.com\/pt-br\/royal-flush-no-poquer\/\" \/>\n<meta property=\"og:site_name\" content=\"casinoreturn\" \/>\n<meta property=\"article:modified_time\" content=\"2024-12-04T14:00:23+00:00\" \/>\n<meta property=\"og:image\" content=\"https:\/\/casinoreturn.com\/wp-content\/uploads\/2024\/11\/Royal-Flush-in-Poker.jpg\" \/>\n\t<meta property=\"og:image:width\" content=\"522\" \/>\n\t<meta property=\"og:image:height\" content=\"360\" \/>\n\t<meta property=\"og:image:type\" content=\"image\/jpeg\" \/>\n<meta name=\"twitter:card\" content=\"summary_large_image\" \/>\n<meta name=\"twitter:label1\" content=\"Est. tempo de leitura\" \/>\n\t<meta name=\"twitter:data1\" content=\"3 minutos\" \/>\n<script type=\"application\/ld+json\" class=\"yoast-schema-graph\">{\"@context\":\"https:\/\/schema.org\",\"@graph\":[{\"@type\":\"WebPage\",\"@id\":\"https:\/\/casinoreturn.com\/pt-br\/royal-flush-no-poquer\/\",\"url\":\"https:\/\/casinoreturn.com\/pt-br\/royal-flush-no-poquer\/\",\"name\":\"Royal Flush no p\u00f4quer - casinoreturn\",\"isPartOf\":{\"@id\":\"https:\/\/casinoreturn.com\/#website\"},\"primaryImageOfPage\":{\"@id\":\"https:\/\/casinoreturn.com\/pt-br\/royal-flush-no-poquer\/#primaryimage\"},\"image\":{\"@id\":\"https:\/\/casinoreturn.com\/pt-br\/royal-flush-no-poquer\/#primaryimage\"},\"thumbnailUrl\":\"https:\/\/casinoreturn.com\/wp-content\/uploads\/2024\/11\/Royal-Flush-in-Poker.jpg\",\"datePublished\":\"2024-11-20T16:41:12+00:00\",\"dateModified\":\"2024-12-04T14:00:23+00:00\",\"description\":\"Royal Flush no p\u00f4quer, a grande dama de todas as m\u00e3os. Esque\u00e7a a qu\u00e1drupla e os ases. Nosso pequeno guia dar\u00e1 a voc\u00ea algumas informa\u00e7\u00f5es.\",\"breadcrumb\":{\"@id\":\"https:\/\/casinoreturn.com\/pt-br\/royal-flush-no-poquer\/#breadcrumb\"},\"inLanguage\":\"pt-BR\",\"potentialAction\":[{\"@type\":\"ReadAction\",\"target\":[\"https:\/\/casinoreturn.com\/pt-br\/royal-flush-no-poquer\/\"]}]},{\"@type\":\"ImageObject\",\"inLanguage\":\"pt-BR\",\"@id\":\"https:\/\/casinoreturn.com\/pt-br\/royal-flush-no-poquer\/#primaryimage\",\"url\":\"https:\/\/casinoreturn.com\/wp-content\/uploads\/2024\/11\/Royal-Flush-in-Poker.jpg\",\"contentUrl\":\"https:\/\/casinoreturn.com\/wp-content\/uploads\/2024\/11\/Royal-Flush-in-Poker.jpg\"},{\"@type\":\"BreadcrumbList\",\"@id\":\"https:\/\/casinoreturn.com\/pt-br\/royal-flush-no-poquer\/#breadcrumb\",\"itemListElement\":[{\"@type\":\"ListItem\",\"position\":1,\"name\":\"Home\",\"item\":\"https:\/\/casinoreturn.com\/pt-br\/lar\/\"},{\"@type\":\"ListItem\",\"position\":2,\"name\":\"Royal Flush no p\u00f4quer\"}]},{\"@type\":\"WebSite\",\"@id\":\"https:\/\/casinoreturn.com\/#website\",\"url\":\"https:\/\/casinoreturn.com\/\",\"name\":\"casinoreturn\",\"description\":\"\",\"publisher\":{\"@id\":\"https:\/\/casinoreturn.com\/#organization\"},\"potentialAction\":[{\"@type\":\"SearchAction\",\"target\":{\"@type\":\"EntryPoint\",\"urlTemplate\":\"https:\/\/casinoreturn.com\/?s={search_term_string}\"},\"query-input\":{\"@type\":\"PropertyValueSpecification\",\"valueRequired\":true,\"valueName\":\"search_term_string\"}}],\"inLanguage\":\"pt-BR\"},{\"@type\":\"Organization\",\"@id\":\"https:\/\/casinoreturn.com\/#organization\",\"name\":\"casinoreturn\",\"url\":\"https:\/\/casinoreturn.com\/\",\"logo\":{\"@type\":\"ImageObject\",\"inLanguage\":\"pt-BR\",\"@id\":\"https:\/\/casinoreturn.com\/#\/schema\/logo\/image\/\",\"url\":\"https:\/\/casinoreturn.com\/wp-content\/uploads\/2024\/09\/animal-favicon.png\",\"contentUrl\":\"https:\/\/casinoreturn.com\/wp-content\/uploads\/2024\/09\/animal-favicon.png\",\"width\":92,\"height\":92,\"caption\":\"casinoreturn\"},\"image\":{\"@id\":\"https:\/\/casinoreturn.com\/#\/schema\/logo\/image\/\"}}]}<\/script>\n<!-- \/ Yoast SEO plugin. -->","yoast_head_json":{"title":"Royal Flush no p\u00f4quer - casinoreturn","description":"Royal Flush no p\u00f4quer, a grande dama de todas as m\u00e3os. Esque\u00e7a a qu\u00e1drupla e os ases. Nosso pequeno guia dar\u00e1 a voc\u00ea algumas informa\u00e7\u00f5es.","robots":{"index":"index","follow":"follow","max-snippet":"max-snippet:-1","max-image-preview":"max-image-preview:large","max-video-preview":"max-video-preview:-1"},"canonical":"https:\/\/casinoreturn.com\/pt-br\/royal-flush-no-poquer\/","og_locale":"pt_BR","og_type":"article","og_title":"Royal Flush no p\u00f4quer - casinoreturn","og_description":"Royal Flush no p\u00f4quer, a grande dama de todas as m\u00e3os. Esque\u00e7a a qu\u00e1drupla e os ases. Nosso pequeno guia dar\u00e1 a voc\u00ea algumas informa\u00e7\u00f5es.","og_url":"https:\/\/casinoreturn.com\/pt-br\/royal-flush-no-poquer\/","og_site_name":"casinoreturn","article_modified_time":"2024-12-04T14:00:23+00:00","og_image":[{"width":522,"height":360,"url":"https:\/\/casinoreturn.com\/wp-content\/uploads\/2024\/11\/Royal-Flush-in-Poker.jpg","type":"image\/jpeg"}],"twitter_card":"summary_large_image","twitter_misc":{"Est. tempo de leitura":"3 minutos"},"schema":{"@context":"https:\/\/schema.org","@graph":[{"@type":"WebPage","@id":"https:\/\/casinoreturn.com\/pt-br\/royal-flush-no-poquer\/","url":"https:\/\/casinoreturn.com\/pt-br\/royal-flush-no-poquer\/","name":"Royal Flush no p\u00f4quer - casinoreturn","isPartOf":{"@id":"https:\/\/casinoreturn.com\/#website"},"primaryImageOfPage":{"@id":"https:\/\/casinoreturn.com\/pt-br\/royal-flush-no-poquer\/#primaryimage"},"image":{"@id":"https:\/\/casinoreturn.com\/pt-br\/royal-flush-no-poquer\/#primaryimage"},"thumbnailUrl":"https:\/\/casinoreturn.com\/wp-content\/uploads\/2024\/11\/Royal-Flush-in-Poker.jpg","datePublished":"2024-11-20T16:41:12+00:00","dateModified":"2024-12-04T14:00:23+00:00","description":"Royal Flush no p\u00f4quer, a grande dama de todas as m\u00e3os. Esque\u00e7a a qu\u00e1drupla e os ases. Nosso pequeno guia dar\u00e1 a voc\u00ea algumas informa\u00e7\u00f5es.","breadcrumb":{"@id":"https:\/\/casinoreturn.com\/pt-br\/royal-flush-no-poquer\/#breadcrumb"},"inLanguage":"pt-BR","potentialAction":[{"@type":"ReadAction","target":["https:\/\/casinoreturn.com\/pt-br\/royal-flush-no-poquer\/"]}]},{"@type":"ImageObject","inLanguage":"pt-BR","@id":"https:\/\/casinoreturn.com\/pt-br\/royal-flush-no-poquer\/#primaryimage","url":"https:\/\/casinoreturn.com\/wp-content\/uploads\/2024\/11\/Royal-Flush-in-Poker.jpg","contentUrl":"https:\/\/casinoreturn.com\/wp-content\/uploads\/2024\/11\/Royal-Flush-in-Poker.jpg"},{"@type":"BreadcrumbList","@id":"https:\/\/casinoreturn.com\/pt-br\/royal-flush-no-poquer\/#breadcrumb","itemListElement":[{"@type":"ListItem","position":1,"name":"Home","item":"https:\/\/casinoreturn.com\/pt-br\/lar\/"},{"@type":"ListItem","position":2,"name":"Royal Flush no p\u00f4quer"}]},{"@type":"WebSite","@id":"https:\/\/casinoreturn.com\/#website","url":"https:\/\/casinoreturn.com\/","name":"casinoreturn","description":"","publisher":{"@id":"https:\/\/casinoreturn.com\/#organization"},"potentialAction":[{"@type":"SearchAction","target":{"@type":"EntryPoint","urlTemplate":"https:\/\/casinoreturn.com\/?s={search_term_string}"},"query-input":{"@type":"PropertyValueSpecification","valueRequired":true,"valueName":"search_term_string"}}],"inLanguage":"pt-BR"},{"@type":"Organization","@id":"https:\/\/casinoreturn.com\/#organization","name":"casinoreturn","url":"https:\/\/casinoreturn.com\/","logo":{"@type":"ImageObject","inLanguage":"pt-BR","@id":"https:\/\/casinoreturn.com\/#\/schema\/logo\/image\/","url":"https:\/\/casinoreturn.com\/wp-content\/uploads\/2024\/09\/animal-favicon.png","contentUrl":"https:\/\/casinoreturn.com\/wp-content\/uploads\/2024\/09\/animal-favicon.png","width":92,"height":92,"caption":"casinoreturn"},"image":{"@id":"https:\/\/casinoreturn.com\/#\/schema\/logo\/image\/"}}]}},"_links":{"self":[{"href":"https:\/\/casinoreturn.com\/pt-br\/wp-json\/wp\/v2\/pages\/5060","targetHints":{"allow":["GET"]}}],"collection":[{"href":"https:\/\/casinoreturn.com\/pt-br\/wp-json\/wp\/v2\/pages"}],"about":[{"href":"https:\/\/casinoreturn.com\/pt-br\/wp-json\/wp\/v2\/types\/page"}],"author":[{"embeddable":true,"href":"https:\/\/casinoreturn.com\/pt-br\/wp-json\/wp\/v2\/users\/1"}],"replies":[{"embeddable":true,"href":"https:\/\/casinoreturn.com\/pt-br\/wp-json\/wp\/v2\/comments?post=5060"}],"version-history":[{"count":1,"href":"https:\/\/casinoreturn.com\/pt-br\/wp-json\/wp\/v2\/pages\/5060\/revisions"}],"predecessor-version":[{"id":5061,"href":"https:\/\/casinoreturn.com\/pt-br\/wp-json\/wp\/v2\/pages\/5060\/revisions\/5061"}],"wp:attachment":[{"href":"https:\/\/casinoreturn.com\/pt-br\/wp-json\/wp\/v2\/media?parent=5060"}],"curies":[{"name":"wp","href":"https:\/\/api.w.org\/{rel}","templated":true}]}}