{"id":11483,"date":"2025-03-13T19:06:28","date_gmt":"2025-03-13T19:06:28","guid":{"rendered":"https:\/\/casinoreturn.com\/?page_id=11483"},"modified":"2025-03-13T19:06:31","modified_gmt":"2025-03-13T19:06:31","slug":"casinon-med-obegransad-valkomstbonus","status":"publish","type":"page","link":"https:\/\/casinoreturn.com\/sv\/casinon-med-obegransad-valkomstbonus\/","title":{"rendered":"Casinon med obegr\u00e4nsad v\u00e4lkomstbonus"},"content":{"rendered":"\t\t<div data-elementor-type=\"wp-page\" data-elementor-id=\"11483\" class=\"elementor elementor-11483\" data-elementor-post-type=\"page\">\n\t\t\t\t<div class=\"elementor-element elementor-element-65fa180 e-con-full e-flex e-con e-parent\" data-id=\"65fa180\" data-element_type=\"container\">\n\t\t\t\t<div class=\"elementor-element elementor-element-a7ea856 elementor-widget elementor-widget-heading\" data-id=\"a7ea856\" data-element_type=\"widget\" data-widget_type=\"heading.default\">\n\t\t\t\t<div class=\"elementor-widget-container\">\n\t\t\t\t\t<h3 class=\"elementor-heading-title elementor-size-default\">Casinon med obegr\u00e4nsad v\u00e4lkomstbonus<\/h3>\t\t\t\t<\/div>\n\t\t\t\t<\/div>\n\t\t\t\t<div class=\"elementor-element elementor-element-5b18e53 elementor-widget elementor-widget-text-editor\" data-id=\"5b18e53\" data-element_type=\"widget\" data-widget_type=\"text-editor.default\">\n\t\t\t\t<div class=\"elementor-widget-container\">\n\t\t\t\t\t\t\t\t\t<p>Kasinon med obegr\u00e4nsad v\u00e4lkomstbonus v\u00e4xer fram. Denna nya typ av casinoerbjudande verkar locka till sig en ny typ av spelare. Vi har unders\u00f6kt obegr\u00e4nsade bonusar och har sammanst\u00e4llt en lista \u00f6ver kasinon som erbjuder obegr\u00e4nsade bonusar vid f\u00f6rsta ins\u00e4ttningen. Vi j\u00e4mf\u00f6r obegr\u00e4nsade vs hybrid v\u00e4lkomstbonusar ( Casinobonus plus gratissnurr ). F\u00f6r- och nackdelar med obegr\u00e4nsade casinoerbjudanden f\u00f6r din f\u00f6rsta ins\u00e4ttning.      <\/p>\n<p><strong>I denna artikel:  <\/strong><\/p>\n<ul>\n<li><a href=\"https:\/\/casinoreturn.com\/sv\/?page_id=11483#unlim\">Unlimited Bonus: \u00c4r det f\u00f6r bra f\u00f6r att vara sant?  <\/a><\/li>\n<li>Hur fungerar en obegr\u00e4nsad v\u00e4lkomstbonus?<\/li>\n<li>\n<h5><a href=\"https:\/\/casinoreturn.com\/sv\/?page_id=11483#welcome\"><strong>Casinon med obegr\u00e4nsad v\u00e4lkomstbonus<\/strong><\/a><\/h5>\n<\/li>\n<li><a href=\"https:\/\/casinoreturn.com\/sv\/?page_id=11483#pros\">F\u00f6r- och nackdelar med obegr\u00e4nsade bonusar vid f\u00f6rsta ins\u00e4ttningen<\/a><\/li>\n<li><a href=\"https:\/\/casinoreturn.com\/sv\/?page_id=11483#faq\">Vanliga fr\u00e5gor<\/a><\/li>\n<\/ul>\n\t\t\t\t\t\t\t\t<\/div>\n\t\t\t\t<\/div>\n\t\t\t\t<\/div>\n\t\t<div class=\"elementor-element elementor-element-3649d24 e-con-full e-flex e-con e-parent\" data-id=\"3649d24\" data-element_type=\"container\" data-settings=\"{&quot;background_background&quot;:&quot;classic&quot;}\">\n\t\t\t\t<div class=\"elementor-element elementor-element-c5dc9e4 elementor-widget elementor-widget-image\" data-id=\"c5dc9e4\" data-element_type=\"widget\" data-widget_type=\"image.default\">\n\t\t\t\t<div class=\"elementor-widget-container\">\n\t\t\t\t\t\t\t\t\t\t\t\t\t\t\t<img decoding=\"async\" src=\"https:\/\/casinoreturn.com\/wp-content\/uploads\/elementor\/thumbs\/unlimited-welcome-bonus-casinos-1-r2t5vjaha6pg376pb8p6qwexae4ucxq9pqklcybqdg.png\" title=\"unlimited welcome bonus casinos\" alt=\"unlimited welcome bonus casinos\" loading=\"lazy\" \/>\t\t\t\t\t\t\t\t\t\t\t\t\t\t\t<\/div>\n\t\t\t\t<\/div>\n\t\t\t\t<\/div>\n\t\t<div class=\"elementor-element elementor-element-5307139 e-con-full e-flex e-con e-parent\" data-id=\"5307139\" data-element_type=\"container\">\n\t\t\t\t<div class=\"elementor-element elementor-element-1356946 elementor-widget elementor-widget-heading\" data-id=\"1356946\" data-element_type=\"widget\" id=\"unlim\" data-widget_type=\"heading.default\">\n\t\t\t\t<div class=\"elementor-widget-container\">\n\t\t\t\t\t<h4 class=\"elementor-heading-title elementor-size-default\">Unlimited Bonus: F\u00f6r bra f\u00f6r att vara sant?<\/h4>\t\t\t\t<\/div>\n\t\t\t\t<\/div>\n\t\t\t\t<div class=\"elementor-element elementor-element-0922729 elementor-widget elementor-widget-text-editor\" data-id=\"0922729\" data-element_type=\"widget\" data-widget_type=\"text-editor.default\">\n\t\t\t\t<div class=\"elementor-widget-container\">\n\t\t\t\t\t\t\t\t\t<p>Att g\u00f6ra sin f\u00f6rsta ins\u00e4ttning p\u00e5 ett casino \u00e4r alltid sp\u00e4nnande och nervkittlande. Casinon har skapat m\u00e5nga funktioner och bonustyper f\u00f6r nyregistrerade spelare f\u00f6r att stimulera nya spelare att g\u00f6ra ins\u00e4ttningar. Ett v\u00e4lkomsterbjudande best\u00e5r traditionellt av en bonus och free spins som utl\u00f6ses av en spelares f\u00f6rsta lyckade ins\u00e4ttning.    <\/p>\n<p><strong>Typiska inslag i en v\u00e4lkomstbonus f\u00f6r kasinon:<\/strong><\/p>\n<ul>\n<li>Bonuslivsl\u00e4ngd fr\u00e5n 7-14 dagar (s\u00e4llan 21 dagar)<\/li>\n<li>Oms\u00e4ttning av kasinobonus 30 till 60 g\u00e5nger<\/li>\n<li>Satsning p\u00e5 gratissnurr upp till 80 g\u00e5nger<\/li>\n<li>Matchande ins\u00e4ttningsbonusar fr\u00e5n 50% upp till 400% \u00e4r k\u00e4nda<\/li>\n<li>Ins\u00e4ttningar varierar fr\u00e5n s\u00e5 lite som 1 euro upp till 4 500 euro<\/li>\n<li>Vissa begr\u00e4nsningar g\u00e4ller f\u00f6r Live-bord och spelautomater.  <\/li>\n<\/ul>\n<p><strong>Obegr\u00e4nsade v\u00e4lkomsterbjudanden f\u00f6r kasinon<\/strong><\/p>\n<p>Den h\u00e4r typen av kasino har typiska inslag men erbjuder nya spelare en obegr\u00e4nsad f\u00f6rsta ins\u00e4ttning.  <strong>S\u00e5, hur fungerar obegr\u00e4nsade v\u00e4lkomstbonuskasinon?<\/strong><\/p>\n<p>Spelare kan v\u00e4lja den h\u00f6gsta marginalen f\u00f6r sin f\u00f6rsta ins\u00e4ttning. T&amp;Cs g\u00e4ller.   <\/p>\n\t\t\t\t\t\t\t\t<\/div>\n\t\t\t\t<\/div>\n\t\t\t\t<div class=\"elementor-element elementor-element-4971b29 elementor-widget elementor-widget-heading\" data-id=\"4971b29\" data-element_type=\"widget\" id=\"pros\" data-widget_type=\"heading.default\">\n\t\t\t\t<div class=\"elementor-widget-container\">\n\t\t\t\t\t<h4 class=\"elementor-heading-title elementor-size-default\">F\u00f6r- och nackdelar Obegr\u00e4nsad kasinobonus<\/h4>\t\t\t\t<\/div>\n\t\t\t\t<\/div>\n\t\t\t\t<div class=\"elementor-element elementor-element-5a2c3e3 elementor-widget elementor-widget-text-editor\" data-id=\"5a2c3e3\" data-element_type=\"widget\" data-widget_type=\"text-editor.default\">\n\t\t\t\t<div class=\"elementor-widget-container\">\n\t\t\t\t\t\t\t\t\t<p><strong>F\u00f6rdelar:  <\/strong><\/p>\n<ul>\n<li>Valet \u00e4r ditt &#8211; du best\u00e4mmer sj\u00e4lv dina gr\u00e4nser f\u00f6r ins\u00e4ttningar.<\/li>\n<li>Konsumenter med h\u00f6gre oms\u00e4ttning kan n\u00e5 h\u00f6gre niv\u00e5er i VIP-programmen och f\u00e5 f\u00f6rm\u00e5nliga cashbacks<\/li>\n<\/ul>\n<p><strong>Nackdelar:<\/strong> <\/p>\n<ul>\n<li>Bonus Lifetime kan inneb\u00e4ra en viss anstr\u00e4ngning f\u00f6r sig sj\u00e4lv att fullf\u00f6lja satsningen<\/li>\n<li>Fr\u00e5gor om ansvarsfullt spelande<\/li>\n<li>Villkor \u00e4r sv\u00e5rare att uppn\u00e5, vilket riskerar att annullera det \u00e5terst\u00e5ende bonussaldot<\/li>\n<\/ul>\n\t\t\t\t\t\t\t\t<\/div>\n\t\t\t\t<\/div>\n\t\t\t\t<div class=\"elementor-element elementor-element-eacb97d elementor-widget elementor-widget-heading\" data-id=\"eacb97d\" data-element_type=\"widget\" id=\"welcome\" data-widget_type=\"heading.default\">\n\t\t\t\t<div class=\"elementor-widget-container\">\n\t\t\t\t\t<h4 class=\"elementor-heading-title elementor-size-default\">Casinon med obegr\u00e4nsad v\u00e4lkomstbonus<\/h4>\t\t\t\t<\/div>\n\t\t\t\t<\/div>\n\t\t\t\t<div class=\"elementor-element elementor-element-628dff1 elementor-widget elementor-widget-image\" data-id=\"628dff1\" data-element_type=\"widget\" data-widget_type=\"image.default\">\n\t\t\t\t<div class=\"elementor-widget-container\">\n\t\t\t\t\t\t\t\t\t\t\t\t\t\t\t<img decoding=\"async\" src=\"https:\/\/casinoreturn.com\/wp-content\/uploads\/elementor\/thumbs\/Global-Crypto-deposits-r27yw7zfpamo2ywuxdyacn3ygux8rbsfd9bht15akw.jpg\" title=\"Bonus by country\" alt=\"Bonus by country\" loading=\"lazy\" \/>\t\t\t\t\t\t\t\t\t\t\t\t\t\t\t<\/div>\n\t\t\t\t<\/div>\n\t\t\t\t<\/div>\n\t\t<div class=\"elementor-element elementor-element-4c21936 e-con-full e-flex e-con e-parent\" data-id=\"4c21936\" data-element_type=\"container\" data-settings=\"{&quot;background_background&quot;:&quot;classic&quot;}\">\n\t\t\t\t<div class=\"elementor-element elementor-element-464e37a elementor-widget elementor-widget-image\" data-id=\"464e37a\" data-element_type=\"widget\" data-widget_type=\"image.default\">\n\t\t\t\t<div class=\"elementor-widget-container\">\n\t\t\t\t\t\t\t\t\t\t\t\t\t\t\t\t<a href=\"https:\/\/drp-irrs12.com\/c56da96c3\" target=\"_blank\" rel=\"nofollow\">\n\t\t\t\t\t\t\t<img decoding=\"async\" src=\"https:\/\/casinoreturn.com\/wp-content\/uploads\/elementor\/thumbs\/Drip-Logo-quhy3morqp635l0w5yz0duvn4zr39840ni7k2iml6g.png\" title=\"Drip Logo\" alt=\"Drip No Deposit Bonus Casino\" loading=\"lazy\" \/>\t\t\t\t\t\t\t\t<\/a>\n\t\t\t\t\t\t\t\t\t\t\t\t\t\t\t<\/div>\n\t\t\t\t<\/div>\n\t\t\t\t<div class=\"elementor-element elementor-element-227afe5 elementor-widget elementor-widget-heading\" data-id=\"227afe5\" data-element_type=\"widget\" data-widget_type=\"heading.default\">\n\t\t\t\t<div class=\"elementor-widget-container\">\n\t\t\t\t\t<h4 class=\"elementor-heading-title elementor-size-default\"><a href=\"https:\/\/drp-irrs12.com\/c56da96c3\" target=\"_blank\" rel=\"nofollow\">Drip Unlimited Casino Bonus<\/a><\/h4>\t\t\t\t<\/div>\n\t\t\t\t<\/div>\n\t\t\t\t<div class=\"elementor-element elementor-element-1a35b8f elementor-widget elementor-widget-text-editor\" data-id=\"1a35b8f\" data-element_type=\"widget\" data-widget_type=\"text-editor.default\">\n\t\t\t\t<div class=\"elementor-widget-container\">\n\t\t\t\t\t\t\t\t\t<p><strong>20 gratissnurr p\u00e5 Reg &#8221;RETURN50 \u2033<\/strong> + <strong>50% No Limit Bonus<\/strong> T&amp;Cs g\u00e4ller  <\/p>\n\t\t\t\t\t\t\t\t<\/div>\n\t\t\t\t<\/div>\n\t\t\t\t<div class=\"elementor-element elementor-element-028e927 elementor-button-success elementor-align-center elementor-widget elementor-widget-button\" data-id=\"028e927\" data-element_type=\"widget\" data-widget_type=\"button.default\">\n\t\t\t\t<div class=\"elementor-widget-container\">\n\t\t\t\t\t\t\t\t\t<div class=\"elementor-button-wrapper\">\n\t\t\t\t\t<a class=\"elementor-button elementor-button-link elementor-size-sm\" href=\"https:\/\/drp-irrs12.com\/c56da96c3\" target=\"_blank\" rel=\"nofollow\">\n\t\t\t\t\t\t<span class=\"elementor-button-content-wrapper\">\n\t\t\t\t\t\t\t\t\t<span class=\"elementor-button-text\">Kr\u00e4v bonus<\/span>\n\t\t\t\t\t<\/span>\n\t\t\t\t\t<\/a>\n\t\t\t\t<\/div>\n\t\t\t\t\t\t\t\t<\/div>\n\t\t\t\t<\/div>\n\t\t\t\t<\/div>\n\t\t<div class=\"elementor-element elementor-element-8fc8257 e-con-full e-flex e-con e-parent\" data-id=\"8fc8257\" data-element_type=\"container\" data-settings=\"{&quot;background_background&quot;:&quot;classic&quot;}\">\n\t\t\t\t<div class=\"elementor-element elementor-element-ac6b3f6 elementor-widget elementor-widget-image\" data-id=\"ac6b3f6\" data-element_type=\"widget\" data-widget_type=\"image.default\">\n\t\t\t\t<div class=\"elementor-widget-container\">\n\t\t\t\t\t\t\t\t\t\t\t\t\t\t\t\t<a href=\"https:\/\/go.aff.betplays.com\/8b5wn8do?campaign_id=23369\" target=\"_blank\" rel=\"nofollow\">\n\t\t\t\t\t\t\t<img decoding=\"async\" src=\"https:\/\/casinoreturn.com\/wp-content\/uploads\/elementor\/thumbs\/betplays-sports-betting-casino-r1qidagpowuu4ny9q6nt31qg2eecy0nm053wtesv5k.png\" title=\"betplays sports betting casino\" alt=\"betplays sports betting casino\" loading=\"lazy\" \/>\t\t\t\t\t\t\t\t<\/a>\n\t\t\t\t\t\t\t\t\t\t\t\t\t\t\t<\/div>\n\t\t\t\t<\/div>\n\t\t\t\t<div class=\"elementor-element elementor-element-95d6336 elementor-widget elementor-widget-heading\" data-id=\"95d6336\" data-element_type=\"widget\" data-widget_type=\"heading.default\">\n\t\t\t\t<div class=\"elementor-widget-container\">\n\t\t\t\t\t<h4 class=\"elementor-heading-title elementor-size-default\"><a href=\"https:\/\/drp-irrs12.com\/c56da96c3\" target=\"_blank\" rel=\"nofollow\">Betplays obegr\u00e4nsade kasinobonus<\/a><\/h4>\t\t\t\t<\/div>\n\t\t\t\t<\/div>\n\t\t\t\t<div class=\"elementor-element elementor-element-60f774b elementor-widget elementor-widget-text-editor\" data-id=\"60f774b\" data-element_type=\"widget\" data-widget_type=\"text-editor.default\">\n\t\t\t\t<div class=\"elementor-widget-container\">\n\t\t\t\t\t\t\t\t\t<p><b>100 % obegr\u00e4nsad v\u00e4lkomstbonus f\u00f6r kasino och sportspel + 20 % gratisspel <\/b>Villkor g\u00e4ller  <\/p>\n\t\t\t\t\t\t\t\t<\/div>\n\t\t\t\t<\/div>\n\t\t\t\t<div class=\"elementor-element elementor-element-ae6ddab elementor-button-success elementor-align-center elementor-widget elementor-widget-button\" data-id=\"ae6ddab\" data-element_type=\"widget\" data-widget_type=\"button.default\">\n\t\t\t\t<div class=\"elementor-widget-container\">\n\t\t\t\t\t\t\t\t\t<div class=\"elementor-button-wrapper\">\n\t\t\t\t\t<a class=\"elementor-button elementor-button-link elementor-size-sm\" href=\"https:\/\/go.aff.betplays.com\/8b5wn8do?campaign_id=23369\" target=\"_blank\" rel=\"nofollow\">\n\t\t\t\t\t\t<span class=\"elementor-button-content-wrapper\">\n\t\t\t\t\t\t\t\t\t<span class=\"elementor-button-text\">Kr\u00e4v bonus<\/span>\n\t\t\t\t\t<\/span>\n\t\t\t\t\t<\/a>\n\t\t\t\t<\/div>\n\t\t\t\t\t\t\t\t<\/div>\n\t\t\t\t<\/div>\n\t\t\t\t<\/div>\n\t\t<div class=\"elementor-element elementor-element-32f84a5 e-con-full e-flex e-con e-parent\" data-id=\"32f84a5\" data-element_type=\"container\">\n\t\t\t\t<div class=\"elementor-element elementor-element-7967689 elementor-widget elementor-widget-heading\" data-id=\"7967689\" data-element_type=\"widget\" id=\"faq\" data-widget_type=\"heading.default\">\n\t\t\t\t<div class=\"elementor-widget-container\">\n\t\t\t\t\t<h4 class=\"elementor-heading-title elementor-size-default\">Vanliga fr\u00e5gor<\/h4>\t\t\t\t<\/div>\n\t\t\t\t<\/div>\n\t\t\t\t<div class=\"elementor-element elementor-element-a49e6bd elementor-widget elementor-widget-elementskit-faq\" data-id=\"a49e6bd\" data-element_type=\"widget\" data-widget_type=\"elementskit-faq.default\">\n\t\t\t\t<div class=\"elementor-widget-container\">\n\t\t\t\t\t<div class=\"ekit-wid-con\" >\n                <div class=\"elementskit-single-faq elementor-repeater-item-bc1842c\">\n            <div class=\"elementskit-faq-header\">\n                <h2 class=\"elementskit-faq-title\">What if I do not complete my Unlimited casino Bonus?  <\/h2>\n            <\/div>\n            <div class=\"elementskit-faq-body\">\n                In most cases, your bonus is voided. Once your bonus is activated, real money funds are used first, and then bonus. We recommend to read the terms and conditions, to be comfortable with bonus lifetime and wagering.            <\/div>\n        <\/div>\n                <div class=\"elementskit-single-faq elementor-repeater-item-7f5232c\">\n            <div class=\"elementskit-faq-header\">\n                <h2 class=\"elementskit-faq-title\">Are Unlimited Bonus offers available in all countries? <\/h2>\n            <\/div>\n            <div class=\"elementskit-faq-body\">\n                Certainly not. They often clash with responsible gaming regulations and Licencing authorities.            <\/div>\n        <\/div>\n                <div class=\"elementskit-single-faq elementor-repeater-item-902802a\">\n            <div class=\"elementskit-faq-header\">\n                <h2 class=\"elementskit-faq-title\">Can I use my Unlimited Bonus for Sports Betting and Casino?<\/h2>\n            <\/div>\n            <div class=\"elementskit-faq-body\">\n                The answer is no. Both casino elements are different. Odds and slots wagering are totally different from another in terms of return to player.            <\/div>\n        <\/div>\n                \n    <\/div>\t\t\t\t<\/div>\n\t\t\t\t<\/div>\n\t\t\t\t<\/div>\n\t\t\t\t<\/div>\n\t\t","protected":false},"excerpt":{"rendered":"<p>Casinon med obegr\u00e4nsad v\u00e4lkomstbonus Kasinon med obegr\u00e4nsad v\u00e4lkomstbonus v\u00e4xer fram. Denna nya typ av casinoerbjudande verkar locka till sig en ny typ av spelare. Vi har unders\u00f6kt obegr\u00e4nsade bonusar och har sammanst\u00e4llt en lista \u00f6ver kasinon som erbjuder obegr\u00e4nsade bonusar vid f\u00f6rsta ins\u00e4ttningen. Vi j\u00e4mf\u00f6r obegr\u00e4nsade vs hybrid v\u00e4lkomstbonusar ( Casinobonus plus gratissnurr ). F\u00f6r- [&hellip;]<\/p>\n","protected":false},"author":1,"featured_media":11387,"parent":0,"menu_order":0,"comment_status":"closed","ping_status":"closed","template":"","meta":{"footnotes":""},"class_list":["post-11483","page","type-page","status-publish","has-post-thumbnail","hentry"],"blocksy_meta":[],"acf":[],"yoast_head":"<!-- This site is optimized with the Yoast SEO plugin v24.1 - https:\/\/yoast.com\/wordpress\/plugins\/seo\/ -->\n<title>Casinon med obegr\u00e4nsad v\u00e4lkomstbonus - casinoreturn<\/title>\n<meta name=\"description\" content=\"Kasinon med obegr\u00e4nsad v\u00e4lkomstbonus v\u00e4xer fram. Vi unders\u00f6ker den typen av bonuserbjudande och dess f\u00f6r- och nackdelar.\" \/>\n<meta name=\"robots\" content=\"index, follow, max-snippet:-1, max-image-preview:large, max-video-preview:-1\" \/>\n<link rel=\"canonical\" href=\"https:\/\/casinoreturn.com\/sv\/casinon-med-obegransad-valkomstbonus\/\" \/>\n<meta property=\"og:locale\" content=\"sv_SE\" \/>\n<meta property=\"og:type\" content=\"article\" \/>\n<meta property=\"og:title\" content=\"Casinon med obegr\u00e4nsad v\u00e4lkomstbonus - casinoreturn\" \/>\n<meta property=\"og:description\" content=\"Kasinon med obegr\u00e4nsad v\u00e4lkomstbonus v\u00e4xer fram. Vi unders\u00f6ker den typen av bonuserbjudande och dess f\u00f6r- och nackdelar.\" \/>\n<meta property=\"og:url\" content=\"https:\/\/casinoreturn.com\/sv\/casinon-med-obegransad-valkomstbonus\/\" \/>\n<meta property=\"og:site_name\" content=\"casinoreturn\" \/>\n<meta property=\"article:modified_time\" content=\"2025-03-13T19:06:31+00:00\" \/>\n<meta property=\"og:image\" content=\"https:\/\/casinoreturn.com\/wp-content\/uploads\/2025\/03\/unlimited-welcome-bonus-casinos-1.png\" \/>\n\t<meta property=\"og:image:width\" content=\"1359\" \/>\n\t<meta property=\"og:image:height\" content=\"767\" \/>\n\t<meta property=\"og:image:type\" content=\"image\/png\" \/>\n<meta name=\"twitter:card\" content=\"summary_large_image\" \/>\n<meta name=\"twitter:label1\" content=\"Ber\u00e4knad l\u00e4stid\" \/>\n\t<meta name=\"twitter:data1\" content=\"3 minuter\" \/>\n<script type=\"application\/ld+json\" class=\"yoast-schema-graph\">{\"@context\":\"https:\/\/schema.org\",\"@graph\":[{\"@type\":\"WebPage\",\"@id\":\"https:\/\/casinoreturn.com\/sv\/casinon-med-obegransad-valkomstbonus\/\",\"url\":\"https:\/\/casinoreturn.com\/sv\/casinon-med-obegransad-valkomstbonus\/\",\"name\":\"Casinon med obegr\u00e4nsad v\u00e4lkomstbonus - casinoreturn\",\"isPartOf\":{\"@id\":\"https:\/\/casinoreturn.com\/#website\"},\"primaryImageOfPage\":{\"@id\":\"https:\/\/casinoreturn.com\/sv\/casinon-med-obegransad-valkomstbonus\/#primaryimage\"},\"image\":{\"@id\":\"https:\/\/casinoreturn.com\/sv\/casinon-med-obegransad-valkomstbonus\/#primaryimage\"},\"thumbnailUrl\":\"https:\/\/casinoreturn.com\/wp-content\/uploads\/2025\/03\/unlimited-welcome-bonus-casinos-1.png\",\"datePublished\":\"2025-03-13T19:06:28+00:00\",\"dateModified\":\"2025-03-13T19:06:31+00:00\",\"description\":\"Kasinon med obegr\u00e4nsad v\u00e4lkomstbonus v\u00e4xer fram. Vi unders\u00f6ker den typen av bonuserbjudande och dess f\u00f6r- och nackdelar.\",\"breadcrumb\":{\"@id\":\"https:\/\/casinoreturn.com\/sv\/casinon-med-obegransad-valkomstbonus\/#breadcrumb\"},\"inLanguage\":\"sv-SE\",\"potentialAction\":[{\"@type\":\"ReadAction\",\"target\":[\"https:\/\/casinoreturn.com\/sv\/casinon-med-obegransad-valkomstbonus\/\"]}]},{\"@type\":\"ImageObject\",\"inLanguage\":\"sv-SE\",\"@id\":\"https:\/\/casinoreturn.com\/sv\/casinon-med-obegransad-valkomstbonus\/#primaryimage\",\"url\":\"https:\/\/casinoreturn.com\/wp-content\/uploads\/2025\/03\/unlimited-welcome-bonus-casinos-1.png\",\"contentUrl\":\"https:\/\/casinoreturn.com\/wp-content\/uploads\/2025\/03\/unlimited-welcome-bonus-casinos-1.png\",\"width\":1359,\"height\":767,\"caption\":\"unlimited welcome bonus casinos\"},{\"@type\":\"BreadcrumbList\",\"@id\":\"https:\/\/casinoreturn.com\/sv\/casinon-med-obegransad-valkomstbonus\/#breadcrumb\",\"itemListElement\":[{\"@type\":\"ListItem\",\"position\":1,\"name\":\"Home\",\"item\":\"https:\/\/casinoreturn.com\/sv\/home\/\"},{\"@type\":\"ListItem\",\"position\":2,\"name\":\"Casinon med obegr\u00e4nsad v\u00e4lkomstbonus\"}]},{\"@type\":\"WebSite\",\"@id\":\"https:\/\/casinoreturn.com\/#website\",\"url\":\"https:\/\/casinoreturn.com\/\",\"name\":\"casinoreturn\",\"description\":\"\",\"publisher\":{\"@id\":\"https:\/\/casinoreturn.com\/#organization\"},\"potentialAction\":[{\"@type\":\"SearchAction\",\"target\":{\"@type\":\"EntryPoint\",\"urlTemplate\":\"https:\/\/casinoreturn.com\/?s={search_term_string}\"},\"query-input\":{\"@type\":\"PropertyValueSpecification\",\"valueRequired\":true,\"valueName\":\"search_term_string\"}}],\"inLanguage\":\"sv-SE\"},{\"@type\":\"Organization\",\"@id\":\"https:\/\/casinoreturn.com\/#organization\",\"name\":\"casinoreturn\",\"url\":\"https:\/\/casinoreturn.com\/\",\"logo\":{\"@type\":\"ImageObject\",\"inLanguage\":\"sv-SE\",\"@id\":\"https:\/\/casinoreturn.com\/#\/schema\/logo\/image\/\",\"url\":\"https:\/\/casinoreturn.com\/wp-content\/uploads\/2024\/09\/animal-favicon.png\",\"contentUrl\":\"https:\/\/casinoreturn.com\/wp-content\/uploads\/2024\/09\/animal-favicon.png\",\"width\":92,\"height\":92,\"caption\":\"casinoreturn\"},\"image\":{\"@id\":\"https:\/\/casinoreturn.com\/#\/schema\/logo\/image\/\"}}]}<\/script>\n<!-- \/ Yoast SEO plugin. -->","yoast_head_json":{"title":"Casinon med obegr\u00e4nsad v\u00e4lkomstbonus - casinoreturn","description":"Kasinon med obegr\u00e4nsad v\u00e4lkomstbonus v\u00e4xer fram. Vi unders\u00f6ker den typen av bonuserbjudande och dess f\u00f6r- och nackdelar.","robots":{"index":"index","follow":"follow","max-snippet":"max-snippet:-1","max-image-preview":"max-image-preview:large","max-video-preview":"max-video-preview:-1"},"canonical":"https:\/\/casinoreturn.com\/sv\/casinon-med-obegransad-valkomstbonus\/","og_locale":"sv_SE","og_type":"article","og_title":"Casinon med obegr\u00e4nsad v\u00e4lkomstbonus - casinoreturn","og_description":"Kasinon med obegr\u00e4nsad v\u00e4lkomstbonus v\u00e4xer fram. Vi unders\u00f6ker den typen av bonuserbjudande och dess f\u00f6r- och nackdelar.","og_url":"https:\/\/casinoreturn.com\/sv\/casinon-med-obegransad-valkomstbonus\/","og_site_name":"casinoreturn","article_modified_time":"2025-03-13T19:06:31+00:00","og_image":[{"width":1359,"height":767,"url":"https:\/\/casinoreturn.com\/wp-content\/uploads\/2025\/03\/unlimited-welcome-bonus-casinos-1.png","type":"image\/png"}],"twitter_card":"summary_large_image","twitter_misc":{"Ber\u00e4knad l\u00e4stid":"3 minuter"},"schema":{"@context":"https:\/\/schema.org","@graph":[{"@type":"WebPage","@id":"https:\/\/casinoreturn.com\/sv\/casinon-med-obegransad-valkomstbonus\/","url":"https:\/\/casinoreturn.com\/sv\/casinon-med-obegransad-valkomstbonus\/","name":"Casinon med obegr\u00e4nsad v\u00e4lkomstbonus - casinoreturn","isPartOf":{"@id":"https:\/\/casinoreturn.com\/#website"},"primaryImageOfPage":{"@id":"https:\/\/casinoreturn.com\/sv\/casinon-med-obegransad-valkomstbonus\/#primaryimage"},"image":{"@id":"https:\/\/casinoreturn.com\/sv\/casinon-med-obegransad-valkomstbonus\/#primaryimage"},"thumbnailUrl":"https:\/\/casinoreturn.com\/wp-content\/uploads\/2025\/03\/unlimited-welcome-bonus-casinos-1.png","datePublished":"2025-03-13T19:06:28+00:00","dateModified":"2025-03-13T19:06:31+00:00","description":"Kasinon med obegr\u00e4nsad v\u00e4lkomstbonus v\u00e4xer fram. Vi unders\u00f6ker den typen av bonuserbjudande och dess f\u00f6r- och nackdelar.","breadcrumb":{"@id":"https:\/\/casinoreturn.com\/sv\/casinon-med-obegransad-valkomstbonus\/#breadcrumb"},"inLanguage":"sv-SE","potentialAction":[{"@type":"ReadAction","target":["https:\/\/casinoreturn.com\/sv\/casinon-med-obegransad-valkomstbonus\/"]}]},{"@type":"ImageObject","inLanguage":"sv-SE","@id":"https:\/\/casinoreturn.com\/sv\/casinon-med-obegransad-valkomstbonus\/#primaryimage","url":"https:\/\/casinoreturn.com\/wp-content\/uploads\/2025\/03\/unlimited-welcome-bonus-casinos-1.png","contentUrl":"https:\/\/casinoreturn.com\/wp-content\/uploads\/2025\/03\/unlimited-welcome-bonus-casinos-1.png","width":1359,"height":767,"caption":"unlimited welcome bonus casinos"},{"@type":"BreadcrumbList","@id":"https:\/\/casinoreturn.com\/sv\/casinon-med-obegransad-valkomstbonus\/#breadcrumb","itemListElement":[{"@type":"ListItem","position":1,"name":"Home","item":"https:\/\/casinoreturn.com\/sv\/home\/"},{"@type":"ListItem","position":2,"name":"Casinon med obegr\u00e4nsad v\u00e4lkomstbonus"}]},{"@type":"WebSite","@id":"https:\/\/casinoreturn.com\/#website","url":"https:\/\/casinoreturn.com\/","name":"casinoreturn","description":"","publisher":{"@id":"https:\/\/casinoreturn.com\/#organization"},"potentialAction":[{"@type":"SearchAction","target":{"@type":"EntryPoint","urlTemplate":"https:\/\/casinoreturn.com\/?s={search_term_string}"},"query-input":{"@type":"PropertyValueSpecification","valueRequired":true,"valueName":"search_term_string"}}],"inLanguage":"sv-SE"},{"@type":"Organization","@id":"https:\/\/casinoreturn.com\/#organization","name":"casinoreturn","url":"https:\/\/casinoreturn.com\/","logo":{"@type":"ImageObject","inLanguage":"sv-SE","@id":"https:\/\/casinoreturn.com\/#\/schema\/logo\/image\/","url":"https:\/\/casinoreturn.com\/wp-content\/uploads\/2024\/09\/animal-favicon.png","contentUrl":"https:\/\/casinoreturn.com\/wp-content\/uploads\/2024\/09\/animal-favicon.png","width":92,"height":92,"caption":"casinoreturn"},"image":{"@id":"https:\/\/casinoreturn.com\/#\/schema\/logo\/image\/"}}]}},"_links":{"self":[{"href":"https:\/\/casinoreturn.com\/sv\/wp-json\/wp\/v2\/pages\/11483","targetHints":{"allow":["GET"]}}],"collection":[{"href":"https:\/\/casinoreturn.com\/sv\/wp-json\/wp\/v2\/pages"}],"about":[{"href":"https:\/\/casinoreturn.com\/sv\/wp-json\/wp\/v2\/types\/page"}],"author":[{"embeddable":true,"href":"https:\/\/casinoreturn.com\/sv\/wp-json\/wp\/v2\/users\/1"}],"replies":[{"embeddable":true,"href":"https:\/\/casinoreturn.com\/sv\/wp-json\/wp\/v2\/comments?post=11483"}],"version-history":[{"count":2,"href":"https:\/\/casinoreturn.com\/sv\/wp-json\/wp\/v2\/pages\/11483\/revisions"}],"predecessor-version":[{"id":11496,"href":"https:\/\/casinoreturn.com\/sv\/wp-json\/wp\/v2\/pages\/11483\/revisions\/11496"}],"wp:featuredmedia":[{"embeddable":true,"href":"https:\/\/casinoreturn.com\/sv\/wp-json\/wp\/v2\/media\/11387"}],"wp:attachment":[{"href":"https:\/\/casinoreturn.com\/sv\/wp-json\/wp\/v2\/media?parent=11483"}],"curies":[{"name":"wp","href":"https:\/\/api.w.org\/{rel}","templated":true}]}}