{"id":12497,"date":"2024-09-10T11:38:04","date_gmt":"2024-09-10T11:38:04","guid":{"rendered":"https:\/\/casinoreturn.com\/sekretesspolicy\/"},"modified":"2025-03-21T09:46:08","modified_gmt":"2025-03-21T09:46:08","slug":"sekretesspolicy","status":"publish","type":"page","link":"https:\/\/casinoreturn.com\/sv\/sekretesspolicy\/","title":{"rendered":"Sekretesspolicy"},"content":{"rendered":"\t\t<div data-elementor-type=\"wp-page\" data-elementor-id=\"12497\" class=\"elementor elementor-12497\" data-elementor-post-type=\"page\">\n\t\t\t\t<div class=\"elementor-element elementor-element-1857f910 e-flex e-con-boxed e-con e-parent\" data-id=\"1857f910\" data-element_type=\"container\">\n\t\t\t\t\t<div class=\"e-con-inner\">\n\t\t\t\t<div class=\"elementor-element elementor-element-3d53ec11 elementor-widget elementor-widget-text-editor\" data-id=\"3d53ec11\" data-element_type=\"widget\" data-widget_type=\"text-editor.default\">\n\t\t\t\t<div class=\"elementor-widget-container\">\n\t\t\t\t\t\t\t\t\t<h2 class=\"wp-block-heading\">Vilka vi \u00e4r<\/h2>\n<p><b><a href=\"https:\/\/towerhouseaffiliates.net\/\">Tower House Affiliates<\/a><\/b><\/p>\n<h2 class=\"wp-block-heading\">Kommentarer<\/h2>\n<p>N\u00e4r bes\u00f6kare l\u00e4mnar kommentarer p\u00e5 webbplatsen samlar vi in de uppgifter som visas i kommentarsformul\u00e4ret, bes\u00f6karens IP-adress och webbl\u00e4sarens anv\u00e4ndaragentstr\u00e4ng f\u00f6r att hj\u00e4lpa till att uppt\u00e4cka skr\u00e4ppost.<\/p>\n<p>En anonymiserad str\u00e4ng som skapats fr\u00e5n din e-postadress (\u00e4ven kallad hash) kan tillhandah\u00e5llas Gravatar-tj\u00e4nsten f\u00f6r att se om du anv\u00e4nder den. Gravatar-tj\u00e4nstens sekretesspolicy finns tillg\u00e4nglig h\u00e4r: https:\/\/automattic.com\/privacy\/. Efter godk\u00e4nnande av din kommentar \u00e4r din profilbild synlig f\u00f6r allm\u00e4nheten i samband med din kommentar. <strong class=\"privacy-policy-tutorial\"> <\/strong>Om du laddar upp bilder till webbplatsen b\u00f6r du undvika att anv\u00e4nda inb\u00e4ddade platsdata (EXIF GPS). Bes\u00f6kare kan ladda ner och extrahera alla platsdata fr\u00e5n bilder p\u00e5 webbplatsen.<\/p>\n<h2 class=\"wp-block-heading\">Kakor<\/h2>\n<p>Om du l\u00e4mnar en kommentar p\u00e5 v\u00e5r webbplats kan du v\u00e4lja att spara ditt namn, din e-postadress och din webbplats i cookies. Dessa cookies kommer att vara i ett \u00e5r och \u00e4r f\u00f6r din bekv\u00e4mlighet s\u00e5 att du inte beh\u00f6ver fylla i dina uppgifter igen n\u00e4r du l\u00e4mnar en annan kommentar.<\/p>\n<p>Om du bes\u00f6ker v\u00e5r inloggningssida kommer vi att s\u00e4tta en tillf\u00e4llig cookie f\u00f6r att avg\u00f6ra om din webbl\u00e4sare accepterar cookies. Denna cookie inneh\u00e5ller inga personuppgifter och raderas n\u00e4r du st\u00e4nger din webbl\u00e4sare. <\/p>\n<p>N\u00e4r du loggar in kommer vi att skapa flera cookies f\u00f6r att spara din inloggningsinformation och dina val av sk\u00e4rmvisning. Inloggningscookies varar i tv\u00e5 dagar och cookies f\u00f6r sk\u00e4rmalternativ varar i ett \u00e5r. Om du v\u00e4ljer &#8221;Kom ih\u00e5g mig&#8221; kommer din inloggning att finnas kvar i tv\u00e5 veckor. Om du loggar ut fr\u00e5n ditt konto kommer inloggningscookies att tas bort.<\/p>\n<p>Om du redigerar eller publicerar en artikel kommer ytterligare en cookie att sparas i din webbl\u00e4sare. Denna cookie inneh\u00e5ller inga personuppgifter och anger inl\u00e4ggs-ID f\u00f6r den artikel som du just redigerade. Den upph\u00f6r att g\u00e4lla efter 1 dag.<\/p>\n<h2 class=\"wp-block-heading\">Inb\u00e4ddat inneh\u00e5ll fr\u00e5n andra webbplatser<\/h2>\n<p>Artiklar p\u00e5 denna webbplats kan inneh\u00e5lla inb\u00e4ddat inneh\u00e5ll (t.ex. videor, bilder, artiklar etc.). Inb\u00e4ddat inneh\u00e5ll fr\u00e5n andra webbplatser beter sig p\u00e5 exakt samma s\u00e4tt som om bes\u00f6karen hade bes\u00f6kt den andra webbplatsen.<\/p>\n<p>Dessa webbplatser kan samla in uppgifter om dig, anv\u00e4nda cookies, b\u00e4dda in ytterligare sp\u00e5rning fr\u00e5n tredje part och \u00f6vervaka din interaktion med det inb\u00e4ddade inneh\u00e5llet, inklusive att sp\u00e5ra din interaktion med det inb\u00e4ddade inneh\u00e5llet om du har ett konto och \u00e4r inloggad p\u00e5 den webbplatsen.<\/p>\n<h2 class=\"wp-block-heading\">Vem vi delar dina uppgifter med<\/h2>\n<p>Om du beg\u00e4r en \u00e5terst\u00e4llning av l\u00f6senordet kommer din IP-adress att inkluderas i e-postmeddelandet om \u00e5terst\u00e4llning.<\/p>\n<h2 class=\"wp-block-heading\">Hur l\u00e4nge vi beh\u00e5ller dina uppgifter<\/h2>\n<p>Om du l\u00e4mnar en kommentar sparas kommentaren och dess metadata p\u00e5 obest\u00e4md tid. Detta g\u00f6r att vi automatiskt kan identifiera och godk\u00e4nna eventuella uppf\u00f6ljningskommentarer ist\u00e4llet f\u00f6r att h\u00e5lla dem i en modereringsk\u00f6.<\/p>\n<p>Vi lagrar den personliga information som tillhandah\u00e5lls av anv\u00e4ndare som registrerar sig p\u00e5 v\u00e5r webbplats (om n\u00e5gon) i deras anv\u00e4ndarprofiler. Alla anv\u00e4ndare kan n\u00e4r som helst se, redigera eller radera sin personliga information (f\u00f6rutom att de inte kan \u00e4ndra sitt anv\u00e4ndarnamn). Webbplatsadministrat\u00f6rer kan ocks\u00e5 se och redigera den informationen.<\/p>\n<h2 class=\"wp-block-heading\">Vilka r\u00e4ttigheter du har \u00f6ver dina uppgifter<\/h2>\n<p>Om du har ett konto p\u00e5 den h\u00e4r webbplatsen eller har l\u00e4mnat kommentarer kan du beg\u00e4ra att f\u00e5 en exporterad fil med de personuppgifter vi har om dig, inklusive eventuella uppgifter som du har l\u00e4mnat till oss. Du kan ocks\u00e5 beg\u00e4ra att vi raderar alla personuppgifter vi har om dig. Detta omfattar inte uppgifter som vi m\u00e5ste spara av administrativa, juridiska eller s\u00e4kerhetssk\u00e4l.<\/p>\n<h2 class=\"wp-block-heading\">Vart dina uppgifter skickas<\/h2>\n<p>Bes\u00f6kares kommentarer kan kontrolleras genom en automatiserad tj\u00e4nst f\u00f6r uppt\u00e4ckt av skr\u00e4ppost.<\/p>\n\t\t\t\t\t\t\t\t<\/div>\n\t\t\t\t<\/div>\n\t\t\t\t\t<\/div>\n\t\t\t\t<\/div>\n\t\t\t\t<\/div>\n\t\t","protected":false},"excerpt":{"rendered":"<p>Vilka vi \u00e4r Tower House Affiliates Kommentarer N\u00e4r bes\u00f6kare l\u00e4mnar kommentarer p\u00e5 webbplatsen samlar vi in de uppgifter som visas i kommentarsformul\u00e4ret, bes\u00f6karens IP-adress och webbl\u00e4sarens anv\u00e4ndaragentstr\u00e4ng f\u00f6r att hj\u00e4lpa till att uppt\u00e4cka skr\u00e4ppost. En anonymiserad str\u00e4ng som skapats fr\u00e5n din e-postadress (\u00e4ven kallad hash) kan tillhandah\u00e5llas Gravatar-tj\u00e4nsten f\u00f6r att se om du anv\u00e4nder den. [&hellip;]<\/p>\n","protected":false},"author":1,"featured_media":0,"parent":0,"menu_order":0,"comment_status":"closed","ping_status":"closed","template":"","meta":{"footnotes":""},"class_list":["post-12497","page","type-page","status-publish","hentry"],"blocksy_meta":[],"acf":[],"yoast_head":"<!-- This site is optimized with the Yoast SEO plugin v24.1 - https:\/\/yoast.com\/wordpress\/plugins\/seo\/ -->\n<title>Sekretesspolicy - casinoreturn<\/title>\n<meta name=\"robots\" content=\"index, follow, max-snippet:-1, max-image-preview:large, max-video-preview:-1\" \/>\n<link rel=\"canonical\" href=\"https:\/\/casinoreturn.com\/sv\/sekretesspolicy\/\" \/>\n<meta property=\"og:locale\" content=\"sv_SE\" \/>\n<meta property=\"og:type\" content=\"article\" \/>\n<meta property=\"og:title\" content=\"Sekretesspolicy - casinoreturn\" \/>\n<meta property=\"og:description\" content=\"Vilka vi \u00e4r Tower House Affiliates Kommentarer N\u00e4r bes\u00f6kare l\u00e4mnar kommentarer p\u00e5 webbplatsen samlar vi in de uppgifter som visas i kommentarsformul\u00e4ret, bes\u00f6karens IP-adress och webbl\u00e4sarens anv\u00e4ndaragentstr\u00e4ng f\u00f6r att hj\u00e4lpa till att uppt\u00e4cka skr\u00e4ppost. En anonymiserad str\u00e4ng som skapats fr\u00e5n din e-postadress (\u00e4ven kallad hash) kan tillhandah\u00e5llas Gravatar-tj\u00e4nsten f\u00f6r att se om du anv\u00e4nder den. [&hellip;]\" \/>\n<meta property=\"og:url\" content=\"https:\/\/casinoreturn.com\/sv\/sekretesspolicy\/\" \/>\n<meta property=\"og:site_name\" content=\"casinoreturn\" \/>\n<meta property=\"article:modified_time\" content=\"2025-03-21T09:46:08+00:00\" \/>\n<meta name=\"twitter:card\" content=\"summary_large_image\" \/>\n<meta name=\"twitter:label1\" content=\"Ber\u00e4knad l\u00e4stid\" \/>\n\t<meta name=\"twitter:data1\" content=\"3 minuter\" \/>\n<script type=\"application\/ld+json\" class=\"yoast-schema-graph\">{\"@context\":\"https:\/\/schema.org\",\"@graph\":[{\"@type\":\"WebPage\",\"@id\":\"https:\/\/casinoreturn.com\/sv\/sekretesspolicy\/\",\"url\":\"https:\/\/casinoreturn.com\/sv\/sekretesspolicy\/\",\"name\":\"Sekretesspolicy - casinoreturn\",\"isPartOf\":{\"@id\":\"https:\/\/casinoreturn.com\/#website\"},\"datePublished\":\"2024-09-10T11:38:04+00:00\",\"dateModified\":\"2025-03-21T09:46:08+00:00\",\"breadcrumb\":{\"@id\":\"https:\/\/casinoreturn.com\/sv\/sekretesspolicy\/#breadcrumb\"},\"inLanguage\":\"sv-SE\",\"potentialAction\":[{\"@type\":\"ReadAction\",\"target\":[\"https:\/\/casinoreturn.com\/sv\/sekretesspolicy\/\"]}]},{\"@type\":\"BreadcrumbList\",\"@id\":\"https:\/\/casinoreturn.com\/sv\/sekretesspolicy\/#breadcrumb\",\"itemListElement\":[{\"@type\":\"ListItem\",\"position\":1,\"name\":\"Home\",\"item\":\"https:\/\/casinoreturn.com\/sv\/home\/\"},{\"@type\":\"ListItem\",\"position\":2,\"name\":\"Sekretesspolicy\"}]},{\"@type\":\"WebSite\",\"@id\":\"https:\/\/casinoreturn.com\/#website\",\"url\":\"https:\/\/casinoreturn.com\/\",\"name\":\"casinoreturn\",\"description\":\"\",\"publisher\":{\"@id\":\"https:\/\/casinoreturn.com\/#organization\"},\"potentialAction\":[{\"@type\":\"SearchAction\",\"target\":{\"@type\":\"EntryPoint\",\"urlTemplate\":\"https:\/\/casinoreturn.com\/?s={search_term_string}\"},\"query-input\":{\"@type\":\"PropertyValueSpecification\",\"valueRequired\":true,\"valueName\":\"search_term_string\"}}],\"inLanguage\":\"sv-SE\"},{\"@type\":\"Organization\",\"@id\":\"https:\/\/casinoreturn.com\/#organization\",\"name\":\"casinoreturn\",\"url\":\"https:\/\/casinoreturn.com\/\",\"logo\":{\"@type\":\"ImageObject\",\"inLanguage\":\"sv-SE\",\"@id\":\"https:\/\/casinoreturn.com\/#\/schema\/logo\/image\/\",\"url\":\"https:\/\/casinoreturn.com\/wp-content\/uploads\/2024\/09\/animal-favicon.png\",\"contentUrl\":\"https:\/\/casinoreturn.com\/wp-content\/uploads\/2024\/09\/animal-favicon.png\",\"width\":92,\"height\":92,\"caption\":\"casinoreturn\"},\"image\":{\"@id\":\"https:\/\/casinoreturn.com\/#\/schema\/logo\/image\/\"}}]}<\/script>\n<!-- \/ Yoast SEO plugin. -->","yoast_head_json":{"title":"Sekretesspolicy - casinoreturn","robots":{"index":"index","follow":"follow","max-snippet":"max-snippet:-1","max-image-preview":"max-image-preview:large","max-video-preview":"max-video-preview:-1"},"canonical":"https:\/\/casinoreturn.com\/sv\/sekretesspolicy\/","og_locale":"sv_SE","og_type":"article","og_title":"Sekretesspolicy - casinoreturn","og_description":"Vilka vi \u00e4r Tower House Affiliates Kommentarer N\u00e4r bes\u00f6kare l\u00e4mnar kommentarer p\u00e5 webbplatsen samlar vi in de uppgifter som visas i kommentarsformul\u00e4ret, bes\u00f6karens IP-adress och webbl\u00e4sarens anv\u00e4ndaragentstr\u00e4ng f\u00f6r att hj\u00e4lpa till att uppt\u00e4cka skr\u00e4ppost. En anonymiserad str\u00e4ng som skapats fr\u00e5n din e-postadress (\u00e4ven kallad hash) kan tillhandah\u00e5llas Gravatar-tj\u00e4nsten f\u00f6r att se om du anv\u00e4nder den. [&hellip;]","og_url":"https:\/\/casinoreturn.com\/sv\/sekretesspolicy\/","og_site_name":"casinoreturn","article_modified_time":"2025-03-21T09:46:08+00:00","twitter_card":"summary_large_image","twitter_misc":{"Ber\u00e4knad l\u00e4stid":"3 minuter"},"schema":{"@context":"https:\/\/schema.org","@graph":[{"@type":"WebPage","@id":"https:\/\/casinoreturn.com\/sv\/sekretesspolicy\/","url":"https:\/\/casinoreturn.com\/sv\/sekretesspolicy\/","name":"Sekretesspolicy - casinoreturn","isPartOf":{"@id":"https:\/\/casinoreturn.com\/#website"},"datePublished":"2024-09-10T11:38:04+00:00","dateModified":"2025-03-21T09:46:08+00:00","breadcrumb":{"@id":"https:\/\/casinoreturn.com\/sv\/sekretesspolicy\/#breadcrumb"},"inLanguage":"sv-SE","potentialAction":[{"@type":"ReadAction","target":["https:\/\/casinoreturn.com\/sv\/sekretesspolicy\/"]}]},{"@type":"BreadcrumbList","@id":"https:\/\/casinoreturn.com\/sv\/sekretesspolicy\/#breadcrumb","itemListElement":[{"@type":"ListItem","position":1,"name":"Home","item":"https:\/\/casinoreturn.com\/sv\/home\/"},{"@type":"ListItem","position":2,"name":"Sekretesspolicy"}]},{"@type":"WebSite","@id":"https:\/\/casinoreturn.com\/#website","url":"https:\/\/casinoreturn.com\/","name":"casinoreturn","description":"","publisher":{"@id":"https:\/\/casinoreturn.com\/#organization"},"potentialAction":[{"@type":"SearchAction","target":{"@type":"EntryPoint","urlTemplate":"https:\/\/casinoreturn.com\/?s={search_term_string}"},"query-input":{"@type":"PropertyValueSpecification","valueRequired":true,"valueName":"search_term_string"}}],"inLanguage":"sv-SE"},{"@type":"Organization","@id":"https:\/\/casinoreturn.com\/#organization","name":"casinoreturn","url":"https:\/\/casinoreturn.com\/","logo":{"@type":"ImageObject","inLanguage":"sv-SE","@id":"https:\/\/casinoreturn.com\/#\/schema\/logo\/image\/","url":"https:\/\/casinoreturn.com\/wp-content\/uploads\/2024\/09\/animal-favicon.png","contentUrl":"https:\/\/casinoreturn.com\/wp-content\/uploads\/2024\/09\/animal-favicon.png","width":92,"height":92,"caption":"casinoreturn"},"image":{"@id":"https:\/\/casinoreturn.com\/#\/schema\/logo\/image\/"}}]}},"_links":{"self":[{"href":"https:\/\/casinoreturn.com\/sv\/wp-json\/wp\/v2\/pages\/12497","targetHints":{"allow":["GET"]}}],"collection":[{"href":"https:\/\/casinoreturn.com\/sv\/wp-json\/wp\/v2\/pages"}],"about":[{"href":"https:\/\/casinoreturn.com\/sv\/wp-json\/wp\/v2\/types\/page"}],"author":[{"embeddable":true,"href":"https:\/\/casinoreturn.com\/sv\/wp-json\/wp\/v2\/users\/1"}],"replies":[{"embeddable":true,"href":"https:\/\/casinoreturn.com\/sv\/wp-json\/wp\/v2\/comments?post=12497"}],"version-history":[{"count":1,"href":"https:\/\/casinoreturn.com\/sv\/wp-json\/wp\/v2\/pages\/12497\/revisions"}],"predecessor-version":[{"id":12498,"href":"https:\/\/casinoreturn.com\/sv\/wp-json\/wp\/v2\/pages\/12497\/revisions\/12498"}],"wp:attachment":[{"href":"https:\/\/casinoreturn.com\/sv\/wp-json\/wp\/v2\/media?parent=12497"}],"curies":[{"name":"wp","href":"https:\/\/api.w.org\/{rel}","templated":true}]}}