{"id":16015,"date":"2025-10-20T11:35:56","date_gmt":"2025-10-20T11:35:56","guid":{"rendered":"https:\/\/casinoreturn.com\/sweepstake-kasinon-i-virginia\/"},"modified":"2025-10-31T14:20:00","modified_gmt":"2025-10-31T14:20:00","slug":"sweepstake-kasinon-i-virginia","status":"publish","type":"page","link":"https:\/\/casinoreturn.com\/sv\/sweepstake-kasinon-i-virginia\/","title":{"rendered":"Sweepstake kasinon i Virginia"},"content":{"rendered":"\t\t<div data-elementor-type=\"wp-page\" data-elementor-id=\"16015\" class=\"elementor elementor-16015\" data-elementor-post-type=\"page\">\n\t\t\t\t<div class=\"elementor-element elementor-element-047734d e-con-full e-flex e-con e-parent\" data-id=\"047734d\" data-element_type=\"container\">\n\t\t\t\t<div class=\"elementor-element elementor-element-1de28d0 elementor-widget elementor-widget-heading\" data-id=\"1de28d0\" data-element_type=\"widget\" data-widget_type=\"heading.default\">\n\t\t\t\t<div class=\"elementor-widget-container\">\n\t\t\t\t\t<h2 class=\"elementor-heading-title elementor-size-default\">Sweepstake kasinon i Virginia<\/h2>\t\t\t\t<\/div>\n\t\t\t\t<\/div>\n\t\t\t\t<div class=\"elementor-element elementor-element-84aa821 elementor-widget elementor-widget-text-editor\" data-id=\"84aa821\" data-element_type=\"widget\" data-widget_type=\"text-editor.default\">\n\t\t\t\t<div class=\"elementor-widget-container\">\n\t\t\t\t\t\t\t\t\t<p>Sweepstake-kasinon i Virginia anses inte vara spel p\u00e5 grund av modellen f\u00f6r gratis intr\u00e4de. Andra delstater som New York och Kalifornien har intagit en starkare h\u00e5llning till kasinon med t\u00e4vlingar. L\u00e4s mer om <a href=\"https:\/\/casinoreturn.com\/new-york-sweepstake-casinos\/\">New York och deras nuvarande r\u00e4ttsliga inst\u00e4llning till kasinon med t\u00e4vlingar<\/a>. Och h\u00e4r \u00e4r en fullst\u00e4ndig recension om <a href=\"https:\/\/casinoreturn.com\/california-bans-social-sweepstake-games\/\">Kaliforniens inst\u00e4llning till sweepstake-kasinon<\/a>.<\/p>\n<p><img fetchpriority=\"high\" decoding=\"async\" class=\"alignnone size-medium wp-image-15603\" src=\"https:\/\/casinoreturn.com\/wp-content\/uploads\/2025\/10\/Sweepstake-Casinos-in-Virginia-300x300.png\" alt=\"Sweepstake kasinon i Virginia\" width=\"300\" height=\"300\" srcset=\"https:\/\/casinoreturn.com\/wp-content\/uploads\/2025\/10\/Sweepstake-Casinos-in-Virginia-300x300.png 300w, https:\/\/casinoreturn.com\/wp-content\/uploads\/2025\/10\/Sweepstake-Casinos-in-Virginia-150x150.png 150w, https:\/\/casinoreturn.com\/wp-content\/uploads\/2025\/10\/Sweepstake-Casinos-in-Virginia-768x768.png 768w, https:\/\/casinoreturn.com\/wp-content\/uploads\/2025\/10\/Sweepstake-Casinos-in-Virginia.png 1024w\" sizes=\"(max-width: 300px) 100vw, 300px\" \/><\/p>\n<p>I den h\u00e4r artikeln:  <\/p>\n<ul>\n<li><a href=\"https:\/\/casinoreturn.com\/sv\/sweepstake-kasinon-i-virginia\/#virginia\">Sweepstake i Virginia  <\/a><\/li>\n<li><a href=\"https:\/\/casinoreturn.com\/sv\/sweepstake-kasinon-i-virginia\/#sport\">Vadslagning p\u00e5 sport i Virginia  <\/a><\/li>\n<li><a href=\"https:\/\/casinoreturn.com\/sv\/sweepstake-kasinon-i-virginia\/#list\">Lista \u00f6ver Sweepstake kasinon i Virginia  <\/a><\/li>\n<li><a href=\"https:\/\/casinoreturn.com\/sv\/sweepstake-kasinon-i-virginia\/#land\">Landbaserade Real Monay kasinon i Viginia<\/a><\/li>\n<li><a href=\"https:\/\/casinoreturn.com\/sv\/sweepstake-kasinon-i-virginia\/#faq\">FQA:s t\u00e4vlingar i Virginia<\/a><\/li>\n<\/ul>\n\t\t\t\t\t\t\t\t<\/div>\n\t\t\t\t<\/div>\n\t\t\t\t<div class=\"elementor-element elementor-element-8978e42 elementor-widget elementor-widget-heading\" data-id=\"8978e42\" data-element_type=\"widget\" data-widget_type=\"heading.default\">\n\t\t\t\t<div class=\"elementor-widget-container\">\n\t\t\t\t\t<h3 class=\"elementor-heading-title elementor-size-default\">T\u00e4vlingar i Virginia<\/h3>\t\t\t\t<\/div>\n\t\t\t\t<\/div>\n\t\t\t\t<div class=\"elementor-element elementor-element-48ec529 elementor-widget elementor-widget-text-editor\" data-id=\"48ec529\" data-element_type=\"widget\" id=\"virginia\" data-widget_type=\"text-editor.default\">\n\t\t\t\t<div class=\"elementor-widget-container\">\n\t\t\t\t\t\t\t\t\t<p>Lotterier \u00e4r ett nytt s\u00e4tt att f\u00f6rh\u00f6ja spelupplevelsen utan att beh\u00f6va satsa riktiga pengar. Andra \u00e4n i riktiga pengar online sweepstake kasinon erbjuder bekv\u00e4mligheten med enkel intr\u00e4de f\u00f6r att spela p\u00e5 sociala kasinon med extra kampanjer. Det beh\u00f6vs inget k\u00f6p och s\u00e5 kallade guldmynt ges gratis. L\u00e4s mer om sociala kasinon i v\u00e5rt avsnitt <a href=\"https:\/\/casinoreturn.com\/sweep-stake-casino-return-usa\/\">sweepstake casino retur USA<\/a>, d\u00e4r du hittar detaljerade svar f\u00f6r Guldmynt, kampanjer, regler och skillnaden mellan ett socialt kasino och sweepstake casino.  <\/p>\n<p><img decoding=\"async\" class=\"alignnone size-medium wp-image-14813\" src=\"https:\/\/casinoreturn.com\/wp-content\/uploads\/2025\/10\/Sweep-stake-casino-return-300x166.jpg\" alt=\"Sweep insats casino avkastning\" width=\"300\" height=\"166\" srcset=\"https:\/\/casinoreturn.com\/wp-content\/uploads\/2025\/10\/Sweep-stake-casino-return-300x166.jpg 300w, https:\/\/casinoreturn.com\/wp-content\/uploads\/2025\/10\/Sweep-stake-casino-return-768x424.jpg 768w, https:\/\/casinoreturn.com\/wp-content\/uploads\/2025\/10\/Sweep-stake-casino-return.jpg 906w\" sizes=\"(max-width: 300px) 100vw, 300px\" \/><\/p>\n<p>S\u00e5 den goda nyheten f\u00f6r spelare i Virginia \u00e4r att det \u00e4r lagligt, s\u00e5vida inte operat\u00f6rer erbjuder dolda s\u00e4tt att spela med riktiga pengar, vilket skulle anses vara olagligt.  <\/p>\n\t\t\t\t\t\t\t\t<\/div>\n\t\t\t\t<\/div>\n\t\t\t\t<div class=\"elementor-element elementor-element-601b0c0 elementor-widget elementor-widget-heading\" data-id=\"601b0c0\" data-element_type=\"widget\" data-widget_type=\"heading.default\">\n\t\t\t\t<div class=\"elementor-widget-container\">\n\t\t\t\t\t<h3 class=\"elementor-heading-title elementor-size-default\">Sportsbetting i Virginia<\/h3>\t\t\t\t<\/div>\n\t\t\t\t<\/div>\n\t\t\t\t<div class=\"elementor-element elementor-element-a402086 elementor-widget elementor-widget-text-editor\" data-id=\"a402086\" data-element_type=\"widget\" id=\"sport\" data-widget_type=\"text-editor.default\">\n\t\t\t\t<div class=\"elementor-widget-container\">\n\t\t\t\t\t\t\t\t\t<p>Sportspel \u00e4r till\u00e5tet i delstaten Virginia enligt artikel 2 i kapitel 40, med titeln Virginia Code 58.1. L\u00e5ter det komplicerat? Nej, det \u00e4r det inte. Spelare m\u00e5ste vara 21 \u00e5r gamla och bosatta i Virginia. Operat\u00f6rer som erbjuder mobilspel M\u00c5STE inneha en lokal (Virginia-baserad) licens.  <\/p>\n<p><strong>Som i de flesta amerikanska delstater \u00e4r det f\u00f6rbjudet att spela p\u00e5 College-idrottsevenemang och alla sporter som involverar minder\u00e5riga, om till exempel ett lag fr\u00e5n Virginia \u00e4r inblandat.  <\/strong><\/p>\n<p>Operat\u00f6rer i Virginia m\u00e5ste f\u00f6lja s\u00e4kerhetsregler och f\u00f6reskrifter f\u00f6r att garantera ansvarsfullt spelande. Deras licens f\u00f6reskriver ocks\u00e5 att de ska betala en GGR-skatt p\u00e5 15% p\u00e5 int\u00e4kterna.  <\/p>\n\t\t\t\t\t\t\t\t<\/div>\n\t\t\t\t<\/div>\n\t\t\t\t<div class=\"elementor-element elementor-element-2f1924c elementor-widget elementor-widget-heading\" data-id=\"2f1924c\" data-element_type=\"widget\" data-widget_type=\"heading.default\">\n\t\t\t\t<div class=\"elementor-widget-container\">\n\t\t\t\t\t<h2 class=\"elementor-heading-title elementor-size-default\">Lista \u00f6ver operat\u00f6rer av sportspel i Virginia<\/h2>\t\t\t\t<\/div>\n\t\t\t\t<\/div>\n\t\t\t\t<div class=\"elementor-element elementor-element-72b28f4 elementor-widget elementor-widget-text-editor\" data-id=\"72b28f4\" data-element_type=\"widget\" id=\"list\" data-widget_type=\"text-editor.default\">\n\t\t\t\t<div class=\"elementor-widget-container\">\n\t\t\t\t\t\t\t\t\t<p>Lista \u00f6ver operat\u00f6rer av sportspel i Virginia. Som du kan se inneh\u00e5ller f\u00f6ljande lista mycket f\u00e5 \u00f6verraskningar. De tre stora inom amerikansk vadslagning \u00e4r n\u00e4rvarande liksom n\u00e5gra europeiska webbplatser med matchande eller till och med b\u00e4ttre vadslagningsplattformar.  <\/p>\n<p>H\u00e4r \u00e4r v\u00e5ra topp 5 Virginia Betting-webbplatser:  <\/p>\n<ul>\n<li>Bet365 &#8211; M\u00e4stare p\u00e5 f\u00e4ltet, en sann spelare<\/li>\n<li>BetMGM &#8211; Stort namn i USA, rankad 4:e i int\u00e4kter 2025<\/li>\n<li>Ceasars Sportsbook &#8211; rankad 5:a i int\u00e4kter men har en stark portf\u00f6lj  <\/li>\n<li>FanDuel &#8211; beh\u00f6ver ingen n\u00e4rmare presentation, kommande med st\u00f6rst tillv\u00e4xt 2025<\/li>\n<li>Fanatics &#8211; rankad bland de 2 fr\u00e4msta, marknadsledare i hela USA  <\/li>\n<\/ul>\n\t\t\t\t\t\t\t\t<\/div>\n\t\t\t\t<\/div>\n\t\t\t\t<div class=\"elementor-element elementor-element-80164e0 elementor-widget elementor-widget-heading\" data-id=\"80164e0\" data-element_type=\"widget\" data-widget_type=\"heading.default\">\n\t\t\t\t<div class=\"elementor-widget-container\">\n\t\t\t\t\t<h3 class=\"elementor-heading-title elementor-size-default\">Landbaserade kasinon i Virginia  <\/h3>\t\t\t\t<\/div>\n\t\t\t\t<\/div>\n\t\t\t\t<div class=\"elementor-element elementor-element-3d78c2a elementor-widget elementor-widget-text-editor\" data-id=\"3d78c2a\" data-element_type=\"widget\" id=\"land\" data-widget_type=\"text-editor.default\">\n\t\t\t\t<div class=\"elementor-widget-container\">\n\t\t\t\t\t\t\t\t\t<p>Landbaserade kasinon i Virginia, USA \u00e4r mycket begr\u00e4nsade. Under 2020 gavs endast 5 licenser till landbaserade kasinon. 3 av 5 \u00e4r f\u00f6r n\u00e4rvarande i drift och tv\u00e5 kasinon \u00e4r under utveckling. De tre kasinona i Bristol, USA, Portsmouth, USA, och Danville \u00e4r i sig sj\u00e4lva redan ganska imponerande i statistiken. Bara under 2024 kommer de totala spelint\u00e4kterna att uppg\u00e5 till 1,4 miljarder USD. Int\u00e4kterna i denna verksamhet skapas via kasinon med riktiga pengar: Spelautomater, bordsspel, live dealer-spel, vadslagning och spelautomater.  <\/p>\n\t\t\t\t\t\t\t\t<\/div>\n\t\t\t\t<\/div>\n\t\t\t\t<div class=\"elementor-element elementor-element-d7fd54d elementor-widget elementor-widget-heading\" data-id=\"d7fd54d\" data-element_type=\"widget\" data-widget_type=\"heading.default\">\n\t\t\t\t<div class=\"elementor-widget-container\">\n\t\t\t\t\t<h3 class=\"elementor-heading-title elementor-size-default\">FAQ: s Sweepstake-kasinon i Virgina<\/h3>\t\t\t\t<\/div>\n\t\t\t\t<\/div>\n\t\t\t\t<div class=\"elementor-element elementor-element-59fc1da elementor-widget elementor-widget-elementskit-faq\" data-id=\"59fc1da\" data-element_type=\"widget\" id=\"faq\" data-widget_type=\"elementskit-faq.default\">\n\t\t\t\t<div class=\"elementor-widget-container\">\n\t\t\t\t\t<div class=\"ekit-wid-con\" >\n                <div class=\"elementskit-single-faq elementor-repeater-item-8a3ec80\">\n            <div class=\"elementskit-faq-header\">\n                <h2 class=\"elementskit-faq-title\">What are Gold Coins in Sweepstake casinos?<\/h2>\n            <\/div>\n            <div class=\"elementskit-faq-body\">\n                Other than Real money casinos, Gold coins are a free giveaway in online Social Casinos. Gold coins are a promotional addition and can be part of a social Casino without a purchase.             <\/div>\n        <\/div>\n                <div class=\"elementskit-single-faq elementor-repeater-item-c0e40d1\">\n            <div class=\"elementskit-faq-header\">\n                <h2 class=\"elementskit-faq-title\">Can I bet on College football in Virginia, US? <\/h2>\n            <\/div>\n            <div class=\"elementskit-faq-body\">\n                The answer is NO. you can't bet on College football, or college sport events in Virginia. Same applies to any event involving minors.            <\/div>\n        <\/div>\n                <div class=\"elementskit-single-faq elementor-repeater-item-7190428\">\n            <div class=\"elementskit-faq-header\">\n                <h2 class=\"elementskit-faq-title\">Where can I play casino with real money in Virginia?<\/h2>\n            <\/div>\n            <div class=\"elementskit-faq-body\">\n                Real money casinos are land-based only. With currently 3 out of 5 land-based Casinos running, the choice is limited.             <\/div>\n        <\/div>\n                \n    <\/div>\t\t\t\t<\/div>\n\t\t\t\t<\/div>\n\t\t\t\t<\/div>\n\t\t\t\t<\/div>\n\t\t","protected":false},"excerpt":{"rendered":"<p>Sweepstake kasinon i Virginia Sweepstake-kasinon i Virginia anses inte vara spel p\u00e5 grund av modellen f\u00f6r gratis intr\u00e4de. Andra delstater som New York och Kalifornien har intagit en starkare h\u00e5llning till kasinon med t\u00e4vlingar. L\u00e4s mer om New York och deras nuvarande r\u00e4ttsliga inst\u00e4llning till kasinon med t\u00e4vlingar. Och h\u00e4r \u00e4r en fullst\u00e4ndig recension om [&hellip;]<\/p>\n","protected":false},"author":1,"featured_media":15613,"parent":0,"menu_order":0,"comment_status":"closed","ping_status":"closed","template":"","meta":{"footnotes":""},"class_list":["post-16015","page","type-page","status-publish","has-post-thumbnail","hentry"],"blocksy_meta":[],"acf":[],"yoast_head":"<!-- This site is optimized with the Yoast SEO plugin v24.1 - https:\/\/yoast.com\/wordpress\/plugins\/seo\/ -->\n<title>Sweepstake kasinon i Virginia - casinoreturn<\/title>\n<meta name=\"description\" content=\"Sweepstake-kasinon i Virginia \u00e4r lagliga - f\u00f6r nu. Kampanjt\u00e4vlingar \u00e4r nyckeln till att f\u00f6rbli lagliga utan utbyte av kontanter.\" \/>\n<meta name=\"robots\" content=\"index, follow, max-snippet:-1, max-image-preview:large, max-video-preview:-1\" \/>\n<link rel=\"canonical\" href=\"https:\/\/casinoreturn.com\/sv\/sweepstake-kasinon-i-virginia\/\" \/>\n<meta property=\"og:locale\" content=\"sv_SE\" \/>\n<meta property=\"og:type\" content=\"article\" \/>\n<meta property=\"og:title\" content=\"Sweepstake kasinon i Virginia - casinoreturn\" \/>\n<meta property=\"og:description\" content=\"Sweepstake-kasinon i Virginia \u00e4r lagliga - f\u00f6r nu. Kampanjt\u00e4vlingar \u00e4r nyckeln till att f\u00f6rbli lagliga utan utbyte av kontanter.\" \/>\n<meta property=\"og:url\" content=\"https:\/\/casinoreturn.com\/sv\/sweepstake-kasinon-i-virginia\/\" \/>\n<meta property=\"og:site_name\" content=\"casinoreturn\" \/>\n<meta property=\"article:modified_time\" content=\"2025-10-31T14:20:00+00:00\" \/>\n<meta property=\"og:image\" content=\"https:\/\/casinoreturn.com\/wp-content\/uploads\/2025\/10\/Sweepstake-Casinos-in-Virginia.png\" \/>\n\t<meta property=\"og:image:width\" content=\"1024\" \/>\n\t<meta property=\"og:image:height\" content=\"1024\" \/>\n\t<meta property=\"og:image:type\" content=\"image\/png\" \/>\n<meta name=\"twitter:card\" content=\"summary_large_image\" \/>\n<meta name=\"twitter:label1\" content=\"Ber\u00e4knad l\u00e4stid\" \/>\n\t<meta name=\"twitter:data1\" content=\"3 minuter\" \/>\n<script type=\"application\/ld+json\" class=\"yoast-schema-graph\">{\"@context\":\"https:\/\/schema.org\",\"@graph\":[{\"@type\":\"WebPage\",\"@id\":\"https:\/\/casinoreturn.com\/sv\/sweepstake-kasinon-i-virginia\/\",\"url\":\"https:\/\/casinoreturn.com\/sv\/sweepstake-kasinon-i-virginia\/\",\"name\":\"Sweepstake kasinon i Virginia - casinoreturn\",\"isPartOf\":{\"@id\":\"https:\/\/casinoreturn.com\/#website\"},\"primaryImageOfPage\":{\"@id\":\"https:\/\/casinoreturn.com\/sv\/sweepstake-kasinon-i-virginia\/#primaryimage\"},\"image\":{\"@id\":\"https:\/\/casinoreturn.com\/sv\/sweepstake-kasinon-i-virginia\/#primaryimage\"},\"thumbnailUrl\":\"https:\/\/casinoreturn.com\/wp-content\/uploads\/2025\/10\/Sweepstake-Casinos-in-Virginia.png\",\"datePublished\":\"2025-10-20T11:35:56+00:00\",\"dateModified\":\"2025-10-31T14:20:00+00:00\",\"description\":\"Sweepstake-kasinon i Virginia \u00e4r lagliga - f\u00f6r nu. Kampanjt\u00e4vlingar \u00e4r nyckeln till att f\u00f6rbli lagliga utan utbyte av kontanter.\",\"breadcrumb\":{\"@id\":\"https:\/\/casinoreturn.com\/sv\/sweepstake-kasinon-i-virginia\/#breadcrumb\"},\"inLanguage\":\"sv-SE\",\"potentialAction\":[{\"@type\":\"ReadAction\",\"target\":[\"https:\/\/casinoreturn.com\/sv\/sweepstake-kasinon-i-virginia\/\"]}]},{\"@type\":\"ImageObject\",\"inLanguage\":\"sv-SE\",\"@id\":\"https:\/\/casinoreturn.com\/sv\/sweepstake-kasinon-i-virginia\/#primaryimage\",\"url\":\"https:\/\/casinoreturn.com\/wp-content\/uploads\/2025\/10\/Sweepstake-Casinos-in-Virginia.png\",\"contentUrl\":\"https:\/\/casinoreturn.com\/wp-content\/uploads\/2025\/10\/Sweepstake-Casinos-in-Virginia.png\",\"width\":1024,\"height\":1024,\"caption\":\"Sweepstake Casinos in Virginia\"},{\"@type\":\"BreadcrumbList\",\"@id\":\"https:\/\/casinoreturn.com\/sv\/sweepstake-kasinon-i-virginia\/#breadcrumb\",\"itemListElement\":[{\"@type\":\"ListItem\",\"position\":1,\"name\":\"Home\",\"item\":\"https:\/\/casinoreturn.com\/sv\/home\/\"},{\"@type\":\"ListItem\",\"position\":2,\"name\":\"Sweepstake kasinon i Virginia\"}]},{\"@type\":\"WebSite\",\"@id\":\"https:\/\/casinoreturn.com\/#website\",\"url\":\"https:\/\/casinoreturn.com\/\",\"name\":\"casinoreturn\",\"description\":\"\",\"publisher\":{\"@id\":\"https:\/\/casinoreturn.com\/#organization\"},\"potentialAction\":[{\"@type\":\"SearchAction\",\"target\":{\"@type\":\"EntryPoint\",\"urlTemplate\":\"https:\/\/casinoreturn.com\/?s={search_term_string}\"},\"query-input\":{\"@type\":\"PropertyValueSpecification\",\"valueRequired\":true,\"valueName\":\"search_term_string\"}}],\"inLanguage\":\"sv-SE\"},{\"@type\":\"Organization\",\"@id\":\"https:\/\/casinoreturn.com\/#organization\",\"name\":\"casinoreturn\",\"url\":\"https:\/\/casinoreturn.com\/\",\"logo\":{\"@type\":\"ImageObject\",\"inLanguage\":\"sv-SE\",\"@id\":\"https:\/\/casinoreturn.com\/#\/schema\/logo\/image\/\",\"url\":\"https:\/\/casinoreturn.com\/wp-content\/uploads\/2024\/09\/animal-favicon.png\",\"contentUrl\":\"https:\/\/casinoreturn.com\/wp-content\/uploads\/2024\/09\/animal-favicon.png\",\"width\":92,\"height\":92,\"caption\":\"casinoreturn\"},\"image\":{\"@id\":\"https:\/\/casinoreturn.com\/#\/schema\/logo\/image\/\"}}]}<\/script>\n<!-- \/ Yoast SEO plugin. -->","yoast_head_json":{"title":"Sweepstake kasinon i Virginia - casinoreturn","description":"Sweepstake-kasinon i Virginia \u00e4r lagliga - f\u00f6r nu. Kampanjt\u00e4vlingar \u00e4r nyckeln till att f\u00f6rbli lagliga utan utbyte av kontanter.","robots":{"index":"index","follow":"follow","max-snippet":"max-snippet:-1","max-image-preview":"max-image-preview:large","max-video-preview":"max-video-preview:-1"},"canonical":"https:\/\/casinoreturn.com\/sv\/sweepstake-kasinon-i-virginia\/","og_locale":"sv_SE","og_type":"article","og_title":"Sweepstake kasinon i Virginia - casinoreturn","og_description":"Sweepstake-kasinon i Virginia \u00e4r lagliga - f\u00f6r nu. Kampanjt\u00e4vlingar \u00e4r nyckeln till att f\u00f6rbli lagliga utan utbyte av kontanter.","og_url":"https:\/\/casinoreturn.com\/sv\/sweepstake-kasinon-i-virginia\/","og_site_name":"casinoreturn","article_modified_time":"2025-10-31T14:20:00+00:00","og_image":[{"width":1024,"height":1024,"url":"https:\/\/casinoreturn.com\/wp-content\/uploads\/2025\/10\/Sweepstake-Casinos-in-Virginia.png","type":"image\/png"}],"twitter_card":"summary_large_image","twitter_misc":{"Ber\u00e4knad l\u00e4stid":"3 minuter"},"schema":{"@context":"https:\/\/schema.org","@graph":[{"@type":"WebPage","@id":"https:\/\/casinoreturn.com\/sv\/sweepstake-kasinon-i-virginia\/","url":"https:\/\/casinoreturn.com\/sv\/sweepstake-kasinon-i-virginia\/","name":"Sweepstake kasinon i Virginia - casinoreturn","isPartOf":{"@id":"https:\/\/casinoreturn.com\/#website"},"primaryImageOfPage":{"@id":"https:\/\/casinoreturn.com\/sv\/sweepstake-kasinon-i-virginia\/#primaryimage"},"image":{"@id":"https:\/\/casinoreturn.com\/sv\/sweepstake-kasinon-i-virginia\/#primaryimage"},"thumbnailUrl":"https:\/\/casinoreturn.com\/wp-content\/uploads\/2025\/10\/Sweepstake-Casinos-in-Virginia.png","datePublished":"2025-10-20T11:35:56+00:00","dateModified":"2025-10-31T14:20:00+00:00","description":"Sweepstake-kasinon i Virginia \u00e4r lagliga - f\u00f6r nu. Kampanjt\u00e4vlingar \u00e4r nyckeln till att f\u00f6rbli lagliga utan utbyte av kontanter.","breadcrumb":{"@id":"https:\/\/casinoreturn.com\/sv\/sweepstake-kasinon-i-virginia\/#breadcrumb"},"inLanguage":"sv-SE","potentialAction":[{"@type":"ReadAction","target":["https:\/\/casinoreturn.com\/sv\/sweepstake-kasinon-i-virginia\/"]}]},{"@type":"ImageObject","inLanguage":"sv-SE","@id":"https:\/\/casinoreturn.com\/sv\/sweepstake-kasinon-i-virginia\/#primaryimage","url":"https:\/\/casinoreturn.com\/wp-content\/uploads\/2025\/10\/Sweepstake-Casinos-in-Virginia.png","contentUrl":"https:\/\/casinoreturn.com\/wp-content\/uploads\/2025\/10\/Sweepstake-Casinos-in-Virginia.png","width":1024,"height":1024,"caption":"Sweepstake Casinos in Virginia"},{"@type":"BreadcrumbList","@id":"https:\/\/casinoreturn.com\/sv\/sweepstake-kasinon-i-virginia\/#breadcrumb","itemListElement":[{"@type":"ListItem","position":1,"name":"Home","item":"https:\/\/casinoreturn.com\/sv\/home\/"},{"@type":"ListItem","position":2,"name":"Sweepstake kasinon i Virginia"}]},{"@type":"WebSite","@id":"https:\/\/casinoreturn.com\/#website","url":"https:\/\/casinoreturn.com\/","name":"casinoreturn","description":"","publisher":{"@id":"https:\/\/casinoreturn.com\/#organization"},"potentialAction":[{"@type":"SearchAction","target":{"@type":"EntryPoint","urlTemplate":"https:\/\/casinoreturn.com\/?s={search_term_string}"},"query-input":{"@type":"PropertyValueSpecification","valueRequired":true,"valueName":"search_term_string"}}],"inLanguage":"sv-SE"},{"@type":"Organization","@id":"https:\/\/casinoreturn.com\/#organization","name":"casinoreturn","url":"https:\/\/casinoreturn.com\/","logo":{"@type":"ImageObject","inLanguage":"sv-SE","@id":"https:\/\/casinoreturn.com\/#\/schema\/logo\/image\/","url":"https:\/\/casinoreturn.com\/wp-content\/uploads\/2024\/09\/animal-favicon.png","contentUrl":"https:\/\/casinoreturn.com\/wp-content\/uploads\/2024\/09\/animal-favicon.png","width":92,"height":92,"caption":"casinoreturn"},"image":{"@id":"https:\/\/casinoreturn.com\/#\/schema\/logo\/image\/"}}]}},"_links":{"self":[{"href":"https:\/\/casinoreturn.com\/sv\/wp-json\/wp\/v2\/pages\/16015","targetHints":{"allow":["GET"]}}],"collection":[{"href":"https:\/\/casinoreturn.com\/sv\/wp-json\/wp\/v2\/pages"}],"about":[{"href":"https:\/\/casinoreturn.com\/sv\/wp-json\/wp\/v2\/types\/page"}],"author":[{"embeddable":true,"href":"https:\/\/casinoreturn.com\/sv\/wp-json\/wp\/v2\/users\/1"}],"replies":[{"embeddable":true,"href":"https:\/\/casinoreturn.com\/sv\/wp-json\/wp\/v2\/comments?post=16015"}],"version-history":[{"count":1,"href":"https:\/\/casinoreturn.com\/sv\/wp-json\/wp\/v2\/pages\/16015\/revisions"}],"predecessor-version":[{"id":16016,"href":"https:\/\/casinoreturn.com\/sv\/wp-json\/wp\/v2\/pages\/16015\/revisions\/16016"}],"wp:featuredmedia":[{"embeddable":true,"href":"https:\/\/casinoreturn.com\/sv\/wp-json\/wp\/v2\/media\/15613"}],"wp:attachment":[{"href":"https:\/\/casinoreturn.com\/sv\/wp-json\/wp\/v2\/media?parent=16015"}],"curies":[{"name":"wp","href":"https:\/\/api.w.org\/{rel}","templated":true}]}}