{"id":16043,"date":"2025-10-17T16:07:39","date_gmt":"2025-10-17T16:07:39","guid":{"rendered":"https:\/\/casinoreturn.com\/sweepstake-kasinon-i-florida\/"},"modified":"2025-10-31T14:31:17","modified_gmt":"2025-10-31T14:31:17","slug":"sweepstake-kasinon-i-florida","status":"publish","type":"page","link":"https:\/\/casinoreturn.com\/sv\/sweepstake-kasinon-i-florida\/","title":{"rendered":"Sweepstake-kasinon i Florida"},"content":{"rendered":"\t\t<div data-elementor-type=\"wp-page\" data-elementor-id=\"16043\" class=\"elementor elementor-16043\" data-elementor-post-type=\"page\">\n\t\t\t\t<div class=\"elementor-element elementor-element-550cc17 e-con-full e-flex e-con e-parent\" data-id=\"550cc17\" data-element_type=\"container\" data-e-type=\"container\">\n\t\t\t\t<div class=\"elementor-element elementor-element-5396053 elementor-widget elementor-widget-heading\" data-id=\"5396053\" data-element_type=\"widget\" data-e-type=\"widget\" data-widget_type=\"heading.default\">\n\t\t\t\t<div class=\"elementor-widget-container\">\n\t\t\t\t\t<h3 class=\"elementor-heading-title elementor-size-default\">Sweepstake-kasinon i Florida<\/h3>\t\t\t\t<\/div>\n\t\t\t\t<\/div>\n\t\t\t\t<div class=\"elementor-element elementor-element-4383f5b elementor-widget elementor-widget-text-editor\" data-id=\"4383f5b\" data-element_type=\"widget\" data-e-type=\"widget\" data-widget_type=\"text-editor.default\">\n\t\t\t\t<div class=\"elementor-widget-container\">\n\t\t\t\t\t\t\t\t\t<p>Sweepstake-kasinon i Florida betraktas f\u00f6r n\u00e4rvarande som marknadsf\u00f6ringst\u00e4vling, snarare \u00e4n spel. Det \u00e4r den goda nyheten. Florida Gaming Control Commission har \u00e4nnu inte f\u00f6rbjudit t\u00e4vlingar och deras Goldcoins. Men under 2025 lades f\u00f6rslag fram om att klassificera sweepstake-kasinon som internetspel. B\u00e5da sidor, lotteriakt\u00f6rer och tillsynsmyndigheter, arbetar med utkast f\u00f6r att st\u00f6dja sina fall. Fritt spel i m\u00e5nga amerikanska stater granskas. <a href=\"https:\/\/casinoreturn.com\/sweep-stake-casino-return-usa\/\">Sociala kasinon<\/a>, som i m\u00e5nga delstater fortfarande \u00e4r lagliga, \u00e4r under lupp och kommer att f\u00f6rklaras olagliga av allt fler delstater.<\/p>\n<p><strong>I den h\u00e4r artikeln:<\/strong><\/p>\n<ul>\n<li>Lista \u00f6ver sweepstake kasinon<\/li>\n<li>Regleringar i Florida<\/li>\n<li>Lista \u00f6ver kasinon f\u00f6r sportspel i Florida<\/li>\n<li>Vanliga fr\u00e5gor Sweepstake Florida Casinos<\/li>\n<\/ul>\n<p><img decoding=\"async\" class=\"alignnone wp-image-15496\" src=\"https:\/\/casinoreturn.com\/wp-content\/uploads\/2025\/10\/Sweepstake-Casinos-in-Florida.png\" alt=\"Sweepstake-kasinon i Florida\" width=\"125\" height=\"125\" srcset=\"https:\/\/casinoreturn.com\/wp-content\/uploads\/2025\/10\/Sweepstake-Casinos-in-Florida.png 225w, https:\/\/casinoreturn.com\/wp-content\/uploads\/2025\/10\/Sweepstake-Casinos-in-Florida-150x150.png 150w\" sizes=\"(max-width: 125px) 100vw, 125px\" \/><\/p>\n\t\t\t\t\t\t\t\t<\/div>\n\t\t\t\t<\/div>\n\t\t\t\t<div class=\"elementor-element elementor-element-d15c0ae elementor-widget elementor-widget-heading\" data-id=\"d15c0ae\" data-element_type=\"widget\" data-e-type=\"widget\" data-widget_type=\"heading.default\">\n\t\t\t\t<div class=\"elementor-widget-container\">\n\t\t\t\t\t<h3 class=\"elementor-heading-title elementor-size-default\">Lista \u00f6ver Sweepstake-kasinon i Florida<\/h3>\t\t\t\t<\/div>\n\t\t\t\t<\/div>\n\t\t\t\t<div class=\"elementor-element elementor-element-fe42027 elementor-widget elementor-widget-text-editor\" data-id=\"fe42027\" data-element_type=\"widget\" data-e-type=\"widget\" data-widget_type=\"text-editor.default\">\n\t\t\t\t<div class=\"elementor-widget-container\">\n\t\t\t\t\t\t\t\t\t<p>Sweepstake-kasinon i Florida \u00e4r inte riktigt lika rikliga. Det finns inte mer registrerade \u00e4n ett dussin, men vissa operat\u00f6rer erbjuder sina t\u00e4vlingsguldmynt inom vissa gr\u00e5zoner. Utan n\u00e5gon s\u00e4rskild ordning eller rangordning:<\/p>\n<ul>\n<li>Mr Luck, registrerad  <\/li>\n<li>High5 Casino,registrerad<\/li>\n<li>Hej miljoner,registrerad<\/li>\n<li>Crown Coins, registrerad<\/li>\n<li>WOW Vegas, registrerad<\/li>\n<li>Stake.us ,registrerad<\/li>\n<\/ul>\n<p>Landbaserade kasinon, eller personliga kasinon, drivs av stammar eller f\u00f6retag som s\u00e5dana<\/p>\n<ul>\n<li>Seminole Hard Rock Hotel &amp; Casino (Tampa &amp; HollywoodSeminole<\/li>\n<li>Brighton Casino Seminole<\/li>\n<li>Miccosukee Resort &amp; Gaming (Miami)<\/li>\n<li>Casino Immokale<\/li>\n<li>Seminole Casino Immokale<\/li>\n<\/ul>\n<p>Lagligheten hos kasinon med riktiga pengar och onlinekasinon debatteras i hela USA och Florida har visat liknande r\u00f6relser mot ett fullst\u00e4ndigt f\u00f6rbud mot t\u00e4vlingar i framtiden.  <\/p>\n\t\t\t\t\t\t\t\t<\/div>\n\t\t\t\t<\/div>\n\t\t\t\t<div class=\"elementor-element elementor-element-c3cd23d elementor-widget elementor-widget-heading\" data-id=\"c3cd23d\" data-element_type=\"widget\" data-e-type=\"widget\" data-widget_type=\"heading.default\">\n\t\t\t\t<div class=\"elementor-widget-container\">\n\t\t\t\t\t<h3 class=\"elementor-heading-title elementor-size-default\">Regleringar i Florida<\/h3>\t\t\t\t<\/div>\n\t\t\t\t<\/div>\n\t\t\t\t<div class=\"elementor-element elementor-element-328690d elementor-widget elementor-widget-text-editor\" data-id=\"328690d\" data-element_type=\"widget\" data-e-type=\"widget\" data-widget_type=\"text-editor.default\">\n\t\t\t\t<div class=\"elementor-widget-container\">\n\t\t\t\t\t\t\t\t\t<p>Reglerna i Florida kommer under mer tryck f\u00f6r att f\u00f6rbjuda eller begr\u00e4nsa anv\u00e4ndningen av sweepstake-kasinon.  <\/p><\/p>\n\t\t\t\t\t\t\t\t<\/div>\n\t\t\t\t<\/div>\n\t\t\t\t<\/div>\n\t\t<div class=\"elementor-element elementor-element-9509de3 e-grid e-con-full e-con e-parent\" data-id=\"9509de3\" data-element_type=\"container\" data-e-type=\"container\" data-settings=\"{&quot;background_background&quot;:&quot;classic&quot;}\">\n\t\t\t\t<div class=\"elementor-element elementor-element-a246602 elementor-widget elementor-widget-text-editor\" data-id=\"a246602\" data-element_type=\"widget\" data-e-type=\"widget\" data-widget_type=\"text-editor.default\">\n\t\t\t\t<div class=\"elementor-widget-container\">\n\t\t\t\t\t\t\t\t\t<p><strong>Kasinon med riktiga pengar eller onlinekasinon som accepterar riktiga pengar \u00e4r olagliga i Florida  <\/strong><\/p>\n<p><strong>Kan jag spela med riktiga pengar p\u00e5 landbaserade kasinon?<\/strong><\/p>\n<p><strong>Ja, dessa landbaserade kasinon \u00e4r lagliga<\/strong><\/p>\n\t\t\t\t\t\t\t\t<\/div>\n\t\t\t\t<\/div>\n\t\t\t\t<div class=\"elementor-element elementor-element-347bbf8 elementor-widget elementor-widget-image\" data-id=\"347bbf8\" data-element_type=\"widget\" data-e-type=\"widget\" data-widget_type=\"image.default\">\n\t\t\t\t<div class=\"elementor-widget-container\">\n\t\t\t\t\t\t\t\t\t\t\t\t\t\t\t<img fetchpriority=\"high\" decoding=\"async\" width=\"225\" height=\"225\" src=\"https:\/\/casinoreturn.com\/wp-content\/uploads\/2025\/10\/Sweepstake-Casinos-in-Florida.png\" class=\"attachment-large size-large wp-image-15496\" alt=\"Sweepstake Casinos in Florida\" srcset=\"https:\/\/casinoreturn.com\/wp-content\/uploads\/2025\/10\/Sweepstake-Casinos-in-Florida.png 225w, https:\/\/casinoreturn.com\/wp-content\/uploads\/2025\/10\/Sweepstake-Casinos-in-Florida-150x150.png 150w\" sizes=\"(max-width: 225px) 100vw, 225px\" \/>\t\t\t\t\t\t\t\t\t\t\t\t\t\t\t<\/div>\n\t\t\t\t<\/div>\n\t\t\t\t<div class=\"elementor-element elementor-element-eb23194 elementor-widget elementor-widget-text-editor\" data-id=\"eb23194\" data-element_type=\"widget\" data-e-type=\"widget\" data-widget_type=\"text-editor.default\">\n\t\t\t\t<div class=\"elementor-widget-container\">\n\t\t\t\t\t\t\t\t\t<p><strong>Sweepstake Casinos anses fortfarande vara lagliga, men f\u00f6rslag \u00e4r redan i r\u00f6relse f\u00f6r att f\u00f6rbjuda guldmyntkampanjer och t\u00e4vlingar i allm\u00e4nhet i Florida.<\/strong><\/p>\n<p>t.ex. Stake.us och Chumba casino<\/p><\/p>\n\t\t\t\t\t\t\t\t<\/div>\n\t\t\t\t<\/div>\n\t\t\t\t<div class=\"elementor-element elementor-element-d7dd2e5 elementor-widget elementor-widget-text-editor\" data-id=\"d7dd2e5\" data-element_type=\"widget\" data-e-type=\"widget\" data-widget_type=\"text-editor.default\">\n\t\t\t\t<div class=\"elementor-widget-container\">\n\t\t\t\t\t\t\t\t\t<p><strong>\u00c4r sportspel lagligt i Florida?  <\/strong><\/p>\n<p><strong>H\u00e4r \u00e4r kicker, det \u00e4r lagligt i Florida, MEN den enda lagliga operat\u00f6ren \u00e4r Hard Rock Bet (drivs av Seminole Tribe of Florida).  <\/strong><\/p>\n<p><strong>Det finns mindre \u00e4n ett dussin andra landbaserade \u00e5terf\u00f6rs\u00e4ljare som drivs av Seminole-stammen i Florida.  <\/strong><\/p>\n\t\t\t\t\t\t\t\t<\/div>\n\t\t\t\t<\/div>\n\t\t\t\t<div class=\"elementor-element elementor-element-e4c9e61 elementor-widget elementor-widget-image\" data-id=\"e4c9e61\" data-element_type=\"widget\" data-e-type=\"widget\" data-widget_type=\"image.default\">\n\t\t\t\t<div class=\"elementor-widget-container\">\n\t\t\t\t\t\t\t\t\t\t\t\t\t\t\t<img decoding=\"async\" width=\"906\" height=\"500\" src=\"https:\/\/casinoreturn.com\/wp-content\/uploads\/2025\/10\/Sweep-stake-casino-return.jpg\" class=\"attachment-large size-large wp-image-14813\" alt=\"Sweep stake casino return\" srcset=\"https:\/\/casinoreturn.com\/wp-content\/uploads\/2025\/10\/Sweep-stake-casino-return.jpg 906w, https:\/\/casinoreturn.com\/wp-content\/uploads\/2025\/10\/Sweep-stake-casino-return-300x166.jpg 300w, https:\/\/casinoreturn.com\/wp-content\/uploads\/2025\/10\/Sweep-stake-casino-return-768x424.jpg 768w\" sizes=\"(max-width: 906px) 100vw, 906px\" \/>\t\t\t\t\t\t\t\t\t\t\t\t\t\t\t<\/div>\n\t\t\t\t<\/div>\n\t\t\t\t<div class=\"elementor-element elementor-element-366b516 elementor-widget elementor-widget-text-editor\" data-id=\"366b516\" data-element_type=\"widget\" data-e-type=\"widget\" data-widget_type=\"text-editor.default\">\n\t\t\t\t<div class=\"elementor-widget-container\">\n\t\t\t\t\t\t\t\t\t<p><strong>Eftersom Seminole har monopol p\u00e5 sportspel i Florida anser m\u00e5nga att marknaden \u00e4r f\u00f6r begr\u00e4nsad och vissa h\u00e4vdar att den \u00e4r f\u00f6r begr\u00e4nsad.  <\/strong><\/p>\n<p><strong>Domstolar har hittills bekr\u00e4ftat alla klagom\u00e5l p\u00e5 federal lag, och stammarna kan styra vadslagningsv\u00e4rlden i Florida.  <\/strong><\/p>\n\t\t\t\t\t\t\t\t<\/div>\n\t\t\t\t<\/div>\n\t\t\t\t<\/div>\n\t\t\t\t<\/div>\n\t\t","protected":false},"excerpt":{"rendered":"<p>Sweepstake-kasinon i Florida Sweepstake-kasinon i Florida betraktas f\u00f6r n\u00e4rvarande som marknadsf\u00f6ringst\u00e4vling, snarare \u00e4n spel. Det \u00e4r den goda nyheten. Florida Gaming Control Commission har \u00e4nnu inte f\u00f6rbjudit t\u00e4vlingar och deras Goldcoins. Men under 2025 lades f\u00f6rslag fram om att klassificera sweepstake-kasinon som internetspel. B\u00e5da sidor, lotteriakt\u00f6rer och tillsynsmyndigheter, arbetar med utkast f\u00f6r att st\u00f6dja sina [&hellip;]<\/p>\n","protected":false},"author":1,"featured_media":15506,"parent":0,"menu_order":0,"comment_status":"closed","ping_status":"closed","template":"","meta":{"footnotes":""},"class_list":["post-16043","page","type-page","status-publish","has-post-thumbnail","hentry"],"blocksy_meta":[],"acf":[],"yoast_head":"<!-- This site is optimized with the Yoast SEO plugin v24.1 - https:\/\/yoast.com\/wordpress\/plugins\/seo\/ -->\n<title>Sweepstake-kasinon i Florida - casinoreturn<\/title>\n<meta name=\"description\" content=\"Sweepstake Casinos i Florida k\u00f6rs i solskensstaten som reklamt\u00e4vling, snarare \u00e4n rent spel, s\u00e5 det \u00e4r lagligt, f\u00f6r tillf\u00e4llet.\" \/>\n<meta name=\"robots\" content=\"index, follow, max-snippet:-1, max-image-preview:large, max-video-preview:-1\" \/>\n<link rel=\"canonical\" href=\"https:\/\/casinoreturn.com\/sv\/sweepstake-kasinon-i-florida\/\" \/>\n<meta property=\"og:locale\" content=\"sv_SE\" \/>\n<meta property=\"og:type\" content=\"article\" \/>\n<meta property=\"og:title\" content=\"Sweepstake-kasinon i Florida - casinoreturn\" \/>\n<meta property=\"og:description\" content=\"Sweepstake Casinos i Florida k\u00f6rs i solskensstaten som reklamt\u00e4vling, snarare \u00e4n rent spel, s\u00e5 det \u00e4r lagligt, f\u00f6r tillf\u00e4llet.\" \/>\n<meta property=\"og:url\" content=\"https:\/\/casinoreturn.com\/sv\/sweepstake-kasinon-i-florida\/\" \/>\n<meta property=\"og:site_name\" content=\"casinoreturn\" \/>\n<meta property=\"article:modified_time\" content=\"2025-10-31T14:31:17+00:00\" \/>\n<meta property=\"og:image\" content=\"https:\/\/casinoreturn.com\/wp-content\/uploads\/2025\/10\/Sweepstake-Casinos-in-Florida.png\" \/>\n\t<meta property=\"og:image:width\" content=\"225\" \/>\n\t<meta property=\"og:image:height\" content=\"225\" \/>\n\t<meta property=\"og:image:type\" content=\"image\/png\" \/>\n<meta name=\"twitter:card\" content=\"summary_large_image\" \/>\n<meta name=\"twitter:label1\" content=\"Ber\u00e4knad l\u00e4stid\" \/>\n\t<meta name=\"twitter:data1\" content=\"2 minuter\" \/>\n<script type=\"application\/ld+json\" class=\"yoast-schema-graph\">{\"@context\":\"https:\/\/schema.org\",\"@graph\":[{\"@type\":\"WebPage\",\"@id\":\"https:\/\/casinoreturn.com\/sv\/sweepstake-kasinon-i-florida\/\",\"url\":\"https:\/\/casinoreturn.com\/sv\/sweepstake-kasinon-i-florida\/\",\"name\":\"Sweepstake-kasinon i Florida - casinoreturn\",\"isPartOf\":{\"@id\":\"https:\/\/casinoreturn.com\/#website\"},\"primaryImageOfPage\":{\"@id\":\"https:\/\/casinoreturn.com\/sv\/sweepstake-kasinon-i-florida\/#primaryimage\"},\"image\":{\"@id\":\"https:\/\/casinoreturn.com\/sv\/sweepstake-kasinon-i-florida\/#primaryimage\"},\"thumbnailUrl\":\"https:\/\/casinoreturn.com\/wp-content\/uploads\/2025\/10\/Sweepstake-Casinos-in-Florida.png\",\"datePublished\":\"2025-10-17T16:07:39+00:00\",\"dateModified\":\"2025-10-31T14:31:17+00:00\",\"description\":\"Sweepstake Casinos i Florida k\u00f6rs i solskensstaten som reklamt\u00e4vling, snarare \u00e4n rent spel, s\u00e5 det \u00e4r lagligt, f\u00f6r tillf\u00e4llet.\",\"breadcrumb\":{\"@id\":\"https:\/\/casinoreturn.com\/sv\/sweepstake-kasinon-i-florida\/#breadcrumb\"},\"inLanguage\":\"sv-SE\",\"potentialAction\":[{\"@type\":\"ReadAction\",\"target\":[\"https:\/\/casinoreturn.com\/sv\/sweepstake-kasinon-i-florida\/\"]}]},{\"@type\":\"ImageObject\",\"inLanguage\":\"sv-SE\",\"@id\":\"https:\/\/casinoreturn.com\/sv\/sweepstake-kasinon-i-florida\/#primaryimage\",\"url\":\"https:\/\/casinoreturn.com\/wp-content\/uploads\/2025\/10\/Sweepstake-Casinos-in-Florida.png\",\"contentUrl\":\"https:\/\/casinoreturn.com\/wp-content\/uploads\/2025\/10\/Sweepstake-Casinos-in-Florida.png\",\"width\":225,\"height\":225,\"caption\":\"Sweepstake Casinos in Florida\"},{\"@type\":\"BreadcrumbList\",\"@id\":\"https:\/\/casinoreturn.com\/sv\/sweepstake-kasinon-i-florida\/#breadcrumb\",\"itemListElement\":[{\"@type\":\"ListItem\",\"position\":1,\"name\":\"Home\",\"item\":\"https:\/\/casinoreturn.com\/sv\/home\/\"},{\"@type\":\"ListItem\",\"position\":2,\"name\":\"Sweepstake-kasinon i Florida\"}]},{\"@type\":\"WebSite\",\"@id\":\"https:\/\/casinoreturn.com\/#website\",\"url\":\"https:\/\/casinoreturn.com\/\",\"name\":\"casinoreturn\",\"description\":\"\",\"publisher\":{\"@id\":\"https:\/\/casinoreturn.com\/#organization\"},\"potentialAction\":[{\"@type\":\"SearchAction\",\"target\":{\"@type\":\"EntryPoint\",\"urlTemplate\":\"https:\/\/casinoreturn.com\/?s={search_term_string}\"},\"query-input\":{\"@type\":\"PropertyValueSpecification\",\"valueRequired\":true,\"valueName\":\"search_term_string\"}}],\"inLanguage\":\"sv-SE\"},{\"@type\":\"Organization\",\"@id\":\"https:\/\/casinoreturn.com\/#organization\",\"name\":\"casinoreturn\",\"url\":\"https:\/\/casinoreturn.com\/\",\"logo\":{\"@type\":\"ImageObject\",\"inLanguage\":\"sv-SE\",\"@id\":\"https:\/\/casinoreturn.com\/#\/schema\/logo\/image\/\",\"url\":\"https:\/\/casinoreturn.com\/wp-content\/uploads\/2024\/09\/animal-favicon.png\",\"contentUrl\":\"https:\/\/casinoreturn.com\/wp-content\/uploads\/2024\/09\/animal-favicon.png\",\"width\":92,\"height\":92,\"caption\":\"casinoreturn\"},\"image\":{\"@id\":\"https:\/\/casinoreturn.com\/#\/schema\/logo\/image\/\"}}]}<\/script>\n<!-- \/ Yoast SEO plugin. -->","yoast_head_json":{"title":"Sweepstake-kasinon i Florida - casinoreturn","description":"Sweepstake Casinos i Florida k\u00f6rs i solskensstaten som reklamt\u00e4vling, snarare \u00e4n rent spel, s\u00e5 det \u00e4r lagligt, f\u00f6r tillf\u00e4llet.","robots":{"index":"index","follow":"follow","max-snippet":"max-snippet:-1","max-image-preview":"max-image-preview:large","max-video-preview":"max-video-preview:-1"},"canonical":"https:\/\/casinoreturn.com\/sv\/sweepstake-kasinon-i-florida\/","og_locale":"sv_SE","og_type":"article","og_title":"Sweepstake-kasinon i Florida - casinoreturn","og_description":"Sweepstake Casinos i Florida k\u00f6rs i solskensstaten som reklamt\u00e4vling, snarare \u00e4n rent spel, s\u00e5 det \u00e4r lagligt, f\u00f6r tillf\u00e4llet.","og_url":"https:\/\/casinoreturn.com\/sv\/sweepstake-kasinon-i-florida\/","og_site_name":"casinoreturn","article_modified_time":"2025-10-31T14:31:17+00:00","og_image":[{"width":225,"height":225,"url":"https:\/\/casinoreturn.com\/wp-content\/uploads\/2025\/10\/Sweepstake-Casinos-in-Florida.png","type":"image\/png"}],"twitter_card":"summary_large_image","twitter_misc":{"Ber\u00e4knad l\u00e4stid":"2 minuter"},"schema":{"@context":"https:\/\/schema.org","@graph":[{"@type":"WebPage","@id":"https:\/\/casinoreturn.com\/sv\/sweepstake-kasinon-i-florida\/","url":"https:\/\/casinoreturn.com\/sv\/sweepstake-kasinon-i-florida\/","name":"Sweepstake-kasinon i Florida - casinoreturn","isPartOf":{"@id":"https:\/\/casinoreturn.com\/#website"},"primaryImageOfPage":{"@id":"https:\/\/casinoreturn.com\/sv\/sweepstake-kasinon-i-florida\/#primaryimage"},"image":{"@id":"https:\/\/casinoreturn.com\/sv\/sweepstake-kasinon-i-florida\/#primaryimage"},"thumbnailUrl":"https:\/\/casinoreturn.com\/wp-content\/uploads\/2025\/10\/Sweepstake-Casinos-in-Florida.png","datePublished":"2025-10-17T16:07:39+00:00","dateModified":"2025-10-31T14:31:17+00:00","description":"Sweepstake Casinos i Florida k\u00f6rs i solskensstaten som reklamt\u00e4vling, snarare \u00e4n rent spel, s\u00e5 det \u00e4r lagligt, f\u00f6r tillf\u00e4llet.","breadcrumb":{"@id":"https:\/\/casinoreturn.com\/sv\/sweepstake-kasinon-i-florida\/#breadcrumb"},"inLanguage":"sv-SE","potentialAction":[{"@type":"ReadAction","target":["https:\/\/casinoreturn.com\/sv\/sweepstake-kasinon-i-florida\/"]}]},{"@type":"ImageObject","inLanguage":"sv-SE","@id":"https:\/\/casinoreturn.com\/sv\/sweepstake-kasinon-i-florida\/#primaryimage","url":"https:\/\/casinoreturn.com\/wp-content\/uploads\/2025\/10\/Sweepstake-Casinos-in-Florida.png","contentUrl":"https:\/\/casinoreturn.com\/wp-content\/uploads\/2025\/10\/Sweepstake-Casinos-in-Florida.png","width":225,"height":225,"caption":"Sweepstake Casinos in Florida"},{"@type":"BreadcrumbList","@id":"https:\/\/casinoreturn.com\/sv\/sweepstake-kasinon-i-florida\/#breadcrumb","itemListElement":[{"@type":"ListItem","position":1,"name":"Home","item":"https:\/\/casinoreturn.com\/sv\/home\/"},{"@type":"ListItem","position":2,"name":"Sweepstake-kasinon i Florida"}]},{"@type":"WebSite","@id":"https:\/\/casinoreturn.com\/#website","url":"https:\/\/casinoreturn.com\/","name":"casinoreturn","description":"","publisher":{"@id":"https:\/\/casinoreturn.com\/#organization"},"potentialAction":[{"@type":"SearchAction","target":{"@type":"EntryPoint","urlTemplate":"https:\/\/casinoreturn.com\/?s={search_term_string}"},"query-input":{"@type":"PropertyValueSpecification","valueRequired":true,"valueName":"search_term_string"}}],"inLanguage":"sv-SE"},{"@type":"Organization","@id":"https:\/\/casinoreturn.com\/#organization","name":"casinoreturn","url":"https:\/\/casinoreturn.com\/","logo":{"@type":"ImageObject","inLanguage":"sv-SE","@id":"https:\/\/casinoreturn.com\/#\/schema\/logo\/image\/","url":"https:\/\/casinoreturn.com\/wp-content\/uploads\/2024\/09\/animal-favicon.png","contentUrl":"https:\/\/casinoreturn.com\/wp-content\/uploads\/2024\/09\/animal-favicon.png","width":92,"height":92,"caption":"casinoreturn"},"image":{"@id":"https:\/\/casinoreturn.com\/#\/schema\/logo\/image\/"}}]}},"_links":{"self":[{"href":"https:\/\/casinoreturn.com\/sv\/wp-json\/wp\/v2\/pages\/16043","targetHints":{"allow":["GET"]}}],"collection":[{"href":"https:\/\/casinoreturn.com\/sv\/wp-json\/wp\/v2\/pages"}],"about":[{"href":"https:\/\/casinoreturn.com\/sv\/wp-json\/wp\/v2\/types\/page"}],"author":[{"embeddable":true,"href":"https:\/\/casinoreturn.com\/sv\/wp-json\/wp\/v2\/users\/1"}],"replies":[{"embeddable":true,"href":"https:\/\/casinoreturn.com\/sv\/wp-json\/wp\/v2\/comments?post=16043"}],"version-history":[{"count":1,"href":"https:\/\/casinoreturn.com\/sv\/wp-json\/wp\/v2\/pages\/16043\/revisions"}],"predecessor-version":[{"id":16044,"href":"https:\/\/casinoreturn.com\/sv\/wp-json\/wp\/v2\/pages\/16043\/revisions\/16044"}],"wp:featuredmedia":[{"embeddable":true,"href":"https:\/\/casinoreturn.com\/sv\/wp-json\/wp\/v2\/media\/15506"}],"wp:attachment":[{"href":"https:\/\/casinoreturn.com\/sv\/wp-json\/wp\/v2\/media?parent=16043"}],"curies":[{"name":"wp","href":"https:\/\/api.w.org\/{rel}","templated":true}]}}