{"id":16079,"date":"2025-10-15T10:15:30","date_gmt":"2025-10-15T10:15:30","guid":{"rendered":"https:\/\/casinoreturn.com\/pennsylvania-sweepstake-kasinon\/"},"modified":"2025-10-31T14:42:20","modified_gmt":"2025-10-31T14:42:20","slug":"pennsylvania-sweepstake-kasinon","status":"publish","type":"page","link":"https:\/\/casinoreturn.com\/sv\/pennsylvania-sweepstake-kasinon\/","title":{"rendered":"Pennsylvania Sweepstake kasinon"},"content":{"rendered":"\t\t<div data-elementor-type=\"wp-page\" data-elementor-id=\"16079\" class=\"elementor elementor-16079\" data-elementor-post-type=\"page\">\n\t\t\t\t<div class=\"elementor-element elementor-element-feed78d e-con-full e-flex e-con e-parent\" data-id=\"feed78d\" data-element_type=\"container\">\n\t\t\t\t<div class=\"elementor-element elementor-element-61285ac elementor-widget elementor-widget-heading\" data-id=\"61285ac\" data-element_type=\"widget\" data-widget_type=\"heading.default\">\n\t\t\t\t<div class=\"elementor-widget-container\">\n\t\t\t\t\t<h3 class=\"elementor-heading-title elementor-size-default\">Pennsylvania Sweepstake kasinon<\/h3>\t\t\t\t<\/div>\n\t\t\t\t<\/div>\n\t\t\t\t<div class=\"elementor-element elementor-element-d2600d4 elementor-widget elementor-widget-text-editor\" data-id=\"d2600d4\" data-element_type=\"widget\" data-widget_type=\"text-editor.default\">\n\t\t\t\t<div class=\"elementor-widget-container\">\n\t\t\t\t\t\t\t\t\t<p>Sweepstake-kasinon Pennsylvania \u00e4r i Limbo efter att PGCB, Pennsylvania Gaming Control Board, utf\u00e4rdade ett meddelande till 18 aktiva sweepstake-operat\u00f6rer.  <\/p>\n<p><img decoding=\"async\" class=\"alignnone size-medium wp-image-14813\" src=\"https:\/\/casinoreturn.com\/wp-content\/uploads\/2025\/10\/Sweep-stake-casino-return-300x166.jpg\" alt=\"Sweep insats casino avkastning\" width=\"300\" height=\"166\" srcset=\"https:\/\/casinoreturn.com\/wp-content\/uploads\/2025\/10\/Sweep-stake-casino-return-300x166.jpg 300w, https:\/\/casinoreturn.com\/wp-content\/uploads\/2025\/10\/Sweep-stake-casino-return-768x424.jpg 768w, https:\/\/casinoreturn.com\/wp-content\/uploads\/2025\/10\/Sweep-stake-casino-return.jpg 906w\" sizes=\"(max-width: 300px) 100vw, 300px\" \/><\/p>\n<p>I april 2025 utf\u00e4rdades ett &#8221;cease-and-desist&#8221;-brev till de ber\u00f6rda personerna f\u00f6r deras verksamhet i Pennsylvania. M\u00e5nga operat\u00f6rer har redan avslutat sina erbjudanden till de boende och upph\u00f6rt med sin verksamhet. Talesm\u00e4n f\u00f6r PGCB anser att t\u00e4vlingscasinon \u00e4r olagliga och har intagit en starkare h\u00e5llning f\u00f6r att genomdriva tillk\u00e4nnagivandet.  <\/p>\n<p><strong>I denna artikel  <\/strong><\/p>\n<ul>\n<li><a href=\"https:\/\/casinoreturn.com\/sv\/pennsylvania-sweepstake-kasinon\/#legal\">\u00c4r sportspel lagligt i Pennsylvania?<\/a><\/li>\n<li>Mobila detaljhandelsoperat\u00f6rer som erbjuder sportsbetting i PA<\/li>\n<li><a href=\"https:\/\/casinoreturn.com\/pennsylvania-sweepstake#list\">Lista \u00f6ver kasinon i Pennsylvania  <\/a><\/li>\n<li><a href=\"https:\/\/casinoreturn.com\/pennsylvania-sweepstake#real\">Kan jag spela med riktiga pengar i Pennsylvania?<\/a><\/li>\n<li><a href=\"https:\/\/casinoreturn.com\/pennsylvania-sweepstake#faq\">Vanliga fr\u00e5gor Sweepstake kasinon i Pennsylvania  <\/a><\/li>\n<\/ul>\n<p><img decoding=\"async\" class=\"alignnone wp-image-15387\" src=\"https:\/\/casinoreturn.com\/wp-content\/uploads\/2025\/10\/Pennsylvania-Sweepstake-Casinos-300x215.jpg\" alt=\"Pennsylvania Sweepstake kasinon\" width=\"250\" height=\"179\" srcset=\"https:\/\/casinoreturn.com\/wp-content\/uploads\/2025\/10\/Pennsylvania-Sweepstake-Casinos-300x215.jpg 300w, https:\/\/casinoreturn.com\/wp-content\/uploads\/2025\/10\/Pennsylvania-Sweepstake-Casinos-768x549.jpg 768w, https:\/\/casinoreturn.com\/wp-content\/uploads\/2025\/10\/Pennsylvania-Sweepstake-Casinos.jpg 800w\" sizes=\"(max-width: 250px) 100vw, 250px\" \/><\/p>\n\t\t\t\t\t\t\t\t<\/div>\n\t\t\t\t<\/div>\n\t\t\t\t<div class=\"elementor-element elementor-element-3291067 elementor-widget elementor-widget-heading\" data-id=\"3291067\" data-element_type=\"widget\" id=\"legal\" data-widget_type=\"heading.default\">\n\t\t\t\t<div class=\"elementor-widget-container\">\n\t\t\t\t\t<h3 class=\"elementor-heading-title elementor-size-default\">\u00c4r sportspel lagligt i Pennsylvania?  <\/h3>\t\t\t\t<\/div>\n\t\t\t\t<\/div>\n\t\t\t\t<div class=\"elementor-element elementor-element-5ef6b05 elementor-widget elementor-widget-text-editor\" data-id=\"5ef6b05\" data-element_type=\"widget\" data-widget_type=\"text-editor.default\">\n\t\t\t\t<div class=\"elementor-widget-container\">\n\t\t\t\t\t\t\t\t\t<p>Sportspel i Pennsylvania \u00e4r lagligt och regleras av PGCB, Pennsylvania Gaming Control Board sedan 2017, enligt House Bill 271. F\u00f6r att ans\u00f6ka om licens f\u00f6r att bedriva sportspel i butik och i mobilen m\u00e5ste ett varum\u00e4rke ans\u00f6ka om ett Sports wagering certificate fr\u00e5n PGCB och betala en licensavgift p\u00e5 10 miljoner USD. Skatterna \u00e4r med 36% ganska h\u00f6ga, vilket \u00e4r en huvudorsak till att endast ett dussin varum\u00e4rken har licensen.  <\/p>\n<p>Men det finns begr\u00e4nsningar. Pennsylvania till\u00e5ter INTE High School Betting, s\u00e5 g\u00f6r andra amerikanska stater f\u00f6rresten. Detsamma g\u00e4ller f\u00f6r College-idrottsevenemang p\u00e5 hemmaplan.  <\/p>\n<p>En begr\u00e4nsning sticker ut fr\u00e5n resten, n\u00e4mligen att satsa p\u00e5 politik. Det \u00e4r f\u00f6rbjudet i Pennsylvania.  <\/p>\n<p>eSport Betting \u00e4r f\u00f6r n\u00e4rvarande ocks\u00e5 uteslutet enligt PGCB: s lag och myndighet.  <\/p>\n<h4>Mobila detaljhandelsoperat\u00f6rer som erbjuder sportsbetting i PA<\/h4>\n<ul>\n<li>FanDuel, licensierad sedan 2021, P\u00e5litlig, v\u00e4lrenommerat varum\u00e4rke f\u00f6r sportspel<\/li>\n<li>DraftKings, licensierad sedan 2020, amerikansk operat\u00f6r med ett stort antal f\u00f6ljare<\/li>\n<li>BetMGM, licensierat sedan 2020, i topp 5 av de st\u00f6rsta akt\u00f6rerna i USA<\/li>\n<li>bet365, licensierat sedan 2025, Europas svar p\u00e5 Fanduel och Co<\/li>\n<li>Pala Interactive, licensierad sedan 2022, medelstor operat\u00f6r i PA<\/li>\n<li>UniBet, Godk\u00e4nd f\u00f6r kasino och sportspel<\/li>\n<li>SBTech Malta Ltd, plattform f\u00f6r varum\u00e4rken som erbjuder sportspel  <\/li>\n<li>Amerikansk vadslagning, i v\u00e4ntan p\u00e5 godk\u00e4nnande<\/li>\n<\/ul>\n\t\t\t\t\t\t\t\t<\/div>\n\t\t\t\t<\/div>\n\t\t\t\t<div class=\"elementor-element elementor-element-35f12d6 elementor-widget elementor-widget-heading\" data-id=\"35f12d6\" data-element_type=\"widget\" id=\"list\" data-widget_type=\"heading.default\">\n\t\t\t\t<div class=\"elementor-widget-container\">\n\t\t\t\t\t<h3 class=\"elementor-heading-title elementor-size-default\">Lista \u00f6ver kasinon i Pennsylvania<\/h3>\t\t\t\t<\/div>\n\t\t\t\t<\/div>\n\t\t\t\t<div class=\"elementor-element elementor-element-7dcb10b elementor-view-default elementor-widget elementor-widget-icon\" data-id=\"7dcb10b\" data-element_type=\"widget\" data-widget_type=\"icon.default\">\n\t\t\t\t<div class=\"elementor-widget-container\">\n\t\t\t\t\t\t\t<div class=\"elementor-icon-wrapper\">\n\t\t\t<div class=\"elementor-icon\">\n\t\t\t<i aria-hidden=\"true\" class=\"fas fa-star\"><\/i>\t\t\t<\/div>\n\t\t<\/div>\n\t\t\t\t\t\t<\/div>\n\t\t\t\t<\/div>\n\t\t\t\t<div class=\"elementor-element elementor-element-eb36c18 elementor-widget elementor-widget-text-editor\" data-id=\"eb36c18\" data-element_type=\"widget\" data-widget_type=\"text-editor.default\">\n\t\t\t\t<div class=\"elementor-widget-container\">\n\t\t\t\t\t\t\t\t\t<h4>Bet365 Sportspel  <\/h4>\n<ul>\n<li>100% v\u00e4lkomstbonus upp till USD$1000 + 500 Spins<\/li>\n<li>Minsta ins\u00e4ttning USD$10  <\/li>\n<li>L\u00e5g satsning p\u00e5 endast 25 g\u00e5nger<\/li>\n<li>En av de b\u00e4sta tillg\u00e4ngliga apparna f\u00f6r sportspel<\/li>\n<li> <\/li>\n<\/ul>\n\t\t\t\t\t\t\t\t<\/div>\n\t\t\t\t<\/div>\n\t\t\t\t<div class=\"elementor-element elementor-element-da802c6 elementor-align-center elementor-widget elementor-widget-button\" data-id=\"da802c6\" data-element_type=\"widget\" data-widget_type=\"button.default\">\n\t\t\t\t<div class=\"elementor-widget-container\">\n\t\t\t\t\t\t\t\t\t<div class=\"elementor-button-wrapper\">\n\t\t\t\t\t<a class=\"elementor-button elementor-button-link elementor-size-sm\" href=\"#\">\n\t\t\t\t\t\t<span class=\"elementor-button-content-wrapper\">\n\t\t\t\t\t\t\t\t\t<span class=\"elementor-button-text\">Ans\u00f6k h\u00e4r f\u00f6r Bet365  <\/span>\n\t\t\t\t\t<\/span>\n\t\t\t\t\t<\/a>\n\t\t\t\t<\/div>\n\t\t\t\t\t\t\t\t<\/div>\n\t\t\t\t<\/div>\n\t\t\t\t<div class=\"elementor-element elementor-element-ff1e285 elementor-widget elementor-widget-heading\" data-id=\"ff1e285\" data-element_type=\"widget\" id=\"real\" data-widget_type=\"heading.default\">\n\t\t\t\t<div class=\"elementor-widget-container\">\n\t\t\t\t\t<h3 class=\"elementor-heading-title elementor-size-default\">Kan jag spela med riktiga pengar i Pennsylvania?<\/h3>\t\t\t\t<\/div>\n\t\t\t\t<\/div>\n\t\t\t\t<div class=\"elementor-element elementor-element-f23df3a elementor-widget elementor-widget-text-editor\" data-id=\"f23df3a\" data-element_type=\"widget\" data-widget_type=\"text-editor.default\">\n\t\t\t\t<div class=\"elementor-widget-container\">\n\t\t\t\t\t\t\t\t\t<p>Ja, inv\u00e5nare i Pennsylvania kan spela med riktiga pengar p\u00e5 kasinon. Minimi\u00e5lder 21+. Vi har sammanst\u00e4llt en lista \u00f6ver nuvarande landbaserade kasinon i Pennsylvania.  <\/p>\n<p><strong>Landbaserade kasinon i PA, USA<\/strong><\/p>\n<ul>\n<li>Harrahs PA Casino and Race track, Chester<\/li>\n<li>Rivers Casino PA,  <\/li>\n<li>Parx Casino and Racing, Bensalem<\/li>\n<li>Live! Hotell och kasino, PA<\/li>\n<li>Valley Forge Resort, King of Prussia<\/li>\n<li>Hollywood Casino p\u00e5 Penn National Race-banan, Grantville<\/li>\n<li>Mohegan Sun Pocono, Wilkes-Barre<\/li>\n<li>Lady Luck Casino, Farmington<\/li>\n<\/ul>\n\t\t\t\t\t\t\t\t<\/div>\n\t\t\t\t<\/div>\n\t\t\t\t<div class=\"elementor-element elementor-element-f9f4919 elementor-widget elementor-widget-heading\" data-id=\"f9f4919\" data-element_type=\"widget\" id=\"faq\" data-widget_type=\"heading.default\">\n\t\t\t\t<div class=\"elementor-widget-container\">\n\t\t\t\t\t<h3 class=\"elementor-heading-title elementor-size-default\">Vanliga fr\u00e5gor Sweepstake kasinon i Pennsylvania<\/h3>\t\t\t\t<\/div>\n\t\t\t\t<\/div>\n\t\t\t\t<div class=\"elementor-element elementor-element-3f14f5d elementor-widget elementor-widget-elementskit-faq\" data-id=\"3f14f5d\" data-element_type=\"widget\" data-widget_type=\"elementskit-faq.default\">\n\t\t\t\t<div class=\"elementor-widget-container\">\n\t\t\t\t\t<div class=\"ekit-wid-con\" >\n                <div class=\"elementskit-single-faq elementor-repeater-item-f98fd40\">\n            <div class=\"elementskit-faq-header\">\n                <h2 class=\"elementskit-faq-title\">Are Social Casinos legal in PA?<\/h2>\n            <\/div>\n            <div class=\"elementskit-faq-body\">\n                Social casinos offering sweepstakes promotions were prohibited in April 2025 by the PGCB. Those operators were deemed illegal and therefore faced a shutdown. 18 known brands received a letter of cease-and-desist from the board            <\/div>\n        <\/div>\n                <div class=\"elementskit-single-faq elementor-repeater-item-dde268b\">\n            <div class=\"elementskit-faq-header\">\n                <h2 class=\"elementskit-faq-title\">Which legal casinos can I visit in PA?<\/h2>\n            <\/div>\n            <div class=\"elementskit-faq-body\">\n                Player of the age of 21+ are allowed to visit land-based casinos. The PCGB also issues licences to Online Casinos, Mobile Sports Betting operators, Online Poker, and Fantasy sports.            <\/div>\n        <\/div>\n                <div class=\"elementskit-single-faq elementor-repeater-item-525abea\">\n            <div class=\"elementskit-faq-header\">\n                <h2 class=\"elementskit-faq-title\">Can I bet on Colleague Football in PA?<\/h2>\n            <\/div>\n            <div class=\"elementskit-faq-body\">\n                The answer is NO, you can't. \n\nBetting on High school events are illegal \nBetting on Colleague events are illegal\nBetting on Politics are illegal\neSports Betting is illegal             <\/div>\n        <\/div>\n                \n    <\/div>\t\t\t\t<\/div>\n\t\t\t\t<\/div>\n\t\t\t\t<\/div>\n\t\t\t\t<\/div>\n\t\t","protected":false},"excerpt":{"rendered":"<p>Pennsylvania Sweepstake kasinon Sweepstake-kasinon Pennsylvania \u00e4r i Limbo efter att PGCB, Pennsylvania Gaming Control Board, utf\u00e4rdade ett meddelande till 18 aktiva sweepstake-operat\u00f6rer. I april 2025 utf\u00e4rdades ett &#8221;cease-and-desist&#8221;-brev till de ber\u00f6rda personerna f\u00f6r deras verksamhet i Pennsylvania. M\u00e5nga operat\u00f6rer har redan avslutat sina erbjudanden till de boende och upph\u00f6rt med sin verksamhet. Talesm\u00e4n f\u00f6r PGCB [&hellip;]<\/p>\n","protected":false},"author":1,"featured_media":15397,"parent":0,"menu_order":0,"comment_status":"closed","ping_status":"closed","template":"","meta":{"footnotes":""},"class_list":["post-16079","page","type-page","status-publish","has-post-thumbnail","hentry"],"blocksy_meta":[],"acf":[],"yoast_head":"<!-- This site is optimized with the Yoast SEO plugin v24.1 - https:\/\/yoast.com\/wordpress\/plugins\/seo\/ -->\n<title>Pennsylvania Sweepstake kasinon - casinoreturn<\/title>\n<meta name=\"description\" content=\"Pennsylvania Sweepstake Casinos under granskning fr\u00e5n Gaming Control Board. 18 t\u00e4vlingsoperat\u00f6rer fick meddelande om att dra tillbaka sitt varum\u00e4rke.\" \/>\n<meta name=\"robots\" content=\"index, follow, max-snippet:-1, max-image-preview:large, max-video-preview:-1\" \/>\n<link rel=\"canonical\" href=\"https:\/\/casinoreturn.com\/sv\/pennsylvania-sweepstake-kasinon\/\" \/>\n<meta property=\"og:locale\" content=\"sv_SE\" \/>\n<meta property=\"og:type\" content=\"article\" \/>\n<meta property=\"og:title\" content=\"Pennsylvania Sweepstake kasinon - casinoreturn\" \/>\n<meta property=\"og:description\" content=\"Pennsylvania Sweepstake Casinos under granskning fr\u00e5n Gaming Control Board. 18 t\u00e4vlingsoperat\u00f6rer fick meddelande om att dra tillbaka sitt varum\u00e4rke.\" \/>\n<meta property=\"og:url\" content=\"https:\/\/casinoreturn.com\/sv\/pennsylvania-sweepstake-kasinon\/\" \/>\n<meta property=\"og:site_name\" content=\"casinoreturn\" \/>\n<meta property=\"article:modified_time\" content=\"2025-10-31T14:42:20+00:00\" \/>\n<meta property=\"og:image\" content=\"https:\/\/casinoreturn.com\/wp-content\/uploads\/2025\/10\/Pennsylvania-Sweepstake-Casinos.jpg\" \/>\n\t<meta property=\"og:image:width\" content=\"800\" \/>\n\t<meta property=\"og:image:height\" content=\"572\" \/>\n\t<meta property=\"og:image:type\" content=\"image\/jpeg\" \/>\n<meta name=\"twitter:card\" content=\"summary_large_image\" \/>\n<meta name=\"twitter:label1\" content=\"Ber\u00e4knad l\u00e4stid\" \/>\n\t<meta name=\"twitter:data1\" content=\"3 minuter\" \/>\n<script type=\"application\/ld+json\" class=\"yoast-schema-graph\">{\"@context\":\"https:\/\/schema.org\",\"@graph\":[{\"@type\":\"WebPage\",\"@id\":\"https:\/\/casinoreturn.com\/sv\/pennsylvania-sweepstake-kasinon\/\",\"url\":\"https:\/\/casinoreturn.com\/sv\/pennsylvania-sweepstake-kasinon\/\",\"name\":\"Pennsylvania Sweepstake kasinon - casinoreturn\",\"isPartOf\":{\"@id\":\"https:\/\/casinoreturn.com\/#website\"},\"primaryImageOfPage\":{\"@id\":\"https:\/\/casinoreturn.com\/sv\/pennsylvania-sweepstake-kasinon\/#primaryimage\"},\"image\":{\"@id\":\"https:\/\/casinoreturn.com\/sv\/pennsylvania-sweepstake-kasinon\/#primaryimage\"},\"thumbnailUrl\":\"https:\/\/casinoreturn.com\/wp-content\/uploads\/2025\/10\/Pennsylvania-Sweepstake-Casinos.jpg\",\"datePublished\":\"2025-10-15T10:15:30+00:00\",\"dateModified\":\"2025-10-31T14:42:20+00:00\",\"description\":\"Pennsylvania Sweepstake Casinos under granskning fr\u00e5n Gaming Control Board. 18 t\u00e4vlingsoperat\u00f6rer fick meddelande om att dra tillbaka sitt varum\u00e4rke.\",\"breadcrumb\":{\"@id\":\"https:\/\/casinoreturn.com\/sv\/pennsylvania-sweepstake-kasinon\/#breadcrumb\"},\"inLanguage\":\"sv-SE\",\"potentialAction\":[{\"@type\":\"ReadAction\",\"target\":[\"https:\/\/casinoreturn.com\/sv\/pennsylvania-sweepstake-kasinon\/\"]}]},{\"@type\":\"ImageObject\",\"inLanguage\":\"sv-SE\",\"@id\":\"https:\/\/casinoreturn.com\/sv\/pennsylvania-sweepstake-kasinon\/#primaryimage\",\"url\":\"https:\/\/casinoreturn.com\/wp-content\/uploads\/2025\/10\/Pennsylvania-Sweepstake-Casinos.jpg\",\"contentUrl\":\"https:\/\/casinoreturn.com\/wp-content\/uploads\/2025\/10\/Pennsylvania-Sweepstake-Casinos.jpg\",\"width\":800,\"height\":572,\"caption\":\"Pennsylvania Sweepstake Casinos\"},{\"@type\":\"BreadcrumbList\",\"@id\":\"https:\/\/casinoreturn.com\/sv\/pennsylvania-sweepstake-kasinon\/#breadcrumb\",\"itemListElement\":[{\"@type\":\"ListItem\",\"position\":1,\"name\":\"Home\",\"item\":\"https:\/\/casinoreturn.com\/sv\/home\/\"},{\"@type\":\"ListItem\",\"position\":2,\"name\":\"Pennsylvania Sweepstake kasinon\"}]},{\"@type\":\"WebSite\",\"@id\":\"https:\/\/casinoreturn.com\/#website\",\"url\":\"https:\/\/casinoreturn.com\/\",\"name\":\"casinoreturn\",\"description\":\"\",\"publisher\":{\"@id\":\"https:\/\/casinoreturn.com\/#organization\"},\"potentialAction\":[{\"@type\":\"SearchAction\",\"target\":{\"@type\":\"EntryPoint\",\"urlTemplate\":\"https:\/\/casinoreturn.com\/?s={search_term_string}\"},\"query-input\":{\"@type\":\"PropertyValueSpecification\",\"valueRequired\":true,\"valueName\":\"search_term_string\"}}],\"inLanguage\":\"sv-SE\"},{\"@type\":\"Organization\",\"@id\":\"https:\/\/casinoreturn.com\/#organization\",\"name\":\"casinoreturn\",\"url\":\"https:\/\/casinoreturn.com\/\",\"logo\":{\"@type\":\"ImageObject\",\"inLanguage\":\"sv-SE\",\"@id\":\"https:\/\/casinoreturn.com\/#\/schema\/logo\/image\/\",\"url\":\"https:\/\/casinoreturn.com\/wp-content\/uploads\/2024\/09\/animal-favicon.png\",\"contentUrl\":\"https:\/\/casinoreturn.com\/wp-content\/uploads\/2024\/09\/animal-favicon.png\",\"width\":92,\"height\":92,\"caption\":\"casinoreturn\"},\"image\":{\"@id\":\"https:\/\/casinoreturn.com\/#\/schema\/logo\/image\/\"}}]}<\/script>\n<!-- \/ Yoast SEO plugin. -->","yoast_head_json":{"title":"Pennsylvania Sweepstake kasinon - casinoreturn","description":"Pennsylvania Sweepstake Casinos under granskning fr\u00e5n Gaming Control Board. 18 t\u00e4vlingsoperat\u00f6rer fick meddelande om att dra tillbaka sitt varum\u00e4rke.","robots":{"index":"index","follow":"follow","max-snippet":"max-snippet:-1","max-image-preview":"max-image-preview:large","max-video-preview":"max-video-preview:-1"},"canonical":"https:\/\/casinoreturn.com\/sv\/pennsylvania-sweepstake-kasinon\/","og_locale":"sv_SE","og_type":"article","og_title":"Pennsylvania Sweepstake kasinon - casinoreturn","og_description":"Pennsylvania Sweepstake Casinos under granskning fr\u00e5n Gaming Control Board. 18 t\u00e4vlingsoperat\u00f6rer fick meddelande om att dra tillbaka sitt varum\u00e4rke.","og_url":"https:\/\/casinoreturn.com\/sv\/pennsylvania-sweepstake-kasinon\/","og_site_name":"casinoreturn","article_modified_time":"2025-10-31T14:42:20+00:00","og_image":[{"width":800,"height":572,"url":"https:\/\/casinoreturn.com\/wp-content\/uploads\/2025\/10\/Pennsylvania-Sweepstake-Casinos.jpg","type":"image\/jpeg"}],"twitter_card":"summary_large_image","twitter_misc":{"Ber\u00e4knad l\u00e4stid":"3 minuter"},"schema":{"@context":"https:\/\/schema.org","@graph":[{"@type":"WebPage","@id":"https:\/\/casinoreturn.com\/sv\/pennsylvania-sweepstake-kasinon\/","url":"https:\/\/casinoreturn.com\/sv\/pennsylvania-sweepstake-kasinon\/","name":"Pennsylvania Sweepstake kasinon - casinoreturn","isPartOf":{"@id":"https:\/\/casinoreturn.com\/#website"},"primaryImageOfPage":{"@id":"https:\/\/casinoreturn.com\/sv\/pennsylvania-sweepstake-kasinon\/#primaryimage"},"image":{"@id":"https:\/\/casinoreturn.com\/sv\/pennsylvania-sweepstake-kasinon\/#primaryimage"},"thumbnailUrl":"https:\/\/casinoreturn.com\/wp-content\/uploads\/2025\/10\/Pennsylvania-Sweepstake-Casinos.jpg","datePublished":"2025-10-15T10:15:30+00:00","dateModified":"2025-10-31T14:42:20+00:00","description":"Pennsylvania Sweepstake Casinos under granskning fr\u00e5n Gaming Control Board. 18 t\u00e4vlingsoperat\u00f6rer fick meddelande om att dra tillbaka sitt varum\u00e4rke.","breadcrumb":{"@id":"https:\/\/casinoreturn.com\/sv\/pennsylvania-sweepstake-kasinon\/#breadcrumb"},"inLanguage":"sv-SE","potentialAction":[{"@type":"ReadAction","target":["https:\/\/casinoreturn.com\/sv\/pennsylvania-sweepstake-kasinon\/"]}]},{"@type":"ImageObject","inLanguage":"sv-SE","@id":"https:\/\/casinoreturn.com\/sv\/pennsylvania-sweepstake-kasinon\/#primaryimage","url":"https:\/\/casinoreturn.com\/wp-content\/uploads\/2025\/10\/Pennsylvania-Sweepstake-Casinos.jpg","contentUrl":"https:\/\/casinoreturn.com\/wp-content\/uploads\/2025\/10\/Pennsylvania-Sweepstake-Casinos.jpg","width":800,"height":572,"caption":"Pennsylvania Sweepstake Casinos"},{"@type":"BreadcrumbList","@id":"https:\/\/casinoreturn.com\/sv\/pennsylvania-sweepstake-kasinon\/#breadcrumb","itemListElement":[{"@type":"ListItem","position":1,"name":"Home","item":"https:\/\/casinoreturn.com\/sv\/home\/"},{"@type":"ListItem","position":2,"name":"Pennsylvania Sweepstake kasinon"}]},{"@type":"WebSite","@id":"https:\/\/casinoreturn.com\/#website","url":"https:\/\/casinoreturn.com\/","name":"casinoreturn","description":"","publisher":{"@id":"https:\/\/casinoreturn.com\/#organization"},"potentialAction":[{"@type":"SearchAction","target":{"@type":"EntryPoint","urlTemplate":"https:\/\/casinoreturn.com\/?s={search_term_string}"},"query-input":{"@type":"PropertyValueSpecification","valueRequired":true,"valueName":"search_term_string"}}],"inLanguage":"sv-SE"},{"@type":"Organization","@id":"https:\/\/casinoreturn.com\/#organization","name":"casinoreturn","url":"https:\/\/casinoreturn.com\/","logo":{"@type":"ImageObject","inLanguage":"sv-SE","@id":"https:\/\/casinoreturn.com\/#\/schema\/logo\/image\/","url":"https:\/\/casinoreturn.com\/wp-content\/uploads\/2024\/09\/animal-favicon.png","contentUrl":"https:\/\/casinoreturn.com\/wp-content\/uploads\/2024\/09\/animal-favicon.png","width":92,"height":92,"caption":"casinoreturn"},"image":{"@id":"https:\/\/casinoreturn.com\/#\/schema\/logo\/image\/"}}]}},"_links":{"self":[{"href":"https:\/\/casinoreturn.com\/sv\/wp-json\/wp\/v2\/pages\/16079","targetHints":{"allow":["GET"]}}],"collection":[{"href":"https:\/\/casinoreturn.com\/sv\/wp-json\/wp\/v2\/pages"}],"about":[{"href":"https:\/\/casinoreturn.com\/sv\/wp-json\/wp\/v2\/types\/page"}],"author":[{"embeddable":true,"href":"https:\/\/casinoreturn.com\/sv\/wp-json\/wp\/v2\/users\/1"}],"replies":[{"embeddable":true,"href":"https:\/\/casinoreturn.com\/sv\/wp-json\/wp\/v2\/comments?post=16079"}],"version-history":[{"count":1,"href":"https:\/\/casinoreturn.com\/sv\/wp-json\/wp\/v2\/pages\/16079\/revisions"}],"predecessor-version":[{"id":16080,"href":"https:\/\/casinoreturn.com\/sv\/wp-json\/wp\/v2\/pages\/16079\/revisions\/16080"}],"wp:featuredmedia":[{"embeddable":true,"href":"https:\/\/casinoreturn.com\/sv\/wp-json\/wp\/v2\/media\/15397"}],"wp:attachment":[{"href":"https:\/\/casinoreturn.com\/sv\/wp-json\/wp\/v2\/media?parent=16079"}],"curies":[{"name":"wp","href":"https:\/\/api.w.org\/{rel}","templated":true}]}}