{"id":16232,"date":"2025-11-04T22:06:23","date_gmt":"2025-11-04T22:06:23","guid":{"rendered":"https:\/\/casinoreturn.com\/west-virginia-sweepstake-online-casino\/"},"modified":"2025-11-04T22:55:51","modified_gmt":"2025-11-04T22:55:51","slug":"west-virginia-sweepstake-online-casino","status":"publish","type":"page","link":"https:\/\/casinoreturn.com\/sv\/west-virginia-sweepstake-online-casino\/","title":{"rendered":"West Virginia Sweepstake Online Casino"},"content":{"rendered":"\t\t<div data-elementor-type=\"wp-page\" data-elementor-id=\"16232\" class=\"elementor elementor-16232\" data-elementor-post-type=\"page\">\n\t\t\t\t<div class=\"elementor-element elementor-element-a25ba4b e-con-full e-flex e-con e-parent\" data-id=\"a25ba4b\" data-element_type=\"container\" data-settings=\"{&quot;background_background&quot;:&quot;gradient&quot;}\">\n\t\t\t\t<div class=\"elementor-element elementor-element-d034d04 elementor-widget elementor-widget-heading\" data-id=\"d034d04\" data-element_type=\"widget\" data-widget_type=\"heading.default\">\n\t\t\t\t<div class=\"elementor-widget-container\">\n\t\t\t\t\t<h3 class=\"elementor-heading-title elementor-size-default\">Virginia Sweepstake Online Casino<\/h3>\t\t\t\t<\/div>\n\t\t\t\t<\/div>\n\t\t\t\t<div class=\"elementor-element elementor-element-18d8fc5 elementor-widget elementor-widget-text-editor\" data-id=\"18d8fc5\" data-element_type=\"widget\" data-widget_type=\"text-editor.default\">\n\t\t\t\t<div class=\"elementor-widget-container\">\n\t\t\t\t\t\t\t\t\t<p>West Virginia Sweepstake Online Casino regler \u00e4r p\u00e5 tunn is f\u00f6r nu. Det betyder att onlinekasinon som erbjuder intr\u00e4de genom att s\u00e4tta in pengar f\u00f6r att spela och vinna pengar faktiskt inte \u00e4r lagliga. Sweepstake-kasinon verkar enligt en s\u00e5 kallad dubbelvalutamodell. Denna modell med dubbla valutor ger spelarna tillg\u00e5ng till plattformen, men ingen ins\u00e4ttning kr\u00e4vs. Inga kontanter kan vinnas direkt eller bytas ut. Sweepstake arbetar med inl\u00f6sbara mynt, som sedan kan bytas ut.  <a href=\"https:\/\/casinoreturn.com\/sv\/sweep-stake-casino-return-usa\/\">Mer information till svepningar och guldmynt kan du hitta h\u00e4r.  <\/a><\/p>\n<p>Spelare kan ocks\u00e5 hitta mer information om lagstiftning f\u00f6r enskilda amerikanska stater, till exempel <a href=\"https:\/\/casinoreturn.com\/new-york-sweepstake-casinos\/\">New York Sweepstake Casinos<\/a> eller <a href=\"https:\/\/casinoreturn.com\/california-bans-social-sweepstake-games\/\">f\u00f6rbudet mot Kaliforniens sweepstake-kasinon <\/a>.  <\/p>\n<p>I den h\u00e4r artikeln f\u00f6rklarar vi:  <\/p>\n<ul>\n<li><a href=\"https:\/\/casinoreturn.com\/sv\/west-virginia-sweepstake-online-casino\/#curr\">Nuvarande Sweepstake-regler i West Virginia<\/a><\/li>\n<li>Landbaserade kasinon i West Virginia  <\/li>\n<li><a href=\"https:\/\/casinoreturn.com\/sv\/west-virginia-sweepstake-online-casino\/#top\">Topp 10 av Sweepstake kasinon i West Virginia<\/a> <\/li>\n<li><a href=\"https:\/\/casinoreturn.com\/sv\/west-virginia-sweepstake-online-casino\/#sport\">Sportsbetting i West Virginia<\/a><\/li>\n<li><a href=\"https:\/\/casinoreturn.com\/sv\/west-virginia-sweepstake-online-casino\/#faq\">Vanliga fr\u00e5gor West Virginia Sweepstake Casinos<\/a><\/li>\n<li><a href=\"https:\/\/casinoreturn.com\/sv\/west-virginia-sweepstake-online-casino\/#curio\">Kuriosa om West Virginia, USA<\/a><\/li>\n<\/ul>\n\t\t\t\t\t\t\t\t<\/div>\n\t\t\t\t<\/div>\n\t\t\t\t<\/div>\n\t\t<div class=\"elementor-element elementor-element-920cb2f e-con-full e-flex e-con e-parent\" data-id=\"920cb2f\" data-element_type=\"container\" data-settings=\"{&quot;background_background&quot;:&quot;gradient&quot;}\">\n\t\t\t\t<div class=\"elementor-element elementor-element-5ede9b0 elementor-widget__width-initial elementor-widget elementor-widget-image\" data-id=\"5ede9b0\" data-element_type=\"widget\" data-widget_type=\"image.default\">\n\t\t\t\t<div class=\"elementor-widget-container\">\n\t\t\t\t\t\t\t\t\t\t\t\t\t\t\t<img decoding=\"async\" src=\"https:\/\/casinoreturn.com\/wp-content\/uploads\/elementor\/thumbs\/Sweep-stake-casino-return-rcsvuhhg8ru7ojla0mlxbz0ez2n9j5cipfa82r7ohw.jpg\" title=\"Sweep stake casino return\" alt=\"Sweep stake casino return\" loading=\"lazy\" \/>\t\t\t\t\t\t\t\t\t\t\t\t\t\t\t<\/div>\n\t\t\t\t<\/div>\n\t\t\t\t<div class=\"elementor-element elementor-element-21b3226 elementor-widget elementor-widget-heading\" data-id=\"21b3226\" data-element_type=\"widget\" id=\"curr\" data-widget_type=\"heading.default\">\n\t\t\t\t<div class=\"elementor-widget-container\">\n\t\t\t\t\t<h3 class=\"elementor-heading-title elementor-size-default\">Nuvarande regler f\u00f6r t\u00e4vlingar i West Virginia<\/h3>\t\t\t\t<\/div>\n\t\t\t\t<\/div>\n\t\t\t\t<\/div>\n\t\t<div class=\"elementor-element elementor-element-165ad87 e-con-full e-flex e-con e-parent\" data-id=\"165ad87\" data-element_type=\"container\">\n\t\t\t\t<div class=\"elementor-element elementor-element-8fc0205 elementor-widget elementor-widget-text-editor\" data-id=\"8fc0205\" data-element_type=\"widget\" data-widget_type=\"text-editor.default\">\n\t\t\t\t<div class=\"elementor-widget-container\">\n\t\t\t\t\t\t\t\t\t<p>Den nuvarande situationen f\u00f6r t\u00e4vlingscasino i West Virginia \u00e4r p\u00e5 l\u00f6s mark, men f\u00f6rblir som laglig. W&#8217;Virginias lagstiftare betraktar operat\u00f6rer av modeller med dubbla valutor som icke-spelaktiviteter. Denna modell granskas alltmer fr\u00e5n alla h\u00e5ll. Stater som Kalifornien <a href=\"https:\/\/casinoreturn.com\/sv\/pennsylvania-sweepstake-kasinon\/\">och Pennsylvania, antingen f\u00f6rbjuder eller f\u00f6rbjuder t\u00e4vlingar .<\/a><\/p>\n<p>Id\u00e9n om gratis intr\u00e4de p\u00e5 onlinekasinon uppr\u00e4tth\u00e5lls f\u00f6r tillf\u00e4llet. Spelare kan g\u00e5 in p\u00e5 plattformar gratis och spela Social casinos-spel och vinna guldmynt. Dessa guldmynt kan inte v\u00e4xlas in mot kontanter och betraktas d\u00e4rf\u00f6r inte enligt lag som hasardspel. Sweepstake-kasinon \u00e4r inte officiellt licensierade och f\u00f6rblir under det vakande \u00f6gat av statlig lag och faller inte under West Virginia State Law Article 18.2-325.  <\/p>\n<p>Spelare m\u00e5ste vara 18+ f\u00f6r sociala kasinon och 21+ \u00e5lder och vara bosatt i West Virginia f\u00f6r sportspel.  <\/p>\t\t\t\t\t\t\t\t<\/div>\n\t\t\t\t<\/div>\n\t\t\t\t<div class=\"elementor-element elementor-element-5118fa1 elementor-widget elementor-widget-heading\" data-id=\"5118fa1\" data-element_type=\"widget\" id=\"top\" data-widget_type=\"heading.default\">\n\t\t\t\t<div class=\"elementor-widget-container\">\n\t\t\t\t\t<h3 class=\"elementor-heading-title elementor-size-default\">Topp 10 Sweepstake kasinon i West Virginia<\/h3>\t\t\t\t<\/div>\n\t\t\t\t<\/div>\n\t\t\t\t<div class=\"elementor-element elementor-element-7957e13 elementor-widget elementor-widget-image\" data-id=\"7957e13\" data-element_type=\"widget\" data-widget_type=\"image.default\">\n\t\t\t\t<div class=\"elementor-widget-container\">\n\t\t\t\t\t\t\t\t\t\t\t\t\t\t\t<img decoding=\"async\" src=\"https:\/\/casinoreturn.com\/wp-content\/uploads\/elementor\/thumbs\/West-Virginia-Sweepstake-online-Casino-re8be3avp0f8cq7oyjzacwqfm1upd5dp2x3x9hkbic.png\" title=\"West Virginia Sweepstake online Casino\" alt=\"West Virginia Sweepstake online Casino\" loading=\"lazy\" \/>\t\t\t\t\t\t\t\t\t\t\t\t\t\t\t<\/div>\n\t\t\t\t<\/div>\n\t\t\t\t<div class=\"elementor-element elementor-element-9c8bfae elementor-widget elementor-widget-text-editor\" data-id=\"9c8bfae\" data-element_type=\"widget\" data-widget_type=\"text-editor.default\">\n\t\t\t\t<div class=\"elementor-widget-container\">\n\t\t\t\t\t\t\t\t\t<p>Med onlinekasinon med riktiga pengar bekr\u00e4ftade som olagliga, erbjuder f\u00f6ljande sweepstake-kasinon sociala kasinom\u00f6jligheter. Det inneb\u00e4r att intr\u00e4det \u00e4r gratis och att ingen ins\u00e4ttning beh\u00f6ver g\u00f6ras. \u00c4ven om Goldcoins kan vinnas och priser finns tillg\u00e4ngliga i utbyte, finns det inget monet\u00e4rt v\u00e4rde eller kontanter att vinna. I ingen s\u00e4rskild ordning efter betydelse:  <\/p>\n<p>\u00c4ven om det \u00e4r olagligt har ett antal kasinon som erbjuder Sweepstakes-kasinon online l\u00e4mnat marknaden. Under 2025 utf\u00e4rdade justitieminister John B. McCusky knappt 50 st\u00e4mningar till operat\u00f6rer. H\u00e4lften har hittills stoppat sin verksamhet. Vissa verkar fortfarande i en gr\u00e5zon.  <\/p>\n<h4>Landbaserade kasinon i West Virginia<\/h4>\n<p>Landbaserade kasinon i Virginia erbjuder en mycket efterl\u00e4ngtad spelupplevelse med riktiga pengar. Vi skulle vilja ge dig v\u00e5ra topp 5 landbaserade kasinon i West Virginia, men officiellt fungerar bara 3 fullt ut. Licenser beviljades under 2020 f\u00f6r Bristol US, Danville US, Norfolk US, Portsmouth US och Richmond US.  <\/p>\n<ul>\n<li>Hollywood Casino p\u00e5 Charles Town Races leder v\u00e4gen n\u00e4r det g\u00e4ller underh\u00e5llning. Erbjuder en fullst\u00e4ndig spelupplevelse fr\u00e5n Live bordspoker, slots, bingo och Blackjack. Vissa spelstationer finns ocks\u00e5<\/li>\n<li>Mardi Gras &#8211; kombinerar hela driften av ett hotell och ett kasino<\/li>\n<li>The Casino Club at The Greenbrier &#8211; stort varum\u00e4rke som st\u00f6djer detta underh\u00e5llande spelcenter<\/li>\n<\/ul>\t\t\t\t\t\t\t\t<\/div>\n\t\t\t\t<\/div>\n\t\t\t\t<div class=\"elementor-element elementor-element-0a7b52c elementor-widget elementor-widget-heading\" data-id=\"0a7b52c\" data-element_type=\"widget\" id=\"sport\" data-widget_type=\"heading.default\">\n\t\t\t\t<div class=\"elementor-widget-container\">\n\t\t\t\t\t<h3 class=\"elementor-heading-title elementor-size-default\">Sportsbetting i West Virginia  <\/h3>\t\t\t\t<\/div>\n\t\t\t\t<\/div>\n\t\t\t\t<div class=\"elementor-element elementor-element-0a1012d elementor-widget elementor-widget-text-editor\" data-id=\"0a1012d\" data-element_type=\"widget\" data-widget_type=\"text-editor.default\">\n\t\t\t\t<div class=\"elementor-widget-container\">\n\t\t\t\t\t\t\t\t\t<p>Sportspel i West Virginia \u00e4r lagligt och f\u00f6r inv\u00e5nare och operat\u00f6rer \u00e4r licensierade. Plattformar f\u00f6r sportspel m\u00e5ste strikt f\u00f6lja \u00e5ldersverifiering, 21+ \u00e5r. Spel m\u00e5ste placeras i delstaten Virginia.  <\/p>\n<p>I likhet med andra amerikanska delstater \u00e4r vadslagning p\u00e5 sportevenemang f\u00f6r ungdomar och sportevenemang p\u00e5 college olagligt. Stora namn som erbjuder Wagering-appar f\u00f6r vadslagning \u00e4r FanDuel. DraftKings, BetMGM och Caesars.<\/p>\t\t\t\t\t\t\t\t<\/div>\n\t\t\t\t<\/div>\n\t\t\t\t<div class=\"elementor-element elementor-element-9a3e94e elementor-widget elementor-widget-heading\" data-id=\"9a3e94e\" data-element_type=\"widget\" id=\"faq\" data-widget_type=\"heading.default\">\n\t\t\t\t<div class=\"elementor-widget-container\">\n\t\t\t\t\t<h2 class=\"elementor-heading-title elementor-size-default\">Vanliga fr\u00e5gor West Virginia Sweepstake Casinos<\/h2>\t\t\t\t<\/div>\n\t\t\t\t<\/div>\n\t\t\t\t<div class=\"elementor-element elementor-element-6a966d4 elementor-widget elementor-widget-elementskit-faq\" data-id=\"6a966d4\" data-element_type=\"widget\" data-widget_type=\"elementskit-faq.default\">\n\t\t\t\t<div class=\"elementor-widget-container\">\n\t\t\t\t\t<div class=\"ekit-wid-con\" >\n                <div class=\"elementskit-single-faq elementor-repeater-item-e0176ff\">\n            <div class=\"elementskit-faq-header\">\n                <h2 class=\"elementskit-faq-title\">Are Sweepstake casinos legal in West Virginia?<\/h2>\n            <\/div>\n            <div class=\"elementskit-faq-body\">\n                Sweepstake casinos are not illegal. if the set up provides a complete social casino structure, without real-money. Meaning, the online casino cannot accept or reward players with anything but Goldcoins, or similar token.            <\/div>\n        <\/div>\n                <div class=\"elementskit-single-faq elementor-repeater-item-140a2d1\">\n            <div class=\"elementskit-faq-header\">\n                <h2 class=\"elementskit-faq-title\">Is sports betting legal in West Virginia?<\/h2>\n            <\/div>\n            <div class=\"elementskit-faq-body\">\n                Yes sports betting is legal. Residents older than 21+ of age can wager on sport and events.             <\/div>\n        <\/div>\n                <div class=\"elementskit-single-faq elementor-repeater-item-35c1273\">\n            <div class=\"elementskit-faq-header\">\n                <h2 class=\"elementskit-faq-title\">Can I bet on a Virginia team outside of the state of West Virginia?<\/h2>\n            <\/div>\n            <div class=\"elementskit-faq-body\">\n                If you are resident of West Virginia, and want to place a wager on a team playing outside of West Virginia, it's not possible. However, players can bet on teams from West Virginia if their residency is outside from West Virginia.             <\/div>\n        <\/div>\n                \n    <\/div>\t\t\t\t<\/div>\n\t\t\t\t<\/div>\n\t\t\t\t<div class=\"elementor-element elementor-element-6631937 elementor-widget elementor-widget-heading\" data-id=\"6631937\" data-element_type=\"widget\" id=\"curio\" data-widget_type=\"heading.default\">\n\t\t\t\t<div class=\"elementor-widget-container\">\n\t\t\t\t\t<h3 class=\"elementor-heading-title elementor-size-default\">Kuriosa om West Virginia, USA<\/h3>\t\t\t\t<\/div>\n\t\t\t\t<\/div>\n\t\t\t\t<div class=\"elementor-element elementor-element-50e0b85 elementor-widget elementor-widget-text-editor\" data-id=\"50e0b85\" data-element_type=\"widget\" data-widget_type=\"text-editor.default\">\n\t\t\t\t<div class=\"elementor-widget-container\">\n\t\t\t\t\t\t\t\t\t<p>H\u00e4r \u00e4r n\u00e5gra kuriosa om West Virginia. Den amerikanska delstaten har n\u00e5gra mycket framst\u00e5ende politiska namn p\u00e5 sin meritlista.  <\/p>\n<p><img fetchpriority=\"high\" decoding=\"async\" class=\"alignnone wp-image-16194 size-full\" src=\"https:\/\/casinoreturn.com\/wp-content\/uploads\/2025\/11\/West-Virginia-Sweepstake-online-Casino.png\" alt=\"West Virginia Sweepstake online casino\" width=\"237\" height=\"212\"><\/p>\n<ul>\n<li>West Virginia \u00e4r helt och h\u00e5llet hem till Appalacherna.  <\/li>\n<li>H\u00e4r finns v\u00e4rldens st\u00f6rsta styrteleeskop  <\/li>\n<li>New River &#8211; lustigt nog \u00e4r det en av v\u00e4rldens \u00e4ldsta floder<\/li>\n<li>West Virginia har fler forsande floder, raviner och forsar &#8211; fler \u00e4n det sammanlagda antalet i alla USA:s delstater<\/li>\n<\/ul>\n<p> <\/p>\t\t\t\t\t\t\t\t<\/div>\n\t\t\t\t<\/div>\n\t\t\t\t<\/div>\n\t\t\t\t<\/div>\n\t\t","protected":false},"excerpt":{"rendered":"<p>Virginia Sweepstake Online Casino West Virginia Sweepstake Online Casino regler \u00e4r p\u00e5 tunn is f\u00f6r nu. Det betyder att onlinekasinon som erbjuder intr\u00e4de genom att s\u00e4tta in pengar f\u00f6r att spela och vinna pengar faktiskt inte \u00e4r lagliga. Sweepstake-kasinon verkar enligt en s\u00e5 kallad dubbelvalutamodell. Denna modell med dubbla valutor ger spelarna tillg\u00e5ng till plattformen, [&hellip;]<\/p>\n","protected":false},"author":1,"featured_media":16204,"parent":0,"menu_order":0,"comment_status":"closed","ping_status":"closed","template":"","meta":{"footnotes":""},"class_list":["post-16232","page","type-page","status-publish","has-post-thumbnail","hentry"],"blocksy_meta":[],"acf":[],"yoast_head":"<!-- This site is optimized with the Yoast SEO plugin v24.1 - https:\/\/yoast.com\/wordpress\/plugins\/seo\/ -->\n<title>West Virginia Sweepstake Online Casino - casinoreturn<\/title>\n<meta name=\"description\" content=\"West Virginia Sweepstake Online Casino kan fungera f\u00f6r tillf\u00e4llet. Onlinekasinon som erbjuder t\u00e4vlingar \u00e4r i skottgluggen men ses f\u00f6r n\u00e4rvarande inte som hasardspel.\" \/>\n<meta name=\"robots\" content=\"index, follow, max-snippet:-1, max-image-preview:large, max-video-preview:-1\" \/>\n<link rel=\"canonical\" href=\"https:\/\/casinoreturn.com\/sv\/west-virginia-sweepstake-online-casino\/\" \/>\n<meta property=\"og:locale\" content=\"sv_SE\" \/>\n<meta property=\"og:type\" content=\"article\" \/>\n<meta property=\"og:title\" content=\"West Virginia Sweepstake Online Casino - casinoreturn\" \/>\n<meta property=\"og:description\" content=\"West Virginia Sweepstake Online Casino kan fungera f\u00f6r tillf\u00e4llet. Onlinekasinon som erbjuder t\u00e4vlingar \u00e4r i skottgluggen men ses f\u00f6r n\u00e4rvarande inte som hasardspel.\" \/>\n<meta property=\"og:url\" content=\"https:\/\/casinoreturn.com\/sv\/west-virginia-sweepstake-online-casino\/\" \/>\n<meta property=\"og:site_name\" content=\"casinoreturn\" \/>\n<meta property=\"article:modified_time\" content=\"2025-11-04T22:55:51+00:00\" \/>\n<meta property=\"og:image\" content=\"https:\/\/casinoreturn.com\/wp-content\/uploads\/2025\/11\/West-Virginia-Sweepstake-online-Casino.png\" \/>\n\t<meta property=\"og:image:width\" content=\"237\" \/>\n\t<meta property=\"og:image:height\" content=\"212\" \/>\n\t<meta property=\"og:image:type\" content=\"image\/png\" \/>\n<meta name=\"twitter:card\" content=\"summary_large_image\" \/>\n<meta name=\"twitter:label1\" content=\"Ber\u00e4knad l\u00e4stid\" \/>\n\t<meta name=\"twitter:data1\" content=\"4 minuter\" \/>\n<script type=\"application\/ld+json\" class=\"yoast-schema-graph\">{\"@context\":\"https:\/\/schema.org\",\"@graph\":[{\"@type\":\"WebPage\",\"@id\":\"https:\/\/casinoreturn.com\/sv\/west-virginia-sweepstake-online-casino\/\",\"url\":\"https:\/\/casinoreturn.com\/sv\/west-virginia-sweepstake-online-casino\/\",\"name\":\"West Virginia Sweepstake Online Casino - casinoreturn\",\"isPartOf\":{\"@id\":\"https:\/\/casinoreturn.com\/#website\"},\"primaryImageOfPage\":{\"@id\":\"https:\/\/casinoreturn.com\/sv\/west-virginia-sweepstake-online-casino\/#primaryimage\"},\"image\":{\"@id\":\"https:\/\/casinoreturn.com\/sv\/west-virginia-sweepstake-online-casino\/#primaryimage\"},\"thumbnailUrl\":\"https:\/\/casinoreturn.com\/wp-content\/uploads\/2025\/11\/West-Virginia-Sweepstake-online-Casino.png\",\"datePublished\":\"2025-11-04T22:06:23+00:00\",\"dateModified\":\"2025-11-04T22:55:51+00:00\",\"description\":\"West Virginia Sweepstake Online Casino kan fungera f\u00f6r tillf\u00e4llet. Onlinekasinon som erbjuder t\u00e4vlingar \u00e4r i skottgluggen men ses f\u00f6r n\u00e4rvarande inte som hasardspel.\",\"breadcrumb\":{\"@id\":\"https:\/\/casinoreturn.com\/sv\/west-virginia-sweepstake-online-casino\/#breadcrumb\"},\"inLanguage\":\"sv-SE\",\"potentialAction\":[{\"@type\":\"ReadAction\",\"target\":[\"https:\/\/casinoreturn.com\/sv\/west-virginia-sweepstake-online-casino\/\"]}]},{\"@type\":\"ImageObject\",\"inLanguage\":\"sv-SE\",\"@id\":\"https:\/\/casinoreturn.com\/sv\/west-virginia-sweepstake-online-casino\/#primaryimage\",\"url\":\"https:\/\/casinoreturn.com\/wp-content\/uploads\/2025\/11\/West-Virginia-Sweepstake-online-Casino.png\",\"contentUrl\":\"https:\/\/casinoreturn.com\/wp-content\/uploads\/2025\/11\/West-Virginia-Sweepstake-online-Casino.png\",\"width\":237,\"height\":212,\"caption\":\"West Virginia Sweepstake online Casino\"},{\"@type\":\"BreadcrumbList\",\"@id\":\"https:\/\/casinoreturn.com\/sv\/west-virginia-sweepstake-online-casino\/#breadcrumb\",\"itemListElement\":[{\"@type\":\"ListItem\",\"position\":1,\"name\":\"Home\",\"item\":\"https:\/\/casinoreturn.com\/sv\/home\/\"},{\"@type\":\"ListItem\",\"position\":2,\"name\":\"West Virginia Sweepstake Online Casino\"}]},{\"@type\":\"WebSite\",\"@id\":\"https:\/\/casinoreturn.com\/#website\",\"url\":\"https:\/\/casinoreturn.com\/\",\"name\":\"casinoreturn\",\"description\":\"\",\"publisher\":{\"@id\":\"https:\/\/casinoreturn.com\/#organization\"},\"potentialAction\":[{\"@type\":\"SearchAction\",\"target\":{\"@type\":\"EntryPoint\",\"urlTemplate\":\"https:\/\/casinoreturn.com\/?s={search_term_string}\"},\"query-input\":{\"@type\":\"PropertyValueSpecification\",\"valueRequired\":true,\"valueName\":\"search_term_string\"}}],\"inLanguage\":\"sv-SE\"},{\"@type\":\"Organization\",\"@id\":\"https:\/\/casinoreturn.com\/#organization\",\"name\":\"casinoreturn\",\"url\":\"https:\/\/casinoreturn.com\/\",\"logo\":{\"@type\":\"ImageObject\",\"inLanguage\":\"sv-SE\",\"@id\":\"https:\/\/casinoreturn.com\/#\/schema\/logo\/image\/\",\"url\":\"https:\/\/casinoreturn.com\/wp-content\/uploads\/2024\/09\/animal-favicon.png\",\"contentUrl\":\"https:\/\/casinoreturn.com\/wp-content\/uploads\/2024\/09\/animal-favicon.png\",\"width\":92,\"height\":92,\"caption\":\"casinoreturn\"},\"image\":{\"@id\":\"https:\/\/casinoreturn.com\/#\/schema\/logo\/image\/\"}}]}<\/script>\n<!-- \/ Yoast SEO plugin. -->","yoast_head_json":{"title":"West Virginia Sweepstake Online Casino - casinoreturn","description":"West Virginia Sweepstake Online Casino kan fungera f\u00f6r tillf\u00e4llet. Onlinekasinon som erbjuder t\u00e4vlingar \u00e4r i skottgluggen men ses f\u00f6r n\u00e4rvarande inte som hasardspel.","robots":{"index":"index","follow":"follow","max-snippet":"max-snippet:-1","max-image-preview":"max-image-preview:large","max-video-preview":"max-video-preview:-1"},"canonical":"https:\/\/casinoreturn.com\/sv\/west-virginia-sweepstake-online-casino\/","og_locale":"sv_SE","og_type":"article","og_title":"West Virginia Sweepstake Online Casino - casinoreturn","og_description":"West Virginia Sweepstake Online Casino kan fungera f\u00f6r tillf\u00e4llet. Onlinekasinon som erbjuder t\u00e4vlingar \u00e4r i skottgluggen men ses f\u00f6r n\u00e4rvarande inte som hasardspel.","og_url":"https:\/\/casinoreturn.com\/sv\/west-virginia-sweepstake-online-casino\/","og_site_name":"casinoreturn","article_modified_time":"2025-11-04T22:55:51+00:00","og_image":[{"width":237,"height":212,"url":"https:\/\/casinoreturn.com\/wp-content\/uploads\/2025\/11\/West-Virginia-Sweepstake-online-Casino.png","type":"image\/png"}],"twitter_card":"summary_large_image","twitter_misc":{"Ber\u00e4knad l\u00e4stid":"4 minuter"},"schema":{"@context":"https:\/\/schema.org","@graph":[{"@type":"WebPage","@id":"https:\/\/casinoreturn.com\/sv\/west-virginia-sweepstake-online-casino\/","url":"https:\/\/casinoreturn.com\/sv\/west-virginia-sweepstake-online-casino\/","name":"West Virginia Sweepstake Online Casino - casinoreturn","isPartOf":{"@id":"https:\/\/casinoreturn.com\/#website"},"primaryImageOfPage":{"@id":"https:\/\/casinoreturn.com\/sv\/west-virginia-sweepstake-online-casino\/#primaryimage"},"image":{"@id":"https:\/\/casinoreturn.com\/sv\/west-virginia-sweepstake-online-casino\/#primaryimage"},"thumbnailUrl":"https:\/\/casinoreturn.com\/wp-content\/uploads\/2025\/11\/West-Virginia-Sweepstake-online-Casino.png","datePublished":"2025-11-04T22:06:23+00:00","dateModified":"2025-11-04T22:55:51+00:00","description":"West Virginia Sweepstake Online Casino kan fungera f\u00f6r tillf\u00e4llet. Onlinekasinon som erbjuder t\u00e4vlingar \u00e4r i skottgluggen men ses f\u00f6r n\u00e4rvarande inte som hasardspel.","breadcrumb":{"@id":"https:\/\/casinoreturn.com\/sv\/west-virginia-sweepstake-online-casino\/#breadcrumb"},"inLanguage":"sv-SE","potentialAction":[{"@type":"ReadAction","target":["https:\/\/casinoreturn.com\/sv\/west-virginia-sweepstake-online-casino\/"]}]},{"@type":"ImageObject","inLanguage":"sv-SE","@id":"https:\/\/casinoreturn.com\/sv\/west-virginia-sweepstake-online-casino\/#primaryimage","url":"https:\/\/casinoreturn.com\/wp-content\/uploads\/2025\/11\/West-Virginia-Sweepstake-online-Casino.png","contentUrl":"https:\/\/casinoreturn.com\/wp-content\/uploads\/2025\/11\/West-Virginia-Sweepstake-online-Casino.png","width":237,"height":212,"caption":"West Virginia Sweepstake online Casino"},{"@type":"BreadcrumbList","@id":"https:\/\/casinoreturn.com\/sv\/west-virginia-sweepstake-online-casino\/#breadcrumb","itemListElement":[{"@type":"ListItem","position":1,"name":"Home","item":"https:\/\/casinoreturn.com\/sv\/home\/"},{"@type":"ListItem","position":2,"name":"West Virginia Sweepstake Online Casino"}]},{"@type":"WebSite","@id":"https:\/\/casinoreturn.com\/#website","url":"https:\/\/casinoreturn.com\/","name":"casinoreturn","description":"","publisher":{"@id":"https:\/\/casinoreturn.com\/#organization"},"potentialAction":[{"@type":"SearchAction","target":{"@type":"EntryPoint","urlTemplate":"https:\/\/casinoreturn.com\/?s={search_term_string}"},"query-input":{"@type":"PropertyValueSpecification","valueRequired":true,"valueName":"search_term_string"}}],"inLanguage":"sv-SE"},{"@type":"Organization","@id":"https:\/\/casinoreturn.com\/#organization","name":"casinoreturn","url":"https:\/\/casinoreturn.com\/","logo":{"@type":"ImageObject","inLanguage":"sv-SE","@id":"https:\/\/casinoreturn.com\/#\/schema\/logo\/image\/","url":"https:\/\/casinoreturn.com\/wp-content\/uploads\/2024\/09\/animal-favicon.png","contentUrl":"https:\/\/casinoreturn.com\/wp-content\/uploads\/2024\/09\/animal-favicon.png","width":92,"height":92,"caption":"casinoreturn"},"image":{"@id":"https:\/\/casinoreturn.com\/#\/schema\/logo\/image\/"}}]}},"_links":{"self":[{"href":"https:\/\/casinoreturn.com\/sv\/wp-json\/wp\/v2\/pages\/16232","targetHints":{"allow":["GET"]}}],"collection":[{"href":"https:\/\/casinoreturn.com\/sv\/wp-json\/wp\/v2\/pages"}],"about":[{"href":"https:\/\/casinoreturn.com\/sv\/wp-json\/wp\/v2\/types\/page"}],"author":[{"embeddable":true,"href":"https:\/\/casinoreturn.com\/sv\/wp-json\/wp\/v2\/users\/1"}],"replies":[{"embeddable":true,"href":"https:\/\/casinoreturn.com\/sv\/wp-json\/wp\/v2\/comments?post=16232"}],"version-history":[{"count":1,"href":"https:\/\/casinoreturn.com\/sv\/wp-json\/wp\/v2\/pages\/16232\/revisions"}],"predecessor-version":[{"id":16233,"href":"https:\/\/casinoreturn.com\/sv\/wp-json\/wp\/v2\/pages\/16232\/revisions\/16233"}],"wp:featuredmedia":[{"embeddable":true,"href":"https:\/\/casinoreturn.com\/sv\/wp-json\/wp\/v2\/media\/16204"}],"wp:attachment":[{"href":"https:\/\/casinoreturn.com\/sv\/wp-json\/wp\/v2\/media?parent=16232"}],"curies":[{"name":"wp","href":"https:\/\/api.w.org\/{rel}","templated":true}]}}