{"id":2428,"date":"2024-10-08T12:47:07","date_gmt":"2024-10-08T12:47:07","guid":{"rendered":"https:\/\/casinoreturn.com\/author-domini\/"},"modified":"2024-12-02T14:06:30","modified_gmt":"2024-12-02T14:06:30","slug":"author-domini","status":"publish","type":"page","link":"https:\/\/casinoreturn.com\/sv\/author-domini\/","title":{"rendered":"Author domini"},"content":{"rendered":"\t\t<div data-elementor-type=\"wp-page\" data-elementor-id=\"2428\" class=\"elementor elementor-2428\" data-elementor-post-type=\"page\">\n\t\t\t\t<div class=\"elementor-element elementor-element-487b8c8 e-flex e-con-boxed e-con e-parent\" data-id=\"487b8c8\" data-element_type=\"container\" data-settings=\"{&quot;background_background&quot;:&quot;classic&quot;}\">\n\t\t\t\t\t<div class=\"e-con-inner\">\n\t\t\t\t<div class=\"elementor-element elementor-element-053e7bf elementor-widget elementor-widget-heading\" data-id=\"053e7bf\" data-element_type=\"widget\" data-widget_type=\"heading.default\">\n\t\t\t\t<div class=\"elementor-widget-container\">\n\t\t\t\t\t<h2 class=\"elementor-heading-title elementor-size-default\">F\u00f6rfattare : Tower House Team<\/h2>\t\t\t\t<\/div>\n\t\t\t\t<\/div>\n\t\t\t\t\t<\/div>\n\t\t\t\t<\/div>\n\t\t<div class=\"elementor-element elementor-element-72c42d1 e-flex e-con-boxed e-con e-parent\" data-id=\"72c42d1\" data-element_type=\"container\">\n\t\t\t\t\t<div class=\"e-con-inner\">\n\t\t<div class=\"elementor-element elementor-element-5aafae2 e-con-full e-flex e-con e-child\" data-id=\"5aafae2\" data-element_type=\"container\">\n\t\t<div class=\"elementor-element elementor-element-b159f64 e-con-full e-flex e-con e-child\" data-id=\"b159f64\" data-element_type=\"container\" data-settings=\"{&quot;background_background&quot;:&quot;classic&quot;}\">\n\t\t<div class=\"elementor-element elementor-element-129e9d4 e-con-full e-flex e-con e-child\" data-id=\"129e9d4\" data-element_type=\"container\" data-settings=\"{&quot;background_background&quot;:&quot;classic&quot;}\">\n\t\t\t\t<div class=\"elementor-element elementor-element-b3fb6bb elementor-widget elementor-widget-heading\" data-id=\"b3fb6bb\" data-element_type=\"widget\" data-widget_type=\"heading.default\">\n\t\t\t\t<div class=\"elementor-widget-container\">\n\t\t\t\t\t<h2 class=\"elementor-heading-title elementor-size-default\">Om Tower House Team<\/h2>\t\t\t\t<\/div>\n\t\t\t\t<\/div>\n\t\t\t\t<div class=\"elementor-element elementor-element-f33bd2e elementor-widget elementor-widget-image\" data-id=\"f33bd2e\" data-element_type=\"widget\" data-widget_type=\"image.default\">\n\t\t\t\t<div class=\"elementor-widget-container\">\n\t\t\t\t\t\t\t\t\t\t\t\t\t\t\t<img decoding=\"async\" width=\"150\" height=\"150\" src=\"https:\/\/casinoreturn.com\/wp-content\/uploads\/2024\/10\/pikaso_edit-150x150.jpeg\" class=\"attachment-thumbnail size-thumbnail wp-image-818\" alt=\"\" srcset=\"https:\/\/casinoreturn.com\/wp-content\/uploads\/2024\/10\/pikaso_edit-150x150.jpeg 150w, https:\/\/casinoreturn.com\/wp-content\/uploads\/2024\/10\/pikaso_edit-300x300.jpeg 300w, https:\/\/casinoreturn.com\/wp-content\/uploads\/2024\/10\/pikaso_edit-1024x1024.jpeg 1024w, https:\/\/casinoreturn.com\/wp-content\/uploads\/2024\/10\/pikaso_edit-768x768.jpeg 768w, https:\/\/casinoreturn.com\/wp-content\/uploads\/2024\/10\/pikaso_edit-1536x1536.jpeg 1536w, https:\/\/casinoreturn.com\/wp-content\/uploads\/2024\/10\/pikaso_edit.jpeg 2000w\" sizes=\"(max-width: 150px) 100vw, 150px\" \/>\t\t\t\t\t\t\t\t\t\t\t\t\t\t\t<\/div>\n\t\t\t\t<\/div>\n\t\t\t\t<div class=\"elementor-element elementor-element-7103dd2 elementor-widget elementor-widget-text-editor\" data-id=\"7103dd2\" data-element_type=\"widget\" data-widget_type=\"text-editor.default\">\n\t\t\t\t<div class=\"elementor-widget-container\">\n\t\t\t\t\t\t\t\t\t<div>\n<p><b>THT eller b\u00e4ttre k\u00e4nt som Tower House Affiliate Team har buntat ihop det goda, det d\u00e5liga och det fula med online casino. Vi \u00e4r inte h\u00e4r f\u00f6r att uppfinna hjulet p\u00e5 nytt. Vi kryddar v\u00e5ra inl\u00e4gg, kommentarer och recensioner med lite salt och peppar. Vi arbetar med fakta, och vi \u00e4lskar ocks\u00e5 skvaller <a href=\"https:\/\/casinoreturn.com\/sv\/premier-league-betting\/\">H\u00c4R.<\/a> Kasinorecensioner \u00e4r viktiga och att skriva en recension om sportspel och kasino \u00e4r avg\u00f6rande f\u00f6r dig, spelaren. L\u00e4r k\u00e4nna kasinot. Testa kasinot i demo kasinol\u00e4ge. F\u00e5 en k\u00e4nsla av hur saker och ting v\u00e4rms upp n\u00e4r din KYC inte godk\u00e4nns. Vilken betalningsmetod som \u00e4r b\u00e4st f\u00f6r dig. Med andra ord, g\u00f6r ditt val. Den viktiga delen i online casino \u00e4r att njuta av din favorit online spelautomat. Fira din vinnande insats med dina peeps.           <\/b><\/p>\n<\/div>\n<p>Vilka \u00e4r vi?<\/p>\n<p>Vi \u00e4r ett g\u00e4ng gamla kasinom\u00e4nniskor. Tillsammans m\u00e5ste vi ha decennier av erfarenhet och vi har sett saker. \u00c5h ja! Sett saker! om du vill h\u00f6ra mer eller komma i kontakt med oss, v\u00e4nligen anv\u00e4nd v\u00e5r <a href=\"https:\/\/casinoreturn.com\/contact\/\">l\u00e4nk<\/a>.     <\/p>\n<div> <\/div>\n\t\t\t\t\t\t\t\t<\/div>\n\t\t\t\t<\/div>\n\t\t\t\t<div class=\"elementor-element elementor-element-25ee8e0 elementor-shape-circle elementor-grid-0 e-grid-align-center elementor-widget elementor-widget-social-icons\" data-id=\"25ee8e0\" data-element_type=\"widget\" data-widget_type=\"social-icons.default\">\n\t\t\t\t<div class=\"elementor-widget-container\">\n\t\t\t\t\t\t\t<div class=\"elementor-social-icons-wrapper elementor-grid\" role=\"list\">\n\t\t\t\t\t\t\t<span class=\"elementor-grid-item\" role=\"listitem\">\n\t\t\t\t\t<a class=\"elementor-icon elementor-social-icon elementor-social-icon-facebook elementor-repeater-item-47ce264\" href=\"http:\/\/blah.com\" target=\"_blank\">\n\t\t\t\t\t\t<span class=\"elementor-screen-only\">Facebook<\/span>\n\t\t\t\t\t\t<i aria-hidden=\"true\" class=\"fab fa-facebook\"><\/i>\t\t\t\t\t<\/a>\n\t\t\t\t<\/span>\n\t\t\t\t\t\t\t<span class=\"elementor-grid-item\" role=\"listitem\">\n\t\t\t\t\t<a class=\"elementor-icon elementor-social-icon elementor-social-icon-twitter elementor-repeater-item-d400d96\" target=\"_blank\">\n\t\t\t\t\t\t<span class=\"elementor-screen-only\">Twitter<\/span>\n\t\t\t\t\t\t<i aria-hidden=\"true\" class=\"fab fa-twitter\"><\/i>\t\t\t\t\t<\/a>\n\t\t\t\t<\/span>\n\t\t\t\t\t\t\t<span class=\"elementor-grid-item\" role=\"listitem\">\n\t\t\t\t\t<a class=\"elementor-icon elementor-social-icon elementor-social-icon-youtube elementor-repeater-item-f639b0c\" target=\"_blank\">\n\t\t\t\t\t\t<span class=\"elementor-screen-only\">Youtube<\/span>\n\t\t\t\t\t\t<i aria-hidden=\"true\" class=\"fab fa-youtube\"><\/i>\t\t\t\t\t<\/a>\n\t\t\t\t<\/span>\n\t\t\t\t\t<\/div>\n\t\t\t\t\t\t<\/div>\n\t\t\t\t<\/div>\n\t\t\t\t<\/div>\n\t\t\t\t<\/div>\n\t\t<div class=\"elementor-element elementor-element-434d551 e-con-full e-flex e-con e-child\" data-id=\"434d551\" data-element_type=\"container\">\n\t\t\t\t<div class=\"elementor-element elementor-element-8becfe3 elementor-widget elementor-widget-heading\" data-id=\"8becfe3\" data-element_type=\"widget\" data-widget_type=\"heading.default\">\n\t\t\t\t<div class=\"elementor-widget-container\">\n\t\t\t\t\t<h3 class=\"elementor-heading-title elementor-size-default\">Alla inl\u00e4gg av THT ( Tower House Team<\/h3>\t\t\t\t<\/div>\n\t\t\t\t<\/div>\n\t\t\t\t<div class=\"elementor-element elementor-element-b50bf83 elementor-grid-1 elementor-grid-tablet-1 elementor-grid-mobile-1 elementor-posts--thumbnail-top elementor-widget elementor-widget-posts\" data-id=\"b50bf83\" data-element_type=\"widget\" data-settings=\"{&quot;classic_columns&quot;:&quot;1&quot;,&quot;classic_columns_tablet&quot;:&quot;1&quot;,&quot;classic_columns_mobile&quot;:&quot;1&quot;,&quot;classic_row_gap&quot;:{&quot;unit&quot;:&quot;px&quot;,&quot;size&quot;:35,&quot;sizes&quot;:[]},&quot;classic_row_gap_tablet&quot;:{&quot;unit&quot;:&quot;px&quot;,&quot;size&quot;:&quot;&quot;,&quot;sizes&quot;:[]},&quot;classic_row_gap_mobile&quot;:{&quot;unit&quot;:&quot;px&quot;,&quot;size&quot;:&quot;&quot;,&quot;sizes&quot;:[]}}\" data-widget_type=\"posts.classic\">\n\t\t\t\t<div class=\"elementor-widget-container\">\n\t\t\t\t\t\t\t<div class=\"elementor-posts-container elementor-posts elementor-posts--skin-classic elementor-grid\">\n\t\t\t\t<article class=\"elementor-post elementor-grid-item post-16142 post type-post status-publish format-standard has-post-thumbnail hentry category-okategoriserad\">\n\t\t\t\t<a class=\"elementor-post__thumbnail__link\" href=\"https:\/\/casinoreturn.com\/sv\/cockfight-betting-olagligt-gjort\/\" tabindex=\"-1\" >\n\t\t\t<div class=\"elementor-post__thumbnail\"><img fetchpriority=\"high\" decoding=\"async\" width=\"300\" height=\"210\" src=\"https:\/\/casinoreturn.com\/wp-content\/uploads\/2025\/10\/Cockfight-Betting-illegally-done-300x210.jpg\" class=\"attachment-medium size-medium wp-image-15880\" alt=\"Cockfight Betting illegally done\" srcset=\"https:\/\/casinoreturn.com\/wp-content\/uploads\/2025\/10\/Cockfight-Betting-illegally-done-300x210.jpg 300w, https:\/\/casinoreturn.com\/wp-content\/uploads\/2025\/10\/Cockfight-Betting-illegally-done.jpg 514w\" sizes=\"(max-width: 300px) 100vw, 300px\" \/><\/div>\n\t\t<\/a>\n\t\t\t\t<div class=\"elementor-post__text\">\n\t\t\t\t<h3 class=\"elementor-post__title\">\n\t\t\t<a href=\"https:\/\/casinoreturn.com\/sv\/cockfight-betting-olagligt-gjort\/\" >\n\t\t\t\tCockfight Betting olagligt gjort\t\t\t<\/a>\n\t\t<\/h3>\n\t\t\t\t<div class=\"elementor-post__meta-data\">\n\t\t\t\t\t<span class=\"elementor-post-date\">\n\t\t\tnovember 3, 2025\t\t<\/span>\n\t\t\t\t<span class=\"elementor-post-avatar\">\n\t\t\tInga kommentarer\t\t<\/span>\n\t\t\t\t<\/div>\n\t\t\t\t<div class=\"elementor-post__excerpt\">\n\t\t\t<p>Vadslagning p\u00e5 tuppf\u00e4ktning i spillror Vadslagning p\u00e5 tuppf\u00e4ktning som sker<\/p>\n\t\t<\/div>\n\t\t\n\t\t<a class=\"elementor-post__read-more\" href=\"https:\/\/casinoreturn.com\/sv\/cockfight-betting-olagligt-gjort\/\" aria-label=\"Read more about Cockfight Betting olagligt gjort\" tabindex=\"-1\" >\n\t\t\tRead More \u00bb\t\t<\/a>\n\n\t\t\t\t<\/div>\n\t\t\t\t<\/article>\n\t\t\t\t<article class=\"elementor-post elementor-grid-item post-15911 post type-post status-publish format-standard has-post-thumbnail hentry category-okategoriserad\">\n\t\t\t\t<a class=\"elementor-post__thumbnail__link\" href=\"https:\/\/casinoreturn.com\/sv\/spelregleringar-i-turkiet\/\" tabindex=\"-1\" >\n\t\t\t<div class=\"elementor-post__thumbnail\"><img decoding=\"async\" width=\"300\" height=\"200\" src=\"https:\/\/casinoreturn.com\/wp-content\/uploads\/2025\/10\/Gaming-regulations-in-Turkey-300x200.jpg\" class=\"attachment-medium size-medium wp-image-15786\" alt=\"Gaming regulations in Turkey\" srcset=\"https:\/\/casinoreturn.com\/wp-content\/uploads\/2025\/10\/Gaming-regulations-in-Turkey-300x200.jpg 300w, https:\/\/casinoreturn.com\/wp-content\/uploads\/2025\/10\/Gaming-regulations-in-Turkey.jpg 740w\" sizes=\"(max-width: 300px) 100vw, 300px\" \/><\/div>\n\t\t<\/a>\n\t\t\t\t<div class=\"elementor-post__text\">\n\t\t\t\t<h3 class=\"elementor-post__title\">\n\t\t\t<a href=\"https:\/\/casinoreturn.com\/sv\/spelregleringar-i-turkiet\/\" >\n\t\t\t\tSpelregleringar i Turkiet\t\t\t<\/a>\n\t\t<\/h3>\n\t\t\t\t<div class=\"elementor-post__meta-data\">\n\t\t\t\t\t<span class=\"elementor-post-date\">\n\t\t\toktober 30, 2025\t\t<\/span>\n\t\t\t\t<span class=\"elementor-post-avatar\">\n\t\t\tInga kommentarer\t\t<\/span>\n\t\t\t\t<\/div>\n\t\t\t\t<div class=\"elementor-post__excerpt\">\n\t\t\t<p>Spelregleringar i Turkiet Spelreglerna i Turkiet \u00e4r begr\u00e4nsade och operat\u00f6rer<\/p>\n\t\t<\/div>\n\t\t\n\t\t<a class=\"elementor-post__read-more\" href=\"https:\/\/casinoreturn.com\/sv\/spelregleringar-i-turkiet\/\" aria-label=\"Read more about Spelregleringar i Turkiet\" tabindex=\"-1\" >\n\t\t\tRead More \u00bb\t\t<\/a>\n\n\t\t\t\t<\/div>\n\t\t\t\t<\/article>\n\t\t\t\t<\/div>\n\t\t\n\t\t\t\t\t\t<\/div>\n\t\t\t\t<\/div>\n\t\t\t\t<\/div>\n\t\t\t\t<\/div>\n\t\t\t\t\t<\/div>\n\t\t\t\t<\/div>\n\t\t\t\t<\/div>\n\t\t","protected":false},"excerpt":{"rendered":"<p>F\u00f6rfattare : Tower House Team Om Tower House Team THT eller b\u00e4ttre k\u00e4nt som Tower House Affiliate Team har buntat ihop det goda, det d\u00e5liga och det fula med online casino. Vi \u00e4r inte h\u00e4r f\u00f6r att uppfinna hjulet p\u00e5 nytt. Vi kryddar v\u00e5ra inl\u00e4gg, kommentarer och recensioner med lite salt och peppar. Vi arbetar [&hellip;]<\/p>\n","protected":false},"author":2,"featured_media":3026,"parent":0,"menu_order":0,"comment_status":"closed","ping_status":"closed","template":"elementor_header_footer","meta":{"footnotes":""},"class_list":["post-2428","page","type-page","status-publish","has-post-thumbnail","hentry"],"blocksy_meta":[],"acf":[],"yoast_head":"<!-- This site is optimized with the Yoast SEO plugin v24.1 - https:\/\/yoast.com\/wordpress\/plugins\/seo\/ -->\n<title>Author domini - casinoreturn<\/title>\n<meta name=\"description\" content=\"\u00c4rliga kasinorecensioner med skillnad. Framh\u00e4ver den goda, d\u00e5liga och fula sanningen om din b\u00e4sta plats i huset.\" \/>\n<meta name=\"robots\" content=\"index, follow, max-snippet:-1, max-image-preview:large, max-video-preview:-1\" \/>\n<link rel=\"canonical\" href=\"https:\/\/casinoreturn.com\/sv\/author-domini\/\" \/>\n<meta property=\"og:locale\" content=\"sv_SE\" \/>\n<meta property=\"og:type\" content=\"article\" \/>\n<meta property=\"og:title\" content=\"Author domini - casinoreturn\" \/>\n<meta property=\"og:description\" content=\"\u00c4rliga kasinorecensioner med skillnad. Framh\u00e4ver den goda, d\u00e5liga och fula sanningen om din b\u00e4sta plats i huset.\" \/>\n<meta property=\"og:url\" content=\"https:\/\/casinoreturn.com\/sv\/author-domini\/\" \/>\n<meta property=\"og:site_name\" content=\"casinoreturn\" \/>\n<meta property=\"article:modified_time\" content=\"2024-12-02T14:06:30+00:00\" \/>\n<meta property=\"og:image\" content=\"https:\/\/casinoreturn.com\/wp-content\/uploads\/2024\/11\/Honest-casino-review.webp\" \/>\n\t<meta property=\"og:image:width\" content=\"600\" \/>\n\t<meta property=\"og:image:height\" content=\"424\" \/>\n\t<meta property=\"og:image:type\" content=\"image\/webp\" \/>\n<meta name=\"twitter:card\" content=\"summary_large_image\" \/>\n<meta name=\"twitter:label1\" content=\"Ber\u00e4knad l\u00e4stid\" \/>\n\t<meta name=\"twitter:data1\" content=\"1 minut\" \/>\n<script type=\"application\/ld+json\" class=\"yoast-schema-graph\">{\"@context\":\"https:\/\/schema.org\",\"@graph\":[{\"@type\":\"WebPage\",\"@id\":\"https:\/\/casinoreturn.com\/sv\/author-domini\/\",\"url\":\"https:\/\/casinoreturn.com\/sv\/author-domini\/\",\"name\":\"Author domini - casinoreturn\",\"isPartOf\":{\"@id\":\"https:\/\/casinoreturn.com\/#website\"},\"primaryImageOfPage\":{\"@id\":\"https:\/\/casinoreturn.com\/sv\/author-domini\/#primaryimage\"},\"image\":{\"@id\":\"https:\/\/casinoreturn.com\/sv\/author-domini\/#primaryimage\"},\"thumbnailUrl\":\"https:\/\/casinoreturn.com\/wp-content\/uploads\/2024\/11\/Honest-casino-review.webp\",\"datePublished\":\"2024-10-08T12:47:07+00:00\",\"dateModified\":\"2024-12-02T14:06:30+00:00\",\"description\":\"\u00c4rliga kasinorecensioner med skillnad. Framh\u00e4ver den goda, d\u00e5liga och fula sanningen om din b\u00e4sta plats i huset.\",\"breadcrumb\":{\"@id\":\"https:\/\/casinoreturn.com\/sv\/author-domini\/#breadcrumb\"},\"inLanguage\":\"sv-SE\",\"potentialAction\":[{\"@type\":\"ReadAction\",\"target\":[\"https:\/\/casinoreturn.com\/sv\/author-domini\/\"]}]},{\"@type\":\"ImageObject\",\"inLanguage\":\"sv-SE\",\"@id\":\"https:\/\/casinoreturn.com\/sv\/author-domini\/#primaryimage\",\"url\":\"https:\/\/casinoreturn.com\/wp-content\/uploads\/2024\/11\/Honest-casino-review.webp\",\"contentUrl\":\"https:\/\/casinoreturn.com\/wp-content\/uploads\/2024\/11\/Honest-casino-review.webp\",\"width\":600,\"height\":424,\"caption\":\"Honest casino review\"},{\"@type\":\"BreadcrumbList\",\"@id\":\"https:\/\/casinoreturn.com\/sv\/author-domini\/#breadcrumb\",\"itemListElement\":[{\"@type\":\"ListItem\",\"position\":1,\"name\":\"Home\",\"item\":\"https:\/\/casinoreturn.com\/sv\/home\/\"},{\"@type\":\"ListItem\",\"position\":2,\"name\":\"Author domini\"}]},{\"@type\":\"WebSite\",\"@id\":\"https:\/\/casinoreturn.com\/#website\",\"url\":\"https:\/\/casinoreturn.com\/\",\"name\":\"casinoreturn\",\"description\":\"\",\"publisher\":{\"@id\":\"https:\/\/casinoreturn.com\/#organization\"},\"potentialAction\":[{\"@type\":\"SearchAction\",\"target\":{\"@type\":\"EntryPoint\",\"urlTemplate\":\"https:\/\/casinoreturn.com\/?s={search_term_string}\"},\"query-input\":{\"@type\":\"PropertyValueSpecification\",\"valueRequired\":true,\"valueName\":\"search_term_string\"}}],\"inLanguage\":\"sv-SE\"},{\"@type\":\"Organization\",\"@id\":\"https:\/\/casinoreturn.com\/#organization\",\"name\":\"casinoreturn\",\"url\":\"https:\/\/casinoreturn.com\/\",\"logo\":{\"@type\":\"ImageObject\",\"inLanguage\":\"sv-SE\",\"@id\":\"https:\/\/casinoreturn.com\/#\/schema\/logo\/image\/\",\"url\":\"https:\/\/casinoreturn.com\/wp-content\/uploads\/2024\/09\/animal-favicon.png\",\"contentUrl\":\"https:\/\/casinoreturn.com\/wp-content\/uploads\/2024\/09\/animal-favicon.png\",\"width\":92,\"height\":92,\"caption\":\"casinoreturn\"},\"image\":{\"@id\":\"https:\/\/casinoreturn.com\/#\/schema\/logo\/image\/\"}}]}<\/script>\n<!-- \/ Yoast SEO plugin. -->","yoast_head_json":{"title":"Author domini - casinoreturn","description":"\u00c4rliga kasinorecensioner med skillnad. Framh\u00e4ver den goda, d\u00e5liga och fula sanningen om din b\u00e4sta plats i huset.","robots":{"index":"index","follow":"follow","max-snippet":"max-snippet:-1","max-image-preview":"max-image-preview:large","max-video-preview":"max-video-preview:-1"},"canonical":"https:\/\/casinoreturn.com\/sv\/author-domini\/","og_locale":"sv_SE","og_type":"article","og_title":"Author domini - casinoreturn","og_description":"\u00c4rliga kasinorecensioner med skillnad. Framh\u00e4ver den goda, d\u00e5liga och fula sanningen om din b\u00e4sta plats i huset.","og_url":"https:\/\/casinoreturn.com\/sv\/author-domini\/","og_site_name":"casinoreturn","article_modified_time":"2024-12-02T14:06:30+00:00","og_image":[{"width":600,"height":424,"url":"https:\/\/casinoreturn.com\/wp-content\/uploads\/2024\/11\/Honest-casino-review.webp","type":"image\/webp"}],"twitter_card":"summary_large_image","twitter_misc":{"Ber\u00e4knad l\u00e4stid":"1 minut"},"schema":{"@context":"https:\/\/schema.org","@graph":[{"@type":"WebPage","@id":"https:\/\/casinoreturn.com\/sv\/author-domini\/","url":"https:\/\/casinoreturn.com\/sv\/author-domini\/","name":"Author domini - casinoreturn","isPartOf":{"@id":"https:\/\/casinoreturn.com\/#website"},"primaryImageOfPage":{"@id":"https:\/\/casinoreturn.com\/sv\/author-domini\/#primaryimage"},"image":{"@id":"https:\/\/casinoreturn.com\/sv\/author-domini\/#primaryimage"},"thumbnailUrl":"https:\/\/casinoreturn.com\/wp-content\/uploads\/2024\/11\/Honest-casino-review.webp","datePublished":"2024-10-08T12:47:07+00:00","dateModified":"2024-12-02T14:06:30+00:00","description":"\u00c4rliga kasinorecensioner med skillnad. Framh\u00e4ver den goda, d\u00e5liga och fula sanningen om din b\u00e4sta plats i huset.","breadcrumb":{"@id":"https:\/\/casinoreturn.com\/sv\/author-domini\/#breadcrumb"},"inLanguage":"sv-SE","potentialAction":[{"@type":"ReadAction","target":["https:\/\/casinoreturn.com\/sv\/author-domini\/"]}]},{"@type":"ImageObject","inLanguage":"sv-SE","@id":"https:\/\/casinoreturn.com\/sv\/author-domini\/#primaryimage","url":"https:\/\/casinoreturn.com\/wp-content\/uploads\/2024\/11\/Honest-casino-review.webp","contentUrl":"https:\/\/casinoreturn.com\/wp-content\/uploads\/2024\/11\/Honest-casino-review.webp","width":600,"height":424,"caption":"Honest casino review"},{"@type":"BreadcrumbList","@id":"https:\/\/casinoreturn.com\/sv\/author-domini\/#breadcrumb","itemListElement":[{"@type":"ListItem","position":1,"name":"Home","item":"https:\/\/casinoreturn.com\/sv\/home\/"},{"@type":"ListItem","position":2,"name":"Author domini"}]},{"@type":"WebSite","@id":"https:\/\/casinoreturn.com\/#website","url":"https:\/\/casinoreturn.com\/","name":"casinoreturn","description":"","publisher":{"@id":"https:\/\/casinoreturn.com\/#organization"},"potentialAction":[{"@type":"SearchAction","target":{"@type":"EntryPoint","urlTemplate":"https:\/\/casinoreturn.com\/?s={search_term_string}"},"query-input":{"@type":"PropertyValueSpecification","valueRequired":true,"valueName":"search_term_string"}}],"inLanguage":"sv-SE"},{"@type":"Organization","@id":"https:\/\/casinoreturn.com\/#organization","name":"casinoreturn","url":"https:\/\/casinoreturn.com\/","logo":{"@type":"ImageObject","inLanguage":"sv-SE","@id":"https:\/\/casinoreturn.com\/#\/schema\/logo\/image\/","url":"https:\/\/casinoreturn.com\/wp-content\/uploads\/2024\/09\/animal-favicon.png","contentUrl":"https:\/\/casinoreturn.com\/wp-content\/uploads\/2024\/09\/animal-favicon.png","width":92,"height":92,"caption":"casinoreturn"},"image":{"@id":"https:\/\/casinoreturn.com\/#\/schema\/logo\/image\/"}}]}},"_links":{"self":[{"href":"https:\/\/casinoreturn.com\/sv\/wp-json\/wp\/v2\/pages\/2428","targetHints":{"allow":["GET"]}}],"collection":[{"href":"https:\/\/casinoreturn.com\/sv\/wp-json\/wp\/v2\/pages"}],"about":[{"href":"https:\/\/casinoreturn.com\/sv\/wp-json\/wp\/v2\/types\/page"}],"author":[{"embeddable":true,"href":"https:\/\/casinoreturn.com\/sv\/wp-json\/wp\/v2\/users\/2"}],"replies":[{"embeddable":true,"href":"https:\/\/casinoreturn.com\/sv\/wp-json\/wp\/v2\/comments?post=2428"}],"version-history":[{"count":2,"href":"https:\/\/casinoreturn.com\/sv\/wp-json\/wp\/v2\/pages\/2428\/revisions"}],"predecessor-version":[{"id":4612,"href":"https:\/\/casinoreturn.com\/sv\/wp-json\/wp\/v2\/pages\/2428\/revisions\/4612"}],"wp:featuredmedia":[{"embeddable":true,"href":"https:\/\/casinoreturn.com\/sv\/wp-json\/wp\/v2\/media\/3026"}],"wp:attachment":[{"href":"https:\/\/casinoreturn.com\/sv\/wp-json\/wp\/v2\/media?parent=2428"}],"curies":[{"name":"wp","href":"https:\/\/api.w.org\/{rel}","templated":true}]}}