{"id":4466,"date":"2024-11-11T14:03:43","date_gmt":"2024-11-11T14:03:43","guid":{"rendered":"https:\/\/casinoreturn.com\/svartlistade-kasinon\/"},"modified":"2025-03-31T17:57:57","modified_gmt":"2025-03-31T17:57:57","slug":"svartlistade-kasinon","status":"publish","type":"page","link":"https:\/\/casinoreturn.com\/sv\/svartlistade-kasinon\/","title":{"rendered":"Svartlistade kasinon"},"content":{"rendered":"\t\t<div data-elementor-type=\"wp-page\" data-elementor-id=\"4466\" class=\"elementor elementor-4466\" data-elementor-post-type=\"page\">\n\t\t\t\t<div class=\"elementor-element elementor-element-1c57588 e-con-full e-flex e-con e-parent\" data-id=\"1c57588\" data-element_type=\"container\">\n\t\t\t\t<div class=\"elementor-element elementor-element-97f3017 elementor-widget elementor-widget-image\" data-id=\"97f3017\" data-element_type=\"widget\" data-widget_type=\"image.default\">\n\t\t\t\t<div class=\"elementor-widget-container\">\n\t\t\t\t\t\t\t\t\t\t\t\t<figure class=\"wp-caption\">\n\t\t\t\t\t\t\t\t\t\t<img decoding=\"async\" width=\"200\" height=\"200\" src=\"https:\/\/casinoreturn.com\/wp-content\/uploads\/2024\/11\/Black-Listed-Casinos.png\" class=\"attachment-large size-large wp-image-3138\" alt=\"Black Listed Casinos\" srcset=\"https:\/\/casinoreturn.com\/wp-content\/uploads\/2024\/11\/Black-Listed-Casinos.png 200w, https:\/\/casinoreturn.com\/wp-content\/uploads\/2024\/11\/Black-Listed-Casinos-150x150.png 150w\" sizes=\"(max-width: 200px) 100vw, 200px\" \/>\t\t\t\t\t\t\t\t\t\t\t<figcaption class=\"widget-image-caption wp-caption-text\">Yay or Nay of Online Casinos<\/figcaption>\n\t\t\t\t\t\t\t\t\t\t<\/figure>\n\t\t\t\t\t\t\t\t\t<\/div>\n\t\t\t\t<\/div>\n\t\t\t\t<\/div>\n\t\t<div class=\"elementor-element elementor-element-1ef8313 e-con-full e-flex e-con e-parent\" data-id=\"1ef8313\" data-element_type=\"container\">\n\t\t\t\t<div class=\"elementor-element elementor-element-890a450 elementor-widget elementor-widget-heading\" data-id=\"890a450\" data-element_type=\"widget\" data-widget_type=\"heading.default\">\n\t\t\t\t<div class=\"elementor-widget-container\">\n\t\t\t\t\t<h2 class=\"elementor-heading-title elementor-size-default\">Svartlistade kasinon \u00e4r en del av det goda, det d\u00e5liga och det fula g\u00e4nget av kasinooperat\u00f6rer.  <\/h2>\t\t\t\t<\/div>\n\t\t\t\t<\/div>\n\t\t\t\t<\/div>\n\t\t<div class=\"elementor-element elementor-element-309d100 e-con-full e-flex e-con e-parent\" data-id=\"309d100\" data-element_type=\"container\">\n\t\t\t\t<div class=\"elementor-element elementor-element-c6c5629 elementor-widget elementor-widget-text-editor\" data-id=\"c6c5629\" data-element_type=\"widget\" data-widget_type=\"text-editor.default\">\n\t\t\t\t<div class=\"elementor-widget-container\">\n\t\t\t\t\t\t\t\t\t<p><strong>Svartlistade kasinon och varf\u00f6r listar vi ett kasino med mindre gynnsamma recensioner?<\/strong><\/p>\n\t\t\t\t\t\t\t\t<\/div>\n\t\t\t\t<\/div>\n\t\t\t\t<\/div>\n\t\t<div class=\"elementor-element elementor-element-7ca80b1 e-con-full e-flex e-con e-parent\" data-id=\"7ca80b1\" data-element_type=\"container\">\n\t\t\t\t<div class=\"elementor-element elementor-element-dcf79ac elementor-widget elementor-widget-text-editor\" data-id=\"dcf79ac\" data-element_type=\"widget\" data-widget_type=\"text-editor.default\">\n\t\t\t\t<div class=\"elementor-widget-container\">\n\t\t\t\t\t\t\t\t\t<p>Svartlistade kasinon \u00e4r tyv\u00e4rr en del av spelet. Det finns n\u00e5gra sk\u00e4l till varf\u00f6r ett kasino eller en leverant\u00f6r av sportb\u00f6cker kan listas h\u00e4r. Etiska sk\u00e4l, feedback fr\u00e5n spelare och aff\u00e4rspartners.    <\/p>\n<ul>\n<li>t.ex. Spelare har ol\u00f6sta och p\u00e5g\u00e5ende uttag  <\/li>\n<li>Inget giltigt k\u00f6rkort<\/li>\n<li>F\u00f6rverkande av tillg\u00e5ngar<\/li>\n<li>\u00d6verenskomna aff\u00e4rstransaktioner med k\u00e4llskatt  <\/li>\n<li>Villkoren \u00e4r dolda eller sv\u00e5ra att f\u00f6rst\u00e5<\/li>\n<li>Oms\u00e4ttningskraven \u00e4r skyh\u00f6ga  <\/li>\n<li>Bristf\u00e4llig kundsupport reducerad till endast e-post<\/li>\n<\/ul>\n<p>&#8230;.. bara f\u00f6r att n\u00e4mna n\u00e5gra. S\u00e5 om du befinner dig som operat\u00f6r h\u00e4r, Du kan din nuvarande online casino h\u00e4r. T\u00e4nk igen.  <\/p>\n\t\t\t\t\t\t\t\t<\/div>\n\t\t\t\t<\/div>\n\t\t\t\t<\/div>\n\t\t<div class=\"elementor-element elementor-element-3a8e4fc e-con-full e-flex e-con e-parent\" data-id=\"3a8e4fc\" data-element_type=\"container\">\n\t\t\t\t<div class=\"elementor-element elementor-element-a1f5bba elementor-widget elementor-widget-heading\" data-id=\"a1f5bba\" data-element_type=\"widget\" data-widget_type=\"heading.default\">\n\t\t\t\t<div class=\"elementor-widget-container\">\n\t\t\t\t\t<h3 class=\"elementor-heading-title elementor-size-default\">Nay's av online casino<\/h3>\t\t\t\t<\/div>\n\t\t\t\t<\/div>\n\t\t\t\t<\/div>\n\t\t<div class=\"elementor-element elementor-element-f1d6178 e-con-full e-flex e-con e-parent\" data-id=\"f1d6178\" data-element_type=\"container\">\n\t\t\t\t<div class=\"elementor-element elementor-element-7380f5d elementor--h-position-center elementor--v-position-middle elementor-arrows-position-inside elementor-pagination-position-inside elementor-widget elementor-widget-slides\" data-id=\"7380f5d\" data-element_type=\"widget\" data-settings=\"{&quot;navigation&quot;:&quot;both&quot;,&quot;autoplay&quot;:&quot;yes&quot;,&quot;pause_on_hover&quot;:&quot;yes&quot;,&quot;pause_on_interaction&quot;:&quot;yes&quot;,&quot;autoplay_speed&quot;:5000,&quot;infinite&quot;:&quot;yes&quot;,&quot;transition&quot;:&quot;slide&quot;,&quot;transition_speed&quot;:500}\" data-widget_type=\"slides.default\">\n\t\t\t\t<div class=\"elementor-widget-container\">\n\t\t\t\t\t\t\t<div class=\"elementor-swiper\">\n\t\t\t<div class=\"elementor-slides-wrapper elementor-main-swiper swiper-container\" dir=\"ltr\" data-animation=\"fadeInUp\">\n\t\t\t\t<div class=\"swiper-wrapper elementor-slides\">\n\t\t\t\t\t\t\t\t\t\t<div class=\"elementor-repeater-item-3438376 swiper-slide\"><div class=\"swiper-slide-bg\" role=\"img\"><\/div><div class=\"swiper-slide-inner\" ><div class=\"swiper-slide-contents\"><div class=\"elementor-slide-heading\">Bovada<\/div><div class=\"elementor-slide-description\"><p>Att vara en del av en st\u00f6rre syster och ett st\u00f6rre kasino har inte gjort det kasinot till n\u00e5got vi kan rekommendera<\/p>\n<\/div><div  class=\"elementor-button elementor-slide-button elementor-size-sm\">Undvik  <\/div><\/div><\/div><\/div><div class=\"elementor-repeater-item-aa01b44 swiper-slide\"><div class=\"swiper-slide-bg\" role=\"img\"><\/div><div class=\"swiper-slide-inner\" ><div class=\"swiper-slide-contents\"><div class=\"elementor-slide-heading\">God55:s<\/div><div class=\"elementor-slide-description\"><p>Anv\u00e4nt obeh\u00f6rig reklam med MGA-personer i allm\u00e4nhetens \u00f6gon.  <\/p>\n<\/div><div  class=\"elementor-button elementor-slide-button elementor-size-sm\">Undvik<\/div><\/div><\/div><\/div><div class=\"elementor-repeater-item-6dadcaa swiper-slide\"><div class=\"swiper-slide-bg\" role=\"img\"><\/div><div class=\"swiper-slide-inner\" ><div class=\"swiper-slide-contents\"><div class=\"elementor-slide-heading\">Bild 3 Rubrik<\/div><div class=\"elementor-slide-description\"><p>Lorem ipsum dolor sit amet consectetur adipiscing elit dolor<\/p>\n<\/div><div  class=\"elementor-button elementor-slide-button elementor-size-sm\">Klicka h\u00e4r<\/div><\/div><\/div><\/div>\t\t\t\t<\/div>\n\t\t\t\t\t\t\t\t\t\t\t\t\t\t\t<div class=\"swiper-pagination\"><\/div>\n\t\t\t\t\t\t\t\t\t\t\t\t\t\t\t\t<div class=\"elementor-swiper-button elementor-swiper-button-prev\" role=\"button\" tabindex=\"0\">\n\t\t\t\t\t\t\t<i aria-hidden=\"true\" class=\"eicon-chevron-left\"><\/i>\t\t\t\t\t\t\t<span class=\"elementor-screen-only\">Previous slide<\/span>\n\t\t\t\t\t\t<\/div>\n\t\t\t\t\t\t<div class=\"elementor-swiper-button elementor-swiper-button-next\" role=\"button\" tabindex=\"0\">\n\t\t\t\t\t\t\t<i aria-hidden=\"true\" class=\"eicon-chevron-right\"><\/i>\t\t\t\t\t\t\t<span class=\"elementor-screen-only\">Next slide<\/span>\n\t\t\t\t\t\t<\/div>\n\t\t\t\t\t\t\t\t\t\t\t\t<\/div>\n\t\t<\/div>\n\t\t\t\t\t\t<\/div>\n\t\t\t\t<\/div>\n\t\t\t\t<\/div>\n\t\t<div class=\"elementor-element elementor-element-1bfb3b9 e-con-full e-flex e-con e-parent\" data-id=\"1bfb3b9\" data-element_type=\"container\">\n\t\t\t\t<div class=\"elementor-element elementor-element-2e4ab10 elementor-widget elementor-widget-heading\" data-id=\"2e4ab10\" data-element_type=\"widget\" data-widget_type=\"heading.default\">\n\t\t\t\t<div class=\"elementor-widget-container\">\n\t\t\t\t\t<h5 class=\"elementor-heading-title elementor-size-default\">Vilka \u00e4r konsekvenserna av att spela p\u00e5 svartlistade kasinon?<\/h5>\t\t\t\t<\/div>\n\t\t\t\t<\/div>\n\t\t\t\t<\/div>\n\t\t<div class=\"elementor-element elementor-element-9352674 e-con-full e-flex e-con e-parent\" data-id=\"9352674\" data-element_type=\"container\">\n\t\t\t\t<div class=\"elementor-element elementor-element-e9cd3ea elementor-widget elementor-widget-text-editor\" data-id=\"e9cd3ea\" data-element_type=\"widget\" data-widget_type=\"text-editor.default\">\n\t\t\t\t<div class=\"elementor-widget-container\">\n\t\t\t\t\t\t\t\t\t<p>Svartlistade kasinon tenderar att f\u00f6rsena eller till och med h\u00e5lla tillbaka dina pengar helt eller delvis. Kasinon utan giltiga kasinolicenser \u00e4r ben\u00e4gna att utnyttja data och information. Ofta arbetar de med leverant\u00f6rer av bluffprogram eller bygger upp sitt eget n\u00e4tverk av spel. Dessa spel tenderar att gynna operat\u00f6ren och verkar vara n\u00e4stan f\u00f6ruts\u00e4gbara.     <\/p>\n\t\t\t\t\t\t\t\t<\/div>\n\t\t\t\t<\/div>\n\t\t\t\t<\/div>\n\t\t<div class=\"elementor-element elementor-element-4c73a66 e-con-full e-flex e-con e-parent\" data-id=\"4c73a66\" data-element_type=\"container\">\n\t\t\t\t<div class=\"elementor-element elementor-element-9fff887 elementor-widget elementor-widget-heading\" data-id=\"9fff887\" data-element_type=\"widget\" data-widget_type=\"heading.default\">\n\t\t\t\t<div class=\"elementor-widget-container\">\n\t\t\t\t\t<h5 class=\"elementor-heading-title elementor-size-default\">Vad kan man g\u00f6ra om man faller f\u00f6r ett oseri\u00f6st kasino?  <\/h5>\t\t\t\t<\/div>\n\t\t\t\t<\/div>\n\t\t\t\t<\/div>\n\t\t<div class=\"elementor-element elementor-element-f81ac85 e-con-full e-flex e-con e-parent\" data-id=\"f81ac85\" data-element_type=\"container\">\n\t\t\t\t<div class=\"elementor-element elementor-element-1e95dcf elementor-widget elementor-widget-text-editor\" data-id=\"1e95dcf\" data-element_type=\"widget\" data-widget_type=\"text-editor.default\">\n\t\t\t\t<div class=\"elementor-widget-container\">\n\t\t\t\t\t\t\t\t\t<p>Om du har fallit offer f\u00f6r ett oseri\u00f6st kasino, datast\u00f6ld eller helt enkelt har en negativ upplevelse \u00e4r du v\u00e4lkommen att kontakta oss i f\u00f6rtroende. Vi har gott om erfarenhet och kontakter f\u00f6r att varna andra f\u00f6r s\u00e5dana metoder och hur man undviker s\u00e5dana kasinon.   <\/p>\n\t\t\t\t\t\t\t\t<\/div>\n\t\t\t\t<\/div>\n\t\t\t\t<\/div>\n\t\t\t\t<\/div>\n\t\t","protected":false},"excerpt":{"rendered":"<p>Yay or Nay of Online Casinos Svartlistade kasinon \u00e4r en del av det goda, det d\u00e5liga och det fula g\u00e4nget av kasinooperat\u00f6rer. Svartlistade kasinon och varf\u00f6r listar vi ett kasino med mindre gynnsamma recensioner? Svartlistade kasinon \u00e4r tyv\u00e4rr en del av spelet. Det finns n\u00e5gra sk\u00e4l till varf\u00f6r ett kasino eller en leverant\u00f6r av sportb\u00f6cker [&hellip;]<\/p>\n","protected":false},"author":1,"featured_media":3148,"parent":0,"menu_order":0,"comment_status":"closed","ping_status":"closed","template":"","meta":{"footnotes":""},"class_list":["post-4466","page","type-page","status-publish","has-post-thumbnail","hentry"],"blocksy_meta":[],"acf":[],"yoast_head":"<!-- This site is optimized with the Yoast SEO plugin v24.1 - https:\/\/yoast.com\/wordpress\/plugins\/seo\/ -->\n<title>Svartlistade kasinon - casinoreturn<\/title>\n<meta name=\"description\" content=\"Svartlistade kasinon \u00e4r tyv\u00e4rr en del av spelet. H\u00e4r \u00e4r n\u00e5gra av de kasinon som du kanske inte vill registrera dig hos.\" \/>\n<meta name=\"robots\" content=\"index, follow, max-snippet:-1, max-image-preview:large, max-video-preview:-1\" \/>\n<link rel=\"canonical\" href=\"https:\/\/casinoreturn.com\/sv\/svartlistade-kasinon\/\" \/>\n<meta property=\"og:locale\" content=\"sv_SE\" \/>\n<meta property=\"og:type\" content=\"article\" \/>\n<meta property=\"og:title\" content=\"Svartlistade kasinon - casinoreturn\" \/>\n<meta property=\"og:description\" content=\"Svartlistade kasinon \u00e4r tyv\u00e4rr en del av spelet. H\u00e4r \u00e4r n\u00e5gra av de kasinon som du kanske inte vill registrera dig hos.\" \/>\n<meta property=\"og:url\" content=\"https:\/\/casinoreturn.com\/sv\/svartlistade-kasinon\/\" \/>\n<meta property=\"og:site_name\" content=\"casinoreturn\" \/>\n<meta property=\"article:modified_time\" content=\"2025-03-31T17:57:57+00:00\" \/>\n<meta property=\"og:image\" content=\"https:\/\/casinoreturn.com\/wp-content\/uploads\/2024\/11\/Black-Listed-Casinos.png\" \/>\n\t<meta property=\"og:image:width\" content=\"200\" \/>\n\t<meta property=\"og:image:height\" content=\"200\" \/>\n\t<meta property=\"og:image:type\" content=\"image\/png\" \/>\n<meta name=\"twitter:card\" content=\"summary_large_image\" \/>\n<meta name=\"twitter:label1\" content=\"Ber\u00e4knad l\u00e4stid\" \/>\n\t<meta name=\"twitter:data1\" content=\"2 minuter\" \/>\n<script type=\"application\/ld+json\" class=\"yoast-schema-graph\">{\"@context\":\"https:\/\/schema.org\",\"@graph\":[{\"@type\":\"WebPage\",\"@id\":\"https:\/\/casinoreturn.com\/sv\/svartlistade-kasinon\/\",\"url\":\"https:\/\/casinoreturn.com\/sv\/svartlistade-kasinon\/\",\"name\":\"Svartlistade kasinon - casinoreturn\",\"isPartOf\":{\"@id\":\"https:\/\/casinoreturn.com\/#website\"},\"primaryImageOfPage\":{\"@id\":\"https:\/\/casinoreturn.com\/sv\/svartlistade-kasinon\/#primaryimage\"},\"image\":{\"@id\":\"https:\/\/casinoreturn.com\/sv\/svartlistade-kasinon\/#primaryimage\"},\"thumbnailUrl\":\"https:\/\/casinoreturn.com\/wp-content\/uploads\/2024\/11\/Black-Listed-Casinos.png\",\"datePublished\":\"2024-11-11T14:03:43+00:00\",\"dateModified\":\"2025-03-31T17:57:57+00:00\",\"description\":\"Svartlistade kasinon \u00e4r tyv\u00e4rr en del av spelet. H\u00e4r \u00e4r n\u00e5gra av de kasinon som du kanske inte vill registrera dig hos.\",\"breadcrumb\":{\"@id\":\"https:\/\/casinoreturn.com\/sv\/svartlistade-kasinon\/#breadcrumb\"},\"inLanguage\":\"sv-SE\",\"potentialAction\":[{\"@type\":\"ReadAction\",\"target\":[\"https:\/\/casinoreturn.com\/sv\/svartlistade-kasinon\/\"]}]},{\"@type\":\"ImageObject\",\"inLanguage\":\"sv-SE\",\"@id\":\"https:\/\/casinoreturn.com\/sv\/svartlistade-kasinon\/#primaryimage\",\"url\":\"https:\/\/casinoreturn.com\/wp-content\/uploads\/2024\/11\/Black-Listed-Casinos.png\",\"contentUrl\":\"https:\/\/casinoreturn.com\/wp-content\/uploads\/2024\/11\/Black-Listed-Casinos.png\",\"width\":200,\"height\":200,\"caption\":\"Black Listed Casinos\"},{\"@type\":\"BreadcrumbList\",\"@id\":\"https:\/\/casinoreturn.com\/sv\/svartlistade-kasinon\/#breadcrumb\",\"itemListElement\":[{\"@type\":\"ListItem\",\"position\":1,\"name\":\"Home\",\"item\":\"https:\/\/casinoreturn.com\/sv\/home\/\"},{\"@type\":\"ListItem\",\"position\":2,\"name\":\"Svartlistade kasinon\"}]},{\"@type\":\"WebSite\",\"@id\":\"https:\/\/casinoreturn.com\/#website\",\"url\":\"https:\/\/casinoreturn.com\/\",\"name\":\"casinoreturn\",\"description\":\"\",\"publisher\":{\"@id\":\"https:\/\/casinoreturn.com\/#organization\"},\"potentialAction\":[{\"@type\":\"SearchAction\",\"target\":{\"@type\":\"EntryPoint\",\"urlTemplate\":\"https:\/\/casinoreturn.com\/?s={search_term_string}\"},\"query-input\":{\"@type\":\"PropertyValueSpecification\",\"valueRequired\":true,\"valueName\":\"search_term_string\"}}],\"inLanguage\":\"sv-SE\"},{\"@type\":\"Organization\",\"@id\":\"https:\/\/casinoreturn.com\/#organization\",\"name\":\"casinoreturn\",\"url\":\"https:\/\/casinoreturn.com\/\",\"logo\":{\"@type\":\"ImageObject\",\"inLanguage\":\"sv-SE\",\"@id\":\"https:\/\/casinoreturn.com\/#\/schema\/logo\/image\/\",\"url\":\"https:\/\/casinoreturn.com\/wp-content\/uploads\/2024\/09\/animal-favicon.png\",\"contentUrl\":\"https:\/\/casinoreturn.com\/wp-content\/uploads\/2024\/09\/animal-favicon.png\",\"width\":92,\"height\":92,\"caption\":\"casinoreturn\"},\"image\":{\"@id\":\"https:\/\/casinoreturn.com\/#\/schema\/logo\/image\/\"}}]}<\/script>\n<!-- \/ Yoast SEO plugin. -->","yoast_head_json":{"title":"Svartlistade kasinon - casinoreturn","description":"Svartlistade kasinon \u00e4r tyv\u00e4rr en del av spelet. H\u00e4r \u00e4r n\u00e5gra av de kasinon som du kanske inte vill registrera dig hos.","robots":{"index":"index","follow":"follow","max-snippet":"max-snippet:-1","max-image-preview":"max-image-preview:large","max-video-preview":"max-video-preview:-1"},"canonical":"https:\/\/casinoreturn.com\/sv\/svartlistade-kasinon\/","og_locale":"sv_SE","og_type":"article","og_title":"Svartlistade kasinon - casinoreturn","og_description":"Svartlistade kasinon \u00e4r tyv\u00e4rr en del av spelet. H\u00e4r \u00e4r n\u00e5gra av de kasinon som du kanske inte vill registrera dig hos.","og_url":"https:\/\/casinoreturn.com\/sv\/svartlistade-kasinon\/","og_site_name":"casinoreturn","article_modified_time":"2025-03-31T17:57:57+00:00","og_image":[{"width":200,"height":200,"url":"https:\/\/casinoreturn.com\/wp-content\/uploads\/2024\/11\/Black-Listed-Casinos.png","type":"image\/png"}],"twitter_card":"summary_large_image","twitter_misc":{"Ber\u00e4knad l\u00e4stid":"2 minuter"},"schema":{"@context":"https:\/\/schema.org","@graph":[{"@type":"WebPage","@id":"https:\/\/casinoreturn.com\/sv\/svartlistade-kasinon\/","url":"https:\/\/casinoreturn.com\/sv\/svartlistade-kasinon\/","name":"Svartlistade kasinon - casinoreturn","isPartOf":{"@id":"https:\/\/casinoreturn.com\/#website"},"primaryImageOfPage":{"@id":"https:\/\/casinoreturn.com\/sv\/svartlistade-kasinon\/#primaryimage"},"image":{"@id":"https:\/\/casinoreturn.com\/sv\/svartlistade-kasinon\/#primaryimage"},"thumbnailUrl":"https:\/\/casinoreturn.com\/wp-content\/uploads\/2024\/11\/Black-Listed-Casinos.png","datePublished":"2024-11-11T14:03:43+00:00","dateModified":"2025-03-31T17:57:57+00:00","description":"Svartlistade kasinon \u00e4r tyv\u00e4rr en del av spelet. H\u00e4r \u00e4r n\u00e5gra av de kasinon som du kanske inte vill registrera dig hos.","breadcrumb":{"@id":"https:\/\/casinoreturn.com\/sv\/svartlistade-kasinon\/#breadcrumb"},"inLanguage":"sv-SE","potentialAction":[{"@type":"ReadAction","target":["https:\/\/casinoreturn.com\/sv\/svartlistade-kasinon\/"]}]},{"@type":"ImageObject","inLanguage":"sv-SE","@id":"https:\/\/casinoreturn.com\/sv\/svartlistade-kasinon\/#primaryimage","url":"https:\/\/casinoreturn.com\/wp-content\/uploads\/2024\/11\/Black-Listed-Casinos.png","contentUrl":"https:\/\/casinoreturn.com\/wp-content\/uploads\/2024\/11\/Black-Listed-Casinos.png","width":200,"height":200,"caption":"Black Listed Casinos"},{"@type":"BreadcrumbList","@id":"https:\/\/casinoreturn.com\/sv\/svartlistade-kasinon\/#breadcrumb","itemListElement":[{"@type":"ListItem","position":1,"name":"Home","item":"https:\/\/casinoreturn.com\/sv\/home\/"},{"@type":"ListItem","position":2,"name":"Svartlistade kasinon"}]},{"@type":"WebSite","@id":"https:\/\/casinoreturn.com\/#website","url":"https:\/\/casinoreturn.com\/","name":"casinoreturn","description":"","publisher":{"@id":"https:\/\/casinoreturn.com\/#organization"},"potentialAction":[{"@type":"SearchAction","target":{"@type":"EntryPoint","urlTemplate":"https:\/\/casinoreturn.com\/?s={search_term_string}"},"query-input":{"@type":"PropertyValueSpecification","valueRequired":true,"valueName":"search_term_string"}}],"inLanguage":"sv-SE"},{"@type":"Organization","@id":"https:\/\/casinoreturn.com\/#organization","name":"casinoreturn","url":"https:\/\/casinoreturn.com\/","logo":{"@type":"ImageObject","inLanguage":"sv-SE","@id":"https:\/\/casinoreturn.com\/#\/schema\/logo\/image\/","url":"https:\/\/casinoreturn.com\/wp-content\/uploads\/2024\/09\/animal-favicon.png","contentUrl":"https:\/\/casinoreturn.com\/wp-content\/uploads\/2024\/09\/animal-favicon.png","width":92,"height":92,"caption":"casinoreturn"},"image":{"@id":"https:\/\/casinoreturn.com\/#\/schema\/logo\/image\/"}}]}},"_links":{"self":[{"href":"https:\/\/casinoreturn.com\/sv\/wp-json\/wp\/v2\/pages\/4466","targetHints":{"allow":["GET"]}}],"collection":[{"href":"https:\/\/casinoreturn.com\/sv\/wp-json\/wp\/v2\/pages"}],"about":[{"href":"https:\/\/casinoreturn.com\/sv\/wp-json\/wp\/v2\/types\/page"}],"author":[{"embeddable":true,"href":"https:\/\/casinoreturn.com\/sv\/wp-json\/wp\/v2\/users\/1"}],"replies":[{"embeddable":true,"href":"https:\/\/casinoreturn.com\/sv\/wp-json\/wp\/v2\/comments?post=4466"}],"version-history":[{"count":2,"href":"https:\/\/casinoreturn.com\/sv\/wp-json\/wp\/v2\/pages\/4466\/revisions"}],"predecessor-version":[{"id":13601,"href":"https:\/\/casinoreturn.com\/sv\/wp-json\/wp\/v2\/pages\/4466\/revisions\/13601"}],"wp:featuredmedia":[{"embeddable":true,"href":"https:\/\/casinoreturn.com\/sv\/wp-json\/wp\/v2\/media\/3148"}],"wp:attachment":[{"href":"https:\/\/casinoreturn.com\/sv\/wp-json\/wp\/v2\/media?parent=4466"}],"curies":[{"name":"wp","href":"https:\/\/api.w.org\/{rel}","templated":true}]}}