{"id":4524,"date":"2024-11-11T14:01:17","date_gmt":"2024-11-11T14:01:17","guid":{"rendered":"https:\/\/casinoreturn.com\/kasinolicenser\/"},"modified":"2024-12-02T12:15:40","modified_gmt":"2024-12-02T12:15:40","slug":"kasinolicenser","status":"publish","type":"page","link":"https:\/\/casinoreturn.com\/sv\/kasinolicenser\/","title":{"rendered":"Kasinolicenser"},"content":{"rendered":"\t\t<div data-elementor-type=\"wp-page\" data-elementor-id=\"4524\" class=\"elementor elementor-4524\" data-elementor-post-type=\"page\">\n\t\t\t\t<div class=\"elementor-element elementor-element-25ab31d e-con-full e-flex e-con e-parent\" data-id=\"25ab31d\" data-element_type=\"container\">\n\t\t\t\t<div class=\"elementor-element elementor-element-e2d7818 elementor-widget elementor-widget-image\" data-id=\"e2d7818\" data-element_type=\"widget\" data-widget_type=\"image.default\">\n\t\t\t\t<div class=\"elementor-widget-container\">\n\t\t\t\t\t\t\t\t\t\t\t\t\t\t\t<img fetchpriority=\"high\" decoding=\"async\" width=\"1024\" height=\"538\" src=\"https:\/\/casinoreturn.com\/wp-content\/uploads\/2024\/12\/Online-Casino-Licences-1024x538.png\" class=\"attachment-large size-large wp-image-4475\" alt=\"Online Casino Licences\" srcset=\"https:\/\/casinoreturn.com\/wp-content\/uploads\/2024\/12\/Online-Casino-Licences-1024x538.png 1024w, https:\/\/casinoreturn.com\/wp-content\/uploads\/2024\/12\/Online-Casino-Licences-300x158.png 300w, https:\/\/casinoreturn.com\/wp-content\/uploads\/2024\/12\/Online-Casino-Licences-768x403.png 768w, https:\/\/casinoreturn.com\/wp-content\/uploads\/2024\/12\/Online-Casino-Licences.png 1200w\" sizes=\"(max-width: 1024px) 100vw, 1024px\" \/>\t\t\t\t\t\t\t\t\t\t\t\t\t\t\t<\/div>\n\t\t\t\t<\/div>\n\t\t\t\t<div class=\"elementor-element elementor-element-91388ca elementor-widget elementor-widget-heading\" data-id=\"91388ca\" data-element_type=\"widget\" data-widget_type=\"heading.default\">\n\t\t\t\t<div class=\"elementor-widget-container\">\n\t\t\t\t\t<h3 class=\"elementor-heading-title elementor-size-default\">Licenser f\u00f6r onlinekasinon inom spel och sportsbetting<\/h3>\t\t\t\t<\/div>\n\t\t\t\t<\/div>\n\t\t\t\t<div class=\"elementor-element elementor-element-b90a94d elementor-widget elementor-widget-text-editor\" data-id=\"b90a94d\" data-element_type=\"widget\" data-widget_type=\"text-editor.default\">\n\t\t\t\t<div class=\"elementor-widget-container\">\n\t\t\t\t\t\t\t\t\t<p>Onlinelicenser f\u00f6r kasinon \u00e4r avg\u00f6rande f\u00f6r att reglera och erbjuda en fristad f\u00f6r onlinespel. IGaming-industrin upplevde en explosion i efterfr\u00e5gan och popularitet. Den globala spelmarknaden ber\u00e4knas \u00f6verstiga 270 miljarder USD. Covid-19 under 2019 gjorde ett avtryck i denna siffra, men \u00e5terh\u00e4mtningen var snabb och marknaden v\u00e4xte exponentiellt.     <\/p>\n\t\t\t\t\t\t\t\t<\/div>\n\t\t\t\t<\/div>\n\t\t\t\t<div class=\"elementor-element elementor-element-349a86e elementor-widget elementor-widget-heading\" data-id=\"349a86e\" data-element_type=\"widget\" data-widget_type=\"heading.default\">\n\t\t\t\t<div class=\"elementor-widget-container\">\n\t\t\t\t\t<h3 class=\"elementor-heading-title elementor-size-default\">Vita, gr\u00e5 och svarta marknader - dags f\u00f6r beslut f\u00f6r spelarna<\/h3>\t\t\t\t<\/div>\n\t\t\t\t<\/div>\n\t\t\t\t<div class=\"elementor-element elementor-element-fbe3b09 elementor-widget elementor-widget-text-editor\" data-id=\"fbe3b09\" data-element_type=\"widget\" data-widget_type=\"text-editor.default\">\n\t\t\t\t<div class=\"elementor-widget-container\">\n\t\t\t\t\t\t\t\t\t<p>N\u00e4r vi diskuterar vita, gr\u00e5 och svarta marknader  <span style=\"box-sizing: border-box; margin: 0px; padding: 0px;\">h\u00e4nvisa till vissa licenser eller, i vissa fall, ingen licens. Lite mer <a href=\"https:\/\/upgaming.com\/white-grey-and-black-igaming-markets\/\" target=\"_blank\" rel=\"noopener\">information<\/a> <\/span><a href=\"https:\/\/upgaming.com\/white-grey-and-black-igaming-markets\/\">  kan l\u00e4sas h\u00e4r.<\/a><\/p>\n<h4><strong>Vita i-Gaming-marknader &#8211; Reglerade marknader f\u00f6r i-Gaming<\/strong><\/h4>\n<p>Casinon p\u00e5 den vita marknaden anses vara s\u00e4krare och \u00e4r verksamma i l\u00e4nder d\u00e4r onlinespel har till\u00e5tits. St\u00f6rre delen av Europa har best\u00e4mmelser p\u00e5 plats f\u00f6r att kontrollera och reglera kasinon. Jurisdiktioner inf\u00f6rde tunga regler och inf\u00f6rde ansvarsfullt spelande. Tillsynsmyndigheterna tvingade onlinekasinon att redovisa sina int\u00e4kter och sina proaktiva \u00e5tg\u00e4rder f\u00f6r ansvarsfullt spelande. Vissa jurisdiktioner gick s\u00e5 l\u00e5ngt som att separera sportspel och onlinekasinon. Separering av v\u00e4lkomstbonus, gratisspel, gratissnurr och minsta insatser man kan placera.       <\/p>\n<p>Detta inneb\u00e4r en h\u00f6g kostnad f\u00f6r operat\u00f6rer och operat\u00f6rer som anv\u00e4nder MGA-licenser, Isle of Man-, Kahnawake- och UK-licenser.  <\/p>\n<h4><strong>Gr\u00e5 i-Gaming-marknader &#8211; n\u00e4ra men inte s\u00e5 n\u00e4ra<\/strong><\/h4>\n<p>Skillnaden mellan den vita och den gr\u00e5 marknaden \u00e4r ganska l\u00e4tt att urskilja. Gr\u00e5 marknader till\u00e5ter onlinekasino och landbaserad verksamhet men med f\u00e4rre regler och begr\u00e4nsningar. Kasinon kan fungera med internationella licenser, till exempel Curacao-licenser. Operat\u00f6rer kan v\u00e4lja att driva mer \u00e4n ett onlinekasino under en s\u00e5dan licens, som \u00e4r mindre ben\u00e4gna att regleras av sina lokala lagstiftare. Det har skett positiva f\u00f6rb\u00e4ttringar p\u00e5 de gr\u00e5 marknaderna, och fler casinon p\u00e5 den gr\u00e5 marknaden anpassar sig frivilligt till ansvarsfullt spelande. De gr\u00e5 marknaderna har dock fortfarande \u00f6vertaget n\u00e4r det g\u00e4ller volatilitet och att ge en helt transparent bild av sin verksamhet.       <\/p>\n<h4><strong>Svarta i-Gaming-marknader &#8211; saker du b\u00f6r t\u00e4nka p\u00e5<\/strong><\/h4>\n<p>Svarta marknader anses vara marknader d\u00e4r spel eller onlinespel \u00e4r f\u00f6rbjudet. Detta kan bero p\u00e5 trosuppfattningar, kulturella, etiska eller politiska sk\u00e4l. Casinon som \u00e4r verksamma p\u00e5 dessa marknader st\u00e4ngs vanligtvis snabbt och kan bli f\u00f6rem\u00e5l f\u00f6r brottsanklagelser n\u00e4r de kommer in i dessa l\u00e4nder. Muslimskt orienterade stater, vissa afrikanska stater och Asien \u00e4r de fr\u00e4msta svarta marknaderna. Ansvarsfullt spelande \u00e4r obefintligt; bankverksamhet, ins\u00e4ttningar och uttag har blivit alltmer instabila. Det \u00e4r inte rekommenderat att anv\u00e4nda kasinon utan licens.       <\/p>\n\t\t\t\t\t\t\t\t<\/div>\n\t\t\t\t<\/div>\n\t\t\t\t<div class=\"elementor-element elementor-element-cbb0223 elementor-widget elementor-widget-image\" data-id=\"cbb0223\" data-element_type=\"widget\" data-widget_type=\"image.default\">\n\t\t\t\t<div class=\"elementor-widget-container\">\n\t\t\t\t\t\t\t\t\t\t\t\t\t\t\t<img decoding=\"async\" width=\"225\" height=\"225\" src=\"https:\/\/casinoreturn.com\/wp-content\/uploads\/2024\/12\/Black-market-igaming.png\" class=\"attachment-large size-large wp-image-4487\" alt=\"Black market igaming\" srcset=\"https:\/\/casinoreturn.com\/wp-content\/uploads\/2024\/12\/Black-market-igaming.png 225w, https:\/\/casinoreturn.com\/wp-content\/uploads\/2024\/12\/Black-market-igaming-150x150.png 150w\" sizes=\"(max-width: 225px) 100vw, 225px\" \/>\t\t\t\t\t\t\t\t\t\t\t\t\t\t\t<\/div>\n\t\t\t\t<\/div>\n\t\t\t\t<div class=\"elementor-element elementor-element-e5d1860 elementor-widget elementor-widget-heading\" data-id=\"e5d1860\" data-element_type=\"widget\" data-widget_type=\"heading.default\">\n\t\t\t\t<div class=\"elementor-widget-container\">\n\t\t\t\t\t<h3 class=\"elementor-heading-title elementor-size-default\">Hinder och utmaningar  <\/h3>\t\t\t\t<\/div>\n\t\t\t\t<\/div>\n\t\t\t\t<div class=\"elementor-element elementor-element-1cd3dce elementor-widget elementor-widget-text-editor\" data-id=\"1cd3dce\" data-element_type=\"widget\" data-widget_type=\"text-editor.default\">\n\t\t\t\t<div class=\"elementor-widget-container\">\n\t\t\t\t\t\t\t\t\t<p>Att vara utan licens \u00e4r ganska mycket att spela rysk roulette. Lagen \u00e4r p\u00e5 t\u00e5rna, och operat\u00f6ren st\u00e5r inf\u00f6r st\u00e4ngning och straffr\u00e4ttsliga b\u00f6ter. \u00c5tal och f\u00e4ngelsestraff \u00e4r n\u00e5gra av de f\u00f6rm\u00e5ner som kan f\u00f6rv\u00e4ntas. Kunderna m\u00f6ter h\u00e5rt motst\u00e5nd och m\u00f6jligheten att st\u00e4nga sina konton utan att kunna ifr\u00e5gas\u00e4tta saken.     <\/p>\n<p>Det \u00e4r b\u00e4ttre att t\u00e4nka l\u00e5ngsiktigt och forts\u00e4tta med en kasinolicens f\u00f6r att tillhandah\u00e5lla bra service och m\u00e4rkesprodukter. Med gr\u00e5 marknader och vita spelmarknader \u00e4r reklam m\u00f6jlig eller begr\u00e4nsad till endast delar. Spelare fokuserar numera p\u00e5 licenser innan de registrerar sig.  <\/p>\n\t\t\t\t\t\t\t\t<\/div>\n\t\t\t\t<\/div>\n\t\t\t\t<\/div>\n\t\t\t\t<\/div>\n\t\t","protected":false},"excerpt":{"rendered":"<p>Licenser f\u00f6r onlinekasinon inom spel och sportsbetting Onlinelicenser f\u00f6r kasinon \u00e4r avg\u00f6rande f\u00f6r att reglera och erbjuda en fristad f\u00f6r onlinespel. IGaming-industrin upplevde en explosion i efterfr\u00e5gan och popularitet. Den globala spelmarknaden ber\u00e4knas \u00f6verstiga 270 miljarder USD. Covid-19 under 2019 gjorde ett avtryck i denna siffra, men \u00e5terh\u00e4mtningen var snabb och marknaden v\u00e4xte exponentiellt. Vita, [&hellip;]<\/p>\n","protected":false},"author":1,"featured_media":0,"parent":0,"menu_order":0,"comment_status":"closed","ping_status":"closed","template":"","meta":{"footnotes":""},"class_list":["post-4524","page","type-page","status-publish","hentry"],"blocksy_meta":[],"acf":[],"yoast_head":"<!-- This site is optimized with the Yoast SEO plugin v24.1 - https:\/\/yoast.com\/wordpress\/plugins\/seo\/ -->\n<title>Kasinolicenser - casinoreturn<\/title>\n<meta name=\"description\" content=\"Kasinolicenser kan avg\u00f6ra ditt beslut att registrera och spela online casino. H\u00e4r \u00e4r n\u00e5gra kasinolicenser och kasinon.\" \/>\n<meta name=\"robots\" content=\"index, follow, max-snippet:-1, max-image-preview:large, max-video-preview:-1\" \/>\n<link rel=\"canonical\" href=\"https:\/\/casinoreturn.com\/sv\/kasinolicenser\/\" \/>\n<meta property=\"og:locale\" content=\"sv_SE\" \/>\n<meta property=\"og:type\" content=\"article\" \/>\n<meta property=\"og:title\" content=\"Kasinolicenser - casinoreturn\" \/>\n<meta property=\"og:description\" content=\"Kasinolicenser kan avg\u00f6ra ditt beslut att registrera och spela online casino. H\u00e4r \u00e4r n\u00e5gra kasinolicenser och kasinon.\" \/>\n<meta property=\"og:url\" content=\"https:\/\/casinoreturn.com\/sv\/kasinolicenser\/\" \/>\n<meta property=\"og:site_name\" content=\"casinoreturn\" \/>\n<meta property=\"article:modified_time\" content=\"2024-12-02T12:15:40+00:00\" \/>\n<meta property=\"og:image\" content=\"https:\/\/casinoreturn.com\/wp-content\/uploads\/2024\/12\/Online-Casino-Licences.png\" \/>\n\t<meta property=\"og:image:width\" content=\"1200\" \/>\n\t<meta property=\"og:image:height\" content=\"630\" \/>\n\t<meta property=\"og:image:type\" content=\"image\/png\" \/>\n<meta name=\"twitter:card\" content=\"summary_large_image\" \/>\n<meta name=\"twitter:label1\" content=\"Ber\u00e4knad l\u00e4stid\" \/>\n\t<meta name=\"twitter:data1\" content=\"3 minuter\" \/>\n<script type=\"application\/ld+json\" class=\"yoast-schema-graph\">{\"@context\":\"https:\/\/schema.org\",\"@graph\":[{\"@type\":\"WebPage\",\"@id\":\"https:\/\/casinoreturn.com\/sv\/kasinolicenser\/\",\"url\":\"https:\/\/casinoreturn.com\/sv\/kasinolicenser\/\",\"name\":\"Kasinolicenser - casinoreturn\",\"isPartOf\":{\"@id\":\"https:\/\/casinoreturn.com\/#website\"},\"primaryImageOfPage\":{\"@id\":\"https:\/\/casinoreturn.com\/sv\/kasinolicenser\/#primaryimage\"},\"image\":{\"@id\":\"https:\/\/casinoreturn.com\/sv\/kasinolicenser\/#primaryimage\"},\"thumbnailUrl\":\"https:\/\/casinoreturn.com\/wp-content\/uploads\/2024\/12\/Online-Casino-Licences-1024x538.png\",\"datePublished\":\"2024-11-11T14:01:17+00:00\",\"dateModified\":\"2024-12-02T12:15:40+00:00\",\"description\":\"Kasinolicenser kan avg\u00f6ra ditt beslut att registrera och spela online casino. H\u00e4r \u00e4r n\u00e5gra kasinolicenser och kasinon.\",\"breadcrumb\":{\"@id\":\"https:\/\/casinoreturn.com\/sv\/kasinolicenser\/#breadcrumb\"},\"inLanguage\":\"sv-SE\",\"potentialAction\":[{\"@type\":\"ReadAction\",\"target\":[\"https:\/\/casinoreturn.com\/sv\/kasinolicenser\/\"]}]},{\"@type\":\"ImageObject\",\"inLanguage\":\"sv-SE\",\"@id\":\"https:\/\/casinoreturn.com\/sv\/kasinolicenser\/#primaryimage\",\"url\":\"https:\/\/casinoreturn.com\/wp-content\/uploads\/2024\/12\/Online-Casino-Licences-1024x538.png\",\"contentUrl\":\"https:\/\/casinoreturn.com\/wp-content\/uploads\/2024\/12\/Online-Casino-Licences-1024x538.png\"},{\"@type\":\"BreadcrumbList\",\"@id\":\"https:\/\/casinoreturn.com\/sv\/kasinolicenser\/#breadcrumb\",\"itemListElement\":[{\"@type\":\"ListItem\",\"position\":1,\"name\":\"Home\",\"item\":\"https:\/\/casinoreturn.com\/sv\/home\/\"},{\"@type\":\"ListItem\",\"position\":2,\"name\":\"Kasinolicenser\"}]},{\"@type\":\"WebSite\",\"@id\":\"https:\/\/casinoreturn.com\/#website\",\"url\":\"https:\/\/casinoreturn.com\/\",\"name\":\"casinoreturn\",\"description\":\"\",\"publisher\":{\"@id\":\"https:\/\/casinoreturn.com\/#organization\"},\"potentialAction\":[{\"@type\":\"SearchAction\",\"target\":{\"@type\":\"EntryPoint\",\"urlTemplate\":\"https:\/\/casinoreturn.com\/?s={search_term_string}\"},\"query-input\":{\"@type\":\"PropertyValueSpecification\",\"valueRequired\":true,\"valueName\":\"search_term_string\"}}],\"inLanguage\":\"sv-SE\"},{\"@type\":\"Organization\",\"@id\":\"https:\/\/casinoreturn.com\/#organization\",\"name\":\"casinoreturn\",\"url\":\"https:\/\/casinoreturn.com\/\",\"logo\":{\"@type\":\"ImageObject\",\"inLanguage\":\"sv-SE\",\"@id\":\"https:\/\/casinoreturn.com\/#\/schema\/logo\/image\/\",\"url\":\"https:\/\/casinoreturn.com\/wp-content\/uploads\/2024\/09\/animal-favicon.png\",\"contentUrl\":\"https:\/\/casinoreturn.com\/wp-content\/uploads\/2024\/09\/animal-favicon.png\",\"width\":92,\"height\":92,\"caption\":\"casinoreturn\"},\"image\":{\"@id\":\"https:\/\/casinoreturn.com\/#\/schema\/logo\/image\/\"}}]}<\/script>\n<!-- \/ Yoast SEO plugin. -->","yoast_head_json":{"title":"Kasinolicenser - casinoreturn","description":"Kasinolicenser kan avg\u00f6ra ditt beslut att registrera och spela online casino. H\u00e4r \u00e4r n\u00e5gra kasinolicenser och kasinon.","robots":{"index":"index","follow":"follow","max-snippet":"max-snippet:-1","max-image-preview":"max-image-preview:large","max-video-preview":"max-video-preview:-1"},"canonical":"https:\/\/casinoreturn.com\/sv\/kasinolicenser\/","og_locale":"sv_SE","og_type":"article","og_title":"Kasinolicenser - casinoreturn","og_description":"Kasinolicenser kan avg\u00f6ra ditt beslut att registrera och spela online casino. H\u00e4r \u00e4r n\u00e5gra kasinolicenser och kasinon.","og_url":"https:\/\/casinoreturn.com\/sv\/kasinolicenser\/","og_site_name":"casinoreturn","article_modified_time":"2024-12-02T12:15:40+00:00","og_image":[{"width":1200,"height":630,"url":"https:\/\/casinoreturn.com\/wp-content\/uploads\/2024\/12\/Online-Casino-Licences.png","type":"image\/png"}],"twitter_card":"summary_large_image","twitter_misc":{"Ber\u00e4knad l\u00e4stid":"3 minuter"},"schema":{"@context":"https:\/\/schema.org","@graph":[{"@type":"WebPage","@id":"https:\/\/casinoreturn.com\/sv\/kasinolicenser\/","url":"https:\/\/casinoreturn.com\/sv\/kasinolicenser\/","name":"Kasinolicenser - casinoreturn","isPartOf":{"@id":"https:\/\/casinoreturn.com\/#website"},"primaryImageOfPage":{"@id":"https:\/\/casinoreturn.com\/sv\/kasinolicenser\/#primaryimage"},"image":{"@id":"https:\/\/casinoreturn.com\/sv\/kasinolicenser\/#primaryimage"},"thumbnailUrl":"https:\/\/casinoreturn.com\/wp-content\/uploads\/2024\/12\/Online-Casino-Licences-1024x538.png","datePublished":"2024-11-11T14:01:17+00:00","dateModified":"2024-12-02T12:15:40+00:00","description":"Kasinolicenser kan avg\u00f6ra ditt beslut att registrera och spela online casino. H\u00e4r \u00e4r n\u00e5gra kasinolicenser och kasinon.","breadcrumb":{"@id":"https:\/\/casinoreturn.com\/sv\/kasinolicenser\/#breadcrumb"},"inLanguage":"sv-SE","potentialAction":[{"@type":"ReadAction","target":["https:\/\/casinoreturn.com\/sv\/kasinolicenser\/"]}]},{"@type":"ImageObject","inLanguage":"sv-SE","@id":"https:\/\/casinoreturn.com\/sv\/kasinolicenser\/#primaryimage","url":"https:\/\/casinoreturn.com\/wp-content\/uploads\/2024\/12\/Online-Casino-Licences-1024x538.png","contentUrl":"https:\/\/casinoreturn.com\/wp-content\/uploads\/2024\/12\/Online-Casino-Licences-1024x538.png"},{"@type":"BreadcrumbList","@id":"https:\/\/casinoreturn.com\/sv\/kasinolicenser\/#breadcrumb","itemListElement":[{"@type":"ListItem","position":1,"name":"Home","item":"https:\/\/casinoreturn.com\/sv\/home\/"},{"@type":"ListItem","position":2,"name":"Kasinolicenser"}]},{"@type":"WebSite","@id":"https:\/\/casinoreturn.com\/#website","url":"https:\/\/casinoreturn.com\/","name":"casinoreturn","description":"","publisher":{"@id":"https:\/\/casinoreturn.com\/#organization"},"potentialAction":[{"@type":"SearchAction","target":{"@type":"EntryPoint","urlTemplate":"https:\/\/casinoreturn.com\/?s={search_term_string}"},"query-input":{"@type":"PropertyValueSpecification","valueRequired":true,"valueName":"search_term_string"}}],"inLanguage":"sv-SE"},{"@type":"Organization","@id":"https:\/\/casinoreturn.com\/#organization","name":"casinoreturn","url":"https:\/\/casinoreturn.com\/","logo":{"@type":"ImageObject","inLanguage":"sv-SE","@id":"https:\/\/casinoreturn.com\/#\/schema\/logo\/image\/","url":"https:\/\/casinoreturn.com\/wp-content\/uploads\/2024\/09\/animal-favicon.png","contentUrl":"https:\/\/casinoreturn.com\/wp-content\/uploads\/2024\/09\/animal-favicon.png","width":92,"height":92,"caption":"casinoreturn"},"image":{"@id":"https:\/\/casinoreturn.com\/#\/schema\/logo\/image\/"}}]}},"_links":{"self":[{"href":"https:\/\/casinoreturn.com\/sv\/wp-json\/wp\/v2\/pages\/4524","targetHints":{"allow":["GET"]}}],"collection":[{"href":"https:\/\/casinoreturn.com\/sv\/wp-json\/wp\/v2\/pages"}],"about":[{"href":"https:\/\/casinoreturn.com\/sv\/wp-json\/wp\/v2\/types\/page"}],"author":[{"embeddable":true,"href":"https:\/\/casinoreturn.com\/sv\/wp-json\/wp\/v2\/users\/1"}],"replies":[{"embeddable":true,"href":"https:\/\/casinoreturn.com\/sv\/wp-json\/wp\/v2\/comments?post=4524"}],"version-history":[{"count":1,"href":"https:\/\/casinoreturn.com\/sv\/wp-json\/wp\/v2\/pages\/4524\/revisions"}],"predecessor-version":[{"id":4525,"href":"https:\/\/casinoreturn.com\/sv\/wp-json\/wp\/v2\/pages\/4524\/revisions\/4525"}],"wp:attachment":[{"href":"https:\/\/casinoreturn.com\/sv\/wp-json\/wp\/v2\/media?parent=4524"}],"curies":[{"name":"wp","href":"https:\/\/api.w.org\/{rel}","templated":true}]}}