{"id":4567,"date":"2024-11-02T10:47:02","date_gmt":"2024-11-02T10:47:02","guid":{"rendered":"https:\/\/casinoreturn.com\/casino-influencer\/"},"modified":"2024-12-02T13:48:07","modified_gmt":"2024-12-02T13:48:07","slug":"casino-influencer","status":"publish","type":"page","link":"https:\/\/casinoreturn.com\/sv\/casino-influencer\/","title":{"rendered":"Casino Influencer"},"content":{"rendered":"\t\t<div data-elementor-type=\"wp-page\" data-elementor-id=\"4567\" class=\"elementor elementor-4567\" data-elementor-post-type=\"page\">\n\t\t\t\t<div class=\"elementor-element elementor-element-55b8a04 e-flex e-con-boxed e-con e-parent\" data-id=\"55b8a04\" data-element_type=\"container\">\n\t\t\t\t\t<div class=\"e-con-inner\">\n\t\t\t\t<div class=\"elementor-element elementor-element-56141af elementor-widget elementor-widget-text-editor\" data-id=\"56141af\" data-element_type=\"widget\" data-widget_type=\"text-editor.default\">\n\t\t\t\t<div class=\"elementor-widget-container\">\n\t\t\t\t\t\t\t\t\t<h3>Casino Influencers som anv\u00e4nder sig av sociala medier har blivit allt mer k\u00e4nda, n\u00e5got som m\u00e5nga operat\u00f6rer ofta f\u00f6rbiser.  <\/h3>\n\t\t\t\t\t\t\t\t<\/div>\n\t\t\t\t<\/div>\n\t\t\t\t\t<\/div>\n\t\t\t\t<\/div>\n\t\t<div class=\"elementor-element elementor-element-fbf2875 e-flex e-con-boxed e-con e-parent\" data-id=\"fbf2875\" data-element_type=\"container\">\n\t\t\t\t\t<div class=\"e-con-inner\">\n\t\t\t\t<div class=\"elementor-element elementor-element-c338f23 elementor-widget elementor-widget-text-editor\" data-id=\"c338f23\" data-element_type=\"widget\" data-widget_type=\"text-editor.default\">\n\t\t\t\t<div class=\"elementor-widget-container\">\n\t\t\t\t\t\t\t\t\t<p>I dagens v\u00e4rld av st\u00e4ndigt f\u00f6r\u00e4nderliga trender har en grupp blivit en obestridlig drivkraft inom onlinespelindustrin. Vi talar om den fantastiska \u00f6kningen av sociala influencers f\u00f6r onlinekasino. Vilken roll spelar de inom spelarnas community? Vilka \u00e4r f\u00f6rdelarna med influencers i spelbranschen? Och m\u00e5nga andra intressanta fakta som vi g\u00e4rna vill presentera f\u00f6r dig, slutkonsumenten. Klicka p\u00e5 <a href=\"http:\/\/HTTP:\/\/twitch.tv\/Rectotio\" data-wplink-url-error=\"true\"><strong>H\u00c4R<\/strong><\/a> f\u00f6r att engagera dig med m\u00e5nadens streamer och l\u00e4sa v\u00e5r recension av Casino return streamer.       <\/p>\n\t\t\t\t\t\t\t\t<\/div>\n\t\t\t\t<\/div>\n\t\t\t\t\t<\/div>\n\t\t\t\t<\/div>\n\t\t<div class=\"elementor-element elementor-element-f3bb186 e-flex e-con-boxed e-con e-parent\" data-id=\"f3bb186\" data-element_type=\"container\">\n\t\t\t\t\t<div class=\"e-con-inner\">\n\t\t\t\t<div class=\"elementor-element elementor-element-0c927c6 elementor-widget elementor-widget-heading\" data-id=\"0c927c6\" data-element_type=\"widget\" data-widget_type=\"heading.default\">\n\t\t\t\t<div class=\"elementor-widget-container\">\n\t\t\t\t\t<h4 class=\"elementor-heading-title elementor-size-default\">Influencers inom gambling<\/h4>\t\t\t\t<\/div>\n\t\t\t\t<\/div>\n\t\t\t\t\t<\/div>\n\t\t\t\t<\/div>\n\t\t<div class=\"elementor-element elementor-element-a4caf4b e-flex e-con-boxed e-con e-parent\" data-id=\"a4caf4b\" data-element_type=\"container\">\n\t\t\t\t\t<div class=\"e-con-inner\">\n\t\t\t\t<div class=\"elementor-element elementor-element-9bb9446 elementor-widget elementor-widget-text-editor\" data-id=\"9bb9446\" data-element_type=\"widget\" data-widget_type=\"text-editor.default\">\n\t\t\t\t<div class=\"elementor-widget-container\">\n\t\t\t\t\t\t\t\t\t<p>Sedan de sociala mediernas kometartade uppg\u00e5ng har en grupp m\u00e4nniskor anpassat sig och flyttat fr\u00e5n mode, sport och mat till onlinespel. <a href=\"https:\/\/casinoreturn.com\/sv\/influencer-for-onlinekasinon\/\">Influencers<\/a> inom marknadsf\u00f6ring \u00e4r inget nytt och tidigare var det ofta idrottsikoner eller musiker som marknadsf\u00f6rde sina produkter offentligt. Men tiderna har g\u00e5tt vidare och eftersom de flesta av oss har mobiltelefoner och internet har ett betydligt st\u00f6rre antal influencers b\u00f6rjat marknadsf\u00f6ra spelprodukter online. Denna typ av st\u00f6d f\u00f6r ett varum\u00e4rke har \u00f6ppnat d\u00f6rren f\u00f6r det goda, det d\u00e5liga och det fula, med andra ord m\u00e5ste influencers i dagens l\u00e4ge ocks\u00e5 ta sin del av ansvarsfullt spelande. L\u00e5t oss d\u00e4rf\u00f6r ta en titt p\u00e5 n\u00e5gra av f\u00f6rdelarna med influencers inom spel och kanske n\u00e5gra utmaningar och ofta problem som vi kan diskutera.     <\/p>\n\t\t\t\t\t\t\t\t<\/div>\n\t\t\t\t<\/div>\n\t\t\t\t\t<\/div>\n\t\t\t\t<\/div>\n\t\t<div class=\"elementor-element elementor-element-f340639 e-flex e-con-boxed e-con e-parent\" data-id=\"f340639\" data-element_type=\"container\">\n\t\t\t\t\t<div class=\"e-con-inner\">\n\t\t\t\t<div class=\"elementor-element elementor-element-42ea645 elementor-widget elementor-widget-heading\" data-id=\"42ea645\" data-element_type=\"widget\" data-widget_type=\"heading.default\">\n\t\t\t\t<div class=\"elementor-widget-container\">\n\t\t\t\t\t<h4 class=\"elementor-heading-title elementor-size-default\">F\u00f6rdelar med influencers inom gambling<\/h4>\t\t\t\t<\/div>\n\t\t\t\t<\/div>\n\t\t\t\t\t<\/div>\n\t\t\t\t<\/div>\n\t\t<div class=\"elementor-element elementor-element-a89ec35 e-flex e-con-boxed e-con e-parent\" data-id=\"a89ec35\" data-element_type=\"container\">\n\t\t\t\t\t<div class=\"e-con-inner\">\n\t\t\t\t<div class=\"elementor-element elementor-element-8ec5cde elementor-widget elementor-widget-text-editor\" data-id=\"8ec5cde\" data-element_type=\"widget\" data-widget_type=\"text-editor.default\">\n\t\t\t\t<div class=\"elementor-widget-container\">\n\t\t\t\t\t\t\t\t\t<p>F\u00f6ljande f\u00f6rdelar g\u00f6r att influencers generellt sett \u00e4r en enast\u00e5ende marknadsf\u00f6rare:  <\/p>\n<ul>\n<li><strong>Influencers \u00f6kar varum\u00e4rkesk\u00e4nnedomen.<\/strong>  Deras roll i att marknadsf\u00f6ra ett bra varum\u00e4rke \u00e4r s\u00e4rskilt viktig eftersom f\u00f6ljare bygger f\u00f6rtroende p\u00e5 rekommendationer och \u00e4r mer ben\u00e4gna att engagera sig i varum\u00e4rket  <\/li>\n<li><strong>Expertis och erfarenhet<\/strong> \u00e4r tv\u00e5 viktiga punkter. Influencers \u00e4r vanligtvis mer kunniga om ett varum\u00e4rke eller en produkt. Genom att bygga upp trov\u00e4rdighet och f\u00f6rtroende kommer fler f\u00f6ljare att testa ett varum\u00e4rke eller en produkt som marknadsf\u00f6rs. Ett exempel \u00e4r en k\u00e4nd sportpersonlighet som i sin kanal marknadsf\u00f6r en ny serie sportskor. Resultatet blir att f\u00f6rs\u00e4ljningen av dessa skor skjuter i h\u00f6jden, baserat p\u00e5 rekommendationer och att ikonen b\u00e4r samma skor. Influencers \u00e4r f\u00f6rebilder och f\u00f6ljare kan identifiera sig sj\u00e4lva eller g\u00f6ra uttalanden genom att b\u00e4ra samma m\u00e4rke.       <\/li>\n<li><strong>Engagemang och kraften i identifiering<\/strong>. Influencers \u00e4r ofta sj\u00e4lva professionella inom sitt omr\u00e5de eller har samlat p\u00e5 sig och visat upp en h\u00f6gre niv\u00e5 av expertis. F\u00f6r att illustrera detta kan vi ta en titt p\u00e5 influencers inom sport, poker och fotboll. En basketstj\u00e4rna marknadsf\u00f6r ett visst varum\u00e4rke och blir d\u00e4rmed en av de f\u00f6rsta idrottsm\u00e4nnen som tj\u00e4nar 500 miljoner i f\u00f6rs\u00e4ljningsprovision. Pokerspelare i Las Vegas bjuds in och uppvaktningen f\u00f6r att f\u00e5 in dessa toppspelare \u00e4r h\u00e4pnadsv\u00e4ckande. En k\u00e4nd brittisk fotbollsspelare har bytt frisyr och som ett resultat av detta g\u00e5r unga pojkar till fris\u00f6ren f\u00f6r att identifiera sig med frisyren.       <\/li>\n<\/ul>\n\t\t\t\t\t\t\t\t<\/div>\n\t\t\t\t<\/div>\n\t\t\t\t\t<\/div>\n\t\t\t\t<\/div>\n\t\t<div class=\"elementor-element elementor-element-49db073 e-flex e-con-boxed e-con e-parent\" data-id=\"49db073\" data-element_type=\"container\">\n\t\t\t\t\t<div class=\"e-con-inner\">\n\t\t\t\t<div class=\"elementor-element elementor-element-95ecd9c elementor-widget elementor-widget-heading\" data-id=\"95ecd9c\" data-element_type=\"widget\" data-widget_type=\"heading.default\">\n\t\t\t\t<div class=\"elementor-widget-container\">\n\t\t\t\t\t<h4 class=\"elementor-heading-title elementor-size-default\">Utmaningar och ansvarsomr\u00e5den<\/h4>\t\t\t\t<\/div>\n\t\t\t\t<\/div>\n\t\t\t\t\t<\/div>\n\t\t\t\t<\/div>\n\t\t<div class=\"elementor-element elementor-element-d90b400 e-flex e-con-boxed e-con e-parent\" data-id=\"d90b400\" data-element_type=\"container\">\n\t\t\t\t\t<div class=\"e-con-inner\">\n\t\t\t\t<div class=\"elementor-element elementor-element-40c1321 elementor-widget elementor-widget-text-editor\" data-id=\"40c1321\" data-element_type=\"widget\" data-widget_type=\"text-editor.default\">\n\t\t\t\t<div class=\"elementor-widget-container\">\n\t\t\t\t\t\t\t\t\t<p>Casinomarknadsf\u00f6ring och onlinekasinoplattformar \u00e4r reglerade och inte \u00f6verraskande \u00e4r det ett st\u00f6rre antal som inte \u00e4r reglerade. Vilka utmaningar st\u00e5r casinoinfluencers och casinooperat\u00f6rer inf\u00f6r? Utmaningarna fram\u00f6ver kan variera, f\u00f6r att n\u00e4mna n\u00e5gra:  <\/p>\n\t\t\t\t\t\t\t\t<\/div>\n\t\t\t\t<\/div>\n\t\t\t\t\t<\/div>\n\t\t\t\t<\/div>\n\t\t<div class=\"elementor-element elementor-element-836bdc3 e-flex e-con-boxed e-con e-parent\" data-id=\"836bdc3\" data-element_type=\"container\">\n\t\t\t\t\t<div class=\"e-con-inner\">\n\t\t\t\t<div class=\"elementor-element elementor-element-5ecded3 elementor-widget elementor-widget-text-editor\" data-id=\"5ecded3\" data-element_type=\"widget\" data-widget_type=\"text-editor.default\">\n\t\t\t\t<div class=\"elementor-widget-container\">\n\t\t\t\t\t\t\t\t\t<ul>\n<li>Att <strong>marknadsf\u00f6ra onlinespel offentligt \u00e4r ofta en r\u00f6d flagga<\/strong> f\u00f6r vissa tillsynsmyndigheter och vissa l\u00e4nder som Tyskland, Spanien, Holland, delar av USA och Storbritannien har vidtagit effektiva \u00e5tg\u00e4rder f\u00f6r att k\u00e4nna igen den inre fienden. Men tiden har visat att snarare \u00e4n att f\u00f6rbjuda och l\u00e4gga en filt av regleringar \u00f6ver spelarna \u00e4r det ofta mer anv\u00e4ndbart att engagera sig med operat\u00f6rerna, att \u00f6ppna en dialog med \u00e4rlig avsikt att skapa en s\u00e4krare spelmilj\u00f6. Hellre dj\u00e4vulen du k\u00e4nner.    <\/li>\n<\/ul>\n\t\t\t\t\t\t\t\t<\/div>\n\t\t\t\t<\/div>\n\t\t\t\t\t<\/div>\n\t\t\t\t<\/div>\n\t\t<div class=\"elementor-element elementor-element-91b3109 e-flex e-con-boxed e-con e-parent\" data-id=\"91b3109\" data-element_type=\"container\">\n\t\t\t\t\t<div class=\"e-con-inner\">\n\t\t\t\t<div class=\"elementor-element elementor-element-3a1d9be elementor-widget elementor-widget-text-editor\" data-id=\"3a1d9be\" data-element_type=\"widget\" data-widget_type=\"text-editor.default\">\n\t\t\t\t<div class=\"elementor-widget-container\">\n\t\t\t\t\t\t\t\t\t<ul>\n<li><strong>Influencers har ocks\u00e5 ansvar<\/strong> f\u00f6r att skydda sina f\u00f6ljare och samh\u00e4llet fr\u00e5n samarbeten med varum\u00e4rkespartners som inte \u00e4r villiga att st\u00f6dja ansvarsfullt spelande och f\u00f6lja marknadsstandarder.  <\/li>\n<\/ul>\n\t\t\t\t\t\t\t\t<\/div>\n\t\t\t\t<\/div>\n\t\t\t\t\t<\/div>\n\t\t\t\t<\/div>\n\t\t<div class=\"elementor-element elementor-element-8138a19 e-flex e-con-boxed e-con e-parent\" data-id=\"8138a19\" data-element_type=\"container\">\n\t\t\t\t\t<div class=\"e-con-inner\">\n\t\t\t\t<div class=\"elementor-element elementor-element-f004e45 elementor-widget elementor-widget-heading\" data-id=\"f004e45\" data-element_type=\"widget\" data-widget_type=\"heading.default\">\n\t\t\t\t<div class=\"elementor-widget-container\">\n\t\t\t\t\t<h5 class=\"elementor-heading-title elementor-size-default\">Vad v\u00e4ntar f\u00f6r influencers inom onlinekasino?<\/h5>\t\t\t\t<\/div>\n\t\t\t\t<\/div>\n\t\t\t\t\t<\/div>\n\t\t\t\t<\/div>\n\t\t<div class=\"elementor-element elementor-element-e26ded2 e-flex e-con-boxed e-con e-parent\" data-id=\"e26ded2\" data-element_type=\"container\">\n\t\t\t\t\t<div class=\"e-con-inner\">\n\t\t\t\t<div class=\"elementor-element elementor-element-83be952 elementor-widget elementor-widget-text-editor\" data-id=\"83be952\" data-element_type=\"widget\" data-widget_type=\"text-editor.default\">\n\t\t\t\t<div class=\"elementor-widget-container\">\n\t\t\t\t\t\t\t\t\t<p>Framtiden f\u00f6r sociala medier \u00e4r snabb och f\u00e4rgstark. Det f\u00f6rv\u00e4ntas att ett stort antal f\u00f6rr eller senare bara kommer att f\u00f6rsvinna p\u00e5 grund av det \u00f6verv\u00e4ldigande antalet som f\u00f6rs\u00f6ker g\u00f6ra en meningsfull inverkan. Den viktigaste delen och f\u00f6r att betona saken starkt, \u00e4r att h\u00e5lla spelarna s\u00e4kra med ansvarsfulla spelmetoder och etiskt utmanade influencers som tar sin viktiga roll i samh\u00e4llet p\u00e5 allvar. Med h\u00e4nsyn till ovanst\u00e5ende k\u00e4nner vi att det \u00e4r en ljus framtid n\u00e4r alla aspekter tas p\u00e5 boeard.     <\/p>\n\t\t\t\t\t\t\t\t<\/div>\n\t\t\t\t<\/div>\n\t\t\t\t\t<\/div>\n\t\t\t\t<\/div>\n\t\t\t\t<\/div>\n\t\t","protected":false},"excerpt":{"rendered":"<p>Casino Influencers som anv\u00e4nder sig av sociala medier har blivit allt mer k\u00e4nda, n\u00e5got som m\u00e5nga operat\u00f6rer ofta f\u00f6rbiser. I dagens v\u00e4rld av st\u00e4ndigt f\u00f6r\u00e4nderliga trender har en grupp blivit en obestridlig drivkraft inom onlinespelindustrin. Vi talar om den fantastiska \u00f6kningen av sociala influencers f\u00f6r onlinekasino. Vilken roll spelar de inom spelarnas community? Vilka \u00e4r [&hellip;]<\/p>\n","protected":false},"author":1,"featured_media":0,"parent":0,"menu_order":0,"comment_status":"closed","ping_status":"closed","template":"","meta":{"footnotes":""},"class_list":["post-4567","page","type-page","status-publish","hentry"],"blocksy_meta":[],"acf":[],"yoast_head":"<!-- This site is optimized with the Yoast SEO plugin v24.1 - https:\/\/yoast.com\/wordpress\/plugins\/seo\/ -->\n<title>Casino Influencer - casinoreturn<\/title>\n<meta name=\"description\" content=\"Casino Influencer har tagit ett stort steg fr\u00e5n sociala medier f\u00f6r att komma till Online Casino. F\u00f6lj oss h\u00e4r och se vem som \u00e4r vem och vad som \u00e4r nytt p\u00e5 Twitch\" \/>\n<meta name=\"robots\" content=\"index, follow, max-snippet:-1, max-image-preview:large, max-video-preview:-1\" \/>\n<link rel=\"canonical\" href=\"https:\/\/casinoreturn.com\/sv\/casino-influencer\/\" \/>\n<meta property=\"og:locale\" content=\"sv_SE\" \/>\n<meta property=\"og:type\" content=\"article\" \/>\n<meta property=\"og:title\" content=\"Casino Influencer - casinoreturn\" \/>\n<meta property=\"og:description\" content=\"Casino Influencer har tagit ett stort steg fr\u00e5n sociala medier f\u00f6r att komma till Online Casino. F\u00f6lj oss h\u00e4r och se vem som \u00e4r vem och vad som \u00e4r nytt p\u00e5 Twitch\" \/>\n<meta property=\"og:url\" content=\"https:\/\/casinoreturn.com\/sv\/casino-influencer\/\" \/>\n<meta property=\"og:site_name\" content=\"casinoreturn\" \/>\n<meta property=\"article:modified_time\" content=\"2024-12-02T13:48:07+00:00\" \/>\n<meta name=\"twitter:card\" content=\"summary_large_image\" \/>\n<meta name=\"twitter:label1\" content=\"Ber\u00e4knad l\u00e4stid\" \/>\n\t<meta name=\"twitter:data1\" content=\"4 minuter\" \/>\n<script type=\"application\/ld+json\" class=\"yoast-schema-graph\">{\"@context\":\"https:\/\/schema.org\",\"@graph\":[{\"@type\":\"WebPage\",\"@id\":\"https:\/\/casinoreturn.com\/sv\/casino-influencer\/\",\"url\":\"https:\/\/casinoreturn.com\/sv\/casino-influencer\/\",\"name\":\"Casino Influencer - casinoreturn\",\"isPartOf\":{\"@id\":\"https:\/\/casinoreturn.com\/#website\"},\"datePublished\":\"2024-11-02T10:47:02+00:00\",\"dateModified\":\"2024-12-02T13:48:07+00:00\",\"description\":\"Casino Influencer har tagit ett stort steg fr\u00e5n sociala medier f\u00f6r att komma till Online Casino. F\u00f6lj oss h\u00e4r och se vem som \u00e4r vem och vad som \u00e4r nytt p\u00e5 Twitch\",\"breadcrumb\":{\"@id\":\"https:\/\/casinoreturn.com\/sv\/casino-influencer\/#breadcrumb\"},\"inLanguage\":\"sv-SE\",\"potentialAction\":[{\"@type\":\"ReadAction\",\"target\":[\"https:\/\/casinoreturn.com\/sv\/casino-influencer\/\"]}]},{\"@type\":\"BreadcrumbList\",\"@id\":\"https:\/\/casinoreturn.com\/sv\/casino-influencer\/#breadcrumb\",\"itemListElement\":[{\"@type\":\"ListItem\",\"position\":1,\"name\":\"Home\",\"item\":\"https:\/\/casinoreturn.com\/sv\/home\/\"},{\"@type\":\"ListItem\",\"position\":2,\"name\":\"Casino Influencer\"}]},{\"@type\":\"WebSite\",\"@id\":\"https:\/\/casinoreturn.com\/#website\",\"url\":\"https:\/\/casinoreturn.com\/\",\"name\":\"casinoreturn\",\"description\":\"\",\"publisher\":{\"@id\":\"https:\/\/casinoreturn.com\/#organization\"},\"potentialAction\":[{\"@type\":\"SearchAction\",\"target\":{\"@type\":\"EntryPoint\",\"urlTemplate\":\"https:\/\/casinoreturn.com\/?s={search_term_string}\"},\"query-input\":{\"@type\":\"PropertyValueSpecification\",\"valueRequired\":true,\"valueName\":\"search_term_string\"}}],\"inLanguage\":\"sv-SE\"},{\"@type\":\"Organization\",\"@id\":\"https:\/\/casinoreturn.com\/#organization\",\"name\":\"casinoreturn\",\"url\":\"https:\/\/casinoreturn.com\/\",\"logo\":{\"@type\":\"ImageObject\",\"inLanguage\":\"sv-SE\",\"@id\":\"https:\/\/casinoreturn.com\/#\/schema\/logo\/image\/\",\"url\":\"https:\/\/casinoreturn.com\/wp-content\/uploads\/2024\/09\/animal-favicon.png\",\"contentUrl\":\"https:\/\/casinoreturn.com\/wp-content\/uploads\/2024\/09\/animal-favicon.png\",\"width\":92,\"height\":92,\"caption\":\"casinoreturn\"},\"image\":{\"@id\":\"https:\/\/casinoreturn.com\/#\/schema\/logo\/image\/\"}}]}<\/script>\n<!-- \/ Yoast SEO plugin. -->","yoast_head_json":{"title":"Casino Influencer - casinoreturn","description":"Casino Influencer har tagit ett stort steg fr\u00e5n sociala medier f\u00f6r att komma till Online Casino. F\u00f6lj oss h\u00e4r och se vem som \u00e4r vem och vad som \u00e4r nytt p\u00e5 Twitch","robots":{"index":"index","follow":"follow","max-snippet":"max-snippet:-1","max-image-preview":"max-image-preview:large","max-video-preview":"max-video-preview:-1"},"canonical":"https:\/\/casinoreturn.com\/sv\/casino-influencer\/","og_locale":"sv_SE","og_type":"article","og_title":"Casino Influencer - casinoreturn","og_description":"Casino Influencer har tagit ett stort steg fr\u00e5n sociala medier f\u00f6r att komma till Online Casino. F\u00f6lj oss h\u00e4r och se vem som \u00e4r vem och vad som \u00e4r nytt p\u00e5 Twitch","og_url":"https:\/\/casinoreturn.com\/sv\/casino-influencer\/","og_site_name":"casinoreturn","article_modified_time":"2024-12-02T13:48:07+00:00","twitter_card":"summary_large_image","twitter_misc":{"Ber\u00e4knad l\u00e4stid":"4 minuter"},"schema":{"@context":"https:\/\/schema.org","@graph":[{"@type":"WebPage","@id":"https:\/\/casinoreturn.com\/sv\/casino-influencer\/","url":"https:\/\/casinoreturn.com\/sv\/casino-influencer\/","name":"Casino Influencer - casinoreturn","isPartOf":{"@id":"https:\/\/casinoreturn.com\/#website"},"datePublished":"2024-11-02T10:47:02+00:00","dateModified":"2024-12-02T13:48:07+00:00","description":"Casino Influencer har tagit ett stort steg fr\u00e5n sociala medier f\u00f6r att komma till Online Casino. F\u00f6lj oss h\u00e4r och se vem som \u00e4r vem och vad som \u00e4r nytt p\u00e5 Twitch","breadcrumb":{"@id":"https:\/\/casinoreturn.com\/sv\/casino-influencer\/#breadcrumb"},"inLanguage":"sv-SE","potentialAction":[{"@type":"ReadAction","target":["https:\/\/casinoreturn.com\/sv\/casino-influencer\/"]}]},{"@type":"BreadcrumbList","@id":"https:\/\/casinoreturn.com\/sv\/casino-influencer\/#breadcrumb","itemListElement":[{"@type":"ListItem","position":1,"name":"Home","item":"https:\/\/casinoreturn.com\/sv\/home\/"},{"@type":"ListItem","position":2,"name":"Casino Influencer"}]},{"@type":"WebSite","@id":"https:\/\/casinoreturn.com\/#website","url":"https:\/\/casinoreturn.com\/","name":"casinoreturn","description":"","publisher":{"@id":"https:\/\/casinoreturn.com\/#organization"},"potentialAction":[{"@type":"SearchAction","target":{"@type":"EntryPoint","urlTemplate":"https:\/\/casinoreturn.com\/?s={search_term_string}"},"query-input":{"@type":"PropertyValueSpecification","valueRequired":true,"valueName":"search_term_string"}}],"inLanguage":"sv-SE"},{"@type":"Organization","@id":"https:\/\/casinoreturn.com\/#organization","name":"casinoreturn","url":"https:\/\/casinoreturn.com\/","logo":{"@type":"ImageObject","inLanguage":"sv-SE","@id":"https:\/\/casinoreturn.com\/#\/schema\/logo\/image\/","url":"https:\/\/casinoreturn.com\/wp-content\/uploads\/2024\/09\/animal-favicon.png","contentUrl":"https:\/\/casinoreturn.com\/wp-content\/uploads\/2024\/09\/animal-favicon.png","width":92,"height":92,"caption":"casinoreturn"},"image":{"@id":"https:\/\/casinoreturn.com\/#\/schema\/logo\/image\/"}}]}},"_links":{"self":[{"href":"https:\/\/casinoreturn.com\/sv\/wp-json\/wp\/v2\/pages\/4567","targetHints":{"allow":["GET"]}}],"collection":[{"href":"https:\/\/casinoreturn.com\/sv\/wp-json\/wp\/v2\/pages"}],"about":[{"href":"https:\/\/casinoreturn.com\/sv\/wp-json\/wp\/v2\/types\/page"}],"author":[{"embeddable":true,"href":"https:\/\/casinoreturn.com\/sv\/wp-json\/wp\/v2\/users\/1"}],"replies":[{"embeddable":true,"href":"https:\/\/casinoreturn.com\/sv\/wp-json\/wp\/v2\/comments?post=4567"}],"version-history":[{"count":1,"href":"https:\/\/casinoreturn.com\/sv\/wp-json\/wp\/v2\/pages\/4567\/revisions"}],"predecessor-version":[{"id":4568,"href":"https:\/\/casinoreturn.com\/sv\/wp-json\/wp\/v2\/pages\/4567\/revisions\/4568"}],"wp:attachment":[{"href":"https:\/\/casinoreturn.com\/sv\/wp-json\/wp\/v2\/media?parent=4567"}],"curies":[{"name":"wp","href":"https:\/\/api.w.org\/{rel}","templated":true}]}}