{"id":4589,"date":"2024-11-13T01:13:25","date_gmt":"2024-11-13T01:13:25","guid":{"rendered":"https:\/\/casinoreturn.com\/cash-noire-spelautomat\/"},"modified":"2024-12-02T14:01:06","modified_gmt":"2024-12-02T14:01:06","slug":"cash-noire-spelautomat","status":"publish","type":"page","link":"https:\/\/casinoreturn.com\/sv\/cash-noire-spelautomat\/","title":{"rendered":"Cash Noire spelautomat"},"content":{"rendered":"\t\t<div data-elementor-type=\"wp-page\" data-elementor-id=\"4589\" class=\"elementor elementor-4589\" data-elementor-post-type=\"page\">\n\t\t\t\t<div class=\"elementor-element elementor-element-1d0a071 e-con-full e-flex e-con e-parent\" data-id=\"1d0a071\" data-element_type=\"container\">\n\t\t\t\t<div class=\"elementor-element elementor-element-d98a0e7 elementor-widget elementor-widget-heading\" data-id=\"d98a0e7\" data-element_type=\"widget\" data-widget_type=\"heading.default\">\n\t\t\t\t<div class=\"elementor-widget-container\">\n\t\t\t\t\t<h3 class=\"elementor-heading-title elementor-size-default\">Vad beh\u00f6ver du veta om Cash Noire?<\/h3>\t\t\t\t<\/div>\n\t\t\t\t<\/div>\n\t\t\t\t<\/div>\n\t\t<div class=\"elementor-element elementor-element-ece14c5 e-con-full e-flex e-con e-parent\" data-id=\"ece14c5\" data-element_type=\"container\">\n\t\t\t\t<div class=\"elementor-element elementor-element-927ac14 elementor-widget elementor-widget-text-editor\" data-id=\"927ac14\" data-element_type=\"widget\" data-widget_type=\"text-editor.default\">\n\t\t\t\t<div class=\"elementor-widget-container\">\n\t\t\t\t\t\t\t\t\t<p>Cash-Noire Slot Game \u00e4r en innovativ spelautomat av h\u00f6gsta klass och \u00f6vertygar spelare och spelare med sina online-slots. Spelautomaten har tillverkats av den v\u00e4lrenommerade och k\u00e4nda mjukvaruutvecklaren NetEnt, och d\u00e4rmed anses den vara av h\u00f6gsta kvalitet. Vill du veta vad spelautomaten handlar om? Spelet \u00f6vertygas av sin mystiska natur, det kretsar kring ett ol\u00f6st mord. De m\u00f6rka nyanserna i designen ger hela spelet en s\u00e4rskilt m\u00f6rk karakteristisk touch. Som spelare befinner de sig i San Cayetano och g\u00e5r med i sin lekkamrat,     <\/p>\n\t\t\t\t\t\t\t\t<\/div>\n\t\t\t\t<\/div>\n\t\t\t\t<\/div>\n\t\t<div class=\"elementor-element elementor-element-a73bf5b e-con-full e-flex e-con e-parent\" data-id=\"a73bf5b\" data-element_type=\"container\">\n\t\t\t\t<div class=\"elementor-element elementor-element-ada4c5b elementor-widget elementor-widget-image\" data-id=\"ada4c5b\" data-element_type=\"widget\" data-widget_type=\"image.default\">\n\t\t\t\t<div class=\"elementor-widget-container\">\n\t\t\t\t\t\t\t\t\t\t\t\t\t\t\t<img fetchpriority=\"high\" decoding=\"async\" width=\"600\" height=\"840\" src=\"https:\/\/casinoreturn.com\/wp-content\/uploads\/2024\/11\/Cash-noire-Slot-game.jpg\" class=\"attachment-large size-large wp-image-3233\" alt=\"Cash noire Slot game\" srcset=\"https:\/\/casinoreturn.com\/wp-content\/uploads\/2024\/11\/Cash-noire-Slot-game.jpg 600w, https:\/\/casinoreturn.com\/wp-content\/uploads\/2024\/11\/Cash-noire-Slot-game-214x300.jpg 214w\" sizes=\"(max-width: 600px) 100vw, 600px\" \/>\t\t\t\t\t\t\t\t\t\t\t\t\t\t\t<\/div>\n\t\t\t\t<\/div>\n\t\t\t\t<\/div>\n\t\t<div class=\"elementor-element elementor-element-83b2661 e-con-full e-flex e-con e-parent\" data-id=\"83b2661\" data-element_type=\"container\">\n\t\t\t\t<div class=\"elementor-element elementor-element-47cf452 elementor-widget elementor-widget-heading\" data-id=\"47cf452\" data-element_type=\"widget\" data-widget_type=\"heading.default\">\n\t\t\t\t<div class=\"elementor-widget-container\">\n\t\t\t\t\t<h3 class=\"elementor-heading-title elementor-size-default\">Vem \u00e4r detektiv Flint i Cash Noire Slot Game?<\/h3>\t\t\t\t<\/div>\n\t\t\t\t<\/div>\n\t\t\t\t<\/div>\n\t\t<div class=\"elementor-element elementor-element-6e9a3d5 e-con-full e-flex e-con e-parent\" data-id=\"6e9a3d5\" data-element_type=\"container\">\n\t\t\t\t<div class=\"elementor-element elementor-element-9c661f6 elementor-widget elementor-widget-text-editor\" data-id=\"9c661f6\" data-element_type=\"widget\" data-widget_type=\"text-editor.default\">\n\t\t\t\t<div class=\"elementor-widget-container\">\n\t\t\t\t\t\t\t\t\t<p>Detektiv Flint. Tillsammans f\u00f6rs\u00f6ker ni jaga de brottslingar som inte g\u00e5r att hitta. F\u00f6r han vill se den skyldige som \u00e4r ansvarig f\u00f6r Green-Ace-morden. Utforska staden med detektiven och ta en paus i en bar. Baren \u00e4r lika mystisk som spelet eftersom det f\u00f6rekommer olagliga pokerspel. Och d\u00e4r m\u00f6ter du den enda kvinnan&#8230; .<br \/>\u00c4r du nyfiken? Vill du l\u00f6sa mordet? H\u00e5ll dig sedan uppdaterad, f\u00f6r vi kommer att ge dig mer anv\u00e4ndbar information.         <\/p>\n\t\t\t\t\t\t\t\t<\/div>\n\t\t\t\t<\/div>\n\t\t\t\t<\/div>\n\t\t<div class=\"elementor-element elementor-element-5bb25f2 e-con-full e-flex e-con e-parent\" data-id=\"5bb25f2\" data-element_type=\"container\">\n\t\t\t\t<div class=\"elementor-element elementor-element-e08a986 elementor-widget elementor-widget-heading\" data-id=\"e08a986\" data-element_type=\"widget\" data-widget_type=\"heading.default\">\n\t\t\t\t<div class=\"elementor-widget-container\">\n\t\t\t\t\t<h3 class=\"elementor-heading-title elementor-size-default\">Cash Noire Minsta antal snurr<\/h3>\t\t\t\t<\/div>\n\t\t\t\t<\/div>\n\t\t\t\t<\/div>\n\t\t<div class=\"elementor-element elementor-element-cd0632e e-con-full e-flex e-con e-parent\" data-id=\"cd0632e\" data-element_type=\"container\">\n\t\t\t\t<div class=\"elementor-element elementor-element-9be3876 elementor-widget elementor-widget-text-editor\" data-id=\"9be3876\" data-element_type=\"widget\" data-widget_type=\"text-editor.default\">\n\t\t\t\t<div class=\"elementor-widget-container\">\n\t\t\t\t\t\t\t\t\t<p>Spelet \u00e4r inspirerat av Film Noire och \u00f6vertygar oss med en unik stil. Med \u00f6ver 1024 vinstm\u00f6jligheter och fem hjul erbjuder spelet m\u00e5nga attraktiva m\u00f6jligheter. Du kan spela spelautomaten med satsningar fr\u00e5n <strong>0. 20 per<\/strong> <strong>snurr<\/strong>. En annan pluspunkt \u00e4r att spelet st\u00f6ds av m\u00e5nga olika servrar. Cash Noire har ocks\u00e5 andra fantastiska erbjudanden som gl\u00e4djer spelarens hj\u00e4rta. L\u00e5t dig \u00f6vertygas av gratissnurr, gratissnurr utan ins\u00e4ttning och bonusar utan ins\u00e4ttning. F\u00e5 \u00e4nnu fler bel\u00f6ningar genom att spela igenom spelet och hj\u00e4lpa detektiven p\u00e5 hans resa. Varje god g\u00e4rning bel\u00f6nas!       <\/p>\n\t\t\t\t\t\t\t\t<\/div>\n\t\t\t\t<\/div>\n\t\t\t\t<\/div>\n\t\t<div class=\"elementor-element elementor-element-21d84f5 e-con-full e-flex e-con e-parent\" data-id=\"21d84f5\" data-element_type=\"container\">\n\t\t\t\t<div class=\"elementor-element elementor-element-e77fdbf elementor-widget elementor-widget-heading\" data-id=\"e77fdbf\" data-element_type=\"widget\" data-widget_type=\"heading.default\">\n\t\t\t\t<div class=\"elementor-widget-container\">\n\t\t\t\t\t<h3 class=\"elementor-heading-title elementor-size-default\">Hur spelar jag Cash Noire Slot?<\/h3>\t\t\t\t<\/div>\n\t\t\t\t<\/div>\n\t\t\t\t<\/div>\n\t\t<div class=\"elementor-element elementor-element-8abd081 e-con-full e-flex e-con e-parent\" data-id=\"8abd081\" data-element_type=\"container\">\n\t\t\t\t<div class=\"elementor-element elementor-element-59700d3 elementor-widget elementor-widget-image\" data-id=\"59700d3\" data-element_type=\"widget\" data-widget_type=\"image.default\">\n\t\t\t\t<div class=\"elementor-widget-container\">\n\t\t\t\t\t\t\t\t\t\t\t\t\t\t\t<img decoding=\"async\" width=\"680\" height=\"280\" src=\"https:\/\/casinoreturn.com\/wp-content\/uploads\/2024\/11\/Cash-Noire-5-Reels-Spins.jpg\" class=\"attachment-large size-large wp-image-3258\" alt=\"Cash Noire 5 Reels Spins\" srcset=\"https:\/\/casinoreturn.com\/wp-content\/uploads\/2024\/11\/Cash-Noire-5-Reels-Spins.jpg 680w, https:\/\/casinoreturn.com\/wp-content\/uploads\/2024\/11\/Cash-Noire-5-Reels-Spins-300x124.jpg 300w\" sizes=\"(max-width: 680px) 100vw, 680px\" \/>\t\t\t\t\t\t\t\t\t\t\t\t\t\t\t<\/div>\n\t\t\t\t<\/div>\n\t\t\t\t<div class=\"elementor-element elementor-element-f1817fa elementor-widget elementor-widget-text-editor\" data-id=\"f1817fa\" data-element_type=\"widget\" data-widget_type=\"text-editor.default\">\n\t\t\t\t<div class=\"elementor-widget-container\">\n\t\t\t\t\t\t\t\t\t<p>Spelet Cash Noire \u00e4r indelat i fem olika kategorier, n\u00e4rmare best\u00e4mt i fem olika brottszoner. Du f\u00e5r en multiplikator f\u00f6r varje gratissnurr, med b\u00f6rjan p\u00e5 1x. Om du landar p\u00e5 kort med specialzoner kan du anv\u00e4nda multiplikatorn f\u00f6r dina vinster, eftersom det kan \u00f6ka dina vinster. Vill du \u00f6ka din multiplikator? F\u00f6lj sedan dessa steg: Om du landar med det h\u00e4r kortet i en speciell zon och landar p\u00e5 en mark\u00f6r kan du \u00f6ka dess multiplikator mellan 1x och 10x i spelet. Vill du ha fler gratissnurr? Om du vill ha fler gratissnurr, placera deras multiplikator. Om turen \u00e4r p\u00e5 din sida f\u00e5r du ett kort med en multiplikator plus gratisrundor. Vill du ha gratissnurr utan ins\u00e4ttning? H\u00e5ll \u00f6gonen \u00f6ppna. Cash Noire-spelautomaten har ingen vild symbol och kan d\u00e4rf\u00f6r inte erbjuda en progressiv jackpot.          <\/p>\n\t\t\t\t\t\t\t\t<\/div>\n\t\t\t\t<\/div>\n\t\t\t\t<div class=\"elementor-element elementor-element-50d6c9c elementor-widget elementor-widget-heading\" data-id=\"50d6c9c\" data-element_type=\"widget\" data-widget_type=\"heading.default\">\n\t\t\t\t<div class=\"elementor-widget-container\">\n\t\t\t\t\t<h2 class=\"elementor-heading-title elementor-size-default\">Mysteriesymbol i Cash Noire spelautomat<\/h2>\t\t\t\t<\/div>\n\t\t\t\t<\/div>\n\t\t\t\t<div class=\"elementor-element elementor-element-6ea3519 elementor-widget elementor-widget-text-editor\" data-id=\"6ea3519\" data-element_type=\"widget\" data-widget_type=\"text-editor.default\">\n\t\t\t\t<div class=\"elementor-widget-container\">\n\t\t\t\t\t\t\t\t\t<p>Leverant\u00f6ren NetEnt \u00e4r verkligen k\u00e4nd bland spelen f\u00f6r en sak: massor av fantastiska bonusalternativ, bel\u00f6ningar som Free No Deposit Bonus, Free Spins No Deposit, och mycket mer att \u00f6vertyga dig om. Varje g\u00e5ng du g\u00f6r en s\u00e5 kallad kombination av vinster utl\u00f6ser du en lavin. N\u00e4r detta h\u00e4nder kommer symbolerna som bildade deras kombination inte l\u00e4ngre att vara synliga p\u00e5 sk\u00e4rmen och kommer att f\u00f6rskjutas av andra symboler. Har du n\u00e5gonsin h\u00f6rt talas om mysteriesymbolen? Vi kommer att f\u00f6rklara. Den h\u00e4r symbolen \u00e4r en oundviklig del av spelet. Om du inte f\u00e5r en vinnande kombination p\u00e5 ett snurr och landar p\u00e5 en pusselsymbol ist\u00e4llet, f\u00f6rvandlas den automatiskt till en genomsnittlig slumpm\u00e4ssig symbol. Om du landar i en brottszon dupliceras symbolerna och visar samma symboler. Men om du landar utanf\u00f6r denna s\u00e5 kallade brottszon kommer du att se en vanlig symbol. Det finns ocks\u00e5 en brottszon. Om du befinner dig i den h\u00e4r zonen kommer de att vara i en r\u00f6d zon. Den h\u00e4r \u00e4r full av hotspots och visas p\u00e5 var och en av dess snurr. Snurret b\u00f6rjar p\u00e5 tre po\u00e4ng och kan \u00f6ka till fyra eller till och med fem. Vill du ha fler bel\u00f6ningar, ingen ins\u00e4ttningsbonus, ingen ins\u00e4ttningsbonus, ingen ins\u00e4ttning gratissnurr? H\u00e5ll \u00f6gonen \u00f6ppna f\u00f6r att l\u00f6sa fler pussel, dechiffrera de mystiska symbolerna, vinn massor av gratissnurr och multiplikatorer och ta s\u00e5 m\u00e5nga bel\u00f6ningar som du kan.              <\/p>\n\t\t\t\t\t\t\t\t<\/div>\n\t\t\t\t<\/div>\n\t\t\t\t<div class=\"elementor-element elementor-element-2a740a2 elementor-widget elementor-widget-heading\" data-id=\"2a740a2\" data-element_type=\"widget\" data-widget_type=\"heading.default\">\n\t\t\t\t<div class=\"elementor-widget-container\">\n\t\t\t\t\t<h3 class=\"elementor-heading-title elementor-size-default\">Cash Noire RTP - \u00c5terbetalning till spelare<\/h3>\t\t\t\t<\/div>\n\t\t\t\t<\/div>\n\t\t\t\t<div class=\"elementor-element elementor-element-db68b73 elementor-widget elementor-widget-text-editor\" data-id=\"db68b73\" data-element_type=\"widget\" data-widget_type=\"text-editor.default\">\n\t\t\t\t<div class=\"elementor-widget-container\">\n\t\t\t\t\t\t\t\t\t<p>Naturligtvis \u00e4r en hel del tur inblandad i att vinna i onlinekasinospelet. Du undrar f\u00f6rmodligen hur troligt det \u00e4r, men \u00e4r det att g\u00f6ra vinst eller f\u00e5 det maximala? Denna information och fakta \u00e4r av s\u00e4rskild betydelse f\u00f6r dig, varf\u00f6r vi p\u00e5 BestCasinoListe. Com skulle vilja informera dig.<br \/>H\u00e4r skulle vi vilja f\u00f6rklara f\u00f6rkortningen RTP. RTP st\u00e5r f\u00f6r Return to Player och betyder &#8221;Tillbaka till spelaren&#8221;. &#8221; Chanserna att vinna i en online-slot ber\u00e4knas d\u00e4rf\u00f6r alltid med hj\u00e4lp av den s\u00e5 kallade RTP. RTP f\u00f6r Cash-Noire slot \u00e4r cirka 96. 06%. Detta v\u00e4rde \u00e4r n\u00e5got \u00f6ver genomsnittet j\u00e4mf\u00f6rt med andra spelautomater online. \u00c4ven om det s\u00e4kert finns spelautomater i onlinekasinobranschen som har ett mycket h\u00f6gre v\u00e4rde, \u00e4r det \u00e4nd\u00e5 ocks\u00e5 v\u00e4rt att se.        <\/p>\n\t\t\t\t\t\t\t\t<\/div>\n\t\t\t\t<\/div>\n\t\t\t\t<div class=\"elementor-element elementor-element-77a03b0 elementor-widget elementor-widget-heading\" data-id=\"77a03b0\" data-element_type=\"widget\" data-widget_type=\"heading.default\">\n\t\t\t\t<div class=\"elementor-widget-container\">\n\t\t\t\t\t<h2 class=\"elementor-heading-title elementor-size-default\">Generator f\u00f6r slumpm\u00e4ssiga nummer i Cash Noire<\/h2>\t\t\t\t<\/div>\n\t\t\t\t<\/div>\n\t\t\t\t<div class=\"elementor-element elementor-element-6c337f8 elementor-widget elementor-widget-text-editor\" data-id=\"6c337f8\" data-element_type=\"widget\" data-widget_type=\"text-editor.default\">\n\t\t\t\t<div class=\"elementor-widget-container\">\n\t\t\t\t\t\t\t\t\t<p>Sedan finns det den s\u00e5 kallade RNG (Random Number Generator), som betyder p\u00e5 tyska: Slumpm\u00e4ssig nummergenerator. Det \u00e4r viktigt att komma ih\u00e5g att utan undantag varje onlinekasinoslot styrs av en RNG. P\u00e5 detta s\u00e4tt delas ocks\u00e5 jackpottar och kort ut.<br \/>Nya kasinon i Tyskland 2021, Casinotest online, Book of Dead Free Spins. &#8230; och mycket mer.     <\/p>\n\t\t\t\t\t\t\t\t<\/div>\n\t\t\t\t<\/div>\n\t\t\t\t<div class=\"elementor-element elementor-element-3c236a4 elementor-widget elementor-widget-heading\" data-id=\"3c236a4\" data-element_type=\"widget\" data-widget_type=\"heading.default\">\n\t\t\t\t<div class=\"elementor-widget-container\">\n\t\t\t\t\t<h2 class=\"elementor-heading-title elementor-size-default\">Mobilv\u00e4nlig Cash Noire Slot<\/h2>\t\t\t\t<\/div>\n\t\t\t\t<\/div>\n\t\t\t\t<div class=\"elementor-element elementor-element-4d99a43 elementor-widget elementor-widget-text-editor\" data-id=\"4d99a43\" data-element_type=\"widget\" data-widget_type=\"text-editor.default\">\n\t\t\t\t<div class=\"elementor-widget-container\">\n\t\t\t\t\t\t\t\t\t<p>Reser du mycket? Det \u00e4r ett faktum att n\u00e4stan alla enheter numera \u00e4r mobila. Du \u00e4r alltid tillg\u00e4nglig var som helst och kan n\u00e4stan alltid surfa p\u00e5 Internet. S\u00e5 du \u00e4r inte bunden till att kunna ha kul bara hemma, utan kan ocks\u00e5 uppleva hela saken p\u00e5 v\u00e4gen. Detta ger ocks\u00e5 en stor f\u00f6rdel, eftersom Cash-Noire-spelautomaten ocks\u00e5 finns i mobilversionen. Du beh\u00f6ver inte oroa dig f\u00f6r kvaliteten p\u00e5 spelautomaten, eftersom Cash Noire-spelautomaten inte bara imponerar med sin unika design utan ocks\u00e5 den h\u00f6gkvalitativa uppl\u00f6sningen, \u00e4ven p\u00e5 din mobila enhet. Oavsett om det \u00e4r mobiltelefon eller surfplatta, ladda ner spelet och l\u00e5t dig \u00f6vertygas om spelets kvalitet och kul.      <\/p>\n\t\t\t\t\t\t\t\t<\/div>\n\t\t\t\t<\/div>\n\t\t\t\t<\/div>\n\t\t\t\t<\/div>\n\t\t","protected":false},"excerpt":{"rendered":"<p>Vad beh\u00f6ver du veta om Cash Noire? Cash-Noire Slot Game \u00e4r en innovativ spelautomat av h\u00f6gsta klass och \u00f6vertygar spelare och spelare med sina online-slots. Spelautomaten har tillverkats av den v\u00e4lrenommerade och k\u00e4nda mjukvaruutvecklaren NetEnt, och d\u00e4rmed anses den vara av h\u00f6gsta kvalitet. Vill du veta vad spelautomaten handlar om? Spelet \u00f6vertygas av sin mystiska [&hellip;]<\/p>\n","protected":false},"author":1,"featured_media":0,"parent":0,"menu_order":0,"comment_status":"closed","ping_status":"closed","template":"","meta":{"footnotes":""},"class_list":["post-4589","page","type-page","status-publish","hentry"],"blocksy_meta":[],"acf":[],"yoast_head":"<!-- This site is optimized with the Yoast SEO plugin v24.1 - https:\/\/yoast.com\/wordpress\/plugins\/seo\/ -->\n<title>Cash Noire spelautomat - casinoreturn<\/title>\n<meta name=\"description\" content=\"Cash Noire Slot Game \u00e4r en av NetEnts mer k\u00e4nda online casino slots. L\u00e4r dig mer om Cash Noires funktioner, RTP och mycket mer.\" \/>\n<meta name=\"robots\" content=\"index, follow, max-snippet:-1, max-image-preview:large, max-video-preview:-1\" \/>\n<link rel=\"canonical\" href=\"https:\/\/casinoreturn.com\/sv\/cash-noire-spelautomat\/\" \/>\n<meta property=\"og:locale\" content=\"sv_SE\" \/>\n<meta property=\"og:type\" content=\"article\" \/>\n<meta property=\"og:title\" content=\"Cash Noire spelautomat - casinoreturn\" \/>\n<meta property=\"og:description\" content=\"Cash Noire Slot Game \u00e4r en av NetEnts mer k\u00e4nda online casino slots. L\u00e4r dig mer om Cash Noires funktioner, RTP och mycket mer.\" \/>\n<meta property=\"og:url\" content=\"https:\/\/casinoreturn.com\/sv\/cash-noire-spelautomat\/\" \/>\n<meta property=\"og:site_name\" content=\"casinoreturn\" \/>\n<meta property=\"article:modified_time\" content=\"2024-12-02T14:01:06+00:00\" \/>\n<meta property=\"og:image\" content=\"https:\/\/casinoreturn.com\/wp-content\/uploads\/2024\/11\/Cash-noire-Slot-game.jpg\" \/>\n\t<meta property=\"og:image:width\" content=\"600\" \/>\n\t<meta property=\"og:image:height\" content=\"840\" \/>\n\t<meta property=\"og:image:type\" content=\"image\/jpeg\" \/>\n<meta name=\"twitter:card\" content=\"summary_large_image\" \/>\n<meta name=\"twitter:label1\" content=\"Ber\u00e4knad l\u00e4stid\" \/>\n\t<meta name=\"twitter:data1\" content=\"5 minuter\" \/>\n<script type=\"application\/ld+json\" class=\"yoast-schema-graph\">{\"@context\":\"https:\/\/schema.org\",\"@graph\":[{\"@type\":\"WebPage\",\"@id\":\"https:\/\/casinoreturn.com\/sv\/cash-noire-spelautomat\/\",\"url\":\"https:\/\/casinoreturn.com\/sv\/cash-noire-spelautomat\/\",\"name\":\"Cash Noire spelautomat - casinoreturn\",\"isPartOf\":{\"@id\":\"https:\/\/casinoreturn.com\/#website\"},\"primaryImageOfPage\":{\"@id\":\"https:\/\/casinoreturn.com\/sv\/cash-noire-spelautomat\/#primaryimage\"},\"image\":{\"@id\":\"https:\/\/casinoreturn.com\/sv\/cash-noire-spelautomat\/#primaryimage\"},\"thumbnailUrl\":\"https:\/\/casinoreturn.com\/wp-content\/uploads\/2024\/11\/Cash-noire-Slot-game.jpg\",\"datePublished\":\"2024-11-13T01:13:25+00:00\",\"dateModified\":\"2024-12-02T14:01:06+00:00\",\"description\":\"Cash Noire Slot Game \u00e4r en av NetEnts mer k\u00e4nda online casino slots. L\u00e4r dig mer om Cash Noires funktioner, RTP och mycket mer.\",\"breadcrumb\":{\"@id\":\"https:\/\/casinoreturn.com\/sv\/cash-noire-spelautomat\/#breadcrumb\"},\"inLanguage\":\"sv-SE\",\"potentialAction\":[{\"@type\":\"ReadAction\",\"target\":[\"https:\/\/casinoreturn.com\/sv\/cash-noire-spelautomat\/\"]}]},{\"@type\":\"ImageObject\",\"inLanguage\":\"sv-SE\",\"@id\":\"https:\/\/casinoreturn.com\/sv\/cash-noire-spelautomat\/#primaryimage\",\"url\":\"https:\/\/casinoreturn.com\/wp-content\/uploads\/2024\/11\/Cash-noire-Slot-game.jpg\",\"contentUrl\":\"https:\/\/casinoreturn.com\/wp-content\/uploads\/2024\/11\/Cash-noire-Slot-game.jpg\"},{\"@type\":\"BreadcrumbList\",\"@id\":\"https:\/\/casinoreturn.com\/sv\/cash-noire-spelautomat\/#breadcrumb\",\"itemListElement\":[{\"@type\":\"ListItem\",\"position\":1,\"name\":\"Home\",\"item\":\"https:\/\/casinoreturn.com\/sv\/home\/\"},{\"@type\":\"ListItem\",\"position\":2,\"name\":\"Cash Noire spelautomat\"}]},{\"@type\":\"WebSite\",\"@id\":\"https:\/\/casinoreturn.com\/#website\",\"url\":\"https:\/\/casinoreturn.com\/\",\"name\":\"casinoreturn\",\"description\":\"\",\"publisher\":{\"@id\":\"https:\/\/casinoreturn.com\/#organization\"},\"potentialAction\":[{\"@type\":\"SearchAction\",\"target\":{\"@type\":\"EntryPoint\",\"urlTemplate\":\"https:\/\/casinoreturn.com\/?s={search_term_string}\"},\"query-input\":{\"@type\":\"PropertyValueSpecification\",\"valueRequired\":true,\"valueName\":\"search_term_string\"}}],\"inLanguage\":\"sv-SE\"},{\"@type\":\"Organization\",\"@id\":\"https:\/\/casinoreturn.com\/#organization\",\"name\":\"casinoreturn\",\"url\":\"https:\/\/casinoreturn.com\/\",\"logo\":{\"@type\":\"ImageObject\",\"inLanguage\":\"sv-SE\",\"@id\":\"https:\/\/casinoreturn.com\/#\/schema\/logo\/image\/\",\"url\":\"https:\/\/casinoreturn.com\/wp-content\/uploads\/2024\/09\/animal-favicon.png\",\"contentUrl\":\"https:\/\/casinoreturn.com\/wp-content\/uploads\/2024\/09\/animal-favicon.png\",\"width\":92,\"height\":92,\"caption\":\"casinoreturn\"},\"image\":{\"@id\":\"https:\/\/casinoreturn.com\/#\/schema\/logo\/image\/\"}}]}<\/script>\n<!-- \/ Yoast SEO plugin. -->","yoast_head_json":{"title":"Cash Noire spelautomat - casinoreturn","description":"Cash Noire Slot Game \u00e4r en av NetEnts mer k\u00e4nda online casino slots. L\u00e4r dig mer om Cash Noires funktioner, RTP och mycket mer.","robots":{"index":"index","follow":"follow","max-snippet":"max-snippet:-1","max-image-preview":"max-image-preview:large","max-video-preview":"max-video-preview:-1"},"canonical":"https:\/\/casinoreturn.com\/sv\/cash-noire-spelautomat\/","og_locale":"sv_SE","og_type":"article","og_title":"Cash Noire spelautomat - casinoreturn","og_description":"Cash Noire Slot Game \u00e4r en av NetEnts mer k\u00e4nda online casino slots. L\u00e4r dig mer om Cash Noires funktioner, RTP och mycket mer.","og_url":"https:\/\/casinoreturn.com\/sv\/cash-noire-spelautomat\/","og_site_name":"casinoreturn","article_modified_time":"2024-12-02T14:01:06+00:00","og_image":[{"width":600,"height":840,"url":"https:\/\/casinoreturn.com\/wp-content\/uploads\/2024\/11\/Cash-noire-Slot-game.jpg","type":"image\/jpeg"}],"twitter_card":"summary_large_image","twitter_misc":{"Ber\u00e4knad l\u00e4stid":"5 minuter"},"schema":{"@context":"https:\/\/schema.org","@graph":[{"@type":"WebPage","@id":"https:\/\/casinoreturn.com\/sv\/cash-noire-spelautomat\/","url":"https:\/\/casinoreturn.com\/sv\/cash-noire-spelautomat\/","name":"Cash Noire spelautomat - casinoreturn","isPartOf":{"@id":"https:\/\/casinoreturn.com\/#website"},"primaryImageOfPage":{"@id":"https:\/\/casinoreturn.com\/sv\/cash-noire-spelautomat\/#primaryimage"},"image":{"@id":"https:\/\/casinoreturn.com\/sv\/cash-noire-spelautomat\/#primaryimage"},"thumbnailUrl":"https:\/\/casinoreturn.com\/wp-content\/uploads\/2024\/11\/Cash-noire-Slot-game.jpg","datePublished":"2024-11-13T01:13:25+00:00","dateModified":"2024-12-02T14:01:06+00:00","description":"Cash Noire Slot Game \u00e4r en av NetEnts mer k\u00e4nda online casino slots. L\u00e4r dig mer om Cash Noires funktioner, RTP och mycket mer.","breadcrumb":{"@id":"https:\/\/casinoreturn.com\/sv\/cash-noire-spelautomat\/#breadcrumb"},"inLanguage":"sv-SE","potentialAction":[{"@type":"ReadAction","target":["https:\/\/casinoreturn.com\/sv\/cash-noire-spelautomat\/"]}]},{"@type":"ImageObject","inLanguage":"sv-SE","@id":"https:\/\/casinoreturn.com\/sv\/cash-noire-spelautomat\/#primaryimage","url":"https:\/\/casinoreturn.com\/wp-content\/uploads\/2024\/11\/Cash-noire-Slot-game.jpg","contentUrl":"https:\/\/casinoreturn.com\/wp-content\/uploads\/2024\/11\/Cash-noire-Slot-game.jpg"},{"@type":"BreadcrumbList","@id":"https:\/\/casinoreturn.com\/sv\/cash-noire-spelautomat\/#breadcrumb","itemListElement":[{"@type":"ListItem","position":1,"name":"Home","item":"https:\/\/casinoreturn.com\/sv\/home\/"},{"@type":"ListItem","position":2,"name":"Cash Noire spelautomat"}]},{"@type":"WebSite","@id":"https:\/\/casinoreturn.com\/#website","url":"https:\/\/casinoreturn.com\/","name":"casinoreturn","description":"","publisher":{"@id":"https:\/\/casinoreturn.com\/#organization"},"potentialAction":[{"@type":"SearchAction","target":{"@type":"EntryPoint","urlTemplate":"https:\/\/casinoreturn.com\/?s={search_term_string}"},"query-input":{"@type":"PropertyValueSpecification","valueRequired":true,"valueName":"search_term_string"}}],"inLanguage":"sv-SE"},{"@type":"Organization","@id":"https:\/\/casinoreturn.com\/#organization","name":"casinoreturn","url":"https:\/\/casinoreturn.com\/","logo":{"@type":"ImageObject","inLanguage":"sv-SE","@id":"https:\/\/casinoreturn.com\/#\/schema\/logo\/image\/","url":"https:\/\/casinoreturn.com\/wp-content\/uploads\/2024\/09\/animal-favicon.png","contentUrl":"https:\/\/casinoreturn.com\/wp-content\/uploads\/2024\/09\/animal-favicon.png","width":92,"height":92,"caption":"casinoreturn"},"image":{"@id":"https:\/\/casinoreturn.com\/#\/schema\/logo\/image\/"}}]}},"_links":{"self":[{"href":"https:\/\/casinoreturn.com\/sv\/wp-json\/wp\/v2\/pages\/4589","targetHints":{"allow":["GET"]}}],"collection":[{"href":"https:\/\/casinoreturn.com\/sv\/wp-json\/wp\/v2\/pages"}],"about":[{"href":"https:\/\/casinoreturn.com\/sv\/wp-json\/wp\/v2\/types\/page"}],"author":[{"embeddable":true,"href":"https:\/\/casinoreturn.com\/sv\/wp-json\/wp\/v2\/users\/1"}],"replies":[{"embeddable":true,"href":"https:\/\/casinoreturn.com\/sv\/wp-json\/wp\/v2\/comments?post=4589"}],"version-history":[{"count":1,"href":"https:\/\/casinoreturn.com\/sv\/wp-json\/wp\/v2\/pages\/4589\/revisions"}],"predecessor-version":[{"id":4590,"href":"https:\/\/casinoreturn.com\/sv\/wp-json\/wp\/v2\/pages\/4589\/revisions\/4590"}],"wp:attachment":[{"href":"https:\/\/casinoreturn.com\/sv\/wp-json\/wp\/v2\/media?parent=4589"}],"curies":[{"name":"wp","href":"https:\/\/api.w.org\/{rel}","templated":true}]}}