{"id":4639,"date":"2024-11-20T13:24:12","date_gmt":"2024-11-20T13:24:12","guid":{"rendered":"https:\/\/casinoreturn.com\/esport-kasinon\/"},"modified":"2024-12-02T14:33:41","modified_gmt":"2024-12-02T14:33:41","slug":"esport-kasinon","status":"publish","type":"page","link":"https:\/\/casinoreturn.com\/sv\/esport-kasinon\/","title":{"rendered":"eSport-kasinon"},"content":{"rendered":"\t\t<div data-elementor-type=\"wp-page\" data-elementor-id=\"4639\" class=\"elementor elementor-4639\" data-elementor-post-type=\"page\">\n\t\t\t\t<div class=\"elementor-element elementor-element-fdf3628 e-con-full e-flex e-con e-parent\" data-id=\"fdf3628\" data-element_type=\"container\">\n\t\t\t\t<div class=\"elementor-element elementor-element-d39e98f elementor-widget elementor-widget-heading\" data-id=\"d39e98f\" data-element_type=\"widget\" data-widget_type=\"heading.default\">\n\t\t\t\t<div class=\"elementor-widget-container\">\n\t\t\t\t\t<h1 class=\"elementor-heading-title elementor-size-default\">ESport Casinos och Esport Casino Betting<\/h1>\t\t\t\t<\/div>\n\t\t\t\t<\/div>\n\t\t\t\t<div class=\"elementor-element elementor-element-f722aef elementor-widget elementor-widget-image\" data-id=\"f722aef\" data-element_type=\"widget\" data-widget_type=\"image.default\">\n\t\t\t\t<div class=\"elementor-widget-container\">\n\t\t\t\t\t\t\t\t\t\t\t\t\t\t\t<img fetchpriority=\"high\" decoding=\"async\" width=\"360\" height=\"360\" src=\"https:\/\/casinoreturn.com\/wp-content\/uploads\/2024\/11\/esport-casinos.jpg\" class=\"attachment-large size-large wp-image-3671\" alt=\"esport casinos\" srcset=\"https:\/\/casinoreturn.com\/wp-content\/uploads\/2024\/11\/esport-casinos.jpg 360w, https:\/\/casinoreturn.com\/wp-content\/uploads\/2024\/11\/esport-casinos-300x300.jpg 300w, https:\/\/casinoreturn.com\/wp-content\/uploads\/2024\/11\/esport-casinos-150x150.jpg 150w\" sizes=\"(max-width: 360px) 100vw, 360px\" \/>\t\t\t\t\t\t\t\t\t\t\t\t\t\t\t<\/div>\n\t\t\t\t<\/div>\n\t\t\t\t<div class=\"elementor-element elementor-element-edb1ad6 elementor-widget elementor-widget-text-editor\" data-id=\"edb1ad6\" data-element_type=\"widget\" data-widget_type=\"text-editor.default\">\n\t\t\t\t<div class=\"elementor-widget-container\">\n\t\t\t\t\t\t\t\t\t<h3><strong>eSport Casinos och Esports Betting &#8211; en snabbr\u00f6rlig mobilappsv\u00e4rld <\/strong><\/h3>\n\t\t\t\t\t\t\t\t<\/div>\n\t\t\t\t<\/div>\n\t\t\t\t<div class=\"elementor-element elementor-element-16e733a elementor-widget elementor-widget-text-editor\" data-id=\"16e733a\" data-element_type=\"widget\" data-widget_type=\"text-editor.default\">\n\t\t\t\t<div class=\"elementor-widget-container\">\n\t\t\t\t\t\t\t\t\t<p>eSport Casinos betting &#8211; Inte bara en hobby och en passion f\u00f6r de flesta av oss, men samtidigt, om du k\u00e4nner till det v\u00e4l, ett bra s\u00e4tt att tj\u00e4na en sidoinkomst om du k\u00e4nner till det.<\/p>\n<p>Inom e-sporten finns det s\u00e5 kallade turneringar d\u00e4r de b\u00e4sta spelarna bel\u00f6nas. \u00c4ven v\u00e4rldsm\u00e4sterskap \u00e4ger rum regelbundet i s\u00e5dana eSports. Detta g\u00f6r att e-sportsfanatiker kan satsa p\u00e5 sina favoritlag och spelare online.  <\/p>\n<p>I f\u00f6ljande artikel kommer du att l\u00e4ra dig allt du beh\u00f6ver veta om eSportsbetting, till exempel vilka spelare du kan spela p\u00e5 inom eSport, vad du m\u00e5ste se upp f\u00f6r etc. Fr\u00e5n oss f\u00e5r du exklusiv information om vad du m\u00e5ste vara uppm\u00e4rksam p\u00e5. We want to give you the tips that will drive your success in the betting world of eSports so that you can be successful.<\/p>\n\t\t\t\t\t\t\t\t<\/div>\n\t\t\t\t<\/div>\n\t\t\t\t<div class=\"elementor-element elementor-element-9bc958b elementor-button-success elementor-widget elementor-widget-button\" data-id=\"9bc958b\" data-element_type=\"widget\" data-widget_type=\"button.default\">\n\t\t\t\t<div class=\"elementor-widget-container\">\n\t\t\t\t\t\t\t\t\t<div class=\"elementor-button-wrapper\">\n\t\t\t\t\t<a class=\"elementor-button elementor-button-link elementor-size-sm\" href=\"https:\/\/lvbet.com\/sports\/en\/esport\/\" target=\"_blank\">\n\t\t\t\t\t\t<span class=\"elementor-button-content-wrapper\">\n\t\t\t\t\t\t\t\t\t<span class=\"elementor-button-text\">Epsort Betting med LVBet <\/span>\n\t\t\t\t\t<\/span>\n\t\t\t\t\t<\/a>\n\t\t\t\t<\/div>\n\t\t\t\t\t\t\t\t<\/div>\n\t\t\t\t<\/div>\n\t\t\t\t<div class=\"elementor-element elementor-element-bcac7df elementor-widget elementor-widget-heading\" data-id=\"bcac7df\" data-element_type=\"widget\" data-widget_type=\"heading.default\">\n\t\t\t\t<div class=\"elementor-widget-container\">\n\t\t\t\t\t<h3 class=\"elementor-heading-title elementor-size-default\">Vad exakt \u00e4r eSports-satsningar?<\/h3>\t\t\t\t<\/div>\n\t\t\t\t<\/div>\n\t\t\t\t<div class=\"elementor-element elementor-element-3426893 elementor-widget elementor-widget-text-editor\" data-id=\"3426893\" data-element_type=\"widget\" data-widget_type=\"text-editor.default\">\n\t\t\t\t<div class=\"elementor-widget-container\">\n\t\t\t\t\t\t\t\t\t<p>ESport-spel p\u00e5 eSport Casinos h\u00f6r till de nyare typerna av onlinespel. Under de senaste \u00e5ren har intresset f\u00f6r e-sport \u00f6kat stadigt, och det \u00e4r nu en av de mer popul\u00e4ra versionerna av onlinebetting. Som ett resultat v\u00e4xer antalet leverant\u00f6rer inom eSports-betting st\u00e4ndigt. Vid det h\u00e4r laget kanske du redan k\u00e4nner n\u00e5gon som \u00e4r en eSport-fanatiker eller som \u00e4r djupt inne i omr\u00e5det och \u00e4r mycket intresserad av det.<\/p>\n\t\t\t\t\t\t\t\t<\/div>\n\t\t\t\t<\/div>\n\t\t\t\t<div class=\"elementor-element elementor-element-c3b9f87 elementor-widget elementor-widget-button\" data-id=\"c3b9f87\" data-element_type=\"widget\" data-widget_type=\"button.default\">\n\t\t\t\t<div class=\"elementor-widget-container\">\n\t\t\t\t\t\t\t\t\t<div class=\"elementor-button-wrapper\">\n\t\t\t\t\t<a class=\"elementor-button elementor-button-link elementor-size-sm\" href=\"#\">\n\t\t\t\t\t\t<span class=\"elementor-button-content-wrapper\">\n\t\t\t\t\t\t\t\t\t<span class=\"elementor-button-text\">Esportspel med Bitkingz<\/span>\n\t\t\t\t\t<\/span>\n\t\t\t\t\t<\/a>\n\t\t\t\t<\/div>\n\t\t\t\t\t\t\t\t<\/div>\n\t\t\t\t<\/div>\n\t\t\t\t<div class=\"elementor-element elementor-element-9d858c2 elementor-widget elementor-widget-heading\" data-id=\"9d858c2\" data-element_type=\"widget\" data-widget_type=\"heading.default\">\n\t\t\t\t<div class=\"elementor-widget-container\">\n\t\t\t\t\t<h3 class=\"elementor-heading-title elementor-size-default\">Vilka spel finns tillg\u00e4ngliga p\u00e5 eSports?<\/h3>\t\t\t\t<\/div>\n\t\t\t\t<\/div>\n\t\t\t\t<div class=\"elementor-element elementor-element-7ba9fd5 elementor-widget elementor-widget-text-editor\" data-id=\"7ba9fd5\" data-element_type=\"widget\" data-widget_type=\"text-editor.default\">\n\t\t\t\t<div class=\"elementor-widget-container\">\n\t\t\t\t\t\t\t\t\t<p>CS: GO betting \u00e4r ett av de mest popul\u00e4ra spelen inom eSports <strong>betting<\/strong>. Detta f\u00f6r\u00e4ndras dock st\u00e4ndigt p\u00e5 grund av exponentiell tillv\u00e4xt och stadigt \u00f6kande konkurrens. Nya spel som Battle-Royale-genren, inklusive Fortnite och PUBG, tillkommer kontinuerligt. MOBA-spelen har ocks\u00e5 beh\u00e5llit sin glamour och f\u00e4ngslat spelarna. S\u00e5 LoL och DotA f\u00e5r fortfarande bra recensioner.<\/p>\n<p><strong>Counterstrike Global Offensive<\/strong>, eller kort och<strong> gott CSGO<\/strong>, \u00e4r ett skjutspel som utvecklats av Valve och Hidden Path Entertainment. Spelet \u00e4r ett av multiplayer-spelen. Spela spelet p\u00e5 Windows, OS X, Xbox 360 och PlayStation 3. Spelet utvecklades under 2012.   <\/p>\n<p><strong>Epic Games sl\u00e4ppte och utvecklade Fortnite 2017.<\/strong> Onlinevideospelet inneh\u00e5ller \u00f6verlevnadselement i form av kooperativa skjutspel och finns tillg\u00e4ngligt p\u00e5 Windows, Mac OS, Nintendo Switch, PlayStation 4, PlayStation 5, Xbox One, Xbox Series X och Android. <\/p>\n<p>V\u00e5rt sista exempel \u00e4r spelet <strong>LoL-League of Legends,<\/strong> som utvecklades och publicerades av Riot Games. Detta spel \u00e4r ett online multiplayer-spel som \u00e4ger rum i en stridsarena och finns tillg\u00e4ngligt p\u00e5 Windows och Mac OS-programvara. <\/p>\n\t\t\t\t\t\t\t\t<\/div>\n\t\t\t\t<\/div>\n\t\t\t\t<\/div>\n\t\t<div class=\"elementor-element elementor-element-22f6be3 e-con-full e-flex e-con e-parent\" data-id=\"22f6be3\" data-element_type=\"container\">\n\t\t\t\t<div class=\"elementor-element elementor-element-78d5df1 elementor-widget elementor-widget-heading\" data-id=\"78d5df1\" data-element_type=\"widget\" data-widget_type=\"heading.default\">\n\t\t\t\t<div class=\"elementor-widget-container\">\n\t\t\t\t\t<h3 class=\"elementor-heading-title elementor-size-default\">eSports-spel vs sportspel?<\/h3>\t\t\t\t<\/div>\n\t\t\t\t<\/div>\n\t\t\t\t<div class=\"elementor-element elementor-element-007718b elementor-widget elementor-widget-text-editor\" data-id=\"007718b\" data-element_type=\"widget\" data-widget_type=\"text-editor.default\">\n\t\t\t\t<div class=\"elementor-widget-container\">\n\t\t\t\t\t\t\t\t\t<p>Om du j\u00e4mf\u00f6r eSports-betting med annan popul\u00e4r sportsbetting ser dessa tv\u00e5 typer av betting mycket lika ut vid f\u00f6rsta anblicken. B\u00e5da \u00e4r relaterade till en viss sport, men du b\u00f6r l\u00e4ra dig mer om genren innan du b\u00f6rjar, eftersom det finns turneringar, m\u00e4sterskap och cupspel. S\u00e5 du kanske tror att det inte finns n\u00e5gra stora skillnader mellan dem. Onlinespel p\u00e5 eSport ska spelas p\u00e5 samma s\u00e4tt som alla andra typer av onlinespel, med en m\u00f6jlig liten skillnad i finansieringen och de enskilda leverant\u00f6rerna, vilket dock inte utg\u00f6r n\u00e5gon stor skillnad f\u00f6r dem som spelare.   <\/p>\n\t\t\t\t\t\t\t\t<\/div>\n\t\t\t\t<\/div>\n\t\t\t\t<div class=\"elementor-element elementor-element-049f4af elementor-widget elementor-widget-heading\" data-id=\"049f4af\" data-element_type=\"widget\" data-widget_type=\"heading.default\">\n\t\t\t\t<div class=\"elementor-widget-container\">\n\t\t\t\t\t<h3 class=\"elementor-heading-title elementor-size-default\">De mest k\u00e4nda spelen att satsa p\u00e5<\/h3>\t\t\t\t<\/div>\n\t\t\t\t<\/div>\n\t\t\t\t<\/div>\n\t\t<div class=\"elementor-element elementor-element-4257928 e-con-full e-flex e-con e-parent\" data-id=\"4257928\" data-element_type=\"container\">\n\t\t\t\t<div class=\"elementor-element elementor-element-0a1e3a9 elementor-widget elementor-widget-text-editor\" data-id=\"0a1e3a9\" data-element_type=\"widget\" data-widget_type=\"text-editor.default\">\n\t\t\t\t<div class=\"elementor-widget-container\">\n\t\t\t\t\t\t\t\t\t<p>I n\u00e4sta artikel kan du l\u00e4ra dig lite mer om dina tv\u00e5 favoritspel inom eSport. Vi har f\u00f6rs\u00f6kt att begr\u00e4nsa v\u00e5rt urval f\u00f6r att g\u00f6ra det l\u00e4ttare f\u00f6r dig att best\u00e4mma dig. Vi kommer d\u00e4rf\u00f6r att h\u00e4nvisa till spelen CS: GO och LoL. Du har redan f\u00e5tt de tekniska nyckeldata f\u00f6r spelet, s\u00e5 vi kan nu g\u00e5 in p\u00e5 mer detaljerad information om spelet.   <\/p>\n<p>Kommande ligamatcher, Riot Games LCS och v\u00e5rens slutspel i LCS till\u00e5ter olika typer av vadslagning f\u00f6r spelare. Naturligtvis har du flera alternativ, s\u00e5 att du kan placera en vinnande satsning p\u00e5 vilket lag som vinner eller p\u00e5 vissa personer. <\/p>\n<p>P\u00e5 eSport Casinos kan du placera spel p\u00e5 olika h\u00e4ndelser som kan intr\u00e4ffa i spelet LoL: Vilket lag f\u00e5r &#8221;First Blood&#8221;? Vilket lag kommer att sl\u00e5 Team Baron Nashor f\u00f6rst eller vinna matchen med en penna? F\u00f6rutom de vanliga spelen finns specialspel tillg\u00e4ngliga under stora turneringar som League of Legends World Championship eller MSI.  <\/p>\n<p>Den professionella scenen f\u00f6r CS: GO-betting \u00e4r v\u00e4lk\u00e4nd och har blivit ett av de mest inflytelserika spelbolagen i branschen. Toppklassiga lag och deras spelare har blivit kultfigurer i samh\u00e4llet, och fler och fler turneringar har st\u00f6rre prispotter \u00e4n n\u00e5gonsin tidigare. ESL One Cologne \u00e4r f\u00f6r n\u00e4rvarande huvud\u00e4mnet f\u00f6r alla CS GO-fans. Men det kommer snart att \u00e4ndras till FACEIT Major London, som definitivt kommer att bli ett spektakel. Det r\u00e5der ingen tvekan om att CS: GO-spelet \u00e4r mycket sv\u00e5rt, \u00f6verf\u00f6ringar \u00e4r frekventa och f\u00f6r\u00e4nderliga, spelet \u00e4r nerv\u00f6st och resultaten \u00e4r sv\u00e5ra att f\u00f6ruts\u00e4ga.    <\/p>\n\t\t\t\t\t\t\t\t<\/div>\n\t\t\t\t<\/div>\n\t\t\t\t<\/div>\n\t\t\t\t<\/div>\n\t\t","protected":false},"excerpt":{"rendered":"<p>ESport Casinos och Esport Casino Betting eSport Casinos och Esports Betting &#8211; en snabbr\u00f6rlig mobilappsv\u00e4rld eSport Casinos betting &#8211; Inte bara en hobby och en passion f\u00f6r de flesta av oss, men samtidigt, om du k\u00e4nner till det v\u00e4l, ett bra s\u00e4tt att tj\u00e4na en sidoinkomst om du k\u00e4nner till det. Inom e-sporten finns det [&hellip;]<\/p>\n","protected":false},"author":1,"featured_media":0,"parent":0,"menu_order":0,"comment_status":"closed","ping_status":"closed","template":"","meta":{"footnotes":""},"class_list":["post-4639","page","type-page","status-publish","hentry"],"blocksy_meta":[],"acf":[],"yoast_head":"<!-- This site is optimized with the Yoast SEO plugin v24.1 - https:\/\/yoast.com\/wordpress\/plugins\/seo\/ -->\n<title>eSport-kasinon - casinoreturn<\/title>\n<meta name=\"description\" content=\"eSport Casinos \u00e4r sin egen lilla enhet. En v\u00e4xande mobil eSport-community med fantastiska spel och sociala interaktioner.\" \/>\n<meta name=\"robots\" content=\"index, follow, max-snippet:-1, max-image-preview:large, max-video-preview:-1\" \/>\n<link rel=\"canonical\" href=\"https:\/\/casinoreturn.com\/sv\/esport-kasinon\/\" \/>\n<meta property=\"og:locale\" content=\"sv_SE\" \/>\n<meta property=\"og:type\" content=\"article\" \/>\n<meta property=\"og:title\" content=\"eSport-kasinon - casinoreturn\" \/>\n<meta property=\"og:description\" content=\"eSport Casinos \u00e4r sin egen lilla enhet. En v\u00e4xande mobil eSport-community med fantastiska spel och sociala interaktioner.\" \/>\n<meta property=\"og:url\" content=\"https:\/\/casinoreturn.com\/sv\/esport-kasinon\/\" \/>\n<meta property=\"og:site_name\" content=\"casinoreturn\" \/>\n<meta property=\"article:modified_time\" content=\"2024-12-02T14:33:41+00:00\" \/>\n<meta property=\"og:image\" content=\"https:\/\/casinoreturn.com\/wp-content\/uploads\/2024\/11\/esport-casinos.jpg\" \/>\n\t<meta property=\"og:image:width\" content=\"360\" \/>\n\t<meta property=\"og:image:height\" content=\"360\" \/>\n\t<meta property=\"og:image:type\" content=\"image\/jpeg\" \/>\n<meta name=\"twitter:card\" content=\"summary_large_image\" \/>\n<meta name=\"twitter:label1\" content=\"Ber\u00e4knad l\u00e4stid\" \/>\n\t<meta name=\"twitter:data1\" content=\"4 minuter\" \/>\n<script type=\"application\/ld+json\" class=\"yoast-schema-graph\">{\"@context\":\"https:\/\/schema.org\",\"@graph\":[{\"@type\":\"WebPage\",\"@id\":\"https:\/\/casinoreturn.com\/sv\/esport-kasinon\/\",\"url\":\"https:\/\/casinoreturn.com\/sv\/esport-kasinon\/\",\"name\":\"eSport-kasinon - casinoreturn\",\"isPartOf\":{\"@id\":\"https:\/\/casinoreturn.com\/#website\"},\"primaryImageOfPage\":{\"@id\":\"https:\/\/casinoreturn.com\/sv\/esport-kasinon\/#primaryimage\"},\"image\":{\"@id\":\"https:\/\/casinoreturn.com\/sv\/esport-kasinon\/#primaryimage\"},\"thumbnailUrl\":\"https:\/\/casinoreturn.com\/wp-content\/uploads\/2024\/11\/esport-casinos.jpg\",\"datePublished\":\"2024-11-20T13:24:12+00:00\",\"dateModified\":\"2024-12-02T14:33:41+00:00\",\"description\":\"eSport Casinos \u00e4r sin egen lilla enhet. En v\u00e4xande mobil eSport-community med fantastiska spel och sociala interaktioner.\",\"breadcrumb\":{\"@id\":\"https:\/\/casinoreturn.com\/sv\/esport-kasinon\/#breadcrumb\"},\"inLanguage\":\"sv-SE\",\"potentialAction\":[{\"@type\":\"ReadAction\",\"target\":[\"https:\/\/casinoreturn.com\/sv\/esport-kasinon\/\"]}]},{\"@type\":\"ImageObject\",\"inLanguage\":\"sv-SE\",\"@id\":\"https:\/\/casinoreturn.com\/sv\/esport-kasinon\/#primaryimage\",\"url\":\"https:\/\/casinoreturn.com\/wp-content\/uploads\/2024\/11\/esport-casinos.jpg\",\"contentUrl\":\"https:\/\/casinoreturn.com\/wp-content\/uploads\/2024\/11\/esport-casinos.jpg\"},{\"@type\":\"BreadcrumbList\",\"@id\":\"https:\/\/casinoreturn.com\/sv\/esport-kasinon\/#breadcrumb\",\"itemListElement\":[{\"@type\":\"ListItem\",\"position\":1,\"name\":\"Home\",\"item\":\"https:\/\/casinoreturn.com\/sv\/home\/\"},{\"@type\":\"ListItem\",\"position\":2,\"name\":\"eSport-kasinon\"}]},{\"@type\":\"WebSite\",\"@id\":\"https:\/\/casinoreturn.com\/#website\",\"url\":\"https:\/\/casinoreturn.com\/\",\"name\":\"casinoreturn\",\"description\":\"\",\"publisher\":{\"@id\":\"https:\/\/casinoreturn.com\/#organization\"},\"potentialAction\":[{\"@type\":\"SearchAction\",\"target\":{\"@type\":\"EntryPoint\",\"urlTemplate\":\"https:\/\/casinoreturn.com\/?s={search_term_string}\"},\"query-input\":{\"@type\":\"PropertyValueSpecification\",\"valueRequired\":true,\"valueName\":\"search_term_string\"}}],\"inLanguage\":\"sv-SE\"},{\"@type\":\"Organization\",\"@id\":\"https:\/\/casinoreturn.com\/#organization\",\"name\":\"casinoreturn\",\"url\":\"https:\/\/casinoreturn.com\/\",\"logo\":{\"@type\":\"ImageObject\",\"inLanguage\":\"sv-SE\",\"@id\":\"https:\/\/casinoreturn.com\/#\/schema\/logo\/image\/\",\"url\":\"https:\/\/casinoreturn.com\/wp-content\/uploads\/2024\/09\/animal-favicon.png\",\"contentUrl\":\"https:\/\/casinoreturn.com\/wp-content\/uploads\/2024\/09\/animal-favicon.png\",\"width\":92,\"height\":92,\"caption\":\"casinoreturn\"},\"image\":{\"@id\":\"https:\/\/casinoreturn.com\/#\/schema\/logo\/image\/\"}}]}<\/script>\n<!-- \/ Yoast SEO plugin. -->","yoast_head_json":{"title":"eSport-kasinon - casinoreturn","description":"eSport Casinos \u00e4r sin egen lilla enhet. En v\u00e4xande mobil eSport-community med fantastiska spel och sociala interaktioner.","robots":{"index":"index","follow":"follow","max-snippet":"max-snippet:-1","max-image-preview":"max-image-preview:large","max-video-preview":"max-video-preview:-1"},"canonical":"https:\/\/casinoreturn.com\/sv\/esport-kasinon\/","og_locale":"sv_SE","og_type":"article","og_title":"eSport-kasinon - casinoreturn","og_description":"eSport Casinos \u00e4r sin egen lilla enhet. En v\u00e4xande mobil eSport-community med fantastiska spel och sociala interaktioner.","og_url":"https:\/\/casinoreturn.com\/sv\/esport-kasinon\/","og_site_name":"casinoreturn","article_modified_time":"2024-12-02T14:33:41+00:00","og_image":[{"width":360,"height":360,"url":"https:\/\/casinoreturn.com\/wp-content\/uploads\/2024\/11\/esport-casinos.jpg","type":"image\/jpeg"}],"twitter_card":"summary_large_image","twitter_misc":{"Ber\u00e4knad l\u00e4stid":"4 minuter"},"schema":{"@context":"https:\/\/schema.org","@graph":[{"@type":"WebPage","@id":"https:\/\/casinoreturn.com\/sv\/esport-kasinon\/","url":"https:\/\/casinoreturn.com\/sv\/esport-kasinon\/","name":"eSport-kasinon - casinoreturn","isPartOf":{"@id":"https:\/\/casinoreturn.com\/#website"},"primaryImageOfPage":{"@id":"https:\/\/casinoreturn.com\/sv\/esport-kasinon\/#primaryimage"},"image":{"@id":"https:\/\/casinoreturn.com\/sv\/esport-kasinon\/#primaryimage"},"thumbnailUrl":"https:\/\/casinoreturn.com\/wp-content\/uploads\/2024\/11\/esport-casinos.jpg","datePublished":"2024-11-20T13:24:12+00:00","dateModified":"2024-12-02T14:33:41+00:00","description":"eSport Casinos \u00e4r sin egen lilla enhet. En v\u00e4xande mobil eSport-community med fantastiska spel och sociala interaktioner.","breadcrumb":{"@id":"https:\/\/casinoreturn.com\/sv\/esport-kasinon\/#breadcrumb"},"inLanguage":"sv-SE","potentialAction":[{"@type":"ReadAction","target":["https:\/\/casinoreturn.com\/sv\/esport-kasinon\/"]}]},{"@type":"ImageObject","inLanguage":"sv-SE","@id":"https:\/\/casinoreturn.com\/sv\/esport-kasinon\/#primaryimage","url":"https:\/\/casinoreturn.com\/wp-content\/uploads\/2024\/11\/esport-casinos.jpg","contentUrl":"https:\/\/casinoreturn.com\/wp-content\/uploads\/2024\/11\/esport-casinos.jpg"},{"@type":"BreadcrumbList","@id":"https:\/\/casinoreturn.com\/sv\/esport-kasinon\/#breadcrumb","itemListElement":[{"@type":"ListItem","position":1,"name":"Home","item":"https:\/\/casinoreturn.com\/sv\/home\/"},{"@type":"ListItem","position":2,"name":"eSport-kasinon"}]},{"@type":"WebSite","@id":"https:\/\/casinoreturn.com\/#website","url":"https:\/\/casinoreturn.com\/","name":"casinoreturn","description":"","publisher":{"@id":"https:\/\/casinoreturn.com\/#organization"},"potentialAction":[{"@type":"SearchAction","target":{"@type":"EntryPoint","urlTemplate":"https:\/\/casinoreturn.com\/?s={search_term_string}"},"query-input":{"@type":"PropertyValueSpecification","valueRequired":true,"valueName":"search_term_string"}}],"inLanguage":"sv-SE"},{"@type":"Organization","@id":"https:\/\/casinoreturn.com\/#organization","name":"casinoreturn","url":"https:\/\/casinoreturn.com\/","logo":{"@type":"ImageObject","inLanguage":"sv-SE","@id":"https:\/\/casinoreturn.com\/#\/schema\/logo\/image\/","url":"https:\/\/casinoreturn.com\/wp-content\/uploads\/2024\/09\/animal-favicon.png","contentUrl":"https:\/\/casinoreturn.com\/wp-content\/uploads\/2024\/09\/animal-favicon.png","width":92,"height":92,"caption":"casinoreturn"},"image":{"@id":"https:\/\/casinoreturn.com\/#\/schema\/logo\/image\/"}}]}},"_links":{"self":[{"href":"https:\/\/casinoreturn.com\/sv\/wp-json\/wp\/v2\/pages\/4639","targetHints":{"allow":["GET"]}}],"collection":[{"href":"https:\/\/casinoreturn.com\/sv\/wp-json\/wp\/v2\/pages"}],"about":[{"href":"https:\/\/casinoreturn.com\/sv\/wp-json\/wp\/v2\/types\/page"}],"author":[{"embeddable":true,"href":"https:\/\/casinoreturn.com\/sv\/wp-json\/wp\/v2\/users\/1"}],"replies":[{"embeddable":true,"href":"https:\/\/casinoreturn.com\/sv\/wp-json\/wp\/v2\/comments?post=4639"}],"version-history":[{"count":1,"href":"https:\/\/casinoreturn.com\/sv\/wp-json\/wp\/v2\/pages\/4639\/revisions"}],"predecessor-version":[{"id":4640,"href":"https:\/\/casinoreturn.com\/sv\/wp-json\/wp\/v2\/pages\/4639\/revisions\/4640"}],"wp:attachment":[{"href":"https:\/\/casinoreturn.com\/sv\/wp-json\/wp\/v2\/media?parent=4639"}],"curies":[{"name":"wp","href":"https:\/\/api.w.org\/{rel}","templated":true}]}}