{"id":4664,"date":"2024-11-21T14:27:34","date_gmt":"2024-11-21T14:27:34","guid":{"rendered":"https:\/\/casinoreturn.com\/baccarat-pa-natet\/"},"modified":"2024-12-02T18:03:10","modified_gmt":"2024-12-02T18:03:10","slug":"baccarat-pa-natet","status":"publish","type":"page","link":"https:\/\/casinoreturn.com\/sv\/baccarat-pa-natet\/","title":{"rendered":"Baccarat p\u00e5 n\u00e4tet"},"content":{"rendered":"\t\t<div data-elementor-type=\"wp-page\" data-elementor-id=\"4664\" class=\"elementor elementor-4664\" data-elementor-post-type=\"page\">\n\t\t\t\t<div class=\"elementor-element elementor-element-54716bf e-con-full e-flex e-con e-parent\" data-id=\"54716bf\" data-element_type=\"container\">\n\t\t\t\t<div class=\"elementor-element elementor-element-e1d0de2 elementor-widget elementor-widget-image\" data-id=\"e1d0de2\" data-element_type=\"widget\" data-widget_type=\"image.default\">\n\t\t\t\t<div class=\"elementor-widget-container\">\n\t\t\t\t\t\t\t\t\t\t\t\t\t\t\t<img fetchpriority=\"high\" decoding=\"async\" width=\"376\" height=\"250\" src=\"https:\/\/casinoreturn.com\/wp-content\/uploads\/2024\/11\/Online-Baccarat.png\" class=\"attachment-large size-large wp-image-3744\" alt=\"Online Baccarat\" srcset=\"https:\/\/casinoreturn.com\/wp-content\/uploads\/2024\/11\/Online-Baccarat.png 376w, https:\/\/casinoreturn.com\/wp-content\/uploads\/2024\/11\/Online-Baccarat-300x199.png 300w\" sizes=\"(max-width: 376px) 100vw, 376px\" \/>\t\t\t\t\t\t\t\t\t\t\t\t\t\t\t<\/div>\n\t\t\t\t<\/div>\n\t\t\t\t<div class=\"elementor-element elementor-element-94a1cbc elementor-widget elementor-widget-heading\" data-id=\"94a1cbc\" data-element_type=\"widget\" data-widget_type=\"heading.default\">\n\t\t\t\t<div class=\"elementor-widget-container\">\n\t\t\t\t\t<h2 class=\"elementor-heading-title elementor-size-default\">Regler och information om Baccarat online<\/h2>\t\t\t\t<\/div>\n\t\t\t\t<\/div>\n\t\t\t\t<div class=\"elementor-element elementor-element-0c38f38 elementor-button-success elementor-align-center elementor-widget elementor-widget-button\" data-id=\"0c38f38\" data-element_type=\"widget\" data-widget_type=\"button.default\">\n\t\t\t\t<div class=\"elementor-widget-container\">\n\t\t\t\t\t\t\t\t\t<div class=\"elementor-button-wrapper\">\n\t\t\t\t\t<a class=\"elementor-button elementor-button-link elementor-size-sm\" href=\"#\">\n\t\t\t\t\t\t<span class=\"elementor-button-content-wrapper\">\n\t\t\t\t\t\t\t\t\t<span class=\"elementor-button-text\">Spela Baccarat h\u00e4r  <\/span>\n\t\t\t\t\t<\/span>\n\t\t\t\t\t<\/a>\n\t\t\t\t<\/div>\n\t\t\t\t\t\t\t\t<\/div>\n\t\t\t\t<\/div>\n\t\t\t\t<\/div>\n\t\t<div class=\"elementor-element elementor-element-8c4d838 e-con-full e-flex e-con e-parent\" data-id=\"8c4d838\" data-element_type=\"container\">\n\t\t\t\t<div class=\"elementor-element elementor-element-e7305df elementor-widget elementor-widget-text-editor\" data-id=\"e7305df\" data-element_type=\"widget\" data-widget_type=\"text-editor.default\">\n\t\t\t\t<div class=\"elementor-widget-container\">\n\t\t\t\t\t\t\t\t\t<p>Regler f\u00f6r Baccarat online. Den h\u00e4r artikeln introducerar dig till det popul\u00e4ra spelautomaten Baccarat Online. Man tror att detta spel har sitt ursprung p\u00e5 16-talet i Neapel. Fr\u00e5n den tiden har spelet dock spridit sig \u00f6ver hela v\u00e4rlden och \u00e4r en av de mest popul\u00e4ra klassiska spelautomaterna. Speciellt i den asiatiska regionen \u00e4r spelet Baccarat v\u00e4lk\u00e4nt och \u00e4r en av favoriterna i arkadhallarna. De flesta baccaratborden finns i Macau.     <\/p>\n<p>F\u00f6rdelen med baccarat \u00e4r att det \u00e4r l\u00e4tt att l\u00e4ra sig och har en stor chans att vinna. Eftersom du bara satsar p\u00e5 resultatet av baccaratspelet beh\u00f6ver du inte l\u00e4ra dig komplexa strategier sj\u00e4lv f\u00f6r att dra nytta av en bra utbetalningsgrad &#8211; till skillnad fr\u00e5n blackjack, f\u00f6r baccarat. exempel, d\u00e4r du bara har m\u00f6jlighet att internalisera grundplanen \u00e5tminstone. Med tiden har m\u00e5nga online casino baccaratvarianter utvecklats, och idag vill vi bara introducera den mest popul\u00e4ra varianten, &#8221;Punto Banco&#8221;, eftersom det \u00e4r den \u00f6verl\u00e4gset mest anv\u00e4nda varianten av     <\/p>\n\t\t\t\t\t\t\t\t<\/div>\n\t\t\t\t<\/div>\n\t\t\t\t<div class=\"elementor-element elementor-element-4ab8244 elementor-widget elementor-widget-heading\" data-id=\"4ab8244\" data-element_type=\"widget\" data-widget_type=\"heading.default\">\n\t\t\t\t<div class=\"elementor-widget-container\">\n\t\t\t\t\t<h2 class=\"elementor-heading-title elementor-size-default\">Hur man spelar baccarat?<\/h2>\t\t\t\t<\/div>\n\t\t\t\t<\/div>\n\t\t\t\t<\/div>\n\t\t<div class=\"elementor-element elementor-element-2538271 e-con-full e-flex e-con e-parent\" data-id=\"2538271\" data-element_type=\"container\">\n\t\t\t\t<div class=\"elementor-element elementor-element-c07f515 elementor-widget elementor-widget-text-editor\" data-id=\"c07f515\" data-element_type=\"widget\" data-widget_type=\"text-editor.default\">\n\t\t\t\t<div class=\"elementor-widget-container\">\n\t\t\t\t\t\t\t\t\t<p>Det \u00e4r v\u00e4ldigt trubbigt att spela online baccarat eftersom den konstn\u00e4rliga ledaren g\u00f6r hela jobbet \u00e4nnu mer, s\u00e5 du m\u00e5ste best\u00e4mma med varandra vilken person detta m\u00e4sterskap kommer att f\u00e5 p\u00e5 hunden fr\u00e5n och med nu, finansinstitut eller spelare. Identifierarna \u00e4r en liten del vilseledande, s\u00e4rskilt eftersom spelaren inte \u00e4r en riktig baccarat-spelare &#8211; snarare \u00e4n en virtuell spelare. S\u00e5, i sig, en satsning med baccarat ut p\u00e5 om den ena eller alternativet vinner kanten. Den enda skillnaden i f\u00f6rh\u00e5llande till de tv\u00e5 parterna \u00e4r vid vilken tidpunkt, om alternativet m\u00e5ste dras eller inte.   <\/p>\n<p>Att sp\u00e5ra baccarat, du m\u00e5ste sp\u00e5ra hur mycket en s\u00e5dan biljett \u00e4r v\u00e4rd. Experten har alltid numret 1 i samband med baccarat &#8211; annars identisk-blackjack, d\u00e4r denna expert ocks\u00e5 kan acceptera numret 11. Siffran 2 visas bara n\u00e4r 9 i baccarat; dock F\u00f6rutom. &#8230; det tryckta numret (identisk i samband med blackjack). Bildkorten (jack, dam, kung) \u00e4r v\u00e4rda 0 po\u00e4ng i baccarat &#8211; i blackjack f\u00e5r s\u00e5dana kort ett nummer p\u00e5 sidorna 10 varje g\u00e5ng.      <\/p>\n\t\t\t\t\t\t\t\t<\/div>\n\t\t\t\t<\/div>\n\t\t\t\t<div class=\"elementor-element elementor-element-e180f40 elementor-widget elementor-widget-heading\" data-id=\"e180f40\" data-element_type=\"widget\" data-widget_type=\"heading.default\">\n\t\t\t\t<div class=\"elementor-widget-container\">\n\t\t\t\t\t<h3 class=\"elementor-heading-title elementor-size-default\">Sannolikheter och regler f\u00f6r Baccarat:<\/h3>\t\t\t\t<\/div>\n\t\t\t\t<\/div>\n\t\t\t\t<div class=\"elementor-element elementor-element-189f9a7 elementor-widget elementor-widget-text-editor\" data-id=\"189f9a7\" data-element_type=\"widget\" data-widget_type=\"text-editor.default\">\n\t\t\t\t<div class=\"elementor-widget-container\">\n\t\t\t\t\t\t\t\t\t<p>L\u00e5t oss b\u00f6rja med oddsen. Sannolikheten f\u00f6r att ett spel slutar oavgjort \u00e4r 14. 12%. Om du har r\u00e4tt med den h\u00e4r satsningen betalas din insats ut till 8:1 &#8211; ett imponerande belopp, snarare till spelarens nackdel, medan andra satsningar har en l\u00e5ngsiktig chans att vinna. Oddsen f\u00f6r de andra tv\u00e5 spelarna \u00e4r cirka 50%, s\u00e5 banken har en liten f\u00f6rdel h\u00e4r. Husets f\u00f6rdel i baccarat garanteras endast av en provision p\u00e5 5% om huset vinner, annars skulle spelet vara ganska r\u00e4ttvist. Den h\u00f6gsta chansen att vinna \u00e4r definitivt n\u00e4r du satsar p\u00e5 &#8221;Banco&#8221; eftersom husets f\u00f6rdel h\u00e4r sjunker till 1. 06% &#8211; detta \u00e4r ett av de b\u00e4sta oddsen f\u00f6r alla spelautomater.       <\/p>\n<p>Vi kommer till reglerna. Spelet b\u00f6rjar i allm\u00e4nhet efter att insatserna har placerats, varvid alla beslut fattas helt automatiskt s\u00e5 att spelaren kan f\u00f6lja rundan med entusiasm. Vissa regler avg\u00f6r n\u00e4r vilken spelare f\u00e5r ett nytt kort och n\u00e4r inte. Det \u00e4r ocks\u00e5 mycket likt f\u00f6rfarandet f\u00f6r blackjack &#8211; den enda skillnaden \u00e4r att baccarat kr\u00e4ver b\u00e5da spelarna. Eftersom reglerna f\u00f6r dragningen varierar n\u00e5got mellan baccaratvarianterna och inte \u00e4r n\u00f6dv\u00e4ndiga f\u00f6r en verklig f\u00f6rst\u00e5else av spelet, kommer vi att l\u00e4mna f\u00f6rklaringarna \u00e5t sidan f\u00f6r nu.    <\/p>\n\t\t\t\t\t\t\t\t<\/div>\n\t\t\t\t<\/div>\n\t\t\t\t<div class=\"elementor-element elementor-element-e0a4023 elementor-widget elementor-widget-heading\" data-id=\"e0a4023\" data-element_type=\"widget\" data-widget_type=\"heading.default\">\n\t\t\t\t<div class=\"elementor-widget-container\">\n\t\t\t\t\t<h3 class=\"elementor-heading-title elementor-size-default\">Baccarat Tips f\u00f6r nyb\u00f6rjare<\/h3>\t\t\t\t<\/div>\n\t\t\t\t<\/div>\n\t\t\t\t<div class=\"elementor-element elementor-element-f5ddc21 elementor-widget elementor-widget-text-editor\" data-id=\"f5ddc21\" data-element_type=\"widget\" data-widget_type=\"text-editor.default\">\n\t\t\t\t<div class=\"elementor-widget-container\">\n\t\t\t\t\t\t\t\t\t<p>Om du \u00e4r en blodig nykomling till baccarat-spelet hittar du de b\u00e4sta tipsen och tricks h\u00e4r p\u00e5 BestCasinoListe. com. <\/p>\n<p>Du kommer att samla de b\u00e4sta tipsen och knepen n\u00e4r du sitter vid baccaratbordet och initialt l\u00e4gger en liten minsta insats f\u00f6r att undvika stora f\u00f6rluster. Du kan ocks\u00e5 utveckla en k\u00e4nsla f\u00f6r baccarat genom upplevelsen. Ett tips fr\u00e5n oss: Satsa inte p\u00e5 oavgjort, eftersom det \u00e4r d\u00e4r chanserna att vinna \u00e4r som l\u00e4gst. Om du tittar p\u00e5 de gamla James Bond-filmerna kan du ocks\u00e5 ta n\u00e5gra tips.   <\/p>\n\t\t\t\t\t\t\t\t<\/div>\n\t\t\t\t<\/div>\n\t\t\t\t<div class=\"elementor-element elementor-element-1a432e1 elementor-widget elementor-widget-heading\" data-id=\"1a432e1\" data-element_type=\"widget\" data-widget_type=\"heading.default\">\n\t\t\t\t<div class=\"elementor-widget-container\">\n\t\t\t\t\t<h3 class=\"elementor-heading-title elementor-size-default\">De b\u00e4sta baccaratstrategierna:<\/h3>\t\t\t\t<\/div>\n\t\t\t\t<\/div>\n\t\t\t\t<div class=\"elementor-element elementor-element-00a0cfd elementor-widget elementor-widget-text-editor\" data-id=\"00a0cfd\" data-element_type=\"widget\" data-widget_type=\"text-editor.default\">\n\t\t\t\t<div class=\"elementor-widget-container\">\n\t\t\t\t\t\t\t\t\t<p>Baccarats \u00e5lder har lett till utveckling av intressanta strategier \u00f6ver tiden; i synnerhet har den enkla f\u00f6rst\u00e5elsen av baccarat och de tydliga satsningsm\u00f6jligheterna gynnat dess utveckling eftersom satsningen p\u00e5 en av de tv\u00e5 spelarna \u00e4r n\u00e4stan identisk med en 50:50-satsning, kan du anv\u00e4nda n\u00e4stan vilken strategi som helst i baccarat.<\/p>\n\t\t\t\t\t\t\t\t<\/div>\n\t\t\t\t<\/div>\n\t\t\t\t<div class=\"elementor-element elementor-element-d7ac299 elementor-widget elementor-widget-heading\" data-id=\"d7ac299\" data-element_type=\"widget\" data-widget_type=\"heading.default\">\n\t\t\t\t<div class=\"elementor-widget-container\">\n\t\t\t\t\t<h3 class=\"elementor-heading-title elementor-size-default\">Baccarat Martingale-strategi  <\/h3>\t\t\t\t<\/div>\n\t\t\t\t<\/div>\n\t\t\t\t<div class=\"elementor-element elementor-element-c070242 elementor-widget elementor-widget-text-editor\" data-id=\"c070242\" data-element_type=\"widget\" data-widget_type=\"text-editor.default\">\n\t\t\t\t<div class=\"elementor-widget-container\">\n\t\t\t\t\t\t\t\t\t<p>Med Martingale-strategin dubblar du din insats vid varje f\u00f6rlust. Med detta stegvisa tillv\u00e4gag\u00e5ngss\u00e4tt kan du f\u00e5 tillbaka alla f\u00f6rlorade pengar p\u00e5 en g\u00e5ng om du vinner. Det h\u00e4r systemet bed\u00f6ms som medels\u00e4kert och har nackdelen att du kan beh\u00f6va stora summor mycket snabbt f\u00f6r att kunna dubbla din insats.  <\/p>\n<p><strong>Systemord:<\/strong><\/p>\n<p>Paroli-systemet \u00e4r relativt likt Martingale-systemet, med den avg\u00f6rande skillnaden att h\u00e4r \u00f6kar du din insats om du vinner, om du f\u00f6rlorar en omg\u00e5ng minskar du din insats som en f\u00f6ljd av att du vinner, som dubbelord. Vinstm\u00e5let b\u00f6r inte vara f\u00f6r h\u00f6gt, annars kommer du s\u00e4llan eller aldrig att n\u00e5 det. Ett trippelord b\u00f6r vara den \u00f6vre gr\u00e4nsen f\u00f6r m\u00e5ttliga spelare.  <\/p>\n\t\t\t\t\t\t\t\t<\/div>\n\t\t\t\t<\/div>\n\t\t\t\t<div class=\"elementor-element elementor-element-564c748 elementor-widget elementor-widget-heading\" data-id=\"564c748\" data-element_type=\"widget\" data-widget_type=\"heading.default\">\n\t\t\t\t<div class=\"elementor-widget-container\">\n\t\t\t\t\t<h3 class=\"elementor-heading-title elementor-size-default\">Baccarat D'Lamberet System:<\/h3>\t\t\t\t<\/div>\n\t\t\t\t<\/div>\n\t\t\t\t<div class=\"elementor-element elementor-element-5db5e79 elementor-widget elementor-widget-text-editor\" data-id=\"5db5e79\" data-element_type=\"widget\" data-widget_type=\"text-editor.default\">\n\t\t\t\t<div class=\"elementor-widget-container\">\n\t\t\t\t\t\t\t\t\t<p>Lamberet-systemet anses vara ett av de s\u00e4kraste systemen f\u00f6r spel, men det betyder ocks\u00e5 att det inte \u00e4r m\u00f6jligt att g\u00f6ra stora vinster snabbt. Med det h\u00e4r systemet \u00e4ndrar du din insats \u00e4ven efter varje snurr. Om du vinner \u00f6kar du insatsen med en enhet. Om du f\u00f6rlorar minskar du insatsen med en enhet, s\u00e5 att du f\u00e5r en mycket balanserad bankrulle och stannar kvar i spelet under l\u00e5ng tid.   <\/p>\n\t\t\t\t\t\t\t\t<\/div>\n\t\t\t\t<\/div>\n\t\t\t\t<div class=\"elementor-element elementor-element-93e79b3 elementor-widget elementor-widget-text-editor\" data-id=\"93e79b3\" data-element_type=\"widget\" data-widget_type=\"text-editor.default\">\n\t\t\t\t<div class=\"elementor-widget-container\">\n\t\t\t\t\t\t\t\t\t<p><strong>Slutsats<\/strong>:<\/p>\n<p>Vi hoppas att du gillade v\u00e5r artikel om baccarat och att du nu har f\u00f6rst\u00e5tt grunderna i spelet. Lita p\u00e5 oss, det finns inget mer enkelt spelautomatspel. S\u00e5 n\u00e4sta g\u00e5ng du bes\u00f6ker spelrummet, v\u00e5ga anv\u00e4nda baccaratbordet och dra nytta av den minimala husf\u00f6rdelen som ger dig chansen att g\u00f6ra en stor vinst. Detsamma g\u00e4ller f\u00f6r baccaratspelet online &#8211; du borde prova live baccarat online!   <\/p>\n\t\t\t\t\t\t\t\t<\/div>\n\t\t\t\t<\/div>\n\t\t\t\t<div class=\"elementor-element elementor-element-f5f08ad elementor-button-success elementor-align-center elementor-widget elementor-widget-button\" data-id=\"f5f08ad\" data-element_type=\"widget\" data-widget_type=\"button.default\">\n\t\t\t\t<div class=\"elementor-widget-container\">\n\t\t\t\t\t\t\t\t\t<div class=\"elementor-button-wrapper\">\n\t\t\t\t\t<a class=\"elementor-button elementor-button-link elementor-size-sm\" href=\"#\">\n\t\t\t\t\t\t<span class=\"elementor-button-content-wrapper\">\n\t\t\t\t\t\t\t\t\t<span class=\"elementor-button-text\">Spela Baccarat h\u00e4r<\/span>\n\t\t\t\t\t<\/span>\n\t\t\t\t\t<\/a>\n\t\t\t\t<\/div>\n\t\t\t\t\t\t\t\t<\/div>\n\t\t\t\t<\/div>\n\t\t\t\t<div class=\"elementor-element elementor-element-7fe8f30 elementor-headline--style-highlight elementor-widget elementor-widget-animated-headline\" data-id=\"7fe8f30\" data-element_type=\"widget\" data-settings=\"{&quot;highlighted_text&quot;:&quot;Zinkra Casino&quot;,&quot;headline_style&quot;:&quot;highlight&quot;,&quot;marker&quot;:&quot;circle&quot;,&quot;loop&quot;:&quot;yes&quot;,&quot;highlight_animation_duration&quot;:1200,&quot;highlight_iteration_delay&quot;:8000}\" data-widget_type=\"animated-headline.default\">\n\t\t\t\t<div class=\"elementor-widget-container\">\n\t\t\t\t\t\t\t\t<a href=\"https:\/\/zinkra.com\/en\/home\" target=\"_blank\">\n\n\t\t\t\t\t<h3 class=\"elementor-headline\">\n\t\t\t\t\t<span class=\"elementor-headline-plain-text elementor-headline-text-wrapper\">Redakt\u00f6rer Topp Baccarat Casino :  <\/span>\n\t\t\t\t<span class=\"elementor-headline-dynamic-wrapper elementor-headline-text-wrapper\">\n\t\t\t\t\t<span class=\"elementor-headline-dynamic-text elementor-headline-text-active\">Zinkra Casino<\/span>\n\t\t\t\t<\/span>\n\t\t\t\t<\/h3>\n\t\t<\/a>\t\t\t\t<\/div>\n\t\t\t\t<\/div>\n\t\t\t\t<\/div>\n\t\t\t\t<\/div>\n\t\t","protected":false},"excerpt":{"rendered":"<p>Regler och information om Baccarat online Spela Baccarat h\u00e4r Regler f\u00f6r Baccarat online. Den h\u00e4r artikeln introducerar dig till det popul\u00e4ra spelautomaten Baccarat Online. Man tror att detta spel har sitt ursprung p\u00e5 16-talet i Neapel. Fr\u00e5n den tiden har spelet dock spridit sig \u00f6ver hela v\u00e4rlden och \u00e4r en av de mest popul\u00e4ra klassiska [&hellip;]<\/p>\n","protected":false},"author":1,"featured_media":0,"parent":0,"menu_order":0,"comment_status":"closed","ping_status":"closed","template":"","meta":{"footnotes":""},"class_list":["post-4664","page","type-page","status-publish","hentry"],"blocksy_meta":[],"acf":[],"yoast_head":"<!-- This site is optimized with the Yoast SEO plugin v24.1 - https:\/\/yoast.com\/wordpress\/plugins\/seo\/ -->\n<title>Baccarat p\u00e5 n\u00e4tet - casinoreturn<\/title>\n<meta name=\"description\" content=\"Online Baccarat \u00e4r ett av de \u00e4ldsta k\u00e4nda spelen som ursprungligen kommer fr\u00e5n Neapel. L\u00e4s hur du spelar Baccarat online h\u00e4r.\" \/>\n<meta name=\"robots\" content=\"index, follow, max-snippet:-1, max-image-preview:large, max-video-preview:-1\" \/>\n<link rel=\"canonical\" href=\"https:\/\/casinoreturn.com\/sv\/baccarat-pa-natet\/\" \/>\n<meta property=\"og:locale\" content=\"sv_SE\" \/>\n<meta property=\"og:type\" content=\"article\" \/>\n<meta property=\"og:title\" content=\"Baccarat p\u00e5 n\u00e4tet - casinoreturn\" \/>\n<meta property=\"og:description\" content=\"Online Baccarat \u00e4r ett av de \u00e4ldsta k\u00e4nda spelen som ursprungligen kommer fr\u00e5n Neapel. L\u00e4s hur du spelar Baccarat online h\u00e4r.\" \/>\n<meta property=\"og:url\" content=\"https:\/\/casinoreturn.com\/sv\/baccarat-pa-natet\/\" \/>\n<meta property=\"og:site_name\" content=\"casinoreturn\" \/>\n<meta property=\"article:modified_time\" content=\"2024-12-02T18:03:10+00:00\" \/>\n<meta property=\"og:image\" content=\"https:\/\/casinoreturn.com\/wp-content\/uploads\/2024\/11\/Online-Baccarat.png\" \/>\n\t<meta property=\"og:image:width\" content=\"376\" \/>\n\t<meta property=\"og:image:height\" content=\"250\" \/>\n\t<meta property=\"og:image:type\" content=\"image\/png\" \/>\n<meta name=\"twitter:card\" content=\"summary_large_image\" \/>\n<meta name=\"twitter:label1\" content=\"Ber\u00e4knad l\u00e4stid\" \/>\n\t<meta name=\"twitter:data1\" content=\"5 minuter\" \/>\n<script type=\"application\/ld+json\" class=\"yoast-schema-graph\">{\"@context\":\"https:\/\/schema.org\",\"@graph\":[{\"@type\":\"WebPage\",\"@id\":\"https:\/\/casinoreturn.com\/sv\/baccarat-pa-natet\/\",\"url\":\"https:\/\/casinoreturn.com\/sv\/baccarat-pa-natet\/\",\"name\":\"Baccarat p\u00e5 n\u00e4tet - casinoreturn\",\"isPartOf\":{\"@id\":\"https:\/\/casinoreturn.com\/#website\"},\"primaryImageOfPage\":{\"@id\":\"https:\/\/casinoreturn.com\/sv\/baccarat-pa-natet\/#primaryimage\"},\"image\":{\"@id\":\"https:\/\/casinoreturn.com\/sv\/baccarat-pa-natet\/#primaryimage\"},\"thumbnailUrl\":\"https:\/\/casinoreturn.com\/wp-content\/uploads\/2024\/11\/Online-Baccarat.png\",\"datePublished\":\"2024-11-21T14:27:34+00:00\",\"dateModified\":\"2024-12-02T18:03:10+00:00\",\"description\":\"Online Baccarat \u00e4r ett av de \u00e4ldsta k\u00e4nda spelen som ursprungligen kommer fr\u00e5n Neapel. L\u00e4s hur du spelar Baccarat online h\u00e4r.\",\"breadcrumb\":{\"@id\":\"https:\/\/casinoreturn.com\/sv\/baccarat-pa-natet\/#breadcrumb\"},\"inLanguage\":\"sv-SE\",\"potentialAction\":[{\"@type\":\"ReadAction\",\"target\":[\"https:\/\/casinoreturn.com\/sv\/baccarat-pa-natet\/\"]}]},{\"@type\":\"ImageObject\",\"inLanguage\":\"sv-SE\",\"@id\":\"https:\/\/casinoreturn.com\/sv\/baccarat-pa-natet\/#primaryimage\",\"url\":\"https:\/\/casinoreturn.com\/wp-content\/uploads\/2024\/11\/Online-Baccarat.png\",\"contentUrl\":\"https:\/\/casinoreturn.com\/wp-content\/uploads\/2024\/11\/Online-Baccarat.png\"},{\"@type\":\"BreadcrumbList\",\"@id\":\"https:\/\/casinoreturn.com\/sv\/baccarat-pa-natet\/#breadcrumb\",\"itemListElement\":[{\"@type\":\"ListItem\",\"position\":1,\"name\":\"Home\",\"item\":\"https:\/\/casinoreturn.com\/sv\/home\/\"},{\"@type\":\"ListItem\",\"position\":2,\"name\":\"Baccarat p\u00e5 n\u00e4tet\"}]},{\"@type\":\"WebSite\",\"@id\":\"https:\/\/casinoreturn.com\/#website\",\"url\":\"https:\/\/casinoreturn.com\/\",\"name\":\"casinoreturn\",\"description\":\"\",\"publisher\":{\"@id\":\"https:\/\/casinoreturn.com\/#organization\"},\"potentialAction\":[{\"@type\":\"SearchAction\",\"target\":{\"@type\":\"EntryPoint\",\"urlTemplate\":\"https:\/\/casinoreturn.com\/?s={search_term_string}\"},\"query-input\":{\"@type\":\"PropertyValueSpecification\",\"valueRequired\":true,\"valueName\":\"search_term_string\"}}],\"inLanguage\":\"sv-SE\"},{\"@type\":\"Organization\",\"@id\":\"https:\/\/casinoreturn.com\/#organization\",\"name\":\"casinoreturn\",\"url\":\"https:\/\/casinoreturn.com\/\",\"logo\":{\"@type\":\"ImageObject\",\"inLanguage\":\"sv-SE\",\"@id\":\"https:\/\/casinoreturn.com\/#\/schema\/logo\/image\/\",\"url\":\"https:\/\/casinoreturn.com\/wp-content\/uploads\/2024\/09\/animal-favicon.png\",\"contentUrl\":\"https:\/\/casinoreturn.com\/wp-content\/uploads\/2024\/09\/animal-favicon.png\",\"width\":92,\"height\":92,\"caption\":\"casinoreturn\"},\"image\":{\"@id\":\"https:\/\/casinoreturn.com\/#\/schema\/logo\/image\/\"}}]}<\/script>\n<!-- \/ Yoast SEO plugin. -->","yoast_head_json":{"title":"Baccarat p\u00e5 n\u00e4tet - casinoreturn","description":"Online Baccarat \u00e4r ett av de \u00e4ldsta k\u00e4nda spelen som ursprungligen kommer fr\u00e5n Neapel. L\u00e4s hur du spelar Baccarat online h\u00e4r.","robots":{"index":"index","follow":"follow","max-snippet":"max-snippet:-1","max-image-preview":"max-image-preview:large","max-video-preview":"max-video-preview:-1"},"canonical":"https:\/\/casinoreturn.com\/sv\/baccarat-pa-natet\/","og_locale":"sv_SE","og_type":"article","og_title":"Baccarat p\u00e5 n\u00e4tet - casinoreturn","og_description":"Online Baccarat \u00e4r ett av de \u00e4ldsta k\u00e4nda spelen som ursprungligen kommer fr\u00e5n Neapel. L\u00e4s hur du spelar Baccarat online h\u00e4r.","og_url":"https:\/\/casinoreturn.com\/sv\/baccarat-pa-natet\/","og_site_name":"casinoreturn","article_modified_time":"2024-12-02T18:03:10+00:00","og_image":[{"width":376,"height":250,"url":"https:\/\/casinoreturn.com\/wp-content\/uploads\/2024\/11\/Online-Baccarat.png","type":"image\/png"}],"twitter_card":"summary_large_image","twitter_misc":{"Ber\u00e4knad l\u00e4stid":"5 minuter"},"schema":{"@context":"https:\/\/schema.org","@graph":[{"@type":"WebPage","@id":"https:\/\/casinoreturn.com\/sv\/baccarat-pa-natet\/","url":"https:\/\/casinoreturn.com\/sv\/baccarat-pa-natet\/","name":"Baccarat p\u00e5 n\u00e4tet - casinoreturn","isPartOf":{"@id":"https:\/\/casinoreturn.com\/#website"},"primaryImageOfPage":{"@id":"https:\/\/casinoreturn.com\/sv\/baccarat-pa-natet\/#primaryimage"},"image":{"@id":"https:\/\/casinoreturn.com\/sv\/baccarat-pa-natet\/#primaryimage"},"thumbnailUrl":"https:\/\/casinoreturn.com\/wp-content\/uploads\/2024\/11\/Online-Baccarat.png","datePublished":"2024-11-21T14:27:34+00:00","dateModified":"2024-12-02T18:03:10+00:00","description":"Online Baccarat \u00e4r ett av de \u00e4ldsta k\u00e4nda spelen som ursprungligen kommer fr\u00e5n Neapel. L\u00e4s hur du spelar Baccarat online h\u00e4r.","breadcrumb":{"@id":"https:\/\/casinoreturn.com\/sv\/baccarat-pa-natet\/#breadcrumb"},"inLanguage":"sv-SE","potentialAction":[{"@type":"ReadAction","target":["https:\/\/casinoreturn.com\/sv\/baccarat-pa-natet\/"]}]},{"@type":"ImageObject","inLanguage":"sv-SE","@id":"https:\/\/casinoreturn.com\/sv\/baccarat-pa-natet\/#primaryimage","url":"https:\/\/casinoreturn.com\/wp-content\/uploads\/2024\/11\/Online-Baccarat.png","contentUrl":"https:\/\/casinoreturn.com\/wp-content\/uploads\/2024\/11\/Online-Baccarat.png"},{"@type":"BreadcrumbList","@id":"https:\/\/casinoreturn.com\/sv\/baccarat-pa-natet\/#breadcrumb","itemListElement":[{"@type":"ListItem","position":1,"name":"Home","item":"https:\/\/casinoreturn.com\/sv\/home\/"},{"@type":"ListItem","position":2,"name":"Baccarat p\u00e5 n\u00e4tet"}]},{"@type":"WebSite","@id":"https:\/\/casinoreturn.com\/#website","url":"https:\/\/casinoreturn.com\/","name":"casinoreturn","description":"","publisher":{"@id":"https:\/\/casinoreturn.com\/#organization"},"potentialAction":[{"@type":"SearchAction","target":{"@type":"EntryPoint","urlTemplate":"https:\/\/casinoreturn.com\/?s={search_term_string}"},"query-input":{"@type":"PropertyValueSpecification","valueRequired":true,"valueName":"search_term_string"}}],"inLanguage":"sv-SE"},{"@type":"Organization","@id":"https:\/\/casinoreturn.com\/#organization","name":"casinoreturn","url":"https:\/\/casinoreturn.com\/","logo":{"@type":"ImageObject","inLanguage":"sv-SE","@id":"https:\/\/casinoreturn.com\/#\/schema\/logo\/image\/","url":"https:\/\/casinoreturn.com\/wp-content\/uploads\/2024\/09\/animal-favicon.png","contentUrl":"https:\/\/casinoreturn.com\/wp-content\/uploads\/2024\/09\/animal-favicon.png","width":92,"height":92,"caption":"casinoreturn"},"image":{"@id":"https:\/\/casinoreturn.com\/#\/schema\/logo\/image\/"}}]}},"_links":{"self":[{"href":"https:\/\/casinoreturn.com\/sv\/wp-json\/wp\/v2\/pages\/4664","targetHints":{"allow":["GET"]}}],"collection":[{"href":"https:\/\/casinoreturn.com\/sv\/wp-json\/wp\/v2\/pages"}],"about":[{"href":"https:\/\/casinoreturn.com\/sv\/wp-json\/wp\/v2\/types\/page"}],"author":[{"embeddable":true,"href":"https:\/\/casinoreturn.com\/sv\/wp-json\/wp\/v2\/users\/1"}],"replies":[{"embeddable":true,"href":"https:\/\/casinoreturn.com\/sv\/wp-json\/wp\/v2\/comments?post=4664"}],"version-history":[{"count":1,"href":"https:\/\/casinoreturn.com\/sv\/wp-json\/wp\/v2\/pages\/4664\/revisions"}],"predecessor-version":[{"id":4665,"href":"https:\/\/casinoreturn.com\/sv\/wp-json\/wp\/v2\/pages\/4664\/revisions\/4665"}],"wp:attachment":[{"href":"https:\/\/casinoreturn.com\/sv\/wp-json\/wp\/v2\/media?parent=4664"}],"curies":[{"name":"wp","href":"https:\/\/api.w.org\/{rel}","templated":true}]}}