{"id":4686,"date":"2024-11-20T12:23:31","date_gmt":"2024-11-20T12:23:31","guid":{"rendered":"https:\/\/casinoreturn.com\/kasinoturneringar-pa-natet\/"},"modified":"2024-12-02T18:10:52","modified_gmt":"2024-12-02T18:10:52","slug":"kasinoturneringar-pa-natet","status":"publish","type":"page","link":"https:\/\/casinoreturn.com\/sv\/kasinoturneringar-pa-natet\/","title":{"rendered":"Kasinoturneringar p\u00e5 n\u00e4tet"},"content":{"rendered":"\t\t<div data-elementor-type=\"wp-page\" data-elementor-id=\"4686\" class=\"elementor elementor-4686\" data-elementor-post-type=\"page\">\n\t\t\t\t<div class=\"elementor-element elementor-element-e2d2e3c e-con-full e-flex e-con e-parent\" data-id=\"e2d2e3c\" data-element_type=\"container\">\n\t\t\t\t<div class=\"elementor-element elementor-element-94f3d15 elementor-widget elementor-widget-image\" data-id=\"94f3d15\" data-element_type=\"widget\" data-widget_type=\"image.default\">\n\t\t\t\t<div class=\"elementor-widget-container\">\n\t\t\t\t\t\t\t\t\t\t\t\t\t\t\t<img fetchpriority=\"high\" decoding=\"async\" width=\"400\" height=\"133\" src=\"https:\/\/casinoreturn.com\/wp-content\/uploads\/2024\/11\/Online-Casino-Tournaments.jpg\" class=\"attachment-large size-large wp-image-3607\" alt=\"Online Casino Tournaments\" srcset=\"https:\/\/casinoreturn.com\/wp-content\/uploads\/2024\/11\/Online-Casino-Tournaments.jpg 400w, https:\/\/casinoreturn.com\/wp-content\/uploads\/2024\/11\/Online-Casino-Tournaments-300x100.jpg 300w\" sizes=\"(max-width: 400px) 100vw, 400px\" \/>\t\t\t\t\t\t\t\t\t\t\t\t\t\t\t<\/div>\n\t\t\t\t<\/div>\n\t\t\t\t<div class=\"elementor-element elementor-element-ad01b6e elementor-widget elementor-widget-heading\" data-id=\"ad01b6e\" data-element_type=\"widget\" data-widget_type=\"heading.default\">\n\t\t\t\t<div class=\"elementor-widget-container\">\n\t\t\t\t\t<h1 class=\"elementor-heading-title elementor-size-default\">Kasinoturneringar p\u00e5 n\u00e4tet<\/h1>\t\t\t\t<\/div>\n\t\t\t\t<\/div>\n\t\t\t\t<div class=\"elementor-element elementor-element-49b94ed elementor-widget elementor-widget-text-editor\" data-id=\"49b94ed\" data-element_type=\"widget\" data-widget_type=\"text-editor.default\">\n\t\t\t\t<div class=\"elementor-widget-container\">\n\t\t\t\t\t\t\t\t\t<p><strong>Din guide om turneringar och hur man spelar turneringar  <\/strong><\/p>\n\t\t\t\t\t\t\t\t<\/div>\n\t\t\t\t<\/div>\n\t\t\t\t<div class=\"elementor-element elementor-element-84abe2f elementor-widget elementor-widget-text-editor\" data-id=\"84abe2f\" data-element_type=\"widget\" data-widget_type=\"text-editor.default\">\n\t\t\t\t<div class=\"elementor-widget-container\">\n\t\t\t\t\t\t\t\t\t<p>Online Casino Tournaments &amp; Spel p\u00e5 spelautomater \u00e4r inte gemenskapsspel. Om man inte tr\u00e4ffar v\u00e4nner eller bekanta p\u00e5 plats i en spelhall och spelar tillsammans, \u00e4r det ofta s\u00e5 att alla spelar f\u00f6r sig sj\u00e4lva p\u00e5 sina spelautomater. V\u00e5gen av onlineslots har \u00e5terigen f\u00e4ngslat spelare framf\u00f6r sk\u00e4rmen.  <\/p>\n<p>Under tiden har olika versioner av spelet utvecklats. Detta g\u00f6r det m\u00f6jligt f\u00f6r flera spelare att delta i ett spel samtidigt. Multiplayer-slots och online-slot-turneringar m\u00f6jligg\u00f6r mer eller mindre gemensam aktivitet.  <\/p>\n\t\t\t\t\t\t\t\t<\/div>\n\t\t\t\t<\/div>\n\t\t\t\t<div class=\"elementor-element elementor-element-1ca90c0 elementor-widget elementor-widget-heading\" data-id=\"1ca90c0\" data-element_type=\"widget\" data-widget_type=\"heading.default\">\n\t\t\t\t<div class=\"elementor-widget-container\">\n\t\t\t\t\t<h2 class=\"elementor-heading-title elementor-size-default\">Vad \u00e4r online slot-turneringar?  <\/h2>\t\t\t\t<\/div>\n\t\t\t\t<\/div>\n\t\t\t\t<div class=\"elementor-element elementor-element-4a0a433 elementor-widget elementor-widget-text-editor\" data-id=\"4a0a433\" data-element_type=\"widget\" data-widget_type=\"text-editor.default\">\n\t\t\t\t<div class=\"elementor-widget-container\">\n\t\t\t\t\t\t\t\t\t<p>Online Slot Tournaments marknadsf\u00f6rs vanligtvis i onlinekasinon eller landbaserade kasinon. Dessa bygger vanligtvis p\u00e5 samma grundprincip: Flera enskilda spelare t\u00e4vlar mot varandra i ett eller flera spel samtidigt. Innan spelet startar m\u00e5ste du vanligtvis betala en deltagaravgift. Beroende p\u00e5 kostnaden b\u00f6rjar spelet s\u00e5ledes med flera krediter. Det fina med det \u00e4r att alla spelare b\u00f6rjar med samma antal krediter, s\u00e5 de \u00e4r mer eller mindre j\u00e4mlika och har exakt samma chans.    <\/p>\n<p>Den st\u00f6rsta skillnaden mellan de enskilda slot-turneringarna \u00e4r avgiften som m\u00e5ste s\u00e4ttas upp f\u00f6r deltagande och de slots som spelas. N\u00e4sta skillnad \u00e4r ocks\u00e5 i m\u00f6jligheten att k\u00f6pa l\u00e5n. <\/p>\n<p>Om du har uppt\u00e4ckt ett stort intresse f\u00f6r olika spelturneringar b\u00f6r du best\u00e4mma dig f\u00f6r en typ av erbjudande innan du b\u00f6rjar spela. Vi p\u00e5 BestCasinoListe. com tycker att slot-turneringar utan \u00e5terk\u00f6p \u00e4r betydligt r\u00e4ttvisare f\u00f6r spelaren. Naturligtvis \u00e4r det ocks\u00e5 viktigt att du personligen gillar typen av slotsturnering och \u00e4r bekant med den. Dessa punkter ger dig en bra utg\u00e5ngspunkt.    <\/p>\n\t\t\t\t\t\t\t\t<\/div>\n\t\t\t\t<\/div>\n\t\t\t\t<div class=\"elementor-element elementor-element-763878d elementor-widget elementor-widget-heading\" data-id=\"763878d\" data-element_type=\"widget\" data-widget_type=\"heading.default\">\n\t\t\t\t<div class=\"elementor-widget-container\">\n\t\t\t\t\t<h2 class=\"elementor-heading-title elementor-size-default\">Hur deltar man i en online slot-t\u00e4vling?<\/h2>\t\t\t\t<\/div>\n\t\t\t\t<\/div>\n\t\t\t\t<div class=\"elementor-element elementor-element-8500e97 elementor-widget elementor-widget-text-editor\" data-id=\"8500e97\" data-element_type=\"widget\" data-widget_type=\"text-editor.default\">\n\t\t\t\t<div class=\"elementor-widget-container\">\n\t\t\t\t\t\t\t\t\t<p>Om du har best\u00e4mt dig f\u00f6r att delta i en online slot-turnering kan du uttryckligen leta efter den. De flesta spelhallar online, s\u00e4rskilt de stora och ansedda onlinekasinon, har vanligtvis en bra aff\u00e4r \u00f6ppen f\u00f6r dig. <\/p>\n<p>Har du inte ett konto hos en onlinespelhall \u00e4nnu? D\u00e5 \u00e4r det bara att ta en titt p\u00e5 flera leverant\u00f6rer av spelhallar online. Du kommer snabbt att m\u00e4rka att alla har olika erbjudanden, den ena h\u00f6gre och den andra l\u00e4gre. Skillnaderna kan vara s\u00e5 extrema att spelare kan byta fram och tillbaka mellan online-spelhallarna, eftersom det ocks\u00e5 \u00e4r v\u00e4rt det.   <\/p>\n<p>Vissa onlinekasinon \u00e4r mycket spelarv\u00e4nliga, s\u00e5 ibland kan gratis slot-turneringar erbjudas. F\u00f6r spelaren \u00e4r detta en absolut v\u00e4lkomstg\u00e5va, f\u00f6r om man t\u00e4nker logiskt har man som spelare inget att f\u00f6rlora i en s\u00e5 kallad gratis slot-turnering &#8211; man kan bara vinna. Tyv\u00e4rr \u00e4r gratis online slot-turneringar inte det normala tillst\u00e5ndet i ett kasino och d\u00e4rf\u00f6r n\u00e5got av en s\u00e4llsynthet f\u00f6r spelare. Vanligtvis m\u00e5ste en deltagaravgift st\u00e4llas in, och sedan bara en vy \u00f6ver en av de f\u00f6rsta platserna. S\u00e5 njut av det till fullo om du n\u00e5gonsin skulle f\u00e5 ett s\u00e5dant erbjudande.    <\/p>\n\t\t\t\t\t\t\t\t<\/div>\n\t\t\t\t<\/div>\n\t\t\t\t<div class=\"elementor-element elementor-element-a439f8a elementor-widget elementor-widget-heading\" data-id=\"a439f8a\" data-element_type=\"widget\" data-widget_type=\"heading.default\">\n\t\t\t\t<div class=\"elementor-widget-container\">\n\t\t\t\t\t<h2 class=\"elementor-heading-title elementor-size-default\">Vilka typer av pokerturneringar online finns det?<\/h2>\t\t\t\t<\/div>\n\t\t\t\t<\/div>\n\t\t\t\t<div class=\"elementor-element elementor-element-70785d3 elementor-widget elementor-widget-text-editor\" data-id=\"70785d3\" data-element_type=\"widget\" data-widget_type=\"text-editor.default\">\n\t\t\t\t<div class=\"elementor-widget-container\">\n\t\t\t\t\t\t\t\t\t<p>I slotv\u00e4rlden finns det n\u00e5gra olika versioner av online slot-turneringar. Som n\u00e4mnts finns det gratisturneringar och s\u00e5 kallade buy-in-turneringar d\u00e4r en deltagaravgift fastst\u00e4lls initialt. F\u00f6rutom dessa typer av turneringar finns det ocks\u00e5 s\u00e5 kallade VIP-turneringar, d\u00e4r endast VIP-medlemmarna i respektive arkad kan delta.  <\/p>\n<p>De flesta slot-turneringar g\u00e5r till s\u00e5 att den spelare som har flest krediter vinner i slutet av omg\u00e5ngen. I vissa turneringsformat m\u00e5ste vissa kasinon ta h\u00e4nsyn till hur m\u00e5nga snurr som beh\u00f6vdes f\u00f6r omg\u00e5ngen och anv\u00e4nda detta kriterium f\u00f6r att avg\u00f6ra vinnaren. Ett f\u00e5tal snurr v\u00e4rderas ofta h\u00f6gre, eftersom du kan uppn\u00e5 h\u00f6gre genomsnittliga vinster.  <\/p>\n<p>Du kan enkelt j\u00e4mf\u00f6ra anm\u00e4lningsavgiften med antalet deltagare i turneringen och den m\u00f6jliga vinsten och avg\u00f6ra om risken \u00e4r v\u00e4rd att ta.<\/p>\n\t\t\t\t\t\t\t\t<\/div>\n\t\t\t\t<\/div>\n\t\t\t\t<div class=\"elementor-element elementor-element-b978530 elementor-widget elementor-widget-heading\" data-id=\"b978530\" data-element_type=\"widget\" data-widget_type=\"heading.default\">\n\t\t\t\t<div class=\"elementor-widget-container\">\n\t\t\t\t\t<h2 class=\"elementor-heading-title elementor-size-default\">Vilka regler finns i spelautomatturneringar?<\/h2>\t\t\t\t<\/div>\n\t\t\t\t<\/div>\n\t\t\t\t<\/div>\n\t\t<div class=\"elementor-element elementor-element-ee8b044 e-con-full e-flex e-con e-parent\" data-id=\"ee8b044\" data-element_type=\"container\">\n\t\t\t\t<div class=\"elementor-element elementor-element-bc504dd elementor-widget elementor-widget-text-editor\" data-id=\"bc504dd\" data-element_type=\"widget\" data-widget_type=\"text-editor.default\">\n\t\t\t\t<div class=\"elementor-widget-container\">\n\t\t\t\t\t\t\t\t\t<p>Grundprincipen f\u00f6r en slotsturnering online \u00e4r i princip densamma som f\u00f6r en vanlig slotmaskin. Skillnaden \u00e4r vanligtvis att du \u00e4r med i ett st\u00f6rre spel, vilket resulterar i n\u00e5got annorlunda spelf\u00f6rh\u00e5llanden. <\/p>\n<p>\u00d6vertr\u00e4delser av spelvillkor eller regler \u00e4r normalt inte m\u00f6jliga under en s\u00e5dan turnering, eftersom spelhallar online utformar vissa system f\u00f6r s\u00e5dana turneringar f\u00f6r att f\u00f6rhindra s\u00e5dana \u00f6vertr\u00e4delser. L\u00e5t oss anta att den h\u00f6gsta insatsen f\u00f6r ett snurr \u00e4r \u20ac1 och att du inte kan satsa mer \u00e4n s\u00e5 i den h\u00e4r turneringen. <\/p>\n<p>Vi ber dig starkt att l\u00e4sa villkoren f\u00f6r deltagande och turneringsreglerna f\u00f6re varje online slot-turnering f\u00f6r att undvika obehagliga \u00f6verraskningar i slutet. Vi rekommenderar att du ser till att det inte finns n\u00e5got re-buy-alternativ, eftersom dessa \u00e4r riskabla och turneringar med detta alternativ varar mycket l\u00e4ngre \u00e4n andra. Naturligtvis \u00e4r det ocks\u00e5 viktigt att ha den slot du gillar att spela och tillr\u00e4ckligt med tid f\u00f6r att spela den utan att bli st\u00f6rd.  <\/p>\n\t\t\t\t\t\t\t\t<\/div>\n\t\t\t\t<\/div>\n\t\t\t\t<div class=\"elementor-element elementor-element-7c2d005 elementor-widget elementor-widget-heading\" data-id=\"7c2d005\" data-element_type=\"widget\" data-widget_type=\"heading.default\">\n\t\t\t\t<div class=\"elementor-widget-container\">\n\t\t\t\t\t<h2 class=\"elementor-heading-title elementor-size-default\">Slutsats av onlineturneringar.<\/h2>\t\t\t\t<\/div>\n\t\t\t\t<\/div>\n\t\t\t\t<div class=\"elementor-element elementor-element-98cdf6b elementor-widget elementor-widget-text-editor\" data-id=\"98cdf6b\" data-element_type=\"widget\" data-widget_type=\"text-editor.default\">\n\t\t\t\t<div class=\"elementor-widget-container\">\n\t\t\t\t\t\t\t\t\t<p>Vi, som ett team p\u00e5 Casinoreturn.com, hoppas att du gillade v\u00e5r artikel om online slot-turneringar som var f\u00f6rberedd f\u00f6r dig och att du nu vet lite mer om \u00e4mnet. Naturligtvis \u00e4r det ett faktum att den mesta kunskapen erh\u00e5lls med erfarenhet. Det \u00e4r d\u00e4rf\u00f6r vi rekommenderar v\u00e5ra spelare att prova och se vilka arter som passar dem och vilka som inte g\u00f6r det. Efter att ha provat det kommer du snabbt att inse varf\u00f6r online slot-turneringar \u00e4r bland favoriterna bland spelare.   <\/p>\n<p>Trots den roliga faktorn ber vi dig att ta spelen p\u00e5 allvar. S\u00e5 kom ih\u00e5g villkoren, spela bara p\u00e5 v\u00e4lk\u00e4nda online-slotsturneringar och l\u00e5t dig inte st\u00f6ras under spelet f\u00f6r att beh\u00e5lla koncentrationen. <\/p><\/p>\n\t\t\t\t\t\t\t\t<\/div>\n\t\t\t\t<\/div>\n\t\t\t\t<div class=\"elementor-element elementor-element-43a52f4 elementor-widget elementor-widget-button\" data-id=\"43a52f4\" data-element_type=\"widget\" data-widget_type=\"button.default\">\n\t\t\t\t<div class=\"elementor-widget-container\">\n\t\t\t\t\t\t\t\t\t<div class=\"elementor-button-wrapper\">\n\t\t\t\t\t<a class=\"elementor-button elementor-button-link elementor-size-sm\" href=\"https:\/\/casinoreturn.com\/online-poker-casinos\/\">\n\t\t\t\t\t\t<span class=\"elementor-button-content-wrapper\">\n\t\t\t\t\t\t\t\t\t<span class=\"elementor-button-text\">Info om pokercasinon<\/span>\n\t\t\t\t\t<\/span>\n\t\t\t\t\t<\/a>\n\t\t\t\t<\/div>\n\t\t\t\t\t\t\t\t<\/div>\n\t\t\t\t<\/div>\n\t\t\t\t<div class=\"elementor-element elementor-element-498599f elementor--h-position-center elementor--v-position-middle elementor-arrows-position-inside elementor-pagination-position-inside elementor-widget elementor-widget-slides\" data-id=\"498599f\" data-element_type=\"widget\" data-settings=\"{&quot;navigation&quot;:&quot;both&quot;,&quot;autoplay&quot;:&quot;yes&quot;,&quot;pause_on_hover&quot;:&quot;yes&quot;,&quot;pause_on_interaction&quot;:&quot;yes&quot;,&quot;autoplay_speed&quot;:5000,&quot;infinite&quot;:&quot;yes&quot;,&quot;transition&quot;:&quot;slide&quot;,&quot;transition_speed&quot;:500}\" data-widget_type=\"slides.default\">\n\t\t\t\t<div class=\"elementor-widget-container\">\n\t\t\t\t\t\t\t<div class=\"elementor-swiper\">\n\t\t\t<div class=\"elementor-slides-wrapper elementor-main-swiper swiper-container\" dir=\"ltr\" data-animation=\"fadeInUp\">\n\t\t\t\t<div class=\"swiper-wrapper elementor-slides\">\n\t\t\t\t\t\t\t\t\t\t<div class=\"elementor-repeater-item-768f507 swiper-slide\"><div class=\"swiper-slide-bg\" role=\"img\"><\/div><div class=\"swiper-slide-inner\" ><div class=\"swiper-slide-contents\"><div class=\"elementor-slide-heading\">888 Poker-turnering<\/div><div class=\"elementor-slide-description\"><p>Former Del av en enorm gemenskap av pokerentusiaster  <\/p>\n<\/div><div  class=\"elementor-button elementor-slide-button elementor-size-sm\">Klicka h\u00e4r<\/div><\/div><\/div><\/div><div class=\"elementor-repeater-item-26d9523 swiper-slide\"><div class=\"swiper-slide-bg\" role=\"img\"><\/div><div class=\"swiper-slide-inner\" ><div class=\"swiper-slide-contents\"><div class=\"elementor-slide-heading\">Pokerstars turnering<\/div><div class=\"elementor-slide-description\"><p>Vem k\u00e4nner inte till detta husger\u00e5d som heter casino? Ha det s\u00e5 trevligt \ud83d\ude42   <\/p>\n<\/div><div  class=\"elementor-button elementor-slide-button elementor-size-sm\">Klicka h\u00e4r<\/div><\/div><\/div><\/div><div class=\"elementor-repeater-item-9cfd5f9 swiper-slide\"><div class=\"swiper-slide-bg\" role=\"img\"><\/div><div class=\"swiper-slide-inner\" ><div class=\"swiper-slide-contents\"><div class=\"elementor-slide-heading\">GG Poker-turnering<\/div><div class=\"elementor-slide-description\"><p>Modernt och sp\u00e4nnande. G\u00e5 med p\u00e5 mobil eller dator.   <\/p>\n<\/div><div  class=\"elementor-button elementor-slide-button elementor-size-sm\">Klicka h\u00e4r<\/div><\/div><\/div><\/div>\t\t\t\t<\/div>\n\t\t\t\t\t\t\t\t\t\t\t\t\t\t\t<div class=\"swiper-pagination\"><\/div>\n\t\t\t\t\t\t\t\t\t\t\t\t\t\t\t\t<div class=\"elementor-swiper-button elementor-swiper-button-prev\" role=\"button\" tabindex=\"0\">\n\t\t\t\t\t\t\t<i aria-hidden=\"true\" class=\"eicon-chevron-left\"><\/i>\t\t\t\t\t\t\t<span class=\"elementor-screen-only\">Previous slide<\/span>\n\t\t\t\t\t\t<\/div>\n\t\t\t\t\t\t<div class=\"elementor-swiper-button elementor-swiper-button-next\" role=\"button\" tabindex=\"0\">\n\t\t\t\t\t\t\t<i aria-hidden=\"true\" class=\"eicon-chevron-right\"><\/i>\t\t\t\t\t\t\t<span class=\"elementor-screen-only\">Next slide<\/span>\n\t\t\t\t\t\t<\/div>\n\t\t\t\t\t\t\t\t\t\t\t\t<\/div>\n\t\t<\/div>\n\t\t\t\t\t\t<\/div>\n\t\t\t\t<\/div>\n\t\t\t\t<\/div>\n\t\t\t\t<\/div>\n\t\t","protected":false},"excerpt":{"rendered":"<p>Kasinoturneringar p\u00e5 n\u00e4tet Din guide om turneringar och hur man spelar turneringar Online Casino Tournaments &amp; Spel p\u00e5 spelautomater \u00e4r inte gemenskapsspel. Om man inte tr\u00e4ffar v\u00e4nner eller bekanta p\u00e5 plats i en spelhall och spelar tillsammans, \u00e4r det ofta s\u00e5 att alla spelar f\u00f6r sig sj\u00e4lva p\u00e5 sina spelautomater. V\u00e5gen av onlineslots har \u00e5terigen [&hellip;]<\/p>\n","protected":false},"author":1,"featured_media":0,"parent":0,"menu_order":0,"comment_status":"closed","ping_status":"closed","template":"","meta":{"footnotes":""},"class_list":["post-4686","page","type-page","status-publish","hentry"],"blocksy_meta":[],"acf":[],"yoast_head":"<!-- This site is optimized with the Yoast SEO plugin v24.1 - https:\/\/yoast.com\/wordpress\/plugins\/seo\/ -->\n<title>Kasinoturneringar p\u00e5 n\u00e4tet - casinoreturn<\/title>\n<meta name=\"description\" content=\"Online kasinoturneringar \u00e4r ett underbart s\u00e4tt att ansluta och utbyta. Spela de senaste Online Casino Slots Tournaments h\u00e4r.\" \/>\n<meta name=\"robots\" content=\"index, follow, max-snippet:-1, max-image-preview:large, max-video-preview:-1\" \/>\n<link rel=\"canonical\" href=\"https:\/\/casinoreturn.com\/sv\/kasinoturneringar-pa-natet\/\" \/>\n<meta property=\"og:locale\" content=\"sv_SE\" \/>\n<meta property=\"og:type\" content=\"article\" \/>\n<meta property=\"og:title\" content=\"Kasinoturneringar p\u00e5 n\u00e4tet - casinoreturn\" \/>\n<meta property=\"og:description\" content=\"Online kasinoturneringar \u00e4r ett underbart s\u00e4tt att ansluta och utbyta. Spela de senaste Online Casino Slots Tournaments h\u00e4r.\" \/>\n<meta property=\"og:url\" content=\"https:\/\/casinoreturn.com\/sv\/kasinoturneringar-pa-natet\/\" \/>\n<meta property=\"og:site_name\" content=\"casinoreturn\" \/>\n<meta property=\"article:modified_time\" content=\"2024-12-02T18:10:52+00:00\" \/>\n<meta property=\"og:image\" content=\"https:\/\/casinoreturn.com\/wp-content\/uploads\/2024\/11\/Online-Casino-Tournaments.jpg\" \/>\n\t<meta property=\"og:image:width\" content=\"400\" \/>\n\t<meta property=\"og:image:height\" content=\"133\" \/>\n\t<meta property=\"og:image:type\" content=\"image\/jpeg\" \/>\n<meta name=\"twitter:card\" content=\"summary_large_image\" \/>\n<meta name=\"twitter:label1\" content=\"Ber\u00e4knad l\u00e4stid\" \/>\n\t<meta name=\"twitter:data1\" content=\"5 minuter\" \/>\n<script type=\"application\/ld+json\" class=\"yoast-schema-graph\">{\"@context\":\"https:\/\/schema.org\",\"@graph\":[{\"@type\":\"WebPage\",\"@id\":\"https:\/\/casinoreturn.com\/sv\/kasinoturneringar-pa-natet\/\",\"url\":\"https:\/\/casinoreturn.com\/sv\/kasinoturneringar-pa-natet\/\",\"name\":\"Kasinoturneringar p\u00e5 n\u00e4tet - casinoreturn\",\"isPartOf\":{\"@id\":\"https:\/\/casinoreturn.com\/#website\"},\"primaryImageOfPage\":{\"@id\":\"https:\/\/casinoreturn.com\/sv\/kasinoturneringar-pa-natet\/#primaryimage\"},\"image\":{\"@id\":\"https:\/\/casinoreturn.com\/sv\/kasinoturneringar-pa-natet\/#primaryimage\"},\"thumbnailUrl\":\"https:\/\/casinoreturn.com\/wp-content\/uploads\/2024\/11\/Online-Casino-Tournaments.jpg\",\"datePublished\":\"2024-11-20T12:23:31+00:00\",\"dateModified\":\"2024-12-02T18:10:52+00:00\",\"description\":\"Online kasinoturneringar \u00e4r ett underbart s\u00e4tt att ansluta och utbyta. Spela de senaste Online Casino Slots Tournaments h\u00e4r.\",\"breadcrumb\":{\"@id\":\"https:\/\/casinoreturn.com\/sv\/kasinoturneringar-pa-natet\/#breadcrumb\"},\"inLanguage\":\"sv-SE\",\"potentialAction\":[{\"@type\":\"ReadAction\",\"target\":[\"https:\/\/casinoreturn.com\/sv\/kasinoturneringar-pa-natet\/\"]}]},{\"@type\":\"ImageObject\",\"inLanguage\":\"sv-SE\",\"@id\":\"https:\/\/casinoreturn.com\/sv\/kasinoturneringar-pa-natet\/#primaryimage\",\"url\":\"https:\/\/casinoreturn.com\/wp-content\/uploads\/2024\/11\/Online-Casino-Tournaments.jpg\",\"contentUrl\":\"https:\/\/casinoreturn.com\/wp-content\/uploads\/2024\/11\/Online-Casino-Tournaments.jpg\"},{\"@type\":\"BreadcrumbList\",\"@id\":\"https:\/\/casinoreturn.com\/sv\/kasinoturneringar-pa-natet\/#breadcrumb\",\"itemListElement\":[{\"@type\":\"ListItem\",\"position\":1,\"name\":\"Home\",\"item\":\"https:\/\/casinoreturn.com\/sv\/home\/\"},{\"@type\":\"ListItem\",\"position\":2,\"name\":\"Kasinoturneringar p\u00e5 n\u00e4tet\"}]},{\"@type\":\"WebSite\",\"@id\":\"https:\/\/casinoreturn.com\/#website\",\"url\":\"https:\/\/casinoreturn.com\/\",\"name\":\"casinoreturn\",\"description\":\"\",\"publisher\":{\"@id\":\"https:\/\/casinoreturn.com\/#organization\"},\"potentialAction\":[{\"@type\":\"SearchAction\",\"target\":{\"@type\":\"EntryPoint\",\"urlTemplate\":\"https:\/\/casinoreturn.com\/?s={search_term_string}\"},\"query-input\":{\"@type\":\"PropertyValueSpecification\",\"valueRequired\":true,\"valueName\":\"search_term_string\"}}],\"inLanguage\":\"sv-SE\"},{\"@type\":\"Organization\",\"@id\":\"https:\/\/casinoreturn.com\/#organization\",\"name\":\"casinoreturn\",\"url\":\"https:\/\/casinoreturn.com\/\",\"logo\":{\"@type\":\"ImageObject\",\"inLanguage\":\"sv-SE\",\"@id\":\"https:\/\/casinoreturn.com\/#\/schema\/logo\/image\/\",\"url\":\"https:\/\/casinoreturn.com\/wp-content\/uploads\/2024\/09\/animal-favicon.png\",\"contentUrl\":\"https:\/\/casinoreturn.com\/wp-content\/uploads\/2024\/09\/animal-favicon.png\",\"width\":92,\"height\":92,\"caption\":\"casinoreturn\"},\"image\":{\"@id\":\"https:\/\/casinoreturn.com\/#\/schema\/logo\/image\/\"}}]}<\/script>\n<!-- \/ Yoast SEO plugin. -->","yoast_head_json":{"title":"Kasinoturneringar p\u00e5 n\u00e4tet - casinoreturn","description":"Online kasinoturneringar \u00e4r ett underbart s\u00e4tt att ansluta och utbyta. Spela de senaste Online Casino Slots Tournaments h\u00e4r.","robots":{"index":"index","follow":"follow","max-snippet":"max-snippet:-1","max-image-preview":"max-image-preview:large","max-video-preview":"max-video-preview:-1"},"canonical":"https:\/\/casinoreturn.com\/sv\/kasinoturneringar-pa-natet\/","og_locale":"sv_SE","og_type":"article","og_title":"Kasinoturneringar p\u00e5 n\u00e4tet - casinoreturn","og_description":"Online kasinoturneringar \u00e4r ett underbart s\u00e4tt att ansluta och utbyta. Spela de senaste Online Casino Slots Tournaments h\u00e4r.","og_url":"https:\/\/casinoreturn.com\/sv\/kasinoturneringar-pa-natet\/","og_site_name":"casinoreturn","article_modified_time":"2024-12-02T18:10:52+00:00","og_image":[{"width":400,"height":133,"url":"https:\/\/casinoreturn.com\/wp-content\/uploads\/2024\/11\/Online-Casino-Tournaments.jpg","type":"image\/jpeg"}],"twitter_card":"summary_large_image","twitter_misc":{"Ber\u00e4knad l\u00e4stid":"5 minuter"},"schema":{"@context":"https:\/\/schema.org","@graph":[{"@type":"WebPage","@id":"https:\/\/casinoreturn.com\/sv\/kasinoturneringar-pa-natet\/","url":"https:\/\/casinoreturn.com\/sv\/kasinoturneringar-pa-natet\/","name":"Kasinoturneringar p\u00e5 n\u00e4tet - casinoreturn","isPartOf":{"@id":"https:\/\/casinoreturn.com\/#website"},"primaryImageOfPage":{"@id":"https:\/\/casinoreturn.com\/sv\/kasinoturneringar-pa-natet\/#primaryimage"},"image":{"@id":"https:\/\/casinoreturn.com\/sv\/kasinoturneringar-pa-natet\/#primaryimage"},"thumbnailUrl":"https:\/\/casinoreturn.com\/wp-content\/uploads\/2024\/11\/Online-Casino-Tournaments.jpg","datePublished":"2024-11-20T12:23:31+00:00","dateModified":"2024-12-02T18:10:52+00:00","description":"Online kasinoturneringar \u00e4r ett underbart s\u00e4tt att ansluta och utbyta. Spela de senaste Online Casino Slots Tournaments h\u00e4r.","breadcrumb":{"@id":"https:\/\/casinoreturn.com\/sv\/kasinoturneringar-pa-natet\/#breadcrumb"},"inLanguage":"sv-SE","potentialAction":[{"@type":"ReadAction","target":["https:\/\/casinoreturn.com\/sv\/kasinoturneringar-pa-natet\/"]}]},{"@type":"ImageObject","inLanguage":"sv-SE","@id":"https:\/\/casinoreturn.com\/sv\/kasinoturneringar-pa-natet\/#primaryimage","url":"https:\/\/casinoreturn.com\/wp-content\/uploads\/2024\/11\/Online-Casino-Tournaments.jpg","contentUrl":"https:\/\/casinoreturn.com\/wp-content\/uploads\/2024\/11\/Online-Casino-Tournaments.jpg"},{"@type":"BreadcrumbList","@id":"https:\/\/casinoreturn.com\/sv\/kasinoturneringar-pa-natet\/#breadcrumb","itemListElement":[{"@type":"ListItem","position":1,"name":"Home","item":"https:\/\/casinoreturn.com\/sv\/home\/"},{"@type":"ListItem","position":2,"name":"Kasinoturneringar p\u00e5 n\u00e4tet"}]},{"@type":"WebSite","@id":"https:\/\/casinoreturn.com\/#website","url":"https:\/\/casinoreturn.com\/","name":"casinoreturn","description":"","publisher":{"@id":"https:\/\/casinoreturn.com\/#organization"},"potentialAction":[{"@type":"SearchAction","target":{"@type":"EntryPoint","urlTemplate":"https:\/\/casinoreturn.com\/?s={search_term_string}"},"query-input":{"@type":"PropertyValueSpecification","valueRequired":true,"valueName":"search_term_string"}}],"inLanguage":"sv-SE"},{"@type":"Organization","@id":"https:\/\/casinoreturn.com\/#organization","name":"casinoreturn","url":"https:\/\/casinoreturn.com\/","logo":{"@type":"ImageObject","inLanguage":"sv-SE","@id":"https:\/\/casinoreturn.com\/#\/schema\/logo\/image\/","url":"https:\/\/casinoreturn.com\/wp-content\/uploads\/2024\/09\/animal-favicon.png","contentUrl":"https:\/\/casinoreturn.com\/wp-content\/uploads\/2024\/09\/animal-favicon.png","width":92,"height":92,"caption":"casinoreturn"},"image":{"@id":"https:\/\/casinoreturn.com\/#\/schema\/logo\/image\/"}}]}},"_links":{"self":[{"href":"https:\/\/casinoreturn.com\/sv\/wp-json\/wp\/v2\/pages\/4686","targetHints":{"allow":["GET"]}}],"collection":[{"href":"https:\/\/casinoreturn.com\/sv\/wp-json\/wp\/v2\/pages"}],"about":[{"href":"https:\/\/casinoreturn.com\/sv\/wp-json\/wp\/v2\/types\/page"}],"author":[{"embeddable":true,"href":"https:\/\/casinoreturn.com\/sv\/wp-json\/wp\/v2\/users\/1"}],"replies":[{"embeddable":true,"href":"https:\/\/casinoreturn.com\/sv\/wp-json\/wp\/v2\/comments?post=4686"}],"version-history":[{"count":1,"href":"https:\/\/casinoreturn.com\/sv\/wp-json\/wp\/v2\/pages\/4686\/revisions"}],"predecessor-version":[{"id":4687,"href":"https:\/\/casinoreturn.com\/sv\/wp-json\/wp\/v2\/pages\/4686\/revisions\/4687"}],"wp:attachment":[{"href":"https:\/\/casinoreturn.com\/sv\/wp-json\/wp\/v2\/media?parent=4686"}],"curies":[{"name":"wp","href":"https:\/\/api.w.org\/{rel}","templated":true}]}}