{"id":4978,"date":"2024-11-13T14:22:59","date_gmt":"2024-11-13T14:22:59","guid":{"rendered":"https:\/\/casinoreturn.com\/fantasy-football-betting-casinos\/"},"modified":"2025-10-31T13:42:44","modified_gmt":"2025-10-31T13:42:44","slug":"fantasy-football-betting-casinos","status":"publish","type":"page","link":"https:\/\/casinoreturn.com\/sv\/fantasy-football-betting-casinos\/","title":{"rendered":"Fantasy Football Betting Casinos"},"content":{"rendered":"\t\t<div data-elementor-type=\"wp-page\" data-elementor-id=\"4978\" class=\"elementor elementor-4978\" data-elementor-post-type=\"page\">\n\t\t\t\t<div class=\"elementor-element elementor-element-642d999 e-con-full e-flex e-con e-parent\" data-id=\"642d999\" data-element_type=\"container\">\n\t\t\t\t<div class=\"elementor-element elementor-element-d027b58 elementor-widget elementor-widget-image\" data-id=\"d027b58\" data-element_type=\"widget\" data-widget_type=\"image.default\">\n\t\t\t\t<div class=\"elementor-widget-container\">\n\t\t\t\t\t\t\t\t\t\t\t\t\t\t\t<img decoding=\"async\" src=\"https:\/\/casinoreturn.com\/wp-content\/uploads\/elementor\/thumbs\/Fantasy-Football-Casino-qx0213mld26kmw2y2bvw2cqpmcar1kh6oms60z1sr4.jpg\" title=\"Fantasy Football Casino\" alt=\"Fantasy Football Casino Betting\" loading=\"lazy\" \/>\t\t\t\t\t\t\t\t\t\t\t\t\t\t\t<\/div>\n\t\t\t\t<\/div>\n\t\t\t\t<div class=\"elementor-element elementor-element-1095682 elementor-widget elementor-widget-heading\" data-id=\"1095682\" data-element_type=\"widget\" data-widget_type=\"heading.default\">\n\t\t\t\t<div class=\"elementor-widget-container\">\n\t\t\t\t\t<h2 class=\"elementor-heading-title elementor-size-default\">Fantasy Football Casino Betting<\/h2>\t\t\t\t<\/div>\n\t\t\t\t<\/div>\n\t\t\t\t<div class=\"elementor-element elementor-element-77d5a60 elementor-widget elementor-widget-text-editor\" data-id=\"77d5a60\" data-element_type=\"widget\" data-widget_type=\"text-editor.default\">\n\t\t\t\t<div class=\"elementor-widget-container\">\n\t\t\t\t\t\t\t\t\t<h3>Vad \u00e4r fantasy football?<\/h3>\n<p>Vad \u00e4r egentligen fantasifotboll? P\u00e5 s\u00e5 s\u00e4tt kan du bli general manager f\u00f6r ditt fotbollslag, d\u00e4r du &#8211; och bara du &#8211; best\u00e4mmer vilka spelare du vill ha. <\/p>\n<h5>Val av egna spelare<\/h5>\n<p>Du v\u00e4ljer en lista med NFL-spelare till ditt lag och anv\u00e4nder deras verkliga data f\u00f6r att t\u00e4vla med andra liknande utvalda lag f\u00f6r att avg\u00f6ra vilken chef som presterar b\u00e4st. Under varje vecka av fotbollss\u00e4songen avg\u00f6r prestationen hos de spelare som du s\u00e4tter i startuppst\u00e4llningen om ditt fantasylag lyckas eller misslyckas. <\/p>\n<h5>Byt ut dina spelare<\/h5>\n<p>Du kan v\u00e4lja ers\u00e4ttningsspelare som sitter p\u00e5 b\u00e4nken, arbeta p\u00e5 gratislinjen f\u00f6r att f\u00e5 heta delar eller f\u00f6rs\u00f6ka bli av med en \u00e5ldrande veteran innan hjulet tappar i utbyte mot en nyb\u00f6rjare som h\u00e5ller p\u00e5 att ta eld. N\u00e4r du har registrerat dig i ditt online-spelbibliotek v\u00e4ljer du din favoritliga f\u00f6rst, och ditt f\u00f6rsta spel i Fantasy Football kommer inte l\u00e4ngre att st\u00e5 i v\u00e4gen! N\u00e4r du v\u00e4ljer en liga b\u00f6r du ocks\u00e5 \u00f6verv\u00e4ga f\u00f6ljande punkter:  <\/p>\n<h4>Saker att t\u00e4nka p\u00e5 i Fantasy Football<\/h4>\n<p>Det finns ligor i alla storlekar och du kan v\u00e4lja om du bara vill delta i fyra lag eller upp till 30 lag. Ju f\u00e4rre \u00e4gare, desto fler superstj\u00e4rnor i varje trupp. Men om din liga har f\u00f6r m\u00e5nga lag och du vill ordna en lista en g\u00e5ng i veckan kan du beh\u00f6va veta namnet p\u00e5 close end i fj\u00e4rde raden. Detta kan vara mer tuggbart \u00e4n vanliga fans.   <\/p>\n<h5>Liga med 12 lag<\/h5>\n<p>F\u00f6r mig \u00e4r 12 den perfekta storleken f\u00f6r Fantasy Football League. P\u00e5 s\u00e5 s\u00e4tt kommer varje lag s\u00e5 sm\u00e5ningom att ha en bra blandning av talanger; varje lag kommer inte bara att ha flera spelare, utan \u00e4garen m\u00e5ste ocks\u00e5 n\u00e5 djupare in i spelarpoolen f\u00f6r att komplettera spelarlistan. Det kommer dock sannolikt att finnas bra spelare om alla spelarlistor \u00e4r fyllda. S\u00e5 n\u00e4r s\u00e4songen \u00e4r i full g\u00e5ng kan bossarna f\u00f6rb\u00e4ttra sitt territorium.   <\/p>\n\t\t\t\t\t\t\t\t<\/div>\n\t\t\t\t<\/div>\n\t\t\t\t<div class=\"elementor-element elementor-element-b8c877b elementor-widget elementor-widget-heading\" data-id=\"b8c877b\" data-element_type=\"widget\" data-widget_type=\"heading.default\">\n\t\t\t\t<div class=\"elementor-widget-container\">\n\t\t\t\t\t<h3 class=\"elementor-heading-title elementor-size-default\">Hur satsar man p\u00e5 Fantasy Football?<\/h3>\t\t\t\t<\/div>\n\t\t\t\t<\/div>\n\t\t\t\t<div class=\"elementor-element elementor-element-65d3835 elementor-widget elementor-widget-text-editor\" data-id=\"65d3835\" data-element_type=\"widget\" data-widget_type=\"text-editor.default\">\n\t\t\t\t<div class=\"elementor-widget-container\">\n\t\t\t\t\t\t\t\t\t<p>I f\u00f6ljande artikel kommer vi att ta itu med fr\u00e5gan om hur Fantasy Football fungerar eller &#8221;Hur fungerar NFL Fantasy Football&#8221;? Eller &#8221;Hur fungerar Fantasy Football Draft&#8221;? Dessutom unders\u00f6ker vi fr\u00e5gan om i vilken utstr\u00e4ckning en fantasy\u00e4gare tilldelas en viss spelare.  <\/p>\n<h5>Hur fungerar NFL Fantasy Draft?<\/h5>\n<p>De flesta ligor v\u00e4ljer utkast, d\u00e4r chefen turas om att v\u00e4lja spelare som \u00e4nnu inte har tilldelats laget. Vanligtvis sker utformningen i en k\u00f6, d\u00e4r teamet r\u00f6star f\u00f6rst i en omg\u00e5ng och sist i n\u00e4sta omg\u00e5ng f\u00f6r att s\u00e4kerst\u00e4lla balansen i teamet. Ett annat s\u00e4tt att sprida information \u00e4r genom auktioner.<\/p>\n<h5>Vad h\u00e4nder i en auktion f\u00f6r lagspelare?<\/h5>\n<p>I auktionsformatet b\u00f6rjar alla lag med samma summa fantasipengar och nominerar sedan en spelare. Det h\u00f6gsta budet f\u00f6r en viss spelare vinner, men naturligtvis har den vinnande \u00e4garen nu mindre pengar tillg\u00e4ngliga f\u00f6r att bjuda p\u00e5 efterf\u00f6ljande spelare. S\u00e5 \u00e4ven om auktionen g\u00f6r det m\u00f6jligt f\u00f6r varje chef att ta hand om de spelare de vill ha, m\u00e5ste varje chef vara uppm\u00e4rksam p\u00e5 en rimlig budget, annars kan han ha tre kandidater bredvid ett g\u00e4ng &#8221;buskar&#8221;. &#8221;  <\/p>\n\t\t\t\t\t\t\t\t<\/div>\n\t\t\t\t<\/div>\n\t\t\t\t<div class=\"elementor-element elementor-element-f39cfac elementor-widget elementor-widget-image\" data-id=\"f39cfac\" data-element_type=\"widget\" data-widget_type=\"image.default\">\n\t\t\t\t<div class=\"elementor-widget-container\">\n\t\t\t\t\t\t\t\t\t\t\t\t\t\t\t<img decoding=\"async\" src=\"https:\/\/casinoreturn.com\/wp-content\/uploads\/elementor\/thumbs\/Fantasy-Football-Betting-qx02bndcu9ujrxxwe1uggpwkyijm1f47ij8zsbghxs.jpg\" title=\"Fantasy Football Betting\" alt=\"Fantasy Football Betting\" loading=\"lazy\" \/>\t\t\t\t\t\t\t\t\t\t\t\t\t\t\t<\/div>\n\t\t\t\t<\/div>\n\t\t\t\t<div class=\"elementor-element elementor-element-9a86ccb elementor-widget elementor-widget-heading\" data-id=\"9a86ccb\" data-element_type=\"widget\" data-widget_type=\"heading.default\">\n\t\t\t\t<div class=\"elementor-widget-container\">\n\t\t\t\t\t<h3 class=\"elementor-heading-title elementor-size-default\">B\u00e4sta tipsen f\u00f6r att satsa p\u00e5 Fantasy Football:<\/h3>\t\t\t\t<\/div>\n\t\t\t\t<\/div>\n\t\t\t\t<div class=\"elementor-element elementor-element-74ad2b2 elementor-widget elementor-widget-text-editor\" data-id=\"74ad2b2\" data-element_type=\"widget\" data-widget_type=\"text-editor.default\">\n\t\t\t\t<div class=\"elementor-widget-container\">\n\t\t\t\t\t\t\t\t\t<p>Vissa ligor har en ny draft i b\u00f6rjan av varje s\u00e4song. Andra erbjuder dock \u00e4garna m\u00f6jligheten att beh\u00e5lla spelare i sina lag under flera s\u00e4songer. <\/p>\n<h5>Dags f\u00f6r beslut i Fantasy Foofball<\/h5>\n<p>Beslutet b\u00f6r dock fattas s\u00e5 tidigt som m\u00f6jligt eftersom du d\u00e5 vet om en spelare kommer att stanna i laget l\u00e4nge eller kort. Oavsett vilken metod du v\u00e4ljer i slut\u00e4ndan b\u00f6r du i allm\u00e4nhet f\u00e5 en k\u00e4nsla f\u00f6r hur en draft ser ut och fungerar, och b\u00e4st innan du p\u00e5b\u00f6rjar den. <\/p>\n\t\t\t\t\t\t\t\t<\/div>\n\t\t\t\t<\/div>\n\t\t\t\t<div class=\"elementor-element elementor-element-f389443 elementor-widget elementor-widget-heading\" data-id=\"f389443\" data-element_type=\"widget\" data-widget_type=\"heading.default\">\n\t\t\t\t<div class=\"elementor-widget-container\">\n\t\t\t\t\t<h3 class=\"elementor-heading-title elementor-size-default\">B\u00e4sta bettingkasinon f\u00f6r Fantasy Football?<\/h3>\t\t\t\t<\/div>\n\t\t\t\t<\/div>\n\t\t\t\t<div class=\"elementor-element elementor-element-44ba9f8 elementor-widget elementor-widget-text-editor\" data-id=\"44ba9f8\" data-element_type=\"widget\" data-widget_type=\"text-editor.default\">\n\t\t\t\t<div class=\"elementor-widget-container\">\n\t\t\t\t\t\t\t\t\t<ul>\n<li>Lorem ipsum dolor sit amet, consectetur adipiscing elit. Ut elit tellus, luctus nec ullamcorper mattis, pulvinar dapibus leo. <\/li>\n<\/ul>\n\t\t\t\t\t\t\t\t<\/div>\n\t\t\t\t<\/div>\n\t\t\t\t<\/div>\n\t\t\t\t<\/div>\n\t\t","protected":false},"excerpt":{"rendered":"<p>Fantasy Football Casino Betting Vad \u00e4r fantasy football? Vad \u00e4r egentligen fantasifotboll? P\u00e5 s\u00e5 s\u00e4tt kan du bli general manager f\u00f6r ditt fotbollslag, d\u00e4r du &#8211; och bara du &#8211; best\u00e4mmer vilka spelare du vill ha. Val av egna spelare Du v\u00e4ljer en lista med NFL-spelare till ditt lag och anv\u00e4nder deras verkliga data f\u00f6r [&hellip;]<\/p>\n","protected":false},"author":1,"featured_media":0,"parent":0,"menu_order":0,"comment_status":"closed","ping_status":"closed","template":"","meta":{"footnotes":""},"class_list":["post-4978","page","type-page","status-publish","hentry"],"blocksy_meta":[],"acf":[],"yoast_head":"<!-- This site is optimized with the Yoast SEO plugin v24.1 - https:\/\/yoast.com\/wordpress\/plugins\/seo\/ -->\n<title>Fantasy Football Betting Casinos - casinoreturn<\/title>\n<meta name=\"description\" content=\"Fantasy Football Betting Casinos \u00e4r inte de vanligaste. Att engagera sig och utbyta resultat och prata om det, \u00e4r nyckeln till spelare.\" \/>\n<meta name=\"robots\" content=\"index, follow, max-snippet:-1, max-image-preview:large, max-video-preview:-1\" \/>\n<link rel=\"canonical\" href=\"https:\/\/casinoreturn.com\/sv\/fantasy-football-betting-casinos\/\" \/>\n<meta property=\"og:locale\" content=\"sv_SE\" \/>\n<meta property=\"og:type\" content=\"article\" \/>\n<meta property=\"og:title\" content=\"Fantasy Football Betting Casinos - casinoreturn\" \/>\n<meta property=\"og:description\" content=\"Fantasy Football Betting Casinos \u00e4r inte de vanligaste. Att engagera sig och utbyta resultat och prata om det, \u00e4r nyckeln till spelare.\" \/>\n<meta property=\"og:url\" content=\"https:\/\/casinoreturn.com\/sv\/fantasy-football-betting-casinos\/\" \/>\n<meta property=\"og:site_name\" content=\"casinoreturn\" \/>\n<meta property=\"article:modified_time\" content=\"2025-10-31T13:42:44+00:00\" \/>\n<meta property=\"og:image\" content=\"https:\/\/casinoreturn.com\/wp-content\/uploads\/elementor\/thumbs\/Fantasy-Football-Casino-qx0213mld26kmw2y2bvw2cqpmcar1kh6oms60z1sr4.jpg\" \/>\n<meta name=\"twitter:card\" content=\"summary_large_image\" \/>\n<meta name=\"twitter:label1\" content=\"Ber\u00e4knad l\u00e4stid\" \/>\n\t<meta name=\"twitter:data1\" content=\"4 minuter\" \/>\n<script type=\"application\/ld+json\" class=\"yoast-schema-graph\">{\"@context\":\"https:\/\/schema.org\",\"@graph\":[{\"@type\":\"WebPage\",\"@id\":\"https:\/\/casinoreturn.com\/sv\/fantasy-football-betting-casinos\/\",\"url\":\"https:\/\/casinoreturn.com\/sv\/fantasy-football-betting-casinos\/\",\"name\":\"Fantasy Football Betting Casinos - casinoreturn\",\"isPartOf\":{\"@id\":\"https:\/\/casinoreturn.com\/#website\"},\"primaryImageOfPage\":{\"@id\":\"https:\/\/casinoreturn.com\/sv\/fantasy-football-betting-casinos\/#primaryimage\"},\"image\":{\"@id\":\"https:\/\/casinoreturn.com\/sv\/fantasy-football-betting-casinos\/#primaryimage\"},\"thumbnailUrl\":\"https:\/\/casinoreturn.com\/wp-content\/uploads\/elementor\/thumbs\/Fantasy-Football-Casino-qx0213mld26kmw2y2bvw2cqpmcar1kh6oms60z1sr4.jpg\",\"datePublished\":\"2024-11-13T14:22:59+00:00\",\"dateModified\":\"2025-10-31T13:42:44+00:00\",\"description\":\"Fantasy Football Betting Casinos \u00e4r inte de vanligaste. Att engagera sig och utbyta resultat och prata om det, \u00e4r nyckeln till spelare.\",\"breadcrumb\":{\"@id\":\"https:\/\/casinoreturn.com\/sv\/fantasy-football-betting-casinos\/#breadcrumb\"},\"inLanguage\":\"sv-SE\",\"potentialAction\":[{\"@type\":\"ReadAction\",\"target\":[\"https:\/\/casinoreturn.com\/sv\/fantasy-football-betting-casinos\/\"]}]},{\"@type\":\"ImageObject\",\"inLanguage\":\"sv-SE\",\"@id\":\"https:\/\/casinoreturn.com\/sv\/fantasy-football-betting-casinos\/#primaryimage\",\"url\":\"https:\/\/casinoreturn.com\/wp-content\/uploads\/elementor\/thumbs\/Fantasy-Football-Casino-qx0213mld26kmw2y2bvw2cqpmcar1kh6oms60z1sr4.jpg\",\"contentUrl\":\"https:\/\/casinoreturn.com\/wp-content\/uploads\/elementor\/thumbs\/Fantasy-Football-Casino-qx0213mld26kmw2y2bvw2cqpmcar1kh6oms60z1sr4.jpg\"},{\"@type\":\"BreadcrumbList\",\"@id\":\"https:\/\/casinoreturn.com\/sv\/fantasy-football-betting-casinos\/#breadcrumb\",\"itemListElement\":[{\"@type\":\"ListItem\",\"position\":1,\"name\":\"Home\",\"item\":\"https:\/\/casinoreturn.com\/sv\/home\/\"},{\"@type\":\"ListItem\",\"position\":2,\"name\":\"Fantasy Football Betting Casinos\"}]},{\"@type\":\"WebSite\",\"@id\":\"https:\/\/casinoreturn.com\/#website\",\"url\":\"https:\/\/casinoreturn.com\/\",\"name\":\"casinoreturn\",\"description\":\"\",\"publisher\":{\"@id\":\"https:\/\/casinoreturn.com\/#organization\"},\"potentialAction\":[{\"@type\":\"SearchAction\",\"target\":{\"@type\":\"EntryPoint\",\"urlTemplate\":\"https:\/\/casinoreturn.com\/?s={search_term_string}\"},\"query-input\":{\"@type\":\"PropertyValueSpecification\",\"valueRequired\":true,\"valueName\":\"search_term_string\"}}],\"inLanguage\":\"sv-SE\"},{\"@type\":\"Organization\",\"@id\":\"https:\/\/casinoreturn.com\/#organization\",\"name\":\"casinoreturn\",\"url\":\"https:\/\/casinoreturn.com\/\",\"logo\":{\"@type\":\"ImageObject\",\"inLanguage\":\"sv-SE\",\"@id\":\"https:\/\/casinoreturn.com\/#\/schema\/logo\/image\/\",\"url\":\"https:\/\/casinoreturn.com\/wp-content\/uploads\/2024\/09\/animal-favicon.png\",\"contentUrl\":\"https:\/\/casinoreturn.com\/wp-content\/uploads\/2024\/09\/animal-favicon.png\",\"width\":92,\"height\":92,\"caption\":\"casinoreturn\"},\"image\":{\"@id\":\"https:\/\/casinoreturn.com\/#\/schema\/logo\/image\/\"}}]}<\/script>\n<!-- \/ Yoast SEO plugin. -->","yoast_head_json":{"title":"Fantasy Football Betting Casinos - casinoreturn","description":"Fantasy Football Betting Casinos \u00e4r inte de vanligaste. Att engagera sig och utbyta resultat och prata om det, \u00e4r nyckeln till spelare.","robots":{"index":"index","follow":"follow","max-snippet":"max-snippet:-1","max-image-preview":"max-image-preview:large","max-video-preview":"max-video-preview:-1"},"canonical":"https:\/\/casinoreturn.com\/sv\/fantasy-football-betting-casinos\/","og_locale":"sv_SE","og_type":"article","og_title":"Fantasy Football Betting Casinos - casinoreturn","og_description":"Fantasy Football Betting Casinos \u00e4r inte de vanligaste. Att engagera sig och utbyta resultat och prata om det, \u00e4r nyckeln till spelare.","og_url":"https:\/\/casinoreturn.com\/sv\/fantasy-football-betting-casinos\/","og_site_name":"casinoreturn","article_modified_time":"2025-10-31T13:42:44+00:00","og_image":[{"url":"https:\/\/casinoreturn.com\/wp-content\/uploads\/elementor\/thumbs\/Fantasy-Football-Casino-qx0213mld26kmw2y2bvw2cqpmcar1kh6oms60z1sr4.jpg","type":"","width":"","height":""}],"twitter_card":"summary_large_image","twitter_misc":{"Ber\u00e4knad l\u00e4stid":"4 minuter"},"schema":{"@context":"https:\/\/schema.org","@graph":[{"@type":"WebPage","@id":"https:\/\/casinoreturn.com\/sv\/fantasy-football-betting-casinos\/","url":"https:\/\/casinoreturn.com\/sv\/fantasy-football-betting-casinos\/","name":"Fantasy Football Betting Casinos - casinoreturn","isPartOf":{"@id":"https:\/\/casinoreturn.com\/#website"},"primaryImageOfPage":{"@id":"https:\/\/casinoreturn.com\/sv\/fantasy-football-betting-casinos\/#primaryimage"},"image":{"@id":"https:\/\/casinoreturn.com\/sv\/fantasy-football-betting-casinos\/#primaryimage"},"thumbnailUrl":"https:\/\/casinoreturn.com\/wp-content\/uploads\/elementor\/thumbs\/Fantasy-Football-Casino-qx0213mld26kmw2y2bvw2cqpmcar1kh6oms60z1sr4.jpg","datePublished":"2024-11-13T14:22:59+00:00","dateModified":"2025-10-31T13:42:44+00:00","description":"Fantasy Football Betting Casinos \u00e4r inte de vanligaste. Att engagera sig och utbyta resultat och prata om det, \u00e4r nyckeln till spelare.","breadcrumb":{"@id":"https:\/\/casinoreturn.com\/sv\/fantasy-football-betting-casinos\/#breadcrumb"},"inLanguage":"sv-SE","potentialAction":[{"@type":"ReadAction","target":["https:\/\/casinoreturn.com\/sv\/fantasy-football-betting-casinos\/"]}]},{"@type":"ImageObject","inLanguage":"sv-SE","@id":"https:\/\/casinoreturn.com\/sv\/fantasy-football-betting-casinos\/#primaryimage","url":"https:\/\/casinoreturn.com\/wp-content\/uploads\/elementor\/thumbs\/Fantasy-Football-Casino-qx0213mld26kmw2y2bvw2cqpmcar1kh6oms60z1sr4.jpg","contentUrl":"https:\/\/casinoreturn.com\/wp-content\/uploads\/elementor\/thumbs\/Fantasy-Football-Casino-qx0213mld26kmw2y2bvw2cqpmcar1kh6oms60z1sr4.jpg"},{"@type":"BreadcrumbList","@id":"https:\/\/casinoreturn.com\/sv\/fantasy-football-betting-casinos\/#breadcrumb","itemListElement":[{"@type":"ListItem","position":1,"name":"Home","item":"https:\/\/casinoreturn.com\/sv\/home\/"},{"@type":"ListItem","position":2,"name":"Fantasy Football Betting Casinos"}]},{"@type":"WebSite","@id":"https:\/\/casinoreturn.com\/#website","url":"https:\/\/casinoreturn.com\/","name":"casinoreturn","description":"","publisher":{"@id":"https:\/\/casinoreturn.com\/#organization"},"potentialAction":[{"@type":"SearchAction","target":{"@type":"EntryPoint","urlTemplate":"https:\/\/casinoreturn.com\/?s={search_term_string}"},"query-input":{"@type":"PropertyValueSpecification","valueRequired":true,"valueName":"search_term_string"}}],"inLanguage":"sv-SE"},{"@type":"Organization","@id":"https:\/\/casinoreturn.com\/#organization","name":"casinoreturn","url":"https:\/\/casinoreturn.com\/","logo":{"@type":"ImageObject","inLanguage":"sv-SE","@id":"https:\/\/casinoreturn.com\/#\/schema\/logo\/image\/","url":"https:\/\/casinoreturn.com\/wp-content\/uploads\/2024\/09\/animal-favicon.png","contentUrl":"https:\/\/casinoreturn.com\/wp-content\/uploads\/2024\/09\/animal-favicon.png","width":92,"height":92,"caption":"casinoreturn"},"image":{"@id":"https:\/\/casinoreturn.com\/#\/schema\/logo\/image\/"}}]}},"_links":{"self":[{"href":"https:\/\/casinoreturn.com\/sv\/wp-json\/wp\/v2\/pages\/4978","targetHints":{"allow":["GET"]}}],"collection":[{"href":"https:\/\/casinoreturn.com\/sv\/wp-json\/wp\/v2\/pages"}],"about":[{"href":"https:\/\/casinoreturn.com\/sv\/wp-json\/wp\/v2\/types\/page"}],"author":[{"embeddable":true,"href":"https:\/\/casinoreturn.com\/sv\/wp-json\/wp\/v2\/users\/1"}],"replies":[{"embeddable":true,"href":"https:\/\/casinoreturn.com\/sv\/wp-json\/wp\/v2\/comments?post=4978"}],"version-history":[{"count":3,"href":"https:\/\/casinoreturn.com\/sv\/wp-json\/wp\/v2\/pages\/4978\/revisions"}],"predecessor-version":[{"id":15885,"href":"https:\/\/casinoreturn.com\/sv\/wp-json\/wp\/v2\/pages\/4978\/revisions\/15885"}],"wp:attachment":[{"href":"https:\/\/casinoreturn.com\/sv\/wp-json\/wp\/v2\/media?parent=4978"}],"curies":[{"name":"wp","href":"https:\/\/api.w.org\/{rel}","templated":true}]}}