{"id":5000,"date":"2024-11-03T10:12:19","date_gmt":"2024-11-03T10:12:19","guid":{"rendered":"https:\/\/casinoreturn.com\/amerikansk-fotboll-kanada-for-nyborjare\/"},"modified":"2025-02-12T15:50:49","modified_gmt":"2025-02-12T15:50:49","slug":"amerikansk-fotboll-kanada-for-nyborjare","status":"publish","type":"page","link":"https:\/\/casinoreturn.com\/sv\/amerikansk-fotboll-kanada-for-nyborjare\/","title":{"rendered":"Amerikansk fotboll Kanada f\u00f6r nyb\u00f6rjare"},"content":{"rendered":"\t\t<div data-elementor-type=\"wp-page\" data-elementor-id=\"5000\" class=\"elementor elementor-5000\" data-elementor-post-type=\"page\">\n\t\t\t\t<div class=\"elementor-element elementor-element-192ee5b7 e-flex e-con-boxed e-con e-parent\" data-id=\"192ee5b7\" data-element_type=\"container\">\n\t\t\t\t\t<div class=\"e-con-inner\">\n\t\t\t\t<div class=\"elementor-element elementor-element-266bc16c elementor-widget elementor-widget-text-editor\" data-id=\"266bc16c\" data-element_type=\"widget\" data-widget_type=\"text-editor.default\">\n\t\t\t\t<div class=\"elementor-widget-container\">\n\t\t\t\t\t\t\t\t\t<h4 class=\"wp-block-heading\">Amerikansk fotboll Kanada och dess grundregler.<\/h4>\n<p><strong>Men f\u00f6rst saker f\u00f6rst: kolla in Lucky Days Casino och deras Casino Review.<\/strong> <\/p>\n<div id=\"element-384\" class=\"widget item-absolute headline \" data-at=\"headline\">\n<div class=\"contents\">\n<h1><span class=\"x_949eba9a x_7911f47e\"><span class=\"x_f2074b6c\">UPP TILL CAD$<\/span> 1500<span class=\"x_f2074b6c\"> I BONUS + 100 gratissnurr <\/span> <\/span><\/h1>\n<p><a href=\"https:\/\/media.luckydaysaffiliates.com\/redirect.aspx?pid=13114&amp;bid=1586\" target=\"_blank\" rel=\"noopener\"><strong>H\u00e4mta din exklusiva Lucky Days-bonus H\u00c4R<\/strong><\/a><\/p>\n<p>Villkor och best\u00e4mmelser g\u00e4ller  <\/p>\n<\/div>\n<\/div>\n<p><img fetchpriority=\"high\" decoding=\"async\" class=\"size-medium wp-image-6372\" src=\"https:\/\/casinoreturn.com\/wp-content\/uploads\/2024\/12\/Lucky-Days-casino-300x300.png\" alt=\"Lucky-Days-casino\" width=\"300\" height=\"300\" srcset=\"https:\/\/casinoreturn.com\/wp-content\/uploads\/2024\/12\/Lucky-Days-casino-300x300.png 300w, https:\/\/casinoreturn.com\/wp-content\/uploads\/2024\/12\/Lucky-Days-casino-150x150.png 150w, https:\/\/casinoreturn.com\/wp-content\/uploads\/2024\/12\/Lucky-Days-casino.png 500w\" sizes=\"(max-width: 300px) 100vw, 300px\" \/><\/p>\n<h5>Vilka \u00e4r bonusvillkoren f\u00f6r Lucky Days Casino Bonus?<\/h5>\n<p>Ins\u00e4ttning CAD $ 20 eller mer. 30x satsning. Max insats CAD $ 5 per insats. Egna medel anv\u00e4nds f\u00f6rst. 30 dagars utg\u00e5ng. Free Spins f\u00f6rfaller efter 24 timmar. M\u00e5ste oms\u00e4ttas 25x p\u00e5 utvalda spel.      <\/p>\n<h5>Vilka \u00e4r grunderna i amerikansk fotboll i Kanada?<\/h5>\n<p>Amerikansk fotboll \u00e4r en av de mest popul\u00e4ra sporterna i Kanada. Vi ska f\u00f6rklara hur spelet \u00e4r uppbyggt.<br \/>L\u00e5t oss b\u00f6rja med spelets m\u00e5l. Spelet har ett prim\u00e4rt m\u00e5l: spelarna f\u00f6rs\u00f6ker f\u00f6ra bollen in i motst\u00e5ndarens end zone f\u00f6r att g\u00f6ra po\u00e4ng. Den som har flest po\u00e4ng i slutet av matchen vinner.   <\/p>\n<h4 class=\"wp-block-heading\">Hur fungerar ett fotbollsspel?<\/h4>\n<p>Ett spel varar vanligtvis 2,5-3 timmar. Under spelet har ett lag alltid den s\u00e5 kallade &#8221;r\u00e4tten till attack&#8221;, och det andra laget \u00e4r i &#8221;f\u00f6rsvaret&#8221;. &#8221;Den s.k. &#8221;anfallsr\u00e4tten&#8221; v\u00e4xlar alltid. Spelet inleds med att ett mynt kastas f\u00f6r att best\u00e4mma vem som \u00e4r nyb\u00f6rjare. Spelbollen placeras p\u00e5 planlinjen och nyb\u00f6rjarlaget m\u00e5ste sparka iv\u00e4g den s\u00e5 l\u00e5ngt som m\u00f6jligt. Efter det f\u00f6rsta skottet f\u00f6rs\u00f6ker motst\u00e5ndarlaget f\u00e5nga bollen och b\u00e4ra den l\u00e5ngt bak\u00e5t. Det \u00e4r ocks\u00e5 vid den punkt d\u00e4r motst\u00e5ndarlaget lyckas f\u00e5 tag i bollen som spelet p\u00e5 planen b\u00f6rjar.<br \/>Anfall. . . Passning. . . L\u00f6pning            <\/p>\n<h4 class=\"wp-block-heading\">Nu har det amerikanska favoritspelet b\u00f6rjat, men hur kommer det att forts\u00e4tta?<\/h4>\n<p>Det lag som \u00e4ger bollen kallas anfallare (Offense). De f\u00f6rs\u00f6ker vinna utrymme genom att kasta och springa till de andra spelkamraterna. I b\u00e4sta fall slutar detta i den s\u00e5 kallade slutzonen. Medan anfallarna springer med leksaksbollen m\u00e5ste motst\u00e5ndarlaget hindra anfallarna fr\u00e5n att vinna utrymme s\u00e5 mycket som m\u00f6jligt och f\u00f6rs\u00f6ka f\u00e5 tag i bollen. Anfallarna har totalt fyra f\u00f6rs\u00f6k och m\u00e5ste g\u00f6ra en rymdvinst p\u00e5 tio yards. Om man misslyckas byter man position.     <\/p>\n<h4 class=\"wp-block-heading\">Vad betyder Touchdown i amerikansk fotboll?<\/h4>\n<p>En touchdown i amerikansk fotboll Kanada och NFL ( USA ) \u00e4r den mest k\u00e4nda metoden f\u00f6r att g\u00f6ra po\u00e4ng i amerikansk fotboll. Touchdown ger laget totalt sex po\u00e4ng. Den uppn\u00e5s n\u00e4r fotbollen f\u00f6rs \u00f6ver motst\u00e5ndarlagets m\u00e5llinje eller n\u00e4r den f\u00e5ngas i den s\u00e5 kallade end zone.<br \/>Om laget lyckas kasta bollen genom m\u00e5let efter en touchdown kan de f\u00e5 ytterligare en po\u00e4ng.<br \/>Om en touchdown inte \u00e4r m\u00f6jlig fr\u00e5n ett visst l\u00e4ge kan laget g\u00e5 ur spelet och f\u00f6rs\u00f6ka sparka fotbollen i m\u00e5l. Det ger upphov till en annan punkt.   <\/p>\n<h4 class=\"wp-block-heading\">Vad \u00e4r s\u00e4kerhet i en fotbollsmatch?<\/h4>\n<p>Safety \u00e4r ocks\u00e5 en metod f\u00f6r att vinna po\u00e4ng under spelet. F\u00f6r att g\u00f6ra det m\u00e5ste f\u00f6rsvarslaget, det anfallande laget, besegra det anfallande laget i dess slutzon. I detta fall f\u00e5r laget ytterligare tv\u00e5 po\u00e4ng.  <\/p>\n<h3 class=\"wp-block-heading\">Amerikansk fotboll vadslagning Kanada. . . vad du borde veta?   <\/h3>\n<h4 class=\"wp-block-heading\">Vad \u00e4r handicap och spread betting i amerikansk fotboll i Kanada?<\/h4>\n<p>P\u00e5 onlinekasinot finns det tv\u00e5 huvudtyper av vadslagning i amerikansk fotboll. Det finns den s\u00e5 kallade handikappsatsningen eller spread betting. Denna typ \u00e4r bland de favoritspelformerna i amerikansk fotboll. H\u00e4r \u00e4r det ganska enkelt att differentiera en viss resultatinsats. Med andra ord satsar de p\u00e5 skillnaden mellan de specifikationer som vadh\u00e5llningsleverant\u00f6ren g\u00f6r och resultatet. Det \u00e4r sant: &#8221;Ju st\u00f6rre skillnad, ju h\u00f6gre odds och d\u00e4rmed vinst eller f\u00f6rlust. &#8221; Hitta din b\u00e4sta Bookie f\u00f6r <a href=\"https:\/\/casinoreturn.com\/american-football-betting-canada\/\">amerikansk fotbollsspel Kanada H\u00c4R<\/a><br \/>D\u00e4rf\u00f6r s\u00e4tter vadh\u00e5llningsleverant\u00f6ren ett visst intervall med maximala och l\u00e4gsta odds, som beskriver resultatet av det sportevenemang som satsningen satsas p\u00e5. V\u00e4dret spekulerar i om resultatet \u00e4r h\u00f6gre eller l\u00e4gre \u00e4n det intervall som bookmakern har fastst\u00e4llt baserat p\u00e5 hans spelposition. Inget spel placeras om Souffleurs prognos matchar bookmakerns prognos. D\u00e4rf\u00f6r \u00e4r spread-insatsen en v\u00e4derbed\u00f6mning av resultatet eller h\u00e4ndelsen i ett sportevenemang, till exempel att bed\u00f6ma ett visst antal po\u00e4ng, m\u00e5l, gula kort eller fouls. Om ditt tips ligger utanf\u00f6r vadh\u00e5llningsleverant\u00f6rens intervall, den s\u00e5 kallade gr\u00e4nsen, tipsa d\u00e5. Om oddsen \u00f6verstiger den gr\u00e4ns som bookmakern har fastst\u00e4llt ber\u00e4knas vinst och f\u00f6rlust enligt f\u00f6ljande:          <\/p>\n<h5 class=\"wp-block-heading\">Hur ber\u00e4knar man summan?<\/h5>\n<p>Summan av ovanst\u00e5ende = insatsbonus = antalet satsningar (summan av \u00e5tg\u00e4rderna minus gr\u00e4nsen). Summan av f\u00f6ljande = insatsf\u00f6rlust = antal huvudvinnare (gr\u00e4nsen minus summan av \u00e5tg\u00e4rden). Om det angivna v\u00e4rdet ligger under bookmakerns r\u00e4ckvidd \u00e4r ber\u00e4kningen omv\u00e4nd: Summan av f\u00f6ljande belopp: = insatsbonus = antal insatser (nedre gr\u00e4ns minus kampanjsumma) Summan av ovanst\u00e5ende = insatsf\u00f6rlust = antal huvudm\u00e4n (den \u00f6vre gr\u00e4nsen minus kampanjsumman)  <\/p>\n<h4 class=\"wp-block-heading\">Vad \u00e4r det totala po\u00e4ngspelet f\u00f6r American Football Canada?<\/h4>\n<p>\u00c4ven f\u00f6r amerikansk fotboll erbjuder alla v\u00e4lk\u00e4nda bookmakers m\u00f6jligheten att spela p\u00e5 matchens slutresultat med h\u00f6ga\/l\u00e5ga insatser. Det handlar inte om att f\u00f6ruts\u00e4ga hur m\u00e5nga po\u00e4ng ett lag kommer att g\u00f6ra utan om den totala po\u00e4ng som b\u00e5da sidor kommer att g\u00f6ra i slutet av matchen. En bookmaker kan till exempel anv\u00e4nda en gr\u00e4ns p\u00e5 49,5 po\u00e4ng, och sedan m\u00e5ste du best\u00e4mma om du vill f\u00e5 fler eller f\u00e4rre po\u00e4ng. Med denna typ av satsning \u00e4r varje odds vanligtvis runt 1. 90.<br \/>Naturligtvis kan du i amerikansk fotboll ocks\u00e5 satsa p\u00e5 lagets ledning i slutet av matchen. Bookmakers erbjuder vanligtvis olika ledarspel f\u00f6r de tv\u00e5 lagen. Du kan till exempel satsa p\u00e5 att lag A vinner matchen med 1-6 po\u00e4ng. Det \u00e4r till exempel ocks\u00e5 m\u00f6jligt att s\u00e4tta en f\u00f6rdel p\u00e5 19-24 po\u00e4ng f\u00f6r favoritlaget. Bookmakern uppskattar att ju mindre sannolikt lagets vinstmarginal \u00e4r, desto h\u00f6gre \u00e4r vadslagningsoddset.         <\/p>\n<h4 class=\"wp-block-heading\">Amerikansk fotboll spel med b\u00e4sta odds<\/h4>\n<p>Hur identifierar du de b\u00e4sta oddsen f\u00f6r amerikansk fotbollsspel?<\/p>\n<p>Bes\u00f6k v\u00e5r webbplats, Casinoreturn.com, idag och hitta de b\u00e4sta onlinespelen med de b\u00e4sta oddsen. Vi som team p\u00e5 Casinoreturn f\u00f6rs\u00f6ker alltid hitta de b\u00e4sta leverant\u00f6rerna f\u00f6r dig f\u00f6r att ge dig b\u00e4sta m\u00f6jliga spelupplevelse.<br \/>Betting \u00e4r inte nytt i den moderna v\u00e4rlden nuf\u00f6rtiden men det verkar lika popul\u00e4rt och popul\u00e4rt som n\u00e5gonsin. Oavsett om det \u00e4r en v\u00e4nskaplig satsning mellan v\u00e4nner, en satsning p\u00e5 stadion med fr\u00e4mlingar som blir v\u00e4nner med hj\u00e4rtat p\u00e5 \u00e4rmarna, eller vad som \u00e4r oumb\u00e4rligt nuf\u00f6rtiden: online.<br \/>Sp\u00e4nningen och gl\u00e4djen \u00e4r densamma. Det blir aldrig tr\u00e5kigt, f\u00f6r det finns alltid n\u00e5got nytt att satsa p\u00e5. Utbudet \u00e4r st\u00f6rre \u00e4n p\u00e5 l\u00e4nge, tack vare sociala medier och de m\u00e5nga onlineplattformar som man kan registrera sig p\u00e5 idag. Underh\u00e5llningsv\u00e4rdet \u00f6kar avsev\u00e4rt, eftersom antalet plattformar inte bara \u00f6kar utbudet av spelm\u00f6jligheter utan ocks\u00e5 antalet leverant\u00f6rer.     <\/p>\n<h4 class=\"wp-block-heading\">Amerikansk fotboll Social status<\/h4>\n<p>Hur viktiga \u00e4r NFL och Canadian Football League?<\/p>\n<p>Idrott inneb\u00e4r rivalitet och konkurrens, men ocks\u00e5 v\u00e4nskap och allians. Det \u00e4r en sak som f\u00f6renar m\u00e4nniskor men \u00e5 andra sidan ocks\u00e5 kan dela upp i \u00e5sikter. Spelare av enskilda evenemang och rekordresultat fascinerar oss sedan dess och drar oss under f\u00f6rtrollningen.<br \/>Som ett av de mest popul\u00e4ra tidsf\u00f6rdrivet representeras online casino av en m\u00e4ngd olika leverant\u00f6rer. Erbjudandet \u00e4r mycket varierat, och vi som team \u00e4r h\u00e4r f\u00f6r att hj\u00e4lpa dig att hitta ditt b\u00e4sta online casino bland variationen.<br \/>Ta en titt p\u00e5 Casinoreturn.com, v\u00e5r Top 10 du har alla bra kasinon p\u00e5 ett \u00f6gonblick. Topp 10 Casino-listan visar dig de b\u00e4sta och mest ansedda onlinekasinon som k\u00e4nnetecknas av utm\u00e4rkta sport- och casinoerbjudanden.<br \/>En detaljerad lista \u00f6ver de b\u00e4sta spelleverant\u00f6rerna och vadslagningserbjudanden f\u00f6r 2025 finns p\u00e5 v\u00e5r topp 10-lista.<br \/>De b\u00e4sta onlinekasinon b\u00f6r ha en 24\/7 service d\u00e4r du kan komma i kontakt via chatt, e-post eller telefon. En ins\u00e4ttnings- och uttagsmetod ska vara tydligt identifierad. Tydliga f\u00f6rs\u00e4ljningsvillkor samt transparens \u00e4r ocks\u00e5 en del av detta. Dessutom b\u00f6r tillr\u00e4cklig information och tips listas i portalen.       <\/p>\n\t\t\t\t\t\t\t\t<\/div>\n\t\t\t\t<\/div>\n\t\t\t\t\t<\/div>\n\t\t\t\t<\/div>\n\t\t\t\t<\/div>\n\t\t","protected":false},"excerpt":{"rendered":"<p>Amerikansk fotboll Kanada och dess grundregler. Men f\u00f6rst saker f\u00f6rst: kolla in Lucky Days Casino och deras Casino Review. UPP TILL CAD$ 1500 I BONUS + 100 gratissnurr H\u00e4mta din exklusiva Lucky Days-bonus H\u00c4R Villkor och best\u00e4mmelser g\u00e4ller Vilka \u00e4r bonusvillkoren f\u00f6r Lucky Days Casino Bonus? Ins\u00e4ttning CAD $ 20 eller mer. 30x satsning. Max [&hellip;]<\/p>\n","protected":false},"author":1,"featured_media":0,"parent":0,"menu_order":0,"comment_status":"closed","ping_status":"closed","template":"","meta":{"footnotes":""},"class_list":["post-5000","page","type-page","status-publish","hentry"],"blocksy_meta":[],"acf":[],"yoast_head":"<!-- This site is optimized with the Yoast SEO plugin v24.1 - https:\/\/yoast.com\/wordpress\/plugins\/seo\/ -->\n<title>Amerikansk fotboll Kanada f\u00f6r nyb\u00f6rjare - casinoreturn<\/title>\n<meta name=\"description\" content=\"Amerikansk fotboll Kanada f\u00f6r nyb\u00f6rjare \u00e4r den v\u00e4sentliga amerikanska fotbolls ABC eller amerikanska fotbollsregler f\u00f6r dummies. Luta dig tillbaka och njut.\" \/>\n<meta name=\"robots\" content=\"index, follow, max-snippet:-1, max-image-preview:large, max-video-preview:-1\" \/>\n<link rel=\"canonical\" href=\"https:\/\/casinoreturn.com\/sv\/amerikansk-fotboll-kanada-for-nyborjare\/\" \/>\n<meta property=\"og:locale\" content=\"sv_SE\" \/>\n<meta property=\"og:type\" content=\"article\" \/>\n<meta property=\"og:title\" content=\"Amerikansk fotboll Kanada f\u00f6r nyb\u00f6rjare - casinoreturn\" \/>\n<meta property=\"og:description\" content=\"Amerikansk fotboll Kanada f\u00f6r nyb\u00f6rjare \u00e4r den v\u00e4sentliga amerikanska fotbolls ABC eller amerikanska fotbollsregler f\u00f6r dummies. Luta dig tillbaka och njut.\" \/>\n<meta property=\"og:url\" content=\"https:\/\/casinoreturn.com\/sv\/amerikansk-fotboll-kanada-for-nyborjare\/\" \/>\n<meta property=\"og:site_name\" content=\"casinoreturn\" \/>\n<meta property=\"article:modified_time\" content=\"2025-02-12T15:50:49+00:00\" \/>\n<meta property=\"og:image\" content=\"https:\/\/casinoreturn.com\/wp-content\/uploads\/2024\/12\/Lucky-Days-casino.png\" \/>\n\t<meta property=\"og:image:width\" content=\"500\" \/>\n\t<meta property=\"og:image:height\" content=\"500\" \/>\n\t<meta property=\"og:image:type\" content=\"image\/png\" \/>\n<meta name=\"twitter:card\" content=\"summary_large_image\" \/>\n<meta name=\"twitter:label1\" content=\"Ber\u00e4knad l\u00e4stid\" \/>\n\t<meta name=\"twitter:data1\" content=\"7 minuter\" \/>\n<script type=\"application\/ld+json\" class=\"yoast-schema-graph\">{\"@context\":\"https:\/\/schema.org\",\"@graph\":[{\"@type\":\"WebPage\",\"@id\":\"https:\/\/casinoreturn.com\/sv\/amerikansk-fotboll-kanada-for-nyborjare\/\",\"url\":\"https:\/\/casinoreturn.com\/sv\/amerikansk-fotboll-kanada-for-nyborjare\/\",\"name\":\"Amerikansk fotboll Kanada f\u00f6r nyb\u00f6rjare - casinoreturn\",\"isPartOf\":{\"@id\":\"https:\/\/casinoreturn.com\/#website\"},\"primaryImageOfPage\":{\"@id\":\"https:\/\/casinoreturn.com\/sv\/amerikansk-fotboll-kanada-for-nyborjare\/#primaryimage\"},\"image\":{\"@id\":\"https:\/\/casinoreturn.com\/sv\/amerikansk-fotboll-kanada-for-nyborjare\/#primaryimage\"},\"thumbnailUrl\":\"https:\/\/casinoreturn.com\/wp-content\/uploads\/2024\/12\/Lucky-Days-casino-300x300.png\",\"datePublished\":\"2024-11-03T10:12:19+00:00\",\"dateModified\":\"2025-02-12T15:50:49+00:00\",\"description\":\"Amerikansk fotboll Kanada f\u00f6r nyb\u00f6rjare \u00e4r den v\u00e4sentliga amerikanska fotbolls ABC eller amerikanska fotbollsregler f\u00f6r dummies. Luta dig tillbaka och njut.\",\"breadcrumb\":{\"@id\":\"https:\/\/casinoreturn.com\/sv\/amerikansk-fotboll-kanada-for-nyborjare\/#breadcrumb\"},\"inLanguage\":\"sv-SE\",\"potentialAction\":[{\"@type\":\"ReadAction\",\"target\":[\"https:\/\/casinoreturn.com\/sv\/amerikansk-fotboll-kanada-for-nyborjare\/\"]}]},{\"@type\":\"ImageObject\",\"inLanguage\":\"sv-SE\",\"@id\":\"https:\/\/casinoreturn.com\/sv\/amerikansk-fotboll-kanada-for-nyborjare\/#primaryimage\",\"url\":\"https:\/\/casinoreturn.com\/wp-content\/uploads\/2024\/12\/Lucky-Days-casino-300x300.png\",\"contentUrl\":\"https:\/\/casinoreturn.com\/wp-content\/uploads\/2024\/12\/Lucky-Days-casino-300x300.png\"},{\"@type\":\"BreadcrumbList\",\"@id\":\"https:\/\/casinoreturn.com\/sv\/amerikansk-fotboll-kanada-for-nyborjare\/#breadcrumb\",\"itemListElement\":[{\"@type\":\"ListItem\",\"position\":1,\"name\":\"Home\",\"item\":\"https:\/\/casinoreturn.com\/sv\/home\/\"},{\"@type\":\"ListItem\",\"position\":2,\"name\":\"Amerikansk fotboll Kanada f\u00f6r nyb\u00f6rjare\"}]},{\"@type\":\"WebSite\",\"@id\":\"https:\/\/casinoreturn.com\/#website\",\"url\":\"https:\/\/casinoreturn.com\/\",\"name\":\"casinoreturn\",\"description\":\"\",\"publisher\":{\"@id\":\"https:\/\/casinoreturn.com\/#organization\"},\"potentialAction\":[{\"@type\":\"SearchAction\",\"target\":{\"@type\":\"EntryPoint\",\"urlTemplate\":\"https:\/\/casinoreturn.com\/?s={search_term_string}\"},\"query-input\":{\"@type\":\"PropertyValueSpecification\",\"valueRequired\":true,\"valueName\":\"search_term_string\"}}],\"inLanguage\":\"sv-SE\"},{\"@type\":\"Organization\",\"@id\":\"https:\/\/casinoreturn.com\/#organization\",\"name\":\"casinoreturn\",\"url\":\"https:\/\/casinoreturn.com\/\",\"logo\":{\"@type\":\"ImageObject\",\"inLanguage\":\"sv-SE\",\"@id\":\"https:\/\/casinoreturn.com\/#\/schema\/logo\/image\/\",\"url\":\"https:\/\/casinoreturn.com\/wp-content\/uploads\/2024\/09\/animal-favicon.png\",\"contentUrl\":\"https:\/\/casinoreturn.com\/wp-content\/uploads\/2024\/09\/animal-favicon.png\",\"width\":92,\"height\":92,\"caption\":\"casinoreturn\"},\"image\":{\"@id\":\"https:\/\/casinoreturn.com\/#\/schema\/logo\/image\/\"}}]}<\/script>\n<!-- \/ Yoast SEO plugin. -->","yoast_head_json":{"title":"Amerikansk fotboll Kanada f\u00f6r nyb\u00f6rjare - casinoreturn","description":"Amerikansk fotboll Kanada f\u00f6r nyb\u00f6rjare \u00e4r den v\u00e4sentliga amerikanska fotbolls ABC eller amerikanska fotbollsregler f\u00f6r dummies. Luta dig tillbaka och njut.","robots":{"index":"index","follow":"follow","max-snippet":"max-snippet:-1","max-image-preview":"max-image-preview:large","max-video-preview":"max-video-preview:-1"},"canonical":"https:\/\/casinoreturn.com\/sv\/amerikansk-fotboll-kanada-for-nyborjare\/","og_locale":"sv_SE","og_type":"article","og_title":"Amerikansk fotboll Kanada f\u00f6r nyb\u00f6rjare - casinoreturn","og_description":"Amerikansk fotboll Kanada f\u00f6r nyb\u00f6rjare \u00e4r den v\u00e4sentliga amerikanska fotbolls ABC eller amerikanska fotbollsregler f\u00f6r dummies. Luta dig tillbaka och njut.","og_url":"https:\/\/casinoreturn.com\/sv\/amerikansk-fotboll-kanada-for-nyborjare\/","og_site_name":"casinoreturn","article_modified_time":"2025-02-12T15:50:49+00:00","og_image":[{"width":500,"height":500,"url":"https:\/\/casinoreturn.com\/wp-content\/uploads\/2024\/12\/Lucky-Days-casino.png","type":"image\/png"}],"twitter_card":"summary_large_image","twitter_misc":{"Ber\u00e4knad l\u00e4stid":"7 minuter"},"schema":{"@context":"https:\/\/schema.org","@graph":[{"@type":"WebPage","@id":"https:\/\/casinoreturn.com\/sv\/amerikansk-fotboll-kanada-for-nyborjare\/","url":"https:\/\/casinoreturn.com\/sv\/amerikansk-fotboll-kanada-for-nyborjare\/","name":"Amerikansk fotboll Kanada f\u00f6r nyb\u00f6rjare - casinoreturn","isPartOf":{"@id":"https:\/\/casinoreturn.com\/#website"},"primaryImageOfPage":{"@id":"https:\/\/casinoreturn.com\/sv\/amerikansk-fotboll-kanada-for-nyborjare\/#primaryimage"},"image":{"@id":"https:\/\/casinoreturn.com\/sv\/amerikansk-fotboll-kanada-for-nyborjare\/#primaryimage"},"thumbnailUrl":"https:\/\/casinoreturn.com\/wp-content\/uploads\/2024\/12\/Lucky-Days-casino-300x300.png","datePublished":"2024-11-03T10:12:19+00:00","dateModified":"2025-02-12T15:50:49+00:00","description":"Amerikansk fotboll Kanada f\u00f6r nyb\u00f6rjare \u00e4r den v\u00e4sentliga amerikanska fotbolls ABC eller amerikanska fotbollsregler f\u00f6r dummies. Luta dig tillbaka och njut.","breadcrumb":{"@id":"https:\/\/casinoreturn.com\/sv\/amerikansk-fotboll-kanada-for-nyborjare\/#breadcrumb"},"inLanguage":"sv-SE","potentialAction":[{"@type":"ReadAction","target":["https:\/\/casinoreturn.com\/sv\/amerikansk-fotboll-kanada-for-nyborjare\/"]}]},{"@type":"ImageObject","inLanguage":"sv-SE","@id":"https:\/\/casinoreturn.com\/sv\/amerikansk-fotboll-kanada-for-nyborjare\/#primaryimage","url":"https:\/\/casinoreturn.com\/wp-content\/uploads\/2024\/12\/Lucky-Days-casino-300x300.png","contentUrl":"https:\/\/casinoreturn.com\/wp-content\/uploads\/2024\/12\/Lucky-Days-casino-300x300.png"},{"@type":"BreadcrumbList","@id":"https:\/\/casinoreturn.com\/sv\/amerikansk-fotboll-kanada-for-nyborjare\/#breadcrumb","itemListElement":[{"@type":"ListItem","position":1,"name":"Home","item":"https:\/\/casinoreturn.com\/sv\/home\/"},{"@type":"ListItem","position":2,"name":"Amerikansk fotboll Kanada f\u00f6r nyb\u00f6rjare"}]},{"@type":"WebSite","@id":"https:\/\/casinoreturn.com\/#website","url":"https:\/\/casinoreturn.com\/","name":"casinoreturn","description":"","publisher":{"@id":"https:\/\/casinoreturn.com\/#organization"},"potentialAction":[{"@type":"SearchAction","target":{"@type":"EntryPoint","urlTemplate":"https:\/\/casinoreturn.com\/?s={search_term_string}"},"query-input":{"@type":"PropertyValueSpecification","valueRequired":true,"valueName":"search_term_string"}}],"inLanguage":"sv-SE"},{"@type":"Organization","@id":"https:\/\/casinoreturn.com\/#organization","name":"casinoreturn","url":"https:\/\/casinoreturn.com\/","logo":{"@type":"ImageObject","inLanguage":"sv-SE","@id":"https:\/\/casinoreturn.com\/#\/schema\/logo\/image\/","url":"https:\/\/casinoreturn.com\/wp-content\/uploads\/2024\/09\/animal-favicon.png","contentUrl":"https:\/\/casinoreturn.com\/wp-content\/uploads\/2024\/09\/animal-favicon.png","width":92,"height":92,"caption":"casinoreturn"},"image":{"@id":"https:\/\/casinoreturn.com\/#\/schema\/logo\/image\/"}}]}},"_links":{"self":[{"href":"https:\/\/casinoreturn.com\/sv\/wp-json\/wp\/v2\/pages\/5000","targetHints":{"allow":["GET"]}}],"collection":[{"href":"https:\/\/casinoreturn.com\/sv\/wp-json\/wp\/v2\/pages"}],"about":[{"href":"https:\/\/casinoreturn.com\/sv\/wp-json\/wp\/v2\/types\/page"}],"author":[{"embeddable":true,"href":"https:\/\/casinoreturn.com\/sv\/wp-json\/wp\/v2\/users\/1"}],"replies":[{"embeddable":true,"href":"https:\/\/casinoreturn.com\/sv\/wp-json\/wp\/v2\/comments?post=5000"}],"version-history":[{"count":2,"href":"https:\/\/casinoreturn.com\/sv\/wp-json\/wp\/v2\/pages\/5000\/revisions"}],"predecessor-version":[{"id":7956,"href":"https:\/\/casinoreturn.com\/sv\/wp-json\/wp\/v2\/pages\/5000\/revisions\/7956"}],"wp:attachment":[{"href":"https:\/\/casinoreturn.com\/sv\/wp-json\/wp\/v2\/media?parent=5000"}],"curies":[{"name":"wp","href":"https:\/\/api.w.org\/{rel}","templated":true}]}}