{"id":5022,"date":"2024-11-13T17:29:31","date_gmt":"2024-11-13T17:29:31","guid":{"rendered":"https:\/\/casinoreturn.com\/regler-for-keno-online\/"},"modified":"2024-12-04T13:41:13","modified_gmt":"2024-12-04T13:41:13","slug":"regler-for-keno-online","status":"publish","type":"page","link":"https:\/\/casinoreturn.com\/sv\/regler-for-keno-online\/","title":{"rendered":"Regler f\u00f6r Keno online"},"content":{"rendered":"\t\t<div data-elementor-type=\"wp-page\" data-elementor-id=\"5022\" class=\"elementor elementor-5022\" data-elementor-post-type=\"page\">\n\t\t\t\t<div class=\"elementor-element elementor-element-e950284 e-con-full e-flex e-con e-parent\" data-id=\"e950284\" data-element_type=\"container\">\n\t\t\t\t<div class=\"elementor-element elementor-element-274b4dc elementor-widget elementor-widget-image\" data-id=\"274b4dc\" data-element_type=\"widget\" data-widget_type=\"image.default\">\n\t\t\t\t<div class=\"elementor-widget-container\">\n\t\t\t\t\t\t\t\t\t\t\t\t\t\t\t<img decoding=\"async\" width=\"200\" height=\"200\" src=\"https:\/\/casinoreturn.com\/wp-content\/uploads\/2024\/11\/Online-Keno-Rules.png\" class=\"attachment-large size-large wp-image-3310\" alt=\"Online Keno Rules\" srcset=\"https:\/\/casinoreturn.com\/wp-content\/uploads\/2024\/11\/Online-Keno-Rules.png 200w, https:\/\/casinoreturn.com\/wp-content\/uploads\/2024\/11\/Online-Keno-Rules-150x150.png 150w\" sizes=\"(max-width: 200px) 100vw, 200px\" \/>\t\t\t\t\t\t\t\t\t\t\t\t\t\t\t<\/div>\n\t\t\t\t<\/div>\n\t\t\t\t<div class=\"elementor-element elementor-element-c6bc008 elementor-widget elementor-widget-heading\" data-id=\"c6bc008\" data-element_type=\"widget\" data-widget_type=\"heading.default\">\n\t\t\t\t<div class=\"elementor-widget-container\">\n\t\t\t\t\t<h2 class=\"elementor-heading-title elementor-size-default\">Online Keno-regler och Keno-strategier<\/h2>\t\t\t\t<\/div>\n\t\t\t\t<\/div>\n\t\t\t\t<div class=\"elementor-element elementor-element-04d6c59 elementor-widget elementor-widget-text-editor\" data-id=\"04d6c59\" data-element_type=\"widget\" data-widget_type=\"text-editor.default\">\n\t\t\t\t<div class=\"elementor-widget-container\">\n\t\t\t\t\t\t\t\t\t<p><strong>Online Keno regler och dess historia<\/strong><\/p>\n<p>Spelet Keno, som skapades i Kina, f\u00f6rdes till USA av kinesiska invandrare i slutet av 1800-talet. Ursprungligen spelades Keno med 80 kinesiska tecken, som senare ersattes av 80 arabiska siffror i USA. <\/p>\n<p><strong>Race Horse kallas Keno!<\/strong><\/p>\n<p>Under en viss tid i Nevada har de enskilda siffrorna titulerats med namnet p\u00e5 en kappl\u00f6pningsh\u00e4st. Som ett resultat blev spelet k\u00e4nt som &#8221;Racehorse Keno. &#8221; \u00c5r 1951 \u00e5terkallades h\u00e4starnas namn. En anledning var att man hade inf\u00f6rt en skatt p\u00e5 vadslagning utanf\u00f6r galoppbanan. Logiskt nog ville de d\u00e5varande operat\u00f6rerna inte f\u00f6rv\u00e4xla spelet med klassisk h\u00e4stspel. Nuf\u00f6rtiden kan man fortfarande hitta rester av keno racehorse-spelet. Om du tittar n\u00e4rmare p\u00e5 saken kommer du att m\u00e4rka att m\u00e5nga spel fortfarande kallas &#8221;lopp&#8221; om du satsar p\u00e5 mer \u00e4n ett spel samtidigt. Det \u00e4r s\u00e5 du k\u00f6per en biljett f\u00f6r mer \u00e4n ett lopp.      <\/p>\n\t\t\t\t\t\t\t\t<\/div>\n\t\t\t\t<\/div>\n\t\t\t\t<div class=\"elementor-element elementor-element-c14ad00 elementor-widget elementor-widget-heading\" data-id=\"c14ad00\" data-element_type=\"widget\" data-widget_type=\"heading.default\">\n\t\t\t\t<div class=\"elementor-widget-container\">\n\t\t\t\t\t<h3 class=\"elementor-heading-title elementor-size-default\">Hur spelar du keno?<\/h3>\t\t\t\t<\/div>\n\t\t\t\t<\/div>\n\t\t\t\t<div class=\"elementor-element elementor-element-1f3affb elementor-widget elementor-widget-text-editor\" data-id=\"1f3affb\" data-element_type=\"widget\" data-widget_type=\"text-editor.default\">\n\t\t\t\t<div class=\"elementor-widget-container\">\n\t\t\t\t\t\t\t\t\t<p>Spelet \u00e4r l\u00e4tt att f\u00f6rst\u00e5 och spela, vilket g\u00f6r det till ett utm\u00e4rkt tillf\u00e4lle f\u00f6r nyb\u00f6rjare online-spelare. N\u00e4r du spelar Keno kan du v\u00e4lja ett eller flera nummer fr\u00e5n f\u00e4ltet som best\u00e5r av 80 siffror. M\u00e5let \u00e4r att ett av de valda numren ska matcha de anropade numren s\u00e5 att din insats vinner.  <\/p>\n<p>Numera, i onlinespelhallar, s\u00e5som Digibet, siffrorna v\u00e4ljs slumpm\u00e4ssigt med hj\u00e4lp av det s\u00e5 kallade RNG-v\u00e4rdet. Om du v\u00e4ljer ett nummer korrekt och det matchar det nummer du ringer kallas detta ocks\u00e5 &#8221;catch&#8221; i keno. <\/p>\n<p>Om du har valt spelet \u00e4r det vettigt att v\u00e4lja en online-arkad f\u00f6rst och sedan ett online-keno-spel. I n\u00e4sta steg v\u00e4ljer du de nummer du vill satsa p\u00e5 och v\u00e4ntar p\u00e5 att de ska ringas upp. <\/p>\n\t\t\t\t\t\t\t\t<\/div>\n\t\t\t\t<\/div>\n\t\t\t\t<div class=\"elementor-element elementor-element-8424c0b elementor-widget elementor-widget-heading\" data-id=\"8424c0b\" data-element_type=\"widget\" data-widget_type=\"heading.default\">\n\t\t\t\t<div class=\"elementor-widget-container\">\n\t\t\t\t\t<h2 class=\"elementor-heading-title elementor-size-default\">Vilka \u00e4r de vinnande oddsen i Keno?<\/h2>\t\t\t\t<\/div>\n\t\t\t\t<\/div>\n\t\t\t\t<div class=\"elementor-element elementor-element-4c6c49a elementor-widget elementor-widget-text-editor\" data-id=\"4c6c49a\" data-element_type=\"widget\" data-widget_type=\"text-editor.default\">\n\t\t\t\t<div class=\"elementor-widget-container\">\n\t\t\t\t\t\t\t\t\t<p>Keno \u00e4r ocks\u00e5 ett av de klassiska hasardspelen. Det betyder att du kan v\u00e4lja de nummer du vill. Oavsett vilket nummer du v\u00e4ljer f\u00f6rblir oddsen desamma. En intressant punkt som kan intressera dig: Oddsen f\u00f6r att vinna alla 20 siffror \u00e4r exakt 1 i 3,535,316,142,212,174,320. Erfarna spelare vet att i Keno-spelet \u00e4r husets f\u00f6rdel mycket h\u00f6g, cirka 35%. Av denna anledning v\u00e4ljer m\u00e5nga spelare ocks\u00e5 andra spel d\u00e4r spelbutiken har en l\u00e4gre husf\u00f6rdel.     <\/p>\n\t\t\t\t\t\t\t\t<\/div>\n\t\t\t\t<\/div>\n\t\t\t\t<div class=\"elementor-element elementor-element-81cfd46 elementor-widget elementor-widget-heading\" data-id=\"81cfd46\" data-element_type=\"widget\" data-widget_type=\"heading.default\">\n\t\t\t\t<div class=\"elementor-widget-container\">\n\t\t\t\t\t<h2 class=\"elementor-heading-title elementor-size-default\">Vilka \u00e4r chanserna att vinna i Online Keno?<\/h2>\t\t\t\t<\/div>\n\t\t\t\t<\/div>\n\t\t\t\t<div class=\"elementor-element elementor-element-fa4acd0 elementor-widget elementor-widget-text-editor\" data-id=\"fa4acd0\" data-element_type=\"widget\" data-widget_type=\"text-editor.default\">\n\t\t\t\t<div class=\"elementor-widget-container\">\n\t\t\t\t\t\t\t\t\t<p>F\u00f6r att f\u00f6rst\u00e5 oddsen f\u00f6r att vinna p\u00e5 Keno m\u00e5ste du f\u00f6rst f\u00f6rst\u00e5 den kombinatoriska funktionen. I ett lotteri, till exempel, spelaren v\u00e4ljer 6 av 49 nummer. Sedan drar lotteriet 6 nummer av 49, och om alla 6 nummer matchar (ordningen spelar ingen roll), spelaren vinner. Om du inte vet att vinnaroddsen \u00e4r 1 p\u00e5 13 983 816 m\u00e5ste du kontrollera kombinatorfunktionen innan du forts\u00e4tter. I keno drar spelautomaten 20 av de 80 numren av de 80 numren utan substitution. I f\u00f6rv\u00e4g kan spelarna dra 1 till 15 (eller fler) nummer. &#8221;Catch&#8221; \u00e4r det nummer som spelaren ringer upp och drar fr\u00e5n spelbiblioteket. &#8221;Miss&#8221; \u00e4r ett nummer som v\u00e4ljs av spelaren och som inte dras fr\u00e5n spelbiblioteket. Spelarna f\u00e5r betalt baserat p\u00e5 antalet dragna och f\u00e5ngade nummer.        <\/p>\n<p>Kombinationer (80. 20) = 3.535.316.142.212.180.000 alternativ Hur drar kasinot 20 av 80 nummer? M\u00e5nga minir\u00e4knare st\u00f6der inte s\u00e5 stora siffror. F\u00f6r att minska kombinationens storlek antar vi att spelbiblioteket kommer att dra priser f\u00f6rst, men h\u00e5lla siffrorna hemliga och spelarna kommer att f\u00f6rs\u00f6ka matcha de nummer som redan dragits.  <\/p>\n\t\t\t\t\t\t\t\t<\/div>\n\t\t\t\t<\/div>\n\t\t\t\t<div class=\"elementor-element elementor-element-ddd17b4 elementor-widget elementor-widget-heading\" data-id=\"ddd17b4\" data-element_type=\"widget\" data-widget_type=\"heading.default\">\n\t\t\t\t<div class=\"elementor-widget-container\">\n\t\t\t\t\t<h2 class=\"elementor-heading-title elementor-size-default\">Typer av online-keno - Keno med ett enda spel:<\/h2>\t\t\t\t<\/div>\n\t\t\t\t<\/div>\n\t\t\t\t<div class=\"elementor-element elementor-element-6082c88 elementor-widget elementor-widget-text-editor\" data-id=\"6082c88\" data-element_type=\"widget\" data-widget_type=\"text-editor.default\">\n\t\t\t\t<div class=\"elementor-widget-container\">\n\t\t\t\t\t\t\t\t\t<p>Keno med ett enda spel: Efter det m\u00e5ste du h\u00e4mta priset innan du b\u00f6rjar ett nytt spel, annars kan du f\u00f6rlora spelet. P\u00e5 landbaserade kasinon g\u00e5r det bara cirka fem minuter mellan slutet av ett keno-spel och b\u00f6rjan av n\u00e4sta keno-spel. Om du inte l\u00e4mnar in din lott i tid kommer du vanligtvis att f\u00f6rlora ditt pris. Det \u00e4r d\u00e4rf\u00f6r spelbiblioteket har utvecklat Multi-Race Keno, som g\u00f6r att du kan spela mer \u00e4n ett kenospel i rad utan att beh\u00f6va g\u00e5 upp i slutet av varje spel. Bonus f\u00f6r dig.    <\/p>\n<p>Keno med flera t\u00e4vlingar\/ Vinnarsannolikheten f\u00f6r Multi Keno<\/p>\n\t\t\t\t\t\t\t\t<\/div>\n\t\t\t\t<\/div>\n\t\t\t\t<div class=\"elementor-element elementor-element-90e71a5 elementor-widget elementor-widget-heading\" data-id=\"90e71a5\" data-element_type=\"widget\" data-widget_type=\"heading.default\">\n\t\t\t\t<div class=\"elementor-widget-container\">\n\t\t\t\t\t<h3 class=\"elementor-heading-title elementor-size-default\">Utbetalningar fr\u00e5n Keno<\/h3>\t\t\t\t<\/div>\n\t\t\t\t<\/div>\n\t\t\t\t<div class=\"elementor-element elementor-element-4de6a37 elementor-widget elementor-widget-text-editor\" data-id=\"4de6a37\" data-element_type=\"widget\" data-widget_type=\"text-editor.default\">\n\t\t\t\t<div class=\"elementor-widget-container\">\n\t\t\t\t\t\t\t\t\t<p>Multi-race keno kr\u00e4ver att du spelar samma nummer i en serie p\u00e5 varandra f\u00f6ljande spel, mellan 2 och 20 spel, och (vanligtvis) kan du bara h\u00e4mta ut dina vinster efter det sista spelet i serien. Du m\u00e5ste ocks\u00e5 betala minimibeloppet f\u00f6r varje spel. F\u00f6r ett kenospel med 15 spel m\u00e5ste du till exempel betala 2,30 euro.  <\/p>\n\t\t\t\t\t\t\t\t<\/div>\n\t\t\t\t<\/div>\n\t\t\t\t<div class=\"elementor-element elementor-element-04b4d1b elementor-widget elementor-widget-heading\" data-id=\"04b4d1b\" data-element_type=\"widget\" data-widget_type=\"heading.default\">\n\t\t\t\t<div class=\"elementor-widget-container\">\n\t\t\t\t\t<h3 class=\"elementor-heading-title elementor-size-default\">V\u00e5ra keno tips och tricks:<\/h3>\t\t\t\t<\/div>\n\t\t\t\t<\/div>\n\t\t\t\t<div class=\"elementor-element elementor-element-b3019bf elementor-widget elementor-widget-text-editor\" data-id=\"b3019bf\" data-element_type=\"widget\" data-widget_type=\"text-editor.default\">\n\t\t\t\t<div class=\"elementor-widget-container\">\n\t\t\t\t\t\t\t\t\t<p>Keno \u00e4r ett rent hasardspel. Det finns ingen riktig &#8221;strategi&#8221; som f\u00f6rb\u00e4ttrar dina chanser att dra nummer. Du kan dock \u00f6ka dina vinster genom att v\u00e4lja f\u00e4rre nummer och hoppas p\u00e5 att v\u00e4lja en h\u00f6gre andel av de korrekta kenonumren.  <\/p>\n<p>Till att b\u00f6rja med \u00e4r det en bra id\u00e9 att spela den gratis onlineversionen av Keno i en <a href=\"https:\/\/casinoreturn.com\/sv\/demo-casino-slots\/\">Keno-demoversion<\/a>. P\u00e5 s\u00e5 s\u00e4tt kan du uppleva online-spelbiblioteket, och om du spelar spel gratis kan du prova olika online-keno-varianter. De flesta spelautomater har en gratisversion eller ett \u00f6vningsl\u00e4ge. Detta \u00e4r avsett att g\u00f6ra det m\u00f6jligt f\u00f6r nya spelare att spela spelet utan att beh\u00f6va spela med riktiga pengar. N\u00e4r du v\u00e4l \u00e4r bekant med onlineplattformen kan du b\u00f6rja spela keno-spel med riktiga pengar. F\u00f6r att maximera det roliga, kom ih\u00e5g att \u00e4gna stor uppm\u00e4rksamhet \u00e5t ditt saldo och satsa aldrig mer \u00e4n du \u00e4r villig att f\u00f6rlora. I Keno kanske du vill spela flera spel, s\u00e5 satsa i enlighet d\u00e4rmed f\u00f6r att h\u00e5lla det roliga. Du m\u00e5ste ocks\u00e5 kontrollera de olika bonuserbjudandena i spelbiblioteket som kan \u00f6ka underh\u00e5llningsv\u00e4rdet. Vad du b\u00f6r komma ih\u00e5g \u00e4r att keno \u00e4r ett hasardspel. F\u00f6r dig betyder det att chanserna att vinna alltid kommer att vara lika.         <\/p>\n\t\t\t\t\t\t\t\t<\/div>\n\t\t\t\t<\/div>\n\t\t\t\t<\/div>\n\t\t\t\t<\/div>\n\t\t","protected":false},"excerpt":{"rendered":"<p>Online Keno-regler och Keno-strategier Online Keno regler och dess historia Spelet Keno, som skapades i Kina, f\u00f6rdes till USA av kinesiska invandrare i slutet av 1800-talet. Ursprungligen spelades Keno med 80 kinesiska tecken, som senare ersattes av 80 arabiska siffror i USA. Race Horse kallas Keno! Under en viss tid i Nevada har de enskilda [&hellip;]<\/p>\n","protected":false},"author":1,"featured_media":0,"parent":0,"menu_order":0,"comment_status":"closed","ping_status":"closed","template":"","meta":{"footnotes":""},"class_list":["post-5022","page","type-page","status-publish","hentry"],"blocksy_meta":[],"acf":[],"yoast_head":"<!-- This site is optimized with the Yoast SEO plugin v24.1 - https:\/\/yoast.com\/wordpress\/plugins\/seo\/ -->\n<title>Regler f\u00f6r Keno online - casinoreturn<\/title>\n<meta name=\"description\" content=\"Online Keno-regler och dess historia. Ett av de mest popul\u00e4ra spelen de senaste \u00e5ren. G\u00e5 med i oss och l\u00e4s mer om strategier och Keno-strategier.\" \/>\n<meta name=\"robots\" content=\"index, follow, max-snippet:-1, max-image-preview:large, max-video-preview:-1\" \/>\n<link rel=\"canonical\" href=\"https:\/\/casinoreturn.com\/sv\/regler-for-keno-online\/\" \/>\n<meta property=\"og:locale\" content=\"sv_SE\" \/>\n<meta property=\"og:type\" content=\"article\" \/>\n<meta property=\"og:title\" content=\"Regler f\u00f6r Keno online - casinoreturn\" \/>\n<meta property=\"og:description\" content=\"Online Keno-regler och dess historia. Ett av de mest popul\u00e4ra spelen de senaste \u00e5ren. G\u00e5 med i oss och l\u00e4s mer om strategier och Keno-strategier.\" \/>\n<meta property=\"og:url\" content=\"https:\/\/casinoreturn.com\/sv\/regler-for-keno-online\/\" \/>\n<meta property=\"og:site_name\" content=\"casinoreturn\" \/>\n<meta property=\"article:modified_time\" content=\"2024-12-04T13:41:13+00:00\" \/>\n<meta property=\"og:image\" content=\"https:\/\/casinoreturn.com\/wp-content\/uploads\/2024\/11\/Online-Keno-Rules.png\" \/>\n\t<meta property=\"og:image:width\" content=\"200\" \/>\n\t<meta property=\"og:image:height\" content=\"200\" \/>\n\t<meta property=\"og:image:type\" content=\"image\/png\" \/>\n<meta name=\"twitter:card\" content=\"summary_large_image\" \/>\n<meta name=\"twitter:label1\" content=\"Ber\u00e4knad l\u00e4stid\" \/>\n\t<meta name=\"twitter:data1\" content=\"5 minuter\" \/>\n<script type=\"application\/ld+json\" class=\"yoast-schema-graph\">{\"@context\":\"https:\/\/schema.org\",\"@graph\":[{\"@type\":\"WebPage\",\"@id\":\"https:\/\/casinoreturn.com\/sv\/regler-for-keno-online\/\",\"url\":\"https:\/\/casinoreturn.com\/sv\/regler-for-keno-online\/\",\"name\":\"Regler f\u00f6r Keno online - casinoreturn\",\"isPartOf\":{\"@id\":\"https:\/\/casinoreturn.com\/#website\"},\"primaryImageOfPage\":{\"@id\":\"https:\/\/casinoreturn.com\/sv\/regler-for-keno-online\/#primaryimage\"},\"image\":{\"@id\":\"https:\/\/casinoreturn.com\/sv\/regler-for-keno-online\/#primaryimage\"},\"thumbnailUrl\":\"https:\/\/casinoreturn.com\/wp-content\/uploads\/2024\/11\/Online-Keno-Rules.png\",\"datePublished\":\"2024-11-13T17:29:31+00:00\",\"dateModified\":\"2024-12-04T13:41:13+00:00\",\"description\":\"Online Keno-regler och dess historia. Ett av de mest popul\u00e4ra spelen de senaste \u00e5ren. G\u00e5 med i oss och l\u00e4s mer om strategier och Keno-strategier.\",\"breadcrumb\":{\"@id\":\"https:\/\/casinoreturn.com\/sv\/regler-for-keno-online\/#breadcrumb\"},\"inLanguage\":\"sv-SE\",\"potentialAction\":[{\"@type\":\"ReadAction\",\"target\":[\"https:\/\/casinoreturn.com\/sv\/regler-for-keno-online\/\"]}]},{\"@type\":\"ImageObject\",\"inLanguage\":\"sv-SE\",\"@id\":\"https:\/\/casinoreturn.com\/sv\/regler-for-keno-online\/#primaryimage\",\"url\":\"https:\/\/casinoreturn.com\/wp-content\/uploads\/2024\/11\/Online-Keno-Rules.png\",\"contentUrl\":\"https:\/\/casinoreturn.com\/wp-content\/uploads\/2024\/11\/Online-Keno-Rules.png\"},{\"@type\":\"BreadcrumbList\",\"@id\":\"https:\/\/casinoreturn.com\/sv\/regler-for-keno-online\/#breadcrumb\",\"itemListElement\":[{\"@type\":\"ListItem\",\"position\":1,\"name\":\"Home\",\"item\":\"https:\/\/casinoreturn.com\/sv\/home\/\"},{\"@type\":\"ListItem\",\"position\":2,\"name\":\"Regler f\u00f6r Keno online\"}]},{\"@type\":\"WebSite\",\"@id\":\"https:\/\/casinoreturn.com\/#website\",\"url\":\"https:\/\/casinoreturn.com\/\",\"name\":\"casinoreturn\",\"description\":\"\",\"publisher\":{\"@id\":\"https:\/\/casinoreturn.com\/#organization\"},\"potentialAction\":[{\"@type\":\"SearchAction\",\"target\":{\"@type\":\"EntryPoint\",\"urlTemplate\":\"https:\/\/casinoreturn.com\/?s={search_term_string}\"},\"query-input\":{\"@type\":\"PropertyValueSpecification\",\"valueRequired\":true,\"valueName\":\"search_term_string\"}}],\"inLanguage\":\"sv-SE\"},{\"@type\":\"Organization\",\"@id\":\"https:\/\/casinoreturn.com\/#organization\",\"name\":\"casinoreturn\",\"url\":\"https:\/\/casinoreturn.com\/\",\"logo\":{\"@type\":\"ImageObject\",\"inLanguage\":\"sv-SE\",\"@id\":\"https:\/\/casinoreturn.com\/#\/schema\/logo\/image\/\",\"url\":\"https:\/\/casinoreturn.com\/wp-content\/uploads\/2024\/09\/animal-favicon.png\",\"contentUrl\":\"https:\/\/casinoreturn.com\/wp-content\/uploads\/2024\/09\/animal-favicon.png\",\"width\":92,\"height\":92,\"caption\":\"casinoreturn\"},\"image\":{\"@id\":\"https:\/\/casinoreturn.com\/#\/schema\/logo\/image\/\"}}]}<\/script>\n<!-- \/ Yoast SEO plugin. -->","yoast_head_json":{"title":"Regler f\u00f6r Keno online - casinoreturn","description":"Online Keno-regler och dess historia. Ett av de mest popul\u00e4ra spelen de senaste \u00e5ren. G\u00e5 med i oss och l\u00e4s mer om strategier och Keno-strategier.","robots":{"index":"index","follow":"follow","max-snippet":"max-snippet:-1","max-image-preview":"max-image-preview:large","max-video-preview":"max-video-preview:-1"},"canonical":"https:\/\/casinoreturn.com\/sv\/regler-for-keno-online\/","og_locale":"sv_SE","og_type":"article","og_title":"Regler f\u00f6r Keno online - casinoreturn","og_description":"Online Keno-regler och dess historia. Ett av de mest popul\u00e4ra spelen de senaste \u00e5ren. G\u00e5 med i oss och l\u00e4s mer om strategier och Keno-strategier.","og_url":"https:\/\/casinoreturn.com\/sv\/regler-for-keno-online\/","og_site_name":"casinoreturn","article_modified_time":"2024-12-04T13:41:13+00:00","og_image":[{"width":200,"height":200,"url":"https:\/\/casinoreturn.com\/wp-content\/uploads\/2024\/11\/Online-Keno-Rules.png","type":"image\/png"}],"twitter_card":"summary_large_image","twitter_misc":{"Ber\u00e4knad l\u00e4stid":"5 minuter"},"schema":{"@context":"https:\/\/schema.org","@graph":[{"@type":"WebPage","@id":"https:\/\/casinoreturn.com\/sv\/regler-for-keno-online\/","url":"https:\/\/casinoreturn.com\/sv\/regler-for-keno-online\/","name":"Regler f\u00f6r Keno online - casinoreturn","isPartOf":{"@id":"https:\/\/casinoreturn.com\/#website"},"primaryImageOfPage":{"@id":"https:\/\/casinoreturn.com\/sv\/regler-for-keno-online\/#primaryimage"},"image":{"@id":"https:\/\/casinoreturn.com\/sv\/regler-for-keno-online\/#primaryimage"},"thumbnailUrl":"https:\/\/casinoreturn.com\/wp-content\/uploads\/2024\/11\/Online-Keno-Rules.png","datePublished":"2024-11-13T17:29:31+00:00","dateModified":"2024-12-04T13:41:13+00:00","description":"Online Keno-regler och dess historia. Ett av de mest popul\u00e4ra spelen de senaste \u00e5ren. G\u00e5 med i oss och l\u00e4s mer om strategier och Keno-strategier.","breadcrumb":{"@id":"https:\/\/casinoreturn.com\/sv\/regler-for-keno-online\/#breadcrumb"},"inLanguage":"sv-SE","potentialAction":[{"@type":"ReadAction","target":["https:\/\/casinoreturn.com\/sv\/regler-for-keno-online\/"]}]},{"@type":"ImageObject","inLanguage":"sv-SE","@id":"https:\/\/casinoreturn.com\/sv\/regler-for-keno-online\/#primaryimage","url":"https:\/\/casinoreturn.com\/wp-content\/uploads\/2024\/11\/Online-Keno-Rules.png","contentUrl":"https:\/\/casinoreturn.com\/wp-content\/uploads\/2024\/11\/Online-Keno-Rules.png"},{"@type":"BreadcrumbList","@id":"https:\/\/casinoreturn.com\/sv\/regler-for-keno-online\/#breadcrumb","itemListElement":[{"@type":"ListItem","position":1,"name":"Home","item":"https:\/\/casinoreturn.com\/sv\/home\/"},{"@type":"ListItem","position":2,"name":"Regler f\u00f6r Keno online"}]},{"@type":"WebSite","@id":"https:\/\/casinoreturn.com\/#website","url":"https:\/\/casinoreturn.com\/","name":"casinoreturn","description":"","publisher":{"@id":"https:\/\/casinoreturn.com\/#organization"},"potentialAction":[{"@type":"SearchAction","target":{"@type":"EntryPoint","urlTemplate":"https:\/\/casinoreturn.com\/?s={search_term_string}"},"query-input":{"@type":"PropertyValueSpecification","valueRequired":true,"valueName":"search_term_string"}}],"inLanguage":"sv-SE"},{"@type":"Organization","@id":"https:\/\/casinoreturn.com\/#organization","name":"casinoreturn","url":"https:\/\/casinoreturn.com\/","logo":{"@type":"ImageObject","inLanguage":"sv-SE","@id":"https:\/\/casinoreturn.com\/#\/schema\/logo\/image\/","url":"https:\/\/casinoreturn.com\/wp-content\/uploads\/2024\/09\/animal-favicon.png","contentUrl":"https:\/\/casinoreturn.com\/wp-content\/uploads\/2024\/09\/animal-favicon.png","width":92,"height":92,"caption":"casinoreturn"},"image":{"@id":"https:\/\/casinoreturn.com\/#\/schema\/logo\/image\/"}}]}},"_links":{"self":[{"href":"https:\/\/casinoreturn.com\/sv\/wp-json\/wp\/v2\/pages\/5022","targetHints":{"allow":["GET"]}}],"collection":[{"href":"https:\/\/casinoreturn.com\/sv\/wp-json\/wp\/v2\/pages"}],"about":[{"href":"https:\/\/casinoreturn.com\/sv\/wp-json\/wp\/v2\/types\/page"}],"author":[{"embeddable":true,"href":"https:\/\/casinoreturn.com\/sv\/wp-json\/wp\/v2\/users\/1"}],"replies":[{"embeddable":true,"href":"https:\/\/casinoreturn.com\/sv\/wp-json\/wp\/v2\/comments?post=5022"}],"version-history":[{"count":1,"href":"https:\/\/casinoreturn.com\/sv\/wp-json\/wp\/v2\/pages\/5022\/revisions"}],"predecessor-version":[{"id":5023,"href":"https:\/\/casinoreturn.com\/sv\/wp-json\/wp\/v2\/pages\/5022\/revisions\/5023"}],"wp:attachment":[{"href":"https:\/\/casinoreturn.com\/sv\/wp-json\/wp\/v2\/media?parent=5022"}],"curies":[{"name":"wp","href":"https:\/\/api.w.org\/{rel}","templated":true}]}}